{"id":61680,"date":"2021-11-30T12:48:01","date_gmt":"2021-11-30T05:48:01","guid":{"rendered":"https:\/\/tivixiaomi.co\/?post_type=product&#038;p=61680"},"modified":"2023-01-23T13:55:06","modified_gmt":"2023-01-23T06:55:06","slug":"man-hinh-chieu-tia-laser-mijia-tv-dac-biet-chong-anh-sang","status":"publish","type":"product","link":"https:\/\/tivixiaomi.co\/en\/tivi\/man-hinh-chieu-tia-laser-mijia-tv-dac-biet-chong-anh-sang\/","title":{"rendered":"M\u00e0n chi\u1ebfu ch\u1ed1ng \u00e1nh s\u00e1ng Xiaomi"},"content":{"rendered":"<p>M\u00e0n h\u00ecnh si\u00eau l\u1edbn, si\u00eau l\u1edbn \u0111\u1ec3 \u0111\u00e1p \u1ee9ng \/ khung si\u00eau h\u1eb9p \/ phim quang h\u1ecdc 8 l\u1edbp ch\u1ee9c n\u0103ng \/ m\u00e0n h\u00ecnh v\u1ebd tranh t\u01b0\u1eddng thu\u1ea7n t\u00fay<\/p>\n","protected":false},"excerpt":{"rendered":"<p>M\u00e0n h\u00ecnh si\u00eau l\u1edbn, si\u00eau l\u1edbn \u0111\u1ec3 \u0111\u00e1p \u1ee9ng \/ khung si\u00eau h\u1eb9p \/ phim quang h\u1ecdc 8 l\u1edbp ch\u1ee9c n\u0103ng \/ m\u00e0n h\u00ecnh v\u1ebd tranh t\u01b0\u1eddng thu\u1ea7n t\u00fay<\/p>\n","protected":false},"featured_media":61681,"comment_status":"open","ping_status":"closed","template":"","meta":[],"product_brand":[],"product_cat":[291],"product_tag":[],"class_list":{"0":"post-61680","1":"product","2":"type-product","3":"status-publish","4":"has-post-thumbnail","6":"product_cat-may-chieu-xiaomi","8":"first","9":"instock","10":"sale","11":"shipping-taxable","12":"purchasable","13":"product-type-simple"},"_links":{"self":[{"href":"https:\/\/tivixiaomi.co\/en\/wp-json\/wp\/v2\/product\/61680"}],"collection":[{"href":"https:\/\/tivixiaomi.co\/en\/wp-json\/wp\/v2\/product"}],"about":[{"href":"https:\/\/tivixiaomi.co\/en\/wp-json\/wp\/v2\/types\/product"}],"replies":[{"embeddable":true,"href":"https:\/\/tivixiaomi.co\/en\/wp-json\/wp\/v2\/comments?post=61680"}],"version-history":[{"count":0,"href":"https:\/\/tivixiaomi.co\/en\/wp-json\/wp\/v2\/product\/61680\/revisions"}],"wp:featuredmedia":[{"embeddable":true,"href":"https:\/\/tivixiaomi.co\/en\/wp-json\/wp\/v2\/media\/61681"}],"wp:attachment":[{"href":"https:\/\/tivixiaomi.co\/en\/wp-json\/wp\/v2\/media?parent=61680"}],"wp:term":[{"taxonomy":"product_brand","embeddable":true,"href":"https:\/\/tivixiaomi.co\/en\/wp-json\/wp\/v2\/product_brand?post=61680"},{"taxonomy":"product_cat","embeddable":true,"href":"https:\/\/tivixiaomi.co\/en\/wp-json\/wp\/v2\/product_cat?post=61680"},{"taxonomy":"product_tag","embeddable":true,"href":"https:\/\/tivixiaomi.co\/en\/wp-json\/wp\/v2\/product_tag?post=61680"}],"curies":[{"name":"wp","href":"https:\/\/api.w.org\/{rel}","templated":true}]}}