{"id":61862,"date":"2021-12-29T20:21:01","date_gmt":"2021-12-29T13:21:01","guid":{"rendered":"https:\/\/tivixiaomi.co\/?post_type=product&#038;p=61862"},"modified":"2024-09-04T13:02:03","modified_gmt":"2024-09-04T06:02:03","slug":"mi-smart-projector-2","status":"publish","type":"product","link":"https:\/\/tivixiaomi.co\/en\/tivi\/mi-smart-projector-2\/","title":{"rendered":"M\u00e1y chi\u1ebfu mini Xiaomi Mi Smart Projector 2 (\u0111\u00e3 bao g\u1ed3m VAT)"},"content":{"rendered":"<h2 style=\"text-align: center\"><span class=\"xm-text header\" data-key=\"\" data-type=\"text\" data-id=\"79u5rsxr5y\">Mi Smart Projector 2<\/span><\/h2>\n<h3 style=\"text-align: center\"><img fetchpriority=\"high\" decoding=\"async\" class=\"wp-image-62470 size-full aligncenter\" title=\"R\u1ea1p chi\u1ebfu phim t\u1ea1i gia\" src=\"https:\/\/tivixiaomi.co\/wp-content\/uploads\/2021\/12\/Artboard-1@0.5x-100-2.jpg\" alt=\"\" width=\"1280\" height=\"772\" \/><\/h3>\n<h3 class=\"title style-scope ytd-video-primary-info-renderer\" style=\"text-align: center\">\u0110\u00e1nh gi\u00e1 chi ti\u1ebft M\u00e1y chi\u1ebfu mini Xiaomi Mi Smart Projector 2<\/h3>\n<p><iframe title=\"\u0110\u00e1nh gi\u00e1 Xiaomi Mi Smart Projector 2: r\u1ea1p chi\u1ebfu phim t\u1ea1i nh\u00e0 gi\u00e1 14,5 c\u1ee7\" width=\"640\" height=\"360\" src=\"https:\/\/www.youtube.com\/embed\/rKxXVyMisfM?feature=oembed\" frameborder=\"0\" allow=\"accelerometer; autoplay; clipboard-write; encrypted-media; gyroscope; picture-in-picture; web-share\" referrerpolicy=\"strict-origin-when-cross-origin\" allowfullscreen><\/iframe><\/p>\n<h3 style=\"text-align: center\">M\u00e0n h\u00ecnh t\u00f9y bi\u1ebfn nhi\u1ec1u g\u00f3c \u0111\u1ed9<\/h3>\n<p style=\"text-align: center\">Mi Smart projector 2 h\u1ed7 tr\u1ee3 h\u1ed7 tr\u1ee3 ch\u1ec9nh s\u1eeda h\u00ecnh \u1ea3nh t\u1ef1 \u0111\u1ed9ng \u0111a g\u00f3c tr\u00ean 3 tr\u1ee5c v\u00e0 6 h\u01b0\u1edbng \u0111\u1ec3 tr\u00ecnh di\u1ec5n m\u1ed9t m\u00e0n h\u00ecnh vu\u00f4ng ho\u00e0n h\u1ea3o<\/p>\n<p style=\"text-align: center\"><img decoding=\"async\" class=\"wp-image-62471 aligncenter\" src=\"https:\/\/tivixiaomi.co\/wp-content\/uploads\/2021\/12\/Artboard-14@0.5x-100.jpg\" alt=\"\" width=\"1024\" height=\"625\" \/><\/p>\n<h3 style=\"text-align: center\">Trung t\u00e2m \u0111i\u1ec1u khi\u1ec3n th\u00f4ng minh cho ng\u00f4i nh\u00e0 c\u1ee7a b\u1ea1n<\/h3>\n<p style=\"text-align: center\">S\u1eed d\u1ee5ng gi\u1ecdng n\u00f3i c\u1ee7a b\u1ea1n \u0111\u1ec3 t\u00ecm ki\u1ebfm ch\u01b0\u01a1ng tr\u00ecnh, \u0111i\u1ec1u khi\u1ec3n m\u00e1y chi\u1ebfu v\u00e0 c\u00e1c thi\u1ebft b\u1ecb gia \u0111\u00ecnh th\u00f4ng minh, \u0111\u1eb7t c\u00e2u h\u1ecfi v\u00e0 nhi\u1ec1u t\u00ednh n\u0103ng th\u00f4ng minh kh\u00e1c \u0111\u01b0\u1ee3c k\u00edch ho\u1ea1t b\u1eb1ng n\u00fat \u0111i\u1ec1u khi\u1ec3n tr\u1ee3 l\u00fd \u1ea3o Google<br \/>\n( Y\u00eau c\u1ea7u c\u00e1c thi\u1ebft b\u1ecb t\u01b0\u01a1ng th\u00edch h\u1ed7 tr\u1ee3 tr\u1ee3 l\u00fd Google )<\/p>\n<p style=\"text-align: center\"><img decoding=\"async\" class=\"wp-image-62472 size-full aligncenter\" title=\"Tr\u1ee3 l\u00fd \u1ea3o \u0111i\u1ec1u khi\u1ec3n thi\u1ebft b\u1ecb gia \u0111\u00ecnh th\u00f4ng minh\" src=\"https:\/\/tivixiaomi.co\/wp-content\/uploads\/2021\/12\/Artboard-7@0.5x-100-1.jpg\" alt=\"\" width=\"1280\" height=\"618\" \/><\/p>\n<h3 style=\"text-align: center\">H\u00ecnh \u1ea3nh s\u1eafc n\u00e9t nh\u1edd t\u00ednh n\u1eafng t\u1ef1 \u0111\u1ed9ng c\u0103n ch\u1ec9nh l\u1ea5y n\u00e9t<\/h3>\n<p style=\"text-align: center\">C\u1ea3m bi\u1ebfn m\u00e1y chi\u00eau c\u00f3 \u0111\u1ed9 nh\u1ea1y cao c\u1ea3i thi\u1ec7n t\u1ed1c \u0111\u1ed9 l\u1ea5y n\u00e9t, ng\u0103n ch\u1eb7n hi\u1ec7n t\u01b0\u1ee3ng m\u1ea5t n\u00e9t do nhi\u1ec7t \u0111\u1ed9 t\u0103ng trong qu\u00e1 tr\u00ecnh s\u1eed d\u1ee5ng l\u00e2u, \u0111\u1ea3m b\u1ea3o h\u00ecnh \u1ea3nh lu\u00f4n \u1edf ch\u1ea5t l\u01b0\u1ee3ng t\u1ed1t nh\u1ea5t<\/p>\n<p style=\"text-align: center\"><img loading=\"lazy\" decoding=\"async\" class=\"wp-image-62473 size-full aligncenter\" title=\"T\u1ef1 \u0111\u1ed9ng c\u00e2n ch\u1ec9nh l\u1ea5y n\u00e9t\" src=\"https:\/\/tivixiaomi.co\/wp-content\/uploads\/2021\/12\/Artboard-12@0.5x-100.jpg\" alt=\"\" width=\"858\" height=\"460\" \/><\/p>\n<h3 style=\"text-align: center\">C\u00f4ng ngh\u1ec7 c\u1ea3i thi\u1ec7n \u0111\u1ed9 s\u00e1ng LED RGD+BP Four-Channel<\/h3>\n<p style=\"text-align: center\">So v\u1edbi chi\u1ebfu \u0111\u00e8n LED ba k\u00eanh truy\u1ec1n th\u1ed1ng, th\u00f4ng qua vi\u1ec7c th\u00eam m\u1ed9t k\u00eanh \u00e1nh s\u00e1ng xanh, gam m\u00e0u Rec.709 t\u0103ng 154% \u0111\u1ec3 m\u00e0u s\u1eafc ch\u00e2n th\u1ef1c h\u01a1n. K\u00e8m t\u00ednh n\u0103ng h\u1ed7 tr\u1ee3 gi\u1ea3i m\u00e3 HDR10<\/p>\n<p style=\"text-align: center\"><img loading=\"lazy\" decoding=\"async\" class=\"wp-image-62474 size-full aligncenter\" title=\"C\u00f4ng ngh\u1ec7 LED RGD+BP Four- Channel\" src=\"https:\/\/tivixiaomi.co\/wp-content\/uploads\/2021\/12\/Artboard-2@0.5x-100-1.jpg\" alt=\"\" width=\"1280\" height=\"855\" \/><\/p>\n<h3 style=\"text-align: center\">\u0110\u1ed9 ph\u00e2n gi\u1ea3i 1080p, cho \u0111\u1ed9 n\u00e9t cao<\/h3>\n<p style=\"text-align: center\">V\u1edbi \u0111\u1ed9 ph\u00e2n gi\u1ea3i 1920&#215;1080 Full HD ( 1080 ), <a href=\"https:\/\/tivixiaomi.co\/san-pham\/mi-smart-projector-2\/\">Mi Smart Projector 2<\/a> tr\u00ecnh chi\u1ebfu h\u00ecnh \u1ea3nh \u0111\u1ed9 ph\u00e2n gi\u1ea3i cao<\/p>\n<p style=\"text-align: center\"><img loading=\"lazy\" decoding=\"async\" class=\"wp-image-62475 size-full aligncenter\" title=\"\u0110\u1ed9 ph\u00e2n gi\u1ea3i 1080p\" src=\"https:\/\/tivixiaomi.co\/wp-content\/uploads\/2021\/12\/Artboard-3@0.5x-100-1.jpg\" alt=\"\" width=\"1280\" height=\"632\" \/><\/p>\n<h3 style=\"text-align: center\">\u00c2m thanh l\u00e0m vi\u1ec7c c\u1ef1c y\u00ean t\u0129nh ch\u1ec9 28dB<\/h3>\n<p style=\"text-align: center\">B\u1eb1ng c\u00e1ch duy tr\u00ec \u00e2m th\u00e0nh \u1edf m\u1ee9c d\u01b0\u1edbi 28dB trong \u0111i\u1ec1u ki\u1ec7n ho\u1ea1t \u0111\u1ed9ng b\u00ecnh th\u01b0\u1eddng, s\u1ebd kh\u00f4ng l\u00e0m \u1ea3nh h\u01b0\u1edfng \u0111\u1ebfn tr\u1ea3i nghi\u1ec7m xem c\u1ee7a b\u1ea1n<\/p>\n<p style=\"text-align: center\"><img loading=\"lazy\" decoding=\"async\" class=\"wp-image-62547 size-large aligncenter\" src=\"https:\/\/tivixiaomi.co\/wp-content\/uploads\/2021\/12\/6e8d92aee2504b3dd934bfa6b169a044-1024x608.jpeg\" alt=\"M\u00e1y chi\u1ebfu mini Xiaomi Mi Smart Projector 2 (\u0111\u00e3 bao g\u1ed3m VAT)\" width=\"1024\" height=\"608\" srcset=\"https:\/\/tivixiaomi.co\/wp-content\/uploads\/2021\/12\/6e8d92aee2504b3dd934bfa6b169a044-1024x608.jpeg 1024w, https:\/\/tivixiaomi.co\/wp-content\/uploads\/2021\/12\/6e8d92aee2504b3dd934bfa6b169a044-jpeg-150x89.webp 150w, https:\/\/tivixiaomi.co\/wp-content\/uploads\/2021\/12\/6e8d92aee2504b3dd934bfa6b169a044-600x356.jpeg 600w, https:\/\/tivixiaomi.co\/wp-content\/uploads\/2021\/12\/6e8d92aee2504b3dd934bfa6b169a044-300x178.jpeg 300w, https:\/\/tivixiaomi.co\/wp-content\/uploads\/2021\/12\/6e8d92aee2504b3dd934bfa6b169a044-768x456.jpeg 768w, https:\/\/tivixiaomi.co\/wp-content\/uploads\/2021\/12\/6e8d92aee2504b3dd934bfa6b169a044-1536x913.jpeg 1536w, https:\/\/tivixiaomi.co\/wp-content\/uploads\/2021\/12\/6e8d92aee2504b3dd934bfa6b169a044-jpeg.webp 1892w\" sizes=\"(max-width: 1024px) 100vw, 1024px\" \/><\/p>\n<h3 style=\"text-align: center\">C\u00f4ng ngh\u1ec7 ph\u1ea3n x\u1ea1 khu\u1ebfch t\u00e1n \u00e1nh s\u00e1ng<\/h3>\n<p style=\"text-align: center\"><a href=\"https:\/\/tivixiaomi.co\/san-pham\/mi-smart-projector-2\/\">M\u00e1y chi\u1ebfu mini Xiaomi<\/a> s\u1eed d\u1ee5ng c\u00f4ng ngh\u1ec7 ph\u1ea3n x\u1ea1 khu\u1ebfch t\u00e1n \u00e1nh s\u00e1ng cao c\u1ea5p, kh\u00f4ng gi\u1ed1ng nh\u01b0 tivi LCD truy\u1ec1n th\u1ed1ng truy\u1ec1n \u00e1nh s\u00e1ng tr\u1ef1c ti\u1ebfp \u0111\u1ebfn m\u1eaft b\u1ea1n. C\u00f4ng ngh\u1ec7 ph\u1ea3n x\u1ea1 khu\u1ebfch t\u00e1n cho ng\u01b0\u1eddi xem tr\u1ea3i nghi\u1ec7m an to\u00e0n cho m\u1eaft, kh\u00f4ng g\u00e2y m\u1ecfi ph\u00f9 h\u1ee3p v\u1edbi ng\u01b0\u1eddi gi\u00e0 v\u00e0 tr\u1ebb em<\/p>\n<p style=\"text-align: center\"><img loading=\"lazy\" decoding=\"async\" class=\"wp-image-62477 size-full aligncenter\" title=\"C\u00f4ng ngh\u1ec7 ph\u1ea3n x\u1ea1 khu\u1ebfch t\u00e1n \u00e1nh s\u00e1ng\" src=\"https:\/\/tivixiaomi.co\/wp-content\/uploads\/2021\/12\/Artboard-4@0.5x-100-1.jpg\" alt=\"\" width=\"1280\" height=\"834\" \/><\/p>\n<p style=\"text-align: center\"><img loading=\"lazy\" decoding=\"async\" class=\"wp-image-62478 size-full aligncenter\" title=\"T\u1ec9 l\u1ec7 m\u00e0n chi\u1ebfu 1.2:1\" src=\"https:\/\/tivixiaomi.co\/wp-content\/uploads\/2021\/12\/Artboard-5@0.5x-100-1.jpg\" alt=\"\" width=\"1280\" height=\"776\" \/><\/p>\n<h3 style=\"text-align: center\">Tr\u1ea3i nghi\u1ec7m r\u1ea1p chi\u1ebfu phim t\u1ea1i nh\u00e0<\/h3>\n<p style=\"text-align: center\">Mi Smart Projector 2 \u0111\u01b0\u1ee3c \u0111i\u1ec1u ch\u1ec9nh kh\u1ed1i l\u01b0\u1ee3ng v\u00e0 k\u00edch th\u01b0\u1edbc ph\u00f9 h\u1ee3p v\u1edbi m\u1ecdi kh\u00f4ng gian. C\u1ea5u tr\u00fac t\u00edch h\u1ee3p c\u1ee7a khoang \u00e2m thanh l\u1edbn v\u00e0 \u1ed1ng d\u1eabn \u00e2m d\u00e0i \u0111\u1ea3m b\u1ea3o ch\u1ea5t \u00e2m chu\u1ea9n t\u1eeb ngu\u1ed3n ph\u00e1t. T\u1ea7n s\u1ed1 c\u0169ng c\u00f3 th\u1ec3 gi\u1ea3m th\u1ea5p xu\u1ed1ng d\u01b0\u1edbi 90Hz. K\u1ebft n\u1ed1i th\u00f4ng minh v\u1edbi chu\u1ea9n Bluetooth m\u1edbi nh\u1ea5t cho s\u1ef1 li\u1ec1n m\u1ea1ch v\u00e0 tr\u1ea3i nghi\u1ec7m ho\u00e0n h\u1ea3o<\/p>\n<p style=\"text-align: center\"><img loading=\"lazy\" decoding=\"async\" class=\"wp-image-62546 size-large aligncenter\" src=\"https:\/\/tivixiaomi.co\/wp-content\/uploads\/2021\/12\/554135d56fa5e4cb644d89df74609ecd-1024x430.jpeg\" alt=\"M\u00e1y chi\u1ebfu mini Xiaomi Mi Smart Projector 2 (\u0111\u00e3 bao g\u1ed3m VAT)\" width=\"1024\" height=\"430\" srcset=\"https:\/\/tivixiaomi.co\/wp-content\/uploads\/2021\/12\/554135d56fa5e4cb644d89df74609ecd-1024x430.jpeg 1024w, https:\/\/tivixiaomi.co\/wp-content\/uploads\/2021\/12\/554135d56fa5e4cb644d89df74609ecd-150x63.jpeg 150w, https:\/\/tivixiaomi.co\/wp-content\/uploads\/2021\/12\/554135d56fa5e4cb644d89df74609ecd-600x252.jpeg 600w, https:\/\/tivixiaomi.co\/wp-content\/uploads\/2021\/12\/554135d56fa5e4cb644d89df74609ecd-300x126.jpeg 300w, https:\/\/tivixiaomi.co\/wp-content\/uploads\/2021\/12\/554135d56fa5e4cb644d89df74609ecd-768x322.jpeg 768w, https:\/\/tivixiaomi.co\/wp-content\/uploads\/2021\/12\/554135d56fa5e4cb644d89df74609ecd-1536x645.jpeg 1536w, https:\/\/tivixiaomi.co\/wp-content\/uploads\/2021\/12\/554135d56fa5e4cb644d89df74609ecd.jpeg 1892w\" sizes=\"(max-width: 1024px) 100vw, 1024px\" \/><\/p>\n<h3 style=\"text-align: center\">\u0110\u1eafm ch\u00ecm trong kh\u00f4ng gian \u00e2m thanh s\u1ed1ng \u0111\u1ed9ng<\/h3>\n<p style=\"text-align: center\">\u00c2m thanh t\u1ed5ng th\u1ec3 \u0111\u01b0\u1ee3c hi\u1ec7u ch\u1ec9nh s\u00e2u, <strong>Mi Smart Projector 2<\/strong> s\u1eed d\u1ee5ng \u00e2m thanh v\u00f2m \u1ea3o k\u1ebft h\u1ee3p gi\u1ea3i m\u00e3 Dolby. T\u00e1i t\u1ea1o \u00e2m thanh m\u1ed9t c\u00e1ch ho\u00e0n h\u1ea3o cho b\u1ea1n tr\u1ea3i nghi\u1ec7m nh\u01b0 th\u1ef1c t\u1ebf s\u1ed1ng \u0111\u1ed9ng<\/p>\n<p style=\"text-align: center\"><img loading=\"lazy\" decoding=\"async\" class=\"wp-image-62545 size-large aligncenter\" src=\"https:\/\/tivixiaomi.co\/wp-content\/uploads\/2021\/12\/378a104e797225f35fc0497e833361fe-1024x462.jpeg\" alt=\"\" width=\"1024\" height=\"462\" srcset=\"https:\/\/tivixiaomi.co\/wp-content\/uploads\/2021\/12\/378a104e797225f35fc0497e833361fe-1024x462.jpeg 1024w, https:\/\/tivixiaomi.co\/wp-content\/uploads\/2021\/12\/378a104e797225f35fc0497e833361fe-jpeg-150x68.webp 150w, https:\/\/tivixiaomi.co\/wp-content\/uploads\/2021\/12\/378a104e797225f35fc0497e833361fe-600x271.jpeg 600w, https:\/\/tivixiaomi.co\/wp-content\/uploads\/2021\/12\/378a104e797225f35fc0497e833361fe-300x135.jpeg 300w, https:\/\/tivixiaomi.co\/wp-content\/uploads\/2021\/12\/378a104e797225f35fc0497e833361fe-768x347.jpeg 768w, https:\/\/tivixiaomi.co\/wp-content\/uploads\/2021\/12\/378a104e797225f35fc0497e833361fe-1536x693.jpeg 1536w, https:\/\/tivixiaomi.co\/wp-content\/uploads\/2021\/12\/378a104e797225f35fc0497e833361fe-jpeg.webp 1892w\" sizes=\"(max-width: 1024px) 100vw, 1024px\" \/><\/p>\n<h3 style=\"text-align: center\">T\u1eadn h\u01b0\u1edfng gi\u1ea3i tr\u00ed th\u00f4ng minh<\/h3>\n<p style=\"text-align: center\">\u0110\u01a1n gi\u1ea3n h\u00f3a tr\u1ea3i nghi\u1ec7m gi\u1ea3i tr\u00ed c\u1ee7a b\u1ea1n v\u1edbi <span class=\"Y2IQFc\" lang=\"vi\">Android TV\u2122. Truy c\u1eadp h\u00e0ng ngh\u00ecn b\u1ed9 phim v\u00e0 ch\u01b0\u01a1ng tr\u00ecnh t\u1eeb nhi\u1ec1u n\u1ec1n t\u1ea3ng kh\u00e1c nhau \u1edf m\u1ecdi n\u01a1i.<\/span><\/p>\n<p style=\"text-align: center\"><span class=\"Y2IQFc\" lang=\"vi\"><img loading=\"lazy\" decoding=\"async\" class=\"wp-image-62481 size-full aligncenter\" title=\"Gi\u1ea3i tr\u00ed th\u00f4ng minh\" src=\"https:\/\/tivixiaomi.co\/wp-content\/uploads\/2021\/12\/Artboard-8@0.5x-100-1.jpg\" alt=\"\" width=\"1280\" height=\"733\" \/><\/span><\/p>\n<h3 style=\"text-align: center\">\u0110a d\u1ea1ng c\u1ed5ng k\u1ebft n\u1ed1i<\/h3>\n<p style=\"text-align: center\"><span class=\"Y2IQFc\" lang=\"vi\">V\u1edbi m\u1ed9t c\u1ed5ng HDMI 2.0, m\u1ed9t c\u1ed5ng USB 2.0 v\u00e0 m\u1ed9t c\u1ed5ng tai nghe, <a href=\"https:\/\/tivixiaomi.co\/danh-muc\/may-chieu-xiaomi\/\">M\u00e1y Chi\u1ebfu Xiaomi<\/a> h\u1ed7 tr\u1ee3 \u0111\u1ea7u v\u00e0o 4K v\u00e0 ho\u1ea1t \u0111\u1ed9ng v\u1edbi \u1ed5 c\u1ee9ng, b\u1ea3ng \u0111i\u1ec1u khi\u1ec3n tr\u00f2 ch\u01a1i, micr\u00f4 v\u00e0 c\u00e1c c\u1ed5ng k\u1ebft n\u1ed1i chuy\u00ean d\u1ee5ng kh\u00e1c, cho nhu c\u1ea7u gi\u1ea3i tr\u00ed c\u1ee7a b\u1ea1n tr\u1edf n\u00ean ho\u00e0n h\u1ea3o.<\/span><\/p>\n<p style=\"text-align: center\"><img loading=\"lazy\" decoding=\"async\" class=\"wp-image-62544 size-large aligncenter\" src=\"https:\/\/tivixiaomi.co\/wp-content\/uploads\/2021\/12\/e289b78e1ab74194ff99d300b519b113-1024x424.jpeg\" alt=\"M\u00e1y chi\u1ebfu mini Xiaomi Mi Smart Projector 2 (\u0111\u00e3 bao g\u1ed3m VAT)\" width=\"1024\" height=\"424\" srcset=\"https:\/\/tivixiaomi.co\/wp-content\/uploads\/2021\/12\/e289b78e1ab74194ff99d300b519b113-1024x424.jpeg 1024w, https:\/\/tivixiaomi.co\/wp-content\/uploads\/2021\/12\/e289b78e1ab74194ff99d300b519b113-jpeg-150x62.webp 150w, https:\/\/tivixiaomi.co\/wp-content\/uploads\/2021\/12\/e289b78e1ab74194ff99d300b519b113-600x249.jpeg 600w, https:\/\/tivixiaomi.co\/wp-content\/uploads\/2021\/12\/e289b78e1ab74194ff99d300b519b113-300x124.jpeg 300w, https:\/\/tivixiaomi.co\/wp-content\/uploads\/2021\/12\/e289b78e1ab74194ff99d300b519b113-768x318.jpeg 768w, https:\/\/tivixiaomi.co\/wp-content\/uploads\/2021\/12\/e289b78e1ab74194ff99d300b519b113-1536x636.jpeg 1536w, https:\/\/tivixiaomi.co\/wp-content\/uploads\/2021\/12\/e289b78e1ab74194ff99d300b519b113-jpeg.webp 1892w\" sizes=\"(max-width: 1024px) 100vw, 1024px\" \/><\/p>\n<h3 style=\"text-align: center\">Nh\u1ecf g\u1ecdn nh\u01b0 m\u1ed9t t\u00e1c ph\u1ea9m ngh\u1ec7 thu\u1eadt<\/h3>\n<p style=\"text-align: center\"><span class=\"Y2IQFc\" lang=\"vi\">V\u1edbi k\u00edch th\u01b0\u1edbc th\u00e2n m\u00e1y l\u00e0 115x150x150mm v\u00e0 \u0111\u01b0\u1ee3c bao ph\u1ee7 b\u1edfi ch\u1ea5t li\u1ec7u v\u1ea3i \u1edf m\u1eb7t tr\u01b0\u1edbc, t\u1ea1o n\u00ean m\u1ed9t n\u00e9t ngh\u1ec7 thu\u1eadt ho\u00e0n h\u1ea3o cho ng\u00f4i nh\u00e0 c\u1ee7a b\u1ea1n. V\u1edbi tr\u1ecdng l\u01b0\u1ee3ng ch\u1ec9 1,3kg, b\u1ea1n c\u00f3 th\u1ec3 nh\u1ea5c m\u00e1y v\u00e0 di chuy\u1ec3n b\u1ea5t c\u1ee9 khi n\u00e0o c\u1ea7n<\/span><\/p>\n<p style=\"text-align: center\"><span class=\"Y2IQFc\" lang=\"vi\"><img loading=\"lazy\" decoding=\"async\" class=\"wp-image-62483 size-full aligncenter\" title=\"Thi\u1ebft k\u1ebf tinh t\u1ebf\" src=\"https:\/\/tivixiaomi.co\/wp-content\/uploads\/2021\/12\/Artboard-6@0.5x-100-1.jpg\" alt=\"\" width=\"1280\" height=\"797\" \/><\/span><\/p>\n<p style=\"text-align: center\"><span class=\"Y2IQFc\" lang=\"vi\"><img loading=\"lazy\" decoding=\"async\" class=\"size-full wp-image-62486 aligncenter\" src=\"https:\/\/tivixiaomi.co\/wp-content\/uploads\/2021\/12\/DSC09766.jpg\" alt=\"\" width=\"1350\" height=\"760\" \/><\/span><\/p>\n<p style=\"text-align: center\"><span class=\"Y2IQFc\" lang=\"vi\"> <img loading=\"lazy\" decoding=\"async\" class=\"size-full wp-image-62485 aligncenter\" src=\"https:\/\/tivixiaomi.co\/wp-content\/uploads\/2021\/12\/DSC09744.jpg\" alt=\"\" width=\"1350\" height=\"760\" \/><\/span><\/p>\n<p style=\"text-align: center\"><span class=\"Y2IQFc\" lang=\"vi\"><img loading=\"lazy\" decoding=\"async\" class=\"wp-image-62484 aligncenter\" src=\"https:\/\/tivixiaomi.co\/wp-content\/uploads\/2021\/12\/DSC09660.jpg\" alt=\"\" width=\"1355\" height=\"763\" \/><\/span><\/p>\n<p style=\"text-align: left\">Ghi ch\u00fa:<\/p>\n<ul>\n<li style=\"text-align: left\"><span class=\"xm-text \" data-key=\"note_2\" data-type=\"text\" data-id=\"383514f837\">M\u00e0n h\u00ecnh c\u00f3 th\u1ec3 c\u00f3 k\u00edch th\u01b0\u1edbc b\u1ea5t k\u1ef3 t\u1eeb 60 &#8220;\u0111\u1ebfn 120&#8221;; kho\u1ea3ng c\u00e1ch v\u00e0 di\u1ec7n t\u00edch h\u00ecnh chi\u1ebfu \u0111\u01b0\u1ee3c suy ra d\u1ef1a tr\u00ean c\u00e1c ph\u00e9p t\u00ednh g\u1ea7n \u0111\u00fang l\u00fd thuy\u1ebft. D\u1eef li\u1ec7u th\u1ef1c t\u1ebf c\u00f3 th\u1ec3 thay \u0111\u1ed5i m\u1ed9t ch\u00fat.<\/span><\/li>\n<li style=\"text-align: left\"><span class=\"xm-text \" data-key=\"note_3\" data-type=\"text\" data-id=\"82fa36a9ac\">Ph\u1ea1m vi \u0111i\u1ec1u ch\u1ec9nh keystone t\u1ef1 \u0111\u1ed9ng nhi\u1ec1u g\u00f3c l\u00e0 \u00b1 45 \u00b0 cho tr\u1ee5c X v\u00e0 Y v\u00e0 \u00b1 15 \u00b0 cho tr\u1ee5c Z.<\/span><\/li>\n<li style=\"text-align: left\"><span class=\"xm-text \" data-key=\"note_4\" data-type=\"text\" data-id=\"6b1894495e\">Tr\u1ee3 l\u00fd Google kh\u00f4ng kh\u1ea3 d\u1ee5ng \u1edf m\u1ed9t s\u1ed1 qu\u1ed1c gia v\u00e0 ng\u00f4n ng\u1eef nh\u1ea5t \u0111\u1ecbnh.<\/span><\/li>\n<li style=\"text-align: left\"><span class=\"xm-text \" data-key=\"note_5\" data-type=\"text\" data-id=\"a91076b4bd\">\u0110\u1ed9 s\u00e1ng, gam m\u00e0u v\u00e0 gi\u00e1 tr\u1ecb ti\u1ebfng \u1ed3n \u0111\u01b0\u1ee3c ch\u1ee9ng nh\u1eadn b\u1edfi C\u00f4ng ty TNHH D\u1ecbch v\u1ee5 K\u1ef9 thu\u1eadt Th\u1eed nghi\u1ec7m CQC B\u1eafc Kinh, theo b\u00e1o c\u00e1o s\u1ed1: CQCTS-212761.<\/span><\/li>\n<li style=\"text-align: left\"><span class=\"xm-text \" data-key=\"note_6\" data-type=\"text\" data-id=\"3ca1c83c33\"><span class=\"goog-text-highlight\">Hi\u1ec7u chu\u1ea9n ch\u00ednh: Wang Fuyu, Gi\u00e1m \u0111\u1ed1c Mi TV Acoustics \u0111\u00e3 th\u1ef1c hi\u1ec7n c\u00e1c b\u00e0i ki\u1ec3m tra hi\u1ec7u chu\u1ea9n.<\/span><\/span><\/li>\n<li style=\"text-align: left\"><span class=\"xm-text \" data-key=\"note_7\" data-type=\"text\" data-id=\"acf0177d64\">Ch\u1ee9ng nh\u1eadn Dolby Audio \u2122 No: # 660787<\/span><\/li>\n<li style=\"text-align: left\"><span class=\"xm-text \" data-key=\"note_8\" data-type=\"text\" data-id=\"6a4f22782f\">T\u1ea5t c\u1ea3 d\u1eef li\u1ec7u hi\u1ec3n th\u1ecb \u1edf tr\u00ean \u0111\u00e3 \u0111\u01b0\u1ee3c Ph\u00f2ng th\u00ed nghi\u1ec7m Formovie ki\u1ec3m tra tr\u1eeb khi c\u00f3 quy \u0111\u1ecbnh kh\u00e1c. V\u00ec t\u1ea5t c\u1ea3 c\u00e1c m\u00f4i tr\u01b0\u1eddng v\u1eadt l\u00fd \u0111\u1ec1u kh\u00e1c nhau, n\u00ean d\u1eef li\u1ec7u th\u1eed nghi\u1ec7m c\u00f3 th\u1ec3 kh\u00e1c v\u1edbi d\u1eef li\u1ec7u th\u1ef1c t\u1ebf.<\/span><\/li>\n<li style=\"text-align: left\"><span class=\"xm-text \" data-key=\"note_9\" data-type=\"text\" data-id=\"31aba4d3d3\">H\u00ecnh \u1ea3nh ch\u1ec9 nh\u1eb1m m\u1ee5c \u0111\u00edch minh h\u1ecda. T\u00e1c d\u1ee5ng th\u1ef1c t\u1ebf c\u00f3 th\u1ec3 kh\u00e1c nhau t\u00f9y thu\u1ed9c v\u00e0o t\u1eebng s\u1ea3n ph\u1ea9m c\u1ee5 th\u1ec3.<\/span><\/li>\n<\/ul>\n","protected":false},"excerpt":{"rendered":"<div class=\"\" data-block=\"true\" data-editor=\"4pasn\" data-offset-key=\"f1nok-0-0\">\n<ul>\n<li class=\"_1mf _1mj\" data-offset-key=\"f1nok-0-0\"><span data-offset-key=\"f1nok-0-0\">C\u01a1 h\u1ed9i \u0111\u1ec3 fan ph\u00ea phim tr\u1ea3i nghi\u1ec7m \u0111i\u1ec7n \u1ea3nh kh\u1eafp m\u1ecdi n\u01a1i khi s\u1eafm M\u00e1y chi\u1ebfu mini Xiaomi v\u1edbi k\u00edch th\u01b0\u1edbc tr\u00ecnh chi\u1ebfu l\u00ean \u0111\u1ebfn 120 inch, ti\u1ebfp c\u1eadn h\u00e0ng ng\u00e0n n\u1ed9i dung th\u00f4ng qua Android TV v\u00e0 \u00e2m thanh Dolby Audio \u0111\u1eafm ch\u00ecm.<\/span><\/li>\n<li data-offset-key=\"f1nok-0-0\">B\u1ea3o h\u00e0nh\u00a0<b>ch\u00ednh h\u00e3ng 1 n\u0103m<\/b>\u00a0t\u1ea1i c\u00e1c trung t\u00e2m b\u1ea3o h\u00e0nh h\u00e3ng\u00a0<a title=\"Ch\u00ednh s\u00e1ch b\u1ea3o h\u00e0nh\" href=\"https:\/\/tivixiaomi.co\/chinh-sach-bao-hanh-va-doi-tra\/\" target=\"_blank\" rel=\"noopener\">Xem \u0111\u1ecba ch\u1ec9 b\u1ea3o h\u00e0nh<\/a><\/li>\n<li data-offset-key=\"f1nok-0-0\">G\u1ecdi \u0111\u1eb7t mua 0984-311-230 (8:30 \u2013 22:00)<\/li>\n<\/ul>\n<\/div>\n","protected":false},"featured_media":62283,"comment_status":"open","ping_status":"closed","template":"","meta":[],"product_brand":[],"product_cat":[291],"product_tag":[],"class_list":{"0":"post-61862","1":"product","2":"type-product","3":"status-publish","4":"has-post-thumbnail","6":"product_cat-may-chieu-xiaomi","8":"first","9":"instock","10":"sale","11":"shipping-taxable","12":"purchasable","13":"product-type-simple"},"_links":{"self":[{"href":"https:\/\/tivixiaomi.co\/en\/wp-json\/wp\/v2\/product\/61862"}],"collection":[{"href":"https:\/\/tivixiaomi.co\/en\/wp-json\/wp\/v2\/product"}],"about":[{"href":"https:\/\/tivixiaomi.co\/en\/wp-json\/wp\/v2\/types\/product"}],"replies":[{"embeddable":true,"href":"https:\/\/tivixiaomi.co\/en\/wp-json\/wp\/v2\/comments?post=61862"}],"version-history":[{"count":0,"href":"https:\/\/tivixiaomi.co\/en\/wp-json\/wp\/v2\/product\/61862\/revisions"}],"wp:featuredmedia":[{"embeddable":true,"href":"https:\/\/tivixiaomi.co\/en\/wp-json\/wp\/v2\/media\/62283"}],"wp:attachment":[{"href":"https:\/\/tivixiaomi.co\/en\/wp-json\/wp\/v2\/media?parent=61862"}],"wp:term":[{"taxonomy":"product_brand","embeddable":true,"href":"https:\/\/tivixiaomi.co\/en\/wp-json\/wp\/v2\/product_brand?post=61862"},{"taxonomy":"product_cat","embeddable":true,"href":"https:\/\/tivixiaomi.co\/en\/wp-json\/wp\/v2\/product_cat?post=61862"},{"taxonomy":"product_tag","embeddable":true,"href":"https:\/\/tivixiaomi.co\/en\/wp-json\/wp\/v2\/product_tag?post=61862"}],"curies":[{"name":"wp","href":"https:\/\/api.w.org\/{rel}","templated":true}]}}