{"id":62364,"date":"2022-03-05T12:21:11","date_gmt":"2022-03-05T05:21:11","guid":{"rendered":"https:\/\/tivixiaomi.co\/?post_type=product&#038;p=62364"},"modified":"2024-09-08T11:55:10","modified_gmt":"2024-09-08T04:55:10","slug":"may-hut-mui-xiaomi-viomi-cross2-x1-cxw-260-vk712","status":"publish","type":"product","link":"https:\/\/tivixiaomi.co\/en\/tivi\/may-hut-mui-xiaomi-viomi-cross2-x1-cxw-260-vk712\/","title":{"rendered":"M\u00e1y h\u00fat m\u00f9i Xiaomi Viomi Cross2 X1 CXW-260-VK712"},"content":{"rendered":"","protected":false},"excerpt":{"rendered":"<ul>\n<li>M\u00e1y h\u00fat m\u00f9i Xiaomi Viomi CXW-260-VK712 gi\u00e1 t\u1ed1t, s\u1eed d\u1ee5ng ph\u00f9 h\u1ee3p cho m\u1ecdi gian b\u1ebfp, b\u1ea3o v\u1ec7 s\u1ee9c kh\u1ecfe gia \u0111\u00ecnh b\u1ea1n, s\u1ea3n ph\u1ea9m cao c\u1ea5p, ch\u00ednh h\u00e3ng, giao h\u00e0ng, l\u1eafp \u0111\u1eb7t mi\u1ec5n ph\u00ed nhanh ch\u00f3ng<\/li>\n<li>Mi\u1ec5n ph\u00ed v\u1eadn chuy\u1ec3n<\/li>\n<li>Mi\u1ec5n ph\u00ed l\u1eafp \u0111\u1eb7t<\/li>\n<\/ul>\n","protected":false},"featured_media":62365,"comment_status":"open","ping_status":"closed","template":"","meta":[],"product_brand":[],"product_cat":[378,27],"product_tag":[],"class_list":{"0":"post-62364","1":"product","2":"type-product","3":"status-publish","4":"has-post-thumbnail","6":"product_cat-may-hut-mui-xiaomi-viomi","7":"product_cat-chua-phan-loai","9":"first","10":"instock","11":"sale","12":"shipping-taxable","13":"purchasable","14":"product-type-simple"},"_links":{"self":[{"href":"https:\/\/tivixiaomi.co\/en\/wp-json\/wp\/v2\/product\/62364"}],"collection":[{"href":"https:\/\/tivixiaomi.co\/en\/wp-json\/wp\/v2\/product"}],"about":[{"href":"https:\/\/tivixiaomi.co\/en\/wp-json\/wp\/v2\/types\/product"}],"replies":[{"embeddable":true,"href":"https:\/\/tivixiaomi.co\/en\/wp-json\/wp\/v2\/comments?post=62364"}],"version-history":[{"count":1,"href":"https:\/\/tivixiaomi.co\/en\/wp-json\/wp\/v2\/product\/62364\/revisions"}],"predecessor-version":[{"id":77442,"href":"https:\/\/tivixiaomi.co\/en\/wp-json\/wp\/v2\/product\/62364\/revisions\/77442"}],"wp:featuredmedia":[{"embeddable":true,"href":"https:\/\/tivixiaomi.co\/en\/wp-json\/wp\/v2\/media\/62365"}],"wp:attachment":[{"href":"https:\/\/tivixiaomi.co\/en\/wp-json\/wp\/v2\/media?parent=62364"}],"wp:term":[{"taxonomy":"product_brand","embeddable":true,"href":"https:\/\/tivixiaomi.co\/en\/wp-json\/wp\/v2\/product_brand?post=62364"},{"taxonomy":"product_cat","embeddable":true,"href":"https:\/\/tivixiaomi.co\/en\/wp-json\/wp\/v2\/product_cat?post=62364"},{"taxonomy":"product_tag","embeddable":true,"href":"https:\/\/tivixiaomi.co\/en\/wp-json\/wp\/v2\/product_tag?post=62364"}],"curies":[{"name":"wp","href":"https:\/\/api.w.org\/{rel}","templated":true}]}}