{"id":62433,"date":"2022-03-18T13:24:33","date_gmt":"2022-03-18T06:24:33","guid":{"rendered":"https:\/\/tivixiaomi.co\/?post_type=product&#038;p=62433"},"modified":"2024-09-04T23:54:01","modified_gmt":"2024-09-04T16:54:01","slug":"tivi-xiaomi-redmi-max-100inch","status":"publish","type":"product","link":"https:\/\/tivixiaomi.co\/en\/tivi\/tivi-xiaomi-redmi-max-100inch\/","title":{"rendered":"Redmi Smart TV MAX 100&#8243; | Redmi MAX 100&#8243; | TV M\u00e0n H\u00ecnh Si\u00eau L\u1edbn"},"content":{"rendered":"<p style=\"text-align: center;\"><img fetchpriority=\"high\" decoding=\"async\" class=\"alignnone wp-image-65385 size-full\" src=\"https:\/\/tivixiaomi.co\/wp-content\/uploads\/2022\/03\/Artboard-3@0.5x.jpg\" alt=\"\" width=\"1280\" height=\"587\" \/><\/p>\r\n<blockquote>\r\n<h2 style=\"text-align: left;\">Redmi Max 100 l\u00e0 chi\u1ebfc TV c\u00f3 k\u00edch c\u1ee1 l\u1edbn nh\u1ea5t m\u00e0 Xiaomi t\u1eebng ra m\u1eaft.<\/h2>\r\n<\/blockquote>\r\n<p><\/p>\r\n<p style=\"text-align: justify;\">T\u1ea1i s\u1ef1 ki\u1ec7n ra m\u1eaft Redmi K50 series t\u1ed5 ch\u1ee9c t\u1ed1i ng\u00e0y 17\/3, Xiaomi c\u0169ng gi\u1edbi thi\u1ec7u th\u00eam m\u1ed9t m\u1eabu TV m\u1edbi v\u1edbi k\u00edch th\u01b0\u1edbc c\u1ef1c k\u1ef3 l\u1edbn, l\u00ean t\u1edbi 100 inch. Chi\u1ebfc TV n\u00e0y c\u00f3 t\u00ean <a href=\"https:\/\/tivixiaomi.co\/san-pham\/redmitv-max100\/\">Redmi Max 100<\/a> v\u00e0 n\u00f3 l\u00e0 chi\u1ebfc TV l\u1edbn nh\u1ea5t m\u00e0 Xiaomi t\u1eebng gi\u1edbi thi\u1ec7u t\u1edbi ng\u01b0\u1eddi d\u00f9ng. Redmi Max 100 c\u0169ng l\u00e0 phi\u00ean b\u1ea3n k\u1ebf nhi\u1ec7m cho chi\u1ebfc Redmi Smart TV Max 98 inch ra m\u1eaft c\u00e1ch \u0111\u00e2y 2 n\u0103m.<\/p>\r\n<p style=\"text-align: center;\"><img decoding=\"async\" class=\"alignnone wp-image-65386 size-full\" src=\"https:\/\/tivixiaomi.co\/wp-content\/uploads\/2022\/03\/Artboard-4@0.5x.jpg\" alt=\"\" width=\"1280\" height=\"411\" \/><\/p>\r\n<p style=\"text-align: center;\"><img decoding=\"async\" class=\"alignnone wp-image-65387 size-full\" src=\"https:\/\/tivixiaomi.co\/wp-content\/uploads\/2022\/03\/Artboard-5@0.5x.jpg\" alt=\"\" width=\"1280\" height=\"723\" \/><\/p>\r\n<p>Redmi Max 100 trang b\u1ecb t\u1ea5m n\u1ec1n LCD \u0111\u1ed9 ph\u00e2n gi\u1ea3i 4K (3840 x 2160), t\u1ea7n s\u1ed1 qu\u00e9t 120Hz v\u00e0 c\u00f3 th\u1ec3 hi\u1ec3n th\u1ecb 94% d\u1ea3i m\u00e0u DCI-P3. T\u1ea5m n\u1ec1n n\u00e0y c\u00f3 \u0111\u1ed9 s\u00e1ng t\u1ed1i \u0111a 700 nits v\u00e0 h\u1ed7 tr\u1ee3 10-bit m\u00e0u. C\u00e1c c\u00f4ng ngh\u1ec7 nh\u01b0 Dolby Atmos, Dolby Vision, DTS-HD, AMD FreeSync, HDR10+ v\u00e0 IMAX Enhanced \u0111\u1ec1u \u0111\u01b0\u1ee3c h\u1ed7 tr\u1ee3.<\/p>\r\n<p style=\"text-align: center;\"><img loading=\"lazy\" decoding=\"async\" class=\"alignnone wp-image-65388 size-full\" src=\"https:\/\/tivixiaomi.co\/wp-content\/uploads\/2022\/03\/Artboard-6@0.5x.jpg\" alt=\"\" width=\"1280\" height=\"691\" \/><\/p>\r\n<p style=\"text-align: center;\"><img loading=\"lazy\" decoding=\"async\" class=\"alignnone wp-image-65389 size-full\" src=\"https:\/\/tivixiaomi.co\/wp-content\/uploads\/2022\/03\/Artboard-7@0.5x.jpg\" alt=\"\" width=\"1280\" height=\"900\" \/><\/p>\r\n<p style=\"text-align: center;\"><img loading=\"lazy\" decoding=\"async\" class=\"alignnone wp-image-65390 size-full\" src=\"https:\/\/tivixiaomi.co\/wp-content\/uploads\/2022\/03\/Artboard-8@0.5x.jpg\" alt=\"\" width=\"1280\" height=\"721\" \/><\/p>\r\n<p style=\"text-align: center;\"><img loading=\"lazy\" decoding=\"async\" class=\"alignnone wp-image-65391 size-full\" src=\"https:\/\/tivixiaomi.co\/wp-content\/uploads\/2022\/03\/Artboard-9@0.5x.jpg\" alt=\"\" width=\"1280\" height=\"720\" \/><\/p>\r\n<p style=\"text-align: center;\"><img loading=\"lazy\" decoding=\"async\" class=\"alignnone wp-image-65392 size-full\" src=\"https:\/\/tivixiaomi.co\/wp-content\/uploads\/2022\/03\/Artboard-10@0.5x.jpg\" alt=\"\" width=\"1280\" height=\"807\" \/><\/p>\r\n<p style=\"text-align: center;\"><img loading=\"lazy\" decoding=\"async\" class=\"alignnone wp-image-65393 size-full\" src=\"https:\/\/tivixiaomi.co\/wp-content\/uploads\/2022\/03\/Artboard-11@0.5x.jpg\" alt=\"\" width=\"1281\" height=\"605\" \/><\/p>\r\n<p style=\"text-align: center;\"><img loading=\"lazy\" decoding=\"async\" class=\"alignnone wp-image-65394 size-full\" src=\"https:\/\/tivixiaomi.co\/wp-content\/uploads\/2022\/03\/Artboard-13@0.5x.jpg\" alt=\"\" width=\"1280\" height=\"866\" \/><\/p>\r\n<p style=\"text-align: center;\"><img loading=\"lazy\" decoding=\"async\" class=\"alignnone wp-image-65395 size-full\" src=\"https:\/\/tivixiaomi.co\/wp-content\/uploads\/2022\/03\/Artboard-14@0.5x.jpg\" alt=\"\" width=\"1281\" height=\"459\" \/><\/p>\r\n<p style=\"text-align: center;\"><img loading=\"lazy\" decoding=\"async\" class=\"alignnone wp-image-65396 size-full\" src=\"https:\/\/tivixiaomi.co\/wp-content\/uploads\/2022\/03\/Artboard-15@0.5x.jpg\" alt=\"\" width=\"1280\" height=\"900\" \/><\/p>\r\n<p style=\"text-align: center;\">\u00a0<\/p>\r\n<p style=\"text-align: center;\"><img loading=\"lazy\" decoding=\"async\" class=\"alignnone wp-image-65397 size-full\" src=\"https:\/\/tivixiaomi.co\/wp-content\/uploads\/2022\/03\/Artboard-16@0.5x.jpg\" alt=\"\" width=\"1280\" height=\"1673\" \/><\/p>\r\n<p>Xiaomi c\u0169ng trang b\u1ecb cho chi\u1ebfc TV n\u00e0y h\u1ec7 th\u1ed1ng loa k\u00e9p c\u00f3 c\u00f4ng su\u1ea5t t\u1ed5ng 30W. V\u1ec1 hi\u1ec7u n\u0103ng, TV trang b\u1ecb m\u1ed9t con chip 4 nh\u00e2n ch\u01b0a r\u00f5 t\u00ean m\u00e3, RAM 4GB v\u00e0 b\u1ed9 nh\u1edb l\u01b0u tr\u1eef 64GB. Redmi Max 100 ch\u1ea1y tr\u00ean n\u1ec1n t\u1ea3ng MIUI for TV, h\u1ed7 tr\u1ee3 Wi-Fi 6.<\/p>\r\n<p style=\"text-align: center;\"><img loading=\"lazy\" decoding=\"async\" class=\"alignnone wp-image-65399 size-full\" src=\"https:\/\/tivixiaomi.co\/wp-content\/uploads\/2022\/03\/Artboard-17@0.5x.jpg\" alt=\"\" width=\"1280\" height=\"880\" \/><\/p>\r\n<p style=\"text-align: center;\"><img loading=\"lazy\" decoding=\"async\" class=\"alignnone wp-image-65400 size-full\" src=\"https:\/\/tivixiaomi.co\/wp-content\/uploads\/2022\/03\/Artboard-18@0.5x.jpg\" alt=\"\" width=\"1280\" height=\"854\" \/><\/p>\r\n<p style=\"text-align: center;\"><img loading=\"lazy\" decoding=\"async\" class=\"alignnone wp-image-65401 size-full\" src=\"https:\/\/tivixiaomi.co\/wp-content\/uploads\/2022\/03\/Artboard-19@0.5x.jpg\" alt=\"\" width=\"1280\" height=\"1044\" \/><\/p>\r\n<p style=\"text-align: center;\">\u00a0<img loading=\"lazy\" decoding=\"async\" class=\"alignnone wp-image-65404 size-full\" src=\"https:\/\/tivixiaomi.co\/wp-content\/uploads\/2022\/03\/Artboard-22@0.5x.jpg\" alt=\"\" width=\"1280\" height=\"964\" \/><\/p>\r\n<p style=\"text-align: center;\"><img loading=\"lazy\" decoding=\"async\" class=\"alignnone wp-image-65405 size-full\" src=\"https:\/\/tivixiaomi.co\/wp-content\/uploads\/2022\/03\/Artboard-23@0.5x.jpg\" alt=\"\" width=\"1280\" height=\"1212\" \/><\/p>\r\n<p style=\"text-align: center;\"><img loading=\"lazy\" decoding=\"async\" class=\"alignnone wp-image-65406 size-full\" src=\"https:\/\/tivixiaomi.co\/wp-content\/uploads\/2022\/03\/Artboard-24@0.5x.jpg\" alt=\"\" width=\"1280\" height=\"1112\" \/><\/p>\r\n<p style=\"text-align: center;\"><img loading=\"lazy\" decoding=\"async\" class=\"alignnone wp-image-65407 size-full\" src=\"https:\/\/tivixiaomi.co\/wp-content\/uploads\/2022\/03\/Artboard-25@0.5x.jpg\" alt=\"\" width=\"1280\" height=\"1729\" \/><\/p>\r\n<p>C\u00e1c c\u1ed5ng k\u1ebft n\u1ed1i bao g\u1ed3m 3 c\u1ed5ng HDMI, tuy nhi\u00ean ch\u1ec9 c\u00f3 m\u1ed9t c\u1ed5ng l\u00e0 HDMI 2.1 v\u00e0 h\u1ed7 tr\u1ee3 Variable Refresh Rate (VRR &#8211; T\u1ea7n s\u1ed1 qu\u00e9t bi\u1ebfn thi\u00ean). Ngo\u00e0i ra c\u00f2n c\u00f3 th\u00eam 2 c\u1ed5ng USB-A 2.0. Theo Xiaomi th\u00ec TV n\u00e0y h\u1ed7 tr\u1ee3 ch\u01a1i game t\u1ed1t.<\/p>\r\n<p style=\"text-align: center;\"><img loading=\"lazy\" decoding=\"async\" class=\"alignnone wp-image-65408 size-full\" src=\"https:\/\/tivixiaomi.co\/wp-content\/uploads\/2022\/03\/Artboard-26@0.5x.jpg\" alt=\"\" width=\"1280\" height=\"1314\" \/><\/p>","protected":false},"excerpt":{"rendered":"<ul>\n<li>D\u00f2ng MAX Series<\/li>\n<li>M\u00e0n h\u00ecnh: 4K<\/li>\n<li>RAM: 4GB<\/li>\n<li>Dung l\u01b0\u1ee3ng: 64GB<\/li>\n<\/ul>\n","protected":false},"featured_media":62434,"comment_status":"open","ping_status":"closed","template":"","meta":[],"product_brand":[],"product_cat":[27],"product_tag":[464],"class_list":{"0":"post-62433","1":"product","2":"type-product","3":"status-publish","4":"has-post-thumbnail","6":"product_cat-chua-phan-loai","7":"product_tag-tivi-xiaomi-redmi-max-100inch","9":"first","10":"onbackorder","11":"sale","12":"shipping-taxable","13":"purchasable","14":"product-type-simple"},"_links":{"self":[{"href":"https:\/\/tivixiaomi.co\/en\/wp-json\/wp\/v2\/product\/62433"}],"collection":[{"href":"https:\/\/tivixiaomi.co\/en\/wp-json\/wp\/v2\/product"}],"about":[{"href":"https:\/\/tivixiaomi.co\/en\/wp-json\/wp\/v2\/types\/product"}],"replies":[{"embeddable":true,"href":"https:\/\/tivixiaomi.co\/en\/wp-json\/wp\/v2\/comments?post=62433"}],"version-history":[{"count":1,"href":"https:\/\/tivixiaomi.co\/en\/wp-json\/wp\/v2\/product\/62433\/revisions"}],"predecessor-version":[{"id":69863,"href":"https:\/\/tivixiaomi.co\/en\/wp-json\/wp\/v2\/product\/62433\/revisions\/69863"}],"wp:featuredmedia":[{"embeddable":true,"href":"https:\/\/tivixiaomi.co\/en\/wp-json\/wp\/v2\/media\/62434"}],"wp:attachment":[{"href":"https:\/\/tivixiaomi.co\/en\/wp-json\/wp\/v2\/media?parent=62433"}],"wp:term":[{"taxonomy":"product_brand","embeddable":true,"href":"https:\/\/tivixiaomi.co\/en\/wp-json\/wp\/v2\/product_brand?post=62433"},{"taxonomy":"product_cat","embeddable":true,"href":"https:\/\/tivixiaomi.co\/en\/wp-json\/wp\/v2\/product_cat?post=62433"},{"taxonomy":"product_tag","embeddable":true,"href":"https:\/\/tivixiaomi.co\/en\/wp-json\/wp\/v2\/product_tag?post=62433"}],"curies":[{"name":"wp","href":"https:\/\/api.w.org\/{rel}","templated":true}]}}