{"id":62657,"date":"2022-04-20T18:09:33","date_gmt":"2022-04-20T11:09:33","guid":{"rendered":"https:\/\/tivixiaomi.co\/?post_type=product&#038;p=62657"},"modified":"2024-09-03T22:35:00","modified_gmt":"2024-09-03T15:35:00","slug":"xiaomi-smart-air-purifier-4","status":"publish","type":"product","link":"https:\/\/tivixiaomi.co\/en\/tivi\/xiaomi-smart-air-purifier-4\/","title":{"rendered":"M\u00e1y l\u1ecdc kh\u00f4ng kh\u00ed Xiaomi Smart Air Purifier 4"},"content":{"rendered":"<p><i><strong>M\u00e1y l\u1ecdc kh\u00f4ng kh\u00ed\u00a0Xiaomi Smart Air Purifier 4 thi\u1ebft k\u1ebf nh\u1ecf g\u1ecdn, m\u00e0u tr\u1eafng trang nh\u00e3, ph\u00f9 h\u1ee3p v\u1edbi nhi\u1ec1u kh\u00f4ng gian, l\u1ecdc \u0111\u01b0\u1ee3c b\u1ee5i m\u1ecbn PM2.5 v\u1edbi b\u1ed9 l\u1ecdc PET v\u00e0 TRUE HEPA c\u1ee7a Xiaomi gi\u00fap kh\u00f4ng kh\u00ed \u0111\u01b0\u1ee3c l\u1ecdc s\u1ea1ch h\u01a1n, 3 ch\u1ebf \u0111\u1ed9 ho\u1ea1t \u0111\u1ed9ng: ch\u1ebf \u0111\u1ed9 th\u1ee7 c\u00f4ng, ch\u1ebf \u0111\u1ed9 ng\u1ee7 v\u00e0 ch\u1ebf \u0111\u1ed9 t\u1ef1 \u0111\u1ed9ng gi\u00fap b\u1ea1n t\u00f9y ch\u1ec9nh theo nhu c\u1ea7u s\u1eed d\u1ee5ng.<\/strong><\/i><\/p>\n<h3>Thi\u1ebft k\u1ebf<\/h3>\n<p>&#8211;\u00a0M\u00e1y l\u1ecdc kh\u00f4ng kh\u00ed Xiaomi\u00a0Smart Air Purifier 4 thi\u1ebft k\u1ebf nh\u1ecf g\u1ecdn, c\u00f3 ch\u00e2n \u0111\u1ebf mang phong c\u00e1ch ri\u00eang bi\u1ec7t c\u1ee7a Xiaomi t\u1ea1o cho ng\u00f4i nh\u00e0 m\u1ed9t n\u00e9t ri\u00eang hi\u1ec7n \u0111\u1ea1i, m\u00e0u tr\u1eafng trang nh\u00e3 th\u00edch h\u1ee3p v\u1edbi nhi\u1ec1u kh\u00f4ng gian: ph\u00f2ng kh\u00e1ch, ph\u00f2ng ng\u1ee7,&#8230; Th\u00e2n m\u00e1y \u0111\u01b0\u1ee3c l\u00e0m t\u1eeb ch\u1ea5t li\u1ec7u nh\u1ef1a ABS b\u1ec1n, t\u1ed1t v\u00e0 ch\u1ed1ng oxy h\u00f3a.<\/p>\n<p>&#8211; Ph\u1ea1m vi l\u1ecdc d\u01b0\u1edbi 48m\u00b2 cho l\u01b0u l\u01b0\u1ee3ng gi\u00f3 l\u00ean t\u1edbi 400 m<sup>3<\/sup>\/h cho ph\u00e9p b\u1ea1n s\u1eed d\u1ee5ng \u0111\u01b0\u1ee3c \u1edf nhi\u1ec1u kh\u00f4ng gian, l\u00e0m s\u1ea1ch kh\u00f4ng kh\u00ed hi\u1ec7u qu\u1ea3.<\/p>\n<p>Xem th\u00eam:\u00a0H\u01b0\u1edbng d\u1eabn l\u1eafp \u0111\u1eb7t, s\u1eed d\u1ee5ng hi\u1ec7u qu\u1ea3 m\u00e1y l\u1ecdc kh\u00f4ng kh\u00ed<\/p>\n<p><a class=\"preventdefault\" href=\"https:\/\/cdn.tgdd.vn\/Products\/Images\/5473\/271725\/xiaomi-smart-air-purifier-4-220422-045554.jpg\" target=\"_blank\" rel=\"noopener\"><img decoding=\"async\" class=\" ls-is-cached lazyloaded\" title=\"M\u00e1y l\u1ecdc kh\u00f4ng kh\u00ed Xiaomi Smart Air Purifier 4 - Ph\u1ea1m vi l\u1ecdc\" src=\"https:\/\/cdn.tgdd.vn\/Products\/Images\/5473\/271725\/xiaomi-smart-air-purifier-4-220422-045554.jpg\" alt=\"M\u00e1y l\u1ecdc kh\u00f4ng kh\u00ed Xiaomi Smart Air Purifier 4 - Ph\u1ea1m vi l\u1ecdc\" data-src=\"https:\/\/cdn.tgdd.vn\/Products\/Images\/5473\/271725\/xiaomi-smart-air-purifier-4-220422-045554.jpg\" \/><\/a><\/p>\n<h3>Th\u00f4ng tin b\u1ed9 l\u1ecdc &#8211; Lo\u1ea1i b\u1ee5i l\u1ecdc \u0111\u01b0\u1ee3c<\/h3>\n<p>&#8211; L\u1ecdc hi\u1ec7u qu\u1ea3 1.5 l\u1ea7n th\u1ebf h\u1ec7 c\u0169 nh\u1edd b\u1ed9 l\u1ecdc PET v\u00e0 True HEPA gi\u00fap l\u1ecdc kh\u00f4ng kh\u00ed s\u1ea1ch h\u01a1n b\u1ed9 l\u1ecdc HEPA b\u00ecnh th\u01b0\u1eddng nh\u1edd t\u00edch h\u1ee3p c\u00e1c s\u1ee3i PP c\u00f9ng c\u00f4ng ngh\u1ec7 t\u0129nh \u0111i\u1ec7n cho ph\u00e9p l\u1ecdc \u0111\u01b0\u1ee3c m\u1ed9t l\u01b0\u1ee3ng l\u1edbn kh\u00f4ng kh\u00ed.<\/p>\n<p>&#8211; Lo\u1ea1i b\u1ecf \u0111\u1ebfn 99.97% c\u00e1c h\u1ea1t trong kh\u00f4ng kh\u00ed c\u00f3 kich th\u01b0\u1edbc 0.3 micromet c\u0169ng nh\u01b0 l\u1ecdc \u0111\u01b0\u1ee3c b\u1ee5i m\u1ecbn PM2.5, ph\u1ea5n hoa, l\u00f4ng th\u00fa c\u01b0ng v\u00e0 kh\u00f3i.<\/p>\n<p>&#8211; B\u1ed9 l\u1ecdc gi\u00fap m\u00e1y ho\u1ea1t \u0111\u1ed9ng \u00eam \u1ea3 h\u01a1n, \u00edt ti\u00eau hao \u0111i\u1ec7n n\u0103ng b\u1eb1ng c\u00e1ch cho ph\u00e9p nhi\u1ec1u lu\u1ed3ng kh\u00f4ng kh\u00ed \u0111i qua b\u1ed9 l\u1ecdc trong khi v\u1eabn gi\u1eef nguy\u00ean hi\u1ec7u qu\u1ea3 l\u00e0m s\u1ea1ch.<\/p>\n<p>Xem th\u00eam:\u00a0B\u1ee5i m\u1ecbn PM2.5 l\u00e0 g\u00ec?<\/p>\n<p><a class=\"preventdefault\" href=\"https:\/\/cdn.tgdd.vn\/Products\/Images\/5473\/271725\/xiaomi-smart-air-purifier-4-220422-045626.gif\" target=\"_blank\" rel=\"noopener\"><img decoding=\"async\" class=\" ls-is-cached lazyloaded\" title=\"M\u00e1y l\u1ecdc kh\u00f4ng kh\u00ed Xiaomi Smart Air Purifier 4 - B\u1ed9 l\u1ecdc\" src=\"https:\/\/cdn.tgdd.vn\/Products\/Images\/5473\/271725\/xiaomi-smart-air-purifier-4-220422-045626.gif\" alt=\"M\u00e1y l\u1ecdc kh\u00f4ng kh\u00ed Xiaomi Smart Air Purifier 4 - B\u1ed9 l\u1ecdc\" data-src=\"https:\/\/cdn.tgdd.vn\/Products\/Images\/5473\/271725\/xiaomi-smart-air-purifier-4-220422-045626.gif\" \/><\/a><\/p>\n<h3>C\u00f4ng ngh\u1ec7 v\u00e0 kh\u1ea3 n\u0103ng c\u1ea3m bi\u1ebfn th\u00f4ng minh<\/h3>\n<p>&#8211; C\u1ea3m bi\u1ebfn ch\u1ea5t l\u01b0\u1ee3ng kh\u00f4ng kh\u00ed, nhi\u1ec7t \u0111\u1ed9, \u0111\u1ed9 \u1ea9m v\u1edbi \u0111\u1ed9 ch\u00ednh x\u00e1c cao qua m\u00e0n h\u00ecnh LED hi\u1ec3n th\u1ecb gi\u00fap b\u1ea1n d\u1ec5 d\u00e0ng theo d\u00f5i t\u00ecnh tr\u1ea1ng kh\u00f4ng kh\u00ed trong ph\u00f2ng.<\/p>\n<p>&#8211; C\u00f4ng ngh\u1ec7 ion \u00e2m gi\u00fap gi\u1ea3i ph\u00f3ng c\u00e1c ion \u00e2m \u0111\u1ec3 h\u00fat c\u00e1c ph\u1ea7n t\u1eed mang \u0111i\u1ec7n d\u01b0\u01a1ng nh\u01b0 kh\u00f3i, b\u1ee5i, trung h\u00f2a ch\u00fang v\u00e0 r\u01a1i xu\u1ed1ng \u0111\u1ea5t, gi\u00fap kh\u00f4ng kh\u00ed tr\u1edf n\u00ean trong l\u00e0nh, s\u1ea1ch s\u1ebd h\u01a1n \u0111\u1ec3 gi\u1eef cho kh\u00f4ng kh\u00ed trong l\u00e0nh, gi\u00fap b\u1ea1n s\u1ea3ng kho\u00e1i sau m\u1ed9t ng\u00e0y l\u00e0m vi\u1ec7c m\u1ec7t m\u1ecfi.<\/p>\n<p>&#8211; Theo d\u00f5i ch\u1ea5t l\u01b0\u1ee3ng kh\u00f4ng kh\u00ed th\u00f4ng qua 4 m\u00e0u s\u1eafc:<\/p>\n<p>+ Xanh l\u00e1: Kh\u00f4ng kh\u00ed t\u01b0\u01a1i m\u1edbi, s\u1ea1ch s\u1ebd.<\/p>\n<p>+ V\u00e0ng: Kh\u00f4ng kh\u00ed b\u1ecb \u00f4 nhi\u1ec5m \u1edf m\u1ee9c th\u1ea5p.<\/p>\n<p>+ Cam: Kh\u00f4ng kh\u00ed \u00f4 nhi\u1ec5m \u1edf m\u1ee9c v\u1eeba ph\u1ea3i.<\/p>\n<p>+ \u0110\u1ecf: Kh\u00f4ng kh\u00ed \u0111ang b\u1ecb \u00f4 nhi\u1ec5m nghi\u00eam tr\u1ecdng.<\/p>\n<p><a class=\"preventdefault\" href=\"https:\/\/cdn.tgdd.vn\/Products\/Images\/5473\/271725\/xiaomi-smart-air-purifier-4-220422-045705.jpg\" target=\"_blank\" rel=\"noopener\"><img decoding=\"async\" class=\" lazyloaded\" title=\"M\u00e1y l\u1ecdc kh\u00f4ng kh\u00ed Xiaomi Smart Air Purifier 4 - \u0110\u00e8n b\u00e1o ch\u1ea5t l\u01b0\u1ee3ng kh\u00f4ng kh\u00ed\" src=\"https:\/\/cdn.tgdd.vn\/Products\/Images\/5473\/271725\/xiaomi-smart-air-purifier-4-220422-045705.jpg\" alt=\"M\u00e1y l\u1ecdc kh\u00f4ng kh\u00ed Xiaomi Smart Air Purifier 4 - \u0110\u00e8n b\u00e1o ch\u1ea5t l\u01b0\u1ee3ng kh\u00f4ng kh\u00ed\" data-src=\"https:\/\/cdn.tgdd.vn\/Products\/Images\/5473\/271725\/xiaomi-smart-air-purifier-4-220422-045705.jpg\" \/><\/a><\/p>\n<h3>\u0110\u1ed9 \u1ed3n, c\u00f4ng su\u1ea5t, m\u1ee9c \u0111\u1ed9 l\u1ecdc v\u00e0 ch\u1ebf \u0111\u1ed9 ho\u1ea1t \u0111\u1ed9ng<\/h3>\n<p>&#8211; C\u00f4ng su\u1ea5t 30W ho\u1ea1t \u0111\u1ed9ng hi\u1ec7u qu\u1ea3 trong ph\u1ea1m vi l\u1ecdc d\u01b0\u1edbi 48m\u00b2.<\/p>\n<p>&#8211; \u0110\u1ed9 \u1ed3n cao nh\u1ea5t kho\u1ea3ng 63 dB t\u01b0\u01a1ng \u0111\u01b0\u01a1ng v\u1edbi cu\u1ed9c n\u00f3i chuy\u1ec7n b\u00ecnh th\u01b0\u1eddng, kh\u00f4ng g\u00e2y kh\u00f3 ch\u1ecbu khi m\u00e1y \u0111ang ho\u1ea1t \u0111\u1ed9ng. Tuy nhi\u00ean khi ch\u1ecdn ch\u1ebf \u0111\u1ed9 ng\u1ee7 m\u00e1y ch\u1ec9 ho\u1ea1t \u0111\u1ed9ng v\u1edbi \u0111\u1ed9 \u1ed3n kho\u1ea3ng 32.1 dB nh\u01b0 ti\u1ebfng th\u00ec th\u1ea7m, \u00eam \u1ea3, kh\u00f4ng l\u00e0m \u1ea3nh h\u01b0\u1edfng \u0111\u1ebfn gi\u1ea5c ng\u1ee7 c\u1ee7a b\u1ea1n, nh\u1ea5t l\u00e0 nh\u1eefng gia \u0111\u00ecnh c\u00f3 tr\u1ebb nh\u1ecf.<\/p>\n<p>&#8211; 3 m\u1ee9c \u0111\u1ed9 l\u1ecdc: th\u1ea5p &#8211; trung b\u00ecnh &#8211; cao, t\u00f9y v\u00e0o t\u00ecnh tr\u1ea1ng ch\u1ea5t l\u01b0\u1ee3ng kh\u00f4ng kh\u00ed m\u00e0 b\u1ea1n ch\u1ecdn m\u1ee9c \u0111\u1ed9 l\u1ecdc cho ph\u00f9 h\u1ee3p.<\/p>\n<p>&#8211; 3 ch\u1ebf \u0111\u1ed9 ho\u1ea1t \u0111\u1ed9ng: ch\u1ebf \u0111\u1ed9 t\u1ef1 \u0111\u1ed9ng, ch\u1ebf \u0111\u1ed9 th\u1ee7 c\u00f4ng, ch\u1ebf \u0111\u1ed9 ng\u1ee7 gi\u00fap b\u1ea1n t\u00f9y ch\u1ec9nh theo t\u1eebng nhu c\u1ea7u s\u1eed d\u1ee5ng.<\/p>\n<p>+ Ch\u1ebf \u0111\u1ed9 t\u1ef1 \u0111\u1ed9ng: t\u1ef1 \u0111\u1ed9ng chuy\u1ec3n ch\u1ebf \u0111\u1ed9 theo ch\u1ea5t l\u01b0\u1ee3ng kh\u00f4ng kh\u00ed trong nh\u00e0.<\/p>\n<p>+ Ch\u1ebf \u0111\u1ed9 th\u1ee7 c\u00f4ng: \u0111\u1eb7t v\u00e0 l\u01b0u v\u00f9ng ph\u1ee7 s\u00f3ng trong \u1ee9ng d\u1ee5ng \u0111\u1ec3 \u0111i\u1ec1u ch\u1ec9nh hi\u1ec7u qu\u1ea3 l\u00e0m s\u1ea1ch t\u1ed1i \u01b0u.<\/p>\n<p>+ Ch\u1ebf \u0111\u1ed9 ng\u1ee7: ti\u1ebfng \u1ed3n c\u1ef1c th\u1ea5p ch\u1ec9 kho\u1ea3ng 32.1 dB cho b\u1ea1n m\u1ed9t m\u00f4i tr\u01b0\u1eddng ng\u1ee7 tho\u1ea3i m\u00e1i.<\/p>\n<p><a class=\"preventdefault\" href=\"https:\/\/cdn.tgdd.vn\/Products\/Images\/5473\/271725\/xiaomi-smart-air-purifier-4-220422-045740.jpg\" target=\"_blank\" rel=\"noopener\"><img decoding=\"async\" class=\" lazyloaded\" title=\"M\u00e1y l\u1ecdc kh\u00f4ng kh\u00ed Xiaomi Smart Air Purifier 4 - C\u00f4ng su\u1ea5t \" src=\"https:\/\/cdn.tgdd.vn\/Products\/Images\/5473\/271725\/xiaomi-smart-air-purifier-4-220422-045740.jpg\" alt=\"M\u00e1y l\u1ecdc kh\u00f4ng kh\u00ed Xiaomi Smart Air Purifier 4 - C\u00f4ng su\u1ea5t \" data-src=\"https:\/\/cdn.tgdd.vn\/Products\/Images\/5473\/271725\/xiaomi-smart-air-purifier-4-220422-045740.jpg\" \/><\/a><\/p>\n<h3>B\u1ea3ng \u0111i\u1ec1u khi\u1ec3n<\/h3>\n<p>&#8211; B\u1ea3ng \u0111i\u1ec1u khi\u1ec3n c\u1ea3m \u1ee9ng c\u00f3 \u0111\u00e8n LED hi\u1ec3n th\u1ecb ch\u1ea5t l\u01b0\u1ee3ng kh\u00f4ng kh\u00ed, nhi\u1ec7t \u0111\u1ed9, wifi,&#8230; gi\u00fap b\u1ea1n d\u1ec5 d\u00e0ng quan s\u00e1t v\u00e0 theo d\u00f5i t\u00ecnh tr\u1ea1ng kh\u00f4ng kh\u00ed trong nh\u00e0.<\/p>\n<p><a class=\"preventdefault\" href=\"https:\/\/cdn.tgdd.vn\/Products\/Images\/5473\/271725\/xiaomi-smart-air-purifier-4-220422-045828.jpg\" target=\"_blank\" rel=\"noopener\"><img decoding=\"async\" class=\" lazyloaded\" title=\"M\u00e1y l\u1ecdc kh\u00f4ng kh\u00ed Xiaomi Smart Air Purifier 4 - B\u1ea3ng \u0111i\u1ec1u khi\u1ec3n\" src=\"https:\/\/cdn.tgdd.vn\/Products\/Images\/5473\/271725\/xiaomi-smart-air-purifier-4-220422-045828.jpg\" alt=\"M\u00e1y l\u1ecdc kh\u00f4ng kh\u00ed Xiaomi Smart Air Purifier 4 - B\u1ea3ng \u0111i\u1ec1u khi\u1ec3n\" data-src=\"https:\/\/cdn.tgdd.vn\/Products\/Images\/5473\/271725\/xiaomi-smart-air-purifier-4-220422-045828.jpg\" \/><\/a><\/p>\n<h3>Ti\u1ec7n \u00edch<\/h3>\n<p>&#8211; C\u00f3 \u0111\u00e8n b\u00e1o ch\u1ea5t l\u01b0\u1ee3ng kh\u00f4ng kh\u00ed r\u00f5 r\u00e0ng gi\u00fap b\u1ea1n theo d\u00f5i t\u00ecnh tr\u1ea1ng kh\u00f4ng kh\u00ed trong ph\u00f2ng \u0111\u1ec3 l\u1ef1a ch\u1ecdn ch\u1ebf \u0111\u1ed9 ho\u1ea1t \u0111\u1ed9ng ph\u00f9 h\u1ee3p.<\/p>\n<p>&#8211; \u0110i\u1ec1u khi\u1ec3n t\u1eeb xa th\u00f4ng qua \u1ee9ng d\u1ee5ng Mi Home gi\u00fap b\u1ea1n c\u00e0i \u0111\u1eb7t th\u1eddi gian b\u1eadt\/t\u1eaft m\u00e1y v\u00e0 theo d\u00f5i t\u00ecnh tr\u1ea1ng ch\u1ea5t l\u01b0\u1ee3ng kh\u00f4ng kh\u00ed khi m\u00e1y \u0111ang ho\u1ea1t \u0111\u1ed9ng, ngo\u00e0i ra th\u00f4ng qua k\u1ebft n\u1ed1i v\u1edbi \u1ee9ng d\u1ee5ng, b\u1ea1n c\u00f3 th\u1ec3 bi\u1ebft \u0111\u01b0\u1ee3c khi n\u00e0o c\u1ea7n thay b\u1ed9 l\u1ecdc m\u00e0 kh\u00f4ng c\u1ea7n ph\u1ea3i m\u1edf m\u00e1y \u0111\u1ec3 ki\u1ec3m tra.<\/p>\n<p>&#8211; H\u1ed7 tr\u1ee3 \u0111i\u1ec1u khi\u1ec3n gi\u1ecdng n\u00f3i th\u00f4ng qua google Assistant v\u00e0 Alexa gi\u00fap b\u1ea1n b\u1eadt\/t\u1eaft m\u00e1y d\u1ec5 d\u00e0ng th\u00f4ng qua gi\u1ecdng n\u00f3i.<\/p>\n<p><a class=\"preventdefault\" href=\"https:\/\/cdn.tgdd.vn\/Products\/Images\/5473\/271725\/xiaomi-smart-air-purifier-4-220422-045909.gif\" target=\"_blank\" rel=\"noopener\"><img decoding=\"async\" class=\" lazyloaded\" title=\"M\u00e1y l\u1ecdc kh\u00f4ng kh\u00ed Xiaomi Smart Air Purifier 4 - \u0110i\u1ec1u khi\u1ec3n qua \u1ee9ng d\u1ee5ng Mi Home\" src=\"https:\/\/cdn.tgdd.vn\/Products\/Images\/5473\/271725\/xiaomi-smart-air-purifier-4-220422-045909.gif\" alt=\"M\u00e1y l\u1ecdc kh\u00f4ng kh\u00ed Xiaomi Smart Air Purifier 4 - \u0110i\u1ec1u khi\u1ec3n qua \u1ee9ng d\u1ee5ng Mi Home\" data-src=\"https:\/\/cdn.tgdd.vn\/Products\/Images\/5473\/271725\/xiaomi-smart-air-purifier-4-220422-045909.gif\" \/><\/a><\/p>\n<p><i>Nh\u01b0 v\u1eady c\u00f3 th\u1ec3 th\u1ea5y\u00a0m\u00e1y l\u1ecdc kh\u00f4ng kh\u00ed Xiaomi Smart Air Purifier 4\u00a0s\u1edf h\u1eefu nhi\u1ec1u t\u00ednh n\u0103ng hi\u1ec7n \u0111\u1ea1i: c\u1ea3m bi\u1ebfn ch\u1ea5t l\u01b0\u1ee3ng kh\u00f4ng kh\u00ed, nhi\u1ec7t \u0111\u1ed9 v\u00e0 \u0111\u1ed9 \u1ea9m, \u0111i\u1ec1u khi\u1ec3n t\u1eeb xa th\u00f4ng qua \u1ee9ng d\u1ee5ng Mi Home, c\u00f4ng su\u1ea5t 30W l\u1ecdc s\u1ea1ch hi\u1ec7u qu\u1ea3 trong ph\u1ea1m vi d\u01b0\u1edbi 48m<sup>2\u00a0<\/sup>k\u1ebft h\u1ee3p v\u1edbi c\u00f4ng ngh\u1ec7 ion \u00e2m gi\u00fap kh\u00f4ng kh\u00ed \u0111\u01b0\u1ee3c l\u00e0m s\u1ea1ch t\u1ed1i \u01b0u ch\u1eafc h\u1eb3n s\u1ebd l\u00e0 1 l\u1ef1a ch\u1ecdn \u0111\u00e1ng c\u00e2n nh\u1eafc cho b\u1ea1n v\u00e0 gia \u0111\u00ecnh \u0111\u1ec3 mang l\u1ea1i b\u1ea7u kh\u00f4ng kh\u00ed trong l\u00e0nh cho ng\u00f4i nh\u00e0 c\u1ee7a b\u1ea1n.<\/i><\/p>\n<p>Ngu\u1ed3n: dienmayxanh<\/p>\n","protected":false},"excerpt":{"rendered":"<ul>\n<li class=\" lazy\" data-type=\"bg\" data-id=\"37c37f6a20\" data-loaded=\"true\"><span class=\"xm-text f-light \" data-key=\"ksp_1\" data-type=\"text\" data-id=\"ba85409eea\">Ph\u00f2ng r\u1ed9ng 20 m\u00b2 c\u1ea7n l\u1ecdc trong kho\u1ea3ng 10 ph\u00fat<\/span><\/li>\n<li class=\" lazy\" data-type=\"bg\" data-id=\"93e71c63af\" data-loaded=\"true\"><span class=\"xm-text f-light \" data-key=\"ksp_2\" data-type=\"text\" data-id=\"9ce3632d0f\">\u0110i\u1ec1u khi\u1ec3n th\u00f4ng minh<\/span><\/li>\n<li class=\" lazy\" data-type=\"bg\" data-id=\"93e71c63af\" data-loaded=\"true\"><span class=\"xm-text f-light \" data-key=\"ksp_3\" data-type=\"text\" data-id=\"22145c845c\">M\u00e0n h\u00ecnh OLED<\/span><\/li>\n<\/ul>\n","protected":false},"featured_media":63083,"comment_status":"open","ping_status":"closed","template":"","meta":[],"product_brand":[],"product_cat":[758],"product_tag":[],"class_list":{"0":"post-62657","1":"product","2":"type-product","3":"status-publish","4":"has-post-thumbnail","6":"product_cat-thiet-bi-moi-truong-xiaomi","8":"first","9":"instock","10":"sale","11":"shipping-taxable","12":"purchasable","13":"product-type-simple"},"_links":{"self":[{"href":"https:\/\/tivixiaomi.co\/en\/wp-json\/wp\/v2\/product\/62657"}],"collection":[{"href":"https:\/\/tivixiaomi.co\/en\/wp-json\/wp\/v2\/product"}],"about":[{"href":"https:\/\/tivixiaomi.co\/en\/wp-json\/wp\/v2\/types\/product"}],"replies":[{"embeddable":true,"href":"https:\/\/tivixiaomi.co\/en\/wp-json\/wp\/v2\/comments?post=62657"}],"version-history":[{"count":1,"href":"https:\/\/tivixiaomi.co\/en\/wp-json\/wp\/v2\/product\/62657\/revisions"}],"predecessor-version":[{"id":70016,"href":"https:\/\/tivixiaomi.co\/en\/wp-json\/wp\/v2\/product\/62657\/revisions\/70016"}],"wp:featuredmedia":[{"embeddable":true,"href":"https:\/\/tivixiaomi.co\/en\/wp-json\/wp\/v2\/media\/63083"}],"wp:attachment":[{"href":"https:\/\/tivixiaomi.co\/en\/wp-json\/wp\/v2\/media?parent=62657"}],"wp:term":[{"taxonomy":"product_brand","embeddable":true,"href":"https:\/\/tivixiaomi.co\/en\/wp-json\/wp\/v2\/product_brand?post=62657"},{"taxonomy":"product_cat","embeddable":true,"href":"https:\/\/tivixiaomi.co\/en\/wp-json\/wp\/v2\/product_cat?post=62657"},{"taxonomy":"product_tag","embeddable":true,"href":"https:\/\/tivixiaomi.co\/en\/wp-json\/wp\/v2\/product_tag?post=62657"}],"curies":[{"name":"wp","href":"https:\/\/api.w.org\/{rel}","templated":true}]}}