{"id":62745,"date":"2022-05-06T15:31:43","date_gmt":"2022-05-06T08:31:43","guid":{"rendered":"https:\/\/tivixiaomi.co\/?post_type=product&#038;p=62745"},"modified":"2024-09-08T11:54:56","modified_gmt":"2024-09-08T04:54:56","slug":"may-hut-mui-xiaomi-viomi-cxw-250-vt203","status":"publish","type":"product","link":"https:\/\/tivixiaomi.co\/en\/tivi\/may-hut-mui-xiaomi-viomi-cxw-250-vt203\/","title":{"rendered":"M\u00e1y h\u00fat m\u00f9i Xiaomi Viomi CXW-250-VT203"},"content":{"rendered":"","protected":false},"excerpt":{"rendered":"<p>M\u00e1y h\u00fat m\u00f9i Xiaomi Viomi CXW-250-VT203 gi\u00e1 t\u1ed1t, s\u1eed d\u1ee5ng ph\u00f9 h\u1ee3p cho m\u1ecdi gian b\u1ebfp, b\u1ea3o v\u1ec7 s\u1ee9c kh\u1ecfe gia \u0111\u00ecnh b\u1ea1n, s\u1ea3n ph\u1ea9m cao c\u1ea5p, ch\u00ednh h\u00e3ng, giao h\u00e0ng, l\u1eafp \u0111\u1eb7t mi\u1ec5n ph\u00ed nhanh ch\u00f3ng<\/p>\n","protected":false},"featured_media":62746,"comment_status":"open","ping_status":"closed","template":"","meta":[],"product_brand":[],"product_cat":[378],"product_tag":[],"class_list":{"0":"post-62745","1":"product","2":"type-product","3":"status-publish","4":"has-post-thumbnail","6":"product_cat-may-hut-mui-xiaomi-viomi","8":"first","9":"instock","10":"sale","11":"shipping-taxable","12":"purchasable","13":"product-type-simple"},"_links":{"self":[{"href":"https:\/\/tivixiaomi.co\/en\/wp-json\/wp\/v2\/product\/62745"}],"collection":[{"href":"https:\/\/tivixiaomi.co\/en\/wp-json\/wp\/v2\/product"}],"about":[{"href":"https:\/\/tivixiaomi.co\/en\/wp-json\/wp\/v2\/types\/product"}],"replies":[{"embeddable":true,"href":"https:\/\/tivixiaomi.co\/en\/wp-json\/wp\/v2\/comments?post=62745"}],"version-history":[{"count":1,"href":"https:\/\/tivixiaomi.co\/en\/wp-json\/wp\/v2\/product\/62745\/revisions"}],"predecessor-version":[{"id":77440,"href":"https:\/\/tivixiaomi.co\/en\/wp-json\/wp\/v2\/product\/62745\/revisions\/77440"}],"wp:featuredmedia":[{"embeddable":true,"href":"https:\/\/tivixiaomi.co\/en\/wp-json\/wp\/v2\/media\/62746"}],"wp:attachment":[{"href":"https:\/\/tivixiaomi.co\/en\/wp-json\/wp\/v2\/media?parent=62745"}],"wp:term":[{"taxonomy":"product_brand","embeddable":true,"href":"https:\/\/tivixiaomi.co\/en\/wp-json\/wp\/v2\/product_brand?post=62745"},{"taxonomy":"product_cat","embeddable":true,"href":"https:\/\/tivixiaomi.co\/en\/wp-json\/wp\/v2\/product_cat?post=62745"},{"taxonomy":"product_tag","embeddable":true,"href":"https:\/\/tivixiaomi.co\/en\/wp-json\/wp\/v2\/product_tag?post=62745"}],"curies":[{"name":"wp","href":"https:\/\/api.w.org\/{rel}","templated":true}]}}