{"id":62747,"date":"2022-05-06T15:35:55","date_gmt":"2022-05-06T08:35:55","guid":{"rendered":"https:\/\/tivixiaomi.co\/?post_type=product&#038;p=62747"},"modified":"2024-09-14T23:38:39","modified_gmt":"2024-09-14T16:38:39","slug":"bep-ga-am-viomi-power-4-5-1a-jzt-vg303","status":"publish","type":"product","link":"https:\/\/tivixiaomi.co\/en\/tivi\/bep-ga-am-viomi-power-4-5-1a-jzt-vg303\/","title":{"rendered":"B\u1ebfp ga \u00e2m Viomi Power 4.5 1A JZT-VG303"},"content":{"rendered":"<p><img fetchpriority=\"high\" decoding=\"async\" class=\"alignnone wp-image-77671 size-full\" src=\"https:\/\/tivixiaomi.co\/wp-content\/uploads\/2022\/05\/24-600x663-1.jpg\" alt=\"\" width=\"600\" height=\"663\" srcset=\"https:\/\/tivixiaomi.co\/wp-content\/uploads\/2022\/05\/24-600x663-1.jpg 600w, https:\/\/tivixiaomi.co\/wp-content\/uploads\/2022\/05\/24-600x663-1-136x150.jpg 136w, https:\/\/tivixiaomi.co\/wp-content\/uploads\/2022\/05\/24-600x663-1-271x300.jpg 271w\" sizes=\"(max-width: 600px) 100vw, 600px\" \/> <img decoding=\"async\" class=\"alignnone wp-image-77673 size-full\" src=\"https:\/\/tivixiaomi.co\/wp-content\/uploads\/2022\/05\/25-600x887-1.jpg\" alt=\"\" width=\"600\" height=\"887\" srcset=\"https:\/\/tivixiaomi.co\/wp-content\/uploads\/2022\/05\/25-600x887-1.jpg 600w, https:\/\/tivixiaomi.co\/wp-content\/uploads\/2022\/05\/25-600x887-1-101x150.jpg 101w, https:\/\/tivixiaomi.co\/wp-content\/uploads\/2022\/05\/25-600x887-1-203x300.jpg 203w\" sizes=\"(max-width: 600px) 100vw, 600px\" \/> <img decoding=\"async\" class=\"alignnone wp-image-77675 size-full\" src=\"https:\/\/tivixiaomi.co\/wp-content\/uploads\/2022\/05\/26-600x857-1.jpg\" alt=\"\" width=\"600\" height=\"857\" srcset=\"https:\/\/tivixiaomi.co\/wp-content\/uploads\/2022\/05\/26-600x857-1.jpg 600w, https:\/\/tivixiaomi.co\/wp-content\/uploads\/2022\/05\/26-600x857-1-105x150.jpg 105w, https:\/\/tivixiaomi.co\/wp-content\/uploads\/2022\/05\/26-600x857-1-210x300.jpg 210w\" sizes=\"(max-width: 600px) 100vw, 600px\" \/> <img loading=\"lazy\" decoding=\"async\" class=\"alignnone wp-image-77677 size-full\" src=\"https:\/\/tivixiaomi.co\/wp-content\/uploads\/2022\/05\/27-600x865-1.jpg\" alt=\"\" width=\"600\" height=\"865\" srcset=\"https:\/\/tivixiaomi.co\/wp-content\/uploads\/2022\/05\/27-600x865-1.jpg 600w, https:\/\/tivixiaomi.co\/wp-content\/uploads\/2022\/05\/27-600x865-1-104x150.jpg 104w, https:\/\/tivixiaomi.co\/wp-content\/uploads\/2022\/05\/27-600x865-1-208x300.jpg 208w\" sizes=\"(max-width: 600px) 100vw, 600px\" \/><\/p>\n","protected":false},"excerpt":{"rendered":"<p>B\u1ebfp ga \u00e2m Viomi Power 4.5 1A JZT-VG303 gi\u00e1 t\u1ed1t, s\u1eed d\u1ee5ng ph\u00f9 h\u1ee3p cho m\u1ecdi gian b\u1ebfp, b\u1ea3o v\u1ec7 s\u1ee9c kh\u1ecfe gia \u0111\u00ecnh b\u1ea1n, s\u1ea3n ph\u1ea9m cao c\u1ea5p, ch\u00ednh h\u00e3ng, giao h\u00e0ng, l\u1eafp \u0111\u1eb7t mi\u1ec5n ph\u00ed nhanh ch\u00f3ng<\/p>\n","protected":false},"featured_media":62748,"comment_status":"open","ping_status":"closed","template":"","meta":[],"product_brand":[],"product_cat":[378],"product_tag":[808,809],"class_list":{"0":"post-62747","1":"product","2":"type-product","3":"status-publish","4":"has-post-thumbnail","6":"product_cat-may-hut-mui-xiaomi-viomi","7":"product_tag-bao-ve-tien-tien-10-lop","8":"product_tag-ngat-ga-tu-dong","10":"first","11":"instock","12":"sale","13":"shipping-taxable","14":"purchasable","15":"product-type-simple"},"_links":{"self":[{"href":"https:\/\/tivixiaomi.co\/en\/wp-json\/wp\/v2\/product\/62747"}],"collection":[{"href":"https:\/\/tivixiaomi.co\/en\/wp-json\/wp\/v2\/product"}],"about":[{"href":"https:\/\/tivixiaomi.co\/en\/wp-json\/wp\/v2\/types\/product"}],"replies":[{"embeddable":true,"href":"https:\/\/tivixiaomi.co\/en\/wp-json\/wp\/v2\/comments?post=62747"}],"version-history":[{"count":3,"href":"https:\/\/tivixiaomi.co\/en\/wp-json\/wp\/v2\/product\/62747\/revisions"}],"predecessor-version":[{"id":77680,"href":"https:\/\/tivixiaomi.co\/en\/wp-json\/wp\/v2\/product\/62747\/revisions\/77680"}],"wp:featuredmedia":[{"embeddable":true,"href":"https:\/\/tivixiaomi.co\/en\/wp-json\/wp\/v2\/media\/62748"}],"wp:attachment":[{"href":"https:\/\/tivixiaomi.co\/en\/wp-json\/wp\/v2\/media?parent=62747"}],"wp:term":[{"taxonomy":"product_brand","embeddable":true,"href":"https:\/\/tivixiaomi.co\/en\/wp-json\/wp\/v2\/product_brand?post=62747"},{"taxonomy":"product_cat","embeddable":true,"href":"https:\/\/tivixiaomi.co\/en\/wp-json\/wp\/v2\/product_cat?post=62747"},{"taxonomy":"product_tag","embeddable":true,"href":"https:\/\/tivixiaomi.co\/en\/wp-json\/wp\/v2\/product_tag?post=62747"}],"curies":[{"name":"wp","href":"https:\/\/api.w.org\/{rel}","templated":true}]}}