{"id":62749,"date":"2022-05-06T15:57:18","date_gmt":"2022-05-06T08:57:18","guid":{"rendered":"https:\/\/tivixiaomi.co\/?post_type=product&#038;p=62749"},"modified":"2024-09-14T23:42:17","modified_gmt":"2024-09-14T16:42:17","slug":"bep-gas-thong-minh-viomi-internet","status":"publish","type":"product","link":"https:\/\/tivixiaomi.co\/en\/tivi\/bep-gas-thong-minh-viomi-internet\/","title":{"rendered":"B\u1ebfp ga \u00e2m Viomi Power4.2KW JZT-VG301"},"content":{"rendered":"<p><img fetchpriority=\"high\" decoding=\"async\" class=\"alignnone wp-image-77682 size-full\" src=\"https:\/\/tivixiaomi.co\/wp-content\/uploads\/2022\/05\/11.webp\" alt=\"\" width=\"1228\" height=\"1536\" srcset=\"https:\/\/tivixiaomi.co\/wp-content\/uploads\/2022\/05\/11.webp 1228w, https:\/\/tivixiaomi.co\/wp-content\/uploads\/2022\/05\/11-120x150.webp 120w, https:\/\/tivixiaomi.co\/wp-content\/uploads\/2022\/05\/11-600x750.webp 600w, https:\/\/tivixiaomi.co\/wp-content\/uploads\/2022\/05\/11-240x300.webp 240w, https:\/\/tivixiaomi.co\/wp-content\/uploads\/2022\/05\/11-819x1024.webp 819w, https:\/\/tivixiaomi.co\/wp-content\/uploads\/2022\/05\/11-768x961.webp 768w\" sizes=\"(max-width: 1228px) 100vw, 1228px\" \/> <img decoding=\"async\" class=\"alignnone wp-image-77684 size-full\" src=\"https:\/\/tivixiaomi.co\/wp-content\/uploads\/2022\/05\/22.webp\" alt=\"\" width=\"1108\" height=\"1536\" srcset=\"https:\/\/tivixiaomi.co\/wp-content\/uploads\/2022\/05\/22.webp 1108w, https:\/\/tivixiaomi.co\/wp-content\/uploads\/2022\/05\/22-108x150.webp 108w, https:\/\/tivixiaomi.co\/wp-content\/uploads\/2022\/05\/22-600x832.webp 600w, https:\/\/tivixiaomi.co\/wp-content\/uploads\/2022\/05\/22-216x300.webp 216w, https:\/\/tivixiaomi.co\/wp-content\/uploads\/2022\/05\/22-739x1024.webp 739w, https:\/\/tivixiaomi.co\/wp-content\/uploads\/2022\/05\/22-768x1065.webp 768w\" sizes=\"(max-width: 1108px) 100vw, 1108px\" \/> <img decoding=\"async\" class=\"alignnone wp-image-77686 size-full\" src=\"https:\/\/tivixiaomi.co\/wp-content\/uploads\/2022\/05\/33.webp\" alt=\"\" width=\"1060\" height=\"1536\" srcset=\"https:\/\/tivixiaomi.co\/wp-content\/uploads\/2022\/05\/33.webp 1060w, https:\/\/tivixiaomi.co\/wp-content\/uploads\/2022\/05\/33-104x150.webp 104w, https:\/\/tivixiaomi.co\/wp-content\/uploads\/2022\/05\/33-600x869.webp 600w, https:\/\/tivixiaomi.co\/wp-content\/uploads\/2022\/05\/33-207x300.webp 207w, https:\/\/tivixiaomi.co\/wp-content\/uploads\/2022\/05\/33-707x1024.webp 707w, https:\/\/tivixiaomi.co\/wp-content\/uploads\/2022\/05\/33-768x1113.webp 768w\" sizes=\"(max-width: 1060px) 100vw, 1060px\" \/> <img loading=\"lazy\" decoding=\"async\" class=\"alignnone wp-image-77688 size-full\" src=\"https:\/\/tivixiaomi.co\/wp-content\/uploads\/2022\/05\/44.webp\" alt=\"\" width=\"1097\" height=\"1536\" srcset=\"https:\/\/tivixiaomi.co\/wp-content\/uploads\/2022\/05\/44.webp 1097w, https:\/\/tivixiaomi.co\/wp-content\/uploads\/2022\/05\/44-107x150.webp 107w, https:\/\/tivixiaomi.co\/wp-content\/uploads\/2022\/05\/44-600x840.webp 600w, https:\/\/tivixiaomi.co\/wp-content\/uploads\/2022\/05\/44-214x300.webp 214w, https:\/\/tivixiaomi.co\/wp-content\/uploads\/2022\/05\/44-731x1024.webp 731w, https:\/\/tivixiaomi.co\/wp-content\/uploads\/2022\/05\/44-768x1075.webp 768w\" sizes=\"(max-width: 1097px) 100vw, 1097px\" \/> <img loading=\"lazy\" decoding=\"async\" class=\"alignnone wp-image-77690 size-full\" src=\"https:\/\/tivixiaomi.co\/wp-content\/uploads\/2022\/05\/55.webp\" alt=\"\" width=\"1237\" height=\"2048\" srcset=\"https:\/\/tivixiaomi.co\/wp-content\/uploads\/2022\/05\/55.webp 1237w, https:\/\/tivixiaomi.co\/wp-content\/uploads\/2022\/05\/55-91x150.webp 91w, https:\/\/tivixiaomi.co\/wp-content\/uploads\/2022\/05\/55-600x993.webp 600w, https:\/\/tivixiaomi.co\/wp-content\/uploads\/2022\/05\/55-181x300.webp 181w, https:\/\/tivixiaomi.co\/wp-content\/uploads\/2022\/05\/55-619x1024.webp 619w, https:\/\/tivixiaomi.co\/wp-content\/uploads\/2022\/05\/55-768x1272.webp 768w, https:\/\/tivixiaomi.co\/wp-content\/uploads\/2022\/05\/55-928x1536.webp 928w\" sizes=\"(max-width: 1237px) 100vw, 1237px\" \/> <img loading=\"lazy\" decoding=\"async\" class=\"alignnone wp-image-77692 size-full\" src=\"https:\/\/tivixiaomi.co\/wp-content\/uploads\/2022\/05\/66.webp\" alt=\"\" width=\"1072\" height=\"1536\" srcset=\"https:\/\/tivixiaomi.co\/wp-content\/uploads\/2022\/05\/66.webp 1072w, https:\/\/tivixiaomi.co\/wp-content\/uploads\/2022\/05\/66-105x150.webp 105w, https:\/\/tivixiaomi.co\/wp-content\/uploads\/2022\/05\/66-600x860.webp 600w, https:\/\/tivixiaomi.co\/wp-content\/uploads\/2022\/05\/66-209x300.webp 209w, https:\/\/tivixiaomi.co\/wp-content\/uploads\/2022\/05\/66-715x1024.webp 715w, https:\/\/tivixiaomi.co\/wp-content\/uploads\/2022\/05\/66-768x1100.webp 768w\" sizes=\"(max-width: 1072px) 100vw, 1072px\" \/> <img loading=\"lazy\" decoding=\"async\" class=\"alignnone wp-image-77694 size-full\" src=\"https:\/\/tivixiaomi.co\/wp-content\/uploads\/2022\/05\/77.webp\" alt=\"\" width=\"1117\" height=\"2048\" srcset=\"https:\/\/tivixiaomi.co\/wp-content\/uploads\/2022\/05\/77.webp 1117w, https:\/\/tivixiaomi.co\/wp-content\/uploads\/2022\/05\/77-82x150.webp 82w, https:\/\/tivixiaomi.co\/wp-content\/uploads\/2022\/05\/77-600x1100.webp 600w, https:\/\/tivixiaomi.co\/wp-content\/uploads\/2022\/05\/77-164x300.webp 164w, https:\/\/tivixiaomi.co\/wp-content\/uploads\/2022\/05\/77-559x1024.webp 559w, https:\/\/tivixiaomi.co\/wp-content\/uploads\/2022\/05\/77-768x1408.webp 768w, https:\/\/tivixiaomi.co\/wp-content\/uploads\/2022\/05\/77-838x1536.webp 838w\" sizes=\"(max-width: 1117px) 100vw, 1117px\" \/> <img loading=\"lazy\" decoding=\"async\" class=\"alignnone wp-image-77696 size-full\" src=\"https:\/\/tivixiaomi.co\/wp-content\/uploads\/2022\/05\/88.webp\" alt=\"\" width=\"1371\" height=\"2048\" srcset=\"https:\/\/tivixiaomi.co\/wp-content\/uploads\/2022\/05\/88.webp 1371w, https:\/\/tivixiaomi.co\/wp-content\/uploads\/2022\/05\/88-100x150.webp 100w, https:\/\/tivixiaomi.co\/wp-content\/uploads\/2022\/05\/88-600x896.webp 600w, https:\/\/tivixiaomi.co\/wp-content\/uploads\/2022\/05\/88-201x300.webp 201w, https:\/\/tivixiaomi.co\/wp-content\/uploads\/2022\/05\/88-686x1024.webp 686w, https:\/\/tivixiaomi.co\/wp-content\/uploads\/2022\/05\/88-768x1147.webp 768w, https:\/\/tivixiaomi.co\/wp-content\/uploads\/2022\/05\/88-1028x1536.webp 1028w\" sizes=\"(max-width: 1371px) 100vw, 1371px\" \/><\/p>\n","protected":false},"excerpt":{"rendered":"<p>B\u1ebfp Gas Th\u00f4ng Minh Viomi Internet gi\u00e1 t\u1ed1t, s\u1eed d\u1ee5ng ph\u00f9 h\u1ee3p cho m\u1ecdi gian b\u1ebfp, b\u1ea3o v\u1ec7 s\u1ee9c kh\u1ecfe gia \u0111\u00ecnh b\u1ea1n, s\u1ea3n ph\u1ea9m cao c\u1ea5p, ch\u00ednh h\u00e3ng, giao h\u00e0ng, l\u1eafp \u0111\u1eb7t mi\u1ec5n ph\u00ed nhanh ch\u00f3ng<\/p>\n","protected":false},"featured_media":62751,"comment_status":"open","ping_status":"closed","template":"","meta":[],"product_brand":[],"product_cat":[378],"product_tag":[808,809],"class_list":{"0":"post-62749","1":"product","2":"type-product","3":"status-publish","4":"has-post-thumbnail","6":"product_cat-may-hut-mui-xiaomi-viomi","7":"product_tag-bao-ve-tien-tien-10-lop","8":"product_tag-ngat-ga-tu-dong","10":"first","11":"instock","12":"sale","13":"shipping-taxable","14":"product-type-external"},"_links":{"self":[{"href":"https:\/\/tivixiaomi.co\/en\/wp-json\/wp\/v2\/product\/62749"}],"collection":[{"href":"https:\/\/tivixiaomi.co\/en\/wp-json\/wp\/v2\/product"}],"about":[{"href":"https:\/\/tivixiaomi.co\/en\/wp-json\/wp\/v2\/types\/product"}],"replies":[{"embeddable":true,"href":"https:\/\/tivixiaomi.co\/en\/wp-json\/wp\/v2\/comments?post=62749"}],"version-history":[{"count":4,"href":"https:\/\/tivixiaomi.co\/en\/wp-json\/wp\/v2\/product\/62749\/revisions"}],"predecessor-version":[{"id":77698,"href":"https:\/\/tivixiaomi.co\/en\/wp-json\/wp\/v2\/product\/62749\/revisions\/77698"}],"wp:featuredmedia":[{"embeddable":true,"href":"https:\/\/tivixiaomi.co\/en\/wp-json\/wp\/v2\/media\/62751"}],"wp:attachment":[{"href":"https:\/\/tivixiaomi.co\/en\/wp-json\/wp\/v2\/media?parent=62749"}],"wp:term":[{"taxonomy":"product_brand","embeddable":true,"href":"https:\/\/tivixiaomi.co\/en\/wp-json\/wp\/v2\/product_brand?post=62749"},{"taxonomy":"product_cat","embeddable":true,"href":"https:\/\/tivixiaomi.co\/en\/wp-json\/wp\/v2\/product_cat?post=62749"},{"taxonomy":"product_tag","embeddable":true,"href":"https:\/\/tivixiaomi.co\/en\/wp-json\/wp\/v2\/product_tag?post=62749"}],"curies":[{"name":"wp","href":"https:\/\/api.w.org\/{rel}","templated":true}]}}