{"id":62822,"date":"2022-05-10T13:03:05","date_gmt":"2022-05-10T06:03:05","guid":{"rendered":"https:\/\/tivixiaomi.co\/?post_type=product&#038;p=62822"},"modified":"2024-09-04T13:46:06","modified_gmt":"2024-09-04T06:46:06","slug":"mitv-ea40","status":"publish","type":"product","link":"https:\/\/tivixiaomi.co\/en\/tivi\/mitv-ea40\/","title":{"rendered":"TIVI XIAOMI EA40 2022 SERIES (Gi\u00e1 \u0111\u00e3 bao g\u1ed3m thu\u1ebf gi\u00e1 tr\u1ecb gia t\u0103ng v\u00e0 g\u00f3i d\u1ecbch v\u1ee5 1 n\u0103m b\u1ea3o h\u00e0nh)"},"content":{"rendered":"<p><img fetchpriority=\"high\" decoding=\"async\" class=\"aligncenter wp-image-62946 size-large\" src=\"https:\/\/tivixiaomi.co\/wp-content\/uploads\/2022\/05\/1d-1-1024x442.jpg\" alt=\"\" width=\"1024\" height=\"442\" srcset=\"https:\/\/tivixiaomi.co\/wp-content\/uploads\/2022\/05\/1d-1-1024x442.jpg 1024w, https:\/\/tivixiaomi.co\/wp-content\/uploads\/2022\/05\/1d-1-jpg-150x65.webp 150w, https:\/\/tivixiaomi.co\/wp-content\/uploads\/2022\/05\/1d-1-600x259.jpg 600w, https:\/\/tivixiaomi.co\/wp-content\/uploads\/2022\/05\/1d-1-300x129.jpg 300w, https:\/\/tivixiaomi.co\/wp-content\/uploads\/2022\/05\/1d-1-768x331.jpg 768w, https:\/\/tivixiaomi.co\/wp-content\/uploads\/2022\/05\/1d-1-1536x662.jpg 1536w, https:\/\/tivixiaomi.co\/wp-content\/uploads\/2022\/05\/1d-1-jpg.webp 1920w\" sizes=\"(max-width: 1024px) 100vw, 1024px\" \/><\/p>\n<p style=\"text-align: center;\"><em>Phi\u00ean b\u1ea3n EA 40&#8243; th\u1ebf h\u1ec7 Tivi to\u00e0n m\u00e0n h\u00ecnh kim lo\u1ea1i th\u1ebf h\u1ec7 m\u1edbi n\u00e2ng c\u1ea5p h\u01a1n v\u1ec1 ch\u1ea5t l\u01b0\u1ee3ng<\/em><\/p>\n<p style=\"text-align: center;\"><img decoding=\"async\" class=\"alignnone wp-image-62871 size-large\" src=\"https:\/\/tivixiaomi.co\/wp-content\/uploads\/2022\/05\/TIVI-XIAOMI-EA40-2022-SERIES-2-1024x260.jpg\" alt=\"\" width=\"1024\" height=\"260\" srcset=\"https:\/\/tivixiaomi.co\/wp-content\/uploads\/2022\/05\/TIVI-XIAOMI-EA40-2022-SERIES-2-1024x260.jpg 1024w, https:\/\/tivixiaomi.co\/wp-content\/uploads\/2022\/05\/TIVI-XIAOMI-EA40-2022-SERIES-2-jpg-150x38.webp 150w, https:\/\/tivixiaomi.co\/wp-content\/uploads\/2022\/05\/TIVI-XIAOMI-EA40-2022-SERIES-2-600x153.jpg 600w, https:\/\/tivixiaomi.co\/wp-content\/uploads\/2022\/05\/TIVI-XIAOMI-EA40-2022-SERIES-2-300x76.jpg 300w, https:\/\/tivixiaomi.co\/wp-content\/uploads\/2022\/05\/TIVI-XIAOMI-EA40-2022-SERIES-2-768x195.jpg 768w, https:\/\/tivixiaomi.co\/wp-content\/uploads\/2022\/05\/TIVI-XIAOMI-EA40-2022-SERIES-2-1536x390.jpg 1536w, https:\/\/tivixiaomi.co\/wp-content\/uploads\/2022\/05\/TIVI-XIAOMI-EA40-2022-SERIES-2-jpg.webp 1920w\" sizes=\"(max-width: 1024px) 100vw, 1024px\" \/><\/p>\n<p style=\"text-align: center;\"><img decoding=\"async\" class=\"alignnone wp-image-62872 size-large\" src=\"https:\/\/tivixiaomi.co\/wp-content\/uploads\/2022\/05\/TIVI-XIAOMI-EA40-2022-SERIES-3-1024x177.jpg\" alt=\"\" width=\"1024\" height=\"177\" srcset=\"https:\/\/tivixiaomi.co\/wp-content\/uploads\/2022\/05\/TIVI-XIAOMI-EA40-2022-SERIES-3-1024x177.jpg 1024w, https:\/\/tivixiaomi.co\/wp-content\/uploads\/2022\/05\/TIVI-XIAOMI-EA40-2022-SERIES-3-jpg-150x26.webp 150w, https:\/\/tivixiaomi.co\/wp-content\/uploads\/2022\/05\/TIVI-XIAOMI-EA40-2022-SERIES-3-600x104.jpg 600w, https:\/\/tivixiaomi.co\/wp-content\/uploads\/2022\/05\/TIVI-XIAOMI-EA40-2022-SERIES-3-300x52.jpg 300w, https:\/\/tivixiaomi.co\/wp-content\/uploads\/2022\/05\/TIVI-XIAOMI-EA40-2022-SERIES-3-768x133.jpg 768w, https:\/\/tivixiaomi.co\/wp-content\/uploads\/2022\/05\/TIVI-XIAOMI-EA40-2022-SERIES-3-1536x266.jpg 1536w, https:\/\/tivixiaomi.co\/wp-content\/uploads\/2022\/05\/TIVI-XIAOMI-EA40-2022-SERIES-3-jpg.webp 1920w\" sizes=\"(max-width: 1024px) 100vw, 1024px\" \/><\/p>\n<p style=\"text-align: center;\"><em>N\u00e2ng c\u1ea5p to\u00e0n di\u1ec7n Tivi to\u00e0n m\u00e0n h\u00ecnh kim lo\u1ea1i th\u1ebf h\u1ec7 m\u1edbi<\/em><\/p>\n<p style=\"text-align: center;\"><img loading=\"lazy\" decoding=\"async\" class=\"alignnone wp-image-62873 size-large\" src=\"https:\/\/tivixiaomi.co\/wp-content\/uploads\/2022\/05\/TIVI-XIAOMI-EA40-2022-SERIES-4-1024x757.jpg\" alt=\"\" width=\"1024\" height=\"757\" srcset=\"https:\/\/tivixiaomi.co\/wp-content\/uploads\/2022\/05\/TIVI-XIAOMI-EA40-2022-SERIES-4-1024x757.jpg 1024w, https:\/\/tivixiaomi.co\/wp-content\/uploads\/2022\/05\/TIVI-XIAOMI-EA40-2022-SERIES-4-jpg-150x111.webp 150w, https:\/\/tivixiaomi.co\/wp-content\/uploads\/2022\/05\/TIVI-XIAOMI-EA40-2022-SERIES-4-600x444.jpg 600w, https:\/\/tivixiaomi.co\/wp-content\/uploads\/2022\/05\/TIVI-XIAOMI-EA40-2022-SERIES-4-300x222.jpg 300w, https:\/\/tivixiaomi.co\/wp-content\/uploads\/2022\/05\/TIVI-XIAOMI-EA40-2022-SERIES-4-768x568.jpg 768w, https:\/\/tivixiaomi.co\/wp-content\/uploads\/2022\/05\/TIVI-XIAOMI-EA40-2022-SERIES-4-1536x1136.jpg 1536w, https:\/\/tivixiaomi.co\/wp-content\/uploads\/2022\/05\/TIVI-XIAOMI-EA40-2022-SERIES-4-jpg.webp 1920w\" sizes=\"(max-width: 1024px) 100vw, 1024px\" \/><\/p>\n<p style=\"text-align: center;\"><img loading=\"lazy\" decoding=\"async\" class=\"alignnone wp-image-62874 size-large\" src=\"https:\/\/tivixiaomi.co\/wp-content\/uploads\/2022\/05\/TIVI-XIAOMI-EA40-2022-SERIES-5-1024x587.jpg\" alt=\"\" width=\"1024\" height=\"587\" srcset=\"https:\/\/tivixiaomi.co\/wp-content\/uploads\/2022\/05\/TIVI-XIAOMI-EA40-2022-SERIES-5-1024x587.jpg 1024w, https:\/\/tivixiaomi.co\/wp-content\/uploads\/2022\/05\/TIVI-XIAOMI-EA40-2022-SERIES-5-jpg-150x86.webp 150w, https:\/\/tivixiaomi.co\/wp-content\/uploads\/2022\/05\/TIVI-XIAOMI-EA40-2022-SERIES-5-600x344.jpg 600w, https:\/\/tivixiaomi.co\/wp-content\/uploads\/2022\/05\/TIVI-XIAOMI-EA40-2022-SERIES-5-300x172.jpg 300w, https:\/\/tivixiaomi.co\/wp-content\/uploads\/2022\/05\/TIVI-XIAOMI-EA40-2022-SERIES-5-768x440.jpg 768w, https:\/\/tivixiaomi.co\/wp-content\/uploads\/2022\/05\/TIVI-XIAOMI-EA40-2022-SERIES-5-1536x881.jpg 1536w, https:\/\/tivixiaomi.co\/wp-content\/uploads\/2022\/05\/TIVI-XIAOMI-EA40-2022-SERIES-5-jpg.webp 1920w\" sizes=\"(max-width: 1024px) 100vw, 1024px\" \/><\/p>\n<p style=\"text-align: center;\"><em>Vi\u1ec1n Tivi c\u1ef1c m\u1ecfng, t\u1ef7 l\u1ec7 m\u00e0n h\u00ecnh l\u00e0 97,1% \u0111\u1eafm ch\u00ecm v\u00e0o khung h\u00ecnh, v\u01b0\u1ee3t m\u1ecdi gi\u1edbi h\u1ea1n th\u1ecb gi\u00e1c<\/em><\/p>\n<p style=\"text-align: center;\"><img loading=\"lazy\" decoding=\"async\" class=\"alignnone wp-image-62875 size-large\" src=\"https:\/\/tivixiaomi.co\/wp-content\/uploads\/2022\/05\/TIVI-XIAOMI-EA40-2022-SERIES-6-1024x571.jpg\" alt=\"\" width=\"1024\" height=\"571\" srcset=\"https:\/\/tivixiaomi.co\/wp-content\/uploads\/2022\/05\/TIVI-XIAOMI-EA40-2022-SERIES-6-1024x571.jpg 1024w, https:\/\/tivixiaomi.co\/wp-content\/uploads\/2022\/05\/TIVI-XIAOMI-EA40-2022-SERIES-6-jpg-150x84.webp 150w, https:\/\/tivixiaomi.co\/wp-content\/uploads\/2022\/05\/TIVI-XIAOMI-EA40-2022-SERIES-6-600x335.jpg 600w, https:\/\/tivixiaomi.co\/wp-content\/uploads\/2022\/05\/TIVI-XIAOMI-EA40-2022-SERIES-6-300x167.jpg 300w, https:\/\/tivixiaomi.co\/wp-content\/uploads\/2022\/05\/TIVI-XIAOMI-EA40-2022-SERIES-6-768x428.jpg 768w, https:\/\/tivixiaomi.co\/wp-content\/uploads\/2022\/05\/TIVI-XIAOMI-EA40-2022-SERIES-6-1536x857.jpg 1536w, https:\/\/tivixiaomi.co\/wp-content\/uploads\/2022\/05\/TIVI-XIAOMI-EA40-2022-SERIES-6-jpg.webp 1920w\" sizes=\"(max-width: 1024px) 100vw, 1024px\" \/><\/p>\n<p style=\"text-align: center;\"><img loading=\"lazy\" decoding=\"async\" class=\"alignnone wp-image-62876 size-large\" src=\"https:\/\/tivixiaomi.co\/wp-content\/uploads\/2022\/05\/TIVI-XIAOMI-EA40-2022-SERIES-7-1024x749.jpg\" alt=\"\" width=\"1024\" height=\"749\" srcset=\"https:\/\/tivixiaomi.co\/wp-content\/uploads\/2022\/05\/TIVI-XIAOMI-EA40-2022-SERIES-7-1024x749.jpg 1024w, https:\/\/tivixiaomi.co\/wp-content\/uploads\/2022\/05\/TIVI-XIAOMI-EA40-2022-SERIES-7-jpg-150x110.webp 150w, https:\/\/tivixiaomi.co\/wp-content\/uploads\/2022\/05\/TIVI-XIAOMI-EA40-2022-SERIES-7-600x439.jpg 600w, https:\/\/tivixiaomi.co\/wp-content\/uploads\/2022\/05\/TIVI-XIAOMI-EA40-2022-SERIES-7-300x219.jpg 300w, https:\/\/tivixiaomi.co\/wp-content\/uploads\/2022\/05\/TIVI-XIAOMI-EA40-2022-SERIES-7-768x562.jpg 768w, https:\/\/tivixiaomi.co\/wp-content\/uploads\/2022\/05\/TIVI-XIAOMI-EA40-2022-SERIES-7-1536x1123.jpg 1536w, https:\/\/tivixiaomi.co\/wp-content\/uploads\/2022\/05\/TIVI-XIAOMI-EA40-2022-SERIES-7-jpg.webp 1920w\" sizes=\"(max-width: 1024px) 100vw, 1024px\" \/><\/p>\n<p style=\"text-align: center;\"><em>N\u00e2ng c\u1ea5p c\u00f4ng ngh\u1ec7 hi\u1ec3n th\u1ecb v\u01b0\u1ee3t tr\u1ed9i v\u1edbi hi\u1ec3n th\u1ecb si\u00eau s\u1eafc n\u00e9t<\/em><\/p>\n<p style=\"text-align: center;\"><img loading=\"lazy\" decoding=\"async\" class=\"alignnone wp-image-62877 size-large\" src=\"https:\/\/tivixiaomi.co\/wp-content\/uploads\/2022\/05\/TIVI-XIAOMI-EA40-2022-SERIES-8-1024x571.jpg\" alt=\"\" width=\"1024\" height=\"571\" srcset=\"https:\/\/tivixiaomi.co\/wp-content\/uploads\/2022\/05\/TIVI-XIAOMI-EA40-2022-SERIES-8-1024x571.jpg 1024w, https:\/\/tivixiaomi.co\/wp-content\/uploads\/2022\/05\/TIVI-XIAOMI-EA40-2022-SERIES-8-jpg-150x84.webp 150w, https:\/\/tivixiaomi.co\/wp-content\/uploads\/2022\/05\/TIVI-XIAOMI-EA40-2022-SERIES-8-600x335.jpg 600w, https:\/\/tivixiaomi.co\/wp-content\/uploads\/2022\/05\/TIVI-XIAOMI-EA40-2022-SERIES-8-300x167.jpg 300w, https:\/\/tivixiaomi.co\/wp-content\/uploads\/2022\/05\/TIVI-XIAOMI-EA40-2022-SERIES-8-768x428.jpg 768w, https:\/\/tivixiaomi.co\/wp-content\/uploads\/2022\/05\/TIVI-XIAOMI-EA40-2022-SERIES-8-1536x857.jpg 1536w, https:\/\/tivixiaomi.co\/wp-content\/uploads\/2022\/05\/TIVI-XIAOMI-EA40-2022-SERIES-8-jpg.webp 1920w\" sizes=\"(max-width: 1024px) 100vw, 1024px\" \/><\/p>\n<p style=\"text-align: center;\"><em>S\u1eed d\u1ee5ng tr\u1ee3 l\u00fd \u1ea3o \u0111i\u1ec1u ki\u1ec3n gi\u1ecdng n\u00f3i linh ho\u1ea1t<\/em><\/p>\n<p style=\"text-align: center;\"><img loading=\"lazy\" decoding=\"async\" class=\"alignnone wp-image-62878 size-large\" src=\"https:\/\/tivixiaomi.co\/wp-content\/uploads\/2022\/05\/TIVI-XIAOMI-EA40-2022-SERIES-9-1024x585.jpg\" alt=\"\" width=\"1024\" height=\"585\" srcset=\"https:\/\/tivixiaomi.co\/wp-content\/uploads\/2022\/05\/TIVI-XIAOMI-EA40-2022-SERIES-9-1024x585.jpg 1024w, https:\/\/tivixiaomi.co\/wp-content\/uploads\/2022\/05\/TIVI-XIAOMI-EA40-2022-SERIES-9-jpg-150x86.webp 150w, https:\/\/tivixiaomi.co\/wp-content\/uploads\/2022\/05\/TIVI-XIAOMI-EA40-2022-SERIES-9-600x343.jpg 600w, https:\/\/tivixiaomi.co\/wp-content\/uploads\/2022\/05\/TIVI-XIAOMI-EA40-2022-SERIES-9-300x171.jpg 300w, https:\/\/tivixiaomi.co\/wp-content\/uploads\/2022\/05\/TIVI-XIAOMI-EA40-2022-SERIES-9-768x438.jpg 768w, https:\/\/tivixiaomi.co\/wp-content\/uploads\/2022\/05\/TIVI-XIAOMI-EA40-2022-SERIES-9-1536x877.jpg 1536w, https:\/\/tivixiaomi.co\/wp-content\/uploads\/2022\/05\/TIVI-XIAOMI-EA40-2022-SERIES-9-jpg.webp 1920w\" sizes=\"(max-width: 1024px) 100vw, 1024px\" \/><\/p>\n<p style=\"text-align: center;\"><img loading=\"lazy\" decoding=\"async\" class=\"alignnone wp-image-62880 size-large\" src=\"https:\/\/tivixiaomi.co\/wp-content\/uploads\/2022\/05\/TIVI-XIAOMI-EA40-2022-SERIES-10-1024x766.jpg\" alt=\"\" width=\"1024\" height=\"766\" srcset=\"https:\/\/tivixiaomi.co\/wp-content\/uploads\/2022\/05\/TIVI-XIAOMI-EA40-2022-SERIES-10-1024x766.jpg 1024w, https:\/\/tivixiaomi.co\/wp-content\/uploads\/2022\/05\/TIVI-XIAOMI-EA40-2022-SERIES-10-jpg-150x112.webp 150w, https:\/\/tivixiaomi.co\/wp-content\/uploads\/2022\/05\/TIVI-XIAOMI-EA40-2022-SERIES-10-600x449.jpg 600w, https:\/\/tivixiaomi.co\/wp-content\/uploads\/2022\/05\/TIVI-XIAOMI-EA40-2022-SERIES-10-300x225.jpg 300w, https:\/\/tivixiaomi.co\/wp-content\/uploads\/2022\/05\/TIVI-XIAOMI-EA40-2022-SERIES-10-768x575.jpg 768w, https:\/\/tivixiaomi.co\/wp-content\/uploads\/2022\/05\/TIVI-XIAOMI-EA40-2022-SERIES-10-1536x1150.jpg 1536w, https:\/\/tivixiaomi.co\/wp-content\/uploads\/2022\/05\/TIVI-XIAOMI-EA40-2022-SERIES-10-jpg.webp 1920w\" sizes=\"(max-width: 1024px) 100vw, 1024px\" \/><\/p>\n<p style=\"text-align: center;\"><img loading=\"lazy\" decoding=\"async\" class=\"alignnone wp-image-62881 size-large\" src=\"https:\/\/tivixiaomi.co\/wp-content\/uploads\/2022\/05\/TIVI-XIAOMI-EA40-2022-SERIES-11-1024x596.jpg\" alt=\"\" width=\"1024\" height=\"596\" srcset=\"https:\/\/tivixiaomi.co\/wp-content\/uploads\/2022\/05\/TIVI-XIAOMI-EA40-2022-SERIES-11-1024x596.jpg 1024w, https:\/\/tivixiaomi.co\/wp-content\/uploads\/2022\/05\/TIVI-XIAOMI-EA40-2022-SERIES-11-jpg-150x87.webp 150w, https:\/\/tivixiaomi.co\/wp-content\/uploads\/2022\/05\/TIVI-XIAOMI-EA40-2022-SERIES-11-600x349.jpg 600w, https:\/\/tivixiaomi.co\/wp-content\/uploads\/2022\/05\/TIVI-XIAOMI-EA40-2022-SERIES-11-300x175.jpg 300w, https:\/\/tivixiaomi.co\/wp-content\/uploads\/2022\/05\/TIVI-XIAOMI-EA40-2022-SERIES-11-768x447.jpg 768w, https:\/\/tivixiaomi.co\/wp-content\/uploads\/2022\/05\/TIVI-XIAOMI-EA40-2022-SERIES-11-1536x894.jpg 1536w, https:\/\/tivixiaomi.co\/wp-content\/uploads\/2022\/05\/TIVI-XIAOMI-EA40-2022-SERIES-11-jpg.webp 1920w\" sizes=\"(max-width: 1024px) 100vw, 1024px\" \/><\/p>\n<p style=\"text-align: center;\"><em>S\u1eed d\u1ee5ng vi x\u1eed l\u00fd m\u1ea1nh m\u1ebd Amlogic l\u00f5i k\u00e9p<\/em><\/p>\n<p style=\"text-align: center;\"><img loading=\"lazy\" decoding=\"async\" class=\"alignnone wp-image-62882 size-large\" src=\"https:\/\/tivixiaomi.co\/wp-content\/uploads\/2022\/05\/TIVI-XIAOMI-EA40-2022-SERIES-12-1024x320.jpg\" alt=\"\" width=\"1024\" height=\"320\" srcset=\"https:\/\/tivixiaomi.co\/wp-content\/uploads\/2022\/05\/TIVI-XIAOMI-EA40-2022-SERIES-12-1024x320.jpg 1024w, https:\/\/tivixiaomi.co\/wp-content\/uploads\/2022\/05\/TIVI-XIAOMI-EA40-2022-SERIES-12-jpg-150x47.webp 150w, https:\/\/tivixiaomi.co\/wp-content\/uploads\/2022\/05\/TIVI-XIAOMI-EA40-2022-SERIES-12-600x188.jpg 600w, https:\/\/tivixiaomi.co\/wp-content\/uploads\/2022\/05\/TIVI-XIAOMI-EA40-2022-SERIES-12-300x94.jpg 300w, https:\/\/tivixiaomi.co\/wp-content\/uploads\/2022\/05\/TIVI-XIAOMI-EA40-2022-SERIES-12-768x240.jpg 768w, https:\/\/tivixiaomi.co\/wp-content\/uploads\/2022\/05\/TIVI-XIAOMI-EA40-2022-SERIES-12-1536x480.jpg 1536w, https:\/\/tivixiaomi.co\/wp-content\/uploads\/2022\/05\/TIVI-XIAOMI-EA40-2022-SERIES-12-jpg.webp 1920w\" sizes=\"(max-width: 1024px) 100vw, 1024px\" \/><\/p>\n<p style=\"text-align: center;\"><img loading=\"lazy\" decoding=\"async\" class=\"alignnone wp-image-62883 size-large\" src=\"https:\/\/tivixiaomi.co\/wp-content\/uploads\/2022\/05\/TIVI-XIAOMI-EA40-2022-SERIES-13-1024x281.jpg\" alt=\"\" width=\"1024\" height=\"281\" srcset=\"https:\/\/tivixiaomi.co\/wp-content\/uploads\/2022\/05\/TIVI-XIAOMI-EA40-2022-SERIES-13-1024x281.jpg 1024w, https:\/\/tivixiaomi.co\/wp-content\/uploads\/2022\/05\/TIVI-XIAOMI-EA40-2022-SERIES-13-jpg-150x41.webp 150w, https:\/\/tivixiaomi.co\/wp-content\/uploads\/2022\/05\/TIVI-XIAOMI-EA40-2022-SERIES-13-600x164.jpg 600w, https:\/\/tivixiaomi.co\/wp-content\/uploads\/2022\/05\/TIVI-XIAOMI-EA40-2022-SERIES-13-300x82.jpg 300w, https:\/\/tivixiaomi.co\/wp-content\/uploads\/2022\/05\/TIVI-XIAOMI-EA40-2022-SERIES-13-768x210.jpg 768w, https:\/\/tivixiaomi.co\/wp-content\/uploads\/2022\/05\/TIVI-XIAOMI-EA40-2022-SERIES-13-1536x421.jpg 1536w, https:\/\/tivixiaomi.co\/wp-content\/uploads\/2022\/05\/TIVI-XIAOMI-EA40-2022-SERIES-13-jpg.webp 1920w\" sizes=\"(max-width: 1024px) 100vw, 1024px\" \/><\/p>\n<p style=\"text-align: center;\"><em>C\u00f4ng ngh\u1ec7 MIUI cho TV 3.0 cu\u1ed9c s\u1ed1ng th\u00f4ng minh to\u00e0n di\u1ec7n<\/em><\/p>\n<p style=\"text-align: center;\"><img loading=\"lazy\" decoding=\"async\" class=\"alignnone wp-image-62884 size-large\" src=\"https:\/\/tivixiaomi.co\/wp-content\/uploads\/2022\/05\/TIVI-XIAOMI-EA40-2022-SERIES-14-1024x861.jpg\" alt=\"\" width=\"1024\" height=\"861\" srcset=\"https:\/\/tivixiaomi.co\/wp-content\/uploads\/2022\/05\/TIVI-XIAOMI-EA40-2022-SERIES-14-1024x861.jpg 1024w, https:\/\/tivixiaomi.co\/wp-content\/uploads\/2022\/05\/TIVI-XIAOMI-EA40-2022-SERIES-14-jpg-150x126.webp 150w, https:\/\/tivixiaomi.co\/wp-content\/uploads\/2022\/05\/TIVI-XIAOMI-EA40-2022-SERIES-14-600x505.jpg 600w, https:\/\/tivixiaomi.co\/wp-content\/uploads\/2022\/05\/TIVI-XIAOMI-EA40-2022-SERIES-14-300x252.jpg 300w, https:\/\/tivixiaomi.co\/wp-content\/uploads\/2022\/05\/TIVI-XIAOMI-EA40-2022-SERIES-14-768x646.jpg 768w, https:\/\/tivixiaomi.co\/wp-content\/uploads\/2022\/05\/TIVI-XIAOMI-EA40-2022-SERIES-14-1536x1292.jpg 1536w, https:\/\/tivixiaomi.co\/wp-content\/uploads\/2022\/05\/TIVI-XIAOMI-EA40-2022-SERIES-14-jpg.webp 1920w\" sizes=\"(max-width: 1024px) 100vw, 1024px\" \/><\/p>\n<p style=\"text-align: center;\"><em>B\u1ed5 sung th\u00eam ch\u1ebf \u0111\u1ed9 l\u00e0m vi\u1ec7c th\u00f4ng tin\u00a0<\/em><\/p>\n<p style=\"text-align: center;\"><img loading=\"lazy\" decoding=\"async\" class=\"alignnone wp-image-62885 size-large\" src=\"https:\/\/tivixiaomi.co\/wp-content\/uploads\/2022\/05\/TIVI-XIAOMI-EA40-2022-SERIES-15-1024x659.jpg\" alt=\"\" width=\"1024\" height=\"659\" srcset=\"https:\/\/tivixiaomi.co\/wp-content\/uploads\/2022\/05\/TIVI-XIAOMI-EA40-2022-SERIES-15-1024x659.jpg 1024w, https:\/\/tivixiaomi.co\/wp-content\/uploads\/2022\/05\/TIVI-XIAOMI-EA40-2022-SERIES-15-jpg-150x97.webp 150w, https:\/\/tivixiaomi.co\/wp-content\/uploads\/2022\/05\/TIVI-XIAOMI-EA40-2022-SERIES-15-600x386.jpg 600w, https:\/\/tivixiaomi.co\/wp-content\/uploads\/2022\/05\/TIVI-XIAOMI-EA40-2022-SERIES-15-300x193.jpg 300w, https:\/\/tivixiaomi.co\/wp-content\/uploads\/2022\/05\/TIVI-XIAOMI-EA40-2022-SERIES-15-768x494.jpg 768w, https:\/\/tivixiaomi.co\/wp-content\/uploads\/2022\/05\/TIVI-XIAOMI-EA40-2022-SERIES-15-1536x989.jpg 1536w, https:\/\/tivixiaomi.co\/wp-content\/uploads\/2022\/05\/TIVI-XIAOMI-EA40-2022-SERIES-15-jpg.webp 1920w\" sizes=\"(max-width: 1024px) 100vw, 1024px\" \/><\/p>\n<p style=\"text-align: center;\"><img loading=\"lazy\" decoding=\"async\" class=\"alignnone wp-image-62886 size-large\" src=\"https:\/\/tivixiaomi.co\/wp-content\/uploads\/2022\/05\/TIVI-XIAOMI-EA40-2022-SERIES-16-1024x669.jpg\" alt=\"\" width=\"1024\" height=\"669\" srcset=\"https:\/\/tivixiaomi.co\/wp-content\/uploads\/2022\/05\/TIVI-XIAOMI-EA40-2022-SERIES-16-1024x669.jpg 1024w, https:\/\/tivixiaomi.co\/wp-content\/uploads\/2022\/05\/TIVI-XIAOMI-EA40-2022-SERIES-16-jpg-150x98.webp 150w, https:\/\/tivixiaomi.co\/wp-content\/uploads\/2022\/05\/TIVI-XIAOMI-EA40-2022-SERIES-16-600x392.jpg 600w, https:\/\/tivixiaomi.co\/wp-content\/uploads\/2022\/05\/TIVI-XIAOMI-EA40-2022-SERIES-16-300x196.jpg 300w, https:\/\/tivixiaomi.co\/wp-content\/uploads\/2022\/05\/TIVI-XIAOMI-EA40-2022-SERIES-16-768x502.jpg 768w, https:\/\/tivixiaomi.co\/wp-content\/uploads\/2022\/05\/TIVI-XIAOMI-EA40-2022-SERIES-16-1536x1004.jpg 1536w, https:\/\/tivixiaomi.co\/wp-content\/uploads\/2022\/05\/TIVI-XIAOMI-EA40-2022-SERIES-16-jpg.webp 1920w\" sizes=\"(max-width: 1024px) 100vw, 1024px\" \/><\/p>\n<p style=\"text-align: center;\"><img loading=\"lazy\" decoding=\"async\" class=\"alignnone wp-image-62887 size-large\" src=\"https:\/\/tivixiaomi.co\/wp-content\/uploads\/2022\/05\/TIVI-XIAOMI-EA40-2022-SERIES-17-1024x650.jpg\" alt=\"\" width=\"1024\" height=\"650\" srcset=\"https:\/\/tivixiaomi.co\/wp-content\/uploads\/2022\/05\/TIVI-XIAOMI-EA40-2022-SERIES-17-1024x650.jpg 1024w, https:\/\/tivixiaomi.co\/wp-content\/uploads\/2022\/05\/TIVI-XIAOMI-EA40-2022-SERIES-17-jpg-150x95.webp 150w, https:\/\/tivixiaomi.co\/wp-content\/uploads\/2022\/05\/TIVI-XIAOMI-EA40-2022-SERIES-17-600x381.jpg 600w, https:\/\/tivixiaomi.co\/wp-content\/uploads\/2022\/05\/TIVI-XIAOMI-EA40-2022-SERIES-17-300x190.jpg 300w, https:\/\/tivixiaomi.co\/wp-content\/uploads\/2022\/05\/TIVI-XIAOMI-EA40-2022-SERIES-17-768x487.jpg 768w, https:\/\/tivixiaomi.co\/wp-content\/uploads\/2022\/05\/TIVI-XIAOMI-EA40-2022-SERIES-17-1536x974.jpg 1536w, https:\/\/tivixiaomi.co\/wp-content\/uploads\/2022\/05\/TIVI-XIAOMI-EA40-2022-SERIES-17-jpg.webp 1920w\" sizes=\"(max-width: 1024px) 100vw, 1024px\" \/><\/p>\n<p><img loading=\"lazy\" decoding=\"async\" class=\"aligncenter wp-image-62888 size-large\" src=\"https:\/\/tivixiaomi.co\/wp-content\/uploads\/2022\/05\/TIVI-XIAOMI-EA40-2022-SERIES-18-1024x588.jpg\" alt=\"\" width=\"1024\" height=\"588\" srcset=\"https:\/\/tivixiaomi.co\/wp-content\/uploads\/2022\/05\/TIVI-XIAOMI-EA40-2022-SERIES-18-1024x588.jpg 1024w, https:\/\/tivixiaomi.co\/wp-content\/uploads\/2022\/05\/TIVI-XIAOMI-EA40-2022-SERIES-18-jpg-150x86.webp 150w, https:\/\/tivixiaomi.co\/wp-content\/uploads\/2022\/05\/TIVI-XIAOMI-EA40-2022-SERIES-18-600x345.jpg 600w, https:\/\/tivixiaomi.co\/wp-content\/uploads\/2022\/05\/TIVI-XIAOMI-EA40-2022-SERIES-18-300x172.jpg 300w, https:\/\/tivixiaomi.co\/wp-content\/uploads\/2022\/05\/TIVI-XIAOMI-EA40-2022-SERIES-18-768x441.jpg 768w, https:\/\/tivixiaomi.co\/wp-content\/uploads\/2022\/05\/TIVI-XIAOMI-EA40-2022-SERIES-18-1536x882.jpg 1536w, https:\/\/tivixiaomi.co\/wp-content\/uploads\/2022\/05\/TIVI-XIAOMI-EA40-2022-SERIES-18-jpg.webp 1920w\" sizes=\"(max-width: 1024px) 100vw, 1024px\" \/><\/p>\n<p style=\"text-align: center;\"><em>\u0110a d\u1ea1ng v\u1ec1 m\u1eb7t thi\u1ebft k\u1ebf, v\u1edbi vi\u1ec7c s\u1eed d\u1ee5ng ch\u00e2n \u0111\u1ebf ho\u1eb7c treo t\u01b0\u1eddng<\/em><\/p>\n","protected":false},"excerpt":{"rendered":"<ul>\n<li>D\u00f2ng EA 2022 Series<\/li>\n<li>M\u00e0n h\u00ecnh: Full HD<\/li>\n<li>RAM: 1GB<\/li>\n<li>Dung l\u01b0\u1ee3ng: 8GB<\/li>\n<\/ul>\n","protected":false},"featured_media":62823,"comment_status":"open","ping_status":"closed","template":"","meta":[],"product_brand":[],"product_cat":[27],"product_tag":[],"class_list":{"0":"post-62822","1":"product","2":"type-product","3":"status-publish","4":"has-post-thumbnail","6":"product_cat-chua-phan-loai","8":"first","9":"outofstock","10":"sale","11":"shipping-taxable","12":"purchasable","13":"product-type-simple"},"_links":{"self":[{"href":"https:\/\/tivixiaomi.co\/en\/wp-json\/wp\/v2\/product\/62822"}],"collection":[{"href":"https:\/\/tivixiaomi.co\/en\/wp-json\/wp\/v2\/product"}],"about":[{"href":"https:\/\/tivixiaomi.co\/en\/wp-json\/wp\/v2\/types\/product"}],"replies":[{"embeddable":true,"href":"https:\/\/tivixiaomi.co\/en\/wp-json\/wp\/v2\/comments?post=62822"}],"version-history":[{"count":0,"href":"https:\/\/tivixiaomi.co\/en\/wp-json\/wp\/v2\/product\/62822\/revisions"}],"wp:featuredmedia":[{"embeddable":true,"href":"https:\/\/tivixiaomi.co\/en\/wp-json\/wp\/v2\/media\/62823"}],"wp:attachment":[{"href":"https:\/\/tivixiaomi.co\/en\/wp-json\/wp\/v2\/media?parent=62822"}],"wp:term":[{"taxonomy":"product_brand","embeddable":true,"href":"https:\/\/tivixiaomi.co\/en\/wp-json\/wp\/v2\/product_brand?post=62822"},{"taxonomy":"product_cat","embeddable":true,"href":"https:\/\/tivixiaomi.co\/en\/wp-json\/wp\/v2\/product_cat?post=62822"},{"taxonomy":"product_tag","embeddable":true,"href":"https:\/\/tivixiaomi.co\/en\/wp-json\/wp\/v2\/product_tag?post=62822"}],"curies":[{"name":"wp","href":"https:\/\/api.w.org\/{rel}","templated":true}]}}