{"id":62925,"date":"2022-05-18T17:11:30","date_gmt":"2022-05-18T10:11:30","guid":{"rendered":"https:\/\/tivixiaomi.co\/?post_type=product&#038;p=62925"},"modified":"2023-06-09T21:15:03","modified_gmt":"2023-06-09T14:15:03","slug":"tivi-xiaomi-mi-tv-p1-32-hang-xuat-eu-gia-da-bao-gom-thue-gia-tri-gia-tang-va-goi-dich-vu-1-nam-bao-hanh","status":"publish","type":"product","link":"https:\/\/tivixiaomi.co\/en\/tivi\/tivi-xiaomi-mi-tv-p1-32-hang-xuat-eu-gia-da-bao-gom-thue-gia-tri-gia-tang-va-goi-dich-vu-1-nam-bao-hanh\/","title":{"rendered":"TIVI XIAOMI Mi TV P1 32&#8243; H\u00e0ng xu\u1ea5t EU (Gi\u00e1 \u0111\u00e3 bao g\u1ed3m thu\u1ebf gi\u00e1 tr\u1ecb gia t\u0103ng v\u00e0 g\u00f3i d\u1ecbch v\u1ee5 1 n\u0103m b\u1ea3o h\u00e0nh)"},"content":{"rendered":"<p style=\"text-align: center;\"><img fetchpriority=\"high\" decoding=\"async\" src=\"https:\/\/tivixiaomi.co\/wp-content\/uploads\/2022\/05\/Mi-TV-P1-32-tivixiaomi-2-1-1024x537.jpg\" alt=\"\" width=\"1024\" height=\"537\" \/><\/p>\n<p style=\"text-align: center;\">Tivi Xiaomi Ti TV P1 32&#8243; Cho cu\u1ed9c s\u1ed1ng th\u00f4ng minh, t\u1ea7m nh\u00ecn v\u00f4 h\u1ea1n<\/p>\n<p style=\"text-align: center;\"><img decoding=\"async\" src=\"https:\/\/tivixiaomi.co\/wp-content\/uploads\/2022\/05\/Mi-TV-P1-32-tivixiaomi-4-1-1024x220.jpg\" alt=\"\" width=\"1024\" height=\"220\" \/><\/p>\n<p style=\"text-align: center;\"><img decoding=\"async\" src=\"https:\/\/tivixiaomi.co\/wp-content\/uploads\/2022\/05\/Mi-TV-P1-32-tivixiaomi-5-1-1024x646.jpg\" alt=\"\" width=\"1024\" height=\"646\" \/><\/p>\n<p style=\"text-align: center;\">Thi\u1ebft k\u1ebf kh\u00f4ng vi\u1ec1n si\u00eau m\u1ecfng cho m\u1ed9t tr\u1ea3i nghi\u1ec7m xem tuy\u1ec7t v\u1eddi tr\u00ean Tivi Xiaomi Ti TV P1 32&#8243;<\/p>\n<p style=\"text-align: center;\"><img loading=\"lazy\" decoding=\"async\" src=\"https:\/\/tivixiaomi.co\/wp-content\/uploads\/2022\/05\/Mi-TV-P1-32-tivixiaomi-6-1-1024x547.jpg\" alt=\"\" width=\"1024\" height=\"547\" \/><\/p>\n<p style=\"text-align: center;\">M\u00e0n h\u00ecnh v\u1edbi \u0111\u1ed9 ph\u00e2n gi\u1ea3i HD s\u1ed1ng \u0111\u1ed9ng tr\u00ean Tivi Xiaomi Ti TV P1 32&#8243;<\/p>\n<p style=\"text-align: center;\"><img loading=\"lazy\" decoding=\"async\" src=\"https:\/\/tivixiaomi.co\/wp-content\/uploads\/2022\/05\/Mi-TV-P1-32-tivixiaomi-7-1024x220.jpg\" alt=\"\" width=\"1024\" height=\"220\" \/><\/p>\n<p style=\"text-align: center;\"><img loading=\"lazy\" decoding=\"async\" src=\"https:\/\/tivixiaomi.co\/wp-content\/uploads\/2022\/05\/Mi-TV-P1-32-tivixiaomi-8-1024x548.jpg\" alt=\"\" width=\"1024\" height=\"548\" \/><\/p>\n<p style=\"text-align: center;\">\u0110i\u1ec1u ki\u1ec3n Tivi Xiaomi Ti TV P1 32&#8243; b\u1eb1ng tr\u1ee3 l\u00fd \u1ea3o Google Assistant si\u00eau th\u00f4ng minh<\/p>\n<p style=\"text-align: center;\"><img loading=\"lazy\" decoding=\"async\" src=\"https:\/\/tivixiaomi.co\/wp-content\/uploads\/2022\/05\/Mi-TV-P1-32-tivixiaomi-9-1024x487.jpg\" alt=\"\" width=\"1024\" height=\"487\" \/><\/p>\n<p style=\"text-align: center;\"><img loading=\"lazy\" decoding=\"async\" src=\"https:\/\/tivixiaomi.co\/wp-content\/uploads\/2022\/05\/Mi-TV-P1-32-tivixiaomi-10-1024x438.jpg\" alt=\"\" width=\"1024\" height=\"438\" \/><\/p>\n<p style=\"text-align: center;\">\u0110i\u1ec1u ki\u1ec3n \u0111\u01b0\u1ee3c n\u00e2ng c\u1ea5p v\u1edbi c\u00f4ng ngh\u1ec7 ti\u00ean ti\u1ebfn c\u0169ng nh\u01b0 th\u00f4ng minh h\u01a1n<\/p>\n<p style=\"text-align: center;\"><img loading=\"lazy\" decoding=\"async\" src=\"https:\/\/tivixiaomi.co\/wp-content\/uploads\/2022\/05\/Mi-TV-P1-32-tivixiaomi-11-1024x543.jpg\" alt=\"\" width=\"1024\" height=\"543\" \/><\/p>\n<p style=\"text-align: center;\"><img loading=\"lazy\" decoding=\"async\" src=\"https:\/\/tivixiaomi.co\/wp-content\/uploads\/2022\/05\/Mi-TV-P1-32-tivixiaomi-12-1024x220.jpg\" alt=\"\" width=\"1024\" height=\"220\" \/><\/p>\n<p style=\"text-align: center;\">K\u1ebft h\u01a1n v\u1edbi nhi\u1ec1u thi\u1ebft b\u1ecb kh\u00e1c nhau k\u1ebft n\u1ed1i \u0111i\u1ec7n tho\u1ea1i v\u1edbi Tivi m\u1ed9t c\u00e1ch d\u1ec5 d\u00e0ng<\/p>\n<p style=\"text-align: center;\"><img loading=\"lazy\" decoding=\"async\" src=\"https:\/\/tivixiaomi.co\/wp-content\/uploads\/2022\/05\/Mi-TV-P1-32-tivixiaomi-13-1024x593.jpg\" alt=\"\" width=\"1024\" height=\"593\" \/><\/p>\n<p style=\"text-align: center;\">\u00c2m thanh s\u1eed d\u1ee5ng c\u00f4ng ngh\u1ec7 c\u1ee7a Dolny Audio c\u00f9ng b\u1ed9 gi\u1ea3i m\u00e3 DTS-HD<\/p>\n<p style=\"text-align: center;\"><img loading=\"lazy\" decoding=\"async\" src=\"https:\/\/tivixiaomi.co\/wp-content\/uploads\/2022\/05\/Mi-TV-P1-32-tivixiaomi-14-1024x741.jpg\" alt=\"\" width=\"1024\" height=\"741\" \/><\/p>\n<p style=\"text-align: center;\">\u0110a d\u1ea1ng c\u1ed5ng k\u1ebft n\u1ed1i v\u00e0 nhi\u1ec1u l\u1ef1a ch\u1ecdn<\/p>\n<p><img loading=\"lazy\" decoding=\"async\" class=\"aligncenter\" src=\"https:\/\/tivixiaomi.co\/wp-content\/uploads\/2022\/05\/Mi-TV-P1-32-tivixiaomi-15-1024x316.jpg\" alt=\"\" width=\"1024\" height=\"316\" \/><\/p>\n<p><a href=\"https:\/\/youtu.be\/Hq3BMdUGMDo\" target=\"_blank\" rel=\"noopener\">https:\/\/youtu.be\/Hq3BMdUGMDo<\/a><\/p>\n","protected":false},"excerpt":{"rendered":"<p>NEW 2021 Xiaomi TV | P1 32 inch Android 9.0 Smart TV | Google Assistant|Voice search|Netflix|Youtube<\/p>\n","protected":false},"featured_media":62696,"comment_status":"open","ping_status":"closed","template":"redux-templates_full_width","meta":[],"product_brand":[],"product_cat":[27],"product_tag":[],"class_list":{"0":"post-62925","1":"product","2":"type-product","3":"status-publish","4":"has-post-thumbnail","6":"product_cat-chua-phan-loai","8":"first","9":"onbackorder","10":"shipping-taxable","11":"purchasable","12":"product-type-simple"},"_links":{"self":[{"href":"https:\/\/tivixiaomi.co\/en\/wp-json\/wp\/v2\/product\/62925"}],"collection":[{"href":"https:\/\/tivixiaomi.co\/en\/wp-json\/wp\/v2\/product"}],"about":[{"href":"https:\/\/tivixiaomi.co\/en\/wp-json\/wp\/v2\/types\/product"}],"replies":[{"embeddable":true,"href":"https:\/\/tivixiaomi.co\/en\/wp-json\/wp\/v2\/comments?post=62925"}],"version-history":[{"count":0,"href":"https:\/\/tivixiaomi.co\/en\/wp-json\/wp\/v2\/product\/62925\/revisions"}],"wp:featuredmedia":[{"embeddable":true,"href":"https:\/\/tivixiaomi.co\/en\/wp-json\/wp\/v2\/media\/62696"}],"wp:attachment":[{"href":"https:\/\/tivixiaomi.co\/en\/wp-json\/wp\/v2\/media?parent=62925"}],"wp:term":[{"taxonomy":"product_brand","embeddable":true,"href":"https:\/\/tivixiaomi.co\/en\/wp-json\/wp\/v2\/product_brand?post=62925"},{"taxonomy":"product_cat","embeddable":true,"href":"https:\/\/tivixiaomi.co\/en\/wp-json\/wp\/v2\/product_cat?post=62925"},{"taxonomy":"product_tag","embeddable":true,"href":"https:\/\/tivixiaomi.co\/en\/wp-json\/wp\/v2\/product_tag?post=62925"}],"curies":[{"name":"wp","href":"https:\/\/api.w.org\/{rel}","templated":true}]}}