{"id":62953,"date":"2022-05-18T18:05:57","date_gmt":"2022-05-18T11:05:57","guid":{"rendered":"https:\/\/tivixiaomi.co\/?post_type=product&#038;p=62953"},"modified":"2025-04-08T16:59:21","modified_gmt":"2025-04-08T09:59:21","slug":"tivi-xiaomi-mi-tv-p1-43","status":"publish","type":"product","link":"https:\/\/tivixiaomi.co\/en\/tivi\/tivi-xiaomi-mi-tv-p1-43\/","title":{"rendered":"TIVI XIAOMI Mi TV P1 43&#8243; (Gi\u00e1 \u0111\u00e3 bao g\u1ed3m thu\u1ebf gi\u00e1 tr\u1ecb gia t\u0103ng v\u00e0 g\u00f3i d\u1ecbch v\u1ee5 2 n\u0103m b\u1ea3o h\u00e0nh)"},"content":{"rendered":"<h1 class=\"product_title entry-title\" style=\"text-align: center;\">Video tr\u00ean tay<a href=\"https:\/\/tivixiaomi.co\/san-pham\/mi-tv-p1-43\/\"> TIVI XIAOMI Mi TV P1 43&#8243;<\/a><\/h1>\n<p><iframe title=\"\u0110\u00e1nh gi\u00e1 TV Xiaomi P1 Made In Vi\u1ec7t Nam: 55\u201d 4K r\u1ea5t r\u1ebb, ch\u00e1y h\u00e0ng v\u00ec qu\u00e1 ngon!\" width=\"640\" height=\"360\" src=\"https:\/\/www.youtube.com\/embed\/59192i5MsYg?feature=oembed\" frameborder=\"0\" allow=\"accelerometer; autoplay; clipboard-write; encrypted-media; gyroscope; picture-in-picture; web-share\" referrerpolicy=\"strict-origin-when-cross-origin\" allowfullscreen><\/iframe><\/p>\n<p style=\"text-align: center;\"><img fetchpriority=\"high\" decoding=\"async\" src=\"https:\/\/tivixiaomi.co\/wp-content\/uploads\/2022\/05\/TIVI-XIAOMI-Mi-TV-P1-43-1-1024x537.jpg\" alt=\"\" width=\"1024\" height=\"644\" \/><\/p>\n<p style=\"text-align: center;\"><strong><a href=\"https:\/\/tivixiaomi.co\/\">Mi Tivi<\/a> TV P1 43&#8243;<\/strong> s\u1ef1 tinh t\u1ebf c\u1ee7a Xiaomi<\/p>\n<p style=\"text-align: center;\"><img decoding=\"async\" src=\"https:\/\/tivixiaomi.co\/wp-content\/uploads\/2022\/05\/TIVI-XIAOMI-Mi-TV-P1-43-3-1024x644.jpg\" alt=\"\" width=\"1024\" height=\"644\" \/><\/p>\n<p style=\"text-align: center;\">Thi\u1ebft k\u1ebf kh\u00f4ng vi\u1ec1n cho tr\u1ea3i nghi\u1ec7m \u0111\u1ed9c \u0111\u1ea3o c\u1ee7a Mi Tivi TV P1 43&#8243;<\/p>\n<p style=\"text-align: center;\"><img decoding=\"async\" src=\"https:\/\/tivixiaomi.co\/wp-content\/uploads\/2022\/05\/TIVI-XIAOMI-Mi-TV-P1-43-4-1024x547.jpg\" alt=\"\" width=\"1024\" height=\"547\" \/><\/p>\n<p style=\"text-align: center;\">Tr\u1ea3i nghi\u1ec7m \u0111i\u1ec1u k\u00ec di\u1ec7u c\u1ee7a ch\u1ea5t l\u01b0\u1ee3ng 4K Ultra HD<\/p>\n<p style=\"text-align: center;\"><img loading=\"lazy\" decoding=\"async\" src=\"https:\/\/tivixiaomi.co\/wp-content\/uploads\/2022\/05\/TIVI-XIAOMI-Mi-TV-P1-43-5-1024x746.jpg\" alt=\"\" width=\"1024\" height=\"746\" \/><\/p>\n<p style=\"text-align: center;\">C\u00f4ng ngh\u1ec7 Dolby Vision cho tr\u1ea3i nghi\u1ec7m xem Video nh\u01b0 \u0111ang \u1edf ngo\u00e0i r\u1ea1p<\/p>\n<p style=\"text-align: center;\"><img loading=\"lazy\" decoding=\"async\" src=\"https:\/\/tivixiaomi.co\/wp-content\/uploads\/2022\/05\/TIVI-XIAOMI-Mi-TV-P1-43-6-1024x581.jpg\" alt=\"\" width=\"1024\" height=\"581\" \/><\/p>\n<p style=\"text-align: center;\">C\u00f4ng ngh\u1ec7 MEMC gi\u00fap gi\u1ea3m hi\u1ec7u \u1ee9ng Blur Motion cho ch\u1ea5t l\u01b0\u1ee3ng tuy\u1ec7t v\u1eddi h\u01a1n bao gi\u1edd h\u1ebft<\/p>\n<p style=\"text-align: center;\"><img loading=\"lazy\" decoding=\"async\" src=\"https:\/\/tivixiaomi.co\/wp-content\/uploads\/2022\/05\/TIVI-XIAOMI-Mi-TV-P1-43-7-1024x220.jpg\" alt=\"\" width=\"1024\" height=\"220\" \/><\/p>\n<p style=\"text-align: center;\"><img loading=\"lazy\" decoding=\"async\" src=\"https:\/\/tivixiaomi.co\/wp-content\/uploads\/2022\/05\/TIVI-XIAOMI-Mi-TV-P1-43-8-1024x548.jpg\" alt=\"\" width=\"1024\" height=\"548\" \/><\/p>\n<p style=\"text-align: center;\"><img loading=\"lazy\" decoding=\"async\" src=\"https:\/\/tivixiaomi.co\/wp-content\/uploads\/2022\/05\/TIVI-XIAOMI-Mi-TV-P1-43-9-1024x893.jpg\" alt=\"\" width=\"1024\" height=\"893\" \/><\/p>\n<p style=\"text-align: center;\">K\u1ec9 nguy\u00ean c\u1ee7a AI v\u1edbi tr\u1ee3 l\u00fd \u1ea3o th\u00f4ng minh, ng\u01b0\u1eddi d\u00f9ng s\u1ebd ch\u1ec9 c\u1ea7n \u0111\u01b0a ra l\u1ec7nh b\u1eb1ng gi\u1ecdng n\u00f3i c\u1ee7a m\u00ecnh<\/p>\n<p style=\"text-align: center;\"><img loading=\"lazy\" decoding=\"async\" src=\"https:\/\/tivixiaomi.co\/wp-content\/uploads\/2022\/05\/TIVI-XIAOMI-Mi-TV-P1-43-10-1024x438.jpg\" alt=\"\" width=\"1024\" height=\"438\" \/><\/p>\n<p style=\"text-align: center;\"><img loading=\"lazy\" decoding=\"async\" src=\"https:\/\/tivixiaomi.co\/wp-content\/uploads\/2022\/05\/TIVI-XIAOMI-Mi-TV-P1-43-11-1024x540.jpg\" alt=\"\" width=\"1024\" height=\"540\" \/><\/p>\n<p style=\"text-align: center;\">Khai th\u00e1c t\u1ed1i \u0111a m\u00e0n h\u00ecnh c\u1ee7a b\u1ea1n v\u1edbi tinh n\u0103ng truy\u1ec1n m\u00e0n h\u00ecnh d\u1ec5 s\u1eed d\u1ee5ng gi\u1eefa \u0111i\u1ec7n tho\u1ea1i v\u00e0 Tivi<\/p>\n<p style=\"text-align: center;\"><img loading=\"lazy\" decoding=\"async\" src=\"https:\/\/tivixiaomi.co\/wp-content\/uploads\/2022\/05\/TIVI-XIAOMI-Mi-TV-P1-43-12-1024x220.jpg\" alt=\"\" width=\"1024\" height=\"220\" \/><\/p>\n<p style=\"text-align: center;\"><img loading=\"lazy\" decoding=\"async\" src=\"https:\/\/tivixiaomi.co\/wp-content\/uploads\/2022\/05\/TIVI-XIAOMI-Mi-TV-P1-43-13-1024x452.jpg\" alt=\"\" width=\"1024\" height=\"452\" \/><\/p>\n<p style=\"text-align: center;\">B\u00f4 vi x\u1eed l\u00fd l\u00f5i t\u1ee9 cho kh\u1ea3 n\u0103ng l\u1edbn h\u01a1n, <strong>Mi TV P1 43&#8243;<\/strong> \u0111\u01b0\u1ee3c c\u1ea5u h\u00ecnh m\u1ea1nh m\u1ebd v\u1edbi RAM 2GB v\u00e0 ROM 16GB cho ph\u00e9p b\u1ea1n t\u1ea3i v\u00e0 c\u00e0i \u0111\u1eb7t nhi\u1ec1u n\u1ed9i dung h\u01a1n<\/p>\n<p style=\"text-align: center;\"><img loading=\"lazy\" decoding=\"async\" src=\"https:\/\/tivixiaomi.co\/wp-content\/uploads\/2022\/05\/TIVI-XIAOMI-Mi-TV-P1-43-14-1024x593.jpg\" alt=\"\" width=\"1024\" height=\"593\" \/><\/p>\n<p style=\"text-align: center;\">Ch\u1ea5t l\u01b0\u1ee3ng \u00e2m thanh v\u1edbi 2 loa m\u1ed7i loa l\u00e0 10W c\u00f9ng c\u00f4ng ngh\u1ec7 Dolby Audio m\u1ea1nh m\u1ebd<\/p>\n<p style=\"text-align: center;\"><img loading=\"lazy\" decoding=\"async\" src=\"https:\/\/tivixiaomi.co\/wp-content\/uploads\/2022\/05\/TIVI-XIAOMI-Mi-TV-P1-43-15-1024x843.jpg\" alt=\"\" width=\"1024\" height=\"843\" \/><\/p>\n<p style=\"text-align: center;\">\u0110a d\u1ea1ng c\u1ed5ng k\u1ebft n\u1ed1i h\u1ed7 tr\u1ee3 ng\u01b0\u1eddi d\u00f9ng nhi\u1ec1u h\u01a1n<\/p>\n<p><img loading=\"lazy\" decoding=\"async\" class=\"aligncenter\" src=\"https:\/\/tivixiaomi.co\/wp-content\/uploads\/2022\/05\/TIVI-XIAOMI-Mi-TV-P1-43-16-1024x316.jpg\" alt=\"\" width=\"1024\" height=\"316\" \/><\/p>\n<p style=\"text-align: center;\"><span class=\"xm-text title f80 f-bold\" data-key=\"overview_53_1\" data-type=\"text\" data-id=\"fmjr2hlgsk\">D\u00f2ng Mi TV P1 <a href=\"https:\/\/tivixiaomi.co\/san-pham\/tivi-xiaomi-mi-tv-p1-32-hang-xuat-eu-gia-da-bao-gom-thue-gia-tri-gia-tang-va-goi-dich-vu-1-nam-bao-hanh\/\">32&#8243;<\/a> 43&#8243; <a href=\"https:\/\/tivixiaomi.co\/san-pham\/tivi-xiaomi-mi-tv-p1-50-hang-xuat-eu-gia-da-bao-gom-thue-gia-tri-gia-tang-va-goi-dich-vu-1-nam-bao-hanh-sao-chep-sao-chep\/\">50&#8243;<\/a> <a href=\"https:\/\/tivixiaomi.co\/san-pham\/mi-tv-p1-55\/\">55&#8243; <\/a><\/span><span class=\"xm-text f36 f-regular\" data-key=\"overview_54\" data-type=\"text\" data-id=\"ewtbub79e0\">Cu\u1ed9c s\u1ed1ng ti\u1ec7n nghi, t\u1ea7m nh\u00ecn v\u00f4 h\u1ea1n<\/span><\/p>\n","protected":false},"excerpt":{"rendered":"<ul>\n<li>D\u00f2ng P1 Series<\/li>\n<li>M\u00e0n h\u00ecnh: 4K<\/li>\n<li>RAM: 2GB<\/li>\n<li>Dung l\u01b0\u1ee3ng: 16GB<\/li>\n<\/ul>\n","protected":false},"featured_media":62696,"comment_status":"open","ping_status":"closed","template":"","meta":[],"product_brand":[],"product_cat":[406,380,245],"product_tag":[403],"class_list":{"0":"post-62953","1":"product","2":"type-product","3":"status-publish","4":"has-post-thumbnail","6":"product_cat-top-10-tivi-xiaomi","7":"product_cat-tivi-xiaomi-p1","8":"product_cat-tivi-xiaomi-43-inch","9":"product_tag-tivi-xiaomi-mi-tv-p1-43","11":"first","12":"outofstock","13":"sale","14":"shipping-taxable","15":"purchasable","16":"product-type-simple"},"_links":{"self":[{"href":"https:\/\/tivixiaomi.co\/en\/wp-json\/wp\/v2\/product\/62953"}],"collection":[{"href":"https:\/\/tivixiaomi.co\/en\/wp-json\/wp\/v2\/product"}],"about":[{"href":"https:\/\/tivixiaomi.co\/en\/wp-json\/wp\/v2\/types\/product"}],"replies":[{"embeddable":true,"href":"https:\/\/tivixiaomi.co\/en\/wp-json\/wp\/v2\/comments?post=62953"}],"version-history":[{"count":1,"href":"https:\/\/tivixiaomi.co\/en\/wp-json\/wp\/v2\/product\/62953\/revisions"}],"predecessor-version":[{"id":77744,"href":"https:\/\/tivixiaomi.co\/en\/wp-json\/wp\/v2\/product\/62953\/revisions\/77744"}],"wp:featuredmedia":[{"embeddable":true,"href":"https:\/\/tivixiaomi.co\/en\/wp-json\/wp\/v2\/media\/62696"}],"wp:attachment":[{"href":"https:\/\/tivixiaomi.co\/en\/wp-json\/wp\/v2\/media?parent=62953"}],"wp:term":[{"taxonomy":"product_brand","embeddable":true,"href":"https:\/\/tivixiaomi.co\/en\/wp-json\/wp\/v2\/product_brand?post=62953"},{"taxonomy":"product_cat","embeddable":true,"href":"https:\/\/tivixiaomi.co\/en\/wp-json\/wp\/v2\/product_cat?post=62953"},{"taxonomy":"product_tag","embeddable":true,"href":"https:\/\/tivixiaomi.co\/en\/wp-json\/wp\/v2\/product_tag?post=62953"}],"curies":[{"name":"wp","href":"https:\/\/api.w.org\/{rel}","templated":true}]}}