{"id":62970,"date":"2022-05-18T18:22:11","date_gmt":"2022-05-18T11:22:11","guid":{"rendered":"https:\/\/tivixiaomi.co\/?post_type=product&#038;p=62970"},"modified":"2023-06-09T21:09:22","modified_gmt":"2023-06-09T14:09:22","slug":"tivi-xiaomi-mi-tv-p1-50-hang-xuat-eu-gia-da-bao-gom-thue-gia-tri-gia-tang-va-goi-dich-vu-1-nam-bao-hanh-sao-chep-sao-chep","status":"publish","type":"product","link":"https:\/\/tivixiaomi.co\/en\/tivi\/tivi-xiaomi-mi-tv-p1-50-hang-xuat-eu-gia-da-bao-gom-thue-gia-tri-gia-tang-va-goi-dich-vu-1-nam-bao-hanh-sao-chep-sao-chep\/","title":{"rendered":"TIVI XIAOMI Mi TV P1 50&#8243; H\u00e0ng xu\u1ea5t EU (Gi\u00e1 \u0111\u00e3 bao g\u1ed3m thu\u1ebf gi\u00e1 tr\u1ecb gia t\u0103ng v\u00e0 g\u00f3i d\u1ecbch v\u1ee5 1 n\u0103m b\u1ea3o h\u00e0nh)"},"content":{"rendered":"<p style=\"text-align: center\"><img fetchpriority=\"high\" decoding=\"async\" src=\"https:\/\/tivixiaomi.co\/wp-content\/uploads\/2022\/05\/TIVI-XIAOMI-Mi-TV-P1-50-1-1024x537.jpg\" alt=\"\" width=\"1024\" height=\"537\" \/><\/p>\n<p style=\"text-align: center\"><em>Mi TV P1 50&#8243; cho cu\u1ed9c s\u1ed1ng th\u00f4ng minh v\u00e0 t\u1ea7n nh\u00ecn v\u00f4 h\u1ea1n<\/em><\/p>\n<p style=\"text-align: center\"><img decoding=\"async\" class=\"alignnone wp-image-62972 size-large\" src=\"https:\/\/tivixiaomi.co\/wp-content\/uploads\/2022\/05\/TIVI-XIAOMI-Mi-TV-P1-50-2-1024x649.jpg\" alt=\"\" width=\"1024\" height=\"649\" srcset=\"https:\/\/tivixiaomi.co\/wp-content\/uploads\/2022\/05\/TIVI-XIAOMI-Mi-TV-P1-50-2-1024x649.jpg 1024w, https:\/\/tivixiaomi.co\/wp-content\/uploads\/2022\/05\/TIVI-XIAOMI-Mi-TV-P1-50-2-jpg-150x95.webp 150w, https:\/\/tivixiaomi.co\/wp-content\/uploads\/2022\/05\/TIVI-XIAOMI-Mi-TV-P1-50-2-600x380.jpg 600w, https:\/\/tivixiaomi.co\/wp-content\/uploads\/2022\/05\/TIVI-XIAOMI-Mi-TV-P1-50-2-300x190.jpg 300w, https:\/\/tivixiaomi.co\/wp-content\/uploads\/2022\/05\/TIVI-XIAOMI-Mi-TV-P1-50-2-768x486.jpg 768w, https:\/\/tivixiaomi.co\/wp-content\/uploads\/2022\/05\/TIVI-XIAOMI-Mi-TV-P1-50-2-1536x973.jpg 1536w, https:\/\/tivixiaomi.co\/wp-content\/uploads\/2022\/05\/TIVI-XIAOMI-Mi-TV-P1-50-2-jpg.webp 1920w\" sizes=\"(max-width: 1024px) 100vw, 1024px\" \/><\/p>\n<p style=\"text-align: center\"><em>Thi\u1ebft k\u1ebf kh\u00f4ng vi\u1ec1n cho tr\u1ea3i nghi\u1ec7m xem \u0111\u1ed9c \u0111\u00e1o<\/em><\/p>\n<p style=\"text-align: center\"><img decoding=\"async\" class=\"alignnone wp-image-62973 size-large\" src=\"https:\/\/tivixiaomi.co\/wp-content\/uploads\/2022\/05\/TIVI-XIAOMI-Mi-TV-P1-50-3-1024x547.jpg\" alt=\"\" width=\"1024\" height=\"547\" srcset=\"https:\/\/tivixiaomi.co\/wp-content\/uploads\/2022\/05\/TIVI-XIAOMI-Mi-TV-P1-50-3-1024x547.jpg 1024w, https:\/\/tivixiaomi.co\/wp-content\/uploads\/2022\/05\/TIVI-XIAOMI-Mi-TV-P1-50-3-jpg-150x80.webp 150w, https:\/\/tivixiaomi.co\/wp-content\/uploads\/2022\/05\/TIVI-XIAOMI-Mi-TV-P1-50-3-600x320.jpg 600w, https:\/\/tivixiaomi.co\/wp-content\/uploads\/2022\/05\/TIVI-XIAOMI-Mi-TV-P1-50-3-300x160.jpg 300w, https:\/\/tivixiaomi.co\/wp-content\/uploads\/2022\/05\/TIVI-XIAOMI-Mi-TV-P1-50-3-768x410.jpg 768w, https:\/\/tivixiaomi.co\/wp-content\/uploads\/2022\/05\/TIVI-XIAOMI-Mi-TV-P1-50-3-1536x820.jpg 1536w, https:\/\/tivixiaomi.co\/wp-content\/uploads\/2022\/05\/TIVI-XIAOMI-Mi-TV-P1-50-3-jpg.webp 1920w\" sizes=\"(max-width: 1024px) 100vw, 1024px\" \/><\/p>\n<p style=\"text-align: center\"><em>Tr\u1ea3i nghi\u1ec7m \u0111i\u1ec1u k\u1ef3 di\u1ec7u c\u1ee7a 4K Ultra HD<\/em><\/p>\n<p style=\"text-align: center\"><img loading=\"lazy\" decoding=\"async\" class=\"alignnone wp-image-62974 size-large\" src=\"https:\/\/tivixiaomi.co\/wp-content\/uploads\/2022\/05\/TIVI-XIAOMI-Mi-TV-P1-50-4-1024x740.jpg\" alt=\"\" width=\"1024\" height=\"740\" srcset=\"https:\/\/tivixiaomi.co\/wp-content\/uploads\/2022\/05\/TIVI-XIAOMI-Mi-TV-P1-50-4-1024x740.jpg 1024w, https:\/\/tivixiaomi.co\/wp-content\/uploads\/2022\/05\/TIVI-XIAOMI-Mi-TV-P1-50-4-jpg-150x108.webp 150w, https:\/\/tivixiaomi.co\/wp-content\/uploads\/2022\/05\/TIVI-XIAOMI-Mi-TV-P1-50-4-600x434.jpg 600w, https:\/\/tivixiaomi.co\/wp-content\/uploads\/2022\/05\/TIVI-XIAOMI-Mi-TV-P1-50-4-300x217.jpg 300w, https:\/\/tivixiaomi.co\/wp-content\/uploads\/2022\/05\/TIVI-XIAOMI-Mi-TV-P1-50-4-768x555.jpg 768w, https:\/\/tivixiaomi.co\/wp-content\/uploads\/2022\/05\/TIVI-XIAOMI-Mi-TV-P1-50-4-1536x1110.jpg 1536w, https:\/\/tivixiaomi.co\/wp-content\/uploads\/2022\/05\/TIVI-XIAOMI-Mi-TV-P1-50-4-jpg.webp 1920w\" sizes=\"(max-width: 1024px) 100vw, 1024px\" \/><\/p>\n<p style=\"text-align: center\"><em>H\u1ed7 tr\u1ee3 Dolby Vision v\u00e0 HDR10+ cho chi ti\u1ebft s\u00e1ng v\u00e0 t\u1ed1i t\u1ed1t h\u01a1n<\/em><\/p>\n<p style=\"text-align: center\"><img loading=\"lazy\" decoding=\"async\" class=\"alignnone wp-image-62975 size-large\" src=\"https:\/\/tivixiaomi.co\/wp-content\/uploads\/2022\/05\/TIVI-XIAOMI-Mi-TV-P1-50-5-1024x589.jpg\" alt=\"\" width=\"1024\" height=\"589\" srcset=\"https:\/\/tivixiaomi.co\/wp-content\/uploads\/2022\/05\/TIVI-XIAOMI-Mi-TV-P1-50-5-1024x589.jpg 1024w, https:\/\/tivixiaomi.co\/wp-content\/uploads\/2022\/05\/TIVI-XIAOMI-Mi-TV-P1-50-5-jpg-150x86.webp 150w, https:\/\/tivixiaomi.co\/wp-content\/uploads\/2022\/05\/TIVI-XIAOMI-Mi-TV-P1-50-5-600x345.jpg 600w, https:\/\/tivixiaomi.co\/wp-content\/uploads\/2022\/05\/TIVI-XIAOMI-Mi-TV-P1-50-5-300x173.jpg 300w, https:\/\/tivixiaomi.co\/wp-content\/uploads\/2022\/05\/TIVI-XIAOMI-Mi-TV-P1-50-5-768x442.jpg 768w, https:\/\/tivixiaomi.co\/wp-content\/uploads\/2022\/05\/TIVI-XIAOMI-Mi-TV-P1-50-5-1536x884.jpg 1536w, https:\/\/tivixiaomi.co\/wp-content\/uploads\/2022\/05\/TIVI-XIAOMI-Mi-TV-P1-50-5-jpg.webp 1920w\" sizes=\"(max-width: 1024px) 100vw, 1024px\" \/><\/p>\n<p style=\"text-align: center\"><em>Gam m\u00e0u r\u1ed9ng cho m\u00e0u s\u1eafc phong ph\u00fa v\u00e0 s\u1ed1ng \u0111\u1ed9ng<\/em><\/p>\n<p style=\"text-align: center\"><img loading=\"lazy\" decoding=\"async\" class=\"alignnone wp-image-62976 size-large\" src=\"https:\/\/tivixiaomi.co\/wp-content\/uploads\/2022\/05\/TIVI-XIAOMI-Mi-TV-P1-50-6-1024x581.jpg\" alt=\"\" width=\"1024\" height=\"581\" srcset=\"https:\/\/tivixiaomi.co\/wp-content\/uploads\/2022\/05\/TIVI-XIAOMI-Mi-TV-P1-50-6-1024x581.jpg 1024w, https:\/\/tivixiaomi.co\/wp-content\/uploads\/2022\/05\/TIVI-XIAOMI-Mi-TV-P1-50-6-jpg-150x85.webp 150w, https:\/\/tivixiaomi.co\/wp-content\/uploads\/2022\/05\/TIVI-XIAOMI-Mi-TV-P1-50-6-600x341.jpg 600w, https:\/\/tivixiaomi.co\/wp-content\/uploads\/2022\/05\/TIVI-XIAOMI-Mi-TV-P1-50-6-300x170.jpg 300w, https:\/\/tivixiaomi.co\/wp-content\/uploads\/2022\/05\/TIVI-XIAOMI-Mi-TV-P1-50-6-768x436.jpg 768w, https:\/\/tivixiaomi.co\/wp-content\/uploads\/2022\/05\/TIVI-XIAOMI-Mi-TV-P1-50-6-1536x872.jpg 1536w, https:\/\/tivixiaomi.co\/wp-content\/uploads\/2022\/05\/TIVI-XIAOMI-Mi-TV-P1-50-6-jpg.webp 1920w\" sizes=\"(max-width: 1024px) 100vw, 1024px\" \/><\/p>\n<p style=\"text-align: center\"><em>L\u00e0m m\u01b0\u1ee3t chuy\u1ec3n d\u1ed9ng MEMC \u0111\u1ec3 c\u00f3 \u0111\u1ed9 l\u01b0u \u0111\u1ed9ng cao h\u01a1n m\u00e0 kh\u00f4ng b\u1ecb rung<\/em><\/p>\n<p style=\"text-align: center\"><img loading=\"lazy\" decoding=\"async\" class=\"alignnone wp-image-62977 size-large\" src=\"https:\/\/tivixiaomi.co\/wp-content\/uploads\/2022\/05\/TIVI-XIAOMI-Mi-TV-P1-50-7-1024x220.jpg\" alt=\"\" width=\"1024\" height=\"220\" srcset=\"https:\/\/tivixiaomi.co\/wp-content\/uploads\/2022\/05\/TIVI-XIAOMI-Mi-TV-P1-50-7-1024x220.jpg 1024w, https:\/\/tivixiaomi.co\/wp-content\/uploads\/2022\/05\/TIVI-XIAOMI-Mi-TV-P1-50-7-jpg-150x32.webp 150w, https:\/\/tivixiaomi.co\/wp-content\/uploads\/2022\/05\/TIVI-XIAOMI-Mi-TV-P1-50-7-600x129.jpg 600w, https:\/\/tivixiaomi.co\/wp-content\/uploads\/2022\/05\/TIVI-XIAOMI-Mi-TV-P1-50-7-300x65.jpg 300w, https:\/\/tivixiaomi.co\/wp-content\/uploads\/2022\/05\/TIVI-XIAOMI-Mi-TV-P1-50-7-768x165.jpg 768w, https:\/\/tivixiaomi.co\/wp-content\/uploads\/2022\/05\/TIVI-XIAOMI-Mi-TV-P1-50-7-1536x330.jpg 1536w, https:\/\/tivixiaomi.co\/wp-content\/uploads\/2022\/05\/TIVI-XIAOMI-Mi-TV-P1-50-7-jpg.webp 1920w\" sizes=\"(max-width: 1024px) 100vw, 1024px\" \/><\/p>\n<p style=\"text-align: center\"><img loading=\"lazy\" decoding=\"async\" class=\"alignnone wp-image-62978 size-large\" src=\"https:\/\/tivixiaomi.co\/wp-content\/uploads\/2022\/05\/TIVI-XIAOMI-Mi-TV-P1-50-8-1024x548.jpg\" alt=\"\" width=\"1024\" height=\"548\" srcset=\"https:\/\/tivixiaomi.co\/wp-content\/uploads\/2022\/05\/TIVI-XIAOMI-Mi-TV-P1-50-8-1024x548.jpg 1024w, https:\/\/tivixiaomi.co\/wp-content\/uploads\/2022\/05\/TIVI-XIAOMI-Mi-TV-P1-50-8-jpg-150x80.webp 150w, https:\/\/tivixiaomi.co\/wp-content\/uploads\/2022\/05\/TIVI-XIAOMI-Mi-TV-P1-50-8-600x321.jpg 600w, https:\/\/tivixiaomi.co\/wp-content\/uploads\/2022\/05\/TIVI-XIAOMI-Mi-TV-P1-50-8-300x160.jpg 300w, https:\/\/tivixiaomi.co\/wp-content\/uploads\/2022\/05\/TIVI-XIAOMI-Mi-TV-P1-50-8-768x411.jpg 768w, https:\/\/tivixiaomi.co\/wp-content\/uploads\/2022\/05\/TIVI-XIAOMI-Mi-TV-P1-50-8-1536x822.jpg 1536w, https:\/\/tivixiaomi.co\/wp-content\/uploads\/2022\/05\/TIVI-XIAOMI-Mi-TV-P1-50-8-jpg.webp 1920w\" sizes=\"(max-width: 1024px) 100vw, 1024px\" \/><\/p>\n<p style=\"text-align: center\"><em>K\u1ec9 nguy\u00ean c\u1ee7a AI th\u00f4ng minh d\u1ec5 d\u00e0ng s\u1eed d\u1ee5ng v\u00e0 \u0111i\u1ec1u khi\u1ec3n h\u01a1n bao\u00a0<\/em><\/p>\n<p style=\"text-align: center\"><img loading=\"lazy\" decoding=\"async\" class=\"alignnone wp-image-62979 size-large\" src=\"https:\/\/tivixiaomi.co\/wp-content\/uploads\/2022\/05\/TIVI-XIAOMI-Mi-TV-P1-50-9-1024x893.jpg\" alt=\"\" width=\"1024\" height=\"893\" srcset=\"https:\/\/tivixiaomi.co\/wp-content\/uploads\/2022\/05\/TIVI-XIAOMI-Mi-TV-P1-50-9-1024x893.jpg 1024w, https:\/\/tivixiaomi.co\/wp-content\/uploads\/2022\/05\/TIVI-XIAOMI-Mi-TV-P1-50-9-jpg-150x131.webp 150w, https:\/\/tivixiaomi.co\/wp-content\/uploads\/2022\/05\/TIVI-XIAOMI-Mi-TV-P1-50-9-600x523.jpg 600w, https:\/\/tivixiaomi.co\/wp-content\/uploads\/2022\/05\/TIVI-XIAOMI-Mi-TV-P1-50-9-300x262.jpg 300w, https:\/\/tivixiaomi.co\/wp-content\/uploads\/2022\/05\/TIVI-XIAOMI-Mi-TV-P1-50-9-768x670.jpg 768w, https:\/\/tivixiaomi.co\/wp-content\/uploads\/2022\/05\/TIVI-XIAOMI-Mi-TV-P1-50-9-1536x1340.jpg 1536w, https:\/\/tivixiaomi.co\/wp-content\/uploads\/2022\/05\/TIVI-XIAOMI-Mi-TV-P1-50-9-jpg.webp 1920w\" sizes=\"(max-width: 1024px) 100vw, 1024px\" \/><\/p>\n<p style=\"text-align: center\"><em>S\u1eed d\u1ee5ng gi\u1ecdng n\u00f3i v\u1edbi c\u00e2u l\u1ec7nh &#8220;OK Google&#8221; ra l\u1ec7nh nhanh ch\u00f3ng v\u00e0 ch\u00ednh x\u00e1c<\/em><\/p>\n<p style=\"text-align: center\"><img loading=\"lazy\" decoding=\"async\" class=\"alignnone wp-image-62980 size-large\" src=\"https:\/\/tivixiaomi.co\/wp-content\/uploads\/2022\/05\/TIVI-XIAOMI-Mi-TV-P1-50-10-1024x438.jpg\" alt=\"\" width=\"1024\" height=\"438\" srcset=\"https:\/\/tivixiaomi.co\/wp-content\/uploads\/2022\/05\/TIVI-XIAOMI-Mi-TV-P1-50-10-1024x438.jpg 1024w, https:\/\/tivixiaomi.co\/wp-content\/uploads\/2022\/05\/TIVI-XIAOMI-Mi-TV-P1-50-10-jpg-150x64.webp 150w, https:\/\/tivixiaomi.co\/wp-content\/uploads\/2022\/05\/TIVI-XIAOMI-Mi-TV-P1-50-10-600x257.jpg 600w, https:\/\/tivixiaomi.co\/wp-content\/uploads\/2022\/05\/TIVI-XIAOMI-Mi-TV-P1-50-10-300x128.jpg 300w, https:\/\/tivixiaomi.co\/wp-content\/uploads\/2022\/05\/TIVI-XIAOMI-Mi-TV-P1-50-10-768x328.jpg 768w, https:\/\/tivixiaomi.co\/wp-content\/uploads\/2022\/05\/TIVI-XIAOMI-Mi-TV-P1-50-10-1536x657.jpg 1536w, https:\/\/tivixiaomi.co\/wp-content\/uploads\/2022\/05\/TIVI-XIAOMI-Mi-TV-P1-50-10-jpg.webp 1920w\" sizes=\"(max-width: 1024px) 100vw, 1024px\" \/><\/p>\n<p style=\"text-align: center\"><img loading=\"lazy\" decoding=\"async\" class=\"alignnone wp-image-62981 size-large\" src=\"https:\/\/tivixiaomi.co\/wp-content\/uploads\/2022\/05\/TIVI-XIAOMI-Mi-TV-P1-50-11-1024x542.jpg\" alt=\"\" width=\"1024\" height=\"542\" srcset=\"https:\/\/tivixiaomi.co\/wp-content\/uploads\/2022\/05\/TIVI-XIAOMI-Mi-TV-P1-50-11-1024x542.jpg 1024w, https:\/\/tivixiaomi.co\/wp-content\/uploads\/2022\/05\/TIVI-XIAOMI-Mi-TV-P1-50-11-jpg-150x79.webp 150w, https:\/\/tivixiaomi.co\/wp-content\/uploads\/2022\/05\/TIVI-XIAOMI-Mi-TV-P1-50-11-600x318.jpg 600w, https:\/\/tivixiaomi.co\/wp-content\/uploads\/2022\/05\/TIVI-XIAOMI-Mi-TV-P1-50-11-300x159.jpg 300w, https:\/\/tivixiaomi.co\/wp-content\/uploads\/2022\/05\/TIVI-XIAOMI-Mi-TV-P1-50-11-768x407.jpg 768w, https:\/\/tivixiaomi.co\/wp-content\/uploads\/2022\/05\/TIVI-XIAOMI-Mi-TV-P1-50-11-1536x814.jpg 1536w, https:\/\/tivixiaomi.co\/wp-content\/uploads\/2022\/05\/TIVI-XIAOMI-Mi-TV-P1-50-11-jpg.webp 1920w\" sizes=\"(max-width: 1024px) 100vw, 1024px\" \/><\/p>\n<p style=\"text-align: center\"><img loading=\"lazy\" decoding=\"async\" class=\"alignnone wp-image-62982 size-large\" src=\"https:\/\/tivixiaomi.co\/wp-content\/uploads\/2022\/05\/TIVI-XIAOMI-Mi-TV-P1-50-12-1024x220.jpg\" alt=\"\" width=\"1024\" height=\"220\" srcset=\"https:\/\/tivixiaomi.co\/wp-content\/uploads\/2022\/05\/TIVI-XIAOMI-Mi-TV-P1-50-12-1024x220.jpg 1024w, https:\/\/tivixiaomi.co\/wp-content\/uploads\/2022\/05\/TIVI-XIAOMI-Mi-TV-P1-50-12-jpg-150x32.webp 150w, https:\/\/tivixiaomi.co\/wp-content\/uploads\/2022\/05\/TIVI-XIAOMI-Mi-TV-P1-50-12-600x129.jpg 600w, https:\/\/tivixiaomi.co\/wp-content\/uploads\/2022\/05\/TIVI-XIAOMI-Mi-TV-P1-50-12-300x65.jpg 300w, https:\/\/tivixiaomi.co\/wp-content\/uploads\/2022\/05\/TIVI-XIAOMI-Mi-TV-P1-50-12-768x165.jpg 768w, https:\/\/tivixiaomi.co\/wp-content\/uploads\/2022\/05\/TIVI-XIAOMI-Mi-TV-P1-50-12-1536x330.jpg 1536w, https:\/\/tivixiaomi.co\/wp-content\/uploads\/2022\/05\/TIVI-XIAOMI-Mi-TV-P1-50-12-jpg.webp 1920w\" sizes=\"(max-width: 1024px) 100vw, 1024px\" \/><\/p>\n<p style=\"text-align: center\"><em>Hi\u1ec7u su\u1ea5t cao h\u01a1n v\u00e0 nhi\u1ec1u n\u0103ng l\u01b0\u1ee3ng h\u01a1n<\/em><\/p>\n<p style=\"text-align: center\"><img loading=\"lazy\" decoding=\"async\" class=\"alignnone wp-image-62983 size-large\" src=\"https:\/\/tivixiaomi.co\/wp-content\/uploads\/2022\/05\/TIVI-XIAOMI-Mi-TV-P1-50-13-1024x452.jpg\" alt=\"\" width=\"1024\" height=\"452\" srcset=\"https:\/\/tivixiaomi.co\/wp-content\/uploads\/2022\/05\/TIVI-XIAOMI-Mi-TV-P1-50-13-1024x452.jpg 1024w, https:\/\/tivixiaomi.co\/wp-content\/uploads\/2022\/05\/TIVI-XIAOMI-Mi-TV-P1-50-13-jpg-150x66.webp 150w, https:\/\/tivixiaomi.co\/wp-content\/uploads\/2022\/05\/TIVI-XIAOMI-Mi-TV-P1-50-13-600x265.jpg 600w, https:\/\/tivixiaomi.co\/wp-content\/uploads\/2022\/05\/TIVI-XIAOMI-Mi-TV-P1-50-13-300x133.jpg 300w, https:\/\/tivixiaomi.co\/wp-content\/uploads\/2022\/05\/TIVI-XIAOMI-Mi-TV-P1-50-13-768x339.jpg 768w, https:\/\/tivixiaomi.co\/wp-content\/uploads\/2022\/05\/TIVI-XIAOMI-Mi-TV-P1-50-13-1536x678.jpg 1536w, https:\/\/tivixiaomi.co\/wp-content\/uploads\/2022\/05\/TIVI-XIAOMI-Mi-TV-P1-50-13-jpg.webp 1920w\" sizes=\"(max-width: 1024px) 100vw, 1024px\" \/><\/p>\n<p style=\"text-align: center\"><img loading=\"lazy\" decoding=\"async\" class=\"alignnone wp-image-62984 size-large\" src=\"https:\/\/tivixiaomi.co\/wp-content\/uploads\/2022\/05\/TIVI-XIAOMI-Mi-TV-P1-50-14-1024x593.jpg\" alt=\"\" width=\"1024\" height=\"593\" srcset=\"https:\/\/tivixiaomi.co\/wp-content\/uploads\/2022\/05\/TIVI-XIAOMI-Mi-TV-P1-50-14-1024x593.jpg 1024w, https:\/\/tivixiaomi.co\/wp-content\/uploads\/2022\/05\/TIVI-XIAOMI-Mi-TV-P1-50-14-jpg-150x87.webp 150w, https:\/\/tivixiaomi.co\/wp-content\/uploads\/2022\/05\/TIVI-XIAOMI-Mi-TV-P1-50-14-600x348.jpg 600w, https:\/\/tivixiaomi.co\/wp-content\/uploads\/2022\/05\/TIVI-XIAOMI-Mi-TV-P1-50-14-300x174.jpg 300w, https:\/\/tivixiaomi.co\/wp-content\/uploads\/2022\/05\/TIVI-XIAOMI-Mi-TV-P1-50-14-768x445.jpg 768w, https:\/\/tivixiaomi.co\/wp-content\/uploads\/2022\/05\/TIVI-XIAOMI-Mi-TV-P1-50-14-1536x890.jpg 1536w, https:\/\/tivixiaomi.co\/wp-content\/uploads\/2022\/05\/TIVI-XIAOMI-Mi-TV-P1-50-14-jpg.webp 1920w\" sizes=\"(max-width: 1024px) 100vw, 1024px\" \/><\/p>\n<p style=\"text-align: center\"><em>C\u00f4ng ngh\u1ec7 gi\u1ea3i m\u00e3 \u00e2m thanh DTS-HD mang l\u1ea1i \u00e2m thanh s\u1ed1ng \u0111\u1ed9ng h\u01a1n<\/em><\/p>\n<p style=\"text-align: center\"><img loading=\"lazy\" decoding=\"async\" class=\"alignnone wp-image-62985 size-large\" src=\"https:\/\/tivixiaomi.co\/wp-content\/uploads\/2022\/05\/TIVI-XIAOMI-Mi-TV-P1-50-15-1024x843.jpg\" alt=\"\" width=\"1024\" height=\"843\" srcset=\"https:\/\/tivixiaomi.co\/wp-content\/uploads\/2022\/05\/TIVI-XIAOMI-Mi-TV-P1-50-15-1024x843.jpg 1024w, https:\/\/tivixiaomi.co\/wp-content\/uploads\/2022\/05\/TIVI-XIAOMI-Mi-TV-P1-50-15-jpg-150x124.webp 150w, https:\/\/tivixiaomi.co\/wp-content\/uploads\/2022\/05\/TIVI-XIAOMI-Mi-TV-P1-50-15-600x494.jpg 600w, https:\/\/tivixiaomi.co\/wp-content\/uploads\/2022\/05\/TIVI-XIAOMI-Mi-TV-P1-50-15-300x247.jpg 300w, https:\/\/tivixiaomi.co\/wp-content\/uploads\/2022\/05\/TIVI-XIAOMI-Mi-TV-P1-50-15-768x632.jpg 768w, https:\/\/tivixiaomi.co\/wp-content\/uploads\/2022\/05\/TIVI-XIAOMI-Mi-TV-P1-50-15-1536x1265.jpg 1536w, https:\/\/tivixiaomi.co\/wp-content\/uploads\/2022\/05\/TIVI-XIAOMI-Mi-TV-P1-50-15-jpg.webp 1920w\" sizes=\"(max-width: 1024px) 100vw, 1024px\" \/><\/p>\n<p><img loading=\"lazy\" decoding=\"async\" class=\"wp-image-62986 size-large alignnone\" src=\"https:\/\/tivixiaomi.co\/wp-content\/uploads\/2022\/05\/TIVI-XIAOMI-Mi-TV-P1-50-16-1024x316.jpg\" alt=\"\" width=\"1024\" height=\"316\" srcset=\"https:\/\/tivixiaomi.co\/wp-content\/uploads\/2022\/05\/TIVI-XIAOMI-Mi-TV-P1-50-16-1024x316.jpg 1024w, https:\/\/tivixiaomi.co\/wp-content\/uploads\/2022\/05\/TIVI-XIAOMI-Mi-TV-P1-50-16-jpg-150x46.webp 150w, https:\/\/tivixiaomi.co\/wp-content\/uploads\/2022\/05\/TIVI-XIAOMI-Mi-TV-P1-50-16-600x185.jpg 600w, https:\/\/tivixiaomi.co\/wp-content\/uploads\/2022\/05\/TIVI-XIAOMI-Mi-TV-P1-50-16-300x93.jpg 300w, https:\/\/tivixiaomi.co\/wp-content\/uploads\/2022\/05\/TIVI-XIAOMI-Mi-TV-P1-50-16-768x237.jpg 768w, https:\/\/tivixiaomi.co\/wp-content\/uploads\/2022\/05\/TIVI-XIAOMI-Mi-TV-P1-50-16-1536x474.jpg 1536w, https:\/\/tivixiaomi.co\/wp-content\/uploads\/2022\/05\/TIVI-XIAOMI-Mi-TV-P1-50-16-jpg.webp 1920w\" sizes=\"(max-width: 1024px) 100vw, 1024px\" \/><\/p>\n<p><a href=\"https:\/\/youtu.be\/Hq3BMdUGMDo\" target=\"_blank\" rel=\"noopener\">https:\/\/youtu.be\/Hq3BMdUGMDo<\/a><\/p>\n","protected":false},"excerpt":{"rendered":"<ul class=\"navision-spec\">\n<li>NEW 2021 Xiaomi TV P1 50 inch 4K UHD|Android 10|Smart TV|Hands-free Google Assistant|Stereo Speakers<\/li>\n<\/ul>\n","protected":false},"featured_media":62696,"comment_status":"open","ping_status":"closed","template":"redux-templates_full_width","meta":[],"product_brand":[],"product_cat":[27],"product_tag":[],"class_list":{"0":"post-62970","1":"product","2":"type-product","3":"status-publish","4":"has-post-thumbnail","6":"product_cat-chua-phan-loai","8":"first","9":"onbackorder","10":"shipping-taxable","11":"purchasable","12":"product-type-simple"},"_links":{"self":[{"href":"https:\/\/tivixiaomi.co\/en\/wp-json\/wp\/v2\/product\/62970"}],"collection":[{"href":"https:\/\/tivixiaomi.co\/en\/wp-json\/wp\/v2\/product"}],"about":[{"href":"https:\/\/tivixiaomi.co\/en\/wp-json\/wp\/v2\/types\/product"}],"replies":[{"embeddable":true,"href":"https:\/\/tivixiaomi.co\/en\/wp-json\/wp\/v2\/comments?post=62970"}],"version-history":[{"count":0,"href":"https:\/\/tivixiaomi.co\/en\/wp-json\/wp\/v2\/product\/62970\/revisions"}],"wp:featuredmedia":[{"embeddable":true,"href":"https:\/\/tivixiaomi.co\/en\/wp-json\/wp\/v2\/media\/62696"}],"wp:attachment":[{"href":"https:\/\/tivixiaomi.co\/en\/wp-json\/wp\/v2\/media?parent=62970"}],"wp:term":[{"taxonomy":"product_brand","embeddable":true,"href":"https:\/\/tivixiaomi.co\/en\/wp-json\/wp\/v2\/product_brand?post=62970"},{"taxonomy":"product_cat","embeddable":true,"href":"https:\/\/tivixiaomi.co\/en\/wp-json\/wp\/v2\/product_cat?post=62970"},{"taxonomy":"product_tag","embeddable":true,"href":"https:\/\/tivixiaomi.co\/en\/wp-json\/wp\/v2\/product_tag?post=62970"}],"curies":[{"name":"wp","href":"https:\/\/api.w.org\/{rel}","templated":true}]}}