{"id":63009,"date":"2022-05-18T18:52:26","date_gmt":"2022-05-18T11:52:26","guid":{"rendered":"https:\/\/tivixiaomi.co\/?post_type=product&#038;p=63009"},"modified":"2024-09-04T13:46:05","modified_gmt":"2024-09-04T06:46:05","slug":"xiaomi-tv-q1e-55","status":"publish","type":"product","link":"https:\/\/tivixiaomi.co\/en\/tivi\/xiaomi-tv-q1e-55\/","title":{"rendered":"Xiaomi TV Q1E 55&#8243; (Gi\u00e1 \u0111\u00e3 bao g\u1ed3m thu\u1ebf gi\u00e1 tr\u1ecb gia t\u0103ng v\u00e0 g\u00f3i d\u1ecbch v\u1ee5 1 n\u0103m b\u1ea3o h\u00e0nh)"},"content":{"rendered":"<p style=\"text-align: center\"><img fetchpriority=\"high\" decoding=\"async\" class=\"aligncenter wp-image-63010 size-large\" src=\"https:\/\/tivixiaomi.co\/wp-content\/uploads\/2022\/05\/TIVI-XIAOMI-TV-Q1E-55-inch-Global-1-1024x507.jpg\" alt=\"\" width=\"1024\" height=\"507\" srcset=\"https:\/\/tivixiaomi.co\/wp-content\/uploads\/2022\/05\/TIVI-XIAOMI-TV-Q1E-55-inch-Global-1-1024x507.jpg 1024w, https:\/\/tivixiaomi.co\/wp-content\/uploads\/2022\/05\/TIVI-XIAOMI-TV-Q1E-55-inch-Global-1-jpg-150x74.webp 150w, https:\/\/tivixiaomi.co\/wp-content\/uploads\/2022\/05\/TIVI-XIAOMI-TV-Q1E-55-inch-Global-1-600x297.jpg 600w, https:\/\/tivixiaomi.co\/wp-content\/uploads\/2022\/05\/TIVI-XIAOMI-TV-Q1E-55-inch-Global-1-300x148.jpg 300w, https:\/\/tivixiaomi.co\/wp-content\/uploads\/2022\/05\/TIVI-XIAOMI-TV-Q1E-55-inch-Global-1-768x380.jpg 768w, https:\/\/tivixiaomi.co\/wp-content\/uploads\/2022\/05\/TIVI-XIAOMI-TV-Q1E-55-inch-Global-1-1536x760.jpg 1536w, https:\/\/tivixiaomi.co\/wp-content\/uploads\/2022\/05\/TIVI-XIAOMI-TV-Q1E-55-inch-Global-1-jpg.webp 1920w\" sizes=\"(max-width: 1024px) 100vw, 1024px\" \/><\/p>\n<p style=\"text-align: center\"><em>Tivi Xiaomi TV Q1E 55 inches Global k\u00edch th\u01b0\u1edbc l\u1edbn h\u01a1n v\u00e0 tr\u1ea3i nghi\u1ec7m tuy\u1ec7t v\u1eddi h\u01a1n<\/em><\/p>\n<p style=\"text-align: center\"><img decoding=\"async\" class=\"alignnone wp-image-63011 size-large\" src=\"https:\/\/tivixiaomi.co\/wp-content\/uploads\/2022\/05\/TIVI-XIAOMI-TV-Q1E-55-inch-Global-2-1024x315.jpg\" alt=\"\" width=\"1024\" height=\"315\" srcset=\"https:\/\/tivixiaomi.co\/wp-content\/uploads\/2022\/05\/TIVI-XIAOMI-TV-Q1E-55-inch-Global-2-1024x315.jpg 1024w, https:\/\/tivixiaomi.co\/wp-content\/uploads\/2022\/05\/TIVI-XIAOMI-TV-Q1E-55-inch-Global-2-jpg-150x46.webp 150w, https:\/\/tivixiaomi.co\/wp-content\/uploads\/2022\/05\/TIVI-XIAOMI-TV-Q1E-55-inch-Global-2-600x185.jpg 600w, https:\/\/tivixiaomi.co\/wp-content\/uploads\/2022\/05\/TIVI-XIAOMI-TV-Q1E-55-inch-Global-2-300x92.jpg 300w, https:\/\/tivixiaomi.co\/wp-content\/uploads\/2022\/05\/TIVI-XIAOMI-TV-Q1E-55-inch-Global-2-768x236.jpg 768w, https:\/\/tivixiaomi.co\/wp-content\/uploads\/2022\/05\/TIVI-XIAOMI-TV-Q1E-55-inch-Global-2-1536x473.jpg 1536w, https:\/\/tivixiaomi.co\/wp-content\/uploads\/2022\/05\/TIVI-XIAOMI-TV-Q1E-55-inch-Global-2-jpg.webp 1920w\" sizes=\"(max-width: 1024px) 100vw, 1024px\" \/><\/p>\n<p style=\"text-align: center\"><em>M\u00e0n h\u00ecnh hi\u1ec3n th\u1ecb 4K v\u00e0 h\u01a1n th\u1ebf n\u1eefa<\/em><\/p>\n<p style=\"text-align: center\"><img decoding=\"async\" class=\"alignnone wp-image-63012 size-large\" src=\"https:\/\/tivixiaomi.co\/wp-content\/uploads\/2022\/05\/TIVI-XIAOMI-TV-Q1E-55-inch-Global-3-1024x276.jpg\" alt=\"\" width=\"1024\" height=\"276\" srcset=\"https:\/\/tivixiaomi.co\/wp-content\/uploads\/2022\/05\/TIVI-XIAOMI-TV-Q1E-55-inch-Global-3-1024x276.jpg 1024w, https:\/\/tivixiaomi.co\/wp-content\/uploads\/2022\/05\/TIVI-XIAOMI-TV-Q1E-55-inch-Global-3-jpg-150x40.webp 150w, https:\/\/tivixiaomi.co\/wp-content\/uploads\/2022\/05\/TIVI-XIAOMI-TV-Q1E-55-inch-Global-3-600x162.jpg 600w, https:\/\/tivixiaomi.co\/wp-content\/uploads\/2022\/05\/TIVI-XIAOMI-TV-Q1E-55-inch-Global-3-300x81.jpg 300w, https:\/\/tivixiaomi.co\/wp-content\/uploads\/2022\/05\/TIVI-XIAOMI-TV-Q1E-55-inch-Global-3-768x207.jpg 768w, https:\/\/tivixiaomi.co\/wp-content\/uploads\/2022\/05\/TIVI-XIAOMI-TV-Q1E-55-inch-Global-3-1536x414.jpg 1536w, https:\/\/tivixiaomi.co\/wp-content\/uploads\/2022\/05\/TIVI-XIAOMI-TV-Q1E-55-inch-Global-3-jpg.webp 1920w\" sizes=\"(max-width: 1024px) 100vw, 1024px\" \/><\/p>\n<p style=\"text-align: center\"><em>Gam m\u00e0u r\u1ed9ng QLED hi\u1ec3n th\u1ecb h\u00ecnh \u1ea3nh nhi\u1ec1u m\u00e0u s\u1eafc h\u01a1n<\/em><\/p>\n<p style=\"text-align: center\"><img loading=\"lazy\" decoding=\"async\" class=\"alignnone wp-image-63013 size-large\" src=\"https:\/\/tivixiaomi.co\/wp-content\/uploads\/2022\/05\/TIVI-XIAOMI-TV-Q1E-55-inch-Global-4-1024x429.jpg\" alt=\"\" width=\"1024\" height=\"429\" srcset=\"https:\/\/tivixiaomi.co\/wp-content\/uploads\/2022\/05\/TIVI-XIAOMI-TV-Q1E-55-inch-Global-4-1024x429.jpg 1024w, https:\/\/tivixiaomi.co\/wp-content\/uploads\/2022\/05\/TIVI-XIAOMI-TV-Q1E-55-inch-Global-4-jpg-150x63.webp 150w, https:\/\/tivixiaomi.co\/wp-content\/uploads\/2022\/05\/TIVI-XIAOMI-TV-Q1E-55-inch-Global-4-600x251.jpg 600w, https:\/\/tivixiaomi.co\/wp-content\/uploads\/2022\/05\/TIVI-XIAOMI-TV-Q1E-55-inch-Global-4-300x126.jpg 300w, https:\/\/tivixiaomi.co\/wp-content\/uploads\/2022\/05\/TIVI-XIAOMI-TV-Q1E-55-inch-Global-4-768x322.jpg 768w, https:\/\/tivixiaomi.co\/wp-content\/uploads\/2022\/05\/TIVI-XIAOMI-TV-Q1E-55-inch-Global-4-1536x643.jpg 1536w, https:\/\/tivixiaomi.co\/wp-content\/uploads\/2022\/05\/TIVI-XIAOMI-TV-Q1E-55-inch-Global-4-jpg.webp 1920w\" sizes=\"(max-width: 1024px) 100vw, 1024px\" \/><\/p>\n<p style=\"text-align: center\"><img loading=\"lazy\" decoding=\"async\" class=\"alignnone wp-image-63014 size-large\" src=\"https:\/\/tivixiaomi.co\/wp-content\/uploads\/2022\/05\/TIVI-XIAOMI-TV-Q1E-55-inch-Global-5-1024x579.jpg\" alt=\"\" width=\"1024\" height=\"579\" srcset=\"https:\/\/tivixiaomi.co\/wp-content\/uploads\/2022\/05\/TIVI-XIAOMI-TV-Q1E-55-inch-Global-5-1024x579.jpg 1024w, https:\/\/tivixiaomi.co\/wp-content\/uploads\/2022\/05\/TIVI-XIAOMI-TV-Q1E-55-inch-Global-5-jpg-150x85.webp 150w, https:\/\/tivixiaomi.co\/wp-content\/uploads\/2022\/05\/TIVI-XIAOMI-TV-Q1E-55-inch-Global-5-600x339.jpg 600w, https:\/\/tivixiaomi.co\/wp-content\/uploads\/2022\/05\/TIVI-XIAOMI-TV-Q1E-55-inch-Global-5-300x170.jpg 300w, https:\/\/tivixiaomi.co\/wp-content\/uploads\/2022\/05\/TIVI-XIAOMI-TV-Q1E-55-inch-Global-5-768x434.jpg 768w, https:\/\/tivixiaomi.co\/wp-content\/uploads\/2022\/05\/TIVI-XIAOMI-TV-Q1E-55-inch-Global-5-1536x868.jpg 1536w, https:\/\/tivixiaomi.co\/wp-content\/uploads\/2022\/05\/TIVI-XIAOMI-TV-Q1E-55-inch-Global-5-jpg.webp 1920w\" sizes=\"(max-width: 1024px) 100vw, 1024px\" \/><\/p>\n<p style=\"text-align: center\">4K Ultra HD cho h\u00ecnh \u1ea3nh chi ti\u00eat shown, \u0111\u1ed9 ph\u00e2n gi\u1ea3i si\u00eau cao 3K mang \u0111\u1ebfn h\u00ecnh \u1ea3nh r\u00f5 n\u00e9t h\u01a1n g\u1ea5p 4 l\u1ea7n o v\u1edbi TV FHD<\/p>\n<p style=\"text-align: center\"><img loading=\"lazy\" decoding=\"async\" class=\"alignnone wp-image-63015 size-large\" src=\"https:\/\/tivixiaomi.co\/wp-content\/uploads\/2022\/05\/TIVI-XIAOMI-TV-Q1E-55-inch-Global-6-1024x634.jpg\" alt=\"\" width=\"1024\" height=\"634\" srcset=\"https:\/\/tivixiaomi.co\/wp-content\/uploads\/2022\/05\/TIVI-XIAOMI-TV-Q1E-55-inch-Global-6-1024x634.jpg 1024w, https:\/\/tivixiaomi.co\/wp-content\/uploads\/2022\/05\/TIVI-XIAOMI-TV-Q1E-55-inch-Global-6-jpg-150x93.webp 150w, https:\/\/tivixiaomi.co\/wp-content\/uploads\/2022\/05\/TIVI-XIAOMI-TV-Q1E-55-inch-Global-6-600x372.jpg 600w, https:\/\/tivixiaomi.co\/wp-content\/uploads\/2022\/05\/TIVI-XIAOMI-TV-Q1E-55-inch-Global-6-300x186.jpg 300w, https:\/\/tivixiaomi.co\/wp-content\/uploads\/2022\/05\/TIVI-XIAOMI-TV-Q1E-55-inch-Global-6-768x476.jpg 768w, https:\/\/tivixiaomi.co\/wp-content\/uploads\/2022\/05\/TIVI-XIAOMI-TV-Q1E-55-inch-Global-6-1536x951.jpg 1536w, https:\/\/tivixiaomi.co\/wp-content\/uploads\/2022\/05\/TIVI-XIAOMI-TV-Q1E-55-inch-Global-6-jpg.webp 1920w\" sizes=\"(max-width: 1024px) 100vw, 1024px\" \/><\/p>\n<p style=\"text-align: center\"><em>\u0110\u1ed9 t\u01b0\u01a1ng ph\u1ea3n s\u00e2u v\u00e0 m\u00e0u s\u1eafc r\u1ef1c r\u1ee1 \u0111\u1ebfn t\u1eebng chi ti\u1ebft nh\u1ecf nh\u1ea5t<\/em><\/p>\n<p style=\"text-align: center\"><img loading=\"lazy\" decoding=\"async\" class=\"alignnone wp-image-63016 size-large\" src=\"https:\/\/tivixiaomi.co\/wp-content\/uploads\/2022\/05\/TIVI-XIAOMI-TV-Q1E-55-inch-Global-7-1024x652.jpg\" alt=\"\" width=\"1024\" height=\"652\" srcset=\"https:\/\/tivixiaomi.co\/wp-content\/uploads\/2022\/05\/TIVI-XIAOMI-TV-Q1E-55-inch-Global-7-1024x652.jpg 1024w, https:\/\/tivixiaomi.co\/wp-content\/uploads\/2022\/05\/TIVI-XIAOMI-TV-Q1E-55-inch-Global-7-jpg-150x96.webp 150w, https:\/\/tivixiaomi.co\/wp-content\/uploads\/2022\/05\/TIVI-XIAOMI-TV-Q1E-55-inch-Global-7-600x382.jpg 600w, https:\/\/tivixiaomi.co\/wp-content\/uploads\/2022\/05\/TIVI-XIAOMI-TV-Q1E-55-inch-Global-7-300x191.jpg 300w, https:\/\/tivixiaomi.co\/wp-content\/uploads\/2022\/05\/TIVI-XIAOMI-TV-Q1E-55-inch-Global-7-768x489.jpg 768w, https:\/\/tivixiaomi.co\/wp-content\/uploads\/2022\/05\/TIVI-XIAOMI-TV-Q1E-55-inch-Global-7-1536x978.jpg 1536w, https:\/\/tivixiaomi.co\/wp-content\/uploads\/2022\/05\/TIVI-XIAOMI-TV-Q1E-55-inch-Global-7-jpg.webp 1920w\" sizes=\"(max-width: 1024px) 100vw, 1024px\" \/><\/p>\n<p style=\"text-align: center\"><em>MEMC cho tr\u1ea3i nghi\u1ec7m h\u00ecnh \u1ea3nh m\u01b0\u1ee3t m\u00e0<\/em><\/p>\n<p style=\"text-align: center\"><img loading=\"lazy\" decoding=\"async\" class=\"alignnone wp-image-63017 size-large\" src=\"https:\/\/tivixiaomi.co\/wp-content\/uploads\/2022\/05\/TIVI-XIAOMI-TV-Q1E-55-inch-Global-8-1024x609.jpg\" alt=\"\" width=\"1024\" height=\"609\" srcset=\"https:\/\/tivixiaomi.co\/wp-content\/uploads\/2022\/05\/TIVI-XIAOMI-TV-Q1E-55-inch-Global-8-1024x609.jpg 1024w, https:\/\/tivixiaomi.co\/wp-content\/uploads\/2022\/05\/TIVI-XIAOMI-TV-Q1E-55-inch-Global-8-jpg-150x89.webp 150w, https:\/\/tivixiaomi.co\/wp-content\/uploads\/2022\/05\/TIVI-XIAOMI-TV-Q1E-55-inch-Global-8-600x357.jpg 600w, https:\/\/tivixiaomi.co\/wp-content\/uploads\/2022\/05\/TIVI-XIAOMI-TV-Q1E-55-inch-Global-8-300x178.jpg 300w, https:\/\/tivixiaomi.co\/wp-content\/uploads\/2022\/05\/TIVI-XIAOMI-TV-Q1E-55-inch-Global-8-768x457.jpg 768w, https:\/\/tivixiaomi.co\/wp-content\/uploads\/2022\/05\/TIVI-XIAOMI-TV-Q1E-55-inch-Global-8-1536x914.jpg 1536w, https:\/\/tivixiaomi.co\/wp-content\/uploads\/2022\/05\/TIVI-XIAOMI-TV-Q1E-55-inch-Global-8-jpg.webp 1920w\" sizes=\"(max-width: 1024px) 100vw, 1024px\" \/><\/p>\n<p style=\"text-align: center\"><em>Thi\u1ebft k\u1ebf v\u00f4 h\u1ea1n cao c\u1ea5p, kh\u00f4ng vi\u1ec1n mang l\u1ea1i t\u1ef7 l\u1ec7 m\u00e0n h\u00ecnh so v\u1edbi th\u00e2n m\u00e1y cao h\u01a1n TV b\u00ecnh th\u01b0\u1eddng<\/em><\/p>\n<p style=\"text-align: center\"><img loading=\"lazy\" decoding=\"async\" class=\"alignnone wp-image-63018 size-large\" src=\"https:\/\/tivixiaomi.co\/wp-content\/uploads\/2022\/05\/TIVI-XIAOMI-TV-Q1E-55-inch-Global-9-1024x447.jpg\" alt=\"\" width=\"1024\" height=\"447\" srcset=\"https:\/\/tivixiaomi.co\/wp-content\/uploads\/2022\/05\/TIVI-XIAOMI-TV-Q1E-55-inch-Global-9-1024x447.jpg 1024w, https:\/\/tivixiaomi.co\/wp-content\/uploads\/2022\/05\/TIVI-XIAOMI-TV-Q1E-55-inch-Global-9-jpg-150x66.webp 150w, https:\/\/tivixiaomi.co\/wp-content\/uploads\/2022\/05\/TIVI-XIAOMI-TV-Q1E-55-inch-Global-9-600x262.jpg 600w, https:\/\/tivixiaomi.co\/wp-content\/uploads\/2022\/05\/TIVI-XIAOMI-TV-Q1E-55-inch-Global-9-300x131.jpg 300w, https:\/\/tivixiaomi.co\/wp-content\/uploads\/2022\/05\/TIVI-XIAOMI-TV-Q1E-55-inch-Global-9-768x336.jpg 768w, https:\/\/tivixiaomi.co\/wp-content\/uploads\/2022\/05\/TIVI-XIAOMI-TV-Q1E-55-inch-Global-9-1536x671.jpg 1536w, https:\/\/tivixiaomi.co\/wp-content\/uploads\/2022\/05\/TIVI-XIAOMI-TV-Q1E-55-inch-Global-9-jpg.webp 1920w\" sizes=\"(max-width: 1024px) 100vw, 1024px\" \/><\/p>\n<p style=\"text-align: center\"><em>G\u1edd kim lo\u1ea1i m\u1ecfng v\u00e0 ch\u1ea5t l\u01b0\u1ee3ng cao, khing v\u00e0 \u0111\u1ebf b\u1eb1ng h\u1ee3p kim nh\u00f4m \u0111\u01b0\u1ee3c t\u00edch h\u1ee3p \u0111\u1ec3 t\u1ea1o n\u00ean m\u1ed9t thi\u1ebft k\u1ebf thanh l\u1ecbch<\/em><\/p>\n<p style=\"text-align: center\"><img loading=\"lazy\" decoding=\"async\" class=\"alignnone wp-image-63019 size-large\" src=\"https:\/\/tivixiaomi.co\/wp-content\/uploads\/2022\/05\/TIVI-XIAOMI-TV-Q1E-55-inch-Global-10-1024x608.jpg\" alt=\"\" width=\"1024\" height=\"608\" srcset=\"https:\/\/tivixiaomi.co\/wp-content\/uploads\/2022\/05\/TIVI-XIAOMI-TV-Q1E-55-inch-Global-10-1024x608.jpg 1024w, https:\/\/tivixiaomi.co\/wp-content\/uploads\/2022\/05\/TIVI-XIAOMI-TV-Q1E-55-inch-Global-10-jpg-150x89.webp 150w, https:\/\/tivixiaomi.co\/wp-content\/uploads\/2022\/05\/TIVI-XIAOMI-TV-Q1E-55-inch-Global-10-600x356.jpg 600w, https:\/\/tivixiaomi.co\/wp-content\/uploads\/2022\/05\/TIVI-XIAOMI-TV-Q1E-55-inch-Global-10-300x178.jpg 300w, https:\/\/tivixiaomi.co\/wp-content\/uploads\/2022\/05\/TIVI-XIAOMI-TV-Q1E-55-inch-Global-10-768x456.jpg 768w, https:\/\/tivixiaomi.co\/wp-content\/uploads\/2022\/05\/TIVI-XIAOMI-TV-Q1E-55-inch-Global-10-1536x912.jpg 1536w, https:\/\/tivixiaomi.co\/wp-content\/uploads\/2022\/05\/TIVI-XIAOMI-TV-Q1E-55-inch-Global-10-jpg.webp 1920w\" sizes=\"(max-width: 1024px) 100vw, 1024px\" \/><\/p>\n<p style=\"text-align: center\"><img loading=\"lazy\" decoding=\"async\" class=\"alignnone wp-image-63020 size-large\" src=\"https:\/\/tivixiaomi.co\/wp-content\/uploads\/2022\/05\/TIVI-XIAOMI-TV-Q1E-55-inch-Global-11-1024x561.jpg\" alt=\"\" width=\"1024\" height=\"561\" srcset=\"https:\/\/tivixiaomi.co\/wp-content\/uploads\/2022\/05\/TIVI-XIAOMI-TV-Q1E-55-inch-Global-11-1024x561.jpg 1024w, https:\/\/tivixiaomi.co\/wp-content\/uploads\/2022\/05\/TIVI-XIAOMI-TV-Q1E-55-inch-Global-11-jpg-150x82.webp 150w, https:\/\/tivixiaomi.co\/wp-content\/uploads\/2022\/05\/TIVI-XIAOMI-TV-Q1E-55-inch-Global-11-600x329.jpg 600w, https:\/\/tivixiaomi.co\/wp-content\/uploads\/2022\/05\/TIVI-XIAOMI-TV-Q1E-55-inch-Global-11-300x164.jpg 300w, https:\/\/tivixiaomi.co\/wp-content\/uploads\/2022\/05\/TIVI-XIAOMI-TV-Q1E-55-inch-Global-11-768x421.jpg 768w, https:\/\/tivixiaomi.co\/wp-content\/uploads\/2022\/05\/TIVI-XIAOMI-TV-Q1E-55-inch-Global-11-1536x842.jpg 1536w, https:\/\/tivixiaomi.co\/wp-content\/uploads\/2022\/05\/TIVI-XIAOMI-TV-Q1E-55-inch-Global-11-jpg.webp 1920w\" sizes=\"(max-width: 1024px) 100vw, 1024px\" \/><\/p>\n<p style=\"text-align: center\"><em>Ki\u1ec3m so\u00e1t c\u00e1c thi\u1ebft b\u1ecb th\u00f4ng minh trong nh\u00e0 \u0111\u1ec3 cu\u1ed9c s\u1ed1ng d\u1ec5 d\u00e0ng h\u01a1n<\/em><\/p>\n<p style=\"text-align: center\"><img loading=\"lazy\" decoding=\"async\" class=\"alignnone wp-image-63021 size-large\" src=\"https:\/\/tivixiaomi.co\/wp-content\/uploads\/2022\/05\/TIVI-XIAOMI-TV-Q1E-55-inch-Global-12-1024x726.jpg\" alt=\"\" width=\"1024\" height=\"726\" srcset=\"https:\/\/tivixiaomi.co\/wp-content\/uploads\/2022\/05\/TIVI-XIAOMI-TV-Q1E-55-inch-Global-12-1024x726.jpg 1024w, https:\/\/tivixiaomi.co\/wp-content\/uploads\/2022\/05\/TIVI-XIAOMI-TV-Q1E-55-inch-Global-12-jpg-150x106.webp 150w, https:\/\/tivixiaomi.co\/wp-content\/uploads\/2022\/05\/TIVI-XIAOMI-TV-Q1E-55-inch-Global-12-600x425.jpg 600w, https:\/\/tivixiaomi.co\/wp-content\/uploads\/2022\/05\/TIVI-XIAOMI-TV-Q1E-55-inch-Global-12-300x213.jpg 300w, https:\/\/tivixiaomi.co\/wp-content\/uploads\/2022\/05\/TIVI-XIAOMI-TV-Q1E-55-inch-Global-12-768x544.jpg 768w, https:\/\/tivixiaomi.co\/wp-content\/uploads\/2022\/05\/TIVI-XIAOMI-TV-Q1E-55-inch-Global-12-1536x1089.jpg 1536w, https:\/\/tivixiaomi.co\/wp-content\/uploads\/2022\/05\/TIVI-XIAOMI-TV-Q1E-55-inch-Global-12-jpg.webp 1920w\" sizes=\"(max-width: 1024px) 100vw, 1024px\" \/><\/p>\n<p style=\"text-align: center\"><em>\u0110i\u1ec1u khi\u1ec3n Tivi th\u00f4ng qua gi\u1ecdng n\u00f3i c\u1ee7a b\u1ea1n<\/em><\/p>\n<p style=\"text-align: center\"><img loading=\"lazy\" decoding=\"async\" class=\"alignnone wp-image-63022 size-large\" src=\"https:\/\/tivixiaomi.co\/wp-content\/uploads\/2022\/05\/TIVI-XIAOMI-TV-Q1E-55-inch-Global-13-1024x364.jpg\" alt=\"\" width=\"1024\" height=\"364\" srcset=\"https:\/\/tivixiaomi.co\/wp-content\/uploads\/2022\/05\/TIVI-XIAOMI-TV-Q1E-55-inch-Global-13-1024x364.jpg 1024w, https:\/\/tivixiaomi.co\/wp-content\/uploads\/2022\/05\/TIVI-XIAOMI-TV-Q1E-55-inch-Global-13-jpg-150x53.webp 150w, https:\/\/tivixiaomi.co\/wp-content\/uploads\/2022\/05\/TIVI-XIAOMI-TV-Q1E-55-inch-Global-13-600x213.jpg 600w, https:\/\/tivixiaomi.co\/wp-content\/uploads\/2022\/05\/TIVI-XIAOMI-TV-Q1E-55-inch-Global-13-300x107.jpg 300w, https:\/\/tivixiaomi.co\/wp-content\/uploads\/2022\/05\/TIVI-XIAOMI-TV-Q1E-55-inch-Global-13-768x273.jpg 768w, https:\/\/tivixiaomi.co\/wp-content\/uploads\/2022\/05\/TIVI-XIAOMI-TV-Q1E-55-inch-Global-13-1536x546.jpg 1536w, https:\/\/tivixiaomi.co\/wp-content\/uploads\/2022\/05\/TIVI-XIAOMI-TV-Q1E-55-inch-Global-13-jpg.webp 1920w\" sizes=\"(max-width: 1024px) 100vw, 1024px\" \/><\/p>\n<p style=\"text-align: center\"><img loading=\"lazy\" decoding=\"async\" class=\"alignnone wp-image-63023 size-large\" src=\"https:\/\/tivixiaomi.co\/wp-content\/uploads\/2022\/05\/TIVI-XIAOMI-TV-Q1E-55-inch-Global-14-1024x534.jpg\" alt=\"\" width=\"1024\" height=\"534\" srcset=\"https:\/\/tivixiaomi.co\/wp-content\/uploads\/2022\/05\/TIVI-XIAOMI-TV-Q1E-55-inch-Global-14-1024x534.jpg 1024w, https:\/\/tivixiaomi.co\/wp-content\/uploads\/2022\/05\/TIVI-XIAOMI-TV-Q1E-55-inch-Global-14-jpg-150x78.webp 150w, https:\/\/tivixiaomi.co\/wp-content\/uploads\/2022\/05\/TIVI-XIAOMI-TV-Q1E-55-inch-Global-14-600x313.jpg 600w, https:\/\/tivixiaomi.co\/wp-content\/uploads\/2022\/05\/TIVI-XIAOMI-TV-Q1E-55-inch-Global-14-300x157.jpg 300w, https:\/\/tivixiaomi.co\/wp-content\/uploads\/2022\/05\/TIVI-XIAOMI-TV-Q1E-55-inch-Global-14-768x401.jpg 768w, https:\/\/tivixiaomi.co\/wp-content\/uploads\/2022\/05\/TIVI-XIAOMI-TV-Q1E-55-inch-Global-14-1536x802.jpg 1536w, https:\/\/tivixiaomi.co\/wp-content\/uploads\/2022\/05\/TIVI-XIAOMI-TV-Q1E-55-inch-Global-14-jpg.webp 1920w\" sizes=\"(max-width: 1024px) 100vw, 1024px\" \/><\/p>\n<p style=\"text-align: center\"><em>Truy\u1ec1n n\u1ed9i dung gi\u1ea3i tr\u00ed b\u1ea1n y\u00eau th\u00edch t\u1eeb \u0111i\u1ec7n tho\u1ea1i m\u1ed9t c\u00e1ch \u0111\u01a1n gi\u1ea3n<\/em><\/p>\n<p style=\"text-align: center\"><img loading=\"lazy\" decoding=\"async\" class=\"alignnone wp-image-63024 size-large\" src=\"https:\/\/tivixiaomi.co\/wp-content\/uploads\/2022\/05\/TIVI-XIAOMI-TV-Q1E-55-inch-Global-15-1024x545.jpg\" alt=\"\" width=\"1024\" height=\"545\" srcset=\"https:\/\/tivixiaomi.co\/wp-content\/uploads\/2022\/05\/TIVI-XIAOMI-TV-Q1E-55-inch-Global-15-1024x545.jpg 1024w, https:\/\/tivixiaomi.co\/wp-content\/uploads\/2022\/05\/TIVI-XIAOMI-TV-Q1E-55-inch-Global-15-jpg-150x80.webp 150w, https:\/\/tivixiaomi.co\/wp-content\/uploads\/2022\/05\/TIVI-XIAOMI-TV-Q1E-55-inch-Global-15-600x319.jpg 600w, https:\/\/tivixiaomi.co\/wp-content\/uploads\/2022\/05\/TIVI-XIAOMI-TV-Q1E-55-inch-Global-15-300x160.jpg 300w, https:\/\/tivixiaomi.co\/wp-content\/uploads\/2022\/05\/TIVI-XIAOMI-TV-Q1E-55-inch-Global-15-768x409.jpg 768w, https:\/\/tivixiaomi.co\/wp-content\/uploads\/2022\/05\/TIVI-XIAOMI-TV-Q1E-55-inch-Global-15-1536x818.jpg 1536w, https:\/\/tivixiaomi.co\/wp-content\/uploads\/2022\/05\/TIVI-XIAOMI-TV-Q1E-55-inch-Global-15-jpg.webp 1920w\" sizes=\"(max-width: 1024px) 100vw, 1024px\" \/><\/p>\n<p style=\"text-align: center\"><em>C\u00f4ng ngh\u1ec7 \u00e2m thanh n\u1ed5i tr\u1ed9i \u0111\u1ebfn t\u1eeb Dolby AUdio v\u00e0 b\u1ed9 gi\u1ea3i m\u00e3 DTS-HD<\/em><\/p>\n<p style=\"text-align: center\"><img loading=\"lazy\" decoding=\"async\" class=\"alignnone wp-image-63025 size-large\" src=\"https:\/\/tivixiaomi.co\/wp-content\/uploads\/2022\/05\/TIVI-XIAOMI-TV-Q1E-55-inch-Global-16-1024x422.jpg\" alt=\"\" width=\"1024\" height=\"422\" srcset=\"https:\/\/tivixiaomi.co\/wp-content\/uploads\/2022\/05\/TIVI-XIAOMI-TV-Q1E-55-inch-Global-16-1024x422.jpg 1024w, https:\/\/tivixiaomi.co\/wp-content\/uploads\/2022\/05\/TIVI-XIAOMI-TV-Q1E-55-inch-Global-16-jpg-150x62.webp 150w, https:\/\/tivixiaomi.co\/wp-content\/uploads\/2022\/05\/TIVI-XIAOMI-TV-Q1E-55-inch-Global-16-600x248.jpg 600w, https:\/\/tivixiaomi.co\/wp-content\/uploads\/2022\/05\/TIVI-XIAOMI-TV-Q1E-55-inch-Global-16-300x124.jpg 300w, https:\/\/tivixiaomi.co\/wp-content\/uploads\/2022\/05\/TIVI-XIAOMI-TV-Q1E-55-inch-Global-16-768x317.jpg 768w, https:\/\/tivixiaomi.co\/wp-content\/uploads\/2022\/05\/TIVI-XIAOMI-TV-Q1E-55-inch-Global-16-1536x634.jpg 1536w, https:\/\/tivixiaomi.co\/wp-content\/uploads\/2022\/05\/TIVI-XIAOMI-TV-Q1E-55-inch-Global-16-jpg.webp 1920w\" sizes=\"(max-width: 1024px) 100vw, 1024px\" \/><\/p>\n<p style=\"text-align: center\"><em>C\u1ea5u h\u00ecnh m\u1ea1nh m\u1ebd v\u1edbi RAM 2GB v\u00e0 ROM 32GB\u00a0<\/em><\/p>\n<p style=\"text-align: center\"><img loading=\"lazy\" decoding=\"async\" class=\"alignnone wp-image-63026 size-large\" src=\"https:\/\/tivixiaomi.co\/wp-content\/uploads\/2022\/05\/TIVI-XIAOMI-TV-Q1E-55-inch-Global-17-1024x295.jpg\" alt=\"\" width=\"1024\" height=\"295\" srcset=\"https:\/\/tivixiaomi.co\/wp-content\/uploads\/2022\/05\/TIVI-XIAOMI-TV-Q1E-55-inch-Global-17-1024x295.jpg 1024w, https:\/\/tivixiaomi.co\/wp-content\/uploads\/2022\/05\/TIVI-XIAOMI-TV-Q1E-55-inch-Global-17-jpg-150x43.webp 150w, https:\/\/tivixiaomi.co\/wp-content\/uploads\/2022\/05\/TIVI-XIAOMI-TV-Q1E-55-inch-Global-17-600x173.jpg 600w, https:\/\/tivixiaomi.co\/wp-content\/uploads\/2022\/05\/TIVI-XIAOMI-TV-Q1E-55-inch-Global-17-300x87.jpg 300w, https:\/\/tivixiaomi.co\/wp-content\/uploads\/2022\/05\/TIVI-XIAOMI-TV-Q1E-55-inch-Global-17-768x222.jpg 768w, https:\/\/tivixiaomi.co\/wp-content\/uploads\/2022\/05\/TIVI-XIAOMI-TV-Q1E-55-inch-Global-17-1536x443.jpg 1536w, https:\/\/tivixiaomi.co\/wp-content\/uploads\/2022\/05\/TIVI-XIAOMI-TV-Q1E-55-inch-Global-17-jpg.webp 1920w\" sizes=\"(max-width: 1024px) 100vw, 1024px\" \/><\/p>\n<p style=\"text-align: center\">\n","protected":false},"excerpt":{"rendered":"<p>NEW 2021 Xiaomi TV | Q1E 55 Inch | QLED 4K | 60Hz MEMC | Android 10 Smart TV | HDR10+<\/p>\n","protected":false},"featured_media":63058,"comment_status":"open","ping_status":"closed","template":"redux-templates_full_width","meta":[],"product_brand":[],"product_cat":[27],"product_tag":[],"class_list":{"0":"post-63009","1":"product","2":"type-product","3":"status-publish","4":"has-post-thumbnail","6":"product_cat-chua-phan-loai","8":"first","9":"onbackorder","10":"shipping-taxable","11":"purchasable","12":"product-type-simple"},"_links":{"self":[{"href":"https:\/\/tivixiaomi.co\/en\/wp-json\/wp\/v2\/product\/63009"}],"collection":[{"href":"https:\/\/tivixiaomi.co\/en\/wp-json\/wp\/v2\/product"}],"about":[{"href":"https:\/\/tivixiaomi.co\/en\/wp-json\/wp\/v2\/types\/product"}],"replies":[{"embeddable":true,"href":"https:\/\/tivixiaomi.co\/en\/wp-json\/wp\/v2\/comments?post=63009"}],"version-history":[{"count":0,"href":"https:\/\/tivixiaomi.co\/en\/wp-json\/wp\/v2\/product\/63009\/revisions"}],"wp:featuredmedia":[{"embeddable":true,"href":"https:\/\/tivixiaomi.co\/en\/wp-json\/wp\/v2\/media\/63058"}],"wp:attachment":[{"href":"https:\/\/tivixiaomi.co\/en\/wp-json\/wp\/v2\/media?parent=63009"}],"wp:term":[{"taxonomy":"product_brand","embeddable":true,"href":"https:\/\/tivixiaomi.co\/en\/wp-json\/wp\/v2\/product_brand?post=63009"},{"taxonomy":"product_cat","embeddable":true,"href":"https:\/\/tivixiaomi.co\/en\/wp-json\/wp\/v2\/product_cat?post=63009"},{"taxonomy":"product_tag","embeddable":true,"href":"https:\/\/tivixiaomi.co\/en\/wp-json\/wp\/v2\/product_tag?post=63009"}],"curies":[{"name":"wp","href":"https:\/\/api.w.org\/{rel}","templated":true}]}}