{"id":63028,"date":"2022-05-18T19:05:52","date_gmt":"2022-05-18T12:05:52","guid":{"rendered":"https:\/\/tivixiaomi.co\/?post_type=product&#038;p=63028"},"modified":"2023-06-09T20:55:58","modified_gmt":"2023-06-09T13:55:58","slug":"xiaomi-tv-p1e-43","status":"publish","type":"product","link":"https:\/\/tivixiaomi.co\/en\/tivi\/xiaomi-tv-p1e-43\/","title":{"rendered":"Xiaomi TV P1E 43&#8243; (Gi\u00e1 \u0111\u00e3 bao g\u1ed3m thu\u1ebf gi\u00e1 tr\u1ecb gia t\u0103ng v\u00e0 g\u00f3i d\u1ecbch v\u1ee5 1 n\u0103m b\u1ea3o h\u00e0nh)"},"content":{"rendered":"<p style=\"text-align: center\"><img fetchpriority=\"high\" decoding=\"async\" class=\"aligncenter wp-image-63029 size-large\" src=\"https:\/\/tivixiaomi.co\/wp-content\/uploads\/2022\/05\/TIVI-XIAOMI-TV-P1E43-inch-Global-1-1024x431.jpg\" alt=\"\" width=\"1024\" height=\"431\" srcset=\"https:\/\/tivixiaomi.co\/wp-content\/uploads\/2022\/05\/TIVI-XIAOMI-TV-P1E43-inch-Global-1-1024x431.jpg 1024w, https:\/\/tivixiaomi.co\/wp-content\/uploads\/2022\/05\/TIVI-XIAOMI-TV-P1E43-inch-Global-1-jpg-150x63.webp 150w, https:\/\/tivixiaomi.co\/wp-content\/uploads\/2022\/05\/TIVI-XIAOMI-TV-P1E43-inch-Global-1-600x253.jpg 600w, https:\/\/tivixiaomi.co\/wp-content\/uploads\/2022\/05\/TIVI-XIAOMI-TV-P1E43-inch-Global-1-300x126.jpg 300w, https:\/\/tivixiaomi.co\/wp-content\/uploads\/2022\/05\/TIVI-XIAOMI-TV-P1E43-inch-Global-1-768x324.jpg 768w, https:\/\/tivixiaomi.co\/wp-content\/uploads\/2022\/05\/TIVI-XIAOMI-TV-P1E43-inch-Global-1-1536x647.jpg 1536w, https:\/\/tivixiaomi.co\/wp-content\/uploads\/2022\/05\/TIVI-XIAOMI-TV-P1E43-inch-Global-1-jpg.webp 1920w\" sizes=\"(max-width: 1024px) 100vw, 1024px\" \/><\/p>\n<p style=\"text-align: center\"><em>Tivi XIaomi TV P1E 43 inches global TV th\u00f4ng minh \u0111\u1ea7u ti\u00ean c\u1ee7a b\u1ea1n<\/em><\/p>\n<p style=\"text-align: center\"><img decoding=\"async\" class=\"alignnone wp-image-63030 size-large\" src=\"https:\/\/tivixiaomi.co\/wp-content\/uploads\/2022\/05\/TIVI-XIAOMI-TV-P1E43-inch-Global-2-1024x407.jpg\" alt=\"\" width=\"1024\" height=\"407\" srcset=\"https:\/\/tivixiaomi.co\/wp-content\/uploads\/2022\/05\/TIVI-XIAOMI-TV-P1E43-inch-Global-2-1024x407.jpg 1024w, https:\/\/tivixiaomi.co\/wp-content\/uploads\/2022\/05\/TIVI-XIAOMI-TV-P1E43-inch-Global-2-jpg-150x60.webp 150w, https:\/\/tivixiaomi.co\/wp-content\/uploads\/2022\/05\/TIVI-XIAOMI-TV-P1E43-inch-Global-2-600x239.jpg 600w, https:\/\/tivixiaomi.co\/wp-content\/uploads\/2022\/05\/TIVI-XIAOMI-TV-P1E43-inch-Global-2-300x119.jpg 300w, https:\/\/tivixiaomi.co\/wp-content\/uploads\/2022\/05\/TIVI-XIAOMI-TV-P1E43-inch-Global-2-768x306.jpg 768w, https:\/\/tivixiaomi.co\/wp-content\/uploads\/2022\/05\/TIVI-XIAOMI-TV-P1E43-inch-Global-2-1536x611.jpg 1536w, https:\/\/tivixiaomi.co\/wp-content\/uploads\/2022\/05\/TIVI-XIAOMI-TV-P1E43-inch-Global-2-jpg.webp 1920w\" sizes=\"(max-width: 1024px) 100vw, 1024px\" \/><\/p>\n<p style=\"text-align: center\"><em>P1E 43 trang b\u1ecb c\u00e1c c\u00f4ng ngh\u1ec7 hi\u1ec7n \u0111\u1ea1i nh\u1ea5t hi\u1ec7n nay<\/em><\/p>\n<p style=\"text-align: center\"><img decoding=\"async\" class=\"alignnone wp-image-63031 size-large\" src=\"https:\/\/tivixiaomi.co\/wp-content\/uploads\/2022\/05\/TIVI-XIAOMI-TV-P1E43-inch-Global-3-1024x266.jpg\" alt=\"\" width=\"1024\" height=\"266\" srcset=\"https:\/\/tivixiaomi.co\/wp-content\/uploads\/2022\/05\/TIVI-XIAOMI-TV-P1E43-inch-Global-3-1024x266.jpg 1024w, https:\/\/tivixiaomi.co\/wp-content\/uploads\/2022\/05\/TIVI-XIAOMI-TV-P1E43-inch-Global-3-jpg-150x39.webp 150w, https:\/\/tivixiaomi.co\/wp-content\/uploads\/2022\/05\/TIVI-XIAOMI-TV-P1E43-inch-Global-3-600x156.jpg 600w, https:\/\/tivixiaomi.co\/wp-content\/uploads\/2022\/05\/TIVI-XIAOMI-TV-P1E43-inch-Global-3-300x78.jpg 300w, https:\/\/tivixiaomi.co\/wp-content\/uploads\/2022\/05\/TIVI-XIAOMI-TV-P1E43-inch-Global-3-768x199.jpg 768w, https:\/\/tivixiaomi.co\/wp-content\/uploads\/2022\/05\/TIVI-XIAOMI-TV-P1E43-inch-Global-3-1536x398.jpg 1536w, https:\/\/tivixiaomi.co\/wp-content\/uploads\/2022\/05\/TIVI-XIAOMI-TV-P1E43-inch-Global-3-jpg.webp 1920w\" sizes=\"(max-width: 1024px) 100vw, 1024px\" \/><\/p>\n<p style=\"text-align: center\">TV th\u00f4ng minh 4K UHD Entry level<\/p>\n<p style=\"text-align: center\"><img loading=\"lazy\" decoding=\"async\" class=\"alignnone wp-image-63032 size-large\" src=\"https:\/\/tivixiaomi.co\/wp-content\/uploads\/2022\/05\/TIVI-XIAOMI-TV-P1E43-inch-Global-4-1024x627.jpg\" alt=\"\" width=\"1024\" height=\"627\" srcset=\"https:\/\/tivixiaomi.co\/wp-content\/uploads\/2022\/05\/TIVI-XIAOMI-TV-P1E43-inch-Global-4-1024x627.jpg 1024w, https:\/\/tivixiaomi.co\/wp-content\/uploads\/2022\/05\/TIVI-XIAOMI-TV-P1E43-inch-Global-4-jpg-150x92.webp 150w, https:\/\/tivixiaomi.co\/wp-content\/uploads\/2022\/05\/TIVI-XIAOMI-TV-P1E43-inch-Global-4-600x368.jpg 600w, https:\/\/tivixiaomi.co\/wp-content\/uploads\/2022\/05\/TIVI-XIAOMI-TV-P1E43-inch-Global-4-300x184.jpg 300w, https:\/\/tivixiaomi.co\/wp-content\/uploads\/2022\/05\/TIVI-XIAOMI-TV-P1E43-inch-Global-4-768x470.jpg 768w, https:\/\/tivixiaomi.co\/wp-content\/uploads\/2022\/05\/TIVI-XIAOMI-TV-P1E43-inch-Global-4-1536x941.jpg 1536w, https:\/\/tivixiaomi.co\/wp-content\/uploads\/2022\/05\/TIVI-XIAOMI-TV-P1E43-inch-Global-4-jpg.webp 1920w\" sizes=\"(max-width: 1024px) 100vw, 1024px\" \/><\/p>\n<p style=\"text-align: center\"><em>Thi\u1ebft k\u1ebf vi\u1ec1n si\u00eau h\u1eb9p ho\u00e0n to\u00e0n ph\u00f9 h\u1ee3p v\u1edbi m\u1ecdi n\u01a1i trong nh\u00e0<\/em><\/p>\n<p style=\"text-align: center\"><img loading=\"lazy\" decoding=\"async\" class=\"alignnone wp-image-63033 size-large\" src=\"https:\/\/tivixiaomi.co\/wp-content\/uploads\/2022\/05\/TIVI-XIAOMI-TV-P1E43-inch-Global-5-1024x614.jpg\" alt=\"\" width=\"1024\" height=\"614\" srcset=\"https:\/\/tivixiaomi.co\/wp-content\/uploads\/2022\/05\/TIVI-XIAOMI-TV-P1E43-inch-Global-5-1024x614.jpg 1024w, https:\/\/tivixiaomi.co\/wp-content\/uploads\/2022\/05\/TIVI-XIAOMI-TV-P1E43-inch-Global-5-jpg-150x90.webp 150w, https:\/\/tivixiaomi.co\/wp-content\/uploads\/2022\/05\/TIVI-XIAOMI-TV-P1E43-inch-Global-5-600x360.jpg 600w, https:\/\/tivixiaomi.co\/wp-content\/uploads\/2022\/05\/TIVI-XIAOMI-TV-P1E43-inch-Global-5-300x180.jpg 300w, https:\/\/tivixiaomi.co\/wp-content\/uploads\/2022\/05\/TIVI-XIAOMI-TV-P1E43-inch-Global-5-768x461.jpg 768w, https:\/\/tivixiaomi.co\/wp-content\/uploads\/2022\/05\/TIVI-XIAOMI-TV-P1E43-inch-Global-5-1536x922.jpg 1536w, https:\/\/tivixiaomi.co\/wp-content\/uploads\/2022\/05\/TIVI-XIAOMI-TV-P1E43-inch-Global-5-jpg.webp 1920w\" sizes=\"(max-width: 1024px) 100vw, 1024px\" \/><\/p>\n<p style=\"text-align: center\"><em>4K UHD cho h\u00ecnh \u1ea3nh n\u1ed5i b\u1eadt, TV th\u00f4ng minh c\u1ea5p th\u1ea5p n\u00e0y c\u00f3 \u0111\u00f4h ph\u00e2n gi\u1ea3i 4K UHD<\/em><\/p>\n<p style=\"text-align: center\"><img loading=\"lazy\" decoding=\"async\" class=\"alignnone wp-image-63034 size-large\" src=\"https:\/\/tivixiaomi.co\/wp-content\/uploads\/2022\/05\/TIVI-XIAOMI-TV-P1E43-inch-Global-6-1024x581.jpg\" alt=\"\" width=\"1024\" height=\"581\" srcset=\"https:\/\/tivixiaomi.co\/wp-content\/uploads\/2022\/05\/TIVI-XIAOMI-TV-P1E43-inch-Global-6-1024x581.jpg 1024w, https:\/\/tivixiaomi.co\/wp-content\/uploads\/2022\/05\/TIVI-XIAOMI-TV-P1E43-inch-Global-6-jpg-150x85.webp 150w, https:\/\/tivixiaomi.co\/wp-content\/uploads\/2022\/05\/TIVI-XIAOMI-TV-P1E43-inch-Global-6-600x341.jpg 600w, https:\/\/tivixiaomi.co\/wp-content\/uploads\/2022\/05\/TIVI-XIAOMI-TV-P1E43-inch-Global-6-300x170.jpg 300w, https:\/\/tivixiaomi.co\/wp-content\/uploads\/2022\/05\/TIVI-XIAOMI-TV-P1E43-inch-Global-6-768x436.jpg 768w, https:\/\/tivixiaomi.co\/wp-content\/uploads\/2022\/05\/TIVI-XIAOMI-TV-P1E43-inch-Global-6-1536x872.jpg 1536w, https:\/\/tivixiaomi.co\/wp-content\/uploads\/2022\/05\/TIVI-XIAOMI-TV-P1E43-inch-Global-6-jpg.webp 1920w\" sizes=\"(max-width: 1024px) 100vw, 1024px\" \/><\/p>\n<p style=\"text-align: center\"><em>MEMC cho t\u00ednh linh ho\u1ea1t cao h\u01a1n m\u00e0 kh\u00f4ng b\u1ecb rung<\/em><\/p>\n<p style=\"text-align: center\"><img loading=\"lazy\" decoding=\"async\" class=\"alignnone wp-image-63035 size-large\" src=\"https:\/\/tivixiaomi.co\/wp-content\/uploads\/2022\/05\/TIVI-XIAOMI-TV-P1E43-inch-Global-7-1024x241.jpg\" alt=\"\" width=\"1024\" height=\"241\" srcset=\"https:\/\/tivixiaomi.co\/wp-content\/uploads\/2022\/05\/TIVI-XIAOMI-TV-P1E43-inch-Global-7-1024x241.jpg 1024w, https:\/\/tivixiaomi.co\/wp-content\/uploads\/2022\/05\/TIVI-XIAOMI-TV-P1E43-inch-Global-7-jpg-150x35.webp 150w, https:\/\/tivixiaomi.co\/wp-content\/uploads\/2022\/05\/TIVI-XIAOMI-TV-P1E43-inch-Global-7-600x141.jpg 600w, https:\/\/tivixiaomi.co\/wp-content\/uploads\/2022\/05\/TIVI-XIAOMI-TV-P1E43-inch-Global-7-300x71.jpg 300w, https:\/\/tivixiaomi.co\/wp-content\/uploads\/2022\/05\/TIVI-XIAOMI-TV-P1E43-inch-Global-7-768x181.jpg 768w, https:\/\/tivixiaomi.co\/wp-content\/uploads\/2022\/05\/TIVI-XIAOMI-TV-P1E43-inch-Global-7-1536x362.jpg 1536w, https:\/\/tivixiaomi.co\/wp-content\/uploads\/2022\/05\/TIVI-XIAOMI-TV-P1E43-inch-Global-7-jpg.webp 1920w\" sizes=\"(max-width: 1024px) 100vw, 1024px\" \/><\/p>\n<p style=\"text-align: center\"><em>T\u01b0\u01a1ng l\u1ea1i b\u00e2y gi\u1edd l\u00e0 th\u1eddi gian \u0111\u1ec3 s\u1ed1ng th\u00f4ng minh h\u01a1n, tho\u1ea3i m\u00e1i h\u01a1n<\/em><\/p>\n<p style=\"text-align: center\"><img loading=\"lazy\" decoding=\"async\" class=\"alignnone wp-image-63036 size-large\" src=\"https:\/\/tivixiaomi.co\/wp-content\/uploads\/2022\/05\/TIVI-XIAOMI-TV-P1E43-inch-Global-8-1024x548.jpg\" alt=\"\" width=\"1024\" height=\"548\" srcset=\"https:\/\/tivixiaomi.co\/wp-content\/uploads\/2022\/05\/TIVI-XIAOMI-TV-P1E43-inch-Global-8-1024x548.jpg 1024w, https:\/\/tivixiaomi.co\/wp-content\/uploads\/2022\/05\/TIVI-XIAOMI-TV-P1E43-inch-Global-8-jpg-150x80.webp 150w, https:\/\/tivixiaomi.co\/wp-content\/uploads\/2022\/05\/TIVI-XIAOMI-TV-P1E43-inch-Global-8-600x321.jpg 600w, https:\/\/tivixiaomi.co\/wp-content\/uploads\/2022\/05\/TIVI-XIAOMI-TV-P1E43-inch-Global-8-300x160.jpg 300w, https:\/\/tivixiaomi.co\/wp-content\/uploads\/2022\/05\/TIVI-XIAOMI-TV-P1E43-inch-Global-8-768x411.jpg 768w, https:\/\/tivixiaomi.co\/wp-content\/uploads\/2022\/05\/TIVI-XIAOMI-TV-P1E43-inch-Global-8-1536x822.jpg 1536w, https:\/\/tivixiaomi.co\/wp-content\/uploads\/2022\/05\/TIVI-XIAOMI-TV-P1E43-inch-Global-8-jpg.webp 1920w\" sizes=\"(max-width: 1024px) 100vw, 1024px\" \/><\/p>\n<p style=\"text-align: center\"><em>Android TV nh\u1eefng \u1ee9ng d\u1ee5ng tuy\u1ec7t v\u1eddi h\u01a1n n\u1eefa d\u00e0nh cho b\u1ea1n<\/em><\/p>\n<p style=\"text-align: center\"><img loading=\"lazy\" decoding=\"async\" class=\"alignnone wp-image-63037 size-large\" src=\"https:\/\/tivixiaomi.co\/wp-content\/uploads\/2022\/05\/TIVI-XIAOMI-TV-P1E43-inch-Global-9-1024x546.jpg\" alt=\"\" width=\"1024\" height=\"546\" srcset=\"https:\/\/tivixiaomi.co\/wp-content\/uploads\/2022\/05\/TIVI-XIAOMI-TV-P1E43-inch-Global-9-1024x546.jpg 1024w, https:\/\/tivixiaomi.co\/wp-content\/uploads\/2022\/05\/TIVI-XIAOMI-TV-P1E43-inch-Global-9-jpg-150x80.webp 150w, https:\/\/tivixiaomi.co\/wp-content\/uploads\/2022\/05\/TIVI-XIAOMI-TV-P1E43-inch-Global-9-600x320.jpg 600w, https:\/\/tivixiaomi.co\/wp-content\/uploads\/2022\/05\/TIVI-XIAOMI-TV-P1E43-inch-Global-9-300x160.jpg 300w, https:\/\/tivixiaomi.co\/wp-content\/uploads\/2022\/05\/TIVI-XIAOMI-TV-P1E43-inch-Global-9-768x409.jpg 768w, https:\/\/tivixiaomi.co\/wp-content\/uploads\/2022\/05\/TIVI-XIAOMI-TV-P1E43-inch-Global-9-1536x818.jpg 1536w, https:\/\/tivixiaomi.co\/wp-content\/uploads\/2022\/05\/TIVI-XIAOMI-TV-P1E43-inch-Global-9-jpg.webp 1920w\" sizes=\"(max-width: 1024px) 100vw, 1024px\" \/><\/p>\n<p style=\"text-align: center\">\u0110i\u1ec1u ki\u1ec3n TV \u0111\u01a1n gi\u1ea3n v\u1edbi c\u00e2u l\u1ec7nh &#8220;OK Google&#8221;<\/p>\n<p style=\"text-align: center\"><img loading=\"lazy\" decoding=\"async\" class=\"alignnone wp-image-63038 size-large\" src=\"https:\/\/tivixiaomi.co\/wp-content\/uploads\/2022\/05\/TIVI-XIAOMI-TV-P1E43-inch-Global-10-1024x378.jpg\" alt=\"\" width=\"1024\" height=\"378\" srcset=\"https:\/\/tivixiaomi.co\/wp-content\/uploads\/2022\/05\/TIVI-XIAOMI-TV-P1E43-inch-Global-10-1024x378.jpg 1024w, https:\/\/tivixiaomi.co\/wp-content\/uploads\/2022\/05\/TIVI-XIAOMI-TV-P1E43-inch-Global-10-jpg-150x55.webp 150w, https:\/\/tivixiaomi.co\/wp-content\/uploads\/2022\/05\/TIVI-XIAOMI-TV-P1E43-inch-Global-10-600x221.jpg 600w, https:\/\/tivixiaomi.co\/wp-content\/uploads\/2022\/05\/TIVI-XIAOMI-TV-P1E43-inch-Global-10-300x111.jpg 300w, https:\/\/tivixiaomi.co\/wp-content\/uploads\/2022\/05\/TIVI-XIAOMI-TV-P1E43-inch-Global-10-768x283.jpg 768w, https:\/\/tivixiaomi.co\/wp-content\/uploads\/2022\/05\/TIVI-XIAOMI-TV-P1E43-inch-Global-10-1536x566.jpg 1536w, https:\/\/tivixiaomi.co\/wp-content\/uploads\/2022\/05\/TIVI-XIAOMI-TV-P1E43-inch-Global-10-jpg.webp 1920w\" sizes=\"(max-width: 1024px) 100vw, 1024px\" \/><\/p>\n<p style=\"text-align: center\"><img loading=\"lazy\" decoding=\"async\" class=\"alignnone wp-image-63039 size-large\" src=\"https:\/\/tivixiaomi.co\/wp-content\/uploads\/2022\/05\/TIVI-XIAOMI-TV-P1E43-inch-Global-11-1024x539.jpg\" alt=\"\" width=\"1024\" height=\"539\" srcset=\"https:\/\/tivixiaomi.co\/wp-content\/uploads\/2022\/05\/TIVI-XIAOMI-TV-P1E43-inch-Global-11-1024x539.jpg 1024w, https:\/\/tivixiaomi.co\/wp-content\/uploads\/2022\/05\/TIVI-XIAOMI-TV-P1E43-inch-Global-11-jpg-150x79.webp 150w, https:\/\/tivixiaomi.co\/wp-content\/uploads\/2022\/05\/TIVI-XIAOMI-TV-P1E43-inch-Global-11-600x316.jpg 600w, https:\/\/tivixiaomi.co\/wp-content\/uploads\/2022\/05\/TIVI-XIAOMI-TV-P1E43-inch-Global-11-300x158.jpg 300w, https:\/\/tivixiaomi.co\/wp-content\/uploads\/2022\/05\/TIVI-XIAOMI-TV-P1E43-inch-Global-11-768x404.jpg 768w, https:\/\/tivixiaomi.co\/wp-content\/uploads\/2022\/05\/TIVI-XIAOMI-TV-P1E43-inch-Global-11-1536x809.jpg 1536w, https:\/\/tivixiaomi.co\/wp-content\/uploads\/2022\/05\/TIVI-XIAOMI-TV-P1E43-inch-Global-11-jpg.webp 1920w\" sizes=\"(max-width: 1024px) 100vw, 1024px\" \/><\/p>\n<p style=\"text-align: center\"><em>N\u00f3i l\u1eddi t\u1ea1m bi\u1ec7t v\u1edbi m\u00e0n \u1ea3nh nh\u1ecf v\u1edbi t\u00ednh n\u0103ng truy\u1ec1n m\u00e0n h\u00ecnh \u0111\u01a1n gi\u1ea3n<\/em><\/p>\n<p style=\"text-align: center\"><img loading=\"lazy\" decoding=\"async\" class=\"alignnone wp-image-63040 size-large\" src=\"https:\/\/tivixiaomi.co\/wp-content\/uploads\/2022\/05\/TIVI-XIAOMI-TV-P1E43-inch-Global-12-1024x241.jpg\" alt=\"\" width=\"1024\" height=\"241\" srcset=\"https:\/\/tivixiaomi.co\/wp-content\/uploads\/2022\/05\/TIVI-XIAOMI-TV-P1E43-inch-Global-12-1024x241.jpg 1024w, https:\/\/tivixiaomi.co\/wp-content\/uploads\/2022\/05\/TIVI-XIAOMI-TV-P1E43-inch-Global-12-jpg-150x35.webp 150w, https:\/\/tivixiaomi.co\/wp-content\/uploads\/2022\/05\/TIVI-XIAOMI-TV-P1E43-inch-Global-12-600x141.jpg 600w, https:\/\/tivixiaomi.co\/wp-content\/uploads\/2022\/05\/TIVI-XIAOMI-TV-P1E43-inch-Global-12-300x71.jpg 300w, https:\/\/tivixiaomi.co\/wp-content\/uploads\/2022\/05\/TIVI-XIAOMI-TV-P1E43-inch-Global-12-768x181.jpg 768w, https:\/\/tivixiaomi.co\/wp-content\/uploads\/2022\/05\/TIVI-XIAOMI-TV-P1E43-inch-Global-12-1536x362.jpg 1536w, https:\/\/tivixiaomi.co\/wp-content\/uploads\/2022\/05\/TIVI-XIAOMI-TV-P1E43-inch-Global-12-jpg.webp 1920w\" sizes=\"(max-width: 1024px) 100vw, 1024px\" \/><\/p>\n<p style=\"text-align: center\"><img loading=\"lazy\" decoding=\"async\" class=\"alignnone wp-image-63041 size-large\" src=\"https:\/\/tivixiaomi.co\/wp-content\/uploads\/2022\/05\/TIVI-XIAOMI-TV-P1E43-inch-Global-13-1024x511.jpg\" alt=\"\" width=\"1024\" height=\"511\" srcset=\"https:\/\/tivixiaomi.co\/wp-content\/uploads\/2022\/05\/TIVI-XIAOMI-TV-P1E43-inch-Global-13-1024x511.jpg 1024w, https:\/\/tivixiaomi.co\/wp-content\/uploads\/2022\/05\/TIVI-XIAOMI-TV-P1E43-inch-Global-13-jpg-150x75.webp 150w, https:\/\/tivixiaomi.co\/wp-content\/uploads\/2022\/05\/TIVI-XIAOMI-TV-P1E43-inch-Global-13-600x300.jpg 600w, https:\/\/tivixiaomi.co\/wp-content\/uploads\/2022\/05\/TIVI-XIAOMI-TV-P1E43-inch-Global-13-300x150.jpg 300w, https:\/\/tivixiaomi.co\/wp-content\/uploads\/2022\/05\/TIVI-XIAOMI-TV-P1E43-inch-Global-13-768x384.jpg 768w, https:\/\/tivixiaomi.co\/wp-content\/uploads\/2022\/05\/TIVI-XIAOMI-TV-P1E43-inch-Global-13-1536x767.jpg 1536w, https:\/\/tivixiaomi.co\/wp-content\/uploads\/2022\/05\/TIVI-XIAOMI-TV-P1E43-inch-Global-13-jpg.webp 1920w\" sizes=\"(max-width: 1024px) 100vw, 1024px\" \/><\/p>\n<p style=\"text-align: center\"><em>S\u1ee9c m\u1ea1nh x\u1eed l\u00fd t\u1eeb vi x\u1eed l\u00fd l\u00f5i t\u1ee9 v\u1edbi RAM 2GB ROM 8GB<\/em><\/p>\n<p style=\"text-align: center\"><img loading=\"lazy\" decoding=\"async\" class=\"alignnone wp-image-63042 size-large\" src=\"https:\/\/tivixiaomi.co\/wp-content\/uploads\/2022\/05\/TIVI-XIAOMI-TV-P1E43-inch-Global-14-1024x589.jpg\" alt=\"\" width=\"1024\" height=\"589\" srcset=\"https:\/\/tivixiaomi.co\/wp-content\/uploads\/2022\/05\/TIVI-XIAOMI-TV-P1E43-inch-Global-14-1024x589.jpg 1024w, https:\/\/tivixiaomi.co\/wp-content\/uploads\/2022\/05\/TIVI-XIAOMI-TV-P1E43-inch-Global-14-jpg-150x86.webp 150w, https:\/\/tivixiaomi.co\/wp-content\/uploads\/2022\/05\/TIVI-XIAOMI-TV-P1E43-inch-Global-14-600x345.jpg 600w, https:\/\/tivixiaomi.co\/wp-content\/uploads\/2022\/05\/TIVI-XIAOMI-TV-P1E43-inch-Global-14-300x173.jpg 300w, https:\/\/tivixiaomi.co\/wp-content\/uploads\/2022\/05\/TIVI-XIAOMI-TV-P1E43-inch-Global-14-768x442.jpg 768w, https:\/\/tivixiaomi.co\/wp-content\/uploads\/2022\/05\/TIVI-XIAOMI-TV-P1E43-inch-Global-14-1536x884.jpg 1536w, https:\/\/tivixiaomi.co\/wp-content\/uploads\/2022\/05\/TIVI-XIAOMI-TV-P1E43-inch-Global-14-jpg.webp 1920w\" sizes=\"(max-width: 1024px) 100vw, 1024px\" \/><\/p>\n<p style=\"text-align: center\"><em>\u00c2m thanh \u0111\u1ed9c \u0111\u00e1o v\u1edbi nhi\u1ec1u c\u00f4ng ngh\u1ec7 \u0111\u01b0\u1ee3c t\u00edch h\u1ee3p<\/em><\/p>\n<p><img loading=\"lazy\" decoding=\"async\" class=\"aligncenter wp-image-63043 size-large\" src=\"https:\/\/tivixiaomi.co\/wp-content\/uploads\/2022\/05\/TIVI-XIAOMI-TV-P1E43-inch-Global-15-1024x288.jpg\" alt=\"\" width=\"1024\" height=\"288\" srcset=\"https:\/\/tivixiaomi.co\/wp-content\/uploads\/2022\/05\/TIVI-XIAOMI-TV-P1E43-inch-Global-15-1024x288.jpg 1024w, https:\/\/tivixiaomi.co\/wp-content\/uploads\/2022\/05\/TIVI-XIAOMI-TV-P1E43-inch-Global-15-jpg-150x42.webp 150w, https:\/\/tivixiaomi.co\/wp-content\/uploads\/2022\/05\/TIVI-XIAOMI-TV-P1E43-inch-Global-15-600x169.jpg 600w, https:\/\/tivixiaomi.co\/wp-content\/uploads\/2022\/05\/TIVI-XIAOMI-TV-P1E43-inch-Global-15-300x84.jpg 300w, https:\/\/tivixiaomi.co\/wp-content\/uploads\/2022\/05\/TIVI-XIAOMI-TV-P1E43-inch-Global-15-768x216.jpg 768w, https:\/\/tivixiaomi.co\/wp-content\/uploads\/2022\/05\/TIVI-XIAOMI-TV-P1E43-inch-Global-15-1536x432.jpg 1536w, https:\/\/tivixiaomi.co\/wp-content\/uploads\/2022\/05\/TIVI-XIAOMI-TV-P1E43-inch-Global-15-jpg.webp 1920w\" sizes=\"(max-width: 1024px) 100vw, 1024px\" \/><\/p>\n","protected":false},"excerpt":{"rendered":"<p>NEW 2021 Xiaomi TV P1 43 inch 4K UHD|Android 10|Smart TV|Hands-free Google Assistant|Stereo Speakers<\/p>\n","protected":false},"featured_media":63060,"comment_status":"open","ping_status":"closed","template":"redux-templates_full_width","meta":[],"product_brand":[],"product_cat":[27],"product_tag":[],"class_list":{"0":"post-63028","1":"product","2":"type-product","3":"status-publish","4":"has-post-thumbnail","6":"product_cat-chua-phan-loai","8":"first","9":"onbackorder","10":"shipping-taxable","11":"purchasable","12":"product-type-simple"},"_links":{"self":[{"href":"https:\/\/tivixiaomi.co\/en\/wp-json\/wp\/v2\/product\/63028"}],"collection":[{"href":"https:\/\/tivixiaomi.co\/en\/wp-json\/wp\/v2\/product"}],"about":[{"href":"https:\/\/tivixiaomi.co\/en\/wp-json\/wp\/v2\/types\/product"}],"replies":[{"embeddable":true,"href":"https:\/\/tivixiaomi.co\/en\/wp-json\/wp\/v2\/comments?post=63028"}],"version-history":[{"count":0,"href":"https:\/\/tivixiaomi.co\/en\/wp-json\/wp\/v2\/product\/63028\/revisions"}],"wp:featuredmedia":[{"embeddable":true,"href":"https:\/\/tivixiaomi.co\/en\/wp-json\/wp\/v2\/media\/63060"}],"wp:attachment":[{"href":"https:\/\/tivixiaomi.co\/en\/wp-json\/wp\/v2\/media?parent=63028"}],"wp:term":[{"taxonomy":"product_brand","embeddable":true,"href":"https:\/\/tivixiaomi.co\/en\/wp-json\/wp\/v2\/product_brand?post=63028"},{"taxonomy":"product_cat","embeddable":true,"href":"https:\/\/tivixiaomi.co\/en\/wp-json\/wp\/v2\/product_cat?post=63028"},{"taxonomy":"product_tag","embeddable":true,"href":"https:\/\/tivixiaomi.co\/en\/wp-json\/wp\/v2\/product_tag?post=63028"}],"curies":[{"name":"wp","href":"https:\/\/api.w.org\/{rel}","templated":true}]}}