{"id":63045,"date":"2022-05-18T19:16:36","date_gmt":"2022-05-18T12:16:36","guid":{"rendered":"https:\/\/tivixiaomi.co\/?post_type=product&#038;p=63045"},"modified":"2023-06-09T20:54:20","modified_gmt":"2023-06-09T13:54:20","slug":"xiaomi-tv-p1e-55","status":"publish","type":"product","link":"https:\/\/tivixiaomi.co\/en\/tivi\/xiaomi-tv-p1e-55\/","title":{"rendered":"Xiaomi TV P1E 55&#8243; (Gi\u00e1 \u0111\u00e3 bao g\u1ed3m thu\u1ebf gi\u00e1 tr\u1ecb gia t\u0103ng v\u00e0 g\u00f3i d\u1ecbch v\u1ee5 1 n\u0103m b\u1ea3o h\u00e0nh)"},"content":{"rendered":"<p style=\"text-align: center\"><img fetchpriority=\"high\" decoding=\"async\" class=\"aligncenter wp-image-63047 size-large\" src=\"https:\/\/tivixiaomi.co\/wp-content\/uploads\/2022\/05\/TIVI-XIAOMI-TV-P1E-55-inch-Global-1-1024x431.jpg\" alt=\"\" width=\"1024\" height=\"431\" srcset=\"https:\/\/tivixiaomi.co\/wp-content\/uploads\/2022\/05\/TIVI-XIAOMI-TV-P1E-55-inch-Global-1-1024x431.jpg 1024w, https:\/\/tivixiaomi.co\/wp-content\/uploads\/2022\/05\/TIVI-XIAOMI-TV-P1E-55-inch-Global-1-jpg-150x63.webp 150w, https:\/\/tivixiaomi.co\/wp-content\/uploads\/2022\/05\/TIVI-XIAOMI-TV-P1E-55-inch-Global-1-600x253.jpg 600w, https:\/\/tivixiaomi.co\/wp-content\/uploads\/2022\/05\/TIVI-XIAOMI-TV-P1E-55-inch-Global-1-300x126.jpg 300w, https:\/\/tivixiaomi.co\/wp-content\/uploads\/2022\/05\/TIVI-XIAOMI-TV-P1E-55-inch-Global-1-768x324.jpg 768w, https:\/\/tivixiaomi.co\/wp-content\/uploads\/2022\/05\/TIVI-XIAOMI-TV-P1E-55-inch-Global-1-1536x647.jpg 1536w, https:\/\/tivixiaomi.co\/wp-content\/uploads\/2022\/05\/TIVI-XIAOMI-TV-P1E-55-inch-Global-1-jpg.webp 1920w\" sizes=\"(max-width: 1024px) 100vw, 1024px\" \/><\/p>\n<p style=\"text-align: center\"><em>Xiaomi TV P1E 55&#8243; l\u1edbn h\u01a1n phi\u00ean b\u1ea3n tr\u01b0\u1edbc th\u00f4ng minh v\u00e0 ti\u1ec7n nghi cho gia \u0111\u00ecnh c\u1ee7a b\u1ea1n<\/em><\/p>\n<p style=\"text-align: center\"><img decoding=\"async\" class=\"alignnone wp-image-63048 size-large\" src=\"https:\/\/tivixiaomi.co\/wp-content\/uploads\/2022\/05\/TIVI-XIAOMI-TV-P1E-55-inch-Global-2-1024x407.jpg\" alt=\"\" width=\"1024\" height=\"407\" srcset=\"https:\/\/tivixiaomi.co\/wp-content\/uploads\/2022\/05\/TIVI-XIAOMI-TV-P1E-55-inch-Global-2-1024x407.jpg 1024w, https:\/\/tivixiaomi.co\/wp-content\/uploads\/2022\/05\/TIVI-XIAOMI-TV-P1E-55-inch-Global-2-jpg-150x60.webp 150w, https:\/\/tivixiaomi.co\/wp-content\/uploads\/2022\/05\/TIVI-XIAOMI-TV-P1E-55-inch-Global-2-600x239.jpg 600w, https:\/\/tivixiaomi.co\/wp-content\/uploads\/2022\/05\/TIVI-XIAOMI-TV-P1E-55-inch-Global-2-300x119.jpg 300w, https:\/\/tivixiaomi.co\/wp-content\/uploads\/2022\/05\/TIVI-XIAOMI-TV-P1E-55-inch-Global-2-768x306.jpg 768w, https:\/\/tivixiaomi.co\/wp-content\/uploads\/2022\/05\/TIVI-XIAOMI-TV-P1E-55-inch-Global-2-1536x611.jpg 1536w, https:\/\/tivixiaomi.co\/wp-content\/uploads\/2022\/05\/TIVI-XIAOMI-TV-P1E-55-inch-Global-2-jpg.webp 1920w\" sizes=\"(max-width: 1024px) 100vw, 1024px\" \/><\/p>\n<p style=\"text-align: center\"><em>C\u00e1c t\u00ednh n\u0103ng n\u1ed5i b\u1eadt tr\u00ean Xiaomi TV P1E 55&#8243; <\/em><\/p>\n<p style=\"text-align: center\"><img decoding=\"async\" class=\"alignnone wp-image-63049 size-large\" src=\"https:\/\/tivixiaomi.co\/wp-content\/uploads\/2022\/05\/TIVI-XIAOMI-TV-P1E-55-inch-Global-3-1024x605.jpg\" alt=\"\" width=\"1024\" height=\"605\" srcset=\"https:\/\/tivixiaomi.co\/wp-content\/uploads\/2022\/05\/TIVI-XIAOMI-TV-P1E-55-inch-Global-3-1024x605.jpg 1024w, https:\/\/tivixiaomi.co\/wp-content\/uploads\/2022\/05\/TIVI-XIAOMI-TV-P1E-55-inch-Global-3-jpg-150x89.webp 150w, https:\/\/tivixiaomi.co\/wp-content\/uploads\/2022\/05\/TIVI-XIAOMI-TV-P1E-55-inch-Global-3-600x355.jpg 600w, https:\/\/tivixiaomi.co\/wp-content\/uploads\/2022\/05\/TIVI-XIAOMI-TV-P1E-55-inch-Global-3-300x177.jpg 300w, https:\/\/tivixiaomi.co\/wp-content\/uploads\/2022\/05\/TIVI-XIAOMI-TV-P1E-55-inch-Global-3-768x454.jpg 768w, https:\/\/tivixiaomi.co\/wp-content\/uploads\/2022\/05\/TIVI-XIAOMI-TV-P1E-55-inch-Global-3-1536x908.jpg 1536w, https:\/\/tivixiaomi.co\/wp-content\/uploads\/2022\/05\/TIVI-XIAOMI-TV-P1E-55-inch-Global-3-jpg.webp 1920w\" sizes=\"(max-width: 1024px) 100vw, 1024px\" \/><\/p>\n<p style=\"text-align: center\"><em>T\u1ef7 l\u1ec7 m\u00e0n h\u00ecnh tr\u00ean th\u00e2n m\u00e1y cao h\u01a1n m\u00e0 kh\u00f4ng c\u00f3 c\u00e1c c\u1ea1nh g\u00e2y kh\u00f3 ch\u1ecbu<\/em><\/p>\n<p style=\"text-align: center\"><img loading=\"lazy\" decoding=\"async\" class=\"alignnone wp-image-63050 size-large\" src=\"https:\/\/tivixiaomi.co\/wp-content\/uploads\/2022\/05\/TIVI-XIAOMI-TV-P1E-55-inch-Global-4-1024x614.jpg\" alt=\"\" width=\"1024\" height=\"614\" srcset=\"https:\/\/tivixiaomi.co\/wp-content\/uploads\/2022\/05\/TIVI-XIAOMI-TV-P1E-55-inch-Global-4-1024x614.jpg 1024w, https:\/\/tivixiaomi.co\/wp-content\/uploads\/2022\/05\/TIVI-XIAOMI-TV-P1E-55-inch-Global-4-jpg-150x90.webp 150w, https:\/\/tivixiaomi.co\/wp-content\/uploads\/2022\/05\/TIVI-XIAOMI-TV-P1E-55-inch-Global-4-600x360.jpg 600w, https:\/\/tivixiaomi.co\/wp-content\/uploads\/2022\/05\/TIVI-XIAOMI-TV-P1E-55-inch-Global-4-300x180.jpg 300w, https:\/\/tivixiaomi.co\/wp-content\/uploads\/2022\/05\/TIVI-XIAOMI-TV-P1E-55-inch-Global-4-768x461.jpg 768w, https:\/\/tivixiaomi.co\/wp-content\/uploads\/2022\/05\/TIVI-XIAOMI-TV-P1E-55-inch-Global-4-1536x922.jpg 1536w, https:\/\/tivixiaomi.co\/wp-content\/uploads\/2022\/05\/TIVI-XIAOMI-TV-P1E-55-inch-Global-4-jpg.webp 1920w\" sizes=\"(max-width: 1024px) 100vw, 1024px\" \/><\/p>\n<p style=\"text-align: center\"><em>V\u1edbi g\u00f3c nh\u00ecn 178 \u0111\u1ed9 v\u00e0 \u0111\u1ed9 ph\u00e2n gi\u1ea3i 4K gi\u00fap h\u00ecnh \u1ea3nh hi\u1ec3n th\u1ecb chi ti\u1ebft h\u01a1n r\u1ea5t nhi\u1ec1u<\/em><\/p>\n<p style=\"text-align: center\"><img loading=\"lazy\" decoding=\"async\" class=\"alignnone wp-image-63051 size-large\" src=\"https:\/\/tivixiaomi.co\/wp-content\/uploads\/2022\/05\/TIVI-XIAOMI-TV-P1E-55-inch-Global-5-1024x581.jpg\" alt=\"\" width=\"1024\" height=\"581\" srcset=\"https:\/\/tivixiaomi.co\/wp-content\/uploads\/2022\/05\/TIVI-XIAOMI-TV-P1E-55-inch-Global-5-1024x581.jpg 1024w, https:\/\/tivixiaomi.co\/wp-content\/uploads\/2022\/05\/TIVI-XIAOMI-TV-P1E-55-inch-Global-5-jpg-150x85.webp 150w, https:\/\/tivixiaomi.co\/wp-content\/uploads\/2022\/05\/TIVI-XIAOMI-TV-P1E-55-inch-Global-5-600x341.jpg 600w, https:\/\/tivixiaomi.co\/wp-content\/uploads\/2022\/05\/TIVI-XIAOMI-TV-P1E-55-inch-Global-5-300x170.jpg 300w, https:\/\/tivixiaomi.co\/wp-content\/uploads\/2022\/05\/TIVI-XIAOMI-TV-P1E-55-inch-Global-5-768x436.jpg 768w, https:\/\/tivixiaomi.co\/wp-content\/uploads\/2022\/05\/TIVI-XIAOMI-TV-P1E-55-inch-Global-5-1536x872.jpg 1536w, https:\/\/tivixiaomi.co\/wp-content\/uploads\/2022\/05\/TIVI-XIAOMI-TV-P1E-55-inch-Global-5-jpg.webp 1920w\" sizes=\"(max-width: 1024px) 100vw, 1024px\" \/><\/p>\n<p style=\"text-align: center\"><em>MEMC t\u1ef1 \u0111\u1ed9ng ch\u00e8n c\u00e1c khung h\u00ecnh nh\u00e2n t\u1ea1o v\u00e0o n\u1ed9i dung c\u00f3 t\u1ed1c \u0111\u1ed9 khung h\u00ecnh th\u1ea5p \u0111\u1ec3 c\u1ea3i thi\u1ec7n ch\u1ea5t l\u01b0\u1ee3ng<\/em><\/p>\n<p style=\"text-align: center\"><img loading=\"lazy\" decoding=\"async\" class=\"alignnone wp-image-63052 size-large\" src=\"https:\/\/tivixiaomi.co\/wp-content\/uploads\/2022\/05\/TIVI-XIAOMI-TV-P1E-55-inch-Global-6-1024x548.jpg\" alt=\"\" width=\"1024\" height=\"548\" srcset=\"https:\/\/tivixiaomi.co\/wp-content\/uploads\/2022\/05\/TIVI-XIAOMI-TV-P1E-55-inch-Global-6-1024x548.jpg 1024w, https:\/\/tivixiaomi.co\/wp-content\/uploads\/2022\/05\/TIVI-XIAOMI-TV-P1E-55-inch-Global-6-jpg-150x80.webp 150w, https:\/\/tivixiaomi.co\/wp-content\/uploads\/2022\/05\/TIVI-XIAOMI-TV-P1E-55-inch-Global-6-600x321.jpg 600w, https:\/\/tivixiaomi.co\/wp-content\/uploads\/2022\/05\/TIVI-XIAOMI-TV-P1E-55-inch-Global-6-300x160.jpg 300w, https:\/\/tivixiaomi.co\/wp-content\/uploads\/2022\/05\/TIVI-XIAOMI-TV-P1E-55-inch-Global-6-768x411.jpg 768w, https:\/\/tivixiaomi.co\/wp-content\/uploads\/2022\/05\/TIVI-XIAOMI-TV-P1E-55-inch-Global-6-1536x822.jpg 1536w, https:\/\/tivixiaomi.co\/wp-content\/uploads\/2022\/05\/TIVI-XIAOMI-TV-P1E-55-inch-Global-6-jpg.webp 1920w\" sizes=\"(max-width: 1024px) 100vw, 1024px\" \/><\/p>\n<p style=\"text-align: center\"><em>Mang \u0111\u1ebfn tr\u1ea3i nghi\u1ec7m gi\u1ea3i tr\u00ed h\u1ee3p l\u00fd h\u01a1n, Ch\u1ecdn t\u1eeb th\u01b0 vi\u1ec7n h\u01a1n 400.000 b\u1ed9 phim hay<\/em><\/p>\n<p style=\"text-align: center\"><img loading=\"lazy\" decoding=\"async\" class=\"alignnone wp-image-63053 size-large\" src=\"https:\/\/tivixiaomi.co\/wp-content\/uploads\/2022\/05\/TIVI-XIAOMI-TV-P1E-55-inch-Global-7-1024x546.jpg\" alt=\"\" width=\"1024\" height=\"546\" srcset=\"https:\/\/tivixiaomi.co\/wp-content\/uploads\/2022\/05\/TIVI-XIAOMI-TV-P1E-55-inch-Global-7-1024x546.jpg 1024w, https:\/\/tivixiaomi.co\/wp-content\/uploads\/2022\/05\/TIVI-XIAOMI-TV-P1E-55-inch-Global-7-jpg-150x80.webp 150w, https:\/\/tivixiaomi.co\/wp-content\/uploads\/2022\/05\/TIVI-XIAOMI-TV-P1E-55-inch-Global-7-600x320.jpg 600w, https:\/\/tivixiaomi.co\/wp-content\/uploads\/2022\/05\/TIVI-XIAOMI-TV-P1E-55-inch-Global-7-300x160.jpg 300w, https:\/\/tivixiaomi.co\/wp-content\/uploads\/2022\/05\/TIVI-XIAOMI-TV-P1E-55-inch-Global-7-768x409.jpg 768w, https:\/\/tivixiaomi.co\/wp-content\/uploads\/2022\/05\/TIVI-XIAOMI-TV-P1E-55-inch-Global-7-1536x818.jpg 1536w, https:\/\/tivixiaomi.co\/wp-content\/uploads\/2022\/05\/TIVI-XIAOMI-TV-P1E-55-inch-Global-7-jpg.webp 1920w\" sizes=\"(max-width: 1024px) 100vw, 1024px\" \/><\/p>\n<p style=\"text-align: center\"><em>\u0110i\u1ec1u khi\u1ec3n TV c\u1ee7a b\u1ea1n b\u1eb1ng c\u00e1c l\u1ec7nh tho\u1ea1i \u0111\u01a1n gi\u1ea3n<\/em><\/p>\n<p style=\"text-align: center\"><img loading=\"lazy\" decoding=\"async\" class=\"alignnone wp-image-63054 size-large\" src=\"https:\/\/tivixiaomi.co\/wp-content\/uploads\/2022\/05\/TIVI-XIAOMI-TV-P1E-55-inch-Global-8-1024x378.jpg\" alt=\"\" width=\"1024\" height=\"378\" srcset=\"https:\/\/tivixiaomi.co\/wp-content\/uploads\/2022\/05\/TIVI-XIAOMI-TV-P1E-55-inch-Global-8-1024x378.jpg 1024w, https:\/\/tivixiaomi.co\/wp-content\/uploads\/2022\/05\/TIVI-XIAOMI-TV-P1E-55-inch-Global-8-jpg-150x55.webp 150w, https:\/\/tivixiaomi.co\/wp-content\/uploads\/2022\/05\/TIVI-XIAOMI-TV-P1E-55-inch-Global-8-600x221.jpg 600w, https:\/\/tivixiaomi.co\/wp-content\/uploads\/2022\/05\/TIVI-XIAOMI-TV-P1E-55-inch-Global-8-300x111.jpg 300w, https:\/\/tivixiaomi.co\/wp-content\/uploads\/2022\/05\/TIVI-XIAOMI-TV-P1E-55-inch-Global-8-768x283.jpg 768w, https:\/\/tivixiaomi.co\/wp-content\/uploads\/2022\/05\/TIVI-XIAOMI-TV-P1E-55-inch-Global-8-1536x566.jpg 1536w, https:\/\/tivixiaomi.co\/wp-content\/uploads\/2022\/05\/TIVI-XIAOMI-TV-P1E-55-inch-Global-8-jpg.webp 1920w\" sizes=\"(max-width: 1024px) 100vw, 1024px\" \/><\/p>\n<p style=\"text-align: center\"><em>\u0110i\u1ec1u khi\u1ec3n t\u1eeb xa 360\u0111 Bluetooth<\/em><\/p>\n<p style=\"text-align: center\"><img loading=\"lazy\" decoding=\"async\" class=\"alignnone wp-image-63055 size-large\" src=\"https:\/\/tivixiaomi.co\/wp-content\/uploads\/2022\/05\/TIVI-XIAOMI-TV-P1E-55-inch-Global-9-1024x539.jpg\" alt=\"\" width=\"1024\" height=\"539\" srcset=\"https:\/\/tivixiaomi.co\/wp-content\/uploads\/2022\/05\/TIVI-XIAOMI-TV-P1E-55-inch-Global-9-1024x539.jpg 1024w, https:\/\/tivixiaomi.co\/wp-content\/uploads\/2022\/05\/TIVI-XIAOMI-TV-P1E-55-inch-Global-9-jpg-150x79.webp 150w, https:\/\/tivixiaomi.co\/wp-content\/uploads\/2022\/05\/TIVI-XIAOMI-TV-P1E-55-inch-Global-9-600x316.jpg 600w, https:\/\/tivixiaomi.co\/wp-content\/uploads\/2022\/05\/TIVI-XIAOMI-TV-P1E-55-inch-Global-9-300x158.jpg 300w, https:\/\/tivixiaomi.co\/wp-content\/uploads\/2022\/05\/TIVI-XIAOMI-TV-P1E-55-inch-Global-9-768x404.jpg 768w, https:\/\/tivixiaomi.co\/wp-content\/uploads\/2022\/05\/TIVI-XIAOMI-TV-P1E-55-inch-Global-9-1536x809.jpg 1536w, https:\/\/tivixiaomi.co\/wp-content\/uploads\/2022\/05\/TIVI-XIAOMI-TV-P1E-55-inch-Global-9-jpg.webp 1920w\" sizes=\"(max-width: 1024px) 100vw, 1024px\" \/><\/p>\n<p style=\"text-align: center\"><em>T\u00ednh n\u0103ng Chromecast t\u00ednh h\u1ee3p tr\u00ean TV gi\u00fap cho ng\u01b0\u1eddi d\u00f9ng d\u1ec5 d\u00e0ng truy\u1ec1n t\u00edn hi\u1ec7n t\u1eeb \u0111i\u1ec7n tho\u1ea1i sang TV<\/em><\/p>\n<p style=\"text-align: center\"><img loading=\"lazy\" decoding=\"async\" class=\"alignnone wp-image-63056 size-large\" src=\"https:\/\/tivixiaomi.co\/wp-content\/uploads\/2022\/05\/TIVI-XIAOMI-TV-P1E-55-inch-Global-10-1024x241.jpg\" alt=\"\" width=\"1024\" height=\"241\" srcset=\"https:\/\/tivixiaomi.co\/wp-content\/uploads\/2022\/05\/TIVI-XIAOMI-TV-P1E-55-inch-Global-10-1024x241.jpg 1024w, https:\/\/tivixiaomi.co\/wp-content\/uploads\/2022\/05\/TIVI-XIAOMI-TV-P1E-55-inch-Global-10-jpg-150x35.webp 150w, https:\/\/tivixiaomi.co\/wp-content\/uploads\/2022\/05\/TIVI-XIAOMI-TV-P1E-55-inch-Global-10-600x141.jpg 600w, https:\/\/tivixiaomi.co\/wp-content\/uploads\/2022\/05\/TIVI-XIAOMI-TV-P1E-55-inch-Global-10-300x71.jpg 300w, https:\/\/tivixiaomi.co\/wp-content\/uploads\/2022\/05\/TIVI-XIAOMI-TV-P1E-55-inch-Global-10-768x181.jpg 768w, https:\/\/tivixiaomi.co\/wp-content\/uploads\/2022\/05\/TIVI-XIAOMI-TV-P1E-55-inch-Global-10-1536x362.jpg 1536w, https:\/\/tivixiaomi.co\/wp-content\/uploads\/2022\/05\/TIVI-XIAOMI-TV-P1E-55-inch-Global-10-jpg.webp 1920w\" sizes=\"(max-width: 1024px) 100vw, 1024px\" \/><\/p>\n<p style=\"text-align: center\"><em>Hi\u1ec7u su\u1ea5t m\u1ea1nh m\u1ebd h\u01a1n, ti\u1ebft ki\u1ec7m chi ph\u00ed h\u01a1n<\/em><\/p>\n<p><img loading=\"lazy\" decoding=\"async\" class=\"aligncenter wp-image-63057 size-large\" src=\"https:\/\/tivixiaomi.co\/wp-content\/uploads\/2022\/05\/TIVI-XIAOMI-TV-P1E-55-inch-Global-11-1024x592.jpg\" alt=\"\" width=\"1024\" height=\"592\" srcset=\"https:\/\/tivixiaomi.co\/wp-content\/uploads\/2022\/05\/TIVI-XIAOMI-TV-P1E-55-inch-Global-11-1024x592.jpg 1024w, https:\/\/tivixiaomi.co\/wp-content\/uploads\/2022\/05\/TIVI-XIAOMI-TV-P1E-55-inch-Global-11-jpg-150x87.webp 150w, https:\/\/tivixiaomi.co\/wp-content\/uploads\/2022\/05\/TIVI-XIAOMI-TV-P1E-55-inch-Global-11-600x347.jpg 600w, https:\/\/tivixiaomi.co\/wp-content\/uploads\/2022\/05\/TIVI-XIAOMI-TV-P1E-55-inch-Global-11-300x173.jpg 300w, https:\/\/tivixiaomi.co\/wp-content\/uploads\/2022\/05\/TIVI-XIAOMI-TV-P1E-55-inch-Global-11-768x444.jpg 768w, https:\/\/tivixiaomi.co\/wp-content\/uploads\/2022\/05\/TIVI-XIAOMI-TV-P1E-55-inch-Global-11-1536x888.jpg 1536w, https:\/\/tivixiaomi.co\/wp-content\/uploads\/2022\/05\/TIVI-XIAOMI-TV-P1E-55-inch-Global-11-jpg.webp 1920w\" sizes=\"(max-width: 1024px) 100vw, 1024px\" \/><\/p>\n<p style=\"text-align: center\"><em>C\u00f4ng ngh\u1ec7 gi\u1ea3i m\u00e3 \u00e2m thanh DTS-HD v\u01b0\u1ee3t tr\u1ed9i<\/em><\/p>\n","protected":false},"excerpt":{"rendered":"<ul class=\"navision-spec\">\n<li>NEW 2021 Xiaomi TV P1 55 inch 4K UHD|Android 10|Smart TV|Hands-free Google Assistant|Stereo Speakers<\/li>\n<\/ul>\n","protected":false},"featured_media":63059,"comment_status":"open","ping_status":"closed","template":"redux-templates_full_width","meta":[],"product_brand":[],"product_cat":[27],"product_tag":[],"class_list":{"0":"post-63045","1":"product","2":"type-product","3":"status-publish","4":"has-post-thumbnail","6":"product_cat-chua-phan-loai","8":"first","9":"onbackorder","10":"shipping-taxable","11":"purchasable","12":"product-type-simple"},"_links":{"self":[{"href":"https:\/\/tivixiaomi.co\/en\/wp-json\/wp\/v2\/product\/63045"}],"collection":[{"href":"https:\/\/tivixiaomi.co\/en\/wp-json\/wp\/v2\/product"}],"about":[{"href":"https:\/\/tivixiaomi.co\/en\/wp-json\/wp\/v2\/types\/product"}],"replies":[{"embeddable":true,"href":"https:\/\/tivixiaomi.co\/en\/wp-json\/wp\/v2\/comments?post=63045"}],"version-history":[{"count":0,"href":"https:\/\/tivixiaomi.co\/en\/wp-json\/wp\/v2\/product\/63045\/revisions"}],"wp:featuredmedia":[{"embeddable":true,"href":"https:\/\/tivixiaomi.co\/en\/wp-json\/wp\/v2\/media\/63059"}],"wp:attachment":[{"href":"https:\/\/tivixiaomi.co\/en\/wp-json\/wp\/v2\/media?parent=63045"}],"wp:term":[{"taxonomy":"product_brand","embeddable":true,"href":"https:\/\/tivixiaomi.co\/en\/wp-json\/wp\/v2\/product_brand?post=63045"},{"taxonomy":"product_cat","embeddable":true,"href":"https:\/\/tivixiaomi.co\/en\/wp-json\/wp\/v2\/product_cat?post=63045"},{"taxonomy":"product_tag","embeddable":true,"href":"https:\/\/tivixiaomi.co\/en\/wp-json\/wp\/v2\/product_tag?post=63045"}],"curies":[{"name":"wp","href":"https:\/\/api.w.org\/{rel}","templated":true}]}}