{"id":63274,"date":"2022-06-05T20:50:47","date_gmt":"2022-06-05T13:50:47","guid":{"rendered":"https:\/\/tivixiaomi.co\/?post_type=product&#038;p=63274"},"modified":"2022-12-25T12:32:19","modified_gmt":"2022-12-25T05:32:19","slug":"quat-dung-xiaomi-smartmi-standing-fan-3","status":"publish","type":"product","link":"https:\/\/tivixiaomi.co\/en\/tivi\/quat-dung-xiaomi-smartmi-standing-fan-3\/","title":{"rendered":"Qu\u1ea1t \u0111\u1ee9ng Xiaomi Smartmi Standing Fan 3"},"content":{"rendered":"<ul>\n<li>S\u1eed d\u1ee5ng kh\u00f4ng d\u00e2y &amp; M\u00e0n h\u00ecnh LED<\/li>\n<li>100 t\u1ed1c \u0111\u1ed9 m\u1ea1nh m\u1ebd &amp; \u0111\u1ed9ng c\u01a1 DC kh\u00f4ng ch\u1ed5i than<\/li>\n<li>Ph\u1ea1m vi bao ph\u1ee7 r\u1ed9ng v\u00e0 ho\u1ea1t \u0111\u1ed9ng c\u1ef1c k\u1ef3 y\u00ean t\u0129nh<\/li>\n<li>\u1ee8ng d\u1ee5ng, AI Voice, \u0110i\u1ec1u khi\u1ec3n t\u1eeb xa Bluetooth<\/li>\n<li>5 ph\u00fat thi\u1ebft l\u1eadp<\/li>\n<\/ul>\n","protected":false},"excerpt":{"rendered":"<p>Qu\u1ea1t \u0111\u1ee9ng Xiaomi Smartmi Standing Fan 3 v\u1edbi nhi\u1ec1u ch\u1ebf \u0111\u1ed9 gi\u00f3 th\u00f4ng minh, \u0111i\u1ec1u khi\u1ec3n t\u1eeb xa ti\u1ec7n l\u1ee3i, l\u00e0m m\u00e1t nhanh<\/p>\n","protected":false},"featured_media":63275,"comment_status":"open","ping_status":"closed","template":"","meta":[],"product_brand":[],"product_cat":[27],"product_tag":[],"class_list":{"0":"post-63274","1":"product","2":"type-product","3":"status-publish","4":"has-post-thumbnail","6":"product_cat-chua-phan-loai","8":"first","9":"outofstock","10":"shipping-taxable","11":"purchasable","12":"product-type-simple"},"_links":{"self":[{"href":"https:\/\/tivixiaomi.co\/en\/wp-json\/wp\/v2\/product\/63274"}],"collection":[{"href":"https:\/\/tivixiaomi.co\/en\/wp-json\/wp\/v2\/product"}],"about":[{"href":"https:\/\/tivixiaomi.co\/en\/wp-json\/wp\/v2\/types\/product"}],"replies":[{"embeddable":true,"href":"https:\/\/tivixiaomi.co\/en\/wp-json\/wp\/v2\/comments?post=63274"}],"version-history":[{"count":0,"href":"https:\/\/tivixiaomi.co\/en\/wp-json\/wp\/v2\/product\/63274\/revisions"}],"wp:featuredmedia":[{"embeddable":true,"href":"https:\/\/tivixiaomi.co\/en\/wp-json\/wp\/v2\/media\/63275"}],"wp:attachment":[{"href":"https:\/\/tivixiaomi.co\/en\/wp-json\/wp\/v2\/media?parent=63274"}],"wp:term":[{"taxonomy":"product_brand","embeddable":true,"href":"https:\/\/tivixiaomi.co\/en\/wp-json\/wp\/v2\/product_brand?post=63274"},{"taxonomy":"product_cat","embeddable":true,"href":"https:\/\/tivixiaomi.co\/en\/wp-json\/wp\/v2\/product_cat?post=63274"},{"taxonomy":"product_tag","embeddable":true,"href":"https:\/\/tivixiaomi.co\/en\/wp-json\/wp\/v2\/product_tag?post=63274"}],"curies":[{"name":"wp","href":"https:\/\/api.w.org\/{rel}","templated":true}]}}