{"id":63799,"date":"2022-07-16T21:27:08","date_gmt":"2022-07-16T14:27:08","guid":{"rendered":"https:\/\/tivixiaomi.co\/?post_type=product&#038;p=63799"},"modified":"2024-09-03T15:19:29","modified_gmt":"2024-09-03T08:19:29","slug":"noi-chien-khong-dau-thong-minh-mi-smart-air-fryer-3-5l-quoc-te-maf002","status":"publish","type":"product","link":"https:\/\/tivixiaomi.co\/en\/tivi\/noi-chien-khong-dau-thong-minh-mi-smart-air-fryer-3-5l-quoc-te-maf002\/","title":{"rendered":"N\u1ed3i chi\u00ean kh\u00f4ng d\u1ea7u th\u00f4ng minh Mi Smart Air Fryer 3.5L Qu\u1ed1c T\u1ebf MAF002"},"content":{"rendered":"<div dir=\"auto\">S\u1eafm ngay n\u1ed3i chi\u00ean kh\u00f4ng d\u1ea7u th\u00f4ng minh si\u00eau \u0111\u1ec9nh Mi Smart Air Fryer 3.5L c\u1ee7a Xiaomi \u0111\u1ec3 c\u00f9ng \u0111\u01b0\u1ee3c \u0102n Ngon S\u1ed1ng Kho\u1ebb, b\u1ea3o v\u1ec7 s\u1ee9c kho\u1ebb gia \u0111\u00ecnh b\u1ea1n v\u1edbi nh\u1eefng ch\u1ebf \u0111\u1ed9 c\u1ef1c k\u1ef3 ti\u1ec7n l\u1ee3i.<\/div>\n<ul>\n<li dir=\"auto\">H\u1eb9n gi\u1edd n\u1ea5u n\u01b0\u1edbng l\u00ean \u0111\u1ebfn 24 ti\u1ebfng<\/li>\n<li dir=\"auto\">H\u01a1n 100+ c\u00f4ng th\u1ee9c n\u1ea5u \u0103n tr\u00ean \u1ee9ng d\u1ee5ng Mi Home<\/li>\n<li dir=\"auto\">M\u00e0n h\u00ecnh OLED d\u1ec5 theo d\u00f5i v\u00e0 \u0111i\u1ec1u khi\u1ec3n<\/li>\n<\/ul>\n","protected":false},"excerpt":{"rendered":"<ul>\n<li dir=\"auto\">H\u1eb9n gi\u1edd n\u1ea5u n\u01b0\u1edbng l\u00ean \u0111\u1ebfn 24 ti\u1ebfng<\/li>\n<li dir=\"auto\">H\u01a1n 100+ c\u00f4ng th\u1ee9c n\u1ea5u \u0103n tr\u00ean \u1ee9ng d\u1ee5ng Mi Home<\/li>\n<li dir=\"auto\">M\u00e0n h\u00ecnh OLED d\u1ec5 theo d\u00f5i v\u00e0 \u0111i\u1ec1u khi\u1ec3n<\/li>\n<\/ul>\n","protected":false},"featured_media":64416,"comment_status":"open","ping_status":"closed","template":"","meta":[],"product_brand":[],"product_cat":[759],"product_tag":[],"class_list":{"0":"post-63799","1":"product","2":"type-product","3":"status-publish","4":"has-post-thumbnail","6":"product_cat-thiet-bi-nha-bep-xiaomi","8":"first","9":"outofstock","10":"sale","11":"shipping-taxable","12":"purchasable","13":"product-type-simple"},"_links":{"self":[{"href":"https:\/\/tivixiaomi.co\/en\/wp-json\/wp\/v2\/product\/63799"}],"collection":[{"href":"https:\/\/tivixiaomi.co\/en\/wp-json\/wp\/v2\/product"}],"about":[{"href":"https:\/\/tivixiaomi.co\/en\/wp-json\/wp\/v2\/types\/product"}],"replies":[{"embeddable":true,"href":"https:\/\/tivixiaomi.co\/en\/wp-json\/wp\/v2\/comments?post=63799"}],"version-history":[{"count":1,"href":"https:\/\/tivixiaomi.co\/en\/wp-json\/wp\/v2\/product\/63799\/revisions"}],"predecessor-version":[{"id":69780,"href":"https:\/\/tivixiaomi.co\/en\/wp-json\/wp\/v2\/product\/63799\/revisions\/69780"}],"wp:featuredmedia":[{"embeddable":true,"href":"https:\/\/tivixiaomi.co\/en\/wp-json\/wp\/v2\/media\/64416"}],"wp:attachment":[{"href":"https:\/\/tivixiaomi.co\/en\/wp-json\/wp\/v2\/media?parent=63799"}],"wp:term":[{"taxonomy":"product_brand","embeddable":true,"href":"https:\/\/tivixiaomi.co\/en\/wp-json\/wp\/v2\/product_brand?post=63799"},{"taxonomy":"product_cat","embeddable":true,"href":"https:\/\/tivixiaomi.co\/en\/wp-json\/wp\/v2\/product_cat?post=63799"},{"taxonomy":"product_tag","embeddable":true,"href":"https:\/\/tivixiaomi.co\/en\/wp-json\/wp\/v2\/product_tag?post=63799"}],"curies":[{"name":"wp","href":"https:\/\/api.w.org\/{rel}","templated":true}]}}