{"id":64350,"date":"2022-08-12T13:03:49","date_gmt":"2022-08-12T06:03:49","guid":{"rendered":"https:\/\/tivixiaomi.co\/?post_type=product&#038;p=64350"},"modified":"2025-04-09T08:34:27","modified_gmt":"2025-04-09T01:34:27","slug":"smart-tivi-xiaomi-a2-58-inch","status":"publish","type":"product","link":"https:\/\/tivixiaomi.co\/en\/tivi\/smart-tivi-xiaomi-a2-58-inch\/","title":{"rendered":"Xiaomi TV A2 58&#8243; (Gi\u00e1 \u0111\u00e3 bao g\u1ed3m thu\u1ebf gi\u00e1 tr\u1ecb gia t\u0103ng v\u00e0 g\u00f3i d\u1ecbch v\u1ee5 2 n\u0103m b\u1ea3o h\u00e0nh)"},"content":{"rendered":"<h2 align=\"center\"><strong><a href=\"https:\/\/tivixiaomi.co\/san-pham\/xiaomi-tv-a2-58\/\">Xiaomi TV A2 58<\/a>&#8221; h\u00ecnh \u1ea3nh ch\u1ea5t l\u01b0\u1ee3ng, \u00e2m thanh si\u00eau n\u00e9t<\/strong><\/h2>\n<p><iframe title=\"Xiaomi P1 v\u00e0 Xiaomi A2 ngon kh\u1ee7ng khi\u1ebfp! 8 tri\u1ec7u c\u00f3 TV 4K 55 inch, ng\u01b0\u1eddi Vi\u1ec7t m\u00ea l\u00e0 ph\u1ea3i!\" width=\"640\" height=\"360\" src=\"https:\/\/www.youtube.com\/embed\/_jgIHaEfhNA?feature=oembed\" frameborder=\"0\" allow=\"accelerometer; autoplay; clipboard-write; encrypted-media; gyroscope; picture-in-picture; web-share\" referrerpolicy=\"strict-origin-when-cross-origin\" allowfullscreen><\/iframe><\/p>\n<p>&nbsp;<\/p>\n<h2 class=\"st-pd-contentTitle\" style=\"text-align: center;\">\u0110\u00e1nh gi\u00e1 chi ti\u1ebft <a href=\"https:\/\/tivixiaomi.co\/san-pham\/xiaomi-tv-a2-58\/\">Xiaomi TV A2 58&#8243;<\/a><\/h2>\n<div class=\"st-pd-content\">\n<p style=\"text-align: center;\"><b>S\u1edf h\u1eefu thi\u1ebft k\u1ebf nguy\u00ean kh\u1ed1i v\u1edbi vi\u1ec1n m\u00e0n h\u00ecnh v\u00f4 c\u1ef1c, Xiaomi TV A2 58&#8243; s\u1ebd th\u1eafp s\u00e1ng kh\u00f4ng gian gi\u1ea3i tr\u00ed c\u1ee7a gia \u0111\u00ecnh b\u1ea1n. Lo\u1ea1t c\u00f4ng ngh\u1ec7 \u1ea5n t\u01b0\u1ee3ng nh\u01b0 \u0111\u1ed9 ph\u00e2n gi\u1ea3i 4K, hi\u1ec3n th\u1ecb 1.07 t\u1ef7 m\u00e0u, MEMC t\u1ed1i \u01b0u \u0111\u1ed9 m\u01b0\u1ee3t v\u00e0 \u00e2m thanh Dolby Audio s\u1ebd \u0111\u1ea3m b\u1ea3o b\u1ea1n c\u00f3 \u0111\u01b0\u1ee3c tr\u1ea3i nghi\u1ec7m tr\u1ecdn v\u1eb9n nh\u1ea5t khi t\u1eadn h\u01b0\u1edfng c\u00e1c th\u01b0\u1edbc phim v\u00e0 ch\u01b0\u01a1ng tr\u00ecnh truy\u1ec1n h\u00ecnh.<\/b><\/p>\n<p style=\"text-align: center;\"><img decoding=\"async\" src=\"https:\/\/fptshop.com.vn\/Uploads\/images\/2015\/Tin-Tuc\/DuyLe\/Event\/Tivi-xiaomi-tv-a2-58-inchTivi-xiaomi-tv-a2-58-inch-1.jpg\" alt=\"Tivi Xiaomi TV A2 58 inch\" \/><\/p>\n<h3 style=\"text-align: center;\"><b>M\u00e0n h\u00ecnh v\u00f4 c\u1ef1c, vi\u1ec1n bao quanh m\u1ecfng nh\u01b0 bi\u1ebfn m\u1ea5t<\/b><\/h3>\n<p style=\"text-align: center;\">Xiaomi TV A2 58&#8243; v\u01b0\u1ee3t xa m\u1ecdi m\u1eabu TV b\u1ea1n t\u1eebng th\u1ea5y v\u1ec1 t\u1ec9 l\u1ec7 m\u00e0n h\u00ecnh tr\u00ean th\u00e2n m\u00e1y. Vi\u1ec1n m\u00e0n h\u00ecnh m\u1ecfng nh\u01b0 bi\u1ebfn m\u1ea5t khi\u1ebfn s\u1ea3n ph\u1ea9m tr\u1edf n\u00ean l\u00f4i cu\u1ed1n h\u01a1n, tinh t\u1ebf h\u01a1n. \u0110\u1eb7t trong kh\u00f4ng gian ph\u00f2ng kh\u00e1ch, Xiaomi TV A2 nh\u01b0 h\u00f2a v\u00e0o m\u00f4i tr\u01b0\u1eddng xung quanh. Thi\u1ebft k\u1ebf th\u00f4ng minh v\u00e0 thanh l\u1ecbch khi\u1ebfn ng\u01b0\u1eddi d\u00f9ng t\u1eadp trung h\u01a1n v\u00e0o nh\u1eefng h\u00ecnh \u1ea3nh m\u00e0 TV hi\u1ec3n th\u1ecb.<\/p>\n<p style=\"text-align: center;\"><img decoding=\"async\" id=\"M\u00e0n h\u00ecnh v\u00f4 c\u1ef1c, vi\u1ec1n bao quanh m\u1ecfng nh\u01b0 bi\u1ebfn m\u1ea5t\" src=\"https:\/\/fptshop.com.vn\/Uploads\/images\/2015\/Tin-Tuc\/DuyLe\/Event\/Tivi-xiaomi-tv-a2-58-inchTivi-xiaomi-tv-a2-58-inch-2.jpg\" alt=\"M\u00e0n h\u00ecnh v\u00f4 c\u1ef1c, vi\u1ec1n bao quanh m\u1ecfng nh\u01b0 bi\u1ebfn m\u1ea5t\" \/><\/p>\n<h3 style=\"text-align: center;\"><b>Thi\u1ebft k\u1ebf nguy\u00ean kh\u1ed1i v\u00e0 khung v\u1ecf kim lo\u1ea1i<\/b><\/h3>\n<p style=\"text-align: center;\">Xiaomi cho th\u1ea5y s\u1ef1 \u0111\u1ea7u t\u01b0 l\u1edbn v\u00e0o quy tr\u00ecnh l\u1eafp r\u00e1p v\u00e0 ho\u00e0n thi\u1ec7n Mi TV A2 58 inch khi trang b\u1ecb cho s\u1ea3n ph\u1ea9m b\u1ed9 khung v\u1ecf kim lo\u1ea1i ho\u00e0n to\u00e0n nguy\u00ean kh\u1ed1i. S\u1ef1 xu\u1ea5t hi\u1ec7n c\u1ee7a chi\u1ebfc TV s\u1ebd l\u00e0m t\u0103ng v\u1ebb sang tr\u1ecdng cho kh\u00f4ng gian s\u1ed1ng c\u1ee7a gia \u0111\u00ecnh b\u1ea1n.<\/p>\n<p style=\"text-align: center;\"><img decoding=\"async\" src=\"https:\/\/fptshop.com.vn\/Uploads\/images\/2015\/Tin-Tuc\/DuyLe\/Event\/Tivi-xiaomi-tv-a2-58-inchTivi-xiaomi-tv-a2-58-inch-3.jpg\" alt=\"Thi\u1ebft k\u1ebf nguy\u00ean kh\u1ed1i v\u00e0 khung v\u1ecf kim lo\u1ea1i\" \/><\/p>\n<h3 style=\"text-align: center;\"><b>C\u00f9ng t\u1eadn h\u01b0\u1edfng nh\u1eefng khu\u00f4n h\u00ecnh 4K m\u00e3n nh\u00e3n<\/b><\/h3>\n<p style=\"text-align: center;\">Nh\u1edd \u0111\u1ed9 ph\u00e2n gi\u1ea3i xu\u1ea5t s\u1eafc \u0111\u1ea1t ng\u01b0\u1ee1ng 4K Ultra HD (3.840 x 2.160 pixels), Xiaomi TV A2 58 inch ph\u00f4 di\u1ec5n nh\u1eefng khu\u00f4n h\u00ecnh s\u1eafc n\u00e9t t\u1ed1i \u0111a. B\u1ea1n s\u1ebd c\u1ea3m nh\u1eadn r\u00f5 \u0111\u1ed9 chi ti\u1ebft c\u1ee7a m\u1ed7i th\u01b0\u1edbc phim \u0111\u01b0\u1ee3c t\u00e1i hi\u1ec7n tr\u00ean kh\u00f4ng gian hi\u1ec3n th\u1ecb c\u1ee7a Xiaomi TV A2.<\/p>\n<p style=\"text-align: center;\"><img decoding=\"async\" src=\"https:\/\/fptshop.com.vn\/Uploads\/images\/2015\/Tin-Tuc\/DuyLe\/Event\/Tivi-xiaomi-tv-a2-58-inchTivi-xiaomi-tv-a2-58-inch-5.jpg\" alt=\"C\u00f9ng t\u1eadn h\u01b0\u1edfng nh\u1eefng khu\u00f4n h\u00ecnh 4K m\u00e3n nh\u00e3n\" \/><\/p>\n<h3 style=\"text-align: center;\"><b>\u0110em l\u1ea1i tr\u1ea3i nghi\u1ec7m nh\u01b0 r\u1ea1p chi\u1ebfu phim<\/b><\/h3>\n<p style=\"text-align: center;\">Xiaomi TV A2 58 inch s\u1ebd \u0111\u01b0a nh\u1eefng khung h\u00ecnh m\u00e3n nh\u00e3n nh\u01b0 trong r\u1ea1p chi\u1ebfu phim t\u1edbi tr\u01b0\u1edbc t\u1ea7m m\u1eaft b\u1ea1n. Nh\u1edd t\u1eadn d\u1ee5ng th\u1ebf m\u1ea1nh c\u1ee7a nh\u1eefng c\u00f4ng ngh\u1ec7 n\u1ed5i b\u1eadt nh\u01b0 Dolby Vision, HDR 10 v\u00e0 HLG, s\u1ea3n ph\u1ea9m ph\u00f4 di\u1ec5n nhi\u1ec1u gam m\u00e0u ch\u00e2n th\u1ef1c, c\u00f3 \u0111\u1ed9 s\u00e1ng cao v\u00e0 \u0111\u1ed9 t\u01b0\u01a1ng ph\u1ea3n t\u1ed1t.<\/p>\n<p style=\"text-align: center;\"><img decoding=\"async\" src=\"https:\/\/fptshop.com.vn\/Uploads\/images\/2015\/Tin-Tuc\/DuyLe\/Event\/Tivi-xiaomi-tv-a2-58-inchTivi-xiaomi-tv-a2-58-inch-6.jpg\" alt=\"\u0110em l\u1ea1i tr\u1ea3i nghi\u1ec7m nh\u01b0 r\u1ea1p chi\u1ebfu phim\" \/><\/p>\n<h3 style=\"text-align: center;\"><b>D\u1ea3i m\u00e0u DCI-P3 v\u1edbi ti\u00eau chu\u1ea9n phim Hollywood<\/b><\/h3>\n<p style=\"text-align: center;\">Ng\u1eafm nh\u00ecn nh\u1eefng th\u01b0\u1edbc phim \u0111\u01b0\u1ee3c t\u00e1i hi\u1ec7n tr\u00ean m\u00e0n h\u00ecnh Xiaomi TV A2 58&#8243;, b\u1ea1n s\u1ebd l\u1eadp t\u1ee9c cho\u00e1ng ng\u1ee3p b\u1edfi khung h\u00ecnh tuy\u1ec7t m\u1ef9 v\u1edbi m\u00e0u s\u1eafc r\u1ef1c r\u1ee1, t\u00ednh ch\u00e2n th\u1ef1c cao v\u00e0 \u0111\u1eb7c bi\u1ec7t s\u1ed1ng \u0111\u1ed9ng. S\u1ea3n ph\u1ea9m \u0111\u1ea1t 90% d\u1ea3i m\u00e0u DCI-P3, h\u1ed7 tr\u1ee3 1.07 t\u1ef7 gam m\u00e0u \u2013 nh\u1eefng th\u00f4ng s\u1ed1 l\u00e0 b\u1ea3o ch\u1ee9ng cho ch\u1ea5t l\u01b0\u1ee3ng hi\u1ec3n th\u1ecb tuy\u1ec7t v\u1eddi c\u1ee7a Xiaomi TV A2.<\/p>\n<p style=\"text-align: center;\"><img decoding=\"async\" src=\"https:\/\/fptshop.com.vn\/Uploads\/images\/2015\/Tin-Tuc\/DuyLe\/Event\/Tivi-xiaomi-tv-a2-58-inchTivi-xiaomi-tv-a2-58-inch-8.jpg\" alt=\"D\u1ea3i m\u00e0u DCI-P3 v\u1edbi ti\u00eau chu\u1ea9n phim Hollywood\" \/><\/p>\n<h3 style=\"text-align: center;\"><b>M\u01b0\u1ee3t m\u00e0, tr\u1ecdn v\u1eb9n trong m\u1ecdi c\u1ea3nh h\u00e0nh \u0111\u1ed9ng<\/b><\/h3>\n<p style=\"text-align: center;\">C\u00f4ng ngh\u1ec7 MEMC \u0111\u01b0\u1ee3c Xiaomi t\u1eadn d\u1ee5ng tr\u00ean Xiaomi TV A2 58&#8243; s\u1ebd \u0111\u1ea3m nh\u1eadn t\u00e1c v\u1ee5 b\u00f9 chuy\u1ec3n \u0111\u1ed9ng v\u00e0 \u01b0\u1edbc t\u00ednh chuy\u1ec3n \u0111\u1ed9ng, qua \u0111\u00f3 khi\u1ebfn cho chi\u1ebfc TV di\u1ec5n \u0111\u1ea1t m\u01b0\u1ee3t nh\u1eefng c\u1ea3nh quay ch\u1edbp nho\u00e1ng. T\u1eeb nh\u1eefng pha \u0111\u1ea5u s\u00fang gay c\u1ea5n cho \u0111\u1ebfn c\u1ea3nh \u0111ua xe ngh\u1eb9t th\u1edf, m\u1ecdi h\u00ecnh \u1ea3nh t\u1ed1c \u0111\u1ed9 cao \u0111\u1ec1u hi\u1ec7n l\u00ean r\u00f5 n\u00e9t trong t\u1ea7m m\u1eaft b\u1ea1n.<\/p>\n<p style=\"text-align: center;\"><img decoding=\"async\" src=\"https:\/\/fptshop.com.vn\/Uploads\/images\/2015\/Tin-Tuc\/DuyLe\/Event\/Tivi-xiaomi-tv-a2-58-inchTivi-xiaomi-tv-a2-58-inch-9.jpg\" alt=\"M\u01b0\u1ee3t m\u00e0, tr\u1ecdn v\u1eb9n trong m\u1ecdi c\u1ea3nh h\u00e0nh \u0111\u1ed9ng\" \/><\/p>\n<h3 style=\"text-align: center;\"><b>T\u1eadn h\u01b0\u1edfng n\u1ed9i dung s\u1ed1ng \u0111\u1ed9ng v\u1edbi \u00e2m thanh n\u1ed5i<\/b><\/h3>\n<p style=\"text-align: center;\">Hai \u00e2m thanh n\u1ed5i \u0111\u01b0\u1ee3c b\u1ed1 tr\u00ed th\u00f4ng minh s\u1ebd k\u1ebft n\u1ed1i v\u00e0 ph\u00e1t ra thanh \u00e2m s\u1ed1ng \u0111\u1ed9ng, \u0111a chi\u1ec1u \u0111\u1ec3 b\u1ea1n t\u1eadn h\u01b0\u1edfng n\u1ed9i dung gi\u1ea3i tr\u00ed theo c\u00e1ch tr\u1ecdn v\u1eb9n nh\u1ea5t. C\u00f4ng ngh\u1ec7 Dolby Audio k\u1ebft h\u1ee3p v\u1edbi DTS-HD t\u1ea1o n\u00ean hi\u1ec7u \u1ee9ng chu\u1ea9n cinema ngay t\u1ea1i nh\u00e0, ch\u1eafc ch\u1eafn s\u1ebd khi\u1ebfn nh\u1eefng ph\u00fat gi\u00e2y th\u01b0 gi\u00e3n c\u1ee7a b\u1ea1n \u0111\u01b0\u1ee3c t\u1ed1i \u01b0u nh\u1ea5t.<\/p>\n<p style=\"text-align: center;\"><img decoding=\"async\" src=\"https:\/\/fptshop.com.vn\/Uploads\/images\/2015\/Tin-Tuc\/DuyLe\/Event\/Tivi-xiaomi-tv-a2-58-inchTivi-xiaomi-tv-a2-58-inch-a.jpg\" alt=\"T\u1eadn h\u01b0\u1edfng n\u1ed9i dung s\u1ed1ng \u0111\u1ed9ng v\u1edbi \u00e2m thanh n\u1ed5i\" \/><\/p>\n<h3 style=\"text-align: center;\"><b>Gi\u1ea3i tr\u00ed th\u00f4ng minh c\u00f9ng h\u1ec7 \u0111i\u1ec1u h\u00e0nh Android TV<\/b><\/h3>\n<p style=\"text-align: center;\">C\u00e0i \u0111\u1eb7t Android TV, Xiaomi TV A2 58 inch m\u1edf ra c\u00e1nh c\u1eeda \u0111\u1ec3 b\u1ea1n ti\u1ebfp c\u1eadn 5.000 \u1ee9ng d\u1ee5ng kh\u00e1c nhau v\u00e0 400.000 b\u1ed9 phim v\u1edbi n\u1ed9i dung phong ph\u00fa. Ch\u1ee7 nh\u00e2n chi\u1ebfc TV s\u1ebd th\u1ecfa s\u1ee9c kh\u00e1m ph\u00e1 nh\u1eefng th\u01b0\u1edbc phim, nh\u1eefng ch\u01b0\u01a1ng tr\u00ecnh truy\u1ec1n h\u00ecnh h\u1ea5p d\u1eabn v\u00e0 t\u1eadn h\u01b0\u1edfng s\u1ef1 th\u00f4ng minh c\u1ee7a n\u1ec1n t\u1ea3ng n\u1ed5i danh.<\/p>\n<p style=\"text-align: center;\"><img decoding=\"async\" src=\"https:\/\/fptshop.com.vn\/Uploads\/images\/2015\/Tin-Tuc\/DuyLe\/Event\/Tivi-xiaomi-tv-a2-58-inchTivi-xiaomi-tv-a2-58-inch-c.jpg\" alt=\"Gi\u1ea3i tr\u00ed th\u00f4ng minh c\u00f9ng h\u1ec7 \u0111i\u1ec1u h\u00e0nh Android TV \" \/><\/p>\n<h3 style=\"text-align: center;\"><b>\u0110i\u1ec1u h\u00e0nh kh\u00f4ng gian s\u1ed1ng v\u1edbi Google Assistant<\/b><\/h3>\n<p style=\"text-align: center;\">Click v\u00e0o ph\u00edm Google Assistant tr\u00ean b\u1ed9 \u0111i\u1ec1u khi\u1ec3n, b\u1ea1n s\u1ebd nhanh ch\u00f3ng k\u00edch ho\u1ea1t tr\u1ee3 l\u00fd \u1ea3o \u0111\u1ec3 ra l\u1ec7nh, t\u01b0\u01a1ng t\u00e1c v\u00e0 y\u00eau c\u1ea7u TV l\u00e0m m\u1ecdi \u0111i\u1ec1u m\u00ecnh mu\u1ed1n. Kh\u00f4ng ch\u1ec9 h\u1ed7 tr\u1ee3 qu\u00e1 tr\u00ecnh \u0111i\u1ec1u khi\u1ec3n, \u0111\u00e2y c\u00f2n l\u00e0 ch\u00eca kh\u00f3a \u0111\u1ec3 b\u1ea1n s\u1eed d\u1ee5ng TV v\u1eadn h\u00e0nh to\u00e0n b\u1ed9 h\u1ec7 th\u1ed1ng thi\u1ebft b\u1ecb th\u00f4ng minh trong gia \u0111\u00ecnh.<\/p>\n<p style=\"text-align: center;\"><img decoding=\"async\" src=\"https:\/\/fptshop.com.vn\/Uploads\/images\/2015\/Tin-Tuc\/DuyLe\/Event\/Tivi-xiaomi-tv-a2-58-inchTivi-xiaomi-tv-a2-58-inch-d.jpg\" alt=\"\u0110i\u1ec1u h\u00e0nh kh\u00f4ng gian s\u1ed1ng v\u1edbi Google Assistant 123\" \/><\/p>\n<h3 style=\"text-align: center;\"><b>\u0110i\u1ec1u khi\u1ec3n d\u1ec5 d\u00e0ng \u1edf m\u1ecdi g\u00f3c \u0111\u1ed9<\/b><\/h3>\n<p style=\"text-align: center;\">\u0110\u1ebfn t\u1eeb th\u01b0\u01a1ng hi\u1ec7u n\u1ed5i danh trong l\u0129nh v\u1ef1c ch\u1ebf t\u00e1c thi\u1ebft b\u1ecb th\u00f4ng minh, Xiaomi TV A2 58 inch s\u1edf h\u1eefu b\u1ed9 remote \u0111i\u1ec1u khi\u1ec3n c\u1ef1c k\u1ef3 h\u1eefu \u00edch, cho ph\u00e9p ng\u01b0\u1eddi d\u00f9ng g\u1eedi t\u00edn hi\u1ec7u v\u00e0 ra l\u1ec7nh cho TV \u1edf b\u1ea5t c\u1ee9 g\u00f3c n\u00e0o trong gian ph\u00f2ng nh\u1edd c\u01a1 ch\u1ebf Bluetooth hi\u1ec7n \u0111\u1ea1i.<\/p>\n<p style=\"text-align: center;\"><img decoding=\"async\" src=\"https:\/\/fptshop.com.vn\/Uploads\/images\/2015\/Tin-Tuc\/DuyLe\/Event\/Tivi-xiaomi-tv-a2-58-inchTivi-xiaomi-tv-a2-58-inch-e.jpg\" alt=\"\u0110i\u1ec1u h\u00e0nh kh\u00f4ng gian s\u1ed1ng v\u1edbi Google Assistant\" \/><\/p>\n<h3 style=\"text-align: center;\"><b>Chromecast m\u1edf ra g\u00f3c xem r\u1ed9ng h\u01a1n<\/b><\/h3>\n<p style=\"text-align: center;\">Ch\u1ee7 nh\u00e2n c\u1ee7a Xiaomi TV A2 58 inch s\u1ebd d\u1ec5 d\u00e0ng \u0111\u1ed3ng b\u1ed9 h\u00ecnh \u1ea3nh \u0111ang hi\u1ec3n th\u1ecb tr\u00ean \u0111i\u1ec7n tho\u1ea1i t\u1edbi TV th\u00f4ng qua hai c\u00f4ng ngh\u1ec7 Chromecast v\u00e0 Miracast. T\u1eeb \u0111\u00f3, b\u1ea1n s\u1ebd c\u00f3 th\u1ec3 t\u1eadn h\u01b0\u1edfng nh\u1eefng khung h\u00ecnh l\u1edbn, s\u1ed1ng \u0111\u1ed9ng, s\u1eafc n\u00e9t tr\u00ean kh\u00f4ng gian m\u00e0n h\u00ecnh r\u1ed9ng r\u00e3i \u1ea5n t\u01b0\u1ee3ng b\u1ea5t c\u1ee9 khi n\u00e0o m\u00ecnh mu\u1ed1n.<\/p>\n<p style=\"text-align: center;\"><img decoding=\"async\" class=\"aligncenter\" src=\"https:\/\/fptshop.com.vn\/Uploads\/images\/2015\/Tin-Tuc\/DuyLe\/Event\/Tivi-xiaomi-tv-a2-58-inchTivi-xiaomi-tv-a2-58-inch-f.jpg\" alt=\"\u0110i\u1ec1u khi\u1ec3n d\u1ec5 d\u00e0ng \u1edf m\u1ecdi g\u00f3c \u0111\u1ed9\" \/><\/p>\n<\/div>\n<p><img decoding=\"async\" src=\"https:\/\/xiaomi.dstore.vn\/storage\/media\/NewFolder\/XIAOMI%20TV%20A2%2058%22%20(L58M7%20-%20EASEA)\/10c63049f1ce9c3e7605405ef54f0283.jpg\" alt=\"\" \/><\/p>\n","protected":false},"excerpt":{"rendered":"<div class=\"div56\">\n<ul>\n<li>D\u00f2ng A2 Series<\/li>\n<li>M\u00e0n h\u00ecnh: 4K<\/li>\n<li>RAM: 2GB<\/li>\n<li>Dung l\u01b0\u1ee3ng: 16GB<\/li>\n<\/ul>\n<\/div>\n","protected":false},"featured_media":64351,"comment_status":"open","ping_status":"closed","template":"","meta":[],"product_brand":[],"product_cat":[406,385,241],"product_tag":[451],"class_list":{"0":"post-64350","1":"product","2":"type-product","3":"status-publish","4":"has-post-thumbnail","6":"product_cat-top-10-tivi-xiaomi","7":"product_cat-xiaomi-tv-a2-series","8":"product_cat-tivi-xiaomi-55-59-inch","9":"product_tag-smart-tivi-xiaomi-a2-58-inch","11":"first","12":"outofstock","13":"sale","14":"shipping-taxable","15":"purchasable","16":"product-type-simple"},"_links":{"self":[{"href":"https:\/\/tivixiaomi.co\/en\/wp-json\/wp\/v2\/product\/64350"}],"collection":[{"href":"https:\/\/tivixiaomi.co\/en\/wp-json\/wp\/v2\/product"}],"about":[{"href":"https:\/\/tivixiaomi.co\/en\/wp-json\/wp\/v2\/types\/product"}],"replies":[{"embeddable":true,"href":"https:\/\/tivixiaomi.co\/en\/wp-json\/wp\/v2\/comments?post=64350"}],"version-history":[{"count":1,"href":"https:\/\/tivixiaomi.co\/en\/wp-json\/wp\/v2\/product\/64350\/revisions"}],"predecessor-version":[{"id":77761,"href":"https:\/\/tivixiaomi.co\/en\/wp-json\/wp\/v2\/product\/64350\/revisions\/77761"}],"wp:featuredmedia":[{"embeddable":true,"href":"https:\/\/tivixiaomi.co\/en\/wp-json\/wp\/v2\/media\/64351"}],"wp:attachment":[{"href":"https:\/\/tivixiaomi.co\/en\/wp-json\/wp\/v2\/media?parent=64350"}],"wp:term":[{"taxonomy":"product_brand","embeddable":true,"href":"https:\/\/tivixiaomi.co\/en\/wp-json\/wp\/v2\/product_brand?post=64350"},{"taxonomy":"product_cat","embeddable":true,"href":"https:\/\/tivixiaomi.co\/en\/wp-json\/wp\/v2\/product_cat?post=64350"},{"taxonomy":"product_tag","embeddable":true,"href":"https:\/\/tivixiaomi.co\/en\/wp-json\/wp\/v2\/product_tag?post=64350"}],"curies":[{"name":"wp","href":"https:\/\/api.w.org\/{rel}","templated":true}]}}