{"id":64404,"date":"2022-08-18T09:20:24","date_gmt":"2022-08-18T02:20:24","guid":{"rendered":"https:\/\/tivixiaomi.co\/?post_type=product&#038;p=64404"},"modified":"2022-12-25T12:32:11","modified_gmt":"2022-12-25T05:32:11","slug":"mi-smart-standing-fan-2-lite","status":"publish","type":"product","link":"https:\/\/tivixiaomi.co\/en\/tivi\/mi-smart-standing-fan-2-lite\/","title":{"rendered":"Mi Smart standing Fan 2 Lite"},"content":{"rendered":"<p>Hai c\u00f4ng d\u1ee5ng &#8211; \u0111\u1ec3 b\u00e0n ho\u1eb7c \u0111\u1eb7t tr\u00ean s\u00e0n nh\u00e0<br \/>\n\u0110i\u1ec1u khi\u1ec3n m\u1ee9c gi\u00f3 th\u00f4ng minh b\u1eb1ng gi\u1ecdng n\u00f3i<\/p>\n","protected":false},"excerpt":{"rendered":"<p>C\u00f3 th\u1ec3 \u0111i\u1ec1u ch\u1ec9nh chi\u1ec1u cao | Lu\u1ed3ng gi\u00f3 m\u1ea1nh | \u0110i\u1ec1u khi\u1ec3n th\u00f4ng minh | C\u00f3 ch\u1ebf \u0111\u1ed9 ngh\u1ec9<\/p>\n","protected":false},"featured_media":64456,"comment_status":"open","ping_status":"closed","template":"","meta":[],"product_brand":[],"product_cat":[27],"product_tag":[],"class_list":{"0":"post-64404","1":"product","2":"type-product","3":"status-publish","4":"has-post-thumbnail","6":"product_cat-chua-phan-loai","8":"first","9":"outofstock","10":"sale","11":"shipping-taxable","12":"purchasable","13":"product-type-simple"},"_links":{"self":[{"href":"https:\/\/tivixiaomi.co\/en\/wp-json\/wp\/v2\/product\/64404"}],"collection":[{"href":"https:\/\/tivixiaomi.co\/en\/wp-json\/wp\/v2\/product"}],"about":[{"href":"https:\/\/tivixiaomi.co\/en\/wp-json\/wp\/v2\/types\/product"}],"replies":[{"embeddable":true,"href":"https:\/\/tivixiaomi.co\/en\/wp-json\/wp\/v2\/comments?post=64404"}],"version-history":[{"count":0,"href":"https:\/\/tivixiaomi.co\/en\/wp-json\/wp\/v2\/product\/64404\/revisions"}],"wp:featuredmedia":[{"embeddable":true,"href":"https:\/\/tivixiaomi.co\/en\/wp-json\/wp\/v2\/media\/64456"}],"wp:attachment":[{"href":"https:\/\/tivixiaomi.co\/en\/wp-json\/wp\/v2\/media?parent=64404"}],"wp:term":[{"taxonomy":"product_brand","embeddable":true,"href":"https:\/\/tivixiaomi.co\/en\/wp-json\/wp\/v2\/product_brand?post=64404"},{"taxonomy":"product_cat","embeddable":true,"href":"https:\/\/tivixiaomi.co\/en\/wp-json\/wp\/v2\/product_cat?post=64404"},{"taxonomy":"product_tag","embeddable":true,"href":"https:\/\/tivixiaomi.co\/en\/wp-json\/wp\/v2\/product_tag?post=64404"}],"curies":[{"name":"wp","href":"https:\/\/api.w.org\/{rel}","templated":true}]}}