{"id":64490,"date":"2022-08-27T19:46:38","date_gmt":"2022-08-27T12:46:38","guid":{"rendered":"https:\/\/tivixiaomi.co\/?post_type=product&#038;p=64490"},"modified":"2025-04-09T08:33:45","modified_gmt":"2025-04-09T01:33:45","slug":"tivi-xiaomi-a2-43-inch","status":"publish","type":"product","link":"https:\/\/tivixiaomi.co\/en\/tivi\/tivi-xiaomi-a2-43-inch\/","title":{"rendered":"Xiaomi TV A2 FHD 43&#8243; (Gi\u00e1 \u0111\u00e3 bao g\u1ed3m thu\u1ebf gi\u00e1 tr\u1ecb gia t\u0103ng v\u00e0 g\u00f3i d\u1ecbch v\u1ee5 2 n\u0103m b\u1ea3o h\u00e0nh)"},"content":{"rendered":"<div class=\"article__sapo cms-desc\">Xiaomi \u0111\u00e3 ch\u00ednh th\u1ee9c ra m\u1eaft hai k\u00edch th\u01b0\u1edbc m\u1edbi &#8211; 43 inch v\u00e0 32 inch cho d\u00f2ng Xiaomi TV A2 t\u1ea1i th\u1ecb tr\u01b0\u1eddng Vi\u1ec7t Nam. Ti\u1ebfp n\u1ed1i th\u00e0nh c\u00f4ng v\u1edbi doanh s\u1ed1 b\u00e1n ra c\u1ee7a s\u1ea3n ph\u1ea9m ti\u1ec1n nhi\u1ec7m l\u00e0 10.000 chi\u1ebfc, Xiaomi ti\u1ebfp t\u1ee5c \u0111\u00e1p \u1ee9ng nhu c\u1ea7u gi\u1ea3i tr\u00ed t\u1ea1i gia ng\u00e0y c\u00e0ng n\u00e2ng c\u1ea5p c\u1ee7a ng\u01b0\u1eddi d\u00f9ng v\u1edbi hai phi\u00ean b\u1ea3n m\u1edbi n\u00e0y.<\/div>\n<div><\/div>\n<div><strong>Xem video nh\u1eefng chi ti\u1ebft \u0111\u00e1nh gi\u00e1 c\u1ee7a <a href=\"https:\/\/tivixiaomi.co\/tivi\/tivi-xiaomi-a2-43-inch\/\">Tivi Xiaomi A2 43 inch <\/a><\/strong><\/div>\n<p><iframe title=\"Xiaomi TV A2 FHD 43&quot; | Thi\u1ebft k\u1ebf nguy\u00ean kh\u1ed1i v\u00e0 vi\u1ec1n si\u00eau m\u1ecfng\" width=\"640\" height=\"360\" src=\"https:\/\/www.youtube.com\/embed\/xTL_i_IRVlQ?feature=oembed\" frameborder=\"0\" allow=\"accelerometer; autoplay; clipboard-write; encrypted-media; gyroscope; picture-in-picture; web-share\" referrerpolicy=\"strict-origin-when-cross-origin\" allowfullscreen><\/iframe><\/p>\n<div><img fetchpriority=\"high\" decoding=\"async\" class=\"aligncenter wp-image-64673 size-large\" src=\"https:\/\/tivixiaomi.co\/wp-content\/uploads\/2022\/08\/Xiaomi-TV-A2-43-inches-ban-quoc-te-1-1024x685.jpg\" alt=\"\" width=\"1024\" height=\"685\" srcset=\"https:\/\/tivixiaomi.co\/wp-content\/uploads\/2022\/08\/Xiaomi-TV-A2-43-inches-ban-quoc-te-1-1024x685.jpg 1024w, https:\/\/tivixiaomi.co\/wp-content\/uploads\/2022\/08\/Xiaomi-TV-A2-43-inches-ban-quoc-te-1-jpg-150x100.webp 150w, https:\/\/tivixiaomi.co\/wp-content\/uploads\/2022\/08\/Xiaomi-TV-A2-43-inches-ban-quoc-te-1-600x401.jpg 600w, https:\/\/tivixiaomi.co\/wp-content\/uploads\/2022\/08\/Xiaomi-TV-A2-43-inches-ban-quoc-te-1-300x201.jpg 300w, https:\/\/tivixiaomi.co\/wp-content\/uploads\/2022\/08\/Xiaomi-TV-A2-43-inches-ban-quoc-te-1-768x514.jpg 768w, https:\/\/tivixiaomi.co\/wp-content\/uploads\/2022\/08\/Xiaomi-TV-A2-43-inches-ban-quoc-te-1-1536x1028.jpg 1536w, https:\/\/tivixiaomi.co\/wp-content\/uploads\/2022\/08\/Xiaomi-TV-A2-43-inches-ban-quoc-te-1-jpg.webp 2000w\" sizes=\"(max-width: 1024px) 100vw, 1024px\" \/><\/div>\n<div>B\u1ed9 \u0111\u00f4i <a href=\"https:\/\/tivixiaomi.co\/tivi\/tivi-xiaomi-a2-43-inch\/\">Xiaomi TV A2 43 inch<\/a> v\u00e0 32 inch \u0111\u01b0\u1ee3c v\u00ed nh\u01b0 trung t\u00e2m \u0111i\u1ec1u khi\u1ec3n c\u1ee7a ng\u00f4i nh\u00e0 v\u1edbi kh\u1ea3 n\u0103ng k\u1ebft n\u1ed1i to\u00e0n di\u1ec7n c\u00e1c thi\u1ebft b\u1ecb AIoT ho\u00e0n to\u00e0n t\u1ef1 \u0111\u1ed9ng ch\u1ec9 b\u1eb1ng gi\u1ecdng n\u00f3i, s\u1edf h\u1eefu th\u00f4ng s\u1ed1 k\u1ef9 thu\u1eadt cao c\u1ea5p cho ph\u1ea7n \u00e2m thanh v\u00e0 h\u00ecnh \u1ea3nh, c\u0169ng nh\u01b0 kh\u1ea3 n\u0103ng truy c\u1eadp, t\u00edch h\u1ee3p t\u1ea5t c\u1ea3 nh\u1eefng n\u1ed9i dung m\u1edbi nh\u1ea5t t\u1eeb kh\u1eafp n\u01a1i tr\u00ean th\u1ebf gi\u1edbi.<\/div>\n<div><\/div>\n<div style=\"text-align: center;\"><img decoding=\"async\" class=\"alignnone wp-image-64675 size-large\" src=\"https:\/\/tivixiaomi.co\/wp-content\/uploads\/2022\/08\/Xiaomi-TV-A2-43-inches-ban-quoc-te-2-1024x685.jpg\" alt=\"\" width=\"1024\" height=\"685\" srcset=\"https:\/\/tivixiaomi.co\/wp-content\/uploads\/2022\/08\/Xiaomi-TV-A2-43-inches-ban-quoc-te-2-1024x685.jpg 1024w, https:\/\/tivixiaomi.co\/wp-content\/uploads\/2022\/08\/Xiaomi-TV-A2-43-inches-ban-quoc-te-2-jpg-150x100.webp 150w, https:\/\/tivixiaomi.co\/wp-content\/uploads\/2022\/08\/Xiaomi-TV-A2-43-inches-ban-quoc-te-2-600x401.jpg 600w, https:\/\/tivixiaomi.co\/wp-content\/uploads\/2022\/08\/Xiaomi-TV-A2-43-inches-ban-quoc-te-2-300x201.jpg 300w, https:\/\/tivixiaomi.co\/wp-content\/uploads\/2022\/08\/Xiaomi-TV-A2-43-inches-ban-quoc-te-2-768x514.jpg 768w, https:\/\/tivixiaomi.co\/wp-content\/uploads\/2022\/08\/Xiaomi-TV-A2-43-inches-ban-quoc-te-2-1536x1028.jpg 1536w, https:\/\/tivixiaomi.co\/wp-content\/uploads\/2022\/08\/Xiaomi-TV-A2-43-inches-ban-quoc-te-2-jpg.webp 2000w\" sizes=\"(max-width: 1024px) 100vw, 1024px\" \/><\/div>\n<div><\/div>\n<div>V\u1edbi k\u00edch th\u01b0\u1edbc nh\u1ecf g\u1ecdn h\u01a1n, <a href=\"https:\/\/tivixiaomi.co\/san-pham\/xiaomi-tv-a2-32\/\">Xiaomi TV A2 32 inch<\/a> v\u00e0 43 inch ho\u00e0n to\u00e0n ph\u00f9 h\u1ee3p v\u1edbi c\u00e1c gia \u0111\u00ecnh hi\u1ec7n \u0111\u1ea1i \u0111ang t\u00ecm ki\u1ebfm tr\u1ea3i nghi\u1ec7m gi\u1ea3i tr\u00ed \u0111\u1ec9nh cao trong ch\u00ednh ng\u00f4i nh\u00e0 c\u1ee7a m\u00ecnh. D\u00f2ng Xiaomi TV A2 \u0111\u01b0\u1ee3c \u0111\u1eb7t g\u1ecdn trong khung kim lo\u1ea1i nguy\u00ean kh\u1ed1i v\u00e0 \u0111\u01b0\u1ee3c n\u00e2ng ch\u1eafc ch\u1eafn b\u1edfi ch\u00e2n \u0111\u1ebf \u0111\u00f4i ch\u1eafc ch\u1eafn, t\u1ea1o n\u00ean thi\u1ebft k\u1ebf kh\u00f4ng vi\u1ec1n mang t\u00ednh th\u1eddi th\u01b0\u1ee3ng v\u00e0 tinh t\u1ebf.<\/div>\n<div><\/div>\n<div style=\"text-align: center;\"><img decoding=\"async\" class=\"alignnone wp-image-64676 size-large\" src=\"https:\/\/tivixiaomi.co\/wp-content\/uploads\/2022\/08\/Xiaomi-TV-A2-43-inches-ban-quoc-te-3-1024x685.jpg\" alt=\"\" width=\"1024\" height=\"685\" srcset=\"https:\/\/tivixiaomi.co\/wp-content\/uploads\/2022\/08\/Xiaomi-TV-A2-43-inches-ban-quoc-te-3-1024x685.jpg 1024w, https:\/\/tivixiaomi.co\/wp-content\/uploads\/2022\/08\/Xiaomi-TV-A2-43-inches-ban-quoc-te-3-jpg-150x100.webp 150w, https:\/\/tivixiaomi.co\/wp-content\/uploads\/2022\/08\/Xiaomi-TV-A2-43-inches-ban-quoc-te-3-600x401.jpg 600w, https:\/\/tivixiaomi.co\/wp-content\/uploads\/2022\/08\/Xiaomi-TV-A2-43-inches-ban-quoc-te-3-300x201.jpg 300w, https:\/\/tivixiaomi.co\/wp-content\/uploads\/2022\/08\/Xiaomi-TV-A2-43-inches-ban-quoc-te-3-768x514.jpg 768w, https:\/\/tivixiaomi.co\/wp-content\/uploads\/2022\/08\/Xiaomi-TV-A2-43-inches-ban-quoc-te-3-1536x1028.jpg 1536w, https:\/\/tivixiaomi.co\/wp-content\/uploads\/2022\/08\/Xiaomi-TV-A2-43-inches-ban-quoc-te-3-jpg.webp 2000w\" sizes=\"(max-width: 1024px) 100vw, 1024px\" \/><\/div>\n<div><\/div>\n<div><a href=\"https:\/\/tivixiaomi.co\/san-pham\/xiaomi-tv-a2-32\/\">Xiaomi TV A2 32 inch<\/a> t\u1ef1 h\u00e0o s\u1edf h\u1eefu m\u00e0n h\u00ecnh HD mang l\u1ea1i \u0111\u1ed9 s\u00e2u v\u00e0 m\u00e0u s\u1eafc th\u1ef1c t\u1ebf nh\u1ea5t. Ri\u00eang Xiaomi TV A2 43 inch \u0111\u01b0\u1ee3c trang b\u1ecb m\u00e0n h\u00ecnh FHD th\u00f4ng minh \u1ea5n t\u01b0\u1ee3ng, mang \u0111\u1ebfn tr\u1ea3i nghi\u1ec7m xem ch\u00e2n th\u1ef1c v\u00e0 t\u1ea7m nh\u00ecn ho\u00e0nh tr\u00e1ng. V\u1edbi g\u00f3c nh\u00ecn c\u1ef1c r\u1ed9ng &#8211; 178 \u0111\u1ed9 c\u1ee7a TV, ng\u01b0\u1eddi d\u00f9ng s\u1ebd kh\u00f4ng s\u1ee3 b\u1ecf l\u1ee1 b\u1ea5t k\u00ec chi ti\u1ebft n\u00e0o tr\u00ean m\u00e0n h\u00ecnh. Hai phi\u00ean b\u1ea3n m\u1edbi c\u00f2n \u0111\u01b0\u1ee3c trang b\u1ecb \u00e2m thanh v\u00f2m \u0111a chi\u1ec1u ch\u1ea5t l\u01b0\u1ee3ng cao t\u1eeb Dolby Audio\u2122 v\u00e0 DTS\u00aeVirtual:X s\u1ebd gi\u00fap ng\u01b0\u1eddi d\u00f9ng th\u1ecfa th\u00edch t\u1eadn h\u01b0\u1edfng v\u00e0 \u0111\u1eafm ch\u00ecm trong kh\u00f4ng gi\u1ea3i tr\u00ed b\u1ea5t t\u1eadn.<\/div>\n<div><\/div>\n<div style=\"text-align: center;\"><img loading=\"lazy\" decoding=\"async\" class=\"aligncenter wp-image-64677 size-large\" src=\"https:\/\/tivixiaomi.co\/wp-content\/uploads\/2022\/08\/Xiaomi-TV-A2-43-inches-ban-quoc-te-4-1024x685.jpg\" alt=\"\" width=\"1024\" height=\"685\" srcset=\"https:\/\/tivixiaomi.co\/wp-content\/uploads\/2022\/08\/Xiaomi-TV-A2-43-inches-ban-quoc-te-4-1024x685.jpg 1024w, https:\/\/tivixiaomi.co\/wp-content\/uploads\/2022\/08\/Xiaomi-TV-A2-43-inches-ban-quoc-te-4-jpg-150x100.webp 150w, https:\/\/tivixiaomi.co\/wp-content\/uploads\/2022\/08\/Xiaomi-TV-A2-43-inches-ban-quoc-te-4-600x401.jpg 600w, https:\/\/tivixiaomi.co\/wp-content\/uploads\/2022\/08\/Xiaomi-TV-A2-43-inches-ban-quoc-te-4-300x201.jpg 300w, https:\/\/tivixiaomi.co\/wp-content\/uploads\/2022\/08\/Xiaomi-TV-A2-43-inches-ban-quoc-te-4-768x514.jpg 768w, https:\/\/tivixiaomi.co\/wp-content\/uploads\/2022\/08\/Xiaomi-TV-A2-43-inches-ban-quoc-te-4-1536x1028.jpg 1536w, https:\/\/tivixiaomi.co\/wp-content\/uploads\/2022\/08\/Xiaomi-TV-A2-43-inches-ban-quoc-te-4-jpg.webp 2000w\" sizes=\"(max-width: 1024px) 100vw, 1024px\" \/><\/div>\n<div><\/div>\n<div>Tr\u1ee3 l\u00fd Google \u0111\u01b0\u1ee3c t\u00edch h\u1ee3p s\u1eb5n tr\u00ean Xiaomi TV A2 32 inch v\u00e0 43 inch, h\u1ed7 tr\u1ee3 ng\u01b0\u1eddi d\u00f9ng \u0111i\u1ec1u khi\u1ec3n b\u1eb1ng gi\u1ecdng n\u00f3i \u0111\u1ec3 t\u1ef1 \u0111\u1ed9ng h\u00f3a c\u00e1c thi\u1ebft b\u1ecb AIoT \u0111\u00e3 \u0111\u01b0\u1ee3c k\u1ebft n\u1ed1i s\u1eb5n. \u0110i\u1ec1u khi\u1ec3n t\u1eeb xa Bluetooth 360\u00b0 c\u0169ng gi\u00fap vi\u1ec7c truy c\u1eadp thi\u1ebft b\u1ecb \u0111\u01b0\u1ee3c d\u1ec5 d\u00e0ng h\u01a1n t\u1eeb m\u1ecdi g\u00f3c \u0111\u1ed9. V\u1edbi h\u1ec7 th\u1ed1ng Android TV\u2122, ng\u01b0\u1eddi d\u00f9ng c\u00f3 th\u1ec3 truy c\u1eadp t\u1ee9c th\u00ec v\u00e0o nh\u1eefng b\u1ed9 phim v\u00e0 ch\u01b0\u01a1ng tr\u00ecnh tr\u00ean Netflix, Prime Video, YouTube, c\u00f9ng h\u00e0ng ngh\u00ecn \u1ee9ng d\u1ee5ng kh\u00e1c qua Google Play. TV n\u00e0y c\u0169ng c\u00f3 Chromecast, m\u1ed9t c\u00f4ng c\u1ee5 t\u00edch h\u1ee3p gi\u00fap ng\u01b0\u1eddi d\u00f9ng truy\u1ec1n tr\u1ef1c ti\u1ebfp n\u1ed9i dung t\u1eeb smartphone, m\u00e1y t\u00ednh b\u1ea3ng ho\u1eb7c laptop l\u00ean TV.<\/div>\n<div><\/div>\n<div style=\"text-align: center;\"><img loading=\"lazy\" decoding=\"async\" class=\"aligncenter wp-image-64678 size-large\" src=\"https:\/\/tivixiaomi.co\/wp-content\/uploads\/2022\/08\/Xiaomi-TV-A2-43-inches-ban-quoc-te-5-1024x685.jpg\" alt=\"\" width=\"1024\" height=\"685\" srcset=\"https:\/\/tivixiaomi.co\/wp-content\/uploads\/2022\/08\/Xiaomi-TV-A2-43-inches-ban-quoc-te-5-1024x685.jpg 1024w, https:\/\/tivixiaomi.co\/wp-content\/uploads\/2022\/08\/Xiaomi-TV-A2-43-inches-ban-quoc-te-5-jpg-150x100.webp 150w, https:\/\/tivixiaomi.co\/wp-content\/uploads\/2022\/08\/Xiaomi-TV-A2-43-inches-ban-quoc-te-5-600x401.jpg 600w, https:\/\/tivixiaomi.co\/wp-content\/uploads\/2022\/08\/Xiaomi-TV-A2-43-inches-ban-quoc-te-5-300x201.jpg 300w, https:\/\/tivixiaomi.co\/wp-content\/uploads\/2022\/08\/Xiaomi-TV-A2-43-inches-ban-quoc-te-5-768x514.jpg 768w, https:\/\/tivixiaomi.co\/wp-content\/uploads\/2022\/08\/Xiaomi-TV-A2-43-inches-ban-quoc-te-5-1536x1028.jpg 1536w, https:\/\/tivixiaomi.co\/wp-content\/uploads\/2022\/08\/Xiaomi-TV-A2-43-inches-ban-quoc-te-5-jpg.webp 2000w\" sizes=\"(max-width: 1024px) 100vw, 1024px\" \/><\/div>\n<div><\/div>\n<div><\/div>\n<div style=\"text-align: center;\"><img loading=\"lazy\" decoding=\"async\" class=\"alignnone wp-image-64679 size-large\" src=\"https:\/\/tivixiaomi.co\/wp-content\/uploads\/2022\/08\/Xiaomi-TV-A2-43-inches-ban-quoc-te-6-1024x685.jpg\" alt=\"\" width=\"1024\" height=\"685\" srcset=\"https:\/\/tivixiaomi.co\/wp-content\/uploads\/2022\/08\/Xiaomi-TV-A2-43-inches-ban-quoc-te-6-1024x685.jpg 1024w, https:\/\/tivixiaomi.co\/wp-content\/uploads\/2022\/08\/Xiaomi-TV-A2-43-inches-ban-quoc-te-6-jpg-150x100.webp 150w, https:\/\/tivixiaomi.co\/wp-content\/uploads\/2022\/08\/Xiaomi-TV-A2-43-inches-ban-quoc-te-6-600x401.jpg 600w, https:\/\/tivixiaomi.co\/wp-content\/uploads\/2022\/08\/Xiaomi-TV-A2-43-inches-ban-quoc-te-6-300x201.jpg 300w, https:\/\/tivixiaomi.co\/wp-content\/uploads\/2022\/08\/Xiaomi-TV-A2-43-inches-ban-quoc-te-6-768x514.jpg 768w, https:\/\/tivixiaomi.co\/wp-content\/uploads\/2022\/08\/Xiaomi-TV-A2-43-inches-ban-quoc-te-6-1536x1028.jpg 1536w, https:\/\/tivixiaomi.co\/wp-content\/uploads\/2022\/08\/Xiaomi-TV-A2-43-inches-ban-quoc-te-6-jpg.webp 2000w\" sizes=\"(max-width: 1024px) 100vw, 1024px\" \/><\/div>\n<div><\/div>\n<div><\/div>\n<div style=\"text-align: center;\"><img loading=\"lazy\" decoding=\"async\" class=\"alignnone wp-image-64680 size-large\" src=\"https:\/\/tivixiaomi.co\/wp-content\/uploads\/2022\/08\/Xiaomi-TV-A2-43-inches-ban-quoc-te-7-1024x682.jpg\" alt=\"\" width=\"1024\" height=\"682\" srcset=\"https:\/\/tivixiaomi.co\/wp-content\/uploads\/2022\/08\/Xiaomi-TV-A2-43-inches-ban-quoc-te-7-1024x682.jpg 1024w, https:\/\/tivixiaomi.co\/wp-content\/uploads\/2022\/08\/Xiaomi-TV-A2-43-inches-ban-quoc-te-7-jpg-150x100.webp 150w, https:\/\/tivixiaomi.co\/wp-content\/uploads\/2022\/08\/Xiaomi-TV-A2-43-inches-ban-quoc-te-7-600x400.jpg 600w, https:\/\/tivixiaomi.co\/wp-content\/uploads\/2022\/08\/Xiaomi-TV-A2-43-inches-ban-quoc-te-7-300x200.jpg 300w, https:\/\/tivixiaomi.co\/wp-content\/uploads\/2022\/08\/Xiaomi-TV-A2-43-inches-ban-quoc-te-7-768x512.jpg 768w, https:\/\/tivixiaomi.co\/wp-content\/uploads\/2022\/08\/Xiaomi-TV-A2-43-inches-ban-quoc-te-7-1536x1024.jpg 1536w, https:\/\/tivixiaomi.co\/wp-content\/uploads\/2022\/08\/Xiaomi-TV-A2-43-inches-ban-quoc-te-7-jpg.webp 2000w\" sizes=\"(max-width: 1024px) 100vw, 1024px\" \/><\/div>\n<div><\/div>\n<div><\/div>\n<div><img loading=\"lazy\" decoding=\"async\" class=\"aligncenter wp-image-64681 size-large\" src=\"https:\/\/tivixiaomi.co\/wp-content\/uploads\/2022\/08\/Xiaomi-TV-A2-43-inches-ban-quoc-te-8-1024x682.jpg\" alt=\"\" width=\"1024\" height=\"682\" srcset=\"https:\/\/tivixiaomi.co\/wp-content\/uploads\/2022\/08\/Xiaomi-TV-A2-43-inches-ban-quoc-te-8-1024x682.jpg 1024w, https:\/\/tivixiaomi.co\/wp-content\/uploads\/2022\/08\/Xiaomi-TV-A2-43-inches-ban-quoc-te-8-jpg-150x100.webp 150w, https:\/\/tivixiaomi.co\/wp-content\/uploads\/2022\/08\/Xiaomi-TV-A2-43-inches-ban-quoc-te-8-600x400.jpg 600w, https:\/\/tivixiaomi.co\/wp-content\/uploads\/2022\/08\/Xiaomi-TV-A2-43-inches-ban-quoc-te-8-300x200.jpg 300w, https:\/\/tivixiaomi.co\/wp-content\/uploads\/2022\/08\/Xiaomi-TV-A2-43-inches-ban-quoc-te-8-768x512.jpg 768w, https:\/\/tivixiaomi.co\/wp-content\/uploads\/2022\/08\/Xiaomi-TV-A2-43-inches-ban-quoc-te-8-1536x1024.jpg 1536w, https:\/\/tivixiaomi.co\/wp-content\/uploads\/2022\/08\/Xiaomi-TV-A2-43-inches-ban-quoc-te-8-jpg.webp 2000w\" sizes=\"(max-width: 1024px) 100vw, 1024px\" \/><\/div>\n<div><\/div>\n<div><\/div>\n<div class=\"article__body cms-body \">\n<table class=\"picture\" align=\"center\">\n<tbody>\n<tr>\n<td class=\"pic\"><a class=\"photo\" href=\"https:\/\/photo-cms-tpo.zadn.vn\/w1000\/Uploaded\/2022\/pcgycivo\/2022_09_07\/image001-5542.jpg\" data-desc=\"Xiaomi TV A2 43 inch v\u00e0 32 inch ra m\u1eaft v\u1edbi \u01b0u \u0111\u00e3i gi\u1ea3m ngay 2 tri\u1ec7u\" data-index=\"0\" target=\"_blank\" rel=\"noopener\"><img decoding=\"async\" class=\"cms-photo lazyloaded\" src=\"https:\/\/photo-cms-tpo.zadn.vn\/w645\/Uploaded\/2022\/pcgycivo\/2022_09_07\/image001-5542.jpg\" alt=\"Xiaomi TV A2 43 inch v\u00e0 32 inch ra m\u1eaft v\u1edbi \u01b0u \u0111\u00e3i gi\u1ea3m ngay 2 tri\u1ec7u \u1ea3nh 1\" data-image-id=\"3303890\" data-width=\"1500\" data-height=\"1500\" data-photo-original-src=\"\" data-src=\"https:\/\/photo-cms-tpo.zadn.vn\/w645\/Uploaded\/2022\/pcgycivo\/2022_09_07\/image001-5542.jpg\" \/><\/a><\/td>\n<\/tr>\n<\/tbody>\n<\/table>\n<div id=\"div-ub-tienphong\"><\/div>\n<p>&nbsp;<\/p>\n<p>&nbsp;<\/p>\n<p>&nbsp;<\/p>\n<table class=\"picture\" align=\"center\">\n<tbody>\n<tr>\n<td class=\"pic\"><a class=\"photo\" href=\"https:\/\/photo-cms-tpo.zadn.vn\/w1000\/Uploaded\/2022\/pcgycivo\/2022_09_07\/image003-3284.jpg\" data-desc=\"Xiaomi TV A2 43 inch v\u00e0 32 inch ra m\u1eaft v\u1edbi \u01b0u \u0111\u00e3i gi\u1ea3m ngay 2 tri\u1ec7u\" data-index=\"1\" target=\"_blank\" rel=\"noopener\"><img decoding=\"async\" class=\"cms-photo lazyloaded\" src=\"https:\/\/photo-cms-tpo.zadn.vn\/w645\/Uploaded\/2022\/pcgycivo\/2022_09_07\/image003-3284.jpg\" alt=\"Xiaomi TV A2 43 inch v\u00e0 32 inch ra m\u1eaft v\u1edbi \u01b0u \u0111\u00e3i gi\u1ea3m ngay 2 tri\u1ec7u \u1ea3nh 2\" data-image-id=\"3303891\" data-width=\"1500\" data-height=\"1500\" data-photo-original-src=\"\" data-src=\"https:\/\/photo-cms-tpo.zadn.vn\/w645\/Uploaded\/2022\/pcgycivo\/2022_09_07\/image003-3284.jpg\" \/><\/a><\/td>\n<\/tr>\n<\/tbody>\n<\/table>\n<div class=\"ads_middle\"><\/div>\n<p><strong>Gi\u00e1 b\u00e1n s\u1ea3n ph\u1ea9m:<\/strong><\/p>\n<p>&#8211; <a href=\"https:\/\/tivixiaomi.co\/tivi\/tivi-xiaomi-a2-43-inch\/\">Xiaomi TV A2 43 inch<\/a> c\u00f3 gi\u00e1 ch\u00ednh th\u1ee9c l\u00e0 7,990,000 \u0111\u1ed3ng.<\/p>\n<p>&#8211; Xiaomi TV A2 32 inch c\u00f3 gi\u00e1 ch\u00ednh th\u1ee9c l\u00e0 5,990,000 \u0111\u1ed3ng.<\/p>\n<p><strong>Ch\u01b0\u01a1ng tr\u00ecnh khuy\u1ebfn m\u00e3i m\u1edf b\u00e1n:<\/strong><\/p>\n<p>&#8211; \u0110\u1eb7c bi\u1ec7t, t\u1eeb ng\u00e0y 09.09.2022 \u0111\u1ebfn ng\u00e0y 18.09.2022, Xiaomi TV A2 v\u1edbi 2 phi\u00ean b\u1ea3n m\u1edbi s\u1ebd c\u00f3 m\u1ee9c gi\u00e1 c\u1ef1c k\u00ec \u01b0u \u0111\u00e3i l\u00e0 5,990,000 \u0111\u1ed3ng cho <a href=\"https:\/\/tivixiaomi.co\/tivi\/tivi-xiaomi-a2-43-inch\/\">Xiaomi TV A2 43 inch<\/a> v\u00e0 m\u1ee9c gi\u00e1 3,990,000 \u0111\u1ed3ng cho Xiaomi TV A2 32 inch.<\/p>\n<\/div>\n","protected":false},"excerpt":{"rendered":"<div class=\"div51\">\n<div class=\"div53\">\n<ul>\n<li>D\u00f2ng A2 Series<\/li>\n<li>M\u00e0n h\u00ecnh: Full HD<\/li>\n<li>RAM: 1.5GB<\/li>\n<li>Dung l\u01b0\u1ee3ng: 8GB<\/li>\n<\/ul>\n<\/div>\n<\/div>\n","protected":false},"featured_media":66711,"comment_status":"open","ping_status":"closed","template":"","meta":[],"product_brand":[],"product_cat":[406,385,245],"product_tag":[475],"class_list":{"0":"post-64490","1":"product","2":"type-product","3":"status-publish","4":"has-post-thumbnail","6":"product_cat-top-10-tivi-xiaomi","7":"product_cat-xiaomi-tv-a2-series","8":"product_cat-tivi-xiaomi-43-inch","9":"product_tag-tivi-xiaomi-a2-43-inch","11":"first","12":"outofstock","13":"sale","14":"shipping-taxable","15":"purchasable","16":"product-type-simple"},"_links":{"self":[{"href":"https:\/\/tivixiaomi.co\/en\/wp-json\/wp\/v2\/product\/64490"}],"collection":[{"href":"https:\/\/tivixiaomi.co\/en\/wp-json\/wp\/v2\/product"}],"about":[{"href":"https:\/\/tivixiaomi.co\/en\/wp-json\/wp\/v2\/types\/product"}],"replies":[{"embeddable":true,"href":"https:\/\/tivixiaomi.co\/en\/wp-json\/wp\/v2\/comments?post=64490"}],"version-history":[{"count":1,"href":"https:\/\/tivixiaomi.co\/en\/wp-json\/wp\/v2\/product\/64490\/revisions"}],"predecessor-version":[{"id":77760,"href":"https:\/\/tivixiaomi.co\/en\/wp-json\/wp\/v2\/product\/64490\/revisions\/77760"}],"wp:featuredmedia":[{"embeddable":true,"href":"https:\/\/tivixiaomi.co\/en\/wp-json\/wp\/v2\/media\/66711"}],"wp:attachment":[{"href":"https:\/\/tivixiaomi.co\/en\/wp-json\/wp\/v2\/media?parent=64490"}],"wp:term":[{"taxonomy":"product_brand","embeddable":true,"href":"https:\/\/tivixiaomi.co\/en\/wp-json\/wp\/v2\/product_brand?post=64490"},{"taxonomy":"product_cat","embeddable":true,"href":"https:\/\/tivixiaomi.co\/en\/wp-json\/wp\/v2\/product_cat?post=64490"},{"taxonomy":"product_tag","embeddable":true,"href":"https:\/\/tivixiaomi.co\/en\/wp-json\/wp\/v2\/product_tag?post=64490"}],"curies":[{"name":"wp","href":"https:\/\/api.w.org\/{rel}","templated":true}]}}