{"id":64860,"date":"2022-10-04T16:16:12","date_gmt":"2022-10-04T09:16:12","guid":{"rendered":"https:\/\/tivixiaomi.co\/?post_type=product&#038;p=64860"},"modified":"2023-01-02T15:32:51","modified_gmt":"2023-01-02T08:32:51","slug":"mi-robot-vacuum-mop-2-lite","status":"publish","type":"product","link":"https:\/\/tivixiaomi.co\/en\/tivi\/mi-robot-vacuum-mop-2-lite\/","title":{"rendered":"Robot h\u00fat b\u1ee5i Xiaomi Vacuum Mop 2 Lite BHR5217"},"content":{"rendered":"<p class=\"short-article__title\">\u0110\u1eb7c \u0111i\u1ec3m n\u1ed5i b\u1eadt<\/p>\n<ul>\n<li>Thi\u1ebft k\u1ebf nh\u1ecf g\u1ecdn, m\u00e0u tr\u1eafng tinh t\u1ebf c\u00f3 th\u1ec3 v\u01b0\u1ee3t v\u1eadt c\u1ea3n l\u00ean t\u1edbi 2 cm, di chuy\u1ec3n kh\u00e9o l\u00e9o gi\u00fap l\u00e0m s\u1ea1ch hi\u1ec7u qu\u1ea3.<\/li>\n<li>V\u1eeba h\u00fat v\u1eeba lau nh\u00e0 ti\u1ec7n d\u1ee5ng.<\/li>\n<li>C\u00f4ng su\u1ea5t 35W,\u00a0<strong>l\u1ef1c h\u00fat l\u00ean \u0111\u1ebfn 2200 Pa<\/strong>\u00a0k\u1ebft h\u1ee3p v\u1edbi \u0111\u1ed9ng c\u01a1 kh\u00f4ng ch\u1ed5i than Nidec gi\u00fap l\u00e0m s\u1ea1ch m\u1ea1nh m\u1ebd.<\/li>\n<li>Dung t\u00edch\u00a0<strong>h\u1ed9p ch\u1ee9a b\u1ee5i 450 ml<\/strong>,\u00a0<strong>h\u1ed9p ch\u1ee9a n\u01b0\u1edbc 270 ml<\/strong>.<\/li>\n<li><strong>Th\u1eddi gian s\u1ea1c kho\u1ea3ng 4 gi\u1edd<\/strong>\u00a0v\u1edbi dung l\u01b0\u1ee3ng pin kho\u1ea3ng 2600 mAh cho\u00a0<strong>th\u1eddi gian s\u1eed d\u1ee5ng kho\u1ea3ng 90 &#8211; 100 ph\u00fat<\/strong>.<\/li>\n<li>T\u00edch h\u1ee3p\u00a0<strong>camera IMU<\/strong>\u00a0hi\u1ec7n \u0111\u1ea1i gi\u00fap nh\u1eadn bi\u1ebft v\u1eadt c\u1ea3n v\u00e0 \u0111i\u1ec1u h\u01b0\u1edbng ch\u00ednh x\u00e1c.<\/li>\n<li>T\u1ef1 quay v\u1ec1 \u0111\u1ebf s\u1ea1c khi pin y\u1ebfu v\u00e0 sau khi s\u1ea1c \u0111\u1ea7y s\u1ebd ti\u1ebfp t\u1ee5c d\u1ecdn d\u1eb9p khu v\u1ef1c c\u00f2n \u0111ang b\u1ecb b\u1ecf d\u1ee1.<\/li>\n<li>\u0110i\u1ec1u khi\u1ec3n t\u1eeb xa th\u00f4ng qua \u1ee9ng d\u1ee5ng Mi Home.<\/li>\n<li>Th\u01b0\u01a1ng hi\u1ec7u Xiaomi &#8211; Trung Qu\u1ed1c, s\u1ea3n xu\u1ea5t t\u1ea1i Trung Qu\u1ed1c.<\/li>\n<\/ul>\n","protected":false},"excerpt":{"rendered":"<ul>\n<li>Thi\u1ebft k\u1ebf nh\u1ecf g\u1ecdn, m\u00e0u tr\u1eafng tinh t\u1ebf c\u00f3 th\u1ec3 v\u01b0\u1ee3t v\u1eadt c\u1ea3n l\u00ean t\u1edbi 2 cm, di chuy\u1ec3n kh\u00e9o l\u00e9o gi\u00fap l\u00e0m s\u1ea1ch hi\u1ec7u qu\u1ea3.<\/li>\n<li>V\u1eeba h\u00fat v\u1eeba lau nh\u00e0 ti\u1ec7n d\u1ee5ng.<\/li>\n<li>C\u00f4ng su\u1ea5t 35W,\u00a0<strong>l\u1ef1c h\u00fat l\u00ean \u0111\u1ebfn 2200 Pa<\/strong>\u00a0k\u1ebft h\u1ee3p v\u1edbi \u0111\u1ed9ng c\u01a1 kh\u00f4ng ch\u1ed5i than Nidec gi\u00fap l\u00e0m s\u1ea1ch m\u1ea1nh m\u1ebd.<\/li>\n<li>Dung t\u00edch\u00a0<strong>h\u1ed9p ch\u1ee9a b\u1ee5i 450 ml<\/strong>,\u00a0<strong>h\u1ed9p ch\u1ee9a n\u01b0\u1edbc 270 ml<\/strong>.<\/li>\n<li><strong>Th\u1eddi gian s\u1ea1c kho\u1ea3ng 4 gi\u1edd<\/strong>\u00a0v\u1edbi dung l\u01b0\u1ee3ng pin kho\u1ea3ng 2600 mAh cho\u00a0<strong>th\u1eddi gian s\u1eed d\u1ee5ng kho\u1ea3ng 90 &#8211; 100 ph\u00fat<\/strong>.<\/li>\n<li>T\u00edch h\u1ee3p\u00a0<strong>camera IMU<\/strong>\u00a0hi\u1ec7n \u0111\u1ea1i gi\u00fap nh\u1eadn bi\u1ebft v\u1eadt c\u1ea3n v\u00e0 \u0111i\u1ec1u h\u01b0\u1edbng ch\u00ednh x\u00e1c.<\/li>\n<li>T\u1ef1 quay v\u1ec1 \u0111\u1ebf s\u1ea1c khi pin y\u1ebfu v\u00e0 sau khi s\u1ea1c \u0111\u1ea7y s\u1ebd ti\u1ebfp t\u1ee5c d\u1ecdn d\u1eb9p khu v\u1ef1c c\u00f2n \u0111ang b\u1ecb b\u1ecf d\u1ee1.<\/li>\n<li>\u0110i\u1ec1u khi\u1ec3n t\u1eeb xa th\u00f4ng qua \u1ee9ng d\u1ee5ng Mi Home.<\/li>\n<\/ul>\n","protected":false},"featured_media":64861,"comment_status":"open","ping_status":"closed","template":"","meta":[],"product_brand":[],"product_cat":[288],"product_tag":[],"class_list":{"0":"post-64860","1":"product","2":"type-product","3":"status-publish","4":"has-post-thumbnail","6":"product_cat-robot-don-nha-xiaomi","8":"first","9":"instock","10":"sale","11":"shipping-taxable","12":"purchasable","13":"product-type-simple"},"_links":{"self":[{"href":"https:\/\/tivixiaomi.co\/en\/wp-json\/wp\/v2\/product\/64860"}],"collection":[{"href":"https:\/\/tivixiaomi.co\/en\/wp-json\/wp\/v2\/product"}],"about":[{"href":"https:\/\/tivixiaomi.co\/en\/wp-json\/wp\/v2\/types\/product"}],"replies":[{"embeddable":true,"href":"https:\/\/tivixiaomi.co\/en\/wp-json\/wp\/v2\/comments?post=64860"}],"version-history":[{"count":0,"href":"https:\/\/tivixiaomi.co\/en\/wp-json\/wp\/v2\/product\/64860\/revisions"}],"wp:featuredmedia":[{"embeddable":true,"href":"https:\/\/tivixiaomi.co\/en\/wp-json\/wp\/v2\/media\/64861"}],"wp:attachment":[{"href":"https:\/\/tivixiaomi.co\/en\/wp-json\/wp\/v2\/media?parent=64860"}],"wp:term":[{"taxonomy":"product_brand","embeddable":true,"href":"https:\/\/tivixiaomi.co\/en\/wp-json\/wp\/v2\/product_brand?post=64860"},{"taxonomy":"product_cat","embeddable":true,"href":"https:\/\/tivixiaomi.co\/en\/wp-json\/wp\/v2\/product_cat?post=64860"},{"taxonomy":"product_tag","embeddable":true,"href":"https:\/\/tivixiaomi.co\/en\/wp-json\/wp\/v2\/product_tag?post=64860"}],"curies":[{"name":"wp","href":"https:\/\/api.w.org\/{rel}","templated":true}]}}