{"id":65215,"date":"2022-11-05T13:56:59","date_gmt":"2022-11-05T06:56:59","guid":{"rendered":"https:\/\/tivixiaomi.co\/?post_type=product&#038;p=65215"},"modified":"2024-09-08T09:52:58","modified_gmt":"2024-09-08T02:52:58","slug":"smart-tivi-xiaomi-redmi-x65-inch","status":"publish","type":"product","link":"https:\/\/tivixiaomi.co\/en\/tivi\/smart-tivi-xiaomi-redmi-x65-inch\/","title":{"rendered":"Smart Tivi Xiaomi Redmi X65 inch (120Hz &#8211; Ram 3GB)"},"content":{"rendered":"<h2 style=\"text-align: center\">\u0110\u00e1nh th\u1ee9c gi\u00e1c quan T\u1ea7n s\u1ed1 qu\u00e9t t\u1edbi 120Hz <a href=\"https:\/\/tivixiaomi.co\/san-pham\/smart-tivi-xiaomi-redmi-x65-inch\/\">Smart Tivi Xiaomi Redmi X65 inch<\/a><\/h2>\n<p style=\"text-align: center\">M\u00e0n h\u00ecnh c\u00f3 t\u1ed1c \u0111\u1ed9 l\u00e0m m\u1edbi cao g\u1ea5p \u0111\u00f4i TV th\u00f4ng th\u01b0\u1eddng, c\u00f9ng v\u1edbi s\u1ef1 t\u1ed1i \u01b0u h\u00f3a thu\u1eadt to\u00e1n MEMC, s\u1ef1 k\u1ebft h\u1ee3p gi\u1eefa ph\u1ea7n c\u1ee9ng v\u00e0 ph\u1ea7n m\u1ec1m mang l\u1ea1i hi\u1ec7u su\u1ea5t h\u00ecnh \u1ea3nh tinh t\u1ebf, m\u01b0\u1ee3t m\u00e0 v\u00e0 r\u00f5 r\u00e0ng h\u01a1n, cho ph\u00e9p b\u1ea1n theo d\u00f5i ch\u00e2n th\u1ef1c t\u1eebng kho\u1ea3nh kh\u1eafc thay \u0111\u1ed5i nh\u1ecf, n\u00e2ng c\u1ea5p ho\u00e0n to\u00e0n c\u00e1c tr\u1ea3i nghi\u1ec7m gi\u00e1c quan.<\/p>\n<p style=\"text-align: center\"><img fetchpriority=\"high\" decoding=\"async\" class=\"aligncenter wp-image-65355 size-full\" src=\"https:\/\/tivixiaomi.co\/wp-content\/uploads\/2022\/11\/Artboard-1.jpg\" alt=\"\" width=\"751\" height=\"921\" \/><\/p>\n<p style=\"text-align: center\"><img decoding=\"async\" class=\"alignnone wp-image-65356 size-full\" src=\"https:\/\/tivixiaomi.co\/wp-content\/uploads\/2022\/11\/Artboard-2.jpg\" alt=\"\" width=\"751\" height=\"1048\" \/><\/p>\n<p style=\"text-align: center\"><img decoding=\"async\" class=\"alignnone wp-image-65357 size-full\" src=\"https:\/\/tivixiaomi.co\/wp-content\/uploads\/2022\/11\/Artboard-3.jpg\" alt=\"\" width=\"751\" height=\"1012\" \/><\/p>\n<p style=\"text-align: center\"><img loading=\"lazy\" decoding=\"async\" class=\"alignnone wp-image-65358 size-full\" src=\"https:\/\/tivixiaomi.co\/wp-content\/uploads\/2022\/11\/Artboard-4.jpg\" alt=\"\" width=\"751\" height=\"1101\" \/><\/p>\n<p style=\"text-align: center\">C\u00f4ng ngh\u1ec7 b\u00f9 chuy\u1ec3n \u0111\u1ed9ng t\u1ed1i \u01b0u h\u00f3a h\u00ecnh \u1ea3nh t\u1ed1c \u0111\u1ed9 cao theo th\u1eddi gian th\u1ef1c th\u00f4ng qua c\u00e1c thu\u1eadt to\u00e1n c\u1ee7a chip \u0111\u1ec3 n\u00e2ng cao \u0111\u1ed9 chi ti\u1ebft h\u00ecnh \u1ea3nh. H\u00ecnh \u1ea3nh chuy\u1ec3n \u0111\u1ed9ng t\u1ed1c \u0111\u1ed9 cao s\u1ebd \u1ed5n \u0111\u1ecbnh, m\u01b0\u1ee3t m\u00e0 v\u00e0 s\u1eafc n\u00e9t h\u01a1n. Nh\u1eefng b\u1ed9 phim bom t\u1ea5n h\u1ea5p d\u1eabn, nh\u1eefng tr\u1eadn \u0111\u1ea5u kh\u1ed1c li\u1ec7t v\u00e0 nhi\u1ec1u khung c\u1ea3nh r\u1ef1c r\u1ee1 trong tr\u00f2 ch\u01a1i s\u1ebd \u0111\u01b0\u1ee3c hi\u1ec3n th\u1ecb r\u00f5 r\u00e0ng h\u01a1n bao gi\u1edd h\u1ebft.<\/p>\n<p style=\"text-align: center\"><img loading=\"lazy\" decoding=\"async\" class=\"alignnone wp-image-65359 size-full\" src=\"https:\/\/tivixiaomi.co\/wp-content\/uploads\/2022\/11\/Artboard-5.jpg\" alt=\"\" width=\"751\" height=\"1044\" \/><\/p>\n<p style=\"text-align: center\"><img loading=\"lazy\" decoding=\"async\" class=\"alignnone wp-image-65360 size-full\" src=\"https:\/\/tivixiaomi.co\/wp-content\/uploads\/2022\/11\/Artboard-6.jpg\" alt=\"\" width=\"751\" height=\"453\" \/><\/p>\n<p style=\"text-align: center\">M\u1ed7i chi\u1ebfc TV Redmi X phi\u00ean b\u1ea3n 2022 tr\u01b0\u1edbc khi xu\u1ea5t x\u01b0\u1edfng \u0111\u1ec1u s\u1ebd \u0111\u01b0\u1ee3c \u0111i\u1ec1u ch\u1ec9nh t\u1ec9 m\u1ec9 \u0111\u01b0\u1eddng cong gamma v\u00e0 nhi\u1ec7t \u0111\u1ed9 m\u00e0u, k\u1ebft h\u1ee3p v\u1edbi c\u00e1c thu\u1eadt to\u00e1n t\u1ef1 nghi\u00ean c\u1ee9u s\u1ebd gi\u1ea3m thi\u1ec3u l\u1ed7i m\u00e0u hi\u1ec7u qu\u1ea3. \u0110\u1ed9 ch\u00ednh x\u00e1c m\u00e0u c\u00f3 th\u1ec3 so s\u00e1nh v\u1edbi m\u00e0n h\u00ecnh chuy\u00ean nghi\u1ec7p. M\u00e0u s\u1eafc c\u1ee7a h\u00ecnh \u1ea3nh s\u1ebd ch\u00e2n th\u1eadt nh\u01b0 nh\u1eefng g\u00ec m\u1eaft th\u01b0\u1eddng nh\u00ecn th\u1ea5y.<\/p>\n<p style=\"text-align: center\"><img loading=\"lazy\" decoding=\"async\" class=\"alignnone wp-image-65361 size-full\" src=\"https:\/\/tivixiaomi.co\/wp-content\/uploads\/2022\/11\/Artboard-7.jpg\" alt=\"\" width=\"751\" height=\"960\" \/><\/p>\n<p style=\"text-align: center\">Redmi X phi\u00ean b\u1ea3n 2022 s\u1eed d\u1ee5ng d\u1ea3i gam m\u00e0u DCI-P3 ti\u00eau chu\u1ea9n c\u1ee7a phim Hollywood \u0111\u1ec3 \u0111\u1ea3m b\u1ea3o hi\u1ec7u \u1ee9ng m\u00e0u s\u1eafc c\u1ee7a t\u1eebng b\u1ed9 phim g\u1ea7n nh\u01b0 \u0111\u01b0\u1ee3c gi\u1eef nguy\u00ean t\u1eeb khi quay, cho \u0111\u1ebfn khi s\u1ea3n xu\u1ea5t v\u00e0 c\u00f4ng chi\u1ebfu. D\u00f9 l\u00e0 m\u1ed9t b\u1ed9 phim ho\u00e0i c\u1ed5 hay phim bom t\u1ea5n m\u1edbi nh\u1ea5t, s\u1ef1 d\u00e0y c\u00f4ng s\u1ea3n xu\u1ea5t c\u1ee7a \u0111\u1ea1o di\u1ec5n s\u1ebd \u0111\u01b0\u1ee3c t\u00e1i hi\u1ec7n tr\u1ecdn v\u1eb9n nh\u1ea5t t\u1edbi b\u1ea1n.<\/p>\n<p style=\"text-align: center\"><img loading=\"lazy\" decoding=\"async\" class=\"alignnone wp-image-65362 size-full\" src=\"https:\/\/tivixiaomi.co\/wp-content\/uploads\/2022\/11\/Artboard-8.jpg\" alt=\"\" width=\"749\" height=\"972\" \/><\/p>\n<p style=\"text-align: center\">\u0110\u01b0\u1ee3c trang b\u1ecb loa t\u1ea7n s\u1ed1 k\u00e9p \u0111\u1ed9c l\u1eadp c\u00f4ng su\u1ea5t cao, t\u1ea7n s\u1ed1 k\u00e9p h\u00e0i h\u00f2a v\u00e0 c\u00e2n b\u1eb1ng, gi\u00fap \u0111\u1ea1t \u0111\u01b0\u1ee3c \u00e2m treble trong tr\u1ebbo v\u00e0 \u00e2m bass m\u1ea1nh m\u1ebd. \u00c2m thanh t\u1ed5ng th\u1ec3 m\u01b0\u1ee3t m\u00e0, \u0111\u1ea7y \u0111\u1eb7n v\u00e0 r\u1ea5t s\u1ed1ng \u0111\u1ed9ng.<\/p>\n<p style=\"text-align: center\"><img loading=\"lazy\" decoding=\"async\" class=\"alignnone wp-image-65363 size-full\" src=\"https:\/\/tivixiaomi.co\/wp-content\/uploads\/2022\/11\/Artboard-9.jpg\" alt=\"\" width=\"751\" height=\"1318\" \/><\/p>\n<p style=\"text-align: center\">K\u1ec3 t\u1eeb gi\u1edd, b\u1ea1n c\u00f3 th\u1ec3 h\u00f2a m\u00ecnh v\u00e0o n\u1ed9i dung c\u00e1c b\u1ed9 phim, t\u1eadn h\u01b0\u1edfng tr\u1ea3i nghi\u1ec7m nghe nh\u00ecn nh\u01b0 \u1edf r\u1ea1p chi\u1ebfu phim cao c\u1ea5p ngay t\u1ea1i ch\u00ednh ph\u00f2ng kh\u00e1ch nh\u00e0 b\u1ea1n.<\/p>\n<p style=\"text-align: center\"><img loading=\"lazy\" decoding=\"async\" class=\"alignnone wp-image-65364 size-full\" src=\"https:\/\/tivixiaomi.co\/wp-content\/uploads\/2022\/11\/Artboard-10.jpg\" alt=\"\" width=\"751\" height=\"1174\" \/><\/p>\n<p style=\"text-align: center\"><img loading=\"lazy\" decoding=\"async\" class=\"alignnone wp-image-65365 size-full\" src=\"https:\/\/tivixiaomi.co\/wp-content\/uploads\/2022\/11\/Artboard-11.jpg\" alt=\"\" width=\"751\" height=\"1103\" \/><\/p>\n<p style=\"text-align: center\">Trang b\u1ecb c\u1ed5ng k\u1ebft n\u1ed1i HDMI 2.1, mang l\u1ea1i \u0111\u1ed9 tr\u1ec5 \u0111\u1ea7u v\u00e0o th\u1ea5p h\u01a1n, h\u00ecnh \u1ea3nh s\u1ed1ng \u0111\u1ed9ng h\u01a1n, \u0111i\u1ec1u khi\u1ec3n c\u0169ng nhanh nh\u1ea1y h\u01a1n nhi\u1ec1u l\u1ea7n. H\u1ed7 tr\u1ee3 t\u1ed1c \u0111\u1ed9 l\u00e0m m\u1edbi thay \u0111\u1ed5i VRR, ch\u1ebf \u0111\u1ed9 \u0111\u1ed9 tr\u1ec5 th\u1ea5p t\u1ef1 \u0111\u1ed9ng ALLM, kh\u00f4ng v\u1ee1 h\u00ecnh, ph\u1ea3n h\u1ed3i t\u1ed1c \u0111\u1ed9 cao h\u01a1n. Tr\u1ee3 th\u1ee7 game \u0111\u1eafc l\u1ef1c s\u1ebd \u0111\u1ed3ng h\u00e0nh c\u00f9ng b\u1ea1n t\u1eeb ng\u01b0\u1eddi m\u1edbi ch\u01a1i cho \u0111\u1ebfn khi l\u00ean t\u1ea7m cao th\u1ee7.<\/p>\n<p style=\"text-align: center\"><img loading=\"lazy\" decoding=\"async\" class=\"alignnone wp-image-65366 size-full\" src=\"https:\/\/tivixiaomi.co\/wp-content\/uploads\/2022\/11\/Artboard-12.jpg\" alt=\"\" width=\"751\" height=\"1132\" \/><\/p>\n<p style=\"text-align: center\">B\u1ed9 nh\u1edb l\u1edbn 3+32GB h\u1ed7 tr\u1ee3 t\u1ea3i xu\u1ed1ng l\u01b0\u1ee3ng l\u1edbn c\u00e1c \u1ee9ng d\u1ee5ng. B\u1ed9 vi x\u1eed l\u00fd A73 l\u00f5i t\u1ee9 hi\u1ec7u n\u0103ng cao \u0111\u01b0\u1ee3c trang b\u1ecb c\u00f3 th\u1ec3 d\u1ec5 d\u00e0ng x\u1eed l\u00fd c\u00e1c t\u1eadp l\u1ec7nh ph\u1ee9c t\u1ea1p v\u00e0 x\u1eed l\u00fd \u0111a t\u00e1c v\u1ee5.<\/p>\n<p style=\"text-align: center\"><img loading=\"lazy\" decoding=\"async\" class=\"alignnone wp-image-65367 size-full\" src=\"https:\/\/tivixiaomi.co\/wp-content\/uploads\/2022\/11\/Artboard-13.jpg\" alt=\"\" width=\"751\" height=\"1162\" \/><\/p>\n<p style=\"text-align: center\">T\u1ef7 l\u1ec7 m\u00e0n h\u00ecnh so v\u1edbi th\u00e2n m\u00e1y cao t\u1edbi 98,2%, t\u1ea7m nh\u00ecn \u0111\u01b0\u1ee3c m\u1edf r\u1ed9ng, g\u1ea7n nh\u01b0 x\u00f3a b\u1ecf gi\u1edbi h\u1ea1n c\u1ee7a m\u00e0n h\u00ecnh tivi. Gi\u1edd \u0111\u00e2y b\u1ea1n c\u00f3 th\u1ec3 th\u1ecfa th\u00edch c\u00f9ng b\u1ea1n b\u00e8 t\u1ee5 t\u1eadp ch\u01a1i game, xem phim \u0111i\u1ec7n \u1ea3nh, t\u1eadn h\u01b0\u1edfng tr\u1ea3i nghi\u1ec7m nghe nh\u00ecn \u0111\u1eafm ch\u00ecm tr\u1ecdn v\u1eb9n.<\/p>\n<p style=\"text-align: center\"><img loading=\"lazy\" decoding=\"async\" class=\"alignnone wp-image-65368 size-full\" src=\"https:\/\/tivixiaomi.co\/wp-content\/uploads\/2022\/11\/Artboard-14.jpg\" alt=\"\" width=\"751\" height=\"933\" \/><\/p>\n<p style=\"text-align: center\"><img loading=\"lazy\" decoding=\"async\" class=\"alignnone wp-image-65369 size-full\" src=\"https:\/\/tivixiaomi.co\/wp-content\/uploads\/2022\/11\/Artboard-15.jpg\" alt=\"\" width=\"751\" height=\"616\" \/><\/p>\n<p style=\"text-align: center\">Khung vi\u1ec1n l\u00e0m ho\u00e0n to\u00e0n b\u1eb1ng h\u1ee3p kim nh\u00f4m phun c\u00e1t, k\u1ebft h\u1ee3p c\u00f9ng ch\u00e2n \u0111\u1ebf kim lo\u1ea1i v\u1edbi thi\u1ebft k\u1ebf c\u00e2n b\u1eb1ng v\u1ec1 c\u1ea5u tr\u00fac, h\u1ed9i t\u1ee5 \u0111\u1ee7 v\u1ebb \u0111\u1eb9p v\u1ec1 thi\u1ebft k\u1ebf, ch\u1ea5t l\u01b0\u1ee3ng c\u1ee7a c\u00e1c chi ti\u1ebft v\u00e0 t\u00ednh \u1ee9ng d\u1ee5ng. M\u1ed9t ki\u1ec7t t\u00e1c nh\u01b0 v\u1eady c\u1ea7n \u0111\u01b0\u1ee3c th\u01b0\u1edfng th\u1ee9c nh\u01b0 m\u1ed9t t\u00e1c ph\u1ea9m ngh\u1ec7 thu\u1eadt cao c\u1ea5p v\u00e0 xu\u1ea5t hi\u1ec7n \u1edf v\u1ecb tr\u00ed trung t\u00e2m ph\u00f2ng kh\u00e1ch nh\u00e0 b\u1ea1n.<\/p>\n<p style=\"text-align: center\"><img loading=\"lazy\" decoding=\"async\" class=\"alignnone wp-image-65370 size-full\" src=\"https:\/\/tivixiaomi.co\/wp-content\/uploads\/2022\/11\/Artboard-16.jpg\" alt=\"\" width=\"751\" height=\"1186\" \/><\/p>\n<p style=\"text-align: center\"><img loading=\"lazy\" decoding=\"async\" class=\"alignnone wp-image-65371 size-full\" src=\"https:\/\/tivixiaomi.co\/wp-content\/uploads\/2022\/11\/Artboard-17.jpg\" alt=\"\" width=\"751\" height=\"1242\" \/><\/p>\n<p style=\"text-align: center\">H\u1ec7 th\u1ed1ng TV tr\u00ed tu\u1ec7 nh\u00e2n t\u1ea1o hi\u1ec3u r\u00f5 c\u00e1c n\u1ed9i dung v\u00e0 nhu c\u1ea7u s\u1edf th\u00edch c\u1ee7a b\u1ea1n, gi\u00fap b\u1ea1n d\u1ec5 d\u00e0ng xem v\u00e0 \u0111i\u1ec1u khi\u1ec3n c\u00e1c thi\u1ebft b\u1ecb th\u00f4ng minh, \u0111\u1ed3ng th\u1eddi nh\u1eadn th\u00f4ng b\u00e1o t\u1eeb c\u00e1c thi\u1ebft b\u1ecb. Ngo\u00e0i ra c\u00f2n thi\u1ebft l\u1eadp ch\u1ebf \u0111\u1ed9 Ng\u01b0\u1eddi l\u1edbn tu\u1ed5i v\u00e0 ch\u1ebf \u0111\u1ed9 Tr\u1ebb em, \u0111\u1ec3 ng\u01b0\u1eddi l\u1edbn tu\u1ed5i v\u00e0 tr\u1ebb em c\u0169ng c\u00f3 th\u1ec3 d\u1ec5 d\u00e0ng thao t\u00e1c.<\/p>\n<p style=\"text-align: center\"><img loading=\"lazy\" decoding=\"async\" class=\"alignnone wp-image-65372 size-full\" src=\"https:\/\/tivixiaomi.co\/wp-content\/uploads\/2022\/11\/Artboard-18.jpg\" alt=\"\" width=\"751\" height=\"683\" \/><\/p>\n<p style=\"text-align: center\"><img loading=\"lazy\" decoding=\"async\" class=\"alignnone wp-image-65373 size-full\" src=\"https:\/\/tivixiaomi.co\/wp-content\/uploads\/2022\/11\/Artboard-19.jpg\" alt=\"\" width=\"751\" height=\"1319\" \/><\/p>\n<p style=\"text-align: center\"><img loading=\"lazy\" decoding=\"async\" class=\"alignnone wp-image-65374 size-full\" src=\"https:\/\/tivixiaomi.co\/wp-content\/uploads\/2022\/11\/Artboard-20.jpg\" alt=\"\" width=\"751\" height=\"702\" \/><\/p>\n<p style=\"text-align: center\"><img loading=\"lazy\" decoding=\"async\" class=\"alignnone wp-image-65375 size-full\" src=\"https:\/\/tivixiaomi.co\/wp-content\/uploads\/2022\/11\/Artboard-21.jpg\" alt=\"\" width=\"751\" height=\"1044\" \/><\/p>\n<p style=\"text-align: center\"><img loading=\"lazy\" decoding=\"async\" class=\"alignnone wp-image-65376 size-full\" src=\"https:\/\/tivixiaomi.co\/wp-content\/uploads\/2022\/11\/Artboard-22.jpg\" alt=\"\" width=\"751\" height=\"1013\" \/><\/p>\n<p style=\"text-align: center\"><img loading=\"lazy\" decoding=\"async\" class=\"alignnone wp-image-65377 size-full\" src=\"https:\/\/tivixiaomi.co\/wp-content\/uploads\/2022\/11\/Artboard-23.jpg\" alt=\"\" width=\"751\" height=\"1728\" \/><\/p>\n<p style=\"text-align: center\"><img loading=\"lazy\" decoding=\"async\" class=\"alignnone wp-image-65378 size-full\" src=\"https:\/\/tivixiaomi.co\/wp-content\/uploads\/2022\/11\/Artboard-24.jpg\" alt=\"\" width=\"751\" height=\"1192\" \/><\/p>\n<p><img loading=\"lazy\" decoding=\"async\" class=\"aligncenter wp-image-65379 size-full\" src=\"https:\/\/tivixiaomi.co\/wp-content\/uploads\/2022\/11\/Artboard-25.jpg\" alt=\"\" width=\"751\" height=\"556\" \/><\/p>\n","protected":false},"excerpt":{"rendered":"<p>T\u1ea7n s\u1ed1 qu\u00e9t tr\u00ean m\u00e0n h\u00ecnh cao 120Hz | c\u1ed5ng HDMI 2.1 | 3GB + 32GB<\/p>\n","protected":false},"featured_media":65216,"comment_status":"open","ping_status":"closed","template":"","meta":[],"product_brand":[],"product_cat":[27],"product_tag":[458],"class_list":{"0":"post-65215","1":"product","2":"type-product","3":"status-publish","4":"has-post-thumbnail","6":"product_cat-chua-phan-loai","7":"product_tag-smart-tivi-xiaomi-redmi-x65-inch","9":"first","10":"instock","11":"sale","12":"shipping-taxable","13":"purchasable","14":"product-type-simple"},"_links":{"self":[{"href":"https:\/\/tivixiaomi.co\/en\/wp-json\/wp\/v2\/product\/65215"}],"collection":[{"href":"https:\/\/tivixiaomi.co\/en\/wp-json\/wp\/v2\/product"}],"about":[{"href":"https:\/\/tivixiaomi.co\/en\/wp-json\/wp\/v2\/types\/product"}],"replies":[{"embeddable":true,"href":"https:\/\/tivixiaomi.co\/en\/wp-json\/wp\/v2\/comments?post=65215"}],"version-history":[{"count":1,"href":"https:\/\/tivixiaomi.co\/en\/wp-json\/wp\/v2\/product\/65215\/revisions"}],"predecessor-version":[{"id":77327,"href":"https:\/\/tivixiaomi.co\/en\/wp-json\/wp\/v2\/product\/65215\/revisions\/77327"}],"wp:featuredmedia":[{"embeddable":true,"href":"https:\/\/tivixiaomi.co\/en\/wp-json\/wp\/v2\/media\/65216"}],"wp:attachment":[{"href":"https:\/\/tivixiaomi.co\/en\/wp-json\/wp\/v2\/media?parent=65215"}],"wp:term":[{"taxonomy":"product_brand","embeddable":true,"href":"https:\/\/tivixiaomi.co\/en\/wp-json\/wp\/v2\/product_brand?post=65215"},{"taxonomy":"product_cat","embeddable":true,"href":"https:\/\/tivixiaomi.co\/en\/wp-json\/wp\/v2\/product_cat?post=65215"},{"taxonomy":"product_tag","embeddable":true,"href":"https:\/\/tivixiaomi.co\/en\/wp-json\/wp\/v2\/product_tag?post=65215"}],"curies":[{"name":"wp","href":"https:\/\/api.w.org\/{rel}","templated":true}]}}