{"id":65223,"date":"2022-11-05T14:01:46","date_gmt":"2022-11-05T07:01:46","guid":{"rendered":"https:\/\/tivixiaomi.co\/?post_type=product&#038;p=65223"},"modified":"2024-09-08T09:52:39","modified_gmt":"2024-09-08T02:52:39","slug":"tivi-xiaomi-x75-inch","status":"publish","type":"product","link":"https:\/\/tivixiaomi.co\/en\/tivi\/tivi-xiaomi-x75-inch\/","title":{"rendered":"Tivi Xiaomi Redmi X75 inch 2022 (120Hz &#8211; Ram 3GB)"},"content":{"rendered":"<h2 style=\"margin: 10px;padding: 0px;font-style: normal;font-weight: normal;font-size: 16px;line-height: 1.5;font-family: arial, sans-serif;letter-spacing: normal;text-align: start;text-indent: 0px;text-transform: none;text-decoration: none\">Xiaomi<span class=\"Apple-converted-space\">\u00a0<\/span>\u0111\u00e3 ch\u00ednh th\u1ee9c ra m\u1eaft <strong><a href=\"https:\/\/tivixiaomi.co\/san-pham\/tivi-xiaomi-x75-inch\/\">Tivi Xiaomi Redmi X75 inch<\/a><\/strong> t\u1ea1i Trung Qu\u1ed1c, n\u1ed5i b\u1eadt v\u1edbi t\u1ed1c \u0111\u1ed9 l\u00e0m t\u01b0\u01a1i 120 Hz, t\u00edch h\u1ee3p c\u1ed5ng HDMI 2.1, c\u00f4ng ngh\u1ec7 h\u00ecnh \u1ea3nh v\u00e0 \u00e2m thanh \u0111\u1ebfn t\u1eeb Dolby.<\/h2>\n<p style=\"padding: 0px;font-size: 16px;line-height: 1.5;margin: 10px;font-family: arial, sans-serif;font-style: normal;font-weight: normal;letter-spacing: normal;text-align: start;text-indent: 0px;text-transform: none;text-decoration: none\"><strong><a href=\"https:\/\/tivixiaomi.co\/san-pham\/tivi-xiaomi-x75-inch\/\">Tivi Xiaomi Redmi X75 inch<\/a><\/strong> \u0111\u01b0\u1ee3c \u0111\u1ecbnh h\u01b0\u1edbng ti\u1ebfp c\u1eadn gi\u1edbi tr\u1ebb, s\u1edf h\u1eefu m\u00e0n h\u00ecnh 4K 75 inch h\u1ed7 tr\u1ee3 HDR, ph\u1ee7 94% gam m\u00e0u r\u1ed9ng DCI-P3, \u0111\u1ed9 tr\u1ec5 c\u1ef1c th\u1ea5p 4 ms, t\u1ed1c \u0111\u1ed9 l\u00e0m t\u01b0\u01a1i th\u00edch \u1ee9ng t\u1eeb 48 \u0111\u1ebfn 120 Hz v\u00e0 h\u1ed7 tr\u1ee3 b\u00f9 chuy\u1ec3n \u0111\u1ed9ng MEMC gi\u00fap gi\u1ea3m thi\u1ec3u hi\u1ec7n t\u01b0\u1ee3ng x\u00e9 h\u00ecnh.<\/p>\n<p style=\"padding: 0px;font-size: 16px;line-height: 1.5;margin: 10px;font-family: arial, sans-serif;font-style: normal;font-weight: normal;letter-spacing: normal;text-align: start;text-indent: 0px;text-transform: none;text-decoration: none\"><img fetchpriority=\"high\" decoding=\"async\" class=\"alignnone size-full wp-image-65283\" src=\"https:\/\/tivixiaomi.co\/wp-content\/uploads\/2022\/11\/section-11.jpeg\" alt=\"\" width=\"1830\" height=\"980\" \/><\/p>\n<p class=\"captionnews\" style=\"padding: 5px 0px;font-size: 13px;line-height: 1.5;margin: 10px;font-style: italic;text-align: center;font-family: arial, sans-serif;font-weight: normal;letter-spacing: normal;text-indent: 0px;text-transform: none;text-decoration: none\"><em>Redmi Smart TV X75 2022 h\u1ed7 tr\u1ee3 c\u00f4ng ngh\u1ec7 h\u00ecnh \u1ea3nh Dolby Vision v\u00e0 \u00e2m thanh Dolby Atmos<\/em><\/p>\n<p style=\"padding: 0px;font-size: 16px;line-height: 1.5;margin: 10px;font-family: arial, sans-serif;font-style: normal;font-weight: normal;letter-spacing: normal;text-align: start;text-indent: 0px;text-transform: none;text-decoration: none\">Redmi Smart TV X75 2022 \u0111\u01b0\u1ee3c trang b\u1ecb\u00a0Wi-Fi b\u0103ng t\u1ea7n k\u00e9p 2.4 GHz v\u00e0 5 GHz, Bluetooth 5.0 v\u00e0 h\u1ed3ng ngo\u1ea1i. V\u1ec1 c\u1ed5ng k\u1ebft n\u1ed1i, TV c\u00f3 3 c\u1ed5ng HDMI (bao g\u1ed3m m\u1ed9t c\u1ed5ng h\u1ed7 tr\u1ee3 4K 120 Hz v\u00e0 m\u1ed9t c\u1ed5ng h\u1ed7 tr\u1ee3 eARC), 1 c\u1ed5ng Ethernet, 1 c\u1ed5ng AV, 1 c\u1ed5ng ATV\/DTMB, 1 c\u1ed5ng S\/PDIF, 2 c\u1ed5ng USB,\u00a0loa k\u00e9p 12.5 W v\u00e0 micr\u00f4 t\u00edch h\u1ee3p.<\/p>\n<p style=\"padding: 0px;font-size: 16px;line-height: 1.5;margin: 10px;font-family: arial, sans-serif;font-style: normal;font-weight: normal;letter-spacing: normal;text-align: start;text-indent: 0px;text-transform: none;text-decoration: none\"><img decoding=\"async\" class=\"i-amphtml-fill-content i-amphtml-replaced-content\" style=\"margin: auto;padding: 0px !important;border: none !important;font-size: 16px;line-height: 1.5;width: 0px;height: 0px;max-height: 100%;max-width: 100%;min-height: 100%;min-width: 100%\" title=\"Redmi Smart TV X75 2022 \u0111\u01b0\u1ee3c t\u00edch h\u1ee3p tr\u1ee3 l\u00fd \u1ea3o Xiao Ai v\u00e0 c\u00f3 th\u1ec3 \u0111i\u1ec1u khi\u1ec3n b\u1eb1ng gi\u1ecdng n\u00f3i\" src=\"https:\/\/cdn.tgdd.vn\/Files\/2021\/12\/08\/1403304\/redmi-smart-tv-x75-2022-xiao-ai_1280x720-800-resize.jpg\" alt=\"Redmi Smart TV X75 2022 \u0111\u01b0\u1ee3c t\u00edch h\u1ee3p tr\u1ee3 l\u00fd \u1ea3o Xiao Ai v\u00e0 c\u00f3 th\u1ec3 \u0111i\u1ec1u khi\u1ec3n b\u1eb1ng gi\u1ecdng n\u00f3i\" \/><img decoding=\"async\" class=\"alignnone size-full wp-image-65285\" src=\"https:\/\/tivixiaomi.co\/wp-content\/uploads\/2022\/11\/section-15.jpeg\" alt=\"\" width=\"1830\" height=\"980\" \/><\/p>\n<p class=\"captionnews\" style=\"padding: 5px 0px;font-size: 13px;line-height: 1.5;margin: 10px;font-style: italic;text-align: center;font-family: arial, sans-serif;font-weight: normal;letter-spacing: normal;text-indent: 0px;text-transform: none;text-decoration: none\"><em>Redmi Smart TV X75 2022 \u0111\u01b0\u1ee3c t\u00edch h\u1ee3p tr\u1ee3 l\u00fd \u1ea3o Xiao Ai<\/em><\/p>\n<p style=\"padding: 0px;font-size: 16px;line-height: 1.5;margin: 10px;font-family: arial, sans-serif;font-style: normal;font-weight: normal;letter-spacing: normal;text-align: start;text-indent: 0px;text-transform: none;text-decoration: none\">Redmi Smart TV X75 2022 d\u00f9ng\u00a0CPU b\u1ed1n nh\u00e2n Cortex A73 k\u1ebft h\u1ee3p v\u1edbi GPU G52 MC1, RAM 3 GB v\u00e0 b\u1ed9 nh\u1edb trong 32 GB. Gi\u1ed1ng nh\u01b0 c\u00e1c m\u1eabu TV Xiaomi kh\u00e1c, Redmi Smart TV X75 2022 c\u0169ng ch\u1ea1y\u00a0n\u1ec1n t\u1ea3ng MIUI for TV, \u0111i\u1ec1u khi\u1ec3n b\u1eb1ng gi\u1ecdng n\u00f3i th\u00f4ng minh v\u00e0 c\u00f3 c\u1ea3 ch\u1ebf \u0111\u1ed9 d\u00e0nh ri\u00eang cho tr\u1ebb em.<\/p>\n","protected":false},"excerpt":{"rendered":"<p>T\u1ea7n s\u1ed1 qu\u00e9t tr\u00ean m\u00e0n h\u00ecnh cao 120Hz | c\u1ed5ng HDMI 2.1 | 3GB + 32GB<\/p>\n","protected":false},"featured_media":65216,"comment_status":"open","ping_status":"closed","template":"","meta":[],"product_brand":[],"product_cat":[27],"product_tag":[466],"class_list":{"0":"post-65223","1":"product","2":"type-product","3":"status-publish","4":"has-post-thumbnail","6":"product_cat-chua-phan-loai","7":"product_tag-tivi-xiaomi-redmi-x75-inch","9":"first","10":"outofstock","11":"sale","12":"shipping-taxable","13":"purchasable","14":"product-type-simple"},"_links":{"self":[{"href":"https:\/\/tivixiaomi.co\/en\/wp-json\/wp\/v2\/product\/65223"}],"collection":[{"href":"https:\/\/tivixiaomi.co\/en\/wp-json\/wp\/v2\/product"}],"about":[{"href":"https:\/\/tivixiaomi.co\/en\/wp-json\/wp\/v2\/types\/product"}],"replies":[{"embeddable":true,"href":"https:\/\/tivixiaomi.co\/en\/wp-json\/wp\/v2\/comments?post=65223"}],"version-history":[{"count":1,"href":"https:\/\/tivixiaomi.co\/en\/wp-json\/wp\/v2\/product\/65223\/revisions"}],"predecessor-version":[{"id":77326,"href":"https:\/\/tivixiaomi.co\/en\/wp-json\/wp\/v2\/product\/65223\/revisions\/77326"}],"wp:featuredmedia":[{"embeddable":true,"href":"https:\/\/tivixiaomi.co\/en\/wp-json\/wp\/v2\/media\/65216"}],"wp:attachment":[{"href":"https:\/\/tivixiaomi.co\/en\/wp-json\/wp\/v2\/media?parent=65223"}],"wp:term":[{"taxonomy":"product_brand","embeddable":true,"href":"https:\/\/tivixiaomi.co\/en\/wp-json\/wp\/v2\/product_brand?post=65223"},{"taxonomy":"product_cat","embeddable":true,"href":"https:\/\/tivixiaomi.co\/en\/wp-json\/wp\/v2\/product_cat?post=65223"},{"taxonomy":"product_tag","embeddable":true,"href":"https:\/\/tivixiaomi.co\/en\/wp-json\/wp\/v2\/product_tag?post=65223"}],"curies":[{"name":"wp","href":"https:\/\/api.w.org\/{rel}","templated":true}]}}