{"id":65473,"date":"2022-11-15T00:41:41","date_gmt":"2022-11-14T17:41:41","guid":{"rendered":"https:\/\/tivixiaomi.co\/?post_type=product&#038;p=65473"},"modified":"2025-04-09T08:33:07","modified_gmt":"2025-04-09T01:33:07","slug":"tivi-xiaomi-ea-pro-65-inch","status":"publish","type":"product","link":"https:\/\/tivixiaomi.co\/en\/tivi\/tivi-xiaomi-ea-pro-65-inch\/","title":{"rendered":"Tivi Xiaomi EA Pro 65 inch"},"content":{"rendered":"<h2><a href=\"https:\/\/tivixiaomi.co\/san-pham\/mitv-eapro65\/\">TiVi Xiaomi EA Pro 65 inch <\/a><br \/>\nM\u1edbi \u0111\u00e2y th\u00ec Xiaomi ti\u1ebfp t\u1ee5c tung ra th\u1ecb tr\u01b0\u1eddng d\u00f2ng s\u1ea3n ph\u1ea9m EA Pro c\u00e1c k\u00edch th\u01b0\u1edbc 55, 65, 75 inches v\u00e0 h\u00f4m nay tivixiaomi.com s\u1ebd gi\u1edbi thi\u1ec7u \u0111\u1ebfn b\u1ea1n m\u00e3 s\u1ea3n ph\u1ea9m TV Xiaomi EA Pro 65 inch 2022 Series<\/h2>\n<p><img fetchpriority=\"high\" decoding=\"async\" class=\"aligncenter wp-image-65560 size-full\" src=\"https:\/\/tivixiaomi.co\/wp-content\/uploads\/2022\/11\/TV-Xiaomi-EA-Pro-65-inch-2022-SeriesTV-Xiaomi-EA-Pro-55-inch-2022-SeriesArtboard-2@0.5x.jpg\" alt=\"\" width=\"1280\" height=\"600\" \/> <img decoding=\"async\" class=\"aligncenter wp-image-65561 size-full\" src=\"https:\/\/tivixiaomi.co\/wp-content\/uploads\/2022\/11\/TV-Xiaomi-EA-Pro-65-inch-2022-SeriesTV-Xiaomi-EA-Pro-55-inch-2022-SeriesArtboard-3@0.5x.jpg\" alt=\"\" width=\"992\" height=\"397\" \/> <img decoding=\"async\" class=\"aligncenter wp-image-65562 size-full\" src=\"https:\/\/tivixiaomi.co\/wp-content\/uploads\/2022\/11\/TV-Xiaomi-EA-Pro-65-inch-2022-SeriesTV-Xiaomi-EA-Pro-55-inch-2022-SeriesArtboard-4@0.5x.jpg\" alt=\"\" width=\"1280\" height=\"600\" \/><\/p>\n<p data-wp-editing=\"1\"><img loading=\"lazy\" decoding=\"async\" class=\"aligncenter wp-image-65542 size-full\" src=\"https:\/\/tivixiaomi.co\/wp-content\/uploads\/2022\/11\/TV-Xiaomi-EA-Pro-55-inch-2022-SeriesTV-Xiaomi-EA-Pro-55-inch-2022-SeriesArtboard-6@0.5x.jpg\" alt=\"\" width=\"992\" height=\"397\" \/> <img loading=\"lazy\" decoding=\"async\" class=\"aligncenter wp-image-65543 size-full\" src=\"https:\/\/tivixiaomi.co\/wp-content\/uploads\/2022\/11\/TV-Xiaomi-EA-Pro-55-inch-2022-SeriesTV-Xiaomi-EA-Pro-55-inch-2022-SeriesArtboard-7@0.5x.jpg\" alt=\"\" width=\"1280\" height=\"1074\" \/> <img loading=\"lazy\" decoding=\"async\" class=\"aligncenter wp-image-65544 size-full\" src=\"https:\/\/tivixiaomi.co\/wp-content\/uploads\/2022\/11\/TV-Xiaomi-EA-Pro-55-inch-2022-SeriesTV-Xiaomi-EA-Pro-55-inch-2022-SeriesArtboard-8@0.5x.jpg\" alt=\"\" width=\"1280\" height=\"1074\" \/><\/p>\n<p data-wp-editing=\"1\">C\u00f4ng ngh\u1ec7 \u0111\u00fac kim lo\u1ea1i nguy\u00ean kh\u1ed1i Unibody t\u1ea1o ra th\u00e2n m\u00e1y v\u1edbi t\u1ea5m khung v\u00e0 t\u1ea5m l\u01b0ng n\u1ed1i li\u1ec1n m\u1ea1ch, s\u1edf h\u1eefu b\u1ec1 m\u1eb7t s\u00e1ng b\u00f3ng v\u00e0 l\u00e1ng m\u1ecbn, tinh t\u1ebf \u0111\u1ebfn t\u1eebng chi ti\u1ebft.<\/p>\n<p data-wp-editing=\"1\"><img loading=\"lazy\" decoding=\"async\" class=\"aligncenter wp-image-65545 size-full\" src=\"https:\/\/tivixiaomi.co\/wp-content\/uploads\/2022\/11\/TV-Xiaomi-EA-Pro-55-inch-2022-SeriesTV-Xiaomi-EA-Pro-55-inch-2022-SeriesArtboard-9@0.5x.jpg\" alt=\"\" width=\"1280\" height=\"1315\" \/> <img loading=\"lazy\" decoding=\"async\" class=\"aligncenter wp-image-65546 size-full\" src=\"https:\/\/tivixiaomi.co\/wp-content\/uploads\/2022\/11\/TV-Xiaomi-EA-Pro-55-inch-2022-SeriesTV-Xiaomi-EA-Pro-55-inch-2022-SeriesArtboard-10@0.5x.jpg\" alt=\"\" width=\"1280\" height=\"864\" \/> <img loading=\"lazy\" decoding=\"async\" class=\"aligncenter wp-image-65547 size-full\" src=\"https:\/\/tivixiaomi.co\/wp-content\/uploads\/2022\/11\/TV-Xiaomi-EA-Pro-55-inch-2022-SeriesTV-Xiaomi-EA-Pro-55-inch-2022-SeriesArtboard-11@0.5x.jpg\" alt=\"\" width=\"1280\" height=\"864\" \/><\/p>\n<p data-wp-editing=\"1\"><img loading=\"lazy\" decoding=\"async\" class=\"aligncenter wp-image-65548 size-full\" src=\"https:\/\/tivixiaomi.co\/wp-content\/uploads\/2022\/11\/TV-Xiaomi-EA-Pro-55-inch-2022-SeriesTV-Xiaomi-EA-Pro-55-inch-2022-SeriesArtboard-12@0.5x.jpg\" alt=\"\" width=\"1280\" height=\"1024\" \/> <img loading=\"lazy\" decoding=\"async\" class=\"aligncenter wp-image-65549 size-full\" src=\"https:\/\/tivixiaomi.co\/wp-content\/uploads\/2022\/11\/TV-Xiaomi-EA-Pro-55-inch-2022-SeriesTV-Xiaomi-EA-Pro-55-inch-2022-SeriesArtboard-13@0.5x.jpg\" alt=\"\" width=\"1280\" height=\"865\" \/> <img loading=\"lazy\" decoding=\"async\" class=\"aligncenter wp-image-65550 size-full\" src=\"https:\/\/tivixiaomi.co\/wp-content\/uploads\/2022\/11\/TV-Xiaomi-EA-Pro-55-inch-2022-SeriesTV-Xiaomi-EA-Pro-55-inch-2022-SeriesArtboard-14@0.5x.jpg\" alt=\"\" width=\"1280\" height=\"1399\" \/><\/p>\n<p data-wp-editing=\"1\">\u0110\u1ed9 s\u1eafc n\u00e9t h\u00ecnh \u1ea3nh 3840X2160 pixel, t\u00e1i hi\u1ec7n ch\u00e2n th\u1ef1c \u0111\u1ebfn t\u1eebng chi ti\u1ebft. Ngay c\u1ea3 nh\u1eefng chi ti\u1ebft nh\u1ecf nh\u1ea5t c\u0169ng c\u00f3 th\u1ec3 \u0111\u01b0\u1ee3c tr\u00ecnh chi\u1ebfu m\u1ed9t c\u00e1ch sinh \u0111\u1ed9ng v\u00e0 r\u00f5 r\u00e0ng. Chip c\u1ee7a m\u00e1y h\u1ed7 tr\u1ee3 gi\u1ea3i m\u00e3 4K HDR, c\u00e1c t\u1ea7ng h\u00ecnh \u1ea3nh s\u1ebd tr\u1edf n\u00ean r\u00f5 r\u00e0ng h\u01a1n v\u00e0 s\u1edf h\u1eefu \u0111\u1ed9 s\u00e1ng v\u00e0 \u0111\u1ed9 s\u1eafc n\u00e9t t\u1ed1t h\u01a1n. B\u1eadt TV l\u00ean l\u00e0 c\u00f3 th\u1ec3 ngay l\u1eadp t\u1ee9c th\u01b0\u1edfng th\u1ee9c nh\u1eefng c\u1ea3nh phim s\u1ed1ng \u0111\u1ed9ng.<\/p>\n<p data-wp-editing=\"1\">T\u1ed1i \u01b0u h\u00f3a h\u00ecnh \u1ea3nh theo th\u1eddi gian th\u1ef1c th\u00f4ng qua c\u00e1c thu\u1eadt to\u00e1n, c\u1ea3i thi\u1ec7n th\u00f4ng minh n\u1ed9i dung t\u1ed1c \u0111\u1ed9 khung h\u00ecnh th\u1ea5p th\u00e0nh t\u1ed1c \u0111\u1ed9 khung h\u00ecnh cao, t\u1eebng c\u00fa s\u00fat tuy\u1ec7t \u0111\u1eb9p tr\u00ean s\u00e2n c\u1ecf xanh, nh\u1eefng kho\u1ea3nh kh\u1eafc \u0111ua xe gay c\u1ea5n hay th\u01b0\u1edbc phim t\u1ed1c \u0111\u1ed9 cao s\u1ebd tr\u1edf n\u00ean m\u01b0\u1ee3t m\u00e0 v\u00e0 r\u00f5 r\u00e0ng h\u01a1n bao gi\u1edd h\u1ebft.<\/p>\n<p data-wp-editing=\"1\">Mua tivi ch\u00ednh l\u00e0 t\u00ecm mua m\u1ed9t chi\u1ebfc m\u00e0n h\u00ecnh, v\u1edbi s\u1ea3n ph\u1ea9m l\u1ea7n n\u00e0y ch\u00fang t\u00f4i quy\u1ebft t\u00e2m theo \u0111u\u1ed5i \u0111\u1ed9 ch\u00ednh x\u00e1c m\u00e0u b\u1ea5t k\u1ec3 chi ph\u00ed. C\u00e1c thi\u1ebft b\u1ecb tinh chu\u1ea9n \u0111\u01b0\u1ee3c s\u1eed d\u1ee5ng \u0111\u1ec3 hi\u1ec7u ch\u1ec9nh ch\u00ednh x\u00e1c m\u00e0n h\u00ecnh EA Pro v\u00e0 cu\u1ed1i c\u00f9ng \u0111\u1ea1t \u0111\u1ebfn \u0111\u1ed9 ch\u00ednh x\u00e1c m\u00e0u s\u1eafc chuy\u00ean nghi\u1ec7p \u0394E\u22483, hi\u1ec3n th\u1ecb ch\u00e2n th\u1ef1c m\u00e0u s\u1eafc g\u1ed1c c\u1ee7a h\u00ecnh \u1ea3nh.<\/p>\n<p data-wp-editing=\"1\">S\u1eed d\u1ee5ng c\u00f4ng ngh\u1ec7 \u0111i\u1ec1u ch\u1ec9nh ch\u1ea5t l\u01b0\u1ee3ng h\u00ecnh \u1ea3nh ti\u00ean ti\u1ebfn do Xiaomi t\u1ef1 nghi\u00ean c\u1ee9u, hi\u1ec7u \u1ee9ng h\u00ecnh \u1ea3nh \u0111\u01b0\u1ee3c t\u1ed1i \u01b0u h\u00f3a tri\u1ec7t \u0111\u1ec3 t\u1eeb h\u1ec7 th\u1ed1ng c\u01a1 b\u1ea3n \u0111\u1ebfn c\u1ea5u h\u00ecnh ph\u1ea7n c\u1ee9ng. Bao g\u1ed3m nh\u1eefng c\u1ea3i ti\u1ebfn c\u1ee5 th\u1ec3 v\u1ec1 \u0111\u1ed9 s\u1eafc n\u00e9t, m\u00e0u s\u1eafc, m\u1ee9c \u0111\u1ed9 s\u00e1ng t\u1ed1i,\u2026 \u0111\u1ec3 h\u00ecnh \u1ea3nh th\u00eam ph\u1ea7n r\u00f5 r\u00e0ng, m\u00e0u s\u1eafc t\u01b0\u01a1i s\u00e1ng v\u00e0 ch\u00e2n th\u1ef1c h\u01a1n.<\/p>\n<p data-wp-editing=\"1\"><img loading=\"lazy\" decoding=\"async\" class=\"aligncenter wp-image-65551 size-full\" src=\"https:\/\/tivixiaomi.co\/wp-content\/uploads\/2022\/11\/TV-Xiaomi-EA-Pro-55-inch-2022-SeriesTV-Xiaomi-EA-Pro-55-inch-2022-SeriesArtboard-15@0.5x.jpg\" alt=\"\" width=\"1280\" height=\"1388\" \/><\/p>\n<p data-wp-editing=\"1\">\u0110\u01b0\u1ee3c trang b\u1ecb chip MT9638, hi\u1ec7u su\u1ea5t ho\u1ea1t \u0111\u1ed9ng d\u01b0 d\u1ea3, c\u00f3 th\u1ec3 x\u1eed l\u00fd \u0111a nhi\u1ec7m m\u01b0\u1ee3t m\u00e0 c\u00e1c t\u00e1c v\u1ee5 th\u01b0\u1eddng ng\u00e0y v\u00e0 t\u00ednh to\u00e1n h\u00ecnh \u1ea3nh t\u1ea7n s\u1ed1 cao. H\u1ed7 tr\u1ee3 Wi-Fi b\u0103ng t\u1ea7n k\u00e9p, k\u1ebft n\u1ed1i m\u1ea1ng thu\u1eadn ti\u1ec7n h\u01a1n.<\/p>\n<p data-wp-editing=\"1\"><img loading=\"lazy\" decoding=\"async\" class=\"aligncenter wp-image-65552 size-full\" src=\"https:\/\/tivixiaomi.co\/wp-content\/uploads\/2022\/11\/TV-Xiaomi-EA-Pro-55-inch-2022-SeriesTV-Xiaomi-EA-Pro-55-inch-2022-SeriesArtboard-16@0.5x.jpg\" alt=\"\" width=\"1280\" height=\"876\" \/><\/p>\n<p data-wp-editing=\"1\">S\u1edf h\u1eefu nhi\u1ec1u c\u1ed5ng k\u1ebft n\u1ed1i phong ph\u00fa, c\u00f3 th\u1ec3 \u0111\u01b0\u1ee3c k\u1ebft n\u1ed1i v\u1edbi nhi\u1ec1u lo\u1ea1i thi\u1ebft b\u1ecb v\u00e0 d\u1ec5 d\u00e0ng m\u1edf r\u1ed9ng ph\u1ee5c v\u1ee5 c\u00e1c nhu c\u1ea7u gi\u1ea3i tr\u00ed, \u00e2m thanh v\u00e0 h\u00ecnh \u1ea3nh cu\u1ed9c s\u1ed1ng.<\/p>\n<p data-wp-editing=\"1\"><img loading=\"lazy\" decoding=\"async\" class=\"aligncenter wp-image-65553 size-full\" src=\"https:\/\/tivixiaomi.co\/wp-content\/uploads\/2022\/11\/TV-Xiaomi-EA-Pro-55-inch-2022-SeriesTV-Xiaomi-EA-Pro-55-inch-2022-SeriesArtboard-17@0.5x.jpg\" alt=\"\" width=\"1280\" height=\"1300\" \/> <img loading=\"lazy\" decoding=\"async\" class=\"aligncenter wp-image-65554 size-full\" src=\"https:\/\/tivixiaomi.co\/wp-content\/uploads\/2022\/11\/TV-Xiaomi-EA-Pro-55-inch-2022-SeriesTV-Xiaomi-EA-Pro-55-inch-2022-SeriesArtboard-18@0.5x.jpg\" alt=\"\" width=\"992\" height=\"397\" \/> <img loading=\"lazy\" decoding=\"async\" class=\"aligncenter wp-image-65555 size-full\" src=\"https:\/\/tivixiaomi.co\/wp-content\/uploads\/2022\/11\/TV-Xiaomi-EA-Pro-55-inch-2022-SeriesTV-Xiaomi-EA-Pro-55-inch-2022-SeriesArtboard-19@0.5x.jpg\" alt=\"\" width=\"1280\" height=\"1074\" \/> <img loading=\"lazy\" decoding=\"async\" class=\"aligncenter wp-image-65556 size-full\" src=\"https:\/\/tivixiaomi.co\/wp-content\/uploads\/2022\/11\/TV-Xiaomi-EA-Pro-55-inch-2022-SeriesTV-Xiaomi-EA-Pro-55-inch-2022-SeriesArtboard-20@0.5x.jpg\" alt=\"\" width=\"1280\" height=\"1074\" \/> <img loading=\"lazy\" decoding=\"async\" class=\"aligncenter wp-image-65557 size-full\" src=\"https:\/\/tivixiaomi.co\/wp-content\/uploads\/2022\/11\/TV-Xiaomi-EA-Pro-55-inch-2022-SeriesTV-Xiaomi-EA-Pro-55-inch-2022-SeriesArtboard-21@0.5x.jpg\" alt=\"\" width=\"1280\" height=\"896\" \/> <img loading=\"lazy\" decoding=\"async\" class=\"aligncenter wp-image-65558 size-full\" src=\"https:\/\/tivixiaomi.co\/wp-content\/uploads\/2022\/11\/TV-Xiaomi-EA-Pro-55-inch-2022-SeriesTV-Xiaomi-EA-Pro-55-inch-2022-SeriesArtboard-22@0.5x.jpg\" alt=\"\" width=\"1280\" height=\"1097\" \/> <img loading=\"lazy\" decoding=\"async\" class=\"aligncenter wp-image-65559 size-full\" src=\"https:\/\/tivixiaomi.co\/wp-content\/uploads\/2022\/11\/TV-Xiaomi-EA-Pro-55-inch-2022-SeriesTV-Xiaomi-EA-Pro-55-inch-2022-SeriesArtboard-23@0.5x.jpg\" alt=\"\" width=\"1125\" height=\"650\" \/><\/p>\n","protected":false},"excerpt":{"rendered":"<ul>\n<li>D\u00f2ng EA Pro Series<\/li>\n<li>M\u00e0n h\u00ecnh: 4K<\/li>\n<li>RAM: 2GB<\/li>\n<li>Dung l\u01b0\u1ee3ng: 16GB<\/li>\n<\/ul>\n","protected":false},"featured_media":65466,"comment_status":"open","ping_status":"closed","template":"","meta":[],"product_brand":[],"product_cat":[400,406],"product_tag":[452],"class_list":{"0":"post-65473","1":"product","2":"type-product","3":"status-publish","4":"has-post-thumbnail","6":"product_cat-tivi-xiaomi-ea-pro","7":"product_cat-top-10-tivi-xiaomi","8":"product_tag-tivi-xiaomi-ea-pro-65-inch","10":"first","11":"outofstock","12":"sale","13":"shipping-taxable","14":"purchasable","15":"product-type-simple"},"_links":{"self":[{"href":"https:\/\/tivixiaomi.co\/en\/wp-json\/wp\/v2\/product\/65473"}],"collection":[{"href":"https:\/\/tivixiaomi.co\/en\/wp-json\/wp\/v2\/product"}],"about":[{"href":"https:\/\/tivixiaomi.co\/en\/wp-json\/wp\/v2\/types\/product"}],"replies":[{"embeddable":true,"href":"https:\/\/tivixiaomi.co\/en\/wp-json\/wp\/v2\/comments?post=65473"}],"version-history":[{"count":1,"href":"https:\/\/tivixiaomi.co\/en\/wp-json\/wp\/v2\/product\/65473\/revisions"}],"predecessor-version":[{"id":77759,"href":"https:\/\/tivixiaomi.co\/en\/wp-json\/wp\/v2\/product\/65473\/revisions\/77759"}],"wp:featuredmedia":[{"embeddable":true,"href":"https:\/\/tivixiaomi.co\/en\/wp-json\/wp\/v2\/media\/65466"}],"wp:attachment":[{"href":"https:\/\/tivixiaomi.co\/en\/wp-json\/wp\/v2\/media?parent=65473"}],"wp:term":[{"taxonomy":"product_brand","embeddable":true,"href":"https:\/\/tivixiaomi.co\/en\/wp-json\/wp\/v2\/product_brand?post=65473"},{"taxonomy":"product_cat","embeddable":true,"href":"https:\/\/tivixiaomi.co\/en\/wp-json\/wp\/v2\/product_cat?post=65473"},{"taxonomy":"product_tag","embeddable":true,"href":"https:\/\/tivixiaomi.co\/en\/wp-json\/wp\/v2\/product_tag?post=65473"}],"curies":[{"name":"wp","href":"https:\/\/api.w.org\/{rel}","templated":true}]}}