{"id":65661,"date":"2022-11-20T20:49:49","date_gmt":"2022-11-20T13:49:49","guid":{"rendered":"https:\/\/tivixiaomi.co\/?post_type=product&#038;p=65661"},"modified":"2024-09-08T09:56:46","modified_gmt":"2024-09-08T02:56:46","slug":"redmitv-x65t","status":"publish","type":"product","link":"https:\/\/tivixiaomi.co\/en\/tivi\/redmitv-x65t\/","title":{"rendered":"Redmi Smart TV X65T 2022 Series 65 inches (Gi\u00e1 \u0111\u00e3 bao g\u1ed3m g\u00f3i d\u1ecbch v\u1ee5 1 n\u0103m b\u1ea3o h\u00e0nh)"},"content":{"rendered":"<p>&nbsp;<\/p>\n<p><strong>Redmi Smart TV X65T 2022 Series 65 inches (Gi\u00e1 \u0111\u00e3 bao g\u1ed3m g\u00f3i d\u1ecbch v\u1ee5 1 n\u0103m b\u1ea3o h\u00e0nh)<\/strong><\/p>\n<p>M\u1edbi \u0111\u00e2y th\u00ec Xiaomi ti\u1ebfp t\u1ee5c tung ra th\u1ecb tr\u01b0\u1eddng d\u00f2ng s\u1ea3n ph\u1ea9m TV Xiaomi EA Pro 65 inch 2022 Series v\u00e0 h\u00f4m nay tivixiaomi.com s\u1ebd gi\u1edbi thi\u1ec7u \u0111\u1ebfn b\u1ea1n m\u00e3 s\u1ea3n ph\u1ea9m TV Redmi Smart TV X65T 2022 Series 65 inches<\/p>\n<p><img fetchpriority=\"high\" decoding=\"async\" class=\"aligncenter wp-image-65719 size-full\" src=\"https:\/\/tivixiaomi.co\/wp-content\/uploads\/2022\/11\/Artboard-1@0.5x.jpg\" alt=\"\" width=\"1280\" height=\"660\" \/><img decoding=\"async\" class=\"aligncenter wp-image-65723 size-full\" src=\"https:\/\/tivixiaomi.co\/wp-content\/uploads\/2022\/11\/Artboard-5@0.5x.jpg\" alt=\"\" width=\"1280\" height=\"405\" \/><img decoding=\"async\" class=\"aligncenter wp-image-65720 size-full\" src=\"https:\/\/tivixiaomi.co\/wp-content\/uploads\/2022\/11\/Artboard-2@0.5x.jpg\" alt=\"\" width=\"1280\" height=\"960\" \/><img loading=\"lazy\" decoding=\"async\" class=\"aligncenter wp-image-65721 size-full\" src=\"https:\/\/tivixiaomi.co\/wp-content\/uploads\/2022\/11\/Artboard-3@0.5x.jpg\" alt=\"\" width=\"1280\" height=\"864\" \/><img loading=\"lazy\" decoding=\"async\" class=\"aligncenter wp-image-65722 size-full\" src=\"https:\/\/tivixiaomi.co\/wp-content\/uploads\/2022\/11\/Artboard-4@0.5x.jpg\" alt=\"\" width=\"1280\" height=\"683\" \/><img loading=\"lazy\" decoding=\"async\" class=\"aligncenter wp-image-65724 size-full\" src=\"https:\/\/tivixiaomi.co\/wp-content\/uploads\/2022\/11\/Artboard-6@0.5x.jpg\" alt=\"\" width=\"1280\" height=\"863\" \/><img loading=\"lazy\" decoding=\"async\" class=\"aligncenter wp-image-65725 size-full\" src=\"https:\/\/tivixiaomi.co\/wp-content\/uploads\/2022\/11\/Artboard-7@0.5x.jpg\" alt=\"\" width=\"1280\" height=\"790\" \/><img loading=\"lazy\" decoding=\"async\" class=\"aligncenter wp-image-65726 size-full\" src=\"https:\/\/tivixiaomi.co\/wp-content\/uploads\/2022\/11\/Artboard-8@0.5x.jpg\" alt=\"\" width=\"1280\" height=\"980\" \/><img loading=\"lazy\" decoding=\"async\" class=\"aligncenter wp-image-65727 size-full\" src=\"https:\/\/tivixiaomi.co\/wp-content\/uploads\/2022\/11\/Artboard-9@0.5x.jpg\" alt=\"\" width=\"1280\" height=\"1223\" \/><img loading=\"lazy\" decoding=\"async\" class=\"aligncenter wp-image-65728 size-full\" src=\"https:\/\/tivixiaomi.co\/wp-content\/uploads\/2022\/11\/Artboard-10@0.5x.jpg\" alt=\"\" width=\"1281\" height=\"795\" \/><img loading=\"lazy\" decoding=\"async\" class=\"aligncenter wp-image-65729 size-full\" src=\"https:\/\/tivixiaomi.co\/wp-content\/uploads\/2022\/11\/Artboard-11@0.5x.jpg\" alt=\"\" width=\"1280\" height=\"1012\" \/><\/p>\n<p>Hi\u1ec7u su\u1ea5t m\u1ea1nh m\u1ebd v\u1edbi b\u1ed9 vi x\u1eed l\u00ed A73 l\u00f5i t\u1ee9 hi\u1ec7u n\u0103ng cao, d\u1ec5 d\u00e0ng x\u1eed l\u00fd c\u00e1c t\u1eadp l\u1ec7ch ph\u1ee9c t\u1ea1p.<\/p>\n<p><img loading=\"lazy\" decoding=\"async\" class=\"aligncenter wp-image-65730 size-full\" src=\"https:\/\/tivixiaomi.co\/wp-content\/uploads\/2022\/11\/Artboard-12@0.5x.jpg\" alt=\"\" width=\"1281\" height=\"963\" \/><\/p>\n<p><img loading=\"lazy\" decoding=\"async\" class=\"aligncenter wp-image-65711 size-full\" src=\"https:\/\/tivixiaomi.co\/wp-content\/uploads\/2022\/11\/Artboard-13@0.5x.jpg\" alt=\"\" width=\"1280\" height=\"1140\" \/><\/p>\n<p style=\"text-align: left;\">T\u1ef7 l\u1ec7 m\u00e0n h\u00ecnh cao t\u1edbi 98,2%, s\u1ed1 li\u1ec7u \u0111\u1ebfn t\u1eeb Ph\u00f2ng th\u00ed nghi\u1ec7m Mi TV. T\u1ef7 l\u1ec7 m\u00e0n h\u00ecnh \u0111\u1ec1 c\u1eadp<br \/>\n\u0111\u1ebfn di\u1ec7n t\u00edch hi\u1ec3n th\u1ecb m\u00e0n h\u00ecnh\/ di\u1ec7n t\u00edch m\u00e0n h\u00ecnh. Do sai s\u1ed1 \u0111o l\u01b0\u1eddng v\u00e0 s\u1ef1 kh\u00e1c bi\u1ec7t nh\u1ecf gi\u1eefa c\u00e1c m\u00e1y kh\u00e1c nhau, gi\u00e1 tr\u1ecb t\u1ef7 l\u1ec7 m\u00e0n h\u00ecnh vui l\u00f2ng tham kh\u1ea3o s\u1ea3n ph\u1ea9m th\u1ef1c t\u1ebf. Ph\u1ea7n th\u00e2n kim lo\u1ea1i \u0111\u01b0\u1ee3c c\u1ea5u t\u1ea1o b\u1edfi t\u1ea5m l\u01b0ng kim lo\u1ea1i + khung nh\u00f4m b\u1ed1n c\u1ea1nh, ph\u1ea7n v\u1ecf sau l\u00e0 ph\u1ea7n c\u1ed1 \u0111\u1ecbnh g\u1eafn v\u1edbi th\u00e2n m\u00e1y, kh\u00f4ng n\u1eb1m trong ph\u1ea1m vi c\u1ee7a th\u00e2n m\u00e1y b\u1eb1ng kim lo\u1ea1i.<\/p>\n<p><img loading=\"lazy\" decoding=\"async\" class=\"aligncenter wp-image-65712 size-full\" src=\"https:\/\/tivixiaomi.co\/wp-content\/uploads\/2022\/11\/Artboard-14@0.5x.jpg\" alt=\"\" width=\"1280\" height=\"810\" \/>Trang b\u1ecb tr\u1ee3 l\u00fd \u1ea3o Xiao Ai \u0111i\u1ec1u khi\u1ec3n th\u00f4ng minh t\u1eeb xa, kh\u00f4ng c\u00f2n c\u1ea7n \u0111\u1ebfn chi\u1ebfc \u0111i\u1ec1u khi\u1ec3n. D\u00f9 l\u00e0 tr\u00ecnh chi\u1ebfu n\u1ed9i dung, \u0111i\u1ec1u ch\u1ec9nh \u00e2m l\u01b0\u1ee3ng, tra c\u1ee9u d\u1ef1 b\u00e1o th\u1eddi ti\u1ebft, k\u1ebft n\u1ed1i th\u00f4ng minh c\u00e1c thi\u1ebft b\u1ecb trong nh\u00e0&#8230;, ch\u1ec9 c\u1ea7n m\u1ed9t c\u00e2u h\u00f4 g\u1ecdi tr\u1ee3 l\u00fd \u1ea3o Xiao AI l\u00e0 c\u00f3 th\u1ec3 gi\u1ea3i quy\u1ebft m\u1ecdi nhu c\u1ea7u c\u1ee7a b\u1ea1n.<br \/>\n<img loading=\"lazy\" decoding=\"async\" class=\"aligncenter wp-image-65713 size-full\" src=\"https:\/\/tivixiaomi.co\/wp-content\/uploads\/2022\/11\/Artboard-16@0.5x.jpg\" alt=\"\" width=\"1280\" height=\"847\" \/><\/p>\n<p><img loading=\"lazy\" decoding=\"async\" class=\"aligncenter wp-image-65714 size-full\" src=\"https:\/\/tivixiaomi.co\/wp-content\/uploads\/2022\/11\/Artboard-17@0.5x.jpg\" alt=\"\" width=\"1280\" height=\"897\" \/>Tr\u00ecnh chi\u1ebfu \u0111a ch\u1ee9c n\u0103ng, t\u01b0\u01a1ng t\u00e1c \u0111a m\u00e0n h\u00ecnh, ph\u00f3ng \u0111\u1ea1i nh\u1eefng \u0111i\u1ec1u tuy\u1ec7t v\u1eddi.<br \/>\n<img loading=\"lazy\" decoding=\"async\" class=\"aligncenter wp-image-65715 size-full\" src=\"https:\/\/tivixiaomi.co\/wp-content\/uploads\/2022\/11\/Artboard-18@0.5x.jpg\" alt=\"\" width=\"1280\" height=\"1028\" \/><img loading=\"lazy\" decoding=\"async\" class=\"aligncenter wp-image-65716 size-full\" src=\"https:\/\/tivixiaomi.co\/wp-content\/uploads\/2022\/11\/Artboard-19@0.5x.jpg\" alt=\"\" width=\"1280\" height=\"967\" \/><img loading=\"lazy\" decoding=\"async\" class=\"aligncenter wp-image-65717 size-full\" src=\"https:\/\/tivixiaomi.co\/wp-content\/uploads\/2022\/11\/Artboard-20@0.5x.jpg\" alt=\"\" width=\"1280\" height=\"819\" \/><img loading=\"lazy\" decoding=\"async\" class=\"aligncenter wp-image-65718 size-full\" src=\"https:\/\/tivixiaomi.co\/wp-content\/uploads\/2022\/11\/Artboard-21@0.5x.jpg\" alt=\"\" width=\"1280\" height=\"626\" \/>H\u00ecnh \u1ea3nh s\u1ea3n ph\u1ea9m v\u00e0 n\u1ed9i dung hi\u1ec3n th\u1ecb m\u00e0n h\u00ecnh tr\u00ean trang web ch\u1ec9 mang t\u00ednh ch\u1ea5t minh h\u1ecda, vui l\u00f2ng tham kh\u1ea3o s\u1ea3n ph\u1ea9m th\u1ef1c t\u1ebf.<\/p>\n","protected":false},"excerpt":{"rendered":"<ul>\n<li>D\u00f2ng XT 2022 Series<\/li>\n<li>M\u00e0n h\u00ecnh: 4K<\/li>\n<li>RAM: 3GB<\/li>\n<li>Dung l\u01b0\u1ee3ng: 32GB<\/li>\n<\/ul>\n","protected":false},"featured_media":65662,"comment_status":"open","ping_status":"closed","template":"","meta":[],"product_brand":[],"product_cat":[27],"product_tag":[],"class_list":{"0":"post-65661","1":"product","2":"type-product","3":"status-publish","4":"has-post-thumbnail","6":"product_cat-chua-phan-loai","8":"first","9":"outofstock","10":"sale","11":"shipping-taxable","12":"purchasable","13":"product-type-simple"},"_links":{"self":[{"href":"https:\/\/tivixiaomi.co\/en\/wp-json\/wp\/v2\/product\/65661"}],"collection":[{"href":"https:\/\/tivixiaomi.co\/en\/wp-json\/wp\/v2\/product"}],"about":[{"href":"https:\/\/tivixiaomi.co\/en\/wp-json\/wp\/v2\/types\/product"}],"replies":[{"embeddable":true,"href":"https:\/\/tivixiaomi.co\/en\/wp-json\/wp\/v2\/comments?post=65661"}],"version-history":[{"count":1,"href":"https:\/\/tivixiaomi.co\/en\/wp-json\/wp\/v2\/product\/65661\/revisions"}],"predecessor-version":[{"id":77329,"href":"https:\/\/tivixiaomi.co\/en\/wp-json\/wp\/v2\/product\/65661\/revisions\/77329"}],"wp:featuredmedia":[{"embeddable":true,"href":"https:\/\/tivixiaomi.co\/en\/wp-json\/wp\/v2\/media\/65662"}],"wp:attachment":[{"href":"https:\/\/tivixiaomi.co\/en\/wp-json\/wp\/v2\/media?parent=65661"}],"wp:term":[{"taxonomy":"product_brand","embeddable":true,"href":"https:\/\/tivixiaomi.co\/en\/wp-json\/wp\/v2\/product_brand?post=65661"},{"taxonomy":"product_cat","embeddable":true,"href":"https:\/\/tivixiaomi.co\/en\/wp-json\/wp\/v2\/product_cat?post=65661"},{"taxonomy":"product_tag","embeddable":true,"href":"https:\/\/tivixiaomi.co\/en\/wp-json\/wp\/v2\/product_tag?post=65661"}],"curies":[{"name":"wp","href":"https:\/\/api.w.org\/{rel}","templated":true}]}}