{"id":66256,"date":"2022-12-24T12:51:57","date_gmt":"2022-12-24T05:51:57","guid":{"rendered":"https:\/\/tivixiaomi.co\/?post_type=product&#038;p=66256"},"modified":"2024-09-08T09:53:53","modified_gmt":"2024-09-08T02:53:53","slug":"smart-tivi-xiaomi-redmi-ai-x75-inch","status":"publish","type":"product","link":"https:\/\/tivixiaomi.co\/en\/tivi\/smart-tivi-xiaomi-redmi-ai-x75-inch\/","title":{"rendered":"Redmi Smart TV AI X75 75 inches (Gi\u00e1 \u0111\u00e3 bao g\u1ed3m g\u00f3i d\u1ecbch v\u1ee5 1 n\u0103m b\u1ea3o h\u00e0nh)"},"content":{"rendered":"<p><a href=\"https:\/\/tivixiaomi.co\/tivi\/smart-tivi-xiaomi-redmi-ai-x75-inch\/\"><strong>Smart Tivi Xiaomi Redmi AI X75 inch\u00a0<\/strong><\/a><br \/>\n<strong>Ch\u1ea5t l\u01b0\u1ee3ng h\u00ecnh \u1ea3nh 4K UHD | B\u00f9 chuy\u1ec3n \u0111\u1ed9ng MEMC | 2GB+32GB<\/strong><\/p>\n","protected":false},"excerpt":{"rendered":"<p>Ch\u1ea5t l\u01b0\u1ee3ng h\u00ecnh \u1ea3nh 4K UHD | B\u00f9 chuy\u1ec3n \u0111\u1ed9ng MEMC | 2GB+32GB<\/p>\n","protected":false},"featured_media":66257,"comment_status":"open","ping_status":"closed","template":"","meta":[],"product_brand":[],"product_cat":[27],"product_tag":[474],"class_list":{"0":"post-66256","1":"product","2":"type-product","3":"status-publish","4":"has-post-thumbnail","6":"product_cat-chua-phan-loai","7":"product_tag-smart-tivi-xiaomi-redmi-ai-x75-inch","9":"first","10":"outofstock","11":"sale","12":"shipping-taxable","13":"purchasable","14":"product-type-simple"},"_links":{"self":[{"href":"https:\/\/tivixiaomi.co\/en\/wp-json\/wp\/v2\/product\/66256"}],"collection":[{"href":"https:\/\/tivixiaomi.co\/en\/wp-json\/wp\/v2\/product"}],"about":[{"href":"https:\/\/tivixiaomi.co\/en\/wp-json\/wp\/v2\/types\/product"}],"replies":[{"embeddable":true,"href":"https:\/\/tivixiaomi.co\/en\/wp-json\/wp\/v2\/comments?post=66256"}],"version-history":[{"count":1,"href":"https:\/\/tivixiaomi.co\/en\/wp-json\/wp\/v2\/product\/66256\/revisions"}],"predecessor-version":[{"id":77323,"href":"https:\/\/tivixiaomi.co\/en\/wp-json\/wp\/v2\/product\/66256\/revisions\/77323"}],"wp:featuredmedia":[{"embeddable":true,"href":"https:\/\/tivixiaomi.co\/en\/wp-json\/wp\/v2\/media\/66257"}],"wp:attachment":[{"href":"https:\/\/tivixiaomi.co\/en\/wp-json\/wp\/v2\/media?parent=66256"}],"wp:term":[{"taxonomy":"product_brand","embeddable":true,"href":"https:\/\/tivixiaomi.co\/en\/wp-json\/wp\/v2\/product_brand?post=66256"},{"taxonomy":"product_cat","embeddable":true,"href":"https:\/\/tivixiaomi.co\/en\/wp-json\/wp\/v2\/product_cat?post=66256"},{"taxonomy":"product_tag","embeddable":true,"href":"https:\/\/tivixiaomi.co\/en\/wp-json\/wp\/v2\/product_tag?post=66256"}],"curies":[{"name":"wp","href":"https:\/\/api.w.org\/{rel}","templated":true}]}}