{"id":66268,"date":"2022-12-25T12:23:29","date_gmt":"2022-12-25T05:23:29","guid":{"rendered":"https:\/\/tivixiaomi.co\/?post_type=product&#038;p=66268"},"modified":"2024-09-03T15:19:02","modified_gmt":"2024-09-03T08:19:02","slug":"lo-nuong-dien-32l-xiaomi-mijia-mdkxde1acm-lo-thong-minh","status":"publish","type":"product","link":"https:\/\/tivixiaomi.co\/en\/tivi\/lo-nuong-dien-32l-xiaomi-mijia-mdkxde1acm-lo-thong-minh\/","title":{"rendered":"L\u00f2 n\u01b0\u1edbng \u0111i\u1ec7n 32L Xiaomi Mijia MDKXDE1ACM l\u00f2 th\u00f4ng minh"},"content":{"rendered":"<p><strong>L\u00f2 n\u01b0\u1edbng \u0111i\u1ec7n 32L Mijia MDKXDE1ACM<\/strong>\u00a0m\u1ed9t trang b\u1ecb h\u1ee3p l\u00fd cho c\u0103n b\u1ebfp c\u1ee7a m\u1ed7i gia \u0111\u00ecnh hi\u1ec7n \u0111\u1ea1i gi\u00fap b\u1ea1n d\u1ec5 d\u00e0ng ch\u1ebf bi\u1ebfn c\u00e1c m\u00f3n n\u01b0\u1edbng m\u1ed9t c\u00e1ch th\u01a1m ngon v\u00e0 nhanh ch\u00f3ng.<\/p>\n<p><a href=\"https:\/\/lh3.googleusercontent.com\/pw\/AM-JKLVfUm7u58YePPd4-BWo8FOOavKrWr6w6feWvskz2bUD_uDSTPrChFgQljxG9dFBpTGZPt7_ENa1GupUBS6lvx4liGZwpzxpQDg88xe5-J9zh9Uth0mKqY5wKt7Ep5YjN-Je1awCBLbQbo2bFVHhal0TRQ=s1920\" target=\"_blank\" rel=\"noopener\"><img decoding=\"async\" src=\"https:\/\/lh3.googleusercontent.com\/pw\/AM-JKLVfUm7u58YePPd4-BWo8FOOavKrWr6w6feWvskz2bUD_uDSTPrChFgQljxG9dFBpTGZPt7_ENa1GupUBS6lvx4liGZwpzxpQDg88xe5-J9zh9Uth0mKqY5wKt7Ep5YjN-Je1awCBLbQbo2bFVHhal0TRQ=s1920\" alt=\"\" \/><\/a><\/p>\n<p><a href=\"https:\/\/lh3.googleusercontent.com\/pw\/AM-JKLU8W3XiYMKYW5_BniDZjW4ztKH9rfJnATMQgTZ4p60F-QX-W-K_-R_EOGFkwV42vkFxIJoFdCF6LHwmv2veKh2sNfr1usl0dFyS6S4S2AXkJWK9VvgHTIeZxW7ImE3ilhj-_-XWfsiMgiR3yJA4A4pNew=w1080-h744-no?authuser=1\" target=\"_blank\" rel=\"noopener\"><img decoding=\"async\" src=\"https:\/\/lh3.googleusercontent.com\/pw\/AM-JKLU8W3XiYMKYW5_BniDZjW4ztKH9rfJnATMQgTZ4p60F-QX-W-K_-R_EOGFkwV42vkFxIJoFdCF6LHwmv2veKh2sNfr1usl0dFyS6S4S2AXkJWK9VvgHTIeZxW7ImE3ilhj-_-XWfsiMgiR3yJA4A4pNew=w1080-h744-no?authuser=1\" alt=\"\" \/><\/a><\/p>\n<h1>\u01afu \u0111i\u1ec3m L\u00f2 n\u01b0\u1edbng \u0111i\u1ec7n 32L Mijia MDKXDE1ACM<\/h1>\n<p><strong>L\u00f2 n\u01b0\u1edbng<\/strong>\u00a0\u0111\u00e3 tr\u1edf th\u00e0nh m\u1ed9t ph\u1ee5 ki\u1ec7n nh\u00e0 b\u1ebfp quen thu\u1ed9c c\u1ee7a m\u1ed7i gia \u0111\u00ecnh b\u1edfi t\u00ednh linh ho\u1ea1t, d\u1ec5 ch\u1ebf bi\u1ebfn v\u00e0 s\u1eed d\u1ee5ng. V\u00e0\u00a0<strong>Mijia MDKXDE1ACM<\/strong>\u00a0l\u00e0 phi\u00ean b\u1ea3n ho\u00e0n to\u00e0n m\u1edbi v\u1edbi dung t\u00edch l\u00ean \u0111\u1ebfn 32L \u0111i k\u00e8m kh\u1ea3 n\u0103ng ki\u1ec3m so\u00e1t, \u0111i\u1ec1u ch\u1ec9nh nhi\u1ec7t linh ho\u1ea1t. Ch\u00ednh v\u00ec v\u1eady, \u0111\u00e2y s\u1ebd l\u00e0 l\u1ef1a ch\u1ecdn h\u1ee3p l\u00fd, nh\u1ea5t l\u00e0 gia \u0111\u00ecnh c\u00f3 \u0111\u00f4ng ng\u01b0\u1eddi s\u1eed d\u1ee5ng.<\/p>\n<p><a href=\"https:\/\/lh3.googleusercontent.com\/pw\/AM-JKLWAXOrQ2r3bYlll-brxPu373MTFFs5tn5-km2lBofIxoTZ5JUHaG-xAd1nTRo_Bn-qhzlRF9UgdnP-zi0OipRkhmvK4jQChXjsEFHcZ0oQU2fhRzDoODh-yg6dzRXtROCRrA_mUhMZ7wSvfOOo3UQTOAg=s1080\" target=\"_blank\" rel=\"noopener\"><img decoding=\"async\" src=\"https:\/\/lh3.googleusercontent.com\/pw\/AM-JKLWAXOrQ2r3bYlll-brxPu373MTFFs5tn5-km2lBofIxoTZ5JUHaG-xAd1nTRo_Bn-qhzlRF9UgdnP-zi0OipRkhmvK4jQChXjsEFHcZ0oQU2fhRzDoODh-yg6dzRXtROCRrA_mUhMZ7wSvfOOo3UQTOAg=s1080\" alt=\"\" \/><\/a><\/p>\n<p><a href=\"https:\/\/lh3.googleusercontent.com\/pw\/AM-JKLV62WBoJG26ndiU_vHiiJUKzglqzhJwT2FUGmFt6gARDY_vowe1qSBoh3fPafRI6Fphvni9wpahFr8paVV6JXpsiEYZroxzTsm9CsqBvfcDwo3ybw-DFVJ_x7_-I4BaUqAs13uqv6qsoafUYDTWcL9JuA=s1920\" target=\"_blank\" rel=\"noopener\"><img decoding=\"async\" src=\"https:\/\/lh3.googleusercontent.com\/pw\/AM-JKLV62WBoJG26ndiU_vHiiJUKzglqzhJwT2FUGmFt6gARDY_vowe1qSBoh3fPafRI6Fphvni9wpahFr8paVV6JXpsiEYZroxzTsm9CsqBvfcDwo3ybw-DFVJ_x7_-I4BaUqAs13uqv6qsoafUYDTWcL9JuA=s1920\" alt=\"\" \/><\/a><\/p>\n<h2>Thi\u1ebft k\u1ebf \u0111\u01a1n gi\u1ea3n, thanh l\u1ecbch<\/h2>\n<p>V\u1ec1 thi\u1ebft k\u1ebf, t\u1ed5ng th\u1ec3\u00a0<strong>L\u00f2 n\u01b0\u1edbng \u0111i\u1ec7n 32L Mijia MDKXDE1ACM<\/strong>\u00a0v\u1eabn l\u00e0 phong c\u00e1ch tr\u1eafng \u0111\u01a1n gi\u1ea3n v\u1edbi l\u1edbp v\u1ecf ngo\u00e0i, n\u00fam \u0111i\u1ec1u ch\u1ec9nh nhi\u1ec7t v\u00e0 tay n\u1eafm c\u1eeda \u0111\u1ec1u c\u00f3 m\u00e0u tr\u1eafng. Ngo\u00e0i ra, tay n\u1eafm c\u1eeda c\u1ee7a l\u00f2 n\u01b0\u1edbng c\u00f2n \u0111\u01b0\u1ee3c n\u1edbi r\u1ed9ng gi\u00fap ng\u01b0\u1eddi d\u00f9ng c\u00f3 th\u1ec3 \u0111\u00f3ng m\u1edf d\u1ec5 d\u00e0ng h\u01a1n ngay c\u1ea3 khi \u0111eo g\u0103ng tay ch\u1ed1ng n\u00f3ng. C\u1eeda k\u00e9o v\u1edbi thi\u1ebft k\u1ebf k\u00ednh trong su\u1ed1t c\u00f3 th\u1ec3 d\u1ec5 d\u00e0ng quan s\u00e1t b\u00ean trong.<\/p>\n<p><a href=\"https:\/\/lh3.googleusercontent.com\/pw\/AM-JKLUWHPB8imqJEtNob3TY1zPY3V_Qi2srZIZpcVpipfbV2se58Q_DswjMCA-ybefn7T6-A63X5DtoCXmOL_N58wVGXytFuBfkQBWs3tdKxV_xV3-ZAneKNVeiPkXGP9VAK7mbhZV4Tt78627dAHTW4nIh0A=s1080\" target=\"_blank\" rel=\"noopener\"><img decoding=\"async\" src=\"https:\/\/lh3.googleusercontent.com\/pw\/AM-JKLUWHPB8imqJEtNob3TY1zPY3V_Qi2srZIZpcVpipfbV2se58Q_DswjMCA-ybefn7T6-A63X5DtoCXmOL_N58wVGXytFuBfkQBWs3tdKxV_xV3-ZAneKNVeiPkXGP9VAK7mbhZV4Tt78627dAHTW4nIh0A=s1080\" alt=\"\" \/><\/a><\/p>\n<p><a href=\"https:\/\/lh3.googleusercontent.com\/pw\/AM-JKLUPy02_snpnIUT6CrcEoX1IrUAj7KgKg9jBUjdWHK9KvMWdP0hXdI0xPD6WRCgogLppgr2JYKnstA1uC_UNsHB8-WbrVy3XIDILCbfEOXlS_EQiDmzdUSIBkrFDgHpb2oGNMxvBZ8Jj3ESNArLOcaYvww=s1920\" target=\"_blank\" rel=\"noopener\"><img decoding=\"async\" src=\"https:\/\/lh3.googleusercontent.com\/pw\/AM-JKLUPy02_snpnIUT6CrcEoX1IrUAj7KgKg9jBUjdWHK9KvMWdP0hXdI0xPD6WRCgogLppgr2JYKnstA1uC_UNsHB8-WbrVy3XIDILCbfEOXlS_EQiDmzdUSIBkrFDgHpb2oGNMxvBZ8Jj3ESNArLOcaYvww=s1920\" alt=\"\" \/><\/a><\/p>\n<p>N\u00fam \u0111i\u1ec1u khi\u1ec3n \u0111\u01b0\u1ee3c thi\u1ebft k\u1ebf tr\u1ef1c quan, d\u1ec5 thao t\u00e1c cho m\u1ecdi \u0111\u1ed1i t\u01b0\u1ee3ng ng\u01b0\u1eddi d\u00f9ng. \u0110\u00e8n ch\u1ed1ng ch\u00e1y n\u1ed5 \u0111\u01b0\u1ee3c t\u00edch h\u1ee3p b\u00ean trong v\u1edbi c\u00f4ng su\u1ea5t 25W gi\u00fap ng\u01b0\u1eddi d\u00f9ng c\u00f3 th\u1ec3 quan s\u00e1t s\u1ef1 thay \u0111\u1ed5i c\u1ee7a th\u1ef1c ph\u1ea9m n\u01b0\u1edbng.<\/p>\n<p><a href=\"https:\/\/lh3.googleusercontent.com\/pw\/AM-JKLWML0mdaDz_6330jcvbTZwircnSnL75maKMM5jCcBib9DlqNmJa0QiUUCe0j1mtDzyDhHzpvLPnwr69D0N2eEPkGieRr70Psp55_L9QBG4pqHPCUUZPu4WaVaVafud9qm1D4aRZXZ00Ua5sOs5WHyJ4-Q=s1920\" target=\"_blank\" rel=\"noopener\"><img decoding=\"async\" src=\"https:\/\/lh3.googleusercontent.com\/pw\/AM-JKLWML0mdaDz_6330jcvbTZwircnSnL75maKMM5jCcBib9DlqNmJa0QiUUCe0j1mtDzyDhHzpvLPnwr69D0N2eEPkGieRr70Psp55_L9QBG4pqHPCUUZPu4WaVaVafud9qm1D4aRZXZ00Ua5sOs5WHyJ4-Q=s1920\" alt=\"\" \/><\/a><\/p>\n<p><a href=\"https:\/\/lh3.googleusercontent.com\/pw\/AM-JKLWGMG7exZJdXd9r2KAPfclaKJGY5Vwoo9VwDBijPTsDmZvMaqla402zfwR1rjCJd3ptEePl-GMvxr-Wd9oXs0zZvEW__qSjUueesKYv4zGyvucWH5MHpPKnrp8TLPH9vc2h38MZqAtI1S9cka0ZDm-Sqw=w1080-h694-no?authuser=1\" target=\"_blank\" rel=\"noopener\"><img decoding=\"async\" src=\"https:\/\/lh3.googleusercontent.com\/pw\/AM-JKLWGMG7exZJdXd9r2KAPfclaKJGY5Vwoo9VwDBijPTsDmZvMaqla402zfwR1rjCJd3ptEePl-GMvxr-Wd9oXs0zZvEW__qSjUueesKYv4zGyvucWH5MHpPKnrp8TLPH9vc2h38MZqAtI1S9cka0ZDm-Sqw=w1080-h694-no?authuser=1\" alt=\"\" \/><\/a><\/p>\n<h2>Dung t\u00edch l\u1edbn, \u0111i\u1ec1u ch\u1ec9nh nhi\u1ec7t \u0111\u1ed9 v\u00f4 c\u1ea5p<\/h2>\n<p><strong>L\u00f2 n\u01b0\u1edbng Mijia MDKXDE1ACM<\/strong>\u00a0\u0111\u01b0\u1ee3c trang b\u1ecb v\u1edbi dung t\u00edch l\u00ean \u0111\u1ebfn\u00a032L, k\u1ebft h\u1ee3p v\u1edbi v\u1ec9 n\u01b0\u1edbng 3 t\u1ea7ng c\u00f3 th\u1ec3 \u0111\u00e1p \u1ee9ng nhu c\u1ea7u cho gia \u0111\u00ecnh ho\u1eb7c nh\u1eefng b\u1eefa ti\u1ec7c nh\u1ecf t\u1eeb 1-6 ng\u01b0\u1eddi.<\/p>\n<p><a href=\"https:\/\/lh3.googleusercontent.com\/pw\/AM-JKLUpbl25OB2Kp75QJNE8R1MWJrv1u5MfX5jgzksmEUGktp_IQ10miCmv-co-p2brVIWSTXTzF3DDNk9dY6yw3HDp5QHgwb1Pj8Oi_M3-E0ReJvF_3gyIXATnEC8aCqAp9iuqLoYGNoSls8TX3vDHiezfiw=s1080\" target=\"_blank\" rel=\"noopener\"><img decoding=\"async\" src=\"https:\/\/lh3.googleusercontent.com\/pw\/AM-JKLUpbl25OB2Kp75QJNE8R1MWJrv1u5MfX5jgzksmEUGktp_IQ10miCmv-co-p2brVIWSTXTzF3DDNk9dY6yw3HDp5QHgwb1Pj8Oi_M3-E0ReJvF_3gyIXATnEC8aCqAp9iuqLoYGNoSls8TX3vDHiezfiw=s1080\" alt=\"\" \/><\/a><\/p>\n<p><a href=\"https:\/\/lh3.googleusercontent.com\/pw\/AM-JKLW0uDSYKAaV59ePeNnxr-ip4ONS1fhEmkEEsJu1wqKogiEnsPuWcumJu6mowzeKxpvnRSHlFcKWj0cSnz5bwOstiavQSOU-bWeSTgSW7IpYRkg-cCqAVyy1FJsu8ZD0OMBZ-TGvsAJwK7G-YzrHsaviQg=s1920\" target=\"_blank\" rel=\"noopener\"><img decoding=\"async\" src=\"https:\/\/lh3.googleusercontent.com\/pw\/AM-JKLW0uDSYKAaV59ePeNnxr-ip4ONS1fhEmkEEsJu1wqKogiEnsPuWcumJu6mowzeKxpvnRSHlFcKWj0cSnz5bwOstiavQSOU-bWeSTgSW7IpYRkg-cCqAVyy1FJsu8ZD0OMBZ-TGvsAJwK7G-YzrHsaviQg=s1920\" alt=\"\" \/><\/a><\/p>\n<p><a href=\"https:\/\/lh3.googleusercontent.com\/pw\/AM-JKLUEnZZZprLHpQKo_P2F5eSLtgr2Jsetmd6cT4VvpGSbvQr_PW2PLvMqh8xWVVglRQalsg9wO_faxkHQdsMJBVSFBxN2Fhbq3rWZ5iOUlOu7EmSJxVZgf1OgfUeYiEqHQOhv0EomzUhXkVq-bajlSu1xCA=s1920\" target=\"_blank\" rel=\"noopener\"><img decoding=\"async\" src=\"https:\/\/lh3.googleusercontent.com\/pw\/AM-JKLUEnZZZprLHpQKo_P2F5eSLtgr2Jsetmd6cT4VvpGSbvQr_PW2PLvMqh8xWVVglRQalsg9wO_faxkHQdsMJBVSFBxN2Fhbq3rWZ5iOUlOu7EmSJxVZgf1OgfUeYiEqHQOhv0EomzUhXkVq-bajlSu1xCA=s1920\" alt=\"\" \/><\/a><\/p>\n<p>\u0110\u1eb7c bi\u1ec7t, l\u00f2 n\u01b0\u1edbng \u0111i\u1ec7n Mijia c\u00f2n c\u00f3 d\u1ea3i nhi\u1ec7t \u0111\u1ed9 r\u1ed9ng\u00a070-230 \u0111\u1ed9 C, c\u00f3 th\u1ec3 \u0111i\u1ec1u ch\u1ec9nh v\u00f4 c\u1ea5p, cho ph\u00e9p b\u1ea1n c\u00f3 th\u1ec3 t\u00f9y ch\u1ec9nh nhi\u1ec7t \u0111\u1ed9 theo t\u1eebng lo\u1ea1i th\u1ef1c ph\u1ea9m. Nhi\u1ec7t \u0111\u1ed9 l\u00ean men 40 \u0111\u1ed9 C li\u00ean t\u1ee5c kh\u00f4ng \u0111\u1ed5i, \u0111i k\u00e8m t\u00ednh n\u0103ng h\u1eb9n gi\u1edd 120 ph\u00fat gi\u00fap chi\u1ebfc\u00a0<strong>l\u00f2<\/strong>\u00a0tr\u1edf n\u00ean \u0111a n\u0103ng h\u01a1n ngo\u00e0i vi\u1ec7c n\u01b0\u1edbng th\u1ef1c ph\u1ea9m nh\u01b0 s\u1ea5y tr\u00e1i c\u00e2y kh\u00f4, l\u00e0m b\u00e1nh, r\u00e3 \u0111\u00f4ng, l\u00ean men,&#8230;c\u00f9ng c\u00e1c ch\u1ee9c n\u0103ng kh\u00e1c.<\/p>\n<p><a href=\"https:\/\/lh3.googleusercontent.com\/pw\/AM-JKLW_v4Xn1yrctaJm7leFY-UkNDflAwJlKEL39uthxfJt7w_K6gL-feaBgu9UR4Uy2vaoaUmHZtTvkn3Xk6-BEm0mWr7pbF_KhDYTRv4n7g3GBMF_ysRY8Os0NFKucHhllLvfCkcBQTH8wrVl-pYMAGeXJQ=w868-h478-no?authuser=1\" target=\"_blank\" rel=\"noopener\"><img decoding=\"async\" src=\"https:\/\/lh3.googleusercontent.com\/pw\/AM-JKLW_v4Xn1yrctaJm7leFY-UkNDflAwJlKEL39uthxfJt7w_K6gL-feaBgu9UR4Uy2vaoaUmHZtTvkn3Xk6-BEm0mWr7pbF_KhDYTRv4n7g3GBMF_ysRY8Os0NFKucHhllLvfCkcBQTH8wrVl-pYMAGeXJQ=w868-h478-no?authuser=1\" alt=\"\" \/><\/a><\/p>\n<p><a href=\"https:\/\/lh3.googleusercontent.com\/pw\/AM-JKLWosi05GxQAnazvyeQGz-3smx8lRUFHof4O-18sSoAZD_3a5z-B_TQpOLIECfdwzR5-Iqih4WinUMidlkUuaAnfga01cOClssVR3SNDS27HT3Zp65Wgk6tHj_w29171HArVCoEu2oLrmZjdPDg-edawLQ=s1920\" target=\"_blank\" rel=\"noopener\"><img decoding=\"async\" src=\"https:\/\/lh3.googleusercontent.com\/pw\/AM-JKLWosi05GxQAnazvyeQGz-3smx8lRUFHof4O-18sSoAZD_3a5z-B_TQpOLIECfdwzR5-Iqih4WinUMidlkUuaAnfga01cOClssVR3SNDS27HT3Zp65Wgk6tHj_w29171HArVCoEu2oLrmZjdPDg-edawLQ=s1920\" alt=\"\" \/><\/a><\/p>\n<p><strong>S\u1ea3n ph\u1ea9m li\u00ean quan<\/strong><\/p>\n<ul>\n<li><strong><a class=\"row-title\" href=\"https:\/\/tivixiaomi.co\/san-pham\/noi-chien-khong-dau-thong-minh-mi-smart-air-fryer-3-5l-quoc-te-maf002\/\">N\u1ed3i chi\u00ean kh\u00f4ng d\u1ea7u th\u00f4ng minh Mi Smart Air Fryer 3.5L Qu\u1ed1c T\u1ebf MAF002<\/a><\/strong><\/li>\n<\/ul>\n<h2>Ki\u1ec3m so\u00e1t nhi\u1ec7t, l\u01b0u th\u00f4ng \u0111\u1ed3ng \u0111\u1ec1u<\/h2>\n<p><em>L\u00f2 n\u01b0\u1edbng \u0111i\u1ec7n Mijia<\/em>\u00a0\u0111\u01b0\u1ee3c trang b\u1ecb c\u01a1 ch\u1ebf ki\u1ec3m so\u00e1t nhi\u1ec7t \u0111\u1ed9 l\u00ean xu\u1ed1ng \u0111\u1ed9c l\u1eadp gi\u00fap ng\u01b0\u1eddi d\u00f9ng c\u00f3 th\u1ec3 d\u1ec5 d\u00e0ng ki\u1ec3m so\u00e1t m\u00f9i v\u1ecb th\u1ee9c n\u0103ng theo \u00fd mu\u1ed1n. C\u1ee5 th\u1ec3, b\u1ea1n c\u00f3 th\u1ec3 \u0111i\u1ec1u ch\u1ec9nh nhi\u1ec7t \u0111\u1ed9 l\u00f2 n\u01b0\u1edbng tr\u00ean cao d\u01b0\u1edbi th\u1ea5p, tr\u00ean th\u1ea5p d\u01b0\u1edbi cao ho\u1eb7c c\u00f9ng nhi\u1ec7t \u0111\u1ed9 \u0111\u1ec3 ph\u00f9 h\u1ee3p h\u01a1n v\u1edbi t\u1eebng lo\u1ea1i th\u1ef1c ph\u1ea9m kh\u00e1c nhau, ki\u1ec3m so\u00e1t \u0111\u01b0\u1ee3c m\u00e0u s\u1eafc v\u00e0 m\u00f9i v\u1ecb th\u1ee9c \u0103n m\u1ec1m \u1edf tr\u00ean, gi\u00f2n \u1edf d\u01b0\u1edbi, m\u1ec1m b\u00ean trong, gi\u00f2n b\u00ean ngo\u00e0i,&#8230;<\/p>\n<p><a href=\"https:\/\/lh3.googleusercontent.com\/pw\/AM-JKLUWDc_3dmG_OJamJy-_0Vwj0WnpJa8IlbBGjJjMPZA4bRKEpEpjVbpYiipZJ72TIUyKbGTBEba2k4UUYVQhoNlf53Xy1qsIGobvGshJDwDFOYn4Z1iR9sYcMYyIrFvfBk9r4QVSaAAr_kJ4BZwiEuev7g=s2374\" target=\"_blank\" rel=\"noopener\"><img decoding=\"async\" src=\"https:\/\/lh3.googleusercontent.com\/pw\/AM-JKLUWDc_3dmG_OJamJy-_0Vwj0WnpJa8IlbBGjJjMPZA4bRKEpEpjVbpYiipZJ72TIUyKbGTBEba2k4UUYVQhoNlf53Xy1qsIGobvGshJDwDFOYn4Z1iR9sYcMYyIrFvfBk9r4QVSaAAr_kJ4BZwiEuev7g=s2374\" alt=\"\" \/><\/a><\/p>\n<p><a href=\"https:\/\/lh3.googleusercontent.com\/pw\/AM-JKLWNYMu4lGhAO6bME53h21_h7JWS3nN2-SH-mOFj2crHFEXWAFM594XvsJxVJbyGuKYuBK4-_kg9kKnn_tQmzSwQV3Et41zrCKpJ0jvdos8vbdwiP0CUUm81O2HNegqWXmpmqSO76fAeJEcMoUtvYI9DVg=s1920\" target=\"_blank\" rel=\"noopener\"><img decoding=\"async\" src=\"https:\/\/lh3.googleusercontent.com\/pw\/AM-JKLWNYMu4lGhAO6bME53h21_h7JWS3nN2-SH-mOFj2crHFEXWAFM594XvsJxVJbyGuKYuBK4-_kg9kKnn_tQmzSwQV3Et41zrCKpJ0jvdos8vbdwiP0CUUm81O2HNegqWXmpmqSO76fAeJEcMoUtvYI9DVg=s1920\" alt=\"\" \/><\/a><\/p>\n<p>\u0110\u1eb7c bi\u1ec7t c\u01a1 ch\u1ebf n\u01b0\u1edbng xoay 360 \u0111\u1ed9 c\u00f9ng kh\u1ea3 n\u0103ng l\u01b0u th\u00f4ng kh\u00f4ng kh\u00ed n\u00f3ng \u0111\u1ed3ng \u0111\u1ec1u gi\u00fap ng\u01b0\u1eddi d\u00f9ng c\u00f3 th\u1ec3 d\u1ec5 d\u00e0ng n\u01b0\u1edbng c\u00e1c lo\u1ea1i th\u1ef1c ph\u1ea9m c\u00f3 k\u00edch th\u01b0\u1edbc l\u1edbn nh\u01b0 g\u00e0 nguy\u00ean con, \u0111\u00f9i d\u00ea,&#8230; \u0111\u01b0\u1ee3c ch\u00edn \u0111\u1ec1u v\u00e0 th\u01a1m ngon h\u01a1n.<\/p>\n<p><a href=\"https:\/\/lh3.googleusercontent.com\/pw\/AM-JKLVGL8e9PgN_U-7MnhULnb7AgoebqpJq1A_HD5NmXkDF_ChkGxaOlo49EsbrbwmA5bEllafvw3yio_v32aU5TrK7ylcXZxs906In2TW600JF0YI6FWgeK7KFRH35OiFrpynLy5Tt9SNoRuEwOQ9P4JBnlA=s1080\" target=\"_blank\" rel=\"noopener\"><img decoding=\"async\" src=\"https:\/\/lh3.googleusercontent.com\/pw\/AM-JKLVGL8e9PgN_U-7MnhULnb7AgoebqpJq1A_HD5NmXkDF_ChkGxaOlo49EsbrbwmA5bEllafvw3yio_v32aU5TrK7ylcXZxs906In2TW600JF0YI6FWgeK7KFRH35OiFrpynLy5Tt9SNoRuEwOQ9P4JBnlA=s1080\" alt=\"\" \/><\/a><\/p>\n<p><a href=\"https:\/\/lh3.googleusercontent.com\/pw\/AM-JKLW-9E1n93HgFinTWOOOF756ep0uw7g34D7LRb4Kz0gKcDvCdu9meslUi1L-B-rYEQiLUtYb7S6F_IIBavRvS8Osoi_TCQImJPCOcEPDDuyRKDkaN-3FowgmUBWdYEFegXv3kwh_JcHlk5_Q5v96NL4sUw=s1920\" target=\"_blank\" rel=\"noopener\"><img decoding=\"async\" src=\"https:\/\/lh3.googleusercontent.com\/pw\/AM-JKLW-9E1n93HgFinTWOOOF756ep0uw7g34D7LRb4Kz0gKcDvCdu9meslUi1L-B-rYEQiLUtYb7S6F_IIBavRvS8Osoi_TCQImJPCOcEPDDuyRKDkaN-3FowgmUBWdYEFegXv3kwh_JcHlk5_Q5v96NL4sUw=s1920\" alt=\"\" \/><\/a><\/p>\n<p>Qu\u1ea1t l\u01b0u th\u00f4ng kh\u00f4ng kh\u00ed n\u00f3ng 3 chi\u1ec1u gi\u00fap nhi\u1ec7t \u0111\u01b0\u1ee3c l\u00e0m n\u00f3ng \u0111\u1ec1u to\u00e0n b\u1ed9 b\u00ean trong\u00a0<strong>l\u00f2 n\u01b0\u1edbng Mijia<\/strong>, \u0111\u1ea3m b\u1ea3o \u0111\u01b0\u1ee3c tr\u01b0\u1eddng nhi\u1ec7t \u0111\u1ed9 c\u00e2n b\u1eb1ng, gi\u00fap th\u1ef1c ph\u1ea9m l\u00ean m\u00e0u nhanh h\u01a1n, da gi\u00f2n v\u00e0 ch\u00ednh m\u1ec1m b\u00ean trong, tr\u00e1nh ch\u00e1y c\u1ee5c b\u1ed9.<\/p>\n<p><a href=\"https:\/\/lh3.googleusercontent.com\/pw\/AM-JKLXF2G7kfvsMjjo2IpuAoi5RUl8PLL4AXZgYDcFZ5tGT_ApY39JYtNJOylnad_lJUumrQLzpzbm-KgnJi6hC2W8aehC2dfwKtkLnAv8H-souICDOcivp1wmMqt2aUY-LV9D8ORSElBad81dQ0ZrA5R8eug=w1080-h750-no?authuser=1\" target=\"_blank\" rel=\"noopener\"><img decoding=\"async\" src=\"https:\/\/lh3.googleusercontent.com\/pw\/AM-JKLXF2G7kfvsMjjo2IpuAoi5RUl8PLL4AXZgYDcFZ5tGT_ApY39JYtNJOylnad_lJUumrQLzpzbm-KgnJi6hC2W8aehC2dfwKtkLnAv8H-souICDOcivp1wmMqt2aUY-LV9D8ORSElBad81dQ0ZrA5R8eug=w1080-h750-no?authuser=1\" alt=\"\" \/><\/a><\/p>\n<p><a href=\"https:\/\/lh3.googleusercontent.com\/pw\/AM-JKLUT1vtsv-liEnhWZSsMfHe-Mh0hpWFcWOQNtIXhjqFMj16GOOJIMwe3BeR9C8YK6GsE7r_8UALWouA-R_nLaNDYwevyurFYqGSzM3TWoXYVNdMB0F9ucfxmbIbjut3qqA8BKC6fqOuxSCFDSkpte06Zig=s1920\" target=\"_blank\" rel=\"noopener\"><img decoding=\"async\" src=\"https:\/\/lh3.googleusercontent.com\/pw\/AM-JKLUT1vtsv-liEnhWZSsMfHe-Mh0hpWFcWOQNtIXhjqFMj16GOOJIMwe3BeR9C8YK6GsE7r_8UALWouA-R_nLaNDYwevyurFYqGSzM3TWoXYVNdMB0F9ucfxmbIbjut3qqA8BKC6fqOuxSCFDSkpte06Zig=s1920\" alt=\"\" \/><\/a><\/p>\n","protected":false},"excerpt":{"rendered":"<p>Th\u1ec3 t\u00edch l\u1edbn 32L | \u0110i\u1ec1u khi\u1ec3n nhi\u1ec7t \u0111\u1ed9 tr\u00ean v\u00e0 d\u01b0\u1edbi \u0111\u1ed9c l\u1eadp | N\u0129a quay | L\u01b0u th\u00f4ng gi\u00f3 | L\u00ean men \u1edf nhi\u1ec7t \u0111\u1ed9 kh\u00f4ng \u0111\u1ed5i 40\u00b0C | H\u1eb9n gi\u1edd 120 ph\u00fat | H\u1ed7 tr\u1ee3 v\u1eadn h\u00e0nh li\u00ean t\u1ee5c kh\u00f4ng h\u1eb9n gi\u1edd<\/p>\n","protected":false},"featured_media":66269,"comment_status":"open","ping_status":"closed","template":"","meta":[],"product_brand":[],"product_cat":[759],"product_tag":[],"class_list":{"0":"post-66268","1":"product","2":"type-product","3":"status-publish","4":"has-post-thumbnail","6":"product_cat-thiet-bi-nha-bep-xiaomi","8":"first","9":"outofstock","10":"sale","11":"shipping-taxable","12":"purchasable","13":"product-type-simple"},"_links":{"self":[{"href":"https:\/\/tivixiaomi.co\/en\/wp-json\/wp\/v2\/product\/66268"}],"collection":[{"href":"https:\/\/tivixiaomi.co\/en\/wp-json\/wp\/v2\/product"}],"about":[{"href":"https:\/\/tivixiaomi.co\/en\/wp-json\/wp\/v2\/types\/product"}],"replies":[{"embeddable":true,"href":"https:\/\/tivixiaomi.co\/en\/wp-json\/wp\/v2\/comments?post=66268"}],"version-history":[{"count":1,"href":"https:\/\/tivixiaomi.co\/en\/wp-json\/wp\/v2\/product\/66268\/revisions"}],"predecessor-version":[{"id":69779,"href":"https:\/\/tivixiaomi.co\/en\/wp-json\/wp\/v2\/product\/66268\/revisions\/69779"}],"wp:featuredmedia":[{"embeddable":true,"href":"https:\/\/tivixiaomi.co\/en\/wp-json\/wp\/v2\/media\/66269"}],"wp:attachment":[{"href":"https:\/\/tivixiaomi.co\/en\/wp-json\/wp\/v2\/media?parent=66268"}],"wp:term":[{"taxonomy":"product_brand","embeddable":true,"href":"https:\/\/tivixiaomi.co\/en\/wp-json\/wp\/v2\/product_brand?post=66268"},{"taxonomy":"product_cat","embeddable":true,"href":"https:\/\/tivixiaomi.co\/en\/wp-json\/wp\/v2\/product_cat?post=66268"},{"taxonomy":"product_tag","embeddable":true,"href":"https:\/\/tivixiaomi.co\/en\/wp-json\/wp\/v2\/product_tag?post=66268"}],"curies":[{"name":"wp","href":"https:\/\/api.w.org\/{rel}","templated":true}]}}