{"id":66274,"date":"2022-12-25T12:45:21","date_gmt":"2022-12-25T05:45:21","guid":{"rendered":"https:\/\/tivixiaomi.co\/?post_type=product&#038;p=66274"},"modified":"2024-09-04T00:37:32","modified_gmt":"2024-09-03T17:37:32","slug":"den-ban-xiaomi-mi-led-1s","status":"publish","type":"product","link":"https:\/\/tivixiaomi.co\/en\/tivi\/den-ban-xiaomi-mi-led-1s\/","title":{"rendered":"\u0110\u00e8n b\u00e0n Xiaomi Mi Led 1S"},"content":{"rendered":"<p><b>V\u1edbi\u00a0\u0111\u00e8n \u0111\u1ec3 b\u00e0n Mi LED 1S, b\u1ea1n c\u00f3 th\u1ec3 th\u1eafp s\u00e1ng kh\u00f4ng gian tri th\u1ee9c c\u1ee7a m\u00ecnh b\u1eb1ng \u00e1nh s\u00e1ng ch\u1ea5t l\u01b0\u1ee3ng cao. \u0110em t\u1edbi cho b\u1ea1n v\u00e0 gia \u0111\u00ecnh m\u1ed9t th\u1ebf gi\u1edbi \u0111\u1ea7y m\u00e0u s\u1eafc s\u1ed1ng \u0111\u1ed9ng, \u1ea5n t\u01b0\u1ee3ng v\u00e0 c\u1ef1c k\u1ef3 tinh t\u1ebf. Chi\u1ebfc\u00a0\u0111\u00e8n Xiaomi649,000\u00a0n\u00e0y\u00a0c\u00f3 thi\u1ebft k\u1ebf t\u1ed1i gi\u1ea3n, g\u1ecdn g\u00e0ng h\u01a1n b\u1ea5t c\u1ee9 chi\u1ebfc \u0111\u00e8n h\u1ecdc n\u00e0o b\u1ea1n t\u1eebng th\u1ea5y.<\/b><\/p>\n<p>&nbsp;<\/p>\n<h3><b>Cung c\u1ea5p \u00e1nh s\u00e1ng \u0111\u1ed3ng \u0111\u1ec1u trong khu v\u1ef1c r\u1ed9ng<\/b><\/h3>\n<p>V\u1edbi chi\u1ec1u cao 44,5 cm v\u00e0 s\u1ea3i \u0111\u00e8n r\u1ed9ng t\u01b0\u01a1ng t\u1ef1, \u0111\u00e8n \u0111\u1ec3 b\u00e0n Mi LED 1S c\u00f3 th\u1ec3 chi\u1ebfu s\u00e1ng m\u1ed9t khu v\u1ef1c r\u1ed9ng b\u00ean d\u01b0\u1edbi v\u1edbi th\u00f4ng l\u01b0\u1ee3ng \u00e1nh s\u00e1ng \u0111\u01b0\u1ee3c c\u1ea3i ti\u1ebfn t\u1edbi 73% so v\u1edbi th\u1ebf h\u1ec7 \u0111\u00e8n \u0111\u1ec3 b\u00e0n Xiaomi \u0111\u1ea7u ti\u00ean. \u0110\u1ed9 r\u1ecdi c\u1ee7a \u0111\u00e8n \u1edf trung t\u00e2m chi\u1ebfu s\u00e1ng l\u00ean t\u1edbi 1.250 lux \u2013 cao h\u01a1n \u0111a s\u1ed1 nh\u1eefng m\u1eabu \u0111\u00e8n h\u1ecdc \u0111\u1ec3 b\u1ea1n kh\u00e1c m\u00e0 b\u1ea1n c\u00f3 th\u1ec3 t\u00ecm th\u1ea5y tr\u00ean th\u1ecb tr\u01b0\u1eddng.<\/p>\n<p>&nbsp;<\/p>\n<h3><b>Ch\u1ec9 s\u1ed1 ho\u00e0n m\u00e0u si\u00eau cao so v\u1edbi th\u1ebf h\u1ec7 tr\u01b0\u1edbc<\/b><\/h3>\n<p>\u00c1nh s\u00e1ng ph\u00e1t t\u00e1n ch\u1ea5t l\u01b0\u1ee3ng cao s\u1ebd \u0111em t\u1edbi m\u00e0u s\u1eafc s\u1ed1ng \u0111\u1ed9ng h\u01a1n cho th\u1ebf gi\u1edbi c\u1ee7a b\u1ea1n. Ch\u1ec9 s\u1ed1 ho\u00e0n m\u00e0u c\u1ee7a chi\u1ebfc \u0111\u00e8n Xiaomi Mi LED 1S l\u00ean t\u1edbi 90 RA \u2013 g\u1ea7n \u0111\u1ea1t t\u1edbi c\u1ea5p \u0111\u1ed9 t\u1ed1i \u0111a v\u00e0 \u0111\u00e1p \u1ee9ng \u0111\u01b0\u1ee3c ti\u00eau chu\u1ea9n \u00e1nh s\u00e1ng th\u00e2n thi\u1ec7n \u0111\u01b0\u1ee3c \u1ee9ng d\u1ee5ng tr\u00ean nhi\u1ec1u c\u01a1 s\u1edf y t\u1ebf hi\u1ec7n \u0111\u1ea1i kh\u1eafp to\u00e0n c\u1ea7u hi\u1ec7n nay.<\/p>\n<p>&nbsp;<\/p>\n<h3><b>S\u1eed d\u1ee5ng th\u1ea5u k\u00ednh Fresnel cho \u00e1nh s\u00e1ng \u0111\u1ed3ng \u0111\u1ec1u h\u01a1n<\/b><\/h3>\n<p>K\u1ebft c\u1ea5u thi\u1ebft l\u1eadp th\u1ea5u k\u00ednh \u0111\u1eb7c bi\u1ec7t c\u1ee7a chi\u1ebfc \u0111\u00e8n b\u00e0n Mi LED 1S \u0111\u01b0\u1ee3c Xiaomi nghi\u00ean c\u1ee9u k\u1ef9 l\u01b0\u1ee1ng \u0111\u1ec3 c\u00f3 th\u1ec3 ph\u1ea3n x\u1ea1 v\u00e0 kh\u00fac x\u1ea1 \u00e1nh s\u00e1ng m\u1ed9t c\u00e1ch t\u1ef1 nhi\u00ean, cung c\u1ea5p ch\u1ea5t l\u01b0\u1ee3ng \u00e1nh s\u00e1ng \u0111\u1ec1u v\u00e0 c\u1ef1c k\u1ef3 trung th\u1ef1c. H\u1ea1n ch\u1ebf c\u1ea3m gi\u00e1c kh\u00f3 ch\u1ecbu khi nh\u00ecn tr\u1ef1c ti\u1ebfp v\u00e0o ngu\u1ed3n s\u00e1ng m\u00e0\u00a0Mi LED 1S ph\u00e1t ra.<\/p>\n<p>&nbsp;<\/p>\n<h3><b>Kh\u00f4ng ch\u1edbp t\u1eaft \u1edf m\u1ecdi m\u1ee9c s\u00e1ng v\u00e0 nhi\u1ec7t \u0111\u1ed9 m\u00e0u<\/b><\/h3>\n<p>Nh\u1eb1m b\u1ea3o v\u1ec7 s\u1ee9c kh\u1ecfe \u0111\u00f4i m\u1eaft v\u00e0 h\u1ea1n ch\u1ebf t\u00ecnh tr\u1ea1ng nh\u1ee9c m\u1ecfi m\u1eaft khi ph\u1ea3i l\u00e0m vi\u1ec7c\/h\u1ecdc t\u1eadp li\u00ean t\u1ee5c nhi\u1ec1u ti\u1ebfng \u0111\u1ed3ng h\u1ed3 d\u01b0\u1edbi \u00e1nh s\u00e1ng \u0111\u00e8n h\u1ecdc, Mi LED 1S \u0111\u01b0\u1ee3c tinh ch\u1ec9nh \u0111\u1ec3 lo\u1ea1i b\u1ecf tri\u1ec7t \u0111\u1ec3 t\u00ecnh tr\u1ea1ng ch\u1edbp t\u1eaft li\u00ean t\u1ee5c th\u01b0\u1eddng xu\u1ea5t hi\u1ec7n tr\u00ean b\u00f3ng \u0111\u00e8n \u1ed1ng \u0111\u01b0\u1ee3c nhi\u1ec1u h\u1ed9 gia \u0111\u00ecnh s\u1eed d\u1ee5ng r\u1ed9ng r\u00e3i hi\u1ec7n nay. C\u01a1 ch\u1ebf \u0111i\u1ec1u ch\u1ebf \u0111\u1ed9 r\u1ed9ng xung (PWM) s\u1ebd ng\u0103n ng\u1eeba t\u00ecnh tr\u1ea1ng n\u00e0y x\u1ea3y ra ngay c\u1ea3 b\u1ea1n \u0111i\u1ec1u ch\u1ec9nh c\u01b0\u1eddng \u0111\u1ed9 \u00e1nh s\u00e1ng \u1edf m\u1ee9c th\u1ea5p nh\u1ea5t.<\/p>\n<p>&nbsp;<\/p>\n<h3><b>B\u1ed1n ch\u1ebf \u0111\u1ed9 chi\u1ebfu s\u00e1ng kh\u00e1c bi\u1ec7t<\/b><\/h3>\n<p>\u0110\u00e8n \u0111\u1ec3 b\u00e0n Mi LED 1S \u0111em t\u1edbi b\u1ed1n ch\u1ebf \u0111\u1ed9 chi\u1ebfu s\u00e1ng g\u1ed3m: Ch\u1ebf \u0111\u1ed9 \u0111\u1ecdc, ch\u1ebf \u0111\u1ed9 l\u00e0m vi\u1ec7c v\u1edbi m\u00e1y t\u00ednh, ch\u1ebf \u0111\u1ed9 cho tr\u1ebb v\u00e0 ch\u1ebf \u0111\u1ed9 t\u1eadp trung. \u1ede m\u1ed7i ch\u1ebf \u0111\u1ed9, Mi LED 1S l\u1ea1i cung c\u1ea5p m\u1ed9t ch\u1ebf \u0111\u1ed9 b\u1ea3o v\u1ec7 m\u1eaft t\u01b0\u01a1ng \u1ee9ng, \u0111\u1ed3ng th\u1eddi \u0111\u1ea3m b\u1ea3o c\u00e1c nhu c\u1ea7u chi\u1ebfu s\u00e1ng c\u01a1 b\u1ea3n nh\u1ea5t.<\/p>\n<p>Trong \u0111\u00f3, c\u01a1 ch\u1ebf \u201cbreathing\u201d \u0111\u1eb7c bi\u1ec7t c\u00f2n cho ph\u00e9p chi\u1ebfc \u0111\u00e8n \u0111\u1ec3 b\u00e0n n\u00e0y m\u00f4 ph\u1ecfng nh\u1ecbp \u0111i\u1ec7u \u201cth\u1edf\u201d c\u1ee7a b\u1ea1n \u0111\u1ec3 nh\u1eafn nh\u1edf ng\u01b0\u1eddi d\u00f9ng khi \u0111\u00e3 ng\u1ed3i tr\u00ean b\u00e0n h\u1ecdc qu\u00e1 l\u00e2u r\u1eb1ng \u0111\u00e3 \u0111\u1ebfn l\u00fac ngh\u1ec9 ng\u01a1i \u0111\u1ec3 tr\u00e1nh m\u1ecfi m\u1eaft v\u00e0 c\u1ea3i thi\u1ec7n hi\u1ec7u su\u1ea5t l\u00e0m vi\u1ec7c\/h\u1ecdc t\u1eadp.<\/p>\n<p>&nbsp;<\/p>\n<h3><b>\u0110i\u1ec1u khi\u1ec3n b\u1eb1ng gi\u1ecdng n\u00f3i qua tr\u1ee3 l\u00fd \u1ea3o<\/b><\/h3>\n<p>M\u1ed9t trong nh\u1eefng \u0111i\u1ec1u th\u00fa v\u1ecb \u1edf \u0111\u00e8n \u0111\u1ec3 b\u00e0n Mi LED 1S m\u00e0 c\u00e1c m\u1eabu \u0111\u00e8n b\u00e0n th\u00f4ng th\u01b0\u1eddng kh\u00e1c kh\u00f4ng c\u00f3 \u0111\u01b0\u1ee3c l\u00e0 c\u00f4ng ngh\u1ec7 t\u01b0\u01a1ng t\u00e1c v\u00e0 \u0111i\u1ec1u khi\u1ec3n qua gi\u1ecdng n\u00f3i. Chi\u1ebfc \u0111\u00e8n n\u00e0y c\u00f3 th\u1ec3 k\u1ebft n\u1ed1i v\u1edbi c\u00e1c h\u1ec7 th\u1ed1ng c\u00f3 tr\u1ee3 l\u00fd \u1ea3o n\u1ed5i ti\u1ebfng nh\u01b0\u00a0<a href=\"https:\/\/fptshop.com.vn\/tin-tuc\/thu-thuat\/tim-hieu-google-assistant-tro-ly-ao-la-gi-va-cach-su-dung-60100\" target=\"_blank\" rel=\"noopener\">Google Assistant<\/a>, Alexa hay Siri \u0111\u1ec3 cho ph\u00e9p ng\u01b0\u1eddi d\u00f9ng ra l\u1ec7nh t\u1eeb xa qua gi\u1ecdng n\u00f3i.<\/p>\n<p>&nbsp;<\/p>\n<h3><b>M\u1ed9t ph\u00edm xoay cho r\u1ea5t nhi\u1ec1u t\u00e1c v\u1ee5<\/b><\/h3>\n<p>\u0110i theo tri\u1ebft l\u00fd thi\u1ebft k\u1ebf t\u1ed1i gi\u1ea3n nh\u1ea5t c\u00f3 th\u1ec3, Mi LED 1S ch\u1ec9 c\u00f3 m\u1ed9t ph\u00edm xoay duy nh\u1ea5t \u0111\u1ec3 ng\u01b0\u1eddi d\u00f9ng \u0111i\u1ec1u khi\u1ec3n \u1edf d\u01b0\u1edbi ch\u00e2n \u0111\u00e8n. Tuy nhi\u00ean, b\u1ea1n c\u00f3 th\u1ec3 l\u00e0m r\u1ea5t nhi\u1ec1u \u0111i\u1ec1u v\u1edbi n\u00fat b\u1ea5m duy nh\u1ea5t n\u00e0y: Nh\u1ea5n m\u1ed9t l\u1ea7n \u0111\u1ec3 b\u1eadt\/t\u1eaft, xoay \u0111\u1ec3 \u0111i\u1ec1u ch\u1ec9nh c\u01b0\u1eddng \u0111\u1ed9 \u00e1nh s\u00e1ng, nh\u1ea5n v\u00e0 xoay \u0111\u1ec3 ch\u1ec9nh nhi\u1ec7t \u0111\u1ed9 m\u00e0u v\u00e0 nh\u1ea5n \u0111\u00fap hai l\u1ea7n \u0111\u1ec3 chuy\u1ec3n ch\u1ebf \u0111\u1ed9 m\u00ecnh c\u1ea7n.<\/p>\n<p>&nbsp;<\/p>\n","protected":false},"excerpt":{"rendered":"<p>Ch\u1ea5t l\u01b0\u1ee3ng \u00e1nh s\u00e1ng cao c\u1ea5p mang \u0111\u1ebfn m\u1ed9t th\u1ebf gi\u1edbi m\u00e0u s\u1eafc s\u1ed1ng \u0111\u1ed9ng h\u01a1n<\/p>\n","protected":false},"featured_media":66275,"comment_status":"open","ping_status":"closed","template":"","meta":[],"product_brand":[],"product_cat":[760],"product_tag":[],"class_list":{"0":"post-66274","1":"product","2":"type-product","3":"status-publish","4":"has-post-thumbnail","6":"product_cat-den-thong-minh-xiaomi","8":"first","9":"outofstock","10":"sale","11":"shipping-taxable","12":"purchasable","13":"product-type-simple"},"_links":{"self":[{"href":"https:\/\/tivixiaomi.co\/en\/wp-json\/wp\/v2\/product\/66274"}],"collection":[{"href":"https:\/\/tivixiaomi.co\/en\/wp-json\/wp\/v2\/product"}],"about":[{"href":"https:\/\/tivixiaomi.co\/en\/wp-json\/wp\/v2\/types\/product"}],"replies":[{"embeddable":true,"href":"https:\/\/tivixiaomi.co\/en\/wp-json\/wp\/v2\/comments?post=66274"}],"version-history":[{"count":3,"href":"https:\/\/tivixiaomi.co\/en\/wp-json\/wp\/v2\/product\/66274\/revisions"}],"predecessor-version":[{"id":70088,"href":"https:\/\/tivixiaomi.co\/en\/wp-json\/wp\/v2\/product\/66274\/revisions\/70088"}],"wp:featuredmedia":[{"embeddable":true,"href":"https:\/\/tivixiaomi.co\/en\/wp-json\/wp\/v2\/media\/66275"}],"wp:attachment":[{"href":"https:\/\/tivixiaomi.co\/en\/wp-json\/wp\/v2\/media?parent=66274"}],"wp:term":[{"taxonomy":"product_brand","embeddable":true,"href":"https:\/\/tivixiaomi.co\/en\/wp-json\/wp\/v2\/product_brand?post=66274"},{"taxonomy":"product_cat","embeddable":true,"href":"https:\/\/tivixiaomi.co\/en\/wp-json\/wp\/v2\/product_cat?post=66274"},{"taxonomy":"product_tag","embeddable":true,"href":"https:\/\/tivixiaomi.co\/en\/wp-json\/wp\/v2\/product_tag?post=66274"}],"curies":[{"name":"wp","href":"https:\/\/api.w.org\/{rel}","templated":true}]}}