{"id":66444,"date":"2023-02-01T15:28:03","date_gmt":"2023-02-01T08:28:03","guid":{"rendered":"https:\/\/tivixiaomi.co\/?post_type=product&#038;p=66444"},"modified":"2025-04-09T08:48:47","modified_gmt":"2025-04-09T01:48:47","slug":"smart-tivi-xiaomi-redmi-x86inch","status":"publish","type":"product","link":"https:\/\/tivixiaomi.co\/en\/tivi\/smart-tivi-xiaomi-redmi-x86inch\/","title":{"rendered":"Redmi Smart TV X86 2022 Series 86 inches (Gi\u00e1 \u0111\u00e3 bao g\u1ed3m g\u00f3i d\u1ecbch v\u1ee5 1 n\u0103m b\u1ea3o h\u00e0nh)"},"content":{"rendered":"<h2 style=\"text-align: left;\"><strong><a href=\"https:\/\/tivixiaomi.co\/tivi\/smart-tivi-xiaomi-redmi-x86inch\/\">Smart Tivi Xiaomi Redmi X86inch<\/a> Series <\/strong> c\u01a1n b\u00e3o m\u00e0n h\u00ecnh kh\u1ed5ng l\u1ed3 m\u1edbi<\/h2>\n<p style=\"text-align: left;\">V\u1edbi m\u00e0n h\u00ecnh l\u1edbn l\u00ean t\u1edbi 86 inches si\u00eau ph\u1ea9m <strong><a href=\"https:\/\/tivixiaomi.co\/tivi\/smart-tivi-xiaomi-redmi-x86inch\/\">Smart Tivi Xiaomi Redmi X86inch Series<\/a> <\/strong>\u00a0s\u1ebd gi\u00fap nh\u1eefng kh\u00e1ch h\u00e0ng kh\u00f3 t\u00ednh nh\u1ea5t c\u0169ng ph\u1ea3i h\u00e0i l\u00f2ng. \u0110\u00e1ng th\u1ee9c m\u1ecdi gi\u00e1c quan c\u1ee7a b\u1ea1n.<\/p>\n<p><img fetchpriority=\"high\" decoding=\"async\" class=\"aligncenter wp-image-66447 size-full\" src=\"https:\/\/tivixiaomi.co\/wp-content\/uploads\/2023\/02\/Redmi-Smart-TV-X86-2022-Series-55-inches-Gia-da-bao-gom-goi-dich-vu-1-nam-bao-hanh-1-1.jpg\" alt=\"\" width=\"2560\" height=\"1260\" \/><\/p>\n<p>M\u00e0n h\u00ecnh l\u1edbn 4K, Loa k\u00e9p \u00e2m thanh n\u1ed5i ph\u00e2n t\u00edch ch\u1ea5t l\u01b0\u1ee3ng cao DTS-HD<img decoding=\"async\" class=\"aligncenter wp-image-66448 size-full\" src=\"https:\/\/tivixiaomi.co\/wp-content\/uploads\/2023\/02\/Redmi-Smart-TV-X86-2022-Series-55-inches-Gia-da-bao-gom-goi-dich-vu-1-nam-bao-hanh-2.jpg\" alt=\"\" width=\"2560\" height=\"900\" \/><\/p>\n<p>M\u00e0n h\u00ecnh kh\u1ed5ng l\u1ed3 86 inch s\u1ebd \u0111\u01b0a b\u1ea1n \u0111\u1ebfn v\u1edbi m\u1ed9t tr\u1ea3i nghi\u1ec7m nghe nh\u00ecn ho\u00e0n to\u00e0n m\u1edbi.<\/p>\n<p><img decoding=\"async\" class=\"aligncenter wp-image-66449 size-full\" src=\"https:\/\/tivixiaomi.co\/wp-content\/uploads\/2023\/02\/Redmi-Smart-TV-X86-2022-Series-55-inches-Gia-da-bao-gom-goi-dich-vu-1-nam-bao-hanh-3.jpg\" alt=\"\" width=\"2560\" height=\"700\" \/><\/p>\n<p>Gi\u1edd \u0111\u00e2y v\u1edbi m\u00e0n h\u00ecnh kh\u1ed5ng l\u1ed3 HD 86 inch \u0111\u01b0\u1ee3c thi\u1ebft k\u1ebf tr\u00e0n vi\u1ec1n, b\u1ea1n \u0111\u00e3 c\u00f3 ngay cho m\u00ecnh m\u1ed9t r\u1ea1p chi\u1ebfu phim trong nh\u00e0.<br \/>\n<img loading=\"lazy\" decoding=\"async\" class=\"aligncenter wp-image-66450 size-full\" src=\"https:\/\/tivixiaomi.co\/wp-content\/uploads\/2023\/02\/Redmi-Smart-TV-X86-2022-Series-55-inches-Gia-da-bao-gom-goi-dich-vu-1-nam-bao-hanh-4.jpg\" alt=\"\" width=\"2560\" height=\"1417\" \/><\/p>\n<p>Ch\u1ea5t l\u01b0\u1ee3ng h\u00ecnh \u1ea3nh Ultra HD 4K s\u1ebd mang \u0111\u1ebfn nh\u1eefng tr\u1ea3i nghi\u1ec7m h\u00ecnh \u1ea3nh tinh t\u1ebf v\u00e0 s\u1eafc n\u00e9t nh\u1ea5t, v\u1edbi c\u00e1c l\u1edbp h\u00ecnh \u1ea3nh ri\u00eang bi\u1ec7t v\u00e0 hi\u1ec7u su\u1ea5t s\u00e1ng t\u1ed1i r\u00f5 r\u1ec7t.<br \/>\n<img loading=\"lazy\" decoding=\"async\" class=\"aligncenter wp-image-66451 size-full\" src=\"https:\/\/tivixiaomi.co\/wp-content\/uploads\/2023\/02\/Redmi-Smart-TV-X86-2022-Series-55-inches-Gia-da-bao-gom-goi-dich-vu-1-nam-bao-hanh-5.jpg\" alt=\"\" width=\"2560\" height=\"1776\" \/><\/p>\n<p>C\u00f4ng ngh\u1ec7 b\u00f9 chuy\u1ec3n \u0111\u1ed9ng MEMC gi\u00fap gi\u1ea3m thi\u1ec3u hi\u1ec7u qu\u1ea3 hi\u1ec7n t\u01b0\u1ee3ng gi\u1eadt h\u00ecnh v\u00e0 m\u1edd nh\u00f2e \u1ea3nh chuy\u1ec3n \u0111\u1ed9ng t\u1ed1c \u0111\u1ed9 cao. Gi\u1edd \u0111\u00e2y b\u1ea1n kh\u00f4ng c\u00f2n ph\u1ea3i lo v\u1ec1 vi\u1ec7c b\u1ecf l\u1ee1 nh\u1eefng kho\u1ea3nh kh\u1eafc tuy\u1ec7t v\u1eddi c\u1ee7a c\u00e1c th\u01b0\u1edbc phi v\u1ec1 \u0111ua xe, tr\u01b0\u1ee3t tuy\u1ebft hay \u0111\u1ea5u b\u00f3ng n\u1eefa.<br \/>\n<img loading=\"lazy\" decoding=\"async\" class=\"aligncenter wp-image-66452 size-full\" src=\"https:\/\/tivixiaomi.co\/wp-content\/uploads\/2023\/02\/Redmi-Smart-TV-X86-2022-Series-55-inches-Gia-da-bao-gom-goi-dich-vu-1-nam-bao-hanh-6.jpg\" alt=\"\" width=\"2560\" height=\"1500\" \/><\/p>\n<p>T\u00e1i hi\u1ec7n ch\u00e2n th\u1ef1c m\u00e0u s\u1eafc r\u1ef1c r\u1ee1 c\u1ee7a v\u1ea1n v\u1eadt v\u1edbi 1 t\u1ef7 m\u00e0u g\u1ed1c \u0111\u01b0\u1ee3c hi\u1ec3n th\u1ecb, mang l\u1ea1i hi\u1ec7u su\u1ea5t \u0111\u1ed9 ch\u00ednh x\u00e1c m\u00e0u cao.<br \/>\n<img loading=\"lazy\" decoding=\"async\" class=\"aligncenter wp-image-66453 size-full\" src=\"https:\/\/tivixiaomi.co\/wp-content\/uploads\/2023\/02\/Redmi-Smart-TV-X86-2022-Series-55-inches-Gia-da-bao-gom-goi-dich-vu-1-nam-bao-hanh-7.jpg\" alt=\"\" width=\"2560\" height=\"1617\" \/><\/p>\n<p>Nh\u1eadn d\u1ea1ng th\u00f4ng minh n\u1ed9i dung m\u00e0n h\u00ecnh, ki\u1ec3m so\u00e1t \u00e1nh s\u00e1ng to\u00e0n di\u1ec7n, ngay c\u1ea3 m\u00e0u \u0111en c\u1ee7a m\u00e0n \u0111\u00eam c\u0169ng tr\u1edf n\u00ean r\u00f5 r\u00e0ng h\u01a1n.<br \/>\n<img loading=\"lazy\" decoding=\"async\" class=\"aligncenter wp-image-66454 size-full\" src=\"https:\/\/tivixiaomi.co\/wp-content\/uploads\/2023\/02\/Redmi-Smart-TV-X86-2022-Series-55-inches-Gia-da-bao-gom-goi-dich-vu-1-nam-bao-hanh-8.jpg\" alt=\"\" width=\"2560\" height=\"1600\" \/><\/p>\n<p>Loa k\u00e9p v\u1edbi \u0111\u1ed9 ph\u00e2n gi\u1ea3i ch\u1ea5t l\u01b0\u1ee3ng cao DTS-HD, gi\u00fap kh\u00f4i ph\u1ee5c hi\u1ec7u \u1ee9ng \u00e2m thanh s\u1ed1ng \u0111\u1ed9ng \u0111\u1ec3 b\u1ea1n c\u1ea3m nh\u1eadn r\u00f5 \u0111\u1ebfn t\u1eebng chi ti\u1ebft nh\u01b0 \u0111ang \u1edf hi\u1ec7n tr\u01b0\u1eddng.<br \/>\n<img loading=\"lazy\" decoding=\"async\" class=\"aligncenter wp-image-66455 size-full\" src=\"https:\/\/tivixiaomi.co\/wp-content\/uploads\/2023\/02\/Redmi-Smart-TV-X86-2022-Series-55-inches-Gia-da-bao-gom-goi-dich-vu-1-nam-bao-hanh-9.jpg\" alt=\"\" width=\"1080\" height=\"960\" \/><\/p>\n<p>Thi\u1ebft k\u1ebf ch\u00fa tr\u1ecdng \u0111\u1ebfn tr\u1ea3i nghi\u1ec7m ng\u01b0\u1eddi d\u00f9ng, th\u1ec3 hi\u1ec7n t\u00ednh th\u1ea9m m\u1ef9 trong ch\u00ednh c\u0103n ph\u00f2ng c\u1ee7a b\u1ea1n.<br \/>\n<img loading=\"lazy\" decoding=\"async\" class=\"aligncenter wp-image-66456 size-full\" src=\"https:\/\/tivixiaomi.co\/wp-content\/uploads\/2023\/02\/Redmi-Smart-TV-X86-2022-Series-55-inches-Gia-da-bao-gom-goi-dich-vu-1-nam-bao-hanh-10.jpg\" alt=\"\" width=\"2560\" height=\"700\" \/><\/p>\n<p>Thi\u1ebft k\u1ebf khung kim lo\u1ea1i li\u1ec1n m\u1ea1ch c\u00f9ng thi\u1ebft k\u1ebf tr\u00e0n vi\u1ec1n gi\u00fap m\u1edf r\u1ed9ng t\u1ea7m nh\u00ecn \u0111\u1ec3 \u0111\u01b0a b\u1ea1n \u0111\u1eafm ch\u00ecm v\u00e0o t\u1eebng th\u01b0\u1edbc phim.<br \/>\n<img loading=\"lazy\" decoding=\"async\" class=\"aligncenter wp-image-66457 size-full\" src=\"https:\/\/tivixiaomi.co\/wp-content\/uploads\/2023\/02\/Redmi-Smart-TV-X86-2022-Series-55-inches-Gia-da-bao-gom-goi-dich-vu-1-nam-bao-hanh-11.jpg\" alt=\"\" width=\"2560\" height=\"1614\" \/><\/p>\n<p>V\u1ebb ngo\u00e0i b\u00f3ng lo\u00e1ng v\u1edbi k\u1ebft c\u1ea5u kim lo\u1ea1i tr\u00e1ng g\u01b0\u01a1ng nh\u01b0 t\u1ea1o n\u00ean m\u1ed9t t\u00e1c ph\u1ea9m ngh\u1ec7 thu\u1eadt sang tr\u1ecdng trong ph\u00f2ng kh\u00e1ch nh\u00e0 b\u1ea1n.<br \/>\n<img loading=\"lazy\" decoding=\"async\" class=\"aligncenter wp-image-66458 size-full\" src=\"https:\/\/tivixiaomi.co\/wp-content\/uploads\/2023\/02\/Redmi-Smart-TV-X86-2022-Series-55-inches-Gia-da-bao-gom-goi-dich-vu-1-nam-bao-hanh-12.jpg\" alt=\"\" width=\"1080\" height=\"1775\" \/><\/p>\n<p>B\u1ea1n do d\u1ef1 v\u1ec1 k\u00edch th\u01b0\u1edbc gi\u1eefa 86 inch v\u00e0 85 inch? M\u00e0n h\u00ecnh TV 86 inch r\u1ed9ng h\u01a1n 85 inch kho\u1ea3ng 13,3 inch &#8211; t\u01b0\u01a1ng \u0111\u01b0\u01a1ng m\u1ed9t m\u00e0n h\u00ecnh laptop doanh nh\u00e2n n\u00ean s\u1edf h\u1eefu t\u1ea7m nh\u00ecn r\u1ed9ng h\u01a1n. N\u1ebfu do d\u1ef1, b\u1ea1n c\u00f3 th\u1ec3 c\u00e2n nh\u1eafc mua m\u1ed9t chi\u1ebfc l\u1edbn h\u01a1n v\u1edbi c\u00f9ng m\u1ee9c gi\u00e1, nh\u01b0 v\u1eady s\u1ebd c\u1ea3i thi\u1ec7n \u0111\u01b0\u1ee3c tr\u1ea3i nghi\u1ec7m xem c\u1ee7a b\u1ea1n m\u1ed9t c\u00e1ch \u0111\u00e1ng k\u1ec3 \u0111\u1ea5y.<br \/>\n<img loading=\"lazy\" decoding=\"async\" class=\"aligncenter wp-image-66459 size-full\" src=\"https:\/\/tivixiaomi.co\/wp-content\/uploads\/2023\/02\/Redmi-Smart-TV-X86-2022-Series-55-inches-Gia-da-bao-gom-goi-dich-vu-1-nam-bao-hanh-13.jpg\" alt=\"\" width=\"2560\" height=\"1139\" \/><\/p>\n<p>&nbsp;<\/p>\n<p>Gi\u1edd \u0111\u00e2y v\u1edbi tr\u1ee3 l\u00fd \u1ea3o Xiao AI, gi\u1ecdng n\u00f3i c\u1ee7a b\u1ea1n ch\u00ednh l\u00e0 chi\u1ebfc \u0111i\u1ec1u khi\u1ec3n t\u1eeb xa. Thay v\u00ec ph\u1ea3i ng\u1ed3i b\u1ea5m c\u00e1c n\u00fat nh\u01b0 \u0111i\u1ec1u khi\u1ec3n truy\u1ec1n th\u1ed1ng, nay b\u1ea1n \u0111\u00e3 c\u00f3 th\u1ec3 t\u0103ng gi\u1ea3m \u00e2m l\u01b0\u1ee3ng hay tr\u00ecnh chi\u1ebfu n\u1ed9i dung ch\u1ec9 b\u1eb1ng m\u1ed9t c\u00e2u n\u00f3i.<br \/>\n<img loading=\"lazy\" decoding=\"async\" class=\"aligncenter wp-image-66461 size-full\" src=\"https:\/\/tivixiaomi.co\/wp-content\/uploads\/2023\/02\/Redmi-Smart-TV-X86-2022-Series-55-inches-Gia-da-bao-gom-goi-dich-vu-1-nam-bao-hanh-15.jpg\" alt=\"\" width=\"1080\" height=\"1808\" \/><\/p>\n<p>D\u1ec5 d\u00e0ng li\u00ean k\u1ebft \u0111a m\u00e0n h\u00ecnh, tr\u00ecnh chi\u1ebfu kh\u00f4ng d\u00e2y khi\u1ebfn ni\u1ec1m vui \u0111\u01b0\u1ee3c nh\u00e2n l\u00ean g\u1ea5p b\u1ed9i.<br \/>\n<img loading=\"lazy\" decoding=\"async\" class=\"aligncenter wp-image-66462 size-full\" src=\"https:\/\/tivixiaomi.co\/wp-content\/uploads\/2023\/02\/Redmi-Smart-TV-X86-2022-Series-55-inches-Gia-da-bao-gom-goi-dich-vu-1-nam-bao-hanh-16.jpg\" alt=\"\" width=\"2560\" height=\"1500\" \/><\/p>\n<p>Kh\u00f4ng bi\u1ebft n\u00ean xem g\u00ec? M\u1ed9t l\u01b0\u1ee3ng l\u1edbn n\u1ed9i dung h\u1ea5p d\u1eabn t\u1eeb nhi\u1ec1u n\u1ec1n t\u1ea3ng, v\u1edbi nh\u1eefng g\u1ee3i \u00fd th\u00f4ng minh \u0111\u01b0\u1ee3c c\u00e1 nh\u00e2n h\u00f3a, \u0111\u1ea3m b\u1ea3o s\u1ebd d\u1ec5 d\u00e0ng \u0111\u00e1p \u1ee9ng \u0111\u01b0\u1ee3c s\u1edf th\u00edch c\u1ee7a c\u1ea3 gia \u0111\u00ecnh b\u1ea1n.<br \/>\n<img loading=\"lazy\" decoding=\"async\" class=\"aligncenter wp-image-66463 size-full\" src=\"https:\/\/tivixiaomi.co\/wp-content\/uploads\/2023\/02\/Redmi-Smart-TV-X86-2022-Series-55-inches-Gia-da-bao-gom-goi-dich-vu-1-nam-bao-hanh-17.jpg\" alt=\"\" width=\"1080\" height=\"1819\" \/><\/p>\n<p>C\u00f3 k\u1ebft c\u1ea5u l\u00f5i c\u1ee9ng, gi\u1ea3i ph\u00f3ng hi\u1ec7u su\u1ea5t tuy\u1ec7t v\u1eddi<br \/>\n<img loading=\"lazy\" decoding=\"async\" class=\"aligncenter wp-image-66464 size-full\" src=\"https:\/\/tivixiaomi.co\/wp-content\/uploads\/2023\/02\/Redmi-Smart-TV-X86-2022-Series-55-inches-Gia-da-bao-gom-goi-dich-vu-1-nam-bao-hanh-18.jpg\" alt=\"\" width=\"2560\" height=\"700\" \/><\/p>\n<p>C\u1ed5ng k\u1ebft n\u1ed1i phong ph\u00fa, m\u00e1y t\u00ednh v\u00e0 loa c\u00f3 th\u1ec3 d\u1ec5 d\u00e0ng k\u1ebft n\u1ed1i t\u1ef1 do, \u0111\u00e1p \u1ee9ng nhi\u1ec1u nhu c\u1ea7u gi\u1ea3i tr\u00ed kh\u00e1c nhau.<br \/>\n<img loading=\"lazy\" decoding=\"async\" class=\"aligncenter wp-image-66466 size-full\" src=\"https:\/\/tivixiaomi.co\/wp-content\/uploads\/2023\/02\/Redmi-Smart-TV-X86-2022-Series-55-inches-Gia-da-bao-gom-goi-dich-vu-1-nam-bao-hanh-20.jpg\" alt=\"\" width=\"2560\" height=\"2486\" \/><\/p>\n<p>Thi\u1ebft k\u1ebf bao b\u00ec c\u00f3 h\u00ecnh d\u1ea1ng \u0111\u1eb7c bi\u1ec7t, \u0111\u01b0\u1ee3c ra \u0111\u1eddi \u0111\u1ec3 gi\u1ea3i quy\u1ebft v\u1ea5n \u0111\u1ec1 v\u1eadn chuy\u1ec3n trong thang m\u00e1y c\u1ee7a TV m\u00e0n h\u00ecnh l\u1edbn. Thi\u1ebft k\u1ebf g\u00f3c c\u1eaft kim c\u01b0\u01a1ng \u0111\u1ed9c \u0111\u00e1o gi\u00fap gi\u1ea3m kh\u1ed1i l\u01b0\u1ee3ng bao b\u00ec nh\u01b0ng c\u00f3 \u0111\u1ed9 b\u1ec1n v\u00e0 hi\u1ec7u qu\u1ea3 gi\u1ea3m x\u00f3c cao h\u01a1n.<br \/>\n<img loading=\"lazy\" decoding=\"async\" class=\"aligncenter wp-image-66467 size-full\" src=\"https:\/\/tivixiaomi.co\/wp-content\/uploads\/2023\/02\/Redmi-Smart-TV-X86-2022-Series-55-inches-Gia-da-bao-gom-goi-dich-vu-1-nam-bao-hanh-21.jpg\" alt=\"\" width=\"2560\" height=\"1033\" \/><\/p>\n<p>D\u1ecbch v\u1ee5 l\u1eafp \u0111\u1eb7t c\u00e1 nh\u00e2n h\u00f3a, bao g\u1ed3m c\u1ea3 d\u1ea1ng treo t\u01b0\u1eddng v\u00e0 d\u1ea1ng ch\u00e2n \u0111\u1ebf.<br \/>\n<img loading=\"lazy\" decoding=\"async\" class=\"aligncenter wp-image-66470 size-full\" src=\"https:\/\/tivixiaomi.co\/wp-content\/uploads\/2023\/02\/20.jpg\" alt=\"\" width=\"2560\" height=\"1021\" \/><\/p>\n","protected":false},"excerpt":{"rendered":"<ul>\n<li>D\u00f2ng X 2022 Series<\/li>\n<li>M\u00e0n h\u00ecnh: 4K<\/li>\n<li>RAM: 2GB<\/li>\n<li>Dung l\u01b0\u1ee3ng: 16GB<\/li>\n<\/ul>\n","protected":false},"featured_media":66474,"comment_status":"open","ping_status":"closed","template":"","meta":[],"product_brand":[],"product_cat":[440],"product_tag":[473],"class_list":{"0":"post-66444","1":"product","2":"type-product","3":"status-publish","4":"has-post-thumbnail","6":"product_cat-85inch-100-inch","7":"product_tag-smart-tivi-xiaomi-redmi-x86inch","9":"first","10":"outofstock","11":"sale","12":"shipping-taxable","13":"purchasable","14":"product-type-simple"},"_links":{"self":[{"href":"https:\/\/tivixiaomi.co\/en\/wp-json\/wp\/v2\/product\/66444"}],"collection":[{"href":"https:\/\/tivixiaomi.co\/en\/wp-json\/wp\/v2\/product"}],"about":[{"href":"https:\/\/tivixiaomi.co\/en\/wp-json\/wp\/v2\/types\/product"}],"replies":[{"embeddable":true,"href":"https:\/\/tivixiaomi.co\/en\/wp-json\/wp\/v2\/comments?post=66444"}],"version-history":[{"count":1,"href":"https:\/\/tivixiaomi.co\/en\/wp-json\/wp\/v2\/product\/66444\/revisions"}],"predecessor-version":[{"id":77324,"href":"https:\/\/tivixiaomi.co\/en\/wp-json\/wp\/v2\/product\/66444\/revisions\/77324"}],"wp:featuredmedia":[{"embeddable":true,"href":"https:\/\/tivixiaomi.co\/en\/wp-json\/wp\/v2\/media\/66474"}],"wp:attachment":[{"href":"https:\/\/tivixiaomi.co\/en\/wp-json\/wp\/v2\/media?parent=66444"}],"wp:term":[{"taxonomy":"product_brand","embeddable":true,"href":"https:\/\/tivixiaomi.co\/en\/wp-json\/wp\/v2\/product_brand?post=66444"},{"taxonomy":"product_cat","embeddable":true,"href":"https:\/\/tivixiaomi.co\/en\/wp-json\/wp\/v2\/product_cat?post=66444"},{"taxonomy":"product_tag","embeddable":true,"href":"https:\/\/tivixiaomi.co\/en\/wp-json\/wp\/v2\/product_tag?post=66444"}],"curies":[{"name":"wp","href":"https:\/\/api.w.org\/{rel}","templated":true}]}}