{"id":67417,"date":"2023-06-13T10:56:02","date_gmt":"2023-06-13T03:56:02","guid":{"rendered":"https:\/\/tivixiaomi.co\/?post_type=product&#038;p=67417"},"modified":"2024-09-09T21:45:36","modified_gmt":"2024-09-09T14:45:36","slug":"dieu-hoa-cay-2-chieu-inverter-xiaomi-kfr-51lw-n1a3-18-000-btu","status":"publish","type":"product","link":"https:\/\/tivixiaomi.co\/en\/tivi\/dieu-hoa-cay-2-chieu-inverter-xiaomi-kfr-51lw-n1a3-18-000-btu\/","title":{"rendered":"\u0110i\u1ec1u h\u00f2a c\u00e2y 2 chi\u1ec1u Inverter Xiaomi KFR- 51LW\/N1A3 &#8211; 18.000 BTU"},"content":{"rendered":"<h2>\u0110i\u1ec1u h\u00f2a th\u00e2n \u0111\u1ee9ng 2 chi\u1ec1u Xiaomi Inverter &#8211; \u0110i\u1ec1u h\u00f2a si\u00eau ti\u1ebft ki\u1ec7m \u0111i\u1ec7n hi\u1ec7u n\u0103ng c\u1ea5p 3 m\u1edbi<\/h2>\n<p><img fetchpriority=\"high\" decoding=\"async\" class=\"aligncenter wp-image-67509 size-full\" src=\"https:\/\/tivixiaomi.co\/wp-content\/uploads\/2023\/06\/1-1.jpg\" alt=\"\" width=\"1080\" height=\"1675\" \/><\/p>\n<p><img decoding=\"async\" class=\"aligncenter wp-image-67510 size-full\" src=\"https:\/\/tivixiaomi.co\/wp-content\/uploads\/2023\/06\/2-1.jpg\" alt=\"\" width=\"1080\" height=\"2074\" \/><\/p>\n<p>Nh\u1edd t\u00edch h\u1ee3p b\u1ed9 trao \u0111\u1ed5i nhi\u1ec7t di\u1ec7n t\u00edch l\u1edbn c\u00f9ng qu\u1ea1t gi\u00f3 ch\u00e9o \u0111\u01b0\u1eddng k\u00ednh l\u1edbn, gi\u1edd \u0111\u00e2y b\u1ea1n \u0111\u00e3 kh\u00f4ng c\u00f2n ph\u1ea3i ch\u1edd \u0111\u1ee3i qu\u00e1 l\u00e2u \u0111\u1ec3 c\u00f3 th\u1ec3 t\u1eadn h\u01b0\u1edfng nhi\u1ec7t \u0111\u1ed9 d\u1ec5 ch\u1ecbu trong nh\u1eefng ng\u00e0y h\u00e8 oi b\u1ee9c hay gi\u1eefa tr\u1eddi \u0111\u00f4ng l\u1ea1nh gi\u00e1.<br \/>\n<img decoding=\"async\" class=\"aligncenter wp-image-67494 size-full\" src=\"https:\/\/tivixiaomi.co\/wp-content\/uploads\/2023\/06\/3-1.jpg\" alt=\"\" width=\"1080\" height=\"1031\" \/><\/p>\n<p><img loading=\"lazy\" decoding=\"async\" class=\"aligncenter wp-image-67495 size-full\" src=\"https:\/\/tivixiaomi.co\/wp-content\/uploads\/2023\/06\/4-1.jpg\" alt=\"\" width=\"1080\" height=\"1737\" \/><\/p>\n<p>V\u1edbi c\u1eeda tho\u00e1t kh\u00ed th\u1eb3ng \u0111\u1ee9ng 94cm c\u00f9ng qu\u1ea1t gi\u00f3, \u0111\u01b0\u1eddng gi\u00f3 v\u00e0 \u1ed1ng d\u1eabn kh\u00ed \u0111\u01b0\u1ee3c t\u1ed1i \u01b0u h\u00f3a thi\u1ebft k\u1ebf, kh\u00f4ng ch\u1ec9 \u0111\u1ea3m b\u1ea3o cung c\u1ea5p kh\u00f4ng kh\u00ed m\u01b0\u1ee3t h\u01a1n m\u00e0 c\u00f2n gi\u1ea3m ti\u1ebfng \u1ed3n hi\u1ec7u qu\u1ea3. Mang t\u1edbi c\u1ea3m gi\u00e1c tho\u1ea3i m\u00e1i cho m\u1ecdi ng\u00f3c ng\u00e1ch trong ph\u00f2ng m\u00e0 kh\u00f4ng l\u00e0m phi\u1ec1n t\u1edbi kho\u1ea3nh kh\u1eafc t\u0129nh l\u1eb7ng c\u1ee7a b\u1ea1n.<\/p>\n<p><img loading=\"lazy\" decoding=\"async\" class=\"aligncenter wp-image-67496 size-full\" src=\"https:\/\/tivixiaomi.co\/wp-content\/uploads\/2023\/06\/5-1.jpg\" alt=\"\" width=\"1080\" height=\"1719\" \/><\/p>\n<p>L\u00e0 m\u1ed9t chi\u1ebfc \u0111i\u1ec1u h\u00f2a &#8220;\u01b0a s\u1ea1ch s\u1ebd&#8221;, Xiaomi Inverter c\u00f3 th\u1ec3 th\u1ef1c hi\u1ec7n t\u1ef1 l\u00e0m s\u1ea1ch nhi\u1ec1u l\u1ea7n \u0111\u1ec3 b\u1ea1n y\u00ean t\u00e2m s\u1eed d\u1ee5ng h\u01a1n. Ngo\u00e0i ra s\u1ea3n ph\u1ea9m c\u00f2n c\u00f3 ch\u1ee9c n\u0103ng nh\u1eafc nh\u1edf th\u00f4ng minh khi m\u00e0ng l\u1ecdc b\u1ecb t\u1eafc ngh\u1ebdn, gi\u00fap b\u1ea3o v\u1ec7 s\u1ee9c kh\u1ecfe to\u00e0n di\u1ec7n c\u1ee7a b\u1ea1n v\u00e0 c\u1ea3 gia \u0111\u00ecnh.<img loading=\"lazy\" decoding=\"async\" class=\"aligncenter wp-image-67497 size-full\" src=\"https:\/\/tivixiaomi.co\/wp-content\/uploads\/2023\/06\/6-1.jpg\" alt=\"\" width=\"1080\" height=\"1033\" \/><\/p>\n<p><img loading=\"lazy\" decoding=\"async\" class=\"aligncenter wp-image-67498 size-full\" src=\"https:\/\/tivixiaomi.co\/wp-content\/uploads\/2023\/06\/7-1.jpg\" alt=\"\" width=\"1080\" height=\"1894\" \/><\/p>\n<p>Hi\u1ec7u \u0111i\u1ec7n n\u0103ng c\u1ea5p 3 m\u1edbi &#8211; Ti\u1ebft ki\u1ec7m l\u00ean \u0111\u1ebfn 4,9% l\u01b0\u1ee3ng \u0111i\u1ec7n n\u0103ng m\u1ed9t n\u0103m so v\u1edbi \u0111i\u1ec1u h\u00f2a 2HP c\u1ea5p 3 c\u0169. Kh\u00f4ng ch\u1ec9 v\u1eady, m\u00e1y n\u00e9n DC Inverter v\u1edbi rotor b\u1eb1ng nam ch\u00e2m v\u0129nh c\u1eedu \u0111\u1ea5t hi\u1ebfm c\u00f2n gi\u00fap \u0111i\u1ec1u h\u00f2a v\u1eadn h\u00e0nh \u1ed5n \u0111\u1ecbnh, ti\u1ebft ki\u1ec7m \u0111i\u1ec7n v\u00e0 n\u0103ng l\u01b0\u1ee3ng h\u01a1n so v\u1edbi \u0111i\u1ec1u h\u00f2a th\u00f4ng th\u01b0\u1eddng.<\/p>\n<p><img loading=\"lazy\" decoding=\"async\" class=\"aligncenter wp-image-67499 size-full\" src=\"https:\/\/tivixiaomi.co\/wp-content\/uploads\/2023\/06\/8-1.jpg\" alt=\"\" width=\"1080\" height=\"1041\" \/><\/p>\n<p><img loading=\"lazy\" decoding=\"async\" class=\"aligncenter wp-image-67500 size-full\" src=\"https:\/\/tivixiaomi.co\/wp-content\/uploads\/2023\/06\/9-1-scaled.jpg\" alt=\"\" width=\"1070\" height=\"2560\" \/><\/p>\n<p>H\u00e3y \u0111\u1ec3 cu\u1ed9c s\u00f4ng th\u00eam ph\u1ea7n gi\u1ea3n \u0111\u01a1n v\u1edbi \u0111i\u1ec1u h\u00f2a th\u00e2n \u0111\u1ee9ng 2 chi\u1ec1u Xiaomi Inverter.<\/p>\n<p><img loading=\"lazy\" decoding=\"async\" class=\"aligncenter wp-image-67501 size-full\" src=\"https:\/\/tivixiaomi.co\/wp-content\/uploads\/2023\/06\/10-1.jpg\" alt=\"\" width=\"1080\" height=\"1012\" \/><\/p>\n<p>\u0110i\u1ec1u h\u00f2a t\u1ee7 \u0111\u1ee9ng Xiaomi s\u1ebd truy c\u1eadp v\u00e0o h\u1ec7 sinh th\u00e1i li\u00ean k\u1ebft to\u00e0n ng\u00f4i nh\u00e0, m\u1edf ra phong c\u00e1ch s\u1ed1ng m\u1edbi ng\u1eadp tr\u00e0n c\u1ea3m gi\u00e1c c\u00f4ng ngh\u1ec7 khi c\u00e1c thi\u1ebft b\u1ecb gia d\u1ee5ng gi\u1edd \u0111\u00e2y \u0111\u1ec1u c\u00f3 th\u1ec3 &#8220;hi\u1ec3u&#8221; \u0111\u01b0\u1ee3c l\u1eddi b\u1ea1n n\u00f3i.<\/p>\n<p><img loading=\"lazy\" decoding=\"async\" class=\"aligncenter wp-image-67502 size-full\" src=\"https:\/\/tivixiaomi.co\/wp-content\/uploads\/2023\/06\/11-1.jpg\" alt=\"\" width=\"1080\" height=\"1716\" \/><\/p>\n<p>Ch\u1ec9 v\u1edbi m\u1ed9t chi\u1ebfc \u0111i\u1ec7n tho\u1ea1i trong tay, b\u1ea1n \u0111\u00e3 c\u00f3 th\u1ec3 tho\u1ea3i m\u00e1i \u0111i\u1ec1u ch\u1ec9nh \u0111i\u1ec1u h\u00f2a t\u1eeb xa m\u00e0 kh\u00f4ng c\u00f2n ph\u1ea3i t\u1ed1n qu\u00e1 nhi\u1ec1u th\u1eddi gian ch\u1edd \u0111\u1ee3i.<\/p>\n<p><img loading=\"lazy\" decoding=\"async\" class=\"aligncenter wp-image-67503 size-full\" src=\"https:\/\/tivixiaomi.co\/wp-content\/uploads\/2023\/06\/12-1.jpg\" alt=\"\" width=\"1080\" height=\"1967\" \/><\/p>\n<p>V\u1edbi ch\u1ee9c n\u0103ng h\u1ed7 tr\u1ee3 loa Xiao AI, gi\u1edd \u0111\u00e2y ch\u1ec9 c\u1ea7n m\u1ed9t c\u00e2u n\u00f3i l\u00e0 b\u1ea1n s\u1ebd c\u00f3 th\u1ec3 ngay l\u1eadp t\u1ee9c \u0111i\u1ec1u ch\u1ec9nh v\u1ec1 nhi\u1ec7t \u0111\u1ed9 m\u00ecnh mong mu\u1ed1n.<\/p>\n<p><img loading=\"lazy\" decoding=\"async\" class=\"aligncenter wp-image-67504 size-full\" src=\"https:\/\/tivixiaomi.co\/wp-content\/uploads\/2023\/06\/13-1.jpg\" alt=\"\" width=\"1080\" height=\"1464\" \/><\/p>\n<p>\u0110i\u1ec1u h\u00f2a th\u00e2n \u0111\u1ee9ng Xiaomi Inverter s\u1edf h\u1eefu th\u00e2n m\u00e1y tr\u1ee5 tr\u00f2n nh\u1ecf g\u1ecdn nh\u01b0ng hi\u1ec7u n\u0103ng l\u1ea1i v\u00f4 c\u00f9ng m\u1ea1nh m\u1ebd, gi\u00fap b\u1ea1n gi\u1ea3i ph\u00f3ng nhi\u1ec1u kh\u00f4ng gian h\u01a1n. Kh\u00f4ng ch\u1ec9 v\u1eady nh\u1edd thi\u1ebft k\u1ebf t\u1ed1i gi\u1ea3n, s\u1ea3n ph\u1ea9m r\u1ea5t d\u1ec5 d\u00e0ng h\u00f2a h\u1ee3p v\u00e0 khi\u1ebfn ng\u00f4i nh\u00e0 c\u1ee7a b\u1ea1n tr\u1edf n\u00ean thanh l\u1ecbch, sang tr\u1ecdng h\u01a1n bao gi\u1edd h\u1ebft.<\/p>\n<p><img loading=\"lazy\" decoding=\"async\" class=\"aligncenter wp-image-67505 size-full\" src=\"https:\/\/tivixiaomi.co\/wp-content\/uploads\/2023\/06\/14-1.jpg\" alt=\"\" width=\"1080\" height=\"1040\" \/><\/p>\n<p><img loading=\"lazy\" decoding=\"async\" class=\"aligncenter wp-image-67506 size-full\" src=\"https:\/\/tivixiaomi.co\/wp-content\/uploads\/2023\/06\/15-1.jpg\" alt=\"\" width=\"1080\" height=\"1662\" \/><\/p>\n<p>L\u00e0 m\u1ed9t chi\u1ebfc \u0111i\u1ec1u h\u00f2a &#8220;chu \u0111\u00e1o&#8221;, c\u00e1c ch\u1ee9c n\u0103ng c\u1ee7a \u0111i\u1ec1u h\u00f2a th\u00e2n \u0111\u1ee9ng Xiaomi \u0111\u1ea3m b\u1ea3o s\u1ebd ch\u0103m s\u00f3c t\u1edbi t\u1eebng chi ti\u1ebft trong cu\u1ed9c s\u1ed1ng c\u1ee7a b\u1ea1n.<\/p>\n<p><img loading=\"lazy\" decoding=\"async\" class=\"aligncenter wp-image-67507 size-full\" src=\"https:\/\/tivixiaomi.co\/wp-content\/uploads\/2023\/06\/16-1.jpg\" alt=\"\" width=\"1079\" height=\"899\" \/><\/p>\n<p><img loading=\"lazy\" decoding=\"async\" class=\"aligncenter wp-image-67508 size-full\" src=\"https:\/\/tivixiaomi.co\/wp-content\/uploads\/2023\/06\/17-1.jpg\" alt=\"\" width=\"1159\" height=\"707\" \/><\/p>\n","protected":false},"excerpt":{"rendered":"<ul>\n<li>L\u1ed7i l\u00e0 \u0111\u1ed5i m\u1edbi trong\u00a0101 ng\u00e0y\u00a0t\u1eadn nh\u00e0<\/li>\n<li>\u0110\u1ed5i tr\u1ea3 v\u00e0 b\u1ea3o h\u00e0nh c\u1ef1c d\u1ec5\u00a0ch\u1ec9 c\u1ea7n s\u1ed1 \u0111i\u1ec7n tho\u1ea1i<\/li>\n<li>B\u1ea3o h\u00e0nh m\u00e1y l\u1ea1nh 1 n\u0103m, c\u00f3 ng\u01b0\u1eddi \u0111\u1ebfn l\u1ea5y t\u1eadn nh\u00e0<\/li>\n<\/ul>\n","protected":false},"featured_media":77544,"comment_status":"closed","ping_status":"closed","template":"","meta":[],"product_brand":[],"product_cat":[796,797,798],"product_tag":[799],"class_list":{"0":"post-67417","1":"product","2":"type-product","3":"status-publish","4":"has-post-thumbnail","6":"product_cat-may-lanh-xiaomi-thiet-bi-moi-truong-xiaomi","7":"product_cat-18000-btu-20-30m2","8":"product_cat-viomi-5g-iot-home","9":"product_tag-dieu-hoa-cay-2-chieu-inverter-xiaomi-kfr-51lw-n1a3-18-000-btu","11":"first","12":"instock","13":"sale","14":"shipping-taxable","15":"purchasable","16":"product-type-simple"},"_links":{"self":[{"href":"https:\/\/tivixiaomi.co\/en\/wp-json\/wp\/v2\/product\/67417"}],"collection":[{"href":"https:\/\/tivixiaomi.co\/en\/wp-json\/wp\/v2\/product"}],"about":[{"href":"https:\/\/tivixiaomi.co\/en\/wp-json\/wp\/v2\/types\/product"}],"replies":[{"embeddable":true,"href":"https:\/\/tivixiaomi.co\/en\/wp-json\/wp\/v2\/comments?post=67417"}],"version-history":[{"count":2,"href":"https:\/\/tivixiaomi.co\/en\/wp-json\/wp\/v2\/product\/67417\/revisions"}],"predecessor-version":[{"id":77546,"href":"https:\/\/tivixiaomi.co\/en\/wp-json\/wp\/v2\/product\/67417\/revisions\/77546"}],"wp:featuredmedia":[{"embeddable":true,"href":"https:\/\/tivixiaomi.co\/en\/wp-json\/wp\/v2\/media\/77544"}],"wp:attachment":[{"href":"https:\/\/tivixiaomi.co\/en\/wp-json\/wp\/v2\/media?parent=67417"}],"wp:term":[{"taxonomy":"product_brand","embeddable":true,"href":"https:\/\/tivixiaomi.co\/en\/wp-json\/wp\/v2\/product_brand?post=67417"},{"taxonomy":"product_cat","embeddable":true,"href":"https:\/\/tivixiaomi.co\/en\/wp-json\/wp\/v2\/product_cat?post=67417"},{"taxonomy":"product_tag","embeddable":true,"href":"https:\/\/tivixiaomi.co\/en\/wp-json\/wp\/v2\/product_tag?post=67417"}],"curies":[{"name":"wp","href":"https:\/\/api.w.org\/{rel}","templated":true}]}}