{"id":67555,"date":"2023-07-07T12:33:37","date_gmt":"2023-07-07T05:33:37","guid":{"rendered":"https:\/\/tivixiaomi.co\/?post_type=product&#038;p=67555"},"modified":"2024-09-05T12:52:01","modified_gmt":"2024-09-05T05:52:01","slug":"tivi-xiaomi-a-pro-55-inch","status":"publish","type":"product","link":"https:\/\/tivixiaomi.co\/en\/tivi\/tivi-xiaomi-a-pro-55-inch\/","title":{"rendered":"Tivi Xiaomi A Pro 55 inch (Gi\u00e1 \u0111\u00e3 bao g\u1ed3m thu\u1ebf gi\u00e1 tr\u1ecb gia t\u0103ng v\u00e0 g\u00f3i d\u1ecbch v\u1ee5 2 n\u0103m b\u1ea3o h\u00e0nh)"},"content":{"rendered":"<h2 class=\"card-title\">\u0110\u1eb7c \u0111i\u1ec3m n\u1ed5i b\u1eadt c\u1ee7a Tivi Xiaomi A Pro 55 inch<\/h2>\n<div class=\"card-body\">\n<div class=\"st-pd-content\">\n<p><b>T\u1eadn h\u01b0\u1edfng tr\u1ea3i nghi\u1ec7m gi\u1ea3i tr\u00ed cao c\u1ea5p v\u00e0 sang tr\u1ecdng trong kh\u00f4ng gian s\u1ed1ng c\u1ee7a gia \u0111\u00ecnh b\u1ea1n v\u1edbi <a href=\"https:\/\/tivixiaomi.co\/tivi\/tivi-xiaomi-a-pro-55-inch\/\">Tivi Xiaomi A Pro 55 inch<\/a>. S\u1ea3n ph\u1ea9m s\u1ebd tr\u00ecnh di\u1ec5n tr\u01b0\u1edbc m\u1eaft ng\u01b0\u1eddi d\u00f9ng nh\u1eefng khu\u00f4n h\u00ecnh m\u00e3n nh\u00e3n v\u1edbi t\u1ea5m n\u1ec1n 55 inch \u0111\u1ed9 ph\u00e2n gi\u1ea3i 4K. H\u1ec7 th\u1ed1ng \u00e2m thanh c\u1ee7a thi\u1ebft b\u1ecb \u0111\u01b0\u1ee3c t\u1ed1i \u01b0u b\u1edfi DTS-X v\u00e0 DTS Virtual:X, mang t\u1edbi c\u1ea3m nh\u1eadn tr\u1ecdn v\u1eb9n c\u1ea3 v\u1ec1 nghe v\u00e0 nh\u00ecn.<\/b><\/p>\n<h3><b>T\u1eadn h\u01b0\u1edfng nh\u1eefng ph\u00fat gi\u00e2y gi\u1ea3i tr\u00ed tuy\u1ec7t v\u1eddi<\/b><\/h3>\n<p>Tivi Xiaomi A Pro 55 inch 4K t\u1ea1o n\u00ean tr\u1ea3i nghi\u1ec7m xem phim th\u01b0 gi\u00e3n, tho\u1ea3i m\u00e1i v\u1ec1 m\u1eb7t tinh th\u1ea7n sau nh\u1eefng gi\u1edd l\u00e0m vi\u1ec7c c\u0103ng th\u1eb3ng. S\u1ea3n ph\u1ea9m mang \u0111\u1ebfn nh\u1eefng tr\u1ea3i nghi\u1ec7m h\u00ecnh \u1ea3nh ch\u00e2n th\u1ef1c, r\u00f5 n\u00e9t, gi\u00fap ng\u01b0\u1eddi xem \u00edt b\u1ecb m\u1ecfi m\u1eaft khi xem c\u00e1c ch\u01b0\u01a1ng tr\u00ecnh gi\u1ea3i tr\u00ed, nh\u1eefng b\u1ed9 phim y\u00eau th\u00edch. V\u1edbi h\u1ec7 th\u1ed1ng \u00e2m thanh s\u1ed1ng \u0111\u1ed9ng, b\u1ea1n c\u00f3 th\u1ec3 b\u1eadt c\u00e1c b\u00e0i t\u1eadp th\u1ec3 d\u1ee5c &#8211; th\u1ec3 thao tr\u00ean tivi \u0111\u1ec3 t\u1ea1o ngu\u1ed3n c\u1ea3m h\u1ee9ng t\u1eadp luy\u1ec7n n\u00e2ng cao s\u1ee9c kh\u1ecfe.<\/p>\n<p><img decoding=\"async\" id=\"Xiaomi TV A Pro 55 11\" class=\"\" src=\"https:\/\/images.fpt.shop\/unsafe\/filters:quality(90)\/fptshop.com.vn\/Uploads\/images\/2015\/Tin-Tuc\/Hoa\/012018\/02manhinhfullview\/xiaomi-tv-a-pro-55-1.jpg\" alt=\"Xiaomi TV A Pro 55 1\" \/><\/p>\n<h3><b>C\u1ea5u tr\u00fac vi\u1ec1n si\u00eau m\u1ecfng \u1ea5n t\u01b0\u1ee3ng<\/b><\/h3>\n<p>Tivi Xiaomi A Pro 55 inch ghi \u0111i\u1ec3m ngay t\u1eeb thi\u1ebft k\u1ebf b\u00ean ngo\u00e0i v\u1edbi ph\u1ea7n vi\u1ec1n bao quanh t\u1ea5m n\u1ec1n \u0111\u01b0\u1ee3c l\u00e0m si\u00eau m\u1ecfng, \u0111em l\u1ea1i t\u1ec9 l\u1ec7 m\u00e0n h\u00ecnh tr\u00ean th\u00e2n m\u00e1y v\u01b0\u1ee3t xa c\u00e1c d\u00f2ng TV ti\u00eau chu\u1ea9n kh\u00e1c. Khi m\u00e0 ranh gi\u1edbi c\u1ee7a h\u00ecnh \u1ea3nh g\u1ea7n nh\u01b0 bi\u1ebfn m\u1ea5t, b\u1ea1n s\u1ebd d\u1ec5 d\u00e0ng t\u1eadp trung h\u01a1n v\u00e0o n\u1ed9i dung m\u00e0 <a href=\"https:\/\/tivixiaomi.co\/\">TV Xiaomi<\/a>\u00a0\u0111ang hi\u1ec3n th\u1ecb, \u0111\u1ed3ng th\u1eddi t\u1ed1i \u01b0u h\u00f3a t\u00ednh th\u1ea9m m\u1ef9 khi nh\u00ecn ng\u1eafm v\u00e0 quan s\u00e1t kh\u00f4ng gian m\u00e0n h\u00ecnh.<\/p>\n<p><img decoding=\"async\" class=\"\" src=\"https:\/\/images.fpt.shop\/unsafe\/filters:quality(90)\/fptshop.com.vn\/Uploads\/images\/2015\/Tin-Tuc\/Hoa\/012018\/02manhinhfullview\/xiaomi-tv-a-pro-55-2.jpg\" alt=\"Xiaomi TV A Pro 55 2\" \/><\/p>\n<h3><b>Thi\u1ebft k\u1ebf nguy\u00ean kh\u1ed1i v\u00e0 khung v\u1ecf kim lo\u1ea1i<\/b><\/h3>\n<p>Xiaomi \u0111\u00e3 \u0111\u1ea7u t\u01b0 m\u1ea1nh m\u1ebd v\u00e0o quy tr\u00ecnh thi\u1ebft k\u1ebf v\u00e0 ho\u00e0n thi\u1ec7n cho s\u1ea3n ph\u1ea9m Xiaomi TV A Pro 55\u2033. To\u00e0n b\u1ed9 ph\u1ea7n khung kim lo\u1ea1i \u0111\u1ec1u \u0111\u01b0\u1ee3c l\u00e0m nguy\u00ean kh\u1ed1i \u0111\u1ec3 bao b\u1ecdc h\u1ec7 th\u1ed1ng linh ki\u1ec7n b\u00ean trong. S\u1ea3n ph\u1ea9m th\u1ec3 hi\u1ec7n ch\u1ea5t l\u01b0\u1ee3ng ch\u1ebf t\u00e1c ch\u1ec9n chu \u0111\u1ebfn t\u1eebng chi ti\u1ebft, t\u1ea1o \u0111i\u1ec3m nh\u1ea5n trong kh\u00f4ng gian ph\u00f2ng kh\u00e1ch c\u1ee7a gia \u0111\u00ecnh b\u1ea1n. H\u1ec7 th\u1ed1ng khung kim lo\u1ea1i v\u1eefng v\u00e0ng s\u1ebd n\u00e2ng \u0111\u1ee1 c\u1ea5u tr\u00fac linh ki\u1ec7n b\u00ean trong ch\u1eafc ch\u1eafn, \u0111\u1ed3ng th\u1eddi l\u00e0m t\u0103ng t\u00ednh sang tr\u1ecdng cho chi\u1ebfc TV.<\/p>\n<p><img decoding=\"async\" class=\"\" src=\"https:\/\/images.fpt.shop\/unsafe\/filters:quality(90)\/fptshop.com.vn\/Uploads\/images\/2015\/Tin-Tuc\/Hoa\/012018\/02manhinhfullview\/xiaomi-tv-a-pro-55-3.jpg\" alt=\"Xiaomi TV A Pro 55 3\" \/><\/p>\n<h3><b>\u0110\u1ed9 ph\u00e2n gi\u1ea3i 4K cho h\u00ecnh \u1ea3nh s\u1eafc n\u00e9t<\/b><\/h3>\n<p>B\u1ea1n s\u1ebd ng\u1ee1 ng\u00e0ng v\u1ec1 nh\u1eefng khu\u00f4n h\u00ecnh s\u1eafc n\u00e9t v\u1edbi \u0111\u1ed9 ph\u00e2n gi\u1ea3i 4K (3.840 x 2.160 pixels) c\u1ee7a Tivi Xiaomi A Pro 55 inch. Ch\u1ea5t l\u01b0\u1ee3ng hi\u1ec3n th\u1ecb Ultra HD s\u1ebd gi\u00fap kh\u00f4ng gian gi\u1ea3i tr\u00ed tr\u1edf n\u00ean s\u1ed1ng \u0111\u1ed9ng h\u01a1n, chi ti\u1ebft h\u01a1n, t\u1ea5t c\u1ea3 nh\u01b0 \u0111ang s\u1ed1ng d\u1eady tr\u01b0\u1edbc t\u1ea7m m\u1eaft b\u1ea1n. \u0110\u1eb7t c\u1ea1nh m\u1ed9t chi\u1ebfc TV Full HD th\u00f4ng th\u01b0\u1eddng, Tivi Xiaomi A Pro 55 inch cho th\u1ea5y s\u1ef1 v\u01b0\u1ee3t tr\u1ed9i ho\u00e0n to\u00e0n v\u1ec1 \u0111\u1ed9 s\u1eafc n\u00e9t.<\/p>\n<p><img decoding=\"async\" class=\"\" src=\"https:\/\/images.fpt.shop\/unsafe\/filters:quality(90)\/fptshop.com.vn\/Uploads\/images\/2015\/Tin-Tuc\/Hoa\/012018\/02manhinhfullview\/xiaomi-tv-a-pro-55-5.jpg\" alt=\"Xiaomi TV A Pro 55 5\" \/><\/p>\n<h3><b>T\u1eadn h\u01b0\u1edfng khu\u00f4n h\u00ecnh \u0111\u1eadm ch\u1ea5t \u0111i\u1ec7n \u1ea3nh<\/b><\/h3>\n<p>S\u1ef1 h\u1ed7 tr\u1ee3 c\u1ee7a Dolby Vision s\u1ebd gi\u00fap t\u1ed1i \u01b0u ch\u1ea5t l\u01b0\u1ee3ng hi\u1ec3n th\u1ecb c\u1ee7a Xiaomi TV A Pro 55 mang \u0111\u1eadm phong c\u00e1ch \u0111i\u1ec7n \u1ea3nh. C\u00f4ng ngh\u1ec7 n\u00e0y s\u1ebd t\u0103ng c\u01b0\u1eddng \u0111\u1ed9 s\u00e1ng, \u0111\u1ed9 t\u01b0\u01a1ng ph\u1ea3n v\u00e0 d\u1ea3i m\u00e0u m\u1ed9t c\u00e1ch h\u1ee3p l\u00fd, \u0111\u1ed3ng th\u1eddi can thi\u1ec7p v\u00e0o qu\u00e1 tr\u00ecnh x\u1eed l\u00fd h\u00ecnh \u1ea3nh \u0111\u1ec3 gi\u00fap <a href=\"https:\/\/tivixiaomi.co\/\">Tivi Xiaomi<\/a>\u00a0n\u00e0y hi\u1ec3n th\u1ecb \u0111\u01b0\u1ee3c nhi\u1ec1u chi ti\u1ebft h\u01a1n, khi\u1ebfn h\u00ecnh \u1ea3nh s\u1ed1ng \u0111\u1ed9ng h\u01a1n, m\u00e3n nh\u00e3n h\u01a1n. B\u1ea1n ch\u1eafc ch\u1eafn s\u1ebd h\u00e0i l\u00f2ng khi th\u01b0\u1edfng th\u1ee9c nh\u1eefng t\u1ef1a phim bom t\u1ea5n c\u00f9ng Xiaomi TV A Pro 55.<\/p>\n<p><img decoding=\"async\" class=\"\" src=\"https:\/\/images.fpt.shop\/unsafe\/filters:quality(90)\/fptshop.com.vn\/Uploads\/images\/2015\/Tin-Tuc\/Hoa\/012018\/02manhinhfullview\/xiaomi-tv-a-pro-55-6.jpg\" alt=\"Xiaomi TV A Pro 55 6\" \/><\/p>\n<h3><b>Tr\u00ecnh di\u1ec5n tr\u01b0\u1edbc m\u1eaft b\u1ea1n 1.07 t\u1ef7 gam m\u00e0u<\/b><\/h3>\n<p>Xiaomi \u0111\u00e3 \u00e1p d\u1ee5ng chu\u1ea9n m\u00e0u DCI-P3 trong qu\u00e1 tr\u00ecnh x\u00e2y d\u1ef1ng c\u00f4ng ngh\u1ec7 hi\u1ec3n th\u1ecb cho chi\u1ebfc TV A Pro 55. \u0110\u00e2y l\u00e0 ti\u00eau chu\u1ea9n th\u01b0\u1eddng \u0111\u01b0\u1ee3c c\u00e1c nh\u00e0 l\u00e0m phim Hollywood \u00e1p d\u1ee5ng \u0111\u1ec3 c\u0103n ch\u1ec9nh m\u00e0u s\u1eafc cho nh\u1eefng th\u01b0\u1edbc phim c\u1ee7a h\u1ecd. S\u1ea3n ph\u1ea9m c\u00f3 th\u1ec3 di\u1ec5n \u0111\u1ea1t \u0111\u01b0\u1ee3c t\u1edbi 1,07 t\u1ef7 gam m\u00e0u, \u0111\u1ea3m b\u1ea3o s\u1ef1 phong ph\u00fa, di\u1ec5n \u0111\u1ea1t s\u1ed1ng \u0111\u1ed9ng trong m\u1ecdi khu\u00f4n h\u00ecnh m\u00e0 b\u1ea1n th\u01b0\u1edfng th\u1ee9c.<\/p>\n<p><img decoding=\"async\" class=\"\" src=\"https:\/\/images.fpt.shop\/unsafe\/filters:quality(90)\/fptshop.com.vn\/Uploads\/images\/2015\/Tin-Tuc\/Hoa\/012018\/02manhinhfullview\/xiaomi-tv-a-pro-55-8.jpg\" alt=\"Xiaomi TV A Pro 55 11\" \/><\/p>\n<h3><b>M\u1ecdi chuy\u1ec3n \u0111\u1ed9ng \u0111\u1ec1u m\u01b0\u1ee3t m\u00e0 trong t\u1ea7m m\u1eaft<\/b><\/h3>\n<p>V\u1edbi vi\u1ec7c \u1ee9ng d\u1ee5ng c\u00f4ng ngh\u1ec7 MEMC (h\u1ed7 tr\u1ee3 v\u00e0 b\u00f9 tr\u1eeb chuy\u1ec3n \u0111\u1ed9ng), Tivi Xiaomi A Pro 55 inch c\u00f3 th\u1ec3 di\u1ec5n \u0111\u1ea1t nh\u1eefng khu\u00f4n h\u00ecnh t\u1ed1c \u0111\u1ed9 cao m\u1ed9t c\u00e1ch m\u01b0\u1ee3t m\u00e0. N\u1ebfu l\u00e0 ng\u01b0\u1eddi y\u00eau th\u00edch d\u00f2ng phim h\u00e0nh \u0111\u1ed9ng bom t\u1ea5n ho\u1eb7c th\u01b0\u1eddng xuy\u00ean theo d\u00f5i c\u00e1c gi\u1ea3i \u0111ua xe gay c\u1ea5n, ch\u1eafc ch\u1eafn b\u1ea1n s\u1ebd c\u1ea3m nh\u1eadn r\u00f5 r\u00e0ng \u0111\u1ed9 m\u01b0\u1ee3t m\u00e0 trong m\u1ed7i khu\u00f4n h\u00ecnh c\u1ee7a Tivi Xiaomi A Pro 55 inch.<\/p>\n<p><img decoding=\"async\" class=\"\" src=\"https:\/\/images.fpt.shop\/unsafe\/filters:quality(90)\/fptshop.com.vn\/Uploads\/images\/2015\/Tin-Tuc\/Hoa\/012018\/02manhinhfullview\/xiaomi-tv-a-pro-55-9.jpg\" alt=\"Xiaomi TV A Pro 55 9\" \/><\/p>\n<h3><b>Tr\u1ea3i nghi\u1ec7m \u00e2m thanh n\u1ed5i v\u1edbi c\u1ee5m loa 24W<\/b><\/h3>\n<p>Xiaomi TV A Pro 55\u2033 \u0111\u01b0\u1ee3c trang b\u1ecb s\u1eb5n b\u1ed9 loa ngo\u00e0i 24W, mang \u0111\u1ebfn hi\u1ec7u su\u1ea5t \u00e2m thanh trung th\u1ef1c, ph\u00f9 h\u1ee3p \u0111\u1ec3 di\u1ec5n \u0111\u1ea1t ti\u1ebft t\u1ea5u thanh \u00e2m c\u1ee7a nhi\u1ec1u n\u1ed9i dung kh\u00e1c nhau. C\u00f4ng ngh\u1ec7 gi\u1ea3i m\u00e3 k\u00e9p Dolby Audio k\u1ebft h\u1ee3p v\u1edbi DTS-X v\u00e0 DTS Virtual:X t\u1ea1o n\u00ean tr\u1ea3i nghi\u1ec7m \u0111a chi\u1ec1u th\u00fa v\u1ecb, mang t\u1edbi c\u1ea3m nh\u1eadn nh\u01b0 ch\u00fang ta \u0111ang t\u1eadn h\u01b0\u1edfng \u00e2m thanh trong r\u1ea1p chi\u1ebfu phim.<\/p>\n<p><img decoding=\"async\" class=\"\" src=\"https:\/\/images.fpt.shop\/unsafe\/filters:quality(90)\/fptshop.com.vn\/Uploads\/images\/2015\/Tin-Tuc\/Hoa\/012018\/02manhinhfullview\/xiaomi-tv-a-pro-55-a.jpg\" alt=\"Xiaomi TV A Pro 55 20\" \/><\/p>\n<h3><b>\u0110i\u1ec1u khi\u1ec3n th\u00f4ng minh, t\u01b0\u01a1ng t\u00e1c linh ho\u1ea1t<\/b><\/h3>\n<p>B\u1ea1n s\u1ebd d\u1ec5 d\u00e0ng v\u1eadn h\u00e0nh v\u00e0 l\u1ef1a ch\u1ecdn c\u00e1c t\u00ednh n\u0103ng c\u1ee7a Xiaomi TV A Pro 55\u2033 th\u00f4ng qua b\u1ed9 remote \u0111i\u1ec1u khi\u1ec3n t\u1eeb xa Bluetooth 360 \u0111\u1ed9. Ngo\u00e0i ra, s\u1ea3n ph\u1ea9m c\u00f2n h\u1ed7 tr\u1ee3 ng\u01b0\u1eddi d\u00f9ng ra l\u1ec7nh tr\u1ef1c ti\u1ebfp b\u1eb1ng gi\u1ecdng n\u00f3i qua tr\u1ee3 l\u00fd \u1ea3o Google. Ch\u1ec9 c\u1ea7n \u0111\u1ecdc kh\u1ea9u l\u1ec7nh \u201cOk Google\u201d v\u00e0 n\u00f3i t\u00e1c v\u1ee5 mu\u1ed1n th\u1ef1c hi\u1ec7n, chi\u1ebfc TV s\u1ebd ngay l\u1eadp t\u1ee9c ph\u1ea3n h\u1ed3i \u0111\u1ec3 chuy\u1ec3n k\u00eanh, ph\u00e1t nh\u1ea1c, t\u0103ng\/gi\u1ea3m \u00e2m l\u01b0\u1ee3ng t\u00f9y theo \u00fd mu\u1ed1n c\u1ee7a ng\u01b0\u1eddi d\u00f9ng.<\/p>\n<p><img decoding=\"async\" class=\"\" src=\"https:\/\/images.fpt.shop\/unsafe\/filters:quality(90)\/fptshop.com.vn\/Uploads\/images\/2015\/Tin-Tuc\/Hoa\/012018\/02manhinhfullview\/xiaomi-tv-a-pro-55-b.jpg\" alt=\"Xiaomi TV A Pro 55 30\" \/><\/p>\n<h3><b>Chip b\u1ed1n nh\u00e2n m\u1ea1nh m\u1ebd, b\u1ed9 nh\u1edb trong 16GB<\/b><\/h3>\n<p>\u0110\u01b0\u1ee3c trang b\u1ecb chip A55 l\u00f5i t\u1ee9, GPU Mali G52 v\u00e0 dung l\u01b0\u1ee3ng RAM\/ROM l\u1ea7n l\u01b0\u1ee3t l\u00e0 2GB + 16GB, Xiaomi TV A Pro 55\u2033 c\u00f3 th\u1ec3 x\u1eed l\u00fd c\u00e1c t\u00e1c v\u1ee5 m\u1ed9t c\u00e1ch m\u01b0\u1ee3t m\u00e0, ph\u1ea3n h\u1ed3i nhanh ch\u00f3ng m\u1ecdi t\u00e1c v\u1ee5 b\u1ea1n c\u1ea7n.<\/p>\n<p><img decoding=\"async\" class=\"\" src=\"https:\/\/images.fpt.shop\/unsafe\/filters:quality(90)\/fptshop.com.vn\/Uploads\/images\/2015\/Tin-Tuc\/Hoa\/012018\/02manhinhfullview\/xiaomi-tv-a-pro-55-c.jpg\" alt=\"Xiaomi TV A Pro 55 39\" \/><\/p>\n<\/div>\n<\/div>\n","protected":false},"excerpt":{"rendered":"<div class=\"woocommerce-product-details__short-description\">\n<ul>\n<li>D\u00f2ng A Pro Series<\/li>\n<li>M\u00e0n h\u00ecnh: 4K<\/li>\n<li>RAM: 2GB<\/li>\n<li>Dung l\u01b0\u1ee3ng: 16GB<\/li>\n<\/ul>\n<\/div>\n","protected":false},"featured_media":67554,"comment_status":"open","ping_status":"closed","template":"","meta":[],"product_brand":[],"product_cat":[441,241],"product_tag":[448],"class_list":{"0":"post-67555","1":"product","2":"type-product","3":"status-publish","4":"has-post-thumbnail","6":"product_cat-tivi-xiaomi-a-pro","7":"product_cat-tivi-xiaomi-55-59-inch","8":"product_tag-google-tivi-xiaomi-a-pro-4k-55-inch-l55m8-p2sea","10":"first","11":"outofstock","12":"sale","13":"shipping-taxable","14":"purchasable","15":"product-type-simple"},"_links":{"self":[{"href":"https:\/\/tivixiaomi.co\/en\/wp-json\/wp\/v2\/product\/67555"}],"collection":[{"href":"https:\/\/tivixiaomi.co\/en\/wp-json\/wp\/v2\/product"}],"about":[{"href":"https:\/\/tivixiaomi.co\/en\/wp-json\/wp\/v2\/types\/product"}],"replies":[{"embeddable":true,"href":"https:\/\/tivixiaomi.co\/en\/wp-json\/wp\/v2\/comments?post=67555"}],"version-history":[{"count":1,"href":"https:\/\/tivixiaomi.co\/en\/wp-json\/wp\/v2\/product\/67555\/revisions"}],"predecessor-version":[{"id":77202,"href":"https:\/\/tivixiaomi.co\/en\/wp-json\/wp\/v2\/product\/67555\/revisions\/77202"}],"wp:featuredmedia":[{"embeddable":true,"href":"https:\/\/tivixiaomi.co\/en\/wp-json\/wp\/v2\/media\/67554"}],"wp:attachment":[{"href":"https:\/\/tivixiaomi.co\/en\/wp-json\/wp\/v2\/media?parent=67555"}],"wp:term":[{"taxonomy":"product_brand","embeddable":true,"href":"https:\/\/tivixiaomi.co\/en\/wp-json\/wp\/v2\/product_brand?post=67555"},{"taxonomy":"product_cat","embeddable":true,"href":"https:\/\/tivixiaomi.co\/en\/wp-json\/wp\/v2\/product_cat?post=67555"},{"taxonomy":"product_tag","embeddable":true,"href":"https:\/\/tivixiaomi.co\/en\/wp-json\/wp\/v2\/product_tag?post=67555"}],"curies":[{"name":"wp","href":"https:\/\/api.w.org\/{rel}","templated":true}]}}