{"id":67639,"date":"2023-07-28T18:17:35","date_gmt":"2023-07-28T11:17:35","guid":{"rendered":"https:\/\/tivixiaomi.co\/?post_type=product&#038;p=67639"},"modified":"2025-05-06T11:55:45","modified_gmt":"2025-05-06T04:55:45","slug":"xiaomi-tv-a-32","status":"publish","type":"product","link":"https:\/\/tivixiaomi.co\/en\/tivi\/xiaomi-tv-a-32\/","title":{"rendered":"Xiaomi TV A32&#8243; HD (Gi\u00e1 \u0111\u00e3 bao g\u1ed3m thu\u1ebf gi\u00e1 tr\u1ecb gia t\u0103ng v\u00e0 g\u00f3i d\u1ecbch v\u1ee5 2 n\u0103m b\u1ea3o h\u00e0nh)"},"content":{"rendered":"","protected":false},"excerpt":{"rendered":"<ul>\n<li>D\u00f2ng A Series<\/li>\n<li>M\u00e0n h\u00ecnh: HD<\/li>\n<li>RAM: 1.5GB<\/li>\n<li>Dung l\u01b0\u1ee3ng: 8GB<\/li>\n<\/ul>\n","protected":false},"featured_media":67700,"comment_status":"open","ping_status":"closed","template":"","meta":[],"product_brand":[],"product_cat":[442,755,782,243],"product_tag":[],"class_list":{"0":"post-67639","1":"product","2":"type-product","3":"status-publish","4":"has-post-thumbnail","6":"product_cat-smart-tivi-xiaomi-a","7":"product_cat-tv-thiet-bi-hinh-anh-xiaomi","8":"product_cat-tivi-xiaomi-32-inch","9":"product_cat-tivi-xiaomi-32-40-inch","11":"first","12":"instock","13":"sale","14":"shipping-taxable","15":"purchasable","16":"product-type-simple"},"_links":{"self":[{"href":"https:\/\/tivixiaomi.co\/en\/wp-json\/wp\/v2\/product\/67639"}],"collection":[{"href":"https:\/\/tivixiaomi.co\/en\/wp-json\/wp\/v2\/product"}],"about":[{"href":"https:\/\/tivixiaomi.co\/en\/wp-json\/wp\/v2\/types\/product"}],"replies":[{"embeddable":true,"href":"https:\/\/tivixiaomi.co\/en\/wp-json\/wp\/v2\/comments?post=67639"}],"version-history":[{"count":1,"href":"https:\/\/tivixiaomi.co\/en\/wp-json\/wp\/v2\/product\/67639\/revisions"}],"predecessor-version":[{"id":69854,"href":"https:\/\/tivixiaomi.co\/en\/wp-json\/wp\/v2\/product\/67639\/revisions\/69854"}],"wp:featuredmedia":[{"embeddable":true,"href":"https:\/\/tivixiaomi.co\/en\/wp-json\/wp\/v2\/media\/67700"}],"wp:attachment":[{"href":"https:\/\/tivixiaomi.co\/en\/wp-json\/wp\/v2\/media?parent=67639"}],"wp:term":[{"taxonomy":"product_brand","embeddable":true,"href":"https:\/\/tivixiaomi.co\/en\/wp-json\/wp\/v2\/product_brand?post=67639"},{"taxonomy":"product_cat","embeddable":true,"href":"https:\/\/tivixiaomi.co\/en\/wp-json\/wp\/v2\/product_cat?post=67639"},{"taxonomy":"product_tag","embeddable":true,"href":"https:\/\/tivixiaomi.co\/en\/wp-json\/wp\/v2\/product_tag?post=67639"}],"curies":[{"name":"wp","href":"https:\/\/api.w.org\/{rel}","templated":true}]}}