{"id":67645,"date":"2023-07-28T18:23:56","date_gmt":"2023-07-28T11:23:56","guid":{"rendered":"https:\/\/tivixiaomi.co\/?post_type=product&#038;p=67645"},"modified":"2024-09-04T11:49:41","modified_gmt":"2024-09-04T04:49:41","slug":"google-tivi-xiaomi-a-4k-55-inch-l55m8-p2sea","status":"publish","type":"product","link":"https:\/\/tivixiaomi.co\/en\/tivi\/google-tivi-xiaomi-a-4k-55-inch-l55m8-p2sea\/","title":{"rendered":"Xiaomi TV A 55\u2033 (Gi\u00e1 \u0111\u00e3 bao g\u1ed3m thu\u1ebf gi\u00e1 tr\u1ecb gia t\u0103ng v\u00e0 g\u00f3i d\u1ecbch v\u1ee5 2 n\u0103m b\u1ea3o h\u00e0nh)"},"content":{"rendered":"","protected":false},"excerpt":{"rendered":"<ul>\n<li>Tivi Xiaomi A 4K 55 inch<\/li>\n<li>M\u00e0n h\u00ecnh: 4K<\/li>\n<li>RAM: 2GB ; ROM 8 GB<\/li>\n<li>H\u1ec7 \u0111i\u1ec1u h\u00e0nh Google TV th\u00e2n thi\u1ec7n<\/li>\n<\/ul>\n","protected":false},"featured_media":67700,"comment_status":"open","ping_status":"closed","template":"","meta":[],"product_brand":[],"product_cat":[442,241],"product_tag":[457],"class_list":{"0":"post-67645","1":"product","2":"type-product","3":"status-publish","4":"has-post-thumbnail","6":"product_cat-smart-tivi-xiaomi-a","7":"product_cat-tivi-xiaomi-55-59-inch","8":"product_tag-google-tivi-xiaomi-a-4k-55-inch-l55m8-p2sea","10":"first","11":"instock","12":"sale","13":"shipping-taxable","14":"purchasable","15":"product-type-simple"},"_links":{"self":[{"href":"https:\/\/tivixiaomi.co\/en\/wp-json\/wp\/v2\/product\/67645"}],"collection":[{"href":"https:\/\/tivixiaomi.co\/en\/wp-json\/wp\/v2\/product"}],"about":[{"href":"https:\/\/tivixiaomi.co\/en\/wp-json\/wp\/v2\/types\/product"}],"replies":[{"embeddable":true,"href":"https:\/\/tivixiaomi.co\/en\/wp-json\/wp\/v2\/comments?post=67645"}],"version-history":[{"count":0,"href":"https:\/\/tivixiaomi.co\/en\/wp-json\/wp\/v2\/product\/67645\/revisions"}],"wp:featuredmedia":[{"embeddable":true,"href":"https:\/\/tivixiaomi.co\/en\/wp-json\/wp\/v2\/media\/67700"}],"wp:attachment":[{"href":"https:\/\/tivixiaomi.co\/en\/wp-json\/wp\/v2\/media?parent=67645"}],"wp:term":[{"taxonomy":"product_brand","embeddable":true,"href":"https:\/\/tivixiaomi.co\/en\/wp-json\/wp\/v2\/product_brand?post=67645"},{"taxonomy":"product_cat","embeddable":true,"href":"https:\/\/tivixiaomi.co\/en\/wp-json\/wp\/v2\/product_cat?post=67645"},{"taxonomy":"product_tag","embeddable":true,"href":"https:\/\/tivixiaomi.co\/en\/wp-json\/wp\/v2\/product_tag?post=67645"}],"curies":[{"name":"wp","href":"https:\/\/api.w.org\/{rel}","templated":true}]}}