{"id":67912,"date":"2024-04-15T14:55:35","date_gmt":"2024-04-15T07:55:35","guid":{"rendered":"https:\/\/tivixiaomi.co\/?post_type=product&#038;p=67912"},"modified":"2025-04-08T16:45:53","modified_gmt":"2025-04-08T09:45:53","slug":"tu-lanh-xiaomi-mijia-430l-co-ngan-dong-mem-khang-khuan-99-99","status":"publish","type":"product","link":"https:\/\/tivixiaomi.co\/en\/tivi\/tu-lanh-xiaomi-mijia-430l-co-ngan-dong-mem-khang-khuan-99-99\/","title":{"rendered":"T\u1ee7 l\u1ea1nh Xiaomi Mijia 430L \u2013 C\u00f3 ng\u0103n \u0111\u00f4ng m\u1ec1m, kh\u00e1ng khu\u1ea9n 99.99%"},"content":{"rendered":"","protected":false},"excerpt":{"rendered":"<ul>\n<li>Cung c\u1ea5p ng\u0103n \u0111\u00f4ng m\u1ec1m 10L<\/li>\n<li>B\u1ea3ng \u0111i\u1ec1u khi\u1ec3n c\u1ea3m \u1ee9ng LED ti\u1ec7n l\u1ee3i<\/li>\n<li>Ti\u1ebft ki\u1ec7m \u0111i\u1ec7n n\u0103ng, ho\u1ea1t \u0111\u1ed9ng \u00eam \u00e1i<\/li>\n<\/ul>\n","protected":false},"featured_media":67913,"comment_status":"open","ping_status":"closed","template":"","meta":[],"product_brand":[],"product_cat":[284,769,771],"product_tag":[],"class_list":{"0":"post-67912","1":"product","2":"type-product","3":"status-publish","4":"has-post-thumbnail","6":"product_cat-tu-lanh-xiaomi","7":"product_cat-tu-lanh-4-canh-xiaomi","8":"product_cat-tu-lanh-xiaomi-dung-tich-vua-300l-500l","10":"first","11":"instock","12":"sale","13":"shipping-taxable","14":"purchasable","15":"product-type-simple"},"_links":{"self":[{"href":"https:\/\/tivixiaomi.co\/en\/wp-json\/wp\/v2\/product\/67912"}],"collection":[{"href":"https:\/\/tivixiaomi.co\/en\/wp-json\/wp\/v2\/product"}],"about":[{"href":"https:\/\/tivixiaomi.co\/en\/wp-json\/wp\/v2\/types\/product"}],"replies":[{"embeddable":true,"href":"https:\/\/tivixiaomi.co\/en\/wp-json\/wp\/v2\/comments?post=67912"}],"version-history":[{"count":1,"href":"https:\/\/tivixiaomi.co\/en\/wp-json\/wp\/v2\/product\/67912\/revisions"}],"predecessor-version":[{"id":69992,"href":"https:\/\/tivixiaomi.co\/en\/wp-json\/wp\/v2\/product\/67912\/revisions\/69992"}],"wp:featuredmedia":[{"embeddable":true,"href":"https:\/\/tivixiaomi.co\/en\/wp-json\/wp\/v2\/media\/67913"}],"wp:attachment":[{"href":"https:\/\/tivixiaomi.co\/en\/wp-json\/wp\/v2\/media?parent=67912"}],"wp:term":[{"taxonomy":"product_brand","embeddable":true,"href":"https:\/\/tivixiaomi.co\/en\/wp-json\/wp\/v2\/product_brand?post=67912"},{"taxonomy":"product_cat","embeddable":true,"href":"https:\/\/tivixiaomi.co\/en\/wp-json\/wp\/v2\/product_cat?post=67912"},{"taxonomy":"product_tag","embeddable":true,"href":"https:\/\/tivixiaomi.co\/en\/wp-json\/wp\/v2\/product_tag?post=67912"}],"curies":[{"name":"wp","href":"https:\/\/api.w.org\/{rel}","templated":true}]}}