{"id":67921,"date":"2024-04-15T15:06:09","date_gmt":"2024-04-15T08:06:09","guid":{"rendered":"https:\/\/tivixiaomi.co\/?post_type=product&#038;p=67921"},"modified":"2025-04-08T16:43:18","modified_gmt":"2025-04-08T09:43:18","slug":"tu-lanh-4-canh-xiaomi-mijia-606l-co-ion-khu-khuan-cap-dong-nhanh-chong","status":"publish","type":"product","link":"https:\/\/tivixiaomi.co\/en\/tivi\/tu-lanh-4-canh-xiaomi-mijia-606l-co-ion-khu-khuan-cap-dong-nhanh-chong\/","title":{"rendered":"T\u1ee7 l\u1ea1nh 4 c\u00e1nh Xiaomi Mijia 606L \u2013 C\u00f3 ion kh\u1eed khu\u1ea9n, c\u1ea5p \u0111\u00f4ng nhanh ch\u00f3ng"},"content":{"rendered":"<p><a href=\"https:\/\/tivixiaomi.co\/tivi\/tu-lanh-4-canh-xiaomi-mijia-606l-co-ion-khu-khuan-cap-dong-nhanh-chong\/\"><strong>T\u1ee7 l\u1ea1nh Xiaomi Mijia 606L<\/strong><\/a>\u00a0l\u00e0 m\u1ed9t s\u1ea3n ph\u1ea9m \u0111\u1ed9t ph\u00e1 trong d\u00f2ng thi\u1ebft b\u1ecb gia d\u1ee5ng c\u1ee7a Xiaomi, mang \u0111\u1ebfn cho ng\u01b0\u1eddi d\u00f9ng tr\u1ea3i nghi\u1ec7m ho\u00e0n to\u00e0n m\u1edbi v\u1edbi thi\u1ebft k\u1ebf 4 c\u00e1nh ti\u1ec7n l\u1ee3i v\u00e0 dung t\u00edch l\u1edbn l\u00ean \u0111\u1ebfn 606L.<br \/>\n\u0110\u1eb7c bi\u1ec7t, t\u1ee7 l\u1ea1nh n\u00e0y \u0111\u01b0\u1ee3c trang b\u1ecb c\u00f4ng ngh\u1ec7 ion kh\u1eed khu\u1ea9n ti\u00ean ti\u1ebfn, gi\u00fap lo\u1ea1i b\u1ecf vi khu\u1ea9n v\u00e0 m\u00f9i h\u00f4i, \u0111\u1ea3m b\u1ea3o th\u1ef1c ph\u1ea9m lu\u00f4n t\u01b0\u01a1i ngon v\u00e0 an to\u00e0n.<br \/>\n<img decoding=\"async\" src=\"https:\/\/bizweb.dktcdn.net\/100\/383\/199\/files\/z4698614093763-66db5c53a6a5c72bed3b646c87e26547.jpg?v=1694851570311\" \/><\/p>\n<h4>T\u00ednh n\u0103ng c\u1ea5p \u0111\u00f4ng nhanh<\/h4>\n<p>Cho ph\u00e9p th\u1ef1c ph\u1ea9m \u0111\u01b0\u1ee3c l\u00e0m l\u1ea1nh trong th\u1eddi gian ng\u1eafn, gi\u1eef nguy\u00ean d\u01b0\u1ee1ng ch\u1ea5t v\u00e0 \u0111\u1ed9 t\u01b0\u01a1i m\u1edbi.<\/p>\n<hr \/>\n<p><img fetchpriority=\"high\" decoding=\"async\" class=\"aligncenter size-full wp-image-68443\" src=\"https:\/\/tivixiaomi.co\/wp-content\/uploads\/2024\/04\/Untitled-4-2.png\" alt=\"\" width=\"1000\" height=\"1000\" srcset=\"https:\/\/tivixiaomi.co\/wp-content\/uploads\/2024\/04\/Untitled-4-2.png 1000w, https:\/\/tivixiaomi.co\/wp-content\/uploads\/2024\/04\/Untitled-4-2-300x300.png 300w, https:\/\/tivixiaomi.co\/wp-content\/uploads\/2024\/04\/Untitled-4-2-150x150.png 150w, https:\/\/tivixiaomi.co\/wp-content\/uploads\/2024\/04\/Untitled-4-2-600x600.png 600w, https:\/\/tivixiaomi.co\/wp-content\/uploads\/2024\/04\/Untitled-4-2-768x768.png 768w, https:\/\/tivixiaomi.co\/wp-content\/uploads\/2024\/04\/Untitled-4-2-50x50.png 50w\" sizes=\"(max-width: 1000px) 100vw, 1000px\" \/><\/p>\n<h4><strong>Ti\u1ebft ki\u1ec7m \u0111i\u1ec7n 0,95kWh\/24h, ng\u0103n \u0111\u00f4ng m\u1ec1m, k\u1ebft n\u1ed1i App \u0111i\u1ec7n tho\u1ea1i<\/strong><\/h4>\n<p><strong><a href=\"https:\/\/tivixiaomi.co\/tivi\/tu-lanh-4-canh-xiaomi-mijia-606l-co-ion-khu-khuan-cap-dong-nhanh-chong\/\">T\u1ee7 l\u1ea1nh Xiaomi\u00a0606L<\/a>\u00a0<\/strong>\u0111\u01b0\u1ee3c thi\u1ebft k\u1ebf \u0111\u1ec3 ho\u1ea1t \u0111\u1ed9ng hi\u1ec7u qu\u1ea3 v\u1edbi m\u1ee9c ti\u00eau th\u1ee5 \u0111i\u1ec7n n\u0103ng ch\u1ec9 0,95kWh trong 24 gi\u1edd, gi\u00fap b\u1ea1n ti\u1ebft ki\u1ec7m chi ph\u00ed \u0111i\u1ec7n h\u00e0ng th\u00e1ng.<br \/>\nNgo\u00e0i ra, t\u1ee7 c\u00f2n c\u00f3 ng\u0103n \u0111\u00f4ng m\u1ec1m, r\u1ea5t l\u00fd t\u01b0\u1edfng \u0111\u1ec3 b\u1ea3o qu\u1ea3n c\u00e1c lo\u1ea1i th\u1ef1c ph\u1ea9m c\u1ea7n gi\u1eef nguy\u00ean \u0111\u1ed9 t\u01b0\u01a1i ngon m\u00e0 kh\u00f4ng b\u1ecb \u0111\u00f3ng b\u0103ng c\u1ee9ng.<\/p>\n<hr \/>\n<p><img decoding=\"async\" class=\"aligncenter size-full wp-image-68452\" src=\"https:\/\/tivixiaomi.co\/wp-content\/uploads\/2024\/04\/Untitled-13.png\" alt=\"\" width=\"900\" height=\"900\" srcset=\"https:\/\/tivixiaomi.co\/wp-content\/uploads\/2024\/04\/Untitled-13.png 900w, https:\/\/tivixiaomi.co\/wp-content\/uploads\/2024\/04\/Untitled-13-300x300.png 300w, https:\/\/tivixiaomi.co\/wp-content\/uploads\/2024\/04\/Untitled-13-150x150.png 150w, https:\/\/tivixiaomi.co\/wp-content\/uploads\/2024\/04\/Untitled-13-600x600.png 600w, https:\/\/tivixiaomi.co\/wp-content\/uploads\/2024\/04\/Untitled-13-768x768.png 768w, https:\/\/tivixiaomi.co\/wp-content\/uploads\/2024\/04\/Untitled-13-50x50.png 50w\" sizes=\"(max-width: 900px) 100vw, 900px\" \/><\/p>\n<hr \/>\n<p>\u0110\u1eb7c bi\u1ec7t, t\u1ee7 l\u1ea1nh c\u00f3 th\u1ec3 k\u1ebft n\u1ed1i v\u1edbi \u1ee9ng d\u1ee5ng tr\u00ean \u0111i\u1ec7n tho\u1ea1i th\u00f4ng qua app Mihome, cho ph\u00e9p ng\u01b0\u1eddi d\u00f9ng \u0111i\u1ec1u khi\u1ec3n v\u00e0 gi\u00e1m s\u00e1t t\u1ee7 l\u1ea1nh t\u1eeb xa m\u1ed9t c\u00e1ch d\u1ec5 d\u00e0ng.\u00a0<strong>Dung t\u00edch 606L, 17 ng\u0103n ch\u1ee9a \u0111\u1ed3, ng\u0103n \u0111\u00f4ng m\u1ec1m 91 l\u00edt<\/strong><br \/>\nV\u1edbi dung t\u00edch kh\u1ed5ng l\u1ed3 l\u00ean \u0111\u1ebfn 606L,\u00a0<a href=\"https:\/\/tivixiaomi.co\/tivi\/tu-lanh-4-canh-xiaomi-mijia-606l-co-ion-khu-khuan-cap-dong-nhanh-chong\/\"><strong>t\u1ee7 l\u1ea1nh Xiaomi Mijia 606L<\/strong><\/a>\u00a0cung c\u1ea5p kh\u00f4ng gian l\u01b0u tr\u1eef r\u1ed9ng r\u00e3i, ph\u00f9 h\u1ee3p cho nh\u1eefng gia \u0111\u00ecnh l\u1edbn.<\/p>\n<h4>T\u1ee7 \u0111\u01b0\u1ee3c thi\u1ebft k\u1ebf v\u1edbi 17 ng\u0103n ch\u1ee9a \u0111\u1ed3<\/h4>\n<p><img decoding=\"async\" class=\"aligncenter size-full wp-image-68445\" src=\"https:\/\/tivixiaomi.co\/wp-content\/uploads\/2024\/04\/Untitled-1-1.png\" alt=\"\" width=\"900\" height=\"900\" srcset=\"https:\/\/tivixiaomi.co\/wp-content\/uploads\/2024\/04\/Untitled-1-1.png 900w, https:\/\/tivixiaomi.co\/wp-content\/uploads\/2024\/04\/Untitled-1-1-300x300.png 300w, https:\/\/tivixiaomi.co\/wp-content\/uploads\/2024\/04\/Untitled-1-1-150x150.png 150w, https:\/\/tivixiaomi.co\/wp-content\/uploads\/2024\/04\/Untitled-1-1-600x600.png 600w, https:\/\/tivixiaomi.co\/wp-content\/uploads\/2024\/04\/Untitled-1-1-768x768.png 768w, https:\/\/tivixiaomi.co\/wp-content\/uploads\/2024\/04\/Untitled-1-1-50x50.png 50w\" sizes=\"(max-width: 900px) 100vw, 900px\" \/><\/p>\n<hr \/>\n<p>Gi\u00fap b\u1ea1n s\u1eafp x\u1ebfp th\u1ef1c ph\u1ea9m m\u1ed9t c\u00e1ch khoa h\u1ecdc v\u00e0 ti\u1ec7n l\u1ee3i.<\/p>\n<h4>\u00a0Ng\u0103n \u0111\u00f4ng m\u1ec1m c\u00f3 dung t\u00edch 91 l\u00edt<\/h4>\n<p><img loading=\"lazy\" decoding=\"async\" class=\"aligncenter size-full wp-image-68449\" src=\"https:\/\/tivixiaomi.co\/wp-content\/uploads\/2024\/04\/Untitled-11.png\" alt=\"\" width=\"900\" height=\"900\" srcset=\"https:\/\/tivixiaomi.co\/wp-content\/uploads\/2024\/04\/Untitled-11.png 900w, https:\/\/tivixiaomi.co\/wp-content\/uploads\/2024\/04\/Untitled-11-300x300.png 300w, https:\/\/tivixiaomi.co\/wp-content\/uploads\/2024\/04\/Untitled-11-150x150.png 150w, https:\/\/tivixiaomi.co\/wp-content\/uploads\/2024\/04\/Untitled-11-600x600.png 600w, https:\/\/tivixiaomi.co\/wp-content\/uploads\/2024\/04\/Untitled-11-768x768.png 768w, https:\/\/tivixiaomi.co\/wp-content\/uploads\/2024\/04\/Untitled-11-50x50.png 50w\" sizes=\"(max-width: 900px) 100vw, 900px\" \/><\/p>\n<hr \/>\n<p>Cho ph\u00e9p b\u1ea1n b\u1ea3o qu\u1ea3n th\u1ef1c ph\u1ea9m \u1edf tr\u1ea1ng th\u00e1i m\u1ec1m, d\u1ec5 ch\u1ebf bi\u1ebfn v\u00e0 gi\u1eef nguy\u00ean d\u01b0\u1ee1ng ch\u1ea5t.<\/p>\n<h4><strong>Thi\u1ebft k\u1ebf sang tr\u1ecdng, v\u1eadt li\u1ec7u cao c\u1ea5p, Ion b\u1ea1c kh\u1eed khu\u1ea9n, k\u1ebft n\u1ed1i app Mihome<\/strong><\/h4>\n<p><a href=\"https:\/\/tivixiaomi.co\/tivi\/tu-lanh-4-canh-xiaomi-mijia-606l-co-ion-khu-khuan-cap-dong-nhanh-chong\/\"><strong>T\u1ee7 l\u1ea1nh Xiaomi Mijia 606L<\/strong><\/a>\u00a0n\u1ed5i b\u1eadt v\u1edbi thi\u1ebft k\u1ebf sang tr\u1ecdng v\u00e0 hi\u1ec7n \u0111\u1ea1i, s\u1eed d\u1ee5ng v\u1eadt li\u1ec7u cao c\u1ea5p kh\u00f4ng b\u00e1m v\u00e2n tay, gi\u1eef cho b\u1ec1 m\u1eb7t lu\u00f4n s\u1ea1ch s\u1ebd v\u00e0 \u0111\u1eb9p m\u1eaft.<\/p>\n<h4>C\u00f4ng ngh\u1ec7 ion b\u1ea1c kh\u1eed khu\u1ea9n<\/h4>\n<p><img loading=\"lazy\" decoding=\"async\" class=\"aligncenter size-full wp-image-68450\" src=\"https:\/\/tivixiaomi.co\/wp-content\/uploads\/2024\/04\/Untitled-14.png\" alt=\"\" width=\"900\" height=\"900\" srcset=\"https:\/\/tivixiaomi.co\/wp-content\/uploads\/2024\/04\/Untitled-14.png 900w, https:\/\/tivixiaomi.co\/wp-content\/uploads\/2024\/04\/Untitled-14-300x300.png 300w, https:\/\/tivixiaomi.co\/wp-content\/uploads\/2024\/04\/Untitled-14-150x150.png 150w, https:\/\/tivixiaomi.co\/wp-content\/uploads\/2024\/04\/Untitled-14-600x600.png 600w, https:\/\/tivixiaomi.co\/wp-content\/uploads\/2024\/04\/Untitled-14-768x768.png 768w, https:\/\/tivixiaomi.co\/wp-content\/uploads\/2024\/04\/Untitled-14-50x50.png 50w\" sizes=\"(max-width: 900px) 100vw, 900px\" \/><\/p>\n<hr \/>\n<p>Gi\u00fap lo\u1ea1i b\u1ecf vi khu\u1ea9n l\u00ean \u0111\u1ebfn 99.99%, b\u1ea3o v\u1ec7 s\u1ee9c kh\u1ecfe gia \u0111\u00ecnh b\u1ea1n. Kh\u1ea3 n\u0103ng k\u1ebft n\u1ed1i v\u1edbi \u1ee9ng d\u1ee5ng Mihome gi\u00fap ng\u01b0\u1eddi d\u00f9ng d\u1ec5 d\u00e0ng \u0111i\u1ec1u ch\u1ec9nh nhi\u1ec7t \u0111\u1ed9, nh\u1eadn th\u00f4ng b\u00e1o v\u00e0 ki\u1ec3m tra t\u00ecnh tr\u1ea1ng t\u1ee7 l\u1ea1nh m\u1ecdi l\u00fac m\u1ecdi n\u01a1i.<\/p>\n<h4><strong>C\u00f4ng ngh\u1ec7 b\u1ea3o qu\u1ea3n gi\u00fap tr\u00e1i c\u00e2y t\u01b0\u01a1i l\u00e2u trong 7 ng\u00e0y<\/strong><\/h4>\n<p>Nh\u1edd c\u00f4ng ngh\u1ec7 b\u1ea3o qu\u1ea3n ti\u00ean ti\u1ebfn,\u00a0<strong>t\u1ee7 l\u1ea1nh Xiaomi Mijia 606L<\/strong>\u00a0c\u00f3 kh\u1ea3 n\u0103ng gi\u1eef cho tr\u00e1i c\u00e2y v\u00e0 rau c\u1ee7 t\u01b0\u01a1i ngon trong su\u1ed1t 7 ng\u00e0y.<\/p>\n<h4>H\u1ec7 th\u1ed1ng l\u00e0m l\u1ea1nh hi\u1ec7n \u0111\u1ea1i<\/h4>\n<p>Duy tr\u00ec \u0111\u1ed9 \u1ea9m v\u00e0 nhi\u1ec7t \u0111\u1ed9 \u1ed5n \u0111\u1ecbnh, \u0111\u1ea3m b\u1ea3o th\u1ef1c ph\u1ea9m lu\u00f4n \u1edf tr\u1ea1ng th\u00e1i t\u1ed1t nh\u1ea5t.<img loading=\"lazy\" decoding=\"async\" class=\"aligncenter size-full wp-image-68451\" src=\"https:\/\/tivixiaomi.co\/wp-content\/uploads\/2024\/04\/Untitled-12-1.png\" alt=\"\" width=\"900\" height=\"900\" srcset=\"https:\/\/tivixiaomi.co\/wp-content\/uploads\/2024\/04\/Untitled-12-1.png 900w, https:\/\/tivixiaomi.co\/wp-content\/uploads\/2024\/04\/Untitled-12-1-300x300.png 300w, https:\/\/tivixiaomi.co\/wp-content\/uploads\/2024\/04\/Untitled-12-1-150x150.png 150w, https:\/\/tivixiaomi.co\/wp-content\/uploads\/2024\/04\/Untitled-12-1-600x600.png 600w, https:\/\/tivixiaomi.co\/wp-content\/uploads\/2024\/04\/Untitled-12-1-768x768.png 768w, https:\/\/tivixiaomi.co\/wp-content\/uploads\/2024\/04\/Untitled-12-1-50x50.png 50w\" sizes=\"(max-width: 900px) 100vw, 900px\" \/><\/p>\n<h4><strong>S\u1eed d\u1ee5ng Ion B\u1ea1c kh\u1eed khu\u1ea9n cao 99.99%<\/strong><\/h4>\n<p><a href=\"https:\/\/tivixiaomi.co\/tivi\/tu-lanh-4-canh-xiaomi-mijia-606l-co-ion-khu-khuan-cap-dong-nhanh-chong\/\"><strong>T\u1ee7 l\u1ea1nh Xiaomi<\/strong><\/a><a href=\"https:\/\/tivixiaomi.co\/tivi\/tu-lanh-4-canh-xiaomi-mijia-606l-co-ion-khu-khuan-cap-dong-nhanh-chong\/\"><strong> Mijia 606L<\/strong><\/a>\u00a0\u0111\u01b0\u1ee3c trang b\u1ecb c\u00f4ng ngh\u1ec7 ion b\u1ea1c kh\u1eed khu\u1ea9n, c\u00f3 kh\u1ea3 n\u0103ng lo\u1ea1i b\u1ecf vi khu\u1ea9n v\u00e0 n\u1ea5m m\u1ed1c \u0111\u1ebfn 99.99%. \u0110i\u1ec1u n\u00e0y kh\u00f4ng ch\u1ec9 gi\u00fap th\u1ef1c ph\u1ea9m lu\u00f4n t\u01b0\u01a1i ngon m\u00e0 c\u00f2n \u0111\u1ea3m b\u1ea3o an to\u00e0n v\u1ec7 sinh th\u1ef1c ph\u1ea9m cho c\u1ea3 gia \u0111\u00ecnh.<br \/>\n<img loading=\"lazy\" decoding=\"async\" class=\"aligncenter size-full wp-image-68446\" src=\"https:\/\/tivixiaomi.co\/wp-content\/uploads\/2024\/04\/Untitled-7-1.png\" alt=\"\" width=\"641\" height=\"541\" srcset=\"https:\/\/tivixiaomi.co\/wp-content\/uploads\/2024\/04\/Untitled-7-1.png 641w, https:\/\/tivixiaomi.co\/wp-content\/uploads\/2024\/04\/Untitled-7-1-150x127.png 150w, https:\/\/tivixiaomi.co\/wp-content\/uploads\/2024\/04\/Untitled-7-1-600x506.png 600w, https:\/\/tivixiaomi.co\/wp-content\/uploads\/2024\/04\/Untitled-7-1-300x253.png 300w\" sizes=\"(max-width: 641px) 100vw, 641px\" \/><\/p>\n<h4><strong>Ng\u0103n \u0111\u00f4ng m\u1ec1m 91 l\u00edt b\u1ea3o qu\u1ea3n th\u1ef1c ph\u1ea9m gi\u1eef \u0111\u1ed9 t\u01b0\u01a1i l\u00e2u<\/strong><\/h4>\n<p>V\u1edbi ng\u0103n \u0111\u00f4ng m\u1ec1m dung t\u00edch 91 l\u00edt,\u00a0<strong>t\u1ee7 l\u1ea1nh Xiaomi Mijia 606L<\/strong>\u00a0gi\u00fap b\u1ea1n b\u1ea3o qu\u1ea3n th\u1ef1c ph\u1ea9m t\u01b0\u01a1i ngon l\u00e2u h\u01a1n m\u00e0 kh\u00f4ng b\u1ecb \u0111\u00f3ng b\u0103ng c\u1ee9ng. Ng\u0103n \u0111\u00f4ng m\u1ec1m n\u00e0y l\u00fd t\u01b0\u1edfng cho vi\u1ec7c l\u01b0u tr\u1eef c\u00e1c lo\u1ea1i th\u1ecbt c\u00e1, h\u1ea3i s\u1ea3n, gi\u1eef nguy\u00ean \u0111\u1ed9 m\u1ec1m m\u1ea1i v\u00e0 d\u1ec5 d\u00e0ng ch\u1ebf bi\u1ebfn khi c\u1ea7n.<br \/>\n<img loading=\"lazy\" decoding=\"async\" class=\"aligncenter size-full wp-image-68444\" src=\"https:\/\/tivixiaomi.co\/wp-content\/uploads\/2024\/04\/Untitled-8.png\" alt=\"\" width=\"1080\" height=\"1000\" srcset=\"https:\/\/tivixiaomi.co\/wp-content\/uploads\/2024\/04\/Untitled-8.png 1080w, https:\/\/tivixiaomi.co\/wp-content\/uploads\/2024\/04\/Untitled-8-150x139.png 150w, https:\/\/tivixiaomi.co\/wp-content\/uploads\/2024\/04\/Untitled-8-600x556.png 600w, https:\/\/tivixiaomi.co\/wp-content\/uploads\/2024\/04\/Untitled-8-300x278.png 300w, https:\/\/tivixiaomi.co\/wp-content\/uploads\/2024\/04\/Untitled-8-1024x948.png 1024w, https:\/\/tivixiaomi.co\/wp-content\/uploads\/2024\/04\/Untitled-8-768x711.png 768w\" sizes=\"(max-width: 1080px) 100vw, 1080px\" \/><\/p>\n<h4><strong>L\u00e0m m\u00e1t nhanh 360 \u0111\u1ed9 kh\u00f4ng b\u1ecb \u0111\u00f3ng tuy\u1ebft<\/strong><\/h4>\n<p>C\u00f4ng ngh\u1ec7 l\u00e0m m\u00e1t nhanh 360 \u0111\u1ed9 c\u1ee7a\u00a0<a href=\"https:\/\/tivixiaomi.co\/tivi\/tu-lanh-4-canh-xiaomi-mijia-606l-co-ion-khu-khuan-cap-dong-nhanh-chong\/\"><strong>t\u1ee7 l\u1ea1nh Xiaomi Mijia 606L<\/strong><\/a>\u00a0\u0111\u1ea3m b\u1ea3o lu\u1ed3ng kh\u00ed l\u1ea1nh \u0111\u01b0\u1ee3c ph\u00e2n b\u1ed5 \u0111\u1ec1u kh\u1eafp c\u00e1c ng\u0103n t\u1ee7, gi\u00fap th\u1ef1c ph\u1ea9m \u0111\u01b0\u1ee3c l\u00e0m l\u1ea1nh nhanh ch\u00f3ng m\u00e0 kh\u00f4ng b\u1ecb \u0111\u00f3ng tuy\u1ebft. \u0110i\u1ec1u n\u00e0y gi\u00fap b\u1ea1n kh\u00f4ng c\u1ea7n ph\u1ea3i t\u1ed1n th\u1eddi gian v\u00e0 c\u00f4ng s\u1ee9c \u0111\u1ec3 r\u00e3 \u0111\u00f4ng t\u1ee7 l\u1ea1nh th\u01b0\u1eddng xuy\u00ean.<\/p>\n<h4><strong>K\u00edch th\u01b0\u1edbc t\u1ee7 l\u1ea1nh: R x S x C: 910 x 690 x 1902 (mm)<\/strong><\/h4>\n<p><a href=\"https:\/\/tivixiaomi.co\/tivi\/tu-lanh-4-canh-xiaomi-mijia-606l-co-ion-khu-khuan-cap-dong-nhanh-chong\/\"><strong><img loading=\"lazy\" decoding=\"async\" class=\"aligncenter size-full wp-image-68448\" src=\"https:\/\/tivixiaomi.co\/wp-content\/uploads\/2024\/04\/Untitled-9-1.png\" alt=\"\" width=\"1080\" height=\"1000\" srcset=\"https:\/\/tivixiaomi.co\/wp-content\/uploads\/2024\/04\/Untitled-9-1.png 1080w, https:\/\/tivixiaomi.co\/wp-content\/uploads\/2024\/04\/Untitled-9-1-150x139.png 150w, https:\/\/tivixiaomi.co\/wp-content\/uploads\/2024\/04\/Untitled-9-1-600x556.png 600w, https:\/\/tivixiaomi.co\/wp-content\/uploads\/2024\/04\/Untitled-9-1-300x278.png 300w, https:\/\/tivixiaomi.co\/wp-content\/uploads\/2024\/04\/Untitled-9-1-1024x948.png 1024w, https:\/\/tivixiaomi.co\/wp-content\/uploads\/2024\/04\/Untitled-9-1-768x711.png 768w\" sizes=\"(max-width: 1080px) 100vw, 1080px\" \/>T\u1ee7 l\u1ea1nh Xiaomi Mijia 606L<\/strong><\/a> c\u00f3 k\u00edch th\u01b0\u1edbc \u1ea5n t\u01b0\u1ee3ng v\u1edbi chi\u1ec1u r\u1ed9ng 910 mm, chi\u1ec1u s\u00e2u 690 mm v\u00e0 chi\u1ec1u cao 1902 mm, ph\u00f9 h\u1ee3p v\u1edbi nhi\u1ec1u kh\u00f4ng gian b\u1ebfp hi\u1ec7n \u0111\u1ea1i. Thi\u1ebft k\u1ebf n\u00e0y kh\u00f4ng ch\u1ec9 mang l\u1ea1i s\u1ef1 ti\u1ec7n nghi m\u00e0 c\u00f2n g\u00f3p ph\u1ea7n l\u00e0m t\u00f4n l\u00ean v\u1ebb \u0111\u1eb9p c\u1ee7a kh\u00f4ng gian n\u1ed9i th\u1ea5t nh\u00e0 b\u1ea1n.<\/p>\n","protected":false},"excerpt":{"rendered":"<ul>\n<li>K\u1ebft c\u1ea5u 4 c\u00e1nh: H\u01a1i l\u1ea1nh \u00edt th\u1ea5t tho\u00e1t khi m\u1edf<\/li>\n<li>C\u00f4ng ngh\u1ec7 b\u1ea3o qu\u1ea3n rau c\u1ee7, gi\u00fap rau c\u1ee7 qu\u1ea3 t\u01b0\u01a1i l\u00e2u t\u1edbi 7 ng\u00e0y<\/li>\n<li>K\u1ebft n\u1ed1i App \u0111i\u1ec7n tho\u1ea1i \u0111i\u1ec1u khi\u1ec3n th\u00f4ng minh<\/li>\n<\/ul>\n","protected":false},"featured_media":67922,"comment_status":"open","ping_status":"closed","template":"","meta":[],"product_brand":[],"product_cat":[284,769,770],"product_tag":[],"class_list":{"0":"post-67921","1":"product","2":"type-product","3":"status-publish","4":"has-post-thumbnail","6":"product_cat-tu-lanh-xiaomi","7":"product_cat-tu-lanh-4-canh-xiaomi","8":"product_cat-tren-550l","10":"first","11":"instock","12":"sale","13":"shipping-taxable","14":"purchasable","15":"product-type-simple"},"_links":{"self":[{"href":"https:\/\/tivixiaomi.co\/en\/wp-json\/wp\/v2\/product\/67921"}],"collection":[{"href":"https:\/\/tivixiaomi.co\/en\/wp-json\/wp\/v2\/product"}],"about":[{"href":"https:\/\/tivixiaomi.co\/en\/wp-json\/wp\/v2\/types\/product"}],"replies":[{"embeddable":true,"href":"https:\/\/tivixiaomi.co\/en\/wp-json\/wp\/v2\/comments?post=67921"}],"version-history":[{"count":1,"href":"https:\/\/tivixiaomi.co\/en\/wp-json\/wp\/v2\/product\/67921\/revisions"}],"predecessor-version":[{"id":69990,"href":"https:\/\/tivixiaomi.co\/en\/wp-json\/wp\/v2\/product\/67921\/revisions\/69990"}],"wp:featuredmedia":[{"embeddable":true,"href":"https:\/\/tivixiaomi.co\/en\/wp-json\/wp\/v2\/media\/67922"}],"wp:attachment":[{"href":"https:\/\/tivixiaomi.co\/en\/wp-json\/wp\/v2\/media?parent=67921"}],"wp:term":[{"taxonomy":"product_brand","embeddable":true,"href":"https:\/\/tivixiaomi.co\/en\/wp-json\/wp\/v2\/product_brand?post=67921"},{"taxonomy":"product_cat","embeddable":true,"href":"https:\/\/tivixiaomi.co\/en\/wp-json\/wp\/v2\/product_cat?post=67921"},{"taxonomy":"product_tag","embeddable":true,"href":"https:\/\/tivixiaomi.co\/en\/wp-json\/wp\/v2\/product_tag?post=67921"}],"curies":[{"name":"wp","href":"https:\/\/api.w.org\/{rel}","templated":true}]}}