{"id":67932,"date":"2024-04-15T16:48:46","date_gmt":"2024-04-15T09:48:46","guid":{"rendered":"https:\/\/tivixiaomi.co\/?post_type=product&#038;p=67932"},"modified":"2025-05-26T21:13:10","modified_gmt":"2025-05-26T14:13:10","slug":"tivi-xiaomi-redmi-max-100%e2%80%b3-144hz-2025-series","status":"publish","type":"product","link":"https:\/\/tivixiaomi.co\/en\/tivi\/tivi-xiaomi-redmi-max-100%e2%80%b3-144hz-2025-series\/","title":{"rendered":"Tivi Xiaomi Redmi MAX 100\u2033 144Hz 2025 Series"},"content":{"rendered":"<p>L\u00e0 s\u1ea3n ph\u1ea9m k\u1ebf nhi\u1ec7m cho chi\u1ebfc Smart TV Max 98 inch Redmi, Tivi Xiaomi\u00a0Redmi Max 100\u00a0Inch l\u00e0 m\u1eabu tivi c\u00f3 k\u00edch th\u01b0\u1edbc l\u1edbn nh\u1ea5t t\u1eebng \u0111\u01b0\u1ee3c Xiaomi tung ra th\u1ecb tr\u01b0\u1eddng. Tuy nhi\u00ean kh\u00f4ng ch\u1ec9 d\u1eebng l\u1ea1i \u1edf m\u00e0n h\u00ecnh c\u1ee1 l\u1edbn, Xiaomi Redmi Max 100 Inch c\u00f2n nhi\u1ec1u \u201cv\u0169 kh\u00ed b\u00ed m\u1eadt\u201d kh\u00e1c \u0111\u1ec3 c\u00f3 th\u1ec3 chinh ph\u1ee5c ng\u01b0\u1eddi d\u00f9ng.<\/p>\n<h3 id=\"ftoc-heading-3\" class=\"ftwp-heading\"><strong>M\u00e0n h\u00ecnh t\u1ea7n s\u1ed1 cao 1<\/strong><strong>44Hz ch\u01a1i game m\u01b0\u1ee3t\u00a0<\/strong><\/h3>\n<p>M\u00e0n h\u00ecnh c\u1ee7a Tivi Xiaomi Redmi MAX 100 h\u1ed7 tr\u1ee3 t\u1ed1c \u0111\u1ed9 l\u00e0m m\u1edbi 144Hz, c\u00f4ng ngh\u1ec7 b\u00f9 chuy\u1ec3n \u0111\u1ed9ng MEMC 120Hz v\u00e0 c\u00f3 th\u1ec3 l\u00ean t\u1edbi 240Hz khi c\u1eafm qua c\u1ed5ng HDM gi\u00fap cho Tivi s\u1ebd c\u00f3 hi\u1ec7u su\u1ea5t video m\u01b0\u1ee3t m\u00e0 h\u01a1n r\u1ea5t nhi\u1ec1u, c\u00f3 th\u1ec3 coi l\u00e0 cao nh\u1ea5t trong c\u00e1c lo\u1ea1i Tivi hi\u1ec7n nay.<\/p>\n<p>V\u1edbi vi\u1ec7c h\u1ed7 tr\u1ee3 \u0111\u1ec3 mang l\u1ea1i tr\u1ea3i nghi\u1ec7m t\u1ed1t trong vi\u1ec7c ch\u01a1i game. Tivi Xiaomi Redmi MAX 100\u2033 \u0111\u01b0\u1ee3c trang b\u1ecb giao di\u1ec7n HDMI 2.1 v\u00e0 h\u1ed7 tr\u1ee3 \u0111\u1ea7u v\u00e0o t\u00edn hi\u1ec7u 4K 240Hz. \u0110\u1ed1i v\u1edbi nh\u1eefng ng\u01b0\u1eddi hay ch\u01a1i c\u00e1c game qua \u0111\u1ea7u PES hay c\u00e1c \u0111\u1ea7u game kh\u00e1c k\u1ebft n\u1ed1i qua HDMI, \u0111i\u1ec1u n\u00e0y s\u1ebd c\u1ea3i thi\u1ec7n \u0111\u00e1ng k\u1ec3 tr\u1ea3i nghi\u1ec7m ch\u01a1i game, ch\u01a1i s\u1ebd m\u01b0\u1ee3t h\u01a1n, ch\u00e2n th\u1eadt nh\u01b0 ngo\u00e0i \u0111\u1eddi th\u1ef1c.<\/p>\n<p>\u0110\u1ed3ng th\u1eddi, Tivi Xiaomi Redmi MAX 100\u2033 h\u1ed7 tr\u1ee3 FreeSync Premium, cho ph\u00e9p c\u00e1c thi\u1ebft b\u1ecb hi\u1ec3n th\u1ecb 144Hz kh\u00f4ng b\u1ecb m\u1edd, nh\u1ea5p nh\u00e1y, \u0111\u1ed9 tr\u1ec5 th\u1ea5p, \u0111\u1ed3ng th\u1eddi gi\u1edbi thi\u1ec7u c\u00f4ng ngh\u1ec7 b\u00f9 t\u1ed1c \u0111\u1ed9 khung h\u00ecnh (LFC). LFC gi\u00fap \u0111\u1ea3m b\u1ea3o \u0111i\u1ec1u \u0111\u00f3 khi t\u1ed1c \u0111\u1ed9 khung h\u00ecnh c\u1ee7a tr\u00f2 ch\u01a1i, c\u00e1c khung h\u00ecnh \u0111\u01b0\u1ee3c hi\u1ec3n th\u1ecb nhi\u1ec1u l\u1ea7n \u1edf t\u1ed1c \u0111\u1ed9 l\u00e0m m\u1edbi th\u1ea5p nh\u1ea5t, \u0111\u01b0\u1ee3c m\u00e0n h\u00ecnh h\u1ed7 tr\u1ee3 \u0111\u1ec3 duy tr\u00ec tr\u1ea3i nghi\u1ec7m ch\u01a1i game m\u01b0\u1ee3t m\u00e0 \u1edf t\u1ed1c \u0111\u1ed9 l\u00e0m m\u1edbi cao h\u01a1n.<\/p>\n<h3 id=\"thiet-ke-dang-cap\" class=\"ftwp-heading\"><strong>Thi\u1ebft k\u1ebf \u0111\u1eb3ng c\u1ea5p<\/strong><\/h3>\n<p>Xiaomi Redmi Max 100 inch chinh ph\u1ee5c ng\u01b0\u1eddi d\u00f9ng tr\u01b0\u1edbc h\u1ebft \u1edf thi\u1ebft k\u1ebf v\u00f4 c\u00f9ng \u0111\u1eb3ng c\u1ea5p, thi\u1ebft b\u1ecb c\u00f3 k\u00edch th\u01b0\u1edbc l\u00ean \u0111\u1ebfn 100 inch. Tivi c\u00f3 m\u00e0n h\u00ecnh kim lo\u1ea1i \u0111\u01b0\u1ee3c thi\u1ebft k\u1ebf t\u1ed1i gi\u1ea3n, v\u1edbi t\u1ef7 l\u1ec7 m\u00e0n h\u00ecnh \u0111\u1ea1t t\u1edbi 98,8%. Chi\u1ebfc tivi n\u00e0y c\u00f2n \u0111\u01b0\u1ee3c h\u00e3ng trang b\u1ecb khung nh\u00f4m mang l\u1ea1i v\u1ebb \u0111\u1eb9p ch\u1eafc ch\u1eafn, tinh t\u1ebf v\u00e0 sang tr\u1ecdng. Ch\u00e2n \u0111\u1ec3 ch\u1eef V quen thu\u1ed9c t\u1ea1o \u0111i\u1ec3m t\u1ef1a v\u1eefng ch\u1eafc cho t\u1ed5ng th\u1ec3, ng\u01b0\u1eddi d\u00f9ng c\u0169ng c\u00f3 th\u1ec3 th\u00e1o r\u1eddi ch\u00e2n \u0111\u1ebf n\u00e0y \u0111\u1ec3 l\u1eafp c\u1ed1 \u0111\u1ecbnh tr\u00ean t\u01b0\u1eddng.<\/p>\n<p>Redmi Max 100 l\u00e0 m\u1eabu tivi c\u00f3 thi\u1ebft k\u1ebf v\u00f4 c\u00f9ng \u1ea5n t\u01b0\u1ee3ng. Tuy nhi\u00ean b\u1ea1n ch\u1ec9 n\u00ean\u00a0mua tivi n\u00e0y \u0111\u1ec3 trang b\u1ecb cho ph\u00f2ng kh\u00e1ch c\u00f3 di\u1ec7n t\u00edch th\u1ef1c s\u1ef1 r\u1ed9ng r\u00e3i, ph\u00f2ng l\u00e0m vi\u1ec7c, ph\u00f2ng h\u1ed9i h\u1ecdp c\u1ee7a c\u00f4ng ty, ph\u00f2ng gi\u1ea3i tr\u00ed t\u1ea1i gia\u2026 Kh\u00f4ng n\u00ean trang b\u1ecb\u00a0m\u1eabu tivi Xiaomi\u00a0100 inch n\u00e0y cho c\u0103n ph\u00f2ng c\u00f3 di\u1ec7n t\u00edch qu\u00e1 nh\u1ecf, b\u1edfi nh\u01b0 v\u1eady s\u1ebd kh\u00f4ng \u0111\u1ea3m b\u1ea3o kho\u1ea3ng c\u00e1ch an to\u00e0n gi\u1eefa m\u1eaft ng\u01b0\u1eddi nh\u00ecn v\u00e0 tivi. Khi quan s\u00e1t l\u00e2u s\u1ebd g\u00e2y ra t\u00ecnh tr\u1ea1ng \u0111au m\u1ecfi m\u1eaft, kh\u00f4ng t\u1ed1t cho th\u1ecb l\u1ef1c.<\/p>\n<h3 id=\"chat-luong-hien-thi-sieu-net\" class=\"ftwp-heading\"><strong>Ch\u1ea5t l\u01b0\u1ee3ng hi\u1ec3n th\u1ecb si\u00eau n\u00e9t<\/strong><\/h3>\n<p>Redmi Max 100 \u0111\u01b0\u1ee3c Xiaomi \u01b0u \u00e1i trang b\u1ecb t\u1ea5m n\u1ec1n LCD k\u00edch c\u1ee1 l\u00ean \u0111\u1ebfn 100 inch. Tivi c\u00f3 \u0111\u1ed9 ph\u00e2n gi\u1ea3i 3840 x 2160 chu\u1ea9n 4K, v\u1edbi t\u1ea7n s\u1ed1 qu\u00e9t l\u00ean \u0111\u1ebfn 144 Hz v\u00e0 c\u00f3 kh\u1ea3 n\u0103ng hi\u1ec3n th\u1ecb d\u1ea3i m\u00e0u DCI-P3 \u0111\u1ea1t t\u1ef7 l\u1ec7 t\u1edbi 94%.<\/p>\n<p>C\u00f4ng ngh\u1ec7 \u0111\u00e8n n\u1ec1n nhi\u1ec1u ph\u00e2n v\u00f9ng c\u00f3 kh\u1ea3 n\u0103ng ki\u1ec3m so\u00e1t c\u00e1c v\u00f9ng s\u00e1ng t\u1ed1i c\u1ee7a h\u00ecnh \u1ea3nh m\u1ed9t c\u00e1ch ch\u00ednh x\u00e1c. \u0110\u1eb7c bi\u1ec7t, \u0111\u00e8n n\u1ec1n c\u1ee7a tivi c\u00f2n \u0111\u01b0\u1ee3c t\u00edch h\u1ee3p\u00a0c\u1ea3m bi\u1ebfn \u00e1nh s\u00e1ng\u00a0v\u00e0 t\u1ef1 \u0111\u1ed9ng thay \u0111\u1ed5i t\u00f9y theo \u0111i\u1ec1u ki\u1ec7n \u00e1nh s\u00e1ng c\u1ee7a m\u00f4i tr\u01b0\u1eddng.<\/p>\n<p>T\u1ea5m n\u1ec1n LCD c\u1ee7a tivi h\u1ed7 tr\u1ee3 10-bit m\u00e0u v\u00e0 c\u00f3 \u0111\u1ed9 s\u00e1ng t\u1ed1i \u0111a l\u00e0 700 nits. Tivi c\u0169ng \u0111\u01b0\u1ee3c t\u00edch h\u1ee3p \u0111\u1ea7y \u0111\u1ee7 c\u00e1c c\u00f4ng ngh\u1ec7 h\u00ecnh \u1ea3nh ti\u00ean ti\u1ebfn nh\u1ea5t hi\u1ec7n nay nh\u01b0 IMAX Enhanced, HDR10+, AMD FreeSync, Dolby Vision, MEMC\u2026<\/p>\n<h3 id=\"chat-luong-am-thanh-an-tuong\" class=\"ftwp-heading\"><strong>Ch\u1ea5t l\u01b0\u1ee3ng \u00e2m thanh \u1ea5n t\u01b0\u1ee3ng<\/strong><\/h3>\n<p>M\u1eb7c d\u00f9 l\u00e0 m\u1eabu tivi tr\u00e0n ng\u1eadp c\u00f4ng ngh\u1ec7 v\u1edbi m\u00e0n h\u00ecnh l\u1edbn,\u00a0Redmi\u00a0Max 100 inch c\u00f3 m\u1ee9c gi\u00e1 kh\u00e1 h\u1ee3p t\u00fai ti\u1ec1n. \u0110\u1eb7c bi\u1ec7t l\u00e0 khi so s\u00e1nh v\u1edbi nh\u1eefng s\u1ea3n ph\u1ea9m c\u00f3 c\u00f9ng k\u00edch c\u1ee1 tr\u00ean th\u1ecb tr\u01b0\u1eddng.\u00a0Redmi Max 100 inch s\u1edf h\u1eefu b\u1ed9 loa k\u00e9p \u0111\u1ea1t t\u1ed5ng c\u00f4ng su\u1ea5t \u0111\u1ebfn 30W. C\u00f4ng ngh\u1ec7 Dolby Atmos k\u1ebft h\u1ee3p v\u1edbi chu\u1ea9n \u00e2m thanh surround DTS-HD Master Audio mang \u0111\u1ebfn tr\u1ea3i nghi\u1ec7m \u00e2m thanh v\u00f2m c\u1ef1c \u0111\u00e3.<\/p>\n<h3 id=\"hieu-nang-cuc-dinh\" class=\"ftwp-heading\"><strong>Hi\u1ec7u n\u0103ng c\u1ef1c \u0111\u1ec9nh<\/strong><\/h3>\n<p>Ngo\u00e0i nh\u1eefng \u01b0u \u0111i\u1ec3m v\u1ec1 ch\u1ea5t l\u01b0\u1ee3ng h\u00ecnh \u1ea3nh, Redmi Max 100 \u0111\u01b0\u1ee3c Xiaomi c\u00f2n \u0111\u01b0\u1ee3c \u0111\u00e1nh gi\u00e1 cao v\u1ec1 hi\u1ec7u n\u0103ng v\u1edbi kh\u1ea3 n\u0103ng x\u1eed l\u00ed nhanh ch\u00f3ng, v\u01b0\u1ee3t tr\u1ed9i kh\u00f4ng h\u1ec1 k\u00e9m c\u1ea1nh, th\u1eadm ch\u00ed c\u00f2n c\u00f3 ph\u1ea7n nh\u1ec9nh h\u01a1n c\u00e1c s\u1ea3n ph\u1ea9m c\u00f9ng ph\u00e2n kh\u00fac \u0111\u1ebfn t\u1eeb c\u00e1c th\u01b0\u01a1ng hi\u1ec7u l\u00e2u \u0111\u1eddi. N\u1ec1n t\u1ea3ng Android TV s\u1edf h\u1eefu h\u00e0ng lo\u1ea1t c\u00e1c \u1ee9ng d\u1ee5ng gi\u1ea3i tr\u00ed n\u1ed5i b\u1eadt nh\u01b0: Youtube, Phim, Nh\u1ea1c, Netflix,\u2026ng\u01b0\u1eddi d\u00f9ng c\u0169ng c\u00f3 th\u1ec3 t\u1ea3i th\u00eam tr\u00ean c\u1eeda h\u00e0ng CH Play \u0111\u1ec3 xem c\u00e1c n\u1ed9i dung y\u00eau th\u00edch.<\/p>\n<p>Xiaomi \u0111\u00e3 trang b\u1ecb b\u1ed9 x\u1eed l\u00fd 4 nh\u00e2n v\u1edbi l\u00f5i hi\u1ec7u su\u1ea5t A73. \u0110i k\u00e8m v\u1edbi \u0111\u00f3 l\u00e0 b\u1ed9 nh\u1edb trong 64GB v\u00e0 RAM 4GB. C\u1ea5u h\u00ecnh n\u00e0y gi\u00fap tivi x\u1eed l\u00fd c\u00e1c t\u00e1c v\u1ee5 m\u1ed9t c\u00e1ch m\u01b0\u1ee3t m\u00e0 v\u00e0 \u0111\u00e1p \u1ee9ng nhu c\u1ea7u l\u01b0u tr\u1eef d\u1eef li\u1ec7u l\u1edbn. Tivi ho\u1ea1t \u0111\u1ed9ng tr\u00ean n\u1ec1n t\u1ea3ng h\u1ec7 \u0111i\u1ec1u h\u00e0nh MIUI for TV do ch\u00ednh Xiaomi Tech ph\u00e1t tri\u1ec3n.<\/p>\n<h3 id=\"da-dang-cac-cong-ket-noi\" class=\"ftwp-heading\"><strong>\u0110a d\u1ea1ng c\u00e1c c\u1ed5ng k\u1ebft n\u1ed1i<\/strong><\/h3>\n<p>M\u1eabu tivi Xiaomi 100 inch n\u00e0y cung c\u1ea5p nhi\u1ec1u c\u1ed5ng k\u1ebft n\u1ed1i \u0111a d\u1ea1ng. Bao g\u1ed3m 3 c\u1ed5ng HDMI, nh\u01b0ng ch\u1ec9 c\u00f3 m\u1ed9t c\u1ed5ng l\u00e0 HDMI 2.1 v\u00e0 h\u1ed7 tr\u1ee3 T\u1ed1c \u0111\u1ed9 l\u00e0m t\u01b0\u01a1i c\u00f3 th\u1ec3 thay \u0111\u1ed5i (VRR \u2013 Variable refresh rate). Ngo\u00e0i ra c\u00f2n c\u00f3 th\u00eam hai c\u1ed5ng USB-A 2.0. Xiaomi c\u0169ng cho bi\u1ebft m\u1eabu tivi n\u00e0y h\u1ed7 tr\u1ee3 r\u1ea5t t\u1ed1t vi\u1ec7c ch\u01a1i game.<\/p>\n<p>S\u1ef1 xu\u1ea5t hi\u1ec7n c\u1ee7a nh\u1eefng m\u1eabu tivi Xiaomi m\u00e0n h\u00ecnh \u201ckh\u1ee7ng\u201d gi\u00e1 r\u1ebb nh\u01b0 chi\u1ebfc Redmi Max 100 n\u00e0y \u0111\u00e3 khi\u1ebfn cho th\u1ecb tr\u01b0\u1eddng tivi to\u00e0n c\u1ea7u th\u00eam s\u00f4i \u0111\u1ed9ng. T\u1eeb \u0111\u00f3 mang \u0111\u1ebfn cho ng\u01b0\u1eddi d\u00f9ng nhi\u1ec1u s\u1ef1 l\u1ef1a ch\u1ecdn m\u1edbi m\u1ebb h\u01a1n.<\/p>\n","protected":false},"excerpt":{"rendered":"<ul>\n<li>D\u00f2ng MAX 144Hz 2025 Series<\/li>\n<li>M\u00e0n h\u00ecnh: 4K<\/li>\n<li>RAM: 4GB<\/li>\n<li>Dung l\u01b0\u1ee3ng: 64GB<\/li>\n<\/ul>\n","protected":false},"featured_media":67933,"comment_status":"open","ping_status":"closed","template":"","meta":[],"product_brand":[],"product_cat":[242],"product_tag":[804],"class_list":{"0":"post-67932","1":"product","2":"type-product","3":"status-publish","4":"has-post-thumbnail","6":"product_cat-tivi-xiaomi-65-75-inch","7":"product_tag-made-in-china","9":"first","10":"instock","11":"sale","12":"shipping-taxable","13":"purchasable","14":"product-type-simple"},"_links":{"self":[{"href":"https:\/\/tivixiaomi.co\/en\/wp-json\/wp\/v2\/product\/67932"}],"collection":[{"href":"https:\/\/tivixiaomi.co\/en\/wp-json\/wp\/v2\/product"}],"about":[{"href":"https:\/\/tivixiaomi.co\/en\/wp-json\/wp\/v2\/types\/product"}],"replies":[{"embeddable":true,"href":"https:\/\/tivixiaomi.co\/en\/wp-json\/wp\/v2\/comments?post=67932"}],"version-history":[{"count":4,"href":"https:\/\/tivixiaomi.co\/en\/wp-json\/wp\/v2\/product\/67932\/revisions"}],"predecessor-version":[{"id":77865,"href":"https:\/\/tivixiaomi.co\/en\/wp-json\/wp\/v2\/product\/67932\/revisions\/77865"}],"wp:featuredmedia":[{"embeddable":true,"href":"https:\/\/tivixiaomi.co\/en\/wp-json\/wp\/v2\/media\/67933"}],"wp:attachment":[{"href":"https:\/\/tivixiaomi.co\/en\/wp-json\/wp\/v2\/media?parent=67932"}],"wp:term":[{"taxonomy":"product_brand","embeddable":true,"href":"https:\/\/tivixiaomi.co\/en\/wp-json\/wp\/v2\/product_brand?post=67932"},{"taxonomy":"product_cat","embeddable":true,"href":"https:\/\/tivixiaomi.co\/en\/wp-json\/wp\/v2\/product_cat?post=67932"},{"taxonomy":"product_tag","embeddable":true,"href":"https:\/\/tivixiaomi.co\/en\/wp-json\/wp\/v2\/product_tag?post=67932"}],"curies":[{"name":"wp","href":"https:\/\/api.w.org\/{rel}","templated":true}]}}