{"id":67958,"date":"2024-04-27T15:35:59","date_gmt":"2024-04-27T08:35:59","guid":{"rendered":"https:\/\/tivixiaomi.co\/?post_type=product&#038;p=67958"},"modified":"2025-05-06T13:38:43","modified_gmt":"2025-05-06T06:38:43","slug":"xiaomi-tv-a-43-2025","status":"publish","type":"product","link":"https:\/\/tivixiaomi.co\/en\/tivi\/xiaomi-tv-a-43-2025\/","title":{"rendered":"Tivi Xiaomi A 43 FHD 2025 (Gi\u00e1 \u0111\u00e3 bao g\u1ed3m thu\u1ebf gi\u00e1 tr\u1ecb gia t\u0103ng v\u00e0 g\u00f3i d\u1ecbch v\u1ee5 2 n\u0103m b\u1ea3o h\u00e0nh)"},"content":{"rendered":"<ul>\n<li>M\u00e0n h\u00ecnh si\u00eau ph\u1ea9m, \u0111\u1ec9nh cao v\u1ec1 ch\u1ea5t l\u01b0\u1ee3ng h\u00ecnh \u1ea3nh<\/li>\n<li class=\"div17\"><span class=\"xm-text split_text291 f-light\" data-key=\"ksp_3\" data-type=\"text\" data-id=\"nw78pvvnzx\">\u00c2m thanh s\u1ed1ng \u0111\u1ed9ng v\u1edbi <\/span><span class=\"xm-text split_text290 f-bold\" data-key=\"ksp_4\" data-type=\"text\" data-id=\"ht4riib6jd\">Dolby Audio\u2122, DTS:X, DTS Virtual:X<\/span><\/li>\n<li>Thi\u1ebft k\u1ebf \u0111\u01b0\u1eddng vi\u1ec1n si\u00eau m\u1ecfng v\u1edbi b\u1ec1 m\u1eb7t \u0111\u01b0\u1ee3c ho\u00e0n thi\u1ec7n b\u1eb1ng kim lo\u1ea1i cao c\u1ea5p<\/li>\n<\/ul>\n","protected":false},"excerpt":{"rendered":"<ul>\n<li>D\u00f2ng A 2025 Series<\/li>\n<li>M\u00e0n h\u00ecnh: FHD<\/li>\n<li>RAM: 1,5GB<\/li>\n<li>Dung l\u01b0\u1ee3ng: 8GB<\/li>\n<\/ul>\n","protected":false},"featured_media":67959,"comment_status":"open","ping_status":"closed","template":"","meta":[],"product_brand":[],"product_cat":[442,755,783,245],"product_tag":[],"class_list":{"0":"post-67958","1":"product","2":"type-product","3":"status-publish","4":"has-post-thumbnail","6":"product_cat-smart-tivi-xiaomi-a","7":"product_cat-tv-thiet-bi-hinh-anh-xiaomi","8":"product_cat-tivi-xiaomi-43-inch-2","9":"product_cat-tivi-xiaomi-43-inch","11":"first","12":"instock","13":"sale","14":"shipping-taxable","15":"purchasable","16":"product-type-simple"},"_links":{"self":[{"href":"https:\/\/tivixiaomi.co\/en\/wp-json\/wp\/v2\/product\/67958"}],"collection":[{"href":"https:\/\/tivixiaomi.co\/en\/wp-json\/wp\/v2\/product"}],"about":[{"href":"https:\/\/tivixiaomi.co\/en\/wp-json\/wp\/v2\/types\/product"}],"replies":[{"embeddable":true,"href":"https:\/\/tivixiaomi.co\/en\/wp-json\/wp\/v2\/comments?post=67958"}],"version-history":[{"count":3,"href":"https:\/\/tivixiaomi.co\/en\/wp-json\/wp\/v2\/product\/67958\/revisions"}],"predecessor-version":[{"id":70039,"href":"https:\/\/tivixiaomi.co\/en\/wp-json\/wp\/v2\/product\/67958\/revisions\/70039"}],"wp:featuredmedia":[{"embeddable":true,"href":"https:\/\/tivixiaomi.co\/en\/wp-json\/wp\/v2\/media\/67959"}],"wp:attachment":[{"href":"https:\/\/tivixiaomi.co\/en\/wp-json\/wp\/v2\/media?parent=67958"}],"wp:term":[{"taxonomy":"product_brand","embeddable":true,"href":"https:\/\/tivixiaomi.co\/en\/wp-json\/wp\/v2\/product_brand?post=67958"},{"taxonomy":"product_cat","embeddable":true,"href":"https:\/\/tivixiaomi.co\/en\/wp-json\/wp\/v2\/product_cat?post=67958"},{"taxonomy":"product_tag","embeddable":true,"href":"https:\/\/tivixiaomi.co\/en\/wp-json\/wp\/v2\/product_tag?post=67958"}],"curies":[{"name":"wp","href":"https:\/\/api.w.org\/{rel}","templated":true}]}}