{"id":67988,"date":"2024-04-27T16:07:01","date_gmt":"2024-04-27T09:07:01","guid":{"rendered":"https:\/\/tivixiaomi.co\/?post_type=product&#038;p=67988"},"modified":"2024-09-04T13:26:25","modified_gmt":"2024-09-04T06:26:25","slug":"xiaomi-tv-a-50-2025","status":"publish","type":"product","link":"https:\/\/tivixiaomi.co\/en\/tivi\/xiaomi-tv-a-50-2025\/","title":{"rendered":"Xiaomi TV A 50 2025"},"content":{"rendered":"<p><img fetchpriority=\"high\" decoding=\"async\" class=\"aligncenter wp-image-68048 size-full\" src=\"https:\/\/tivixiaomi.co\/wp-content\/uploads\/2024\/04\/A50-jpg.webp\" alt=\"\" width=\"1878\" height=\"721\" srcset=\"https:\/\/tivixiaomi.co\/wp-content\/uploads\/2024\/04\/A50-jpg.webp 1878w, https:\/\/tivixiaomi.co\/wp-content\/uploads\/2024\/04\/A50-jpg-150x58.webp 150w, https:\/\/tivixiaomi.co\/wp-content\/uploads\/2024\/04\/A50-jpg-600x230.webp 600w, https:\/\/tivixiaomi.co\/wp-content\/uploads\/2024\/04\/A50-300x115.webp 300w, https:\/\/tivixiaomi.co\/wp-content\/uploads\/2024\/04\/A50-1024x393.webp 1024w, https:\/\/tivixiaomi.co\/wp-content\/uploads\/2024\/04\/A50-768x295.webp 768w, https:\/\/tivixiaomi.co\/wp-content\/uploads\/2024\/04\/A50-1536x590.webp 1536w\" sizes=\"(max-width: 1878px) 100vw, 1878px\" \/><img decoding=\"async\" class=\"aligncenter wp-image-68146 size-full\" src=\"https:\/\/tivixiaomi.co\/wp-content\/uploads\/2024\/04\/ti1-jpg.webp\" alt=\"\" width=\"1263\" height=\"599\" srcset=\"https:\/\/tivixiaomi.co\/wp-content\/uploads\/2024\/04\/ti1-jpg.webp 1263w, https:\/\/tivixiaomi.co\/wp-content\/uploads\/2024\/04\/ti1-jpg-150x71.webp 150w, https:\/\/tivixiaomi.co\/wp-content\/uploads\/2024\/04\/ti1-jpg-600x285.webp 600w, https:\/\/tivixiaomi.co\/wp-content\/uploads\/2024\/04\/ti1-300x142.webp 300w, https:\/\/tivixiaomi.co\/wp-content\/uploads\/2024\/04\/ti1-1024x486.webp 1024w, https:\/\/tivixiaomi.co\/wp-content\/uploads\/2024\/04\/ti1-768x364.webp 768w\" sizes=\"(max-width: 1263px) 100vw, 1263px\" \/><\/p>\n<hr class=\"mx-0 my-3 my-lg-4 \" \/>\n<p><span class=\"Y2IQFc\" lang=\"vi\">Ch\u1ea5t l\u01b0\u1ee3ng h\u00ecnh \u1ea3nh \u0111\u1ed9 ph\u00e2n gi\u1ea3i c\u1ef1c cao 4K<\/span><img decoding=\"async\" class=\"aligncenter wp-image-68147 size-full\" src=\"https:\/\/tivixiaomi.co\/wp-content\/uploads\/2024\/04\/ti2-jpg.webp\" alt=\"\" width=\"1259\" height=\"795\" srcset=\"https:\/\/tivixiaomi.co\/wp-content\/uploads\/2024\/04\/ti2-jpg.webp 1259w, https:\/\/tivixiaomi.co\/wp-content\/uploads\/2024\/04\/ti2-jpg-150x95.webp 150w, https:\/\/tivixiaomi.co\/wp-content\/uploads\/2024\/04\/ti2-jpg-600x379.webp 600w, https:\/\/tivixiaomi.co\/wp-content\/uploads\/2024\/04\/ti2-300x189.webp 300w, https:\/\/tivixiaomi.co\/wp-content\/uploads\/2024\/04\/ti2-1024x647.webp 1024w, https:\/\/tivixiaomi.co\/wp-content\/uploads\/2024\/04\/ti2-768x485.webp 768w\" sizes=\"(max-width: 1259px) 100vw, 1259px\" \/><\/p>\n<hr class=\"mx-0 my-3 my-lg-4 \" \/>\n<p><span class=\"Y2IQFc\" lang=\"vi\">\u0110\u1eafm ch\u00ecm trong h\u00ecnh \u1ea3nh r\u00f5 n\u00e9t v\u01b0\u1ee3t tr\u1ed9i v\u1edbi m\u00e0n h\u00ecnh 3840 x 2160 pixel c\u1ee7a ch\u00fang t\u00f4i, n\u01a1i m\u1ecdi chi ti\u1ebft \u0111\u1ec1u c\u00f3 gi\u00e1 tr\u1ecb. Th\u01b0\u1edfng th\u1ee9c v\u1ebb \u0111\u1eb9p \u0111\u01b0\u1ee3c t\u00ecm th\u1ea5y trong nh\u1eefng chi ti\u1ebft nh\u1ecf nh\u1ea5t.<\/span><img loading=\"lazy\" decoding=\"async\" class=\"aligncenter wp-image-68034 size-full\" src=\"https:\/\/tivixiaomi.co\/wp-content\/uploads\/2024\/04\/X3-jpg.webp\" alt=\"\" width=\"1884\" height=\"763\" srcset=\"https:\/\/tivixiaomi.co\/wp-content\/uploads\/2024\/04\/X3-jpg.webp 1884w, https:\/\/tivixiaomi.co\/wp-content\/uploads\/2024\/04\/X3-jpg-150x61.webp 150w, https:\/\/tivixiaomi.co\/wp-content\/uploads\/2024\/04\/X3-jpg-600x243.webp 600w, https:\/\/tivixiaomi.co\/wp-content\/uploads\/2024\/04\/X3-300x121.webp 300w, https:\/\/tivixiaomi.co\/wp-content\/uploads\/2024\/04\/X3-1024x415.webp 1024w, https:\/\/tivixiaomi.co\/wp-content\/uploads\/2024\/04\/X3-768x311.webp 768w, https:\/\/tivixiaomi.co\/wp-content\/uploads\/2024\/04\/X3-1536x622.webp 1536w\" sizes=\"(max-width: 1884px) 100vw, 1884px\" \/><\/p>\n<hr class=\"mx-0 my-3 my-lg-4 \" \/>\n<p><span class=\"Y2IQFc\" lang=\"vi\">M\u00e0n h\u00ecnh HDR c\u1ee7a HDR10 v\u00e0 HLG cung c\u1ea5p nhi\u1ec1u m\u1ee9c \u0111\u1ed9 s\u00e1ng kh\u00e1c nhau, cho ph\u00e9p hi\u1ec3n th\u1ecb nhi\u1ec1u l\u1edbp h\u01a1n, \u0111\u1ed9 s\u00e1ng phong ph\u00fa h\u01a1n v\u00e0 \u0111\u1ed9 r\u00f5 n\u00e9t cao h\u01a1n, t\u1ea1o ra s\u1ef1 c\u00e2n b\u1eb1ng v\u01b0\u1ee3t tr\u1ed9i gi\u1eefa \u00e1nh s\u00e1ng v\u00e0 b\u00f3ng t\u1ed1i.<\/span><img loading=\"lazy\" decoding=\"async\" class=\"aligncenter wp-image-68148 size-full\" src=\"https:\/\/tivixiaomi.co\/wp-content\/uploads\/2024\/04\/ti3-jpg.webp\" alt=\"\" width=\"1268\" height=\"831\" srcset=\"https:\/\/tivixiaomi.co\/wp-content\/uploads\/2024\/04\/ti3-jpg.webp 1268w, https:\/\/tivixiaomi.co\/wp-content\/uploads\/2024\/04\/ti3-jpg-150x98.webp 150w, https:\/\/tivixiaomi.co\/wp-content\/uploads\/2024\/04\/ti3-jpg-600x393.webp 600w, https:\/\/tivixiaomi.co\/wp-content\/uploads\/2024\/04\/ti3-300x197.webp 300w, https:\/\/tivixiaomi.co\/wp-content\/uploads\/2024\/04\/ti3-1024x671.webp 1024w, https:\/\/tivixiaomi.co\/wp-content\/uploads\/2024\/04\/ti3-768x503.webp 768w\" sizes=\"(max-width: 1268px) 100vw, 1268px\" \/><\/p>\n<hr class=\"mx-0 my-3 my-lg-4 \" \/>\n<p><span class=\"Y2IQFc\" lang=\"vi\">\u0110\u1ea3m b\u1ea3o chuy\u1ec3n \u0111\u1ed9ng m\u01b0\u1ee3t m\u00e0 trong c\u00e1c c\u1ea3nh h\u00e0nh \u0111\u1ed9ng t\u1ed1c \u0111\u1ed9 cao \u0110\u01b0\u1ee3c h\u1ed7 tr\u1ee3 b\u1edfi c\u00e1c thu\u1eadt to\u00e1n n\u1ed9i suy khung h\u00ecnh c\u1ea5p mili gi\u00e2y, MEMC (\u01af\u1edbc t\u00ednh chuy\u1ec3n \u0111\u1ed9ng v\u00e0 B\u00f9 chuy\u1ec3n \u0111\u1ed9ng) gi\u1ea3m hi\u1ec7u qu\u1ea3 c\u00e1c hi\u1ec7u \u1ee9ng nh\u00f2e chuy\u1ec3n \u0111\u1ed9ng, gi\u1eadt h\u00ecnh v\u00e0 v\u1ec7t do chuy\u1ec3n \u0111\u1ed9ng t\u1ed1c \u0111\u1ed9 cao g\u00e2y ra, ghi l\u1ea1i ho\u00e0n h\u1ea3o m\u1ecdi kho\u1ea3nh kh\u1eafc c\u1ee7a c\u00e1c s\u1ef1 ki\u1ec7n th\u1ec3 thao y\u00eau th\u00edch c\u1ee7a b\u1ea1n v\u1edbi \u0111\u1ed9 r\u00f5 n\u00e9t v\u00e0 tr\u00f4i ch\u1ea3y t\u1ed1i \u0111a.<\/span><img loading=\"lazy\" decoding=\"async\" class=\"aligncenter wp-image-68036 size-full\" src=\"https:\/\/tivixiaomi.co\/wp-content\/uploads\/2024\/04\/X5-jpg.webp\" alt=\"\" width=\"2560\" height=\"1850\" srcset=\"https:\/\/tivixiaomi.co\/wp-content\/uploads\/2024\/04\/X5-jpg.webp 2560w, https:\/\/tivixiaomi.co\/wp-content\/uploads\/2024\/04\/X5-jpg-150x108.webp 150w, https:\/\/tivixiaomi.co\/wp-content\/uploads\/2024\/04\/X5-jpg-600x434.webp 600w, https:\/\/tivixiaomi.co\/wp-content\/uploads\/2024\/04\/X5-300x217.webp 300w, https:\/\/tivixiaomi.co\/wp-content\/uploads\/2024\/04\/X5-1024x740.webp 1024w, https:\/\/tivixiaomi.co\/wp-content\/uploads\/2024\/04\/X5-768x555.webp 768w, https:\/\/tivixiaomi.co\/wp-content\/uploads\/2024\/04\/X5-1536x1110.webp 1536w, https:\/\/tivixiaomi.co\/wp-content\/uploads\/2024\/04\/X5-2048x1480.webp 2048w\" sizes=\"(max-width: 2560px) 100vw, 2560px\" \/><\/p>\n<hr class=\"mx-0 my-3 my-lg-4 \" \/>\n<p><span class=\"Y2IQFc\" lang=\"vi\">\u00c2m thanh n\u1ed5i m\u1ea1nh m\u1ebd v\u1edbi hai loa 8W, mang \u0111\u1ebfn tr\u1ea3i nghi\u1ec7m \u00e2m thanh m\u1ea1nh m\u1ebd, gi\u1eef nguy\u00ean t\u1eebng chi ti\u1ebft.<\/span><img loading=\"lazy\" decoding=\"async\" class=\"aligncenter wp-image-68037 size-full\" src=\"https:\/\/tivixiaomi.co\/wp-content\/uploads\/2024\/04\/X6-jpg.webp\" alt=\"\" width=\"1246\" height=\"860\" srcset=\"https:\/\/tivixiaomi.co\/wp-content\/uploads\/2024\/04\/X6-jpg.webp 1246w, https:\/\/tivixiaomi.co\/wp-content\/uploads\/2024\/04\/X6-jpg-150x104.webp 150w, https:\/\/tivixiaomi.co\/wp-content\/uploads\/2024\/04\/X6-jpg-600x414.webp 600w, https:\/\/tivixiaomi.co\/wp-content\/uploads\/2024\/04\/X6-300x207.webp 300w, https:\/\/tivixiaomi.co\/wp-content\/uploads\/2024\/04\/X6-1024x707.webp 1024w, https:\/\/tivixiaomi.co\/wp-content\/uploads\/2024\/04\/X6-768x530.webp 768w\" sizes=\"(max-width: 1246px) 100vw, 1246px\" \/><\/p>\n<hr class=\"mx-0 my-3 my-lg-4 \" \/>\n<p>DTS \u1ea3o:X Tr\u1ea3i nghi\u1ec7m \u00e2m thanh \u0111i\u1ec7n \u1ea3nh Th\u00f4ng qua thu\u1eadt to\u00e1n \u0111\u1ed9c \u0111\u00e1o,<br \/>\nDTS Virtual:X bi\u1ebfn \u00e2m thanh hai chi\u1ec1u th\u00e0nh \u00e2m tr\u01b0\u1eddng \u0111a chi\u1ec1u, t\u1ea1o c\u1ea3m gi\u00e1c v\u1ec1 chi\u1ec1u cao v\u00e0 kh\u00f4ng gian.<br \/>\n\u0110\u1eafm ch\u00ecm trong \u00e2m thanh phong ph\u00fa, chi ti\u1ebft h\u01a1n bao gi\u1edd h\u1ebft v\u1edbi gi\u1ea3i m\u00e3 k\u00e9p c\u1ee7a Dolby Audio v\u00e0 DTS:X.<img loading=\"lazy\" decoding=\"async\" class=\"aligncenter wp-image-68040 size-full\" src=\"https:\/\/tivixiaomi.co\/wp-content\/uploads\/2024\/04\/X7-2-jpg.webp\" alt=\"\" width=\"1216\" height=\"885\" srcset=\"https:\/\/tivixiaomi.co\/wp-content\/uploads\/2024\/04\/X7-2-jpg.webp 1216w, https:\/\/tivixiaomi.co\/wp-content\/uploads\/2024\/04\/X7-2-jpg-150x109.webp 150w, https:\/\/tivixiaomi.co\/wp-content\/uploads\/2024\/04\/X7-2-jpg-600x437.webp 600w, https:\/\/tivixiaomi.co\/wp-content\/uploads\/2024\/04\/X7-2-300x218.webp 300w, https:\/\/tivixiaomi.co\/wp-content\/uploads\/2024\/04\/X7-2-1024x745.webp 1024w, https:\/\/tivixiaomi.co\/wp-content\/uploads\/2024\/04\/X7-2-768x559.webp 768w\" sizes=\"(max-width: 1216px) 100vw, 1216px\" \/><img loading=\"lazy\" decoding=\"async\" class=\"aligncenter wp-image-67973 size-full\" src=\"https:\/\/tivixiaomi.co\/wp-content\/uploads\/2024\/04\/S8-jpg.webp\" alt=\"\" width=\"937\" height=\"262\" srcset=\"https:\/\/tivixiaomi.co\/wp-content\/uploads\/2024\/04\/S8-jpg.webp 937w, https:\/\/tivixiaomi.co\/wp-content\/uploads\/2024\/04\/S8-jpg-150x42.webp 150w, https:\/\/tivixiaomi.co\/wp-content\/uploads\/2024\/04\/S8-jpg-600x168.webp 600w, https:\/\/tivixiaomi.co\/wp-content\/uploads\/2024\/04\/S8-300x84.webp 300w, https:\/\/tivixiaomi.co\/wp-content\/uploads\/2024\/04\/S8-768x215.webp 768w\" sizes=\"(max-width: 937px) 100vw, 937px\" \/><\/p>\n<hr class=\"mx-0 my-3 my-lg-4 \" \/>\n<p><span class=\"Y2IQFc\" lang=\"vi\">Kh\u00f4ng c\u00f2n ph\u1ea3i nh\u1ea3y t\u1eeb \u1ee9ng d\u1ee5ng n\u00e0y sang \u1ee9ng d\u1ee5ng kh\u00e1c. Google TV\u2122 t\u1eadp h\u1ee3p c\u00e1c b\u1ed9 phim, ch\u01b0\u01a1ng tr\u00ecnh v\u00e0 nhi\u1ec1u n\u1ed9i dung kh\u00e1c t\u1eeb t\u1ea5t c\u1ea3 \u0111\u0103ng k\u00fd c\u1ee7a b\u1ea1n \u0111\u1ec3 ch\u00fang \u1edf c\u00f9ng m\u1ed9t n\u01a1i. C\u1ea7n ngu\u1ed3n c\u1ea3m h\u1ee9ng?<br \/>\nNh\u1eadn c\u00e1c \u0111\u1ec1 xu\u1ea5t \u0111\u01b0\u1ee3c tuy\u1ec3n ch\u1ecdn, s\u1eed d\u1ee5ng t\u00ednh n\u0103ng t\u00ecm ki\u1ebfm m\u1ea1nh m\u1ebd c\u1ee7a Google \u0111\u1ec3 t\u00ecm c\u00e1c ch\u01b0\u01a1ng tr\u00ecnh tr\u00ean h\u01a1n 10.000 \u1ee9ng d\u1ee5ng ho\u1eb7c duy\u1ec7t qua h\u00e0ng tr\u0103m k\u00eanh mi\u1ec5n ph\u00ed. V\u00e0 v\u1edbi h\u1ed3 s\u01a1 \u0111\u01b0\u1ee3c c\u00e1 nh\u00e2n h\u00f3a, tr\u1ea3i nghi\u1ec7m c\u1ee7a m\u1ecdi ng\u01b0\u1eddi \u0111\u1ec1u \u0111\u01b0\u1ee3c t\u00f9y ch\u1ec9nh cho ph\u00f9 h\u1ee3p v\u1edbi h\u1ecd.<\/span><img loading=\"lazy\" decoding=\"async\" class=\"aligncenter wp-image-68041 size-full\" src=\"https:\/\/tivixiaomi.co\/wp-content\/uploads\/2024\/04\/X8-jpg.webp\" alt=\"\" width=\"1124\" height=\"793\" srcset=\"https:\/\/tivixiaomi.co\/wp-content\/uploads\/2024\/04\/X8-jpg.webp 1124w, https:\/\/tivixiaomi.co\/wp-content\/uploads\/2024\/04\/X8-jpg-150x106.webp 150w, https:\/\/tivixiaomi.co\/wp-content\/uploads\/2024\/04\/X8-jpg-600x423.webp 600w, https:\/\/tivixiaomi.co\/wp-content\/uploads\/2024\/04\/X8-300x212.webp 300w, https:\/\/tivixiaomi.co\/wp-content\/uploads\/2024\/04\/X8-1024x722.webp 1024w, https:\/\/tivixiaomi.co\/wp-content\/uploads\/2024\/04\/X8-768x542.webp 768w\" sizes=\"(max-width: 1124px) 100vw, 1124px\" \/><img loading=\"lazy\" decoding=\"async\" class=\"aligncenter size-full wp-image-67976\" src=\"https:\/\/tivixiaomi.co\/wp-content\/uploads\/2024\/04\/S10-jpg.webp\" alt=\"\" width=\"973\" height=\"185\" srcset=\"https:\/\/tivixiaomi.co\/wp-content\/uploads\/2024\/04\/S10-jpg.webp 973w, https:\/\/tivixiaomi.co\/wp-content\/uploads\/2024\/04\/S10-jpg-150x29.webp 150w, https:\/\/tivixiaomi.co\/wp-content\/uploads\/2024\/04\/S10-jpg-600x114.webp 600w, https:\/\/tivixiaomi.co\/wp-content\/uploads\/2024\/04\/S10-300x57.webp 300w, https:\/\/tivixiaomi.co\/wp-content\/uploads\/2024\/04\/S10-768x146.webp 768w\" sizes=\"(max-width: 973px) 100vw, 973px\" \/><\/p>\n<hr class=\"mx-0 my-3 my-lg-4 \" \/>\n<p><span class=\"Y2IQFc\" lang=\"vi\">TV c\u1ee7a b\u1ea1n h\u1eefu \u00edch h\u01a1n bao gi\u1edd h\u1ebft. Y\u00eau c\u1ea7u Tr\u1ee3 l\u00fd Google t\u00ecm phim, truy\u1ec1n ph\u00e1t \u1ee9ng d\u1ee5ng, ph\u00e1t nh\u1ea1c v\u00e0 \u0111i\u1ec1u khi\u1ec3n TV &#8211; t\u1ea5t c\u1ea3 \u0111\u1ec1u b\u1eb1ng gi\u1ecdng n\u00f3i c\u1ee7a b\u1ea1n.<br \/>\nTh\u1eadm ch\u00ed nh\u1eadn \u0111\u01b0\u1ee3c c\u00e2u tr\u1ea3 l\u1eddi, \u0111i\u1ec1u khi\u1ec3n c\u00e1c thi\u1ebft b\u1ecb nh\u00e0 th\u00f4ng minh v\u00e0 h\u01a1n th\u1ebf n\u1eefa. Nh\u1ea5n n\u00fat Google Assistant tr\u00ean \u0111i\u1ec1u khi\u1ec3n t\u1eeb xa \u0111\u1ec3 b\u1eaft \u0111\u1ea7u.<\/span><img loading=\"lazy\" decoding=\"async\" class=\"aligncenter wp-image-68042 size-full\" src=\"https:\/\/tivixiaomi.co\/wp-content\/uploads\/2024\/04\/X9-jpg.webp\" alt=\"\" width=\"1274\" height=\"864\" srcset=\"https:\/\/tivixiaomi.co\/wp-content\/uploads\/2024\/04\/X9-jpg.webp 1274w, https:\/\/tivixiaomi.co\/wp-content\/uploads\/2024\/04\/X9-jpg-150x102.webp 150w, https:\/\/tivixiaomi.co\/wp-content\/uploads\/2024\/04\/X9-jpg-600x407.webp 600w, https:\/\/tivixiaomi.co\/wp-content\/uploads\/2024\/04\/X9-300x203.webp 300w, https:\/\/tivixiaomi.co\/wp-content\/uploads\/2024\/04\/X9-1024x694.webp 1024w, https:\/\/tivixiaomi.co\/wp-content\/uploads\/2024\/04\/X9-768x521.webp 768w\" sizes=\"(max-width: 1274px) 100vw, 1274px\" \/><\/p>\n<hr class=\"mx-0 my-3 my-lg-4 \" \/>\n<p><span class=\"Y2IQFc\" lang=\"vi\">Tr\u1ea3i nghi\u1ec7m s\u1ef1 t\u1ef1 do li\u1ec1n m\u1ea1ch v\u00e0 kh\u00f4ng b\u1ecb gi\u1edbi h\u1ea1n v\u1edbi \u0111i\u1ec1u khi\u1ec3n t\u1eeb xa Bluetooth. M\u1edf kh\u00f3a nhi\u1ec1u ni\u1ec1m vui h\u01a1n v\u1edbi c\u00e1c n\u00fat t\u1eaft ti\u1ec7n l\u1ee3i.<\/span><img loading=\"lazy\" decoding=\"async\" class=\"aligncenter wp-image-68149 size-full\" src=\"https:\/\/tivixiaomi.co\/wp-content\/uploads\/2024\/04\/ti4-jpg.webp\" alt=\"\" width=\"1546\" height=\"803\" srcset=\"https:\/\/tivixiaomi.co\/wp-content\/uploads\/2024\/04\/ti4-jpg.webp 1546w, https:\/\/tivixiaomi.co\/wp-content\/uploads\/2024\/04\/ti4-jpg-150x78.webp 150w, https:\/\/tivixiaomi.co\/wp-content\/uploads\/2024\/04\/ti4-jpg-600x312.webp 600w, https:\/\/tivixiaomi.co\/wp-content\/uploads\/2024\/04\/ti4-300x156.webp 300w, https:\/\/tivixiaomi.co\/wp-content\/uploads\/2024\/04\/ti4-1024x532.webp 1024w, https:\/\/tivixiaomi.co\/wp-content\/uploads\/2024\/04\/ti4-768x399.webp 768w, https:\/\/tivixiaomi.co\/wp-content\/uploads\/2024\/04\/ti4-1536x798.webp 1536w\" sizes=\"(max-width: 1546px) 100vw, 1546px\" \/><\/p>\n<hr class=\"mx-0 my-3 my-lg-4 \" \/>\n<p><span class=\"Y2IQFc\" lang=\"vi\">Ngo\u00e0i Miracast, b\u1ea1n c\u00f3 th\u1ec3 d\u1ec5 d\u00e0ng truy\u1ec1n phim, ch\u01b0\u01a1ng tr\u00ecnh, \u1ea3nh, v.v. t\u1eeb \u0111i\u1ec7n tho\u1ea1i ho\u1eb7c m\u00e1y t\u00ednh b\u1ea3ng c\u1ee7a m\u00ecnh t\u1edbi TV b\u1eb1ng Chromecast t\u00edch h\u1ee3p\u2122.<\/span><img loading=\"lazy\" decoding=\"async\" class=\"aligncenter wp-image-68044 size-full\" src=\"https:\/\/tivixiaomi.co\/wp-content\/uploads\/2024\/04\/X11-jpg.webp\" alt=\"\" width=\"1478\" height=\"802\" srcset=\"https:\/\/tivixiaomi.co\/wp-content\/uploads\/2024\/04\/X11-jpg.webp 1478w, https:\/\/tivixiaomi.co\/wp-content\/uploads\/2024\/04\/X11-jpg-150x81.webp 150w, https:\/\/tivixiaomi.co\/wp-content\/uploads\/2024\/04\/X11-jpg-600x326.webp 600w, https:\/\/tivixiaomi.co\/wp-content\/uploads\/2024\/04\/X11-300x163.webp 300w, https:\/\/tivixiaomi.co\/wp-content\/uploads\/2024\/04\/X11-1024x556.webp 1024w, https:\/\/tivixiaomi.co\/wp-content\/uploads\/2024\/04\/X11-768x417.webp 768w\" sizes=\"(max-width: 1478px) 100vw, 1478px\" \/><\/p>\n<hr class=\"mx-0 my-3 my-lg-4 \" \/>\n<p><span class=\"Y2IQFc\" lang=\"vi\">Tr\u1ea3i nghi\u1ec7m h\u00ecnh \u1ea3nh v\u00f4 h\u1ea1n v\u00e0 t\u1ef7 l\u1ec7 m\u00e0n h\u00ecnh tr\u00ean th\u00e2n m\u00e1y v\u01b0\u1ee3t tr\u1ed9i v\u1edbi thi\u1ebft k\u1ebf kh\u00f4ng vi\u1ec1n v\u00e0 s\u1eb5n s\u00e0ng \u0111\u1eafm m\u00ecnh trong tr\u1ea3i nghi\u1ec7m xem thu\u1ea7n t\u00fay, kh\u00f4ng b\u1ecb gi\u00e1n \u0111o\u1ea1n.<\/span><\/p>\n<p><img loading=\"lazy\" decoding=\"async\" class=\"aligncenter wp-image-68143 size-full\" src=\"https:\/\/tivixiaomi.co\/wp-content\/uploads\/2024\/05\/76a-jpg.webp\" alt=\"\" width=\"1898\" height=\"896\" srcset=\"https:\/\/tivixiaomi.co\/wp-content\/uploads\/2024\/05\/76a-jpg.webp 1898w, https:\/\/tivixiaomi.co\/wp-content\/uploads\/2024\/05\/76a-jpg-150x71.webp 150w, https:\/\/tivixiaomi.co\/wp-content\/uploads\/2024\/05\/76a-jpg-600x283.webp 600w, https:\/\/tivixiaomi.co\/wp-content\/uploads\/2024\/05\/76a-300x142.webp 300w, https:\/\/tivixiaomi.co\/wp-content\/uploads\/2024\/05\/76a-1024x483.webp 1024w, https:\/\/tivixiaomi.co\/wp-content\/uploads\/2024\/05\/76a-768x363.webp 768w, https:\/\/tivixiaomi.co\/wp-content\/uploads\/2024\/05\/76a-1536x725.webp 1536w\" sizes=\"(max-width: 1898px) 100vw, 1898px\" \/><\/p>\n<hr class=\"mx-0 my-3 my-lg-4 \" \/>\n<p>C\u1ea3m nh\u1eadn v\u1ebb \u0111\u1eb9p ho\u00e0n h\u1ea3o, ch\u1ea5t l\u01b0\u1ee3ng cao c\u1ea5p v\u00e0 k\u1ebft c\u1ea5u phong ph\u00fa do thi\u1ebft k\u1ebf nguy\u00ean kh\u1ed1i mang l\u1ea1i.<img loading=\"lazy\" decoding=\"async\" class=\"aligncenter wp-image-68050 size-full\" src=\"https:\/\/tivixiaomi.co\/wp-content\/uploads\/2024\/04\/X14-jpg.webp\" alt=\"\" width=\"1185\" height=\"839\" srcset=\"https:\/\/tivixiaomi.co\/wp-content\/uploads\/2024\/04\/X14-jpg.webp 1185w, https:\/\/tivixiaomi.co\/wp-content\/uploads\/2024\/04\/X14-jpg-150x106.webp 150w, https:\/\/tivixiaomi.co\/wp-content\/uploads\/2024\/04\/X14-jpg-600x425.webp 600w, https:\/\/tivixiaomi.co\/wp-content\/uploads\/2024\/04\/X14-300x212.webp 300w, https:\/\/tivixiaomi.co\/wp-content\/uploads\/2024\/04\/X14-1024x725.webp 1024w, https:\/\/tivixiaomi.co\/wp-content\/uploads\/2024\/04\/X14-768x544.webp 768w\" sizes=\"(max-width: 1185px) 100vw, 1185px\" \/><img loading=\"lazy\" decoding=\"async\" class=\"aligncenter wp-image-68051 size-full\" src=\"https:\/\/tivixiaomi.co\/wp-content\/uploads\/2024\/04\/X15-jpg.webp\" alt=\"\" width=\"1509\" height=\"699\" srcset=\"https:\/\/tivixiaomi.co\/wp-content\/uploads\/2024\/04\/X15-jpg.webp 1509w, https:\/\/tivixiaomi.co\/wp-content\/uploads\/2024\/04\/X15-jpg-150x69.webp 150w, https:\/\/tivixiaomi.co\/wp-content\/uploads\/2024\/04\/X15-jpg-600x278.webp 600w, https:\/\/tivixiaomi.co\/wp-content\/uploads\/2024\/04\/X15-300x139.webp 300w, https:\/\/tivixiaomi.co\/wp-content\/uploads\/2024\/04\/X15-1024x474.webp 1024w, https:\/\/tivixiaomi.co\/wp-content\/uploads\/2024\/04\/X15-768x356.webp 768w\" sizes=\"(max-width: 1509px) 100vw, 1509px\" \/><\/p>\n","protected":false},"excerpt":{"rendered":"<ul>\n<li>D\u00f2ng A 2025 Series<\/li>\n<li>M\u00e0n h\u00ecnh: 4K 60Hz<\/li>\n<li>RAM: 2GB<\/li>\n<li>Dung l\u01b0\u1ee3ng: 8GB<\/li>\n<\/ul>\n","protected":false},"featured_media":67959,"comment_status":"open","ping_status":"closed","template":"","meta":[],"product_brand":[],"product_cat":[442,240],"product_tag":[],"class_list":{"0":"post-67988","1":"product","2":"type-product","3":"status-publish","4":"has-post-thumbnail","6":"product_cat-smart-tivi-xiaomi-a","7":"product_cat-tivi-xiaomi-49-50-inch","9":"first","10":"instock","11":"shipping-taxable","12":"purchasable","13":"product-type-simple"},"_links":{"self":[{"href":"https:\/\/tivixiaomi.co\/en\/wp-json\/wp\/v2\/product\/67988"}],"collection":[{"href":"https:\/\/tivixiaomi.co\/en\/wp-json\/wp\/v2\/product"}],"about":[{"href":"https:\/\/tivixiaomi.co\/en\/wp-json\/wp\/v2\/types\/product"}],"replies":[{"embeddable":true,"href":"https:\/\/tivixiaomi.co\/en\/wp-json\/wp\/v2\/comments?post=67988"}],"version-history":[{"count":0,"href":"https:\/\/tivixiaomi.co\/en\/wp-json\/wp\/v2\/product\/67988\/revisions"}],"wp:featuredmedia":[{"embeddable":true,"href":"https:\/\/tivixiaomi.co\/en\/wp-json\/wp\/v2\/media\/67959"}],"wp:attachment":[{"href":"https:\/\/tivixiaomi.co\/en\/wp-json\/wp\/v2\/media?parent=67988"}],"wp:term":[{"taxonomy":"product_brand","embeddable":true,"href":"https:\/\/tivixiaomi.co\/en\/wp-json\/wp\/v2\/product_brand?post=67988"},{"taxonomy":"product_cat","embeddable":true,"href":"https:\/\/tivixiaomi.co\/en\/wp-json\/wp\/v2\/product_cat?post=67988"},{"taxonomy":"product_tag","embeddable":true,"href":"https:\/\/tivixiaomi.co\/en\/wp-json\/wp\/v2\/product_tag?post=67988"}],"curies":[{"name":"wp","href":"https:\/\/api.w.org\/{rel}","templated":true}]}}