{"id":67996,"date":"2024-04-27T17:23:45","date_gmt":"2024-04-27T10:23:45","guid":{"rendered":"https:\/\/tivixiaomi.co\/?post_type=product&#038;p=67996"},"modified":"2025-05-11T00:00:08","modified_gmt":"2025-05-10T17:00:08","slug":"xiaomi-tv-a-pro-43-2025","status":"publish","type":"product","link":"https:\/\/tivixiaomi.co\/en\/tivi\/xiaomi-tv-a-pro-43-2025\/","title":{"rendered":"Tivi Xiaomi A Pro 43 2025 (Gi\u00e1 \u0111\u00e3 bao g\u1ed3m thu\u1ebf gi\u00e1 tr\u1ecb gia t\u0103ng v\u00e0 g\u00f3i d\u1ecbch v\u1ee5 2 n\u0103m b\u1ea3o h\u00e0nh)"},"content":{"rendered":"","protected":false},"excerpt":{"rendered":"<ul>\n<li>D\u00f2ng A Pro 2025 Series<\/li>\n<li>M\u00e0n h\u00ecnh: 4K<\/li>\n<li>RAM: 2GB<\/li>\n<li>Dung l\u01b0\u1ee3ng: 8GB<\/li>\n<\/ul>\n","protected":false},"featured_media":67997,"comment_status":"open","ping_status":"closed","template":"","meta":[],"product_brand":[],"product_cat":[407,783,667,245],"product_tag":[],"class_list":{"0":"post-67996","1":"product","2":"type-product","3":"status-publish","4":"has-post-thumbnail","6":"product_cat-qled-tv-oled-tv","7":"product_cat-tivi-xiaomi-43-inch-2","8":"product_cat-xiaomi-tv-a-pro-2025-series","9":"product_cat-tivi-xiaomi-43-inch","11":"first","12":"instock","13":"shipping-taxable","14":"purchasable","15":"product-type-simple"},"_links":{"self":[{"href":"https:\/\/tivixiaomi.co\/en\/wp-json\/wp\/v2\/product\/67996"}],"collection":[{"href":"https:\/\/tivixiaomi.co\/en\/wp-json\/wp\/v2\/product"}],"about":[{"href":"https:\/\/tivixiaomi.co\/en\/wp-json\/wp\/v2\/types\/product"}],"replies":[{"embeddable":true,"href":"https:\/\/tivixiaomi.co\/en\/wp-json\/wp\/v2\/comments?post=67996"}],"version-history":[{"count":3,"href":"https:\/\/tivixiaomi.co\/en\/wp-json\/wp\/v2\/product\/67996\/revisions"}],"predecessor-version":[{"id":77857,"href":"https:\/\/tivixiaomi.co\/en\/wp-json\/wp\/v2\/product\/67996\/revisions\/77857"}],"wp:featuredmedia":[{"embeddable":true,"href":"https:\/\/tivixiaomi.co\/en\/wp-json\/wp\/v2\/media\/67997"}],"wp:attachment":[{"href":"https:\/\/tivixiaomi.co\/en\/wp-json\/wp\/v2\/media?parent=67996"}],"wp:term":[{"taxonomy":"product_brand","embeddable":true,"href":"https:\/\/tivixiaomi.co\/en\/wp-json\/wp\/v2\/product_brand?post=67996"},{"taxonomy":"product_cat","embeddable":true,"href":"https:\/\/tivixiaomi.co\/en\/wp-json\/wp\/v2\/product_cat?post=67996"},{"taxonomy":"product_tag","embeddable":true,"href":"https:\/\/tivixiaomi.co\/en\/wp-json\/wp\/v2\/product_tag?post=67996"}],"curies":[{"name":"wp","href":"https:\/\/api.w.org\/{rel}","templated":true}]}}