{"id":68019,"date":"2024-04-29T10:25:22","date_gmt":"2024-04-29T03:25:22","guid":{"rendered":"https:\/\/tivixiaomi.co\/?post_type=product&#038;p=68019"},"modified":"2025-07-14T11:51:11","modified_gmt":"2025-07-14T04:51:11","slug":"xiaomi-tv-a-pro-55-2025","status":"publish","type":"product","link":"https:\/\/tivixiaomi.co\/en\/tivi\/xiaomi-tv-a-pro-55-2025\/","title":{"rendered":"Tivi Xiaomi A Pro 55 2025 Series (Gi\u00e1 \u0111\u00e3 bao g\u1ed3m thu\u1ebf gi\u00e1 tr\u1ecb gia t\u0103ng v\u00e0 g\u00f3i d\u1ecbch v\u1ee5 2 n\u0103m b\u1ea3o h\u00e0nh)"},"content":{"rendered":"<p><strong><em>Google Tivi Xiaomi A Pro 4K 55 inch L55MA-SSEA\u00a0cho b\u1ea1n tr\u1ea3i nghi\u1ec7m c\u00e1c n\u1ed9i dung 4K h\u1ea5p d\u1eabn tr\u00ean m\u00e0n h\u00ecnh 55 inch, thi\u1ebft k\u1ebf tr\u00e0n vi\u1ec1n sang tr\u1ecdng, c\u00f4ng ngh\u1ec7 m\u00e0n h\u00ecnh ch\u1ea5m l\u01b0\u1ee3ng t\u1eed cho m\u00e0u s\u1eafc s\u1ed1ng \u0111\u1ed9ng, c\u00f4ng ngh\u1ec7 Dolby Audio t\u00e1i t\u1ea1o \u00e2m thanh v\u00f2m ch\u00e2n th\u1eadt, h\u1ec7 \u0111i\u1ec1u h\u00e0nh Google TV v\u1edbi kho \u1ee9ng d\u1ee5ng phong ph\u00fa th\u1ecfa m\u00e3n nhu c\u1ea7u gi\u1ea3i tr\u00ed c\u1ee7a gia \u0111\u00ecnh.<\/em><\/strong><\/p>\n<h3>Thi\u1ebft k\u1ebf<\/h3>\n<p>&#8211;\u00a0<strong>Tivi Xiaomi A Pro 4K 55 inch L55MA-SSEA<\/strong>\u00a0v\u1edbi thi\u1ebft k\u1ebf tr\u00e0n vi\u1ec1n c\u00f9ng ch\u1ea5t li\u1ec7u kim lo\u1ea1i t\u1ea1o n\u00ean s\u1ef1 sang tr\u1ecdng cho kh\u00f4ng gian ph\u00f2ng kh\u00e1ch c\u1ee7a gia \u0111\u00ecnh. Vi\u1ec1n m\u00e0n h\u00ecnh m\u1ecfng g\u00f3p ph\u1ea7n mang \u0111\u1ebfn t\u1ea7m nh\u00ecn r\u1ed9ng cho b\u1ea1n \u0111\u1eafm ch\u00ecm trong c\u00e1c n\u1ed9i dung \u0111ang tr\u00ecnh chi\u1ebfu.<\/p>\n<p>&#8211;\u00a0K\u00edch th\u01b0\u1edbc m\u00e0n h\u00ecnh 55 inch\u00a0ph\u00f9 h\u1ee3p \u0111\u1ec3 trang tr\u00ed trong c\u00e1c ph\u00f2ng c\u00f3 di\u1ec7n t\u00edch v\u1eeba. Ch\u00e2n \u0111\u1ebf ki\u1ec3u c<strong>h\u1eef V \u00fap ng\u01b0\u1ee3c<\/strong>, l\u00e0m t\u1eeb ch\u1ea5t li\u1ec7u\u00a0<strong>nh\u1ef1a l\u00f5i th\u00e9p<\/strong>\u00a0cho \u0111\u1ed9 b\u1ec1n t\u1ed1t n\u00e2ng \u0111\u1ee1\u00a0\u0111\u1ee9ng \u1ed5n \u0111\u1ecbnh, kh\u00f4ng b\u1ecb nghi\u00eang, \u0111\u1ed5 trong su\u1ed1t th\u1eddi gian s\u1eed d\u1ee5ng.<\/p>\n<p><a class=\"preventdefault\" href=\"https:\/\/cdn.tgdd.vn\/Products\/1942\/327369\/google-tivi-xiaomi-a-pro-4k-55-inch-l55ma-ssea-1-1020x570.jpg\" target=\"_blank\" rel=\"noopener\"><img fetchpriority=\"high\" decoding=\"async\" class=\" lazyloaded\" title=\"Google Tivi Xiaomi A Pro 4K 55 inch L55MA-SSEA - Thi\u1ebft k\u1ebf\" src=\"https:\/\/cdn.tgdd.vn\/Products\/1942\/327369\/google-tivi-xiaomi-a-pro-4k-55-inch-l55ma-ssea-1-1020x570.jpg\" alt=\"\" width=\"1020\" height=\"570\" data-src=\"https:\/\/cdn.tgdd.vn\/Products\/1942\/327369\/google-tivi-xiaomi-a-pro-4k-55-inch-l55ma-ssea-1-1020x570.jpg\" \/><\/a><\/p>\n<p><em>*H\u00ecnh \u1ea3nh ch\u1ec9 mang t\u00ednh ch\u1ea5t minh h\u1ecda<\/em><\/p>\n<h3>C\u00f4ng ngh\u1ec7 h\u00ecnh \u1ea3nh<\/h3>\n<p>&#8211;\u00a0\u0110\u1ed9 ph\u00e2n gi\u1ea3i\u00a04K\u00a0t\u00e1i t\u1ea1o h\u00ecnh \u1ea3nh s\u1eafc n\u00e9t g\u1ea5p 4 l\u1ea7n m\u00e0n h\u00ecnh Full HD, \u0111em \u0111\u1ebfn cho ng\u01b0\u1eddi xem nh\u1eefng khung h\u00ecnh 4K b\u1eaft m\u1eaft.<\/p>\n<p>&#8211;<strong>\u00a0B\u1ed9 x\u1eed l\u00fd Mali-G52 MC1\u00a0<\/strong>ho\u1ea1t \u0111\u1ed9ng hi\u1ec7u qu\u1ea3, th\u1ef1c hi\u1ec7n c\u00e1c t\u00e1c v\u1ee5 m\u01b0\u1ee3t m\u00e0, t\u1ed1i \u01b0u h\u00f3a ch\u1ea5t l\u01b0\u1ee3ng h\u00ecnh \u1ea3nh, \u00e2m thanh \u0111\u1ec3 ng\u01b0\u1eddi xem c\u00f3 \u0111\u01b0\u1ee3c tr\u1ea3i nghi\u1ec7m nghe nh\u00ecn tuy\u1ec7t v\u1eddi.<\/p>\n<p><a class=\"preventdefault\" href=\"https:\/\/cdn.tgdd.vn\/Products\/Images\/1942\/327369\/google-tivi-xiaomi-a-pro-4k-55-inch-l55ma-ssea-2-1.jpg\" target=\"_blank\" rel=\"noopener\"><img decoding=\"async\" class=\" lazyloaded\" title=\"Google Tivi Xiaomi A Pro 4K 55 inch L55MA-SSEA - C\u00f4ng ngh\u1ec7 h\u00ecnh \u1ea3nh\" src=\"https:\/\/cdn.tgdd.vn\/Products\/Images\/1942\/327369\/google-tivi-xiaomi-a-pro-4k-55-inch-l55ma-ssea-2-1.jpg\" alt=\"Google Tivi Xiaomi A Pro 4K 55 inch L55MA-SSEA - C\u00f4ng ngh\u1ec7 h\u00ecnh \u1ea3nh\" data-src=\"https:\/\/cdn.tgdd.vn\/Products\/Images\/1942\/327369\/google-tivi-xiaomi-a-pro-4k-55-inch-l55ma-ssea-2-1.jpg\" \/><\/a><\/p>\n<p><em>*H\u00ecnh \u1ea3nh ch\u1ec9 mang t\u00ednh ch\u1ea5t minh h\u1ecda<\/em><\/p>\n<p>&#8211;\u00a0<strong>C\u00f4ng ngh\u1ec7 HDR10<\/strong>\u00a0t\u0103ng c\u01b0\u1eddng m\u00e0u s\u1eafc, \u0111\u1ed9 t\u01b0\u01a1ng ph\u1ea3n, \u0111\u1ed9 s\u00e1ng \u0111\u1ec3 h\u00ecnh \u1ea3nh hi\u1ec3n th\u1ecb chi ti\u1ebft, s\u1eafc n\u00e9t.\u00a0<strong>C\u00f4ng ngh\u1ec7 HLG<\/strong>\u00a0cho ph\u00e9p h\u00ecnh \u1ea3nh \u0111\u1ea1t \u0111\u01b0\u1ee3c \u0111\u1ed9 t\u01b0\u01a1ng ph\u1ea3n cao h\u01a1n, gi\u00fap h\u00ecnh \u1ea3nh ch\u00e2n th\u1eadt h\u01a1n.<\/p>\n<p>&#8211;\u00a0<strong>C\u00f4ng ngh\u1ec7 m\u00e0n h\u00ecnh ch\u1ea5m l\u01b0\u1ee3ng t\u1eed Quantum Dot<\/strong>\u00a0t\u00e1i hi\u1ec7n m\u00e0u s\u1eafc hi\u1ec3n th\u1ecb s\u1ed1ng \u0111\u1ed9ng, t\u1ef1 nhi\u00ean t\u1eeb \u0111\u00f3 t\u1ea1o n\u00ean nh\u1eefng khung h\u00ecnh chu\u1ea9n \u0111i\u1ec7n \u1ea3nh.\u00a0<strong>M\u00e0n h\u00ecnh ch\u1ea5m l\u01b0\u1ee3ng t\u1eed\u00a0<\/strong>c\u00f2n gi\u00fap ng\u01b0\u1eddi xem h\u1ea1n ch\u1ebf t\u00ecnh tr\u1ea1ng ch\u00f3i l\u00f3a gi\u00fap ng\u01b0\u1eddi xem \u0111\u1eafm ch\u00ecm trong nh\u1eefng khung h\u00ecnh ch\u1ea5t l\u01b0\u1ee3ng 4K.<\/p>\n<p><a class=\"preventdefault\" href=\"https:\/\/cdn.tgdd.vn\/Products\/1942\/327369\/google-tivi-xiaomi-a-pro-4k-55-inch-l55ma-ssea-3-1020x570.jpg\" target=\"_blank\" rel=\"noopener\"><img decoding=\"async\" class=\" lazyloaded\" title=\"Google Tivi Xiaomi A Pro 4K 55 inch L55MA-SSEA - C\u00f4ng ngh\u1ec7 h\u00ecnh \u1ea3nh\" src=\"https:\/\/cdn.tgdd.vn\/Products\/1942\/327369\/google-tivi-xiaomi-a-pro-4k-55-inch-l55ma-ssea-3-1020x570.jpg\" alt=\"\" width=\"1020\" height=\"570\" data-src=\"https:\/\/cdn.tgdd.vn\/Products\/1942\/327369\/google-tivi-xiaomi-a-pro-4k-55-inch-l55ma-ssea-3-1020x570.jpg\" \/><\/a><\/p>\n<p><em>*H\u00ecnh \u1ea3nh ch\u1ec9 mang t\u00ednh ch\u1ea5t minh h\u1ecda<\/em><\/p>\n<h3>C\u00f4ng ngh\u1ec7 \u00e2m thanh<\/h3>\n<p>&#8211;\u00a0<a title=\"Xem th\u00eam tivi Xiaomi \u0111ang kinh doanh t\u1ea1i \u0110i\u1ec7n m\u00e1y XANH\" href=\"https:\/\/www.dienmayxanh.com\/tivi-xiaomi\" target=\"_blank\" rel=\"noopener\">Tivi Xiaomi<\/a>\u00a0n\u00e0y c\u00f3 h\u1ec7 th\u1ed1ng 2 loa v\u1edbi t\u1ed5ng\u00a0<strong>c\u00f4ng su\u1ea5t 20W<\/strong>\u00a0cho ng\u01b0\u1eddi nghe t\u1eadn h\u01b0\u1edfng nh\u1eefng ch\u1ea5t \u00e2m m\u1ea1nh m\u1ebd.<\/p>\n<p>&#8211; C\u00f4ng ngh\u1ec7\u00a0Dolby Audio\u00a0gi\u1ea3 l\u1eadp l\u1ea1i hi\u1ec7u \u1ee9ng \u00e2m thanh v\u00f2m v\u1edbi ch\u1ea5t \u00e2m ph\u00e1t ra t\u1eeb nhi\u1ec1u h\u01b0\u1edbng t\u1eeb \u0111\u00f3 ng\u01b0\u1eddi nghe c\u00f3 th\u1ec3 th\u01b0\u1edfng th\u1ee9c nh\u1eefng b\u1ea3n nh\u1ea1c, xem phim v\u1edbi ch\u1ea5t l\u01b0\u1ee3ng \u00e2m thanh s\u1ed1ng \u0111\u1ed9ng, l\u00f4i cu\u1ed1n h\u01a1n.<\/p>\n<p>&#8211; C\u00f4ng ngh\u1ec7\u00a0<strong>DTS-X<\/strong>,\u00a0<strong>DTS Virtual:X<\/strong>\u00a0t\u1ea1o n\u00ean kh\u00f4ng gian \u00e2m thanh \u0111a chi\u1ec1u lan t\u1ecfa, cho c\u1ea3m gi\u00e1c \u00e2m thanh ch\u00e2n th\u1eadt nh\u01b0 \u0111ang ng\u1ed3i \u1edf r\u1ea1p phim.<\/p>\n<p><a class=\"preventdefault\" href=\"https:\/\/cdn.tgdd.vn\/Products\/1942\/327369\/google-tivi-xiaomi-a-pro-4k-55-inch-l55ma-ssea-4-1020x570.jpg\" target=\"_blank\" rel=\"noopener\"><img decoding=\"async\" class=\" lazyloaded\" title=\"Google Tivi Xiaomi A Pro 4K 55 inch L55MA-SSEA - C\u00f4ng ngh\u1ec7 \u00e2m thanh\" src=\"https:\/\/cdn.tgdd.vn\/Products\/1942\/327369\/google-tivi-xiaomi-a-pro-4k-55-inch-l55ma-ssea-4-1020x570.jpg\" alt=\"\" width=\"1020\" height=\"570\" data-src=\"https:\/\/cdn.tgdd.vn\/Products\/1942\/327369\/google-tivi-xiaomi-a-pro-4k-55-inch-l55ma-ssea-4-1020x570.jpg\" \/><\/a><\/p>\n<p><em>*H\u00ecnh \u1ea3nh ch\u1ec9 mang t\u00ednh ch\u1ea5t minh h\u1ecda<\/em><\/p>\n<h3>H\u1ec7 \u0111i\u1ec1u h\u00e0nh<\/h3>\n<p>&#8211; Chi\u1ebfc\u00a0tivi Xiaomi 55 inch\u00a0n\u00e0y c\u00e0i \u0111\u1eb7t h\u1ec7 \u0111i\u1ec1u h\u00e0nh\u00a0<strong>Google TV\u00a0<\/strong>s\u1edf h\u1eefu giao di\u1ec7n tr\u1ef1c quan, d\u1ec5 d\u00e0ng thao t\u00e1c l\u1ef1a ch\u1ecdn c\u00e1c n\u1ed9i dung y\u00eau th\u00edch.<\/p>\n<p>&#8211; Kho \u1ee9ng d\u1ee5ng phong ph\u00fa, nhi\u1ec1u \u1ee9ng d\u1ee5ng ph\u1ed5 bi\u1ebfn \u0111\u00e1p \u1ee9ng \u0111\u01b0\u1ee3c h\u1ea7u h\u1ebft nhu c\u1ea7u gi\u1ea3i tr\u00ed cho c\u00e1c th\u00e0nh vi\u00ean trong gia \u0111\u00ecnh nh\u01b0:\u00a0<strong>Netflix<\/strong>,\u00a0<strong>Prime Video<\/strong>,\u00a0<strong>YouTube<\/strong>&#8230;<\/p>\n<p><a class=\"preventdefault\" href=\"https:\/\/cdn.tgdd.vn\/Products\/1942\/327369\/google-tivi-xiaomi-a-pro-4k-55-inch-l55ma-ssea-5-1020x570.jpg\" target=\"_blank\" rel=\"noopener\"><img loading=\"lazy\" decoding=\"async\" class=\" lazyloaded\" title=\"Google Tivi Xiaomi A Pro 4K 55 inch L55MA-SSEA - H\u1ec7 \u0111i\u1ec1u h\u00e0nh\" src=\"https:\/\/cdn.tgdd.vn\/Products\/1942\/327369\/google-tivi-xiaomi-a-pro-4k-55-inch-l55ma-ssea-5-1020x570.jpg\" alt=\"\" width=\"1020\" height=\"570\" data-src=\"https:\/\/cdn.tgdd.vn\/Products\/1942\/327369\/google-tivi-xiaomi-a-pro-4k-55-inch-l55ma-ssea-5-1020x570.jpg\" \/><\/a><\/p>\n<p><em>*H\u00ecnh \u1ea3nh ch\u1ec9 mang t\u00ednh ch\u1ea5t minh h\u1ecda<\/em><\/p>\n<h3>Ti\u1ec7n \u00edch<\/h3>\n<p>&#8211; Tivi t\u00edch h\u1ee3p tr\u1ee3 l\u00fd \u1ea3o\u00a0<strong>Google Assistant c\u00f3 ti\u1ebfng Vi\u1ec7t\u00a0<\/strong>cho ng\u01b0\u1eddi d\u00f9ng k\u1ebft n\u1ed1i, \u0111i\u1ec1u khi\u1ec3n tivi d\u1ec5 d\u00e0ng.<\/p>\n<p>&#8211;\u00a0Remote t\u00edch h\u1ee3p micro\u00a0thi\u1ebft k\u1ebf g\u1ecdn nh\u1eb9, d\u1ec5 d\u00e0ng \u0111i\u1ec1u khi\u1ec3n b\u1eb1ng c\u00e1c ph\u00edm ch\u1ee9c n\u0103ng ho\u1eb7c n\u00f3i v\u00e0o remote \u0111\u1ec3 \u0111i\u1ec1u khi\u1ec3n tivi linh ho\u1ea1t h\u01a1n.<\/p>\n<p>&#8211;\u00a0<strong>Chromecast<\/strong>,\u00a0<strong>Miracast<\/strong>\u00a0gi\u00fap b\u1ea1n tr\u00ecnh chi\u1ebfu c\u00e1c n\u1ed9i dung video, h\u00ecnh \u1ea3nh,&#8230; t\u1eeb \u0111i\u1ec7n tho\u1ea1i l\u00ean m\u00e0n h\u00ecnh tivi.<\/p>\n<p>&#8211; \u1ee8ng d\u1ee5ng\u00a0<strong>Mi Home<\/strong>\u00a0gi\u00fap ng\u01b0\u1eddi d\u00f9ng k\u1ebft n\u1ed1i v\u00e0 \u0111i\u1ec1u khi\u1ec3n tivi c\u0169ng nh\u01b0 c\u00e1c thi\u1ebft b\u1ecb th\u00f4ng minh trong nh\u00e0.<\/p>\n<p><a class=\"preventdefault\" href=\"https:\/\/cdn.tgdd.vn\/Products\/1942\/327369\/google-tivi-xiaomi-a-pro-4k-55-inch-l55ma-ssea-6-1020x570.jpg\" target=\"_blank\" rel=\"noopener\"><img loading=\"lazy\" decoding=\"async\" class=\" lazyloaded\" title=\"Google Tivi Xiaomi A Pro 4K 55 inch L55MA-SSEA - Ti\u1ec7n \u00edch\" src=\"https:\/\/cdn.tgdd.vn\/Products\/1942\/327369\/google-tivi-xiaomi-a-pro-4k-55-inch-l55ma-ssea-6-1020x570.jpg\" alt=\"\" width=\"1020\" height=\"570\" data-src=\"https:\/\/cdn.tgdd.vn\/Products\/1942\/327369\/google-tivi-xiaomi-a-pro-4k-55-inch-l55ma-ssea-6-1020x570.jpg\" \/><\/a><\/p>\n<p><em>*H\u00ecnh \u1ea3nh ch\u1ec9 mang t\u00ednh ch\u1ea5t minh h\u1ecda<\/em><\/p>\n<p><em>T\u00f3m l\u1ea1i, Google Tivi Xiaomi A Pro 4K 55 inch L55MA-SSEA v\u1edbi thi\u1ebft k\u1ebf m\u00e0n h\u00ecnh 55 inch, vi\u1ec1n kim lo\u1ea1i ch\u1eafc ch\u1eafn, m\u00e0n h\u00ecnh hi\u1ec3n th\u1ecb 4K s\u1eafc n\u00e9t. C\u00f4ng ngh\u1ec7 m\u00e0n h\u00ecnh ch\u1ea5m l\u01b0\u1ee3ng t\u1eed Quantum Dot cho m\u00e0u s\u1eafc hi\u1ec3n th\u1ecb s\u1ed1ng \u0111\u1ed9ng, c\u00f4ng ngh\u1ec7 Dolby Audio t\u00e1i t\u1ea1o hi\u1ec7u \u1ee9ng \u00e2m thanh v\u00f2m, h\u1ec7 \u0111i\u1ec1u h\u00e0nh Google TV c\u00f9ng kho \u1ee9ng d\u1ee5ng phong ph\u00fa v\u00e0 nhi\u1ec1u ti\u1ec7n \u00edch \u0111i k\u00e8m s\u1ebd \u0111\u00e1p \u1ee9ng nhu c\u1ea7u gi\u1ea3i tr\u00ed cho c\u00e1c th\u00e0nh vi\u00ean trong gia \u0111\u00ecnh.<\/em><\/p>\n","protected":false},"excerpt":{"rendered":"<ul>\n<li>D\u00f2ng A Pro 2025 Series<\/li>\n<li>M\u00e0n h\u00ecnh: 4K<\/li>\n<li>RAM: 2GB<\/li>\n<li>Dung l\u01b0\u1ee3ng: 8GB<\/li>\n<\/ul>\n","protected":false},"featured_media":67997,"comment_status":"open","ping_status":"closed","template":"","meta":[],"product_brand":[740],"product_cat":[407,755,785,667,241],"product_tag":[],"class_list":{"0":"post-68019","1":"product","2":"type-product","3":"status-publish","4":"has-post-thumbnail","6":"product_brand-xiaomi","7":"product_cat-qled-tv-oled-tv","8":"product_cat-tv-thiet-bi-hinh-anh-xiaomi","9":"product_cat-tivi-xiaomi-55-inch","10":"product_cat-xiaomi-tv-a-pro-2025-series","11":"product_cat-tivi-xiaomi-55-59-inch","13":"first","14":"instock","15":"sale","16":"shipping-taxable","17":"purchasable","18":"product-type-simple"},"_links":{"self":[{"href":"https:\/\/tivixiaomi.co\/en\/wp-json\/wp\/v2\/product\/68019"}],"collection":[{"href":"https:\/\/tivixiaomi.co\/en\/wp-json\/wp\/v2\/product"}],"about":[{"href":"https:\/\/tivixiaomi.co\/en\/wp-json\/wp\/v2\/types\/product"}],"replies":[{"embeddable":true,"href":"https:\/\/tivixiaomi.co\/en\/wp-json\/wp\/v2\/comments?post=68019"}],"version-history":[{"count":5,"href":"https:\/\/tivixiaomi.co\/en\/wp-json\/wp\/v2\/product\/68019\/revisions"}],"predecessor-version":[{"id":77850,"href":"https:\/\/tivixiaomi.co\/en\/wp-json\/wp\/v2\/product\/68019\/revisions\/77850"}],"wp:featuredmedia":[{"embeddable":true,"href":"https:\/\/tivixiaomi.co\/en\/wp-json\/wp\/v2\/media\/67997"}],"wp:attachment":[{"href":"https:\/\/tivixiaomi.co\/en\/wp-json\/wp\/v2\/media?parent=68019"}],"wp:term":[{"taxonomy":"product_brand","embeddable":true,"href":"https:\/\/tivixiaomi.co\/en\/wp-json\/wp\/v2\/product_brand?post=68019"},{"taxonomy":"product_cat","embeddable":true,"href":"https:\/\/tivixiaomi.co\/en\/wp-json\/wp\/v2\/product_cat?post=68019"},{"taxonomy":"product_tag","embeddable":true,"href":"https:\/\/tivixiaomi.co\/en\/wp-json\/wp\/v2\/product_tag?post=68019"}],"curies":[{"name":"wp","href":"https:\/\/api.w.org\/{rel}","templated":true}]}}