{"id":68073,"date":"2024-04-30T12:08:43","date_gmt":"2024-04-30T05:08:43","guid":{"rendered":"https:\/\/tivixiaomi.co\/?post_type=product&#038;p=68073"},"modified":"2024-09-04T11:48:28","modified_gmt":"2024-09-04T04:48:28","slug":"xiaomi-tv-a-pro-75-2025","status":"publish","type":"product","link":"https:\/\/tivixiaomi.co\/en\/tivi\/xiaomi-tv-a-pro-75-2025\/","title":{"rendered":"Tivi Xiaomi A Pro 75 2025"},"content":{"rendered":"<p><img fetchpriority=\"high\" decoding=\"async\" class=\"aligncenter size-full wp-image-68074\" src=\"https:\/\/tivixiaomi.co\/wp-content\/uploads\/2024\/04\/Apro75a-jpg.webp\" alt=\"\" width=\"1897\" height=\"895\" srcset=\"https:\/\/tivixiaomi.co\/wp-content\/uploads\/2024\/04\/Apro75a-jpg.webp 1897w, https:\/\/tivixiaomi.co\/wp-content\/uploads\/2024\/04\/Apro75a-jpg-150x71.webp 150w, https:\/\/tivixiaomi.co\/wp-content\/uploads\/2024\/04\/Apro75a-jpg-600x283.webp 600w, https:\/\/tivixiaomi.co\/wp-content\/uploads\/2024\/04\/Apro75a-300x142.webp 300w, https:\/\/tivixiaomi.co\/wp-content\/uploads\/2024\/04\/Apro75a-1024x483.webp 1024w, https:\/\/tivixiaomi.co\/wp-content\/uploads\/2024\/04\/Apro75a-768x362.webp 768w, https:\/\/tivixiaomi.co\/wp-content\/uploads\/2024\/04\/Apro75a-1536x725.webp 1536w\" sizes=\"(max-width: 1897px) 100vw, 1897px\" \/><img decoding=\"async\" class=\"aligncenter size-full wp-image-68054\" src=\"https:\/\/tivixiaomi.co\/wp-content\/uploads\/2024\/04\/X1-1-jpg.webp\" alt=\"\" width=\"1158\" height=\"654\" srcset=\"https:\/\/tivixiaomi.co\/wp-content\/uploads\/2024\/04\/X1-1-jpg.webp 1158w, https:\/\/tivixiaomi.co\/wp-content\/uploads\/2024\/04\/X1-1-jpg-150x85.webp 150w, https:\/\/tivixiaomi.co\/wp-content\/uploads\/2024\/04\/X1-1-jpg-600x339.webp 600w, https:\/\/tivixiaomi.co\/wp-content\/uploads\/2024\/04\/X1-1-300x169.webp 300w, https:\/\/tivixiaomi.co\/wp-content\/uploads\/2024\/04\/X1-1-1024x578.webp 1024w, https:\/\/tivixiaomi.co\/wp-content\/uploads\/2024\/04\/X1-1-768x434.webp 768w\" sizes=\"(max-width: 1158px) 100vw, 1158px\" \/> <img decoding=\"async\" class=\"aligncenter size-full wp-image-68055\" src=\"https:\/\/tivixiaomi.co\/wp-content\/uploads\/2024\/04\/X2-1-jpg.webp\" alt=\"\" width=\"1166\" height=\"498\" srcset=\"https:\/\/tivixiaomi.co\/wp-content\/uploads\/2024\/04\/X2-1-jpg.webp 1166w, https:\/\/tivixiaomi.co\/wp-content\/uploads\/2024\/04\/X2-1-jpg-150x64.webp 150w, https:\/\/tivixiaomi.co\/wp-content\/uploads\/2024\/04\/X2-1-jpg-600x256.webp 600w, https:\/\/tivixiaomi.co\/wp-content\/uploads\/2024\/04\/X2-1-300x128.webp 300w, https:\/\/tivixiaomi.co\/wp-content\/uploads\/2024\/04\/X2-1-1024x437.webp 1024w, https:\/\/tivixiaomi.co\/wp-content\/uploads\/2024\/04\/X2-1-768x328.webp 768w\" sizes=\"(max-width: 1166px) 100vw, 1166px\" \/><\/p>\n<hr class=\"mx-0 my-3 my-lg-4 \" \/>\n<p>\u0110\u01b0\u1ee3c trang b\u1ecb c\u00f4ng ngh\u1ec7 m\u00e0n h\u00ecnh ch\u1ea5m l\u01b0\u1ee3ng t\u1eed ti\u00ean ti\u1ebfn, Xiaomi TV A Pro 2025 Series mang \u0111\u1ebfn m\u00e0u s\u1eafc s\u1ed1ng \u0111\u1ed9ng. V\u1edbi ph\u1ea1m vi gam m\u00e0u r\u1ed9ng h\u01a1n v\u00e0 m\u00e0n h\u00ecnh 1 t\u1ef7 m\u00e0u, b\u1ea1n c\u00f3 th\u1ec3 t\u1eadn h\u01b0\u1edfng ch\u1ea5t l\u01b0\u1ee3ng h\u00ecnh \u1ea3nh ngo\u1ea1n m\u1ee5c ngay t\u1eeb s\u1ef1 tho\u1ea3i m\u00e1i trong ph\u00f2ng kh\u00e1ch c\u1ee7a m\u00ecnh.<img loading=\"lazy\" decoding=\"async\" class=\"aligncenter size-full wp-image-68057\" src=\"https:\/\/tivixiaomi.co\/wp-content\/uploads\/2024\/04\/X3-1-jpg.webp\" alt=\"\" width=\"1779\" height=\"823\" srcset=\"https:\/\/tivixiaomi.co\/wp-content\/uploads\/2024\/04\/X3-1-jpg.webp 1779w, https:\/\/tivixiaomi.co\/wp-content\/uploads\/2024\/04\/X3-1-jpg-150x69.webp 150w, https:\/\/tivixiaomi.co\/wp-content\/uploads\/2024\/04\/X3-1-jpg-600x278.webp 600w, https:\/\/tivixiaomi.co\/wp-content\/uploads\/2024\/04\/X3-1-300x139.webp 300w, https:\/\/tivixiaomi.co\/wp-content\/uploads\/2024\/04\/X3-1-1024x474.webp 1024w, https:\/\/tivixiaomi.co\/wp-content\/uploads\/2024\/04\/X3-1-768x355.webp 768w, https:\/\/tivixiaomi.co\/wp-content\/uploads\/2024\/04\/X3-1-1536x711.webp 1536w\" sizes=\"(max-width: 1779px) 100vw, 1779px\" \/><\/p>\n<hr class=\"mx-0 my-3 my-lg-4 \" \/>\n<p>Thi\u1ebft k\u1ebf vi\u1ec1n si\u00eau h\u1eb9p mang \u0111\u1ebfn t\u1ef7 l\u1ec7 m\u00e0n h\u00ecnh tr\u00ean th\u00e2n m\u00e1y cao v\u01b0\u1ee3t xa so v\u1edbi TV ti\u00eau chu\u1ea9n. Khi b\u1eadt m\u00e0n h\u00ecnh, b\u1ea1n kh\u00f3 c\u00f3 th\u1ec3 c\u1ea3m nh\u1eadn \u0111\u01b0\u1ee3c ranh gi\u1edbi c\u1ee7a h\u00ecnh \u1ea3nh v\u00e0 c\u00f3 \u0111\u01b0\u1ee3c tr\u1ea3i nghi\u1ec7m h\u00ecnh \u1ea3nh s\u1ed1ng \u0111\u1ed9ng h\u01a1n.<img loading=\"lazy\" decoding=\"async\" class=\"aligncenter size-full wp-image-68058\" src=\"https:\/\/tivixiaomi.co\/wp-content\/uploads\/2024\/04\/X4-1-jpg.webp\" alt=\"\" width=\"1874\" height=\"914\" srcset=\"https:\/\/tivixiaomi.co\/wp-content\/uploads\/2024\/04\/X4-1-jpg.webp 1874w, https:\/\/tivixiaomi.co\/wp-content\/uploads\/2024\/04\/X4-1-jpg-150x73.webp 150w, https:\/\/tivixiaomi.co\/wp-content\/uploads\/2024\/04\/X4-1-jpg-600x293.webp 600w, https:\/\/tivixiaomi.co\/wp-content\/uploads\/2024\/04\/X4-1-300x146.webp 300w, https:\/\/tivixiaomi.co\/wp-content\/uploads\/2024\/04\/X4-1-1024x499.webp 1024w, https:\/\/tivixiaomi.co\/wp-content\/uploads\/2024\/04\/X4-1-768x375.webp 768w, https:\/\/tivixiaomi.co\/wp-content\/uploads\/2024\/04\/X4-1-1536x749.webp 1536w\" sizes=\"(max-width: 1874px) 100vw, 1874px\" \/><\/p>\n<hr class=\"mx-0 my-3 my-lg-4 \" \/>\n<p>N\u1ed5i b\u1eadt v\u1edbi khung kim lo\u1ea1i tinh t\u1ebf c\u00f9ng thi\u1ebft k\u1ebf nguy\u00ean kh\u1ed1i, Xiaomi A Pro Series 2025 t\u1ea1o \u0111i\u1ec3m nh\u1ea5n th\u1ef1c s\u1ef1 cho b\u1ea5t k\u1ef3 ng\u00f4i nh\u00e0 n\u00e0o.<img loading=\"lazy\" decoding=\"async\" class=\"aligncenter size-full wp-image-68059\" src=\"https:\/\/tivixiaomi.co\/wp-content\/uploads\/2024\/04\/X5-1-jpg.webp\" alt=\"\" width=\"1654\" height=\"823\" srcset=\"https:\/\/tivixiaomi.co\/wp-content\/uploads\/2024\/04\/X5-1-jpg.webp 1654w, https:\/\/tivixiaomi.co\/wp-content\/uploads\/2024\/04\/X5-1-jpg-150x75.webp 150w, https:\/\/tivixiaomi.co\/wp-content\/uploads\/2024\/04\/X5-1-jpg-600x299.webp 600w, https:\/\/tivixiaomi.co\/wp-content\/uploads\/2024\/04\/X5-1-300x149.webp 300w, https:\/\/tivixiaomi.co\/wp-content\/uploads\/2024\/04\/X5-1-1024x510.webp 1024w, https:\/\/tivixiaomi.co\/wp-content\/uploads\/2024\/04\/X5-1-768x382.webp 768w, https:\/\/tivixiaomi.co\/wp-content\/uploads\/2024\/04\/X5-1-1536x764.webp 1536w\" sizes=\"(max-width: 1654px) 100vw, 1654px\" \/><\/p>\n<hr class=\"mx-0 my-3 my-lg-4 \" \/>\n<p>Ch\u1ea5t l\u01b0\u1ee3ng h\u00ecnh \u1ea3nh \u0111\u1ed9 ph\u00e2n gi\u1ea3i c\u1ef1c cao 4K H\u00ecnh \u1ea3nh chi ti\u1ebft h\u01a1n<img loading=\"lazy\" decoding=\"async\" class=\"aligncenter size-full wp-image-68060\" src=\"https:\/\/tivixiaomi.co\/wp-content\/uploads\/2024\/04\/X6-1-jpg.webp\" alt=\"\" width=\"1662\" height=\"893\" srcset=\"https:\/\/tivixiaomi.co\/wp-content\/uploads\/2024\/04\/X6-1-jpg.webp 1662w, https:\/\/tivixiaomi.co\/wp-content\/uploads\/2024\/04\/X6-1-jpg-150x81.webp 150w, https:\/\/tivixiaomi.co\/wp-content\/uploads\/2024\/04\/X6-1-jpg-600x322.webp 600w, https:\/\/tivixiaomi.co\/wp-content\/uploads\/2024\/04\/X6-1-300x161.webp 300w, https:\/\/tivixiaomi.co\/wp-content\/uploads\/2024\/04\/X6-1-1024x550.webp 1024w, https:\/\/tivixiaomi.co\/wp-content\/uploads\/2024\/04\/X6-1-768x413.webp 768w, https:\/\/tivixiaomi.co\/wp-content\/uploads\/2024\/04\/X6-1-1536x825.webp 1536w\" sizes=\"(max-width: 1662px) 100vw, 1662px\" \/><\/p>\n<hr class=\"mx-0 my-3 my-lg-4 \" \/>\n<p>\u00c1p d\u1ee5ng ti\u00eau chu\u1ea9n gam m\u00e0u DCI-P3 \u0111\u01b0\u1ee3c ng\u00e0nh c\u00f4ng nghi\u1ec7p \u0111i\u1ec7n \u1ea3nh Hollywood s\u1eed d\u1ee5ng \u0111\u1ec3 \u0111\u1ea3m b\u1ea3o m\u00e0u s\u1eafc ch\u00e2n th\u1ef1c \u0111\u01b0\u1ee3c hi\u1ec3n th\u1ecb tr\u00ean m\u00e0n h\u00ecnh c\u1ee7a b\u1ea1n. Gam m\u00e0u r\u1ed9ng (WCG) k\u1ebft h\u1ee3p v\u1edbi hi\u1ec7u ch\u1ec9nh m\u00e0u ch\u00ednh x\u00e1c mang l\u1ea1i \u0111\u1ed9 ch\u00ednh x\u00e1c v\u00e0 \u0111\u1ed9 ch\u00ednh x\u00e1c m\u00e0u s\u1eafc ngo\u1ea1n m\u1ee5c.<img loading=\"lazy\" decoding=\"async\" class=\"aligncenter size-full wp-image-68061\" src=\"https:\/\/tivixiaomi.co\/wp-content\/uploads\/2024\/04\/X7-3-jpg.webp\" alt=\"\" width=\"1713\" height=\"902\" srcset=\"https:\/\/tivixiaomi.co\/wp-content\/uploads\/2024\/04\/X7-3-jpg.webp 1713w, https:\/\/tivixiaomi.co\/wp-content\/uploads\/2024\/04\/X7-3-jpg-150x79.webp 150w, https:\/\/tivixiaomi.co\/wp-content\/uploads\/2024\/04\/X7-3-jpg-600x316.webp 600w, https:\/\/tivixiaomi.co\/wp-content\/uploads\/2024\/04\/X7-3-300x158.webp 300w, https:\/\/tivixiaomi.co\/wp-content\/uploads\/2024\/04\/X7-3-1024x539.webp 1024w, https:\/\/tivixiaomi.co\/wp-content\/uploads\/2024\/04\/X7-3-768x404.webp 768w, https:\/\/tivixiaomi.co\/wp-content\/uploads\/2024\/04\/X7-3-1536x809.webp 1536w\" sizes=\"(max-width: 1713px) 100vw, 1713px\" \/><\/p>\n<hr class=\"mx-0 my-3 my-lg-4 \" \/>\n<p>C\u00f4ng ngh\u1ec7 \u01af\u1edbc t\u00ednh chuy\u1ec3n \u0111\u1ed9ng, b\u00f9 chuy\u1ec3n \u0111\u1ed9ng (MEMC) gi\u00fap h\u00ecnh \u1ea3nh chuy\u1ec3n \u0111\u1ed9ng t\u1ed1c \u0111\u1ed9 cao m\u01b0\u1ee3t m\u00e0 h\u01a1n v\u00e0 mang l\u1ea1i kh\u1ea3 n\u0103ng xem ho\u00e0n h\u1ea3o. \u0110i\u1ec1u \u0111\u00f3 c\u00f3 ngh\u0129a l\u00e0 nh\u1eefng kho\u1ea3nh kh\u1eafc tuy\u1ec7t v\u1eddi h\u01a1n cho d\u00f9 b\u1ea1n \u0111ang xem m\u1ed9t s\u1ef1 ki\u1ec7n th\u1ec3 thao hay m\u1ed9t b\u1ed9 phim h\u00e0nh \u0111\u1ed9ng hay ch\u01a1i game \u0111ua xe.<img loading=\"lazy\" decoding=\"async\" class=\"aligncenter size-full wp-image-68062\" src=\"https:\/\/tivixiaomi.co\/wp-content\/uploads\/2024\/04\/X8-1-jpg.webp\" alt=\"\" width=\"1671\" height=\"891\" srcset=\"https:\/\/tivixiaomi.co\/wp-content\/uploads\/2024\/04\/X8-1-jpg.webp 1671w, https:\/\/tivixiaomi.co\/wp-content\/uploads\/2024\/04\/X8-1-jpg-150x80.webp 150w, https:\/\/tivixiaomi.co\/wp-content\/uploads\/2024\/04\/X8-1-jpg-600x320.webp 600w, https:\/\/tivixiaomi.co\/wp-content\/uploads\/2024\/04\/X8-1-300x160.webp 300w, https:\/\/tivixiaomi.co\/wp-content\/uploads\/2024\/04\/X8-1-1024x546.webp 1024w, https:\/\/tivixiaomi.co\/wp-content\/uploads\/2024\/04\/X8-1-768x410.webp 768w, https:\/\/tivixiaomi.co\/wp-content\/uploads\/2024\/04\/X8-1-1536x819.webp 1536w\" sizes=\"(max-width: 1671px) 100vw, 1671px\" \/><\/p>\n<hr class=\"mx-0 my-3 my-lg-4 \" \/>\n<p><span class=\"Y2IQFc\" lang=\"vi\">Loa 2 \u00d7 8W \u00c2m thanh n\u1ed5i \u0111\u1eafm ch\u00ecm.\u00a0<\/span><span class=\"Y2IQFc\" lang=\"vi\">V\u1edbi hai loa 8W m\u1ea1nh m\u1ebd, TV mang \u0111\u1ebfn hi\u1ec7u su\u1ea5t \u00e2m thanh n\u00e2ng cao, \u0111\u01b0a b\u1ea1n \u0111\u1ebfn g\u1ea7n h\u01a1n v\u1edbi h\u00e0nh \u0111\u1ed9ng.<img loading=\"lazy\" decoding=\"async\" class=\"aligncenter size-full wp-image-68063\" src=\"https:\/\/tivixiaomi.co\/wp-content\/uploads\/2024\/04\/X9-1-jpg.webp\" alt=\"\" width=\"1638\" height=\"896\" srcset=\"https:\/\/tivixiaomi.co\/wp-content\/uploads\/2024\/04\/X9-1-jpg.webp 1638w, https:\/\/tivixiaomi.co\/wp-content\/uploads\/2024\/04\/X9-1-jpg-150x82.webp 150w, https:\/\/tivixiaomi.co\/wp-content\/uploads\/2024\/04\/X9-1-jpg-600x328.webp 600w, https:\/\/tivixiaomi.co\/wp-content\/uploads\/2024\/04\/X9-1-300x164.webp 300w, https:\/\/tivixiaomi.co\/wp-content\/uploads\/2024\/04\/X9-1-1024x560.webp 1024w, https:\/\/tivixiaomi.co\/wp-content\/uploads\/2024\/04\/X9-1-768x420.webp 768w, https:\/\/tivixiaomi.co\/wp-content\/uploads\/2024\/04\/X9-1-1536x840.webp 1536w\" sizes=\"(max-width: 1638px) 100vw, 1638px\" \/><\/span><\/p>\n<hr class=\"mx-0 my-3 my-lg-4 \" \/>\n<p>C\u00f4ng ngh\u1ec7 gi\u1ea3i m\u00e3 k\u00e9p Dolby Audio\u2122 + DTS:X t\u1ea1o ra hi\u1ec7u \u1ee9ng \u00e2m thanh s\u1ed1ng \u0111\u1ed9ng cho tr\u1ea3i nghi\u1ec7m \u00e2m thanh s\u1ed1ng \u0111\u1ed9ng h\u01a1n*. Ngo\u00e0i ra, c\u00f4ng ngh\u1ec7 DTS Virtual:X ti\u00ean ti\u1ebfn c\u00f2n t\u1ea1o ra \u00e2m thanh ba chi\u1ec1u v\u1edbi k\u00edch th\u01b0\u1edbc tr\u00ean cao t\u00e1i t\u1ea1o tr\u1ea3i nghi\u1ec7m r\u1ea1p chi\u1ebfu phim.<img loading=\"lazy\" decoding=\"async\" class=\"aligncenter size-full wp-image-68064\" src=\"https:\/\/tivixiaomi.co\/wp-content\/uploads\/2024\/04\/X10-1-jpg.webp\" alt=\"\" width=\"1666\" height=\"897\" srcset=\"https:\/\/tivixiaomi.co\/wp-content\/uploads\/2024\/04\/X10-1-jpg.webp 1666w, https:\/\/tivixiaomi.co\/wp-content\/uploads\/2024\/04\/X10-1-jpg-150x81.webp 150w, https:\/\/tivixiaomi.co\/wp-content\/uploads\/2024\/04\/X10-1-jpg-600x323.webp 600w, https:\/\/tivixiaomi.co\/wp-content\/uploads\/2024\/04\/X10-1-300x162.webp 300w, https:\/\/tivixiaomi.co\/wp-content\/uploads\/2024\/04\/X10-1-1024x551.webp 1024w, https:\/\/tivixiaomi.co\/wp-content\/uploads\/2024\/04\/X10-1-768x414.webp 768w, https:\/\/tivixiaomi.co\/wp-content\/uploads\/2024\/04\/X10-1-1536x827.webp 1536w\" sizes=\"(max-width: 1666px) 100vw, 1666px\" \/><\/p>\n<hr class=\"mx-0 my-3 my-lg-4 \" \/>\n<p>Google TV\u2122 t\u1eadp h\u1ee3p c\u00e1c b\u1ed9 phim, ch\u01b0\u01a1ng tr\u00ecnh v\u00e0 nhi\u1ec1u n\u1ed9i dung kh\u00e1c t\u1eeb c\u00e1c \u1ee9ng d\u1ee5ng c\u0169ng nh\u01b0 \u0111\u0103ng k\u00fd c\u1ee7a b\u1ea1n v\u00e0 s\u1eafp x\u1ebfp ch\u00fang d\u00e0nh ri\u00eang cho b\u1ea1n. Kh\u00e1m ph\u00e1 nh\u1eefng n\u1ed9i dung m\u1edbi \u0111\u1ec3 xem v\u1edbi c\u00e1c \u0111\u1ec1 xu\u1ea5t d\u1ef1a tr\u00ean n\u1ed9i dung b\u1ea1n xem v\u00e0 n\u1ed9i dung b\u1ea1n quan t\u00e2m, t\u1eeb c\u00e1c \u0111\u0103ng k\u00fd v\u00e0 n\u1ed9i dung c\u00f3 s\u1eb5n cho b\u1ea1n.<img loading=\"lazy\" decoding=\"async\" class=\"aligncenter size-full wp-image-68065\" src=\"https:\/\/tivixiaomi.co\/wp-content\/uploads\/2024\/04\/X11-1-jpg.webp\" alt=\"\" width=\"1672\" height=\"898\" srcset=\"https:\/\/tivixiaomi.co\/wp-content\/uploads\/2024\/04\/X11-1-jpg.webp 1672w, https:\/\/tivixiaomi.co\/wp-content\/uploads\/2024\/04\/X11-1-jpg-150x81.webp 150w, https:\/\/tivixiaomi.co\/wp-content\/uploads\/2024\/04\/X11-1-jpg-600x322.webp 600w, https:\/\/tivixiaomi.co\/wp-content\/uploads\/2024\/04\/X11-1-300x161.webp 300w, https:\/\/tivixiaomi.co\/wp-content\/uploads\/2024\/04\/X11-1-1024x550.webp 1024w, https:\/\/tivixiaomi.co\/wp-content\/uploads\/2024\/04\/X11-1-768x412.webp 768w, https:\/\/tivixiaomi.co\/wp-content\/uploads\/2024\/04\/X11-1-1536x825.webp 1536w\" sizes=\"(max-width: 1672px) 100vw, 1672px\" \/><\/p>\n<hr class=\"mx-0 my-3 my-lg-4 \" \/>\n<p>TV c\u1ee7a b\u1ea1n h\u1eefu \u00edch h\u01a1n bao gi\u1edd h\u1ebft. Y\u00eau c\u1ea7u Google t\u00ecm phim, truy\u1ec1n ph\u00e1t \u1ee9ng d\u1ee5ng, ph\u00e1t nh\u1ea1c v\u00e0 \u0111i\u1ec1u khi\u1ec3n TV \u2013 t\u1ea5t c\u1ea3 \u0111\u1ec1u b\u1eb1ng gi\u1ecdng n\u00f3i c\u1ee7a b\u1ea1n. Th\u1eadm ch\u00ed nh\u1eadn \u0111\u01b0\u1ee3c c\u00e2u tr\u1ea3 l\u1eddi, \u0111i\u1ec1u khi\u1ec3n c\u00e1c thi\u1ebft b\u1ecb nh\u00e0 th\u00f4ng minh v\u00e0 h\u01a1n th\u1ebf n\u1eefa. Nh\u1ea5n n\u00fat Google Assistant tr\u00ean \u0111i\u1ec1u khi\u1ec3n t\u1eeb xa \u0111\u1ec3 b\u1eaft \u0111\u1ea7u.<img loading=\"lazy\" decoding=\"async\" class=\"aligncenter size-full wp-image-68066\" src=\"https:\/\/tivixiaomi.co\/wp-content\/uploads\/2024\/04\/X12-1-jpg.webp\" alt=\"\" width=\"1667\" height=\"901\" srcset=\"https:\/\/tivixiaomi.co\/wp-content\/uploads\/2024\/04\/X12-1-jpg.webp 1667w, https:\/\/tivixiaomi.co\/wp-content\/uploads\/2024\/04\/X12-1-jpg-150x81.webp 150w, https:\/\/tivixiaomi.co\/wp-content\/uploads\/2024\/04\/X12-1-jpg-600x324.webp 600w, https:\/\/tivixiaomi.co\/wp-content\/uploads\/2024\/04\/X12-1-300x162.webp 300w, https:\/\/tivixiaomi.co\/wp-content\/uploads\/2024\/04\/X12-1-1024x553.webp 1024w, https:\/\/tivixiaomi.co\/wp-content\/uploads\/2024\/04\/X12-1-768x415.webp 768w, https:\/\/tivixiaomi.co\/wp-content\/uploads\/2024\/04\/X12-1-1536x830.webp 1536w\" sizes=\"(max-width: 1667px) 100vw, 1667px\" \/><\/p>\n<hr class=\"mx-0 my-3 my-lg-4 \" \/>\n<p>D\u1ec5 d\u00e0ng \u0111i\u1ec1u khi\u1ec3n TV th\u00f4ng minh c\u1ee7a b\u1ea1n b\u1eb1ng \u0111i\u1ec1u khi\u1ec3n t\u1eeb xa Bluetooth 360\u00b0.<img loading=\"lazy\" decoding=\"async\" class=\"aligncenter size-full wp-image-68067\" src=\"https:\/\/tivixiaomi.co\/wp-content\/uploads\/2024\/04\/X13-1-jpg.webp\" alt=\"\" width=\"1671\" height=\"886\" srcset=\"https:\/\/tivixiaomi.co\/wp-content\/uploads\/2024\/04\/X13-1-jpg.webp 1671w, https:\/\/tivixiaomi.co\/wp-content\/uploads\/2024\/04\/X13-1-jpg-150x80.webp 150w, https:\/\/tivixiaomi.co\/wp-content\/uploads\/2024\/04\/X13-1-jpg-600x318.webp 600w, https:\/\/tivixiaomi.co\/wp-content\/uploads\/2024\/04\/X13-1-300x159.webp 300w, https:\/\/tivixiaomi.co\/wp-content\/uploads\/2024\/04\/X13-1-1024x543.webp 1024w, https:\/\/tivixiaomi.co\/wp-content\/uploads\/2024\/04\/X13-1-768x407.webp 768w, https:\/\/tivixiaomi.co\/wp-content\/uploads\/2024\/04\/X13-1-1536x814.webp 1536w\" sizes=\"(max-width: 1671px) 100vw, 1671px\" \/><\/p>\n<hr class=\"mx-0 my-3 my-lg-4 \" \/>\n<p>Ngo\u00e0i Miracast, b\u1ea1n c\u00f3 th\u1ec3 d\u1ec5 d\u00e0ng truy\u1ec1n phim, ch\u01b0\u01a1ng tr\u00ecnh, \u1ea3nh, v.v. t\u1eeb \u0111i\u1ec7n tho\u1ea1i ho\u1eb7c m\u00e1y t\u00ednh b\u1ea3ng c\u1ee7a m\u00ecnh t\u1edbi TV b\u1eb1ng Chromecast t\u00edch h\u1ee3p\u2122.<img loading=\"lazy\" decoding=\"async\" class=\"aligncenter wp-image-68140 size-full\" src=\"https:\/\/tivixiaomi.co\/wp-content\/uploads\/2024\/04\/AD1-jpg.webp\" alt=\"\" width=\"1899\" height=\"918\" srcset=\"https:\/\/tivixiaomi.co\/wp-content\/uploads\/2024\/04\/AD1-jpg.webp 1899w, https:\/\/tivixiaomi.co\/wp-content\/uploads\/2024\/04\/AD1-jpg-150x73.webp 150w, https:\/\/tivixiaomi.co\/wp-content\/uploads\/2024\/04\/AD1-jpg-600x290.webp 600w, https:\/\/tivixiaomi.co\/wp-content\/uploads\/2024\/04\/AD1-300x145.webp 300w, https:\/\/tivixiaomi.co\/wp-content\/uploads\/2024\/04\/AD1-1024x495.webp 1024w, https:\/\/tivixiaomi.co\/wp-content\/uploads\/2024\/04\/AD1-768x371.webp 768w, https:\/\/tivixiaomi.co\/wp-content\/uploads\/2024\/04\/AD1-1536x743.webp 1536w\" sizes=\"(max-width: 1899px) 100vw, 1899px\" \/><\/p>\n<hr class=\"mx-0 my-3 my-lg-4 \" \/>\n<p>B\u1ed9 x\u1eed l\u00fd hi\u1ec7u su\u1ea5t cao \u2013 Tr\u1ea3i nghi\u1ec7m m\u01b0\u1ee3t m\u00e0 h\u01a1n. CPU A55 l\u00f5i t\u1ee9, GPU Mali G52, b\u1ed9 nh\u1edb l\u1edbn 2GB + 8GB* \u2014 gi\u1ea3i ph\u00e1p chip m\u1ea1nh m\u1ebd n\u00e0y mang \u0111\u1ebfn kh\u00f4ng gian r\u1ed9ng l\u1edbn cho c\u00e1c \u1ee9ng d\u1ee5ng y\u00eau th\u00edch c\u1ee7a b\u1ea1n v\u00e0 tr\u1ea3i nghi\u1ec7m gi\u1ea3i tr\u00ed th\u00fa v\u1ecb.<img loading=\"lazy\" decoding=\"async\" class=\"aligncenter size-full wp-image-68069\" src=\"https:\/\/tivixiaomi.co\/wp-content\/uploads\/2024\/04\/X15-1-jpg.webp\" alt=\"\" width=\"1653\" height=\"823\" srcset=\"https:\/\/tivixiaomi.co\/wp-content\/uploads\/2024\/04\/X15-1-jpg.webp 1653w, https:\/\/tivixiaomi.co\/wp-content\/uploads\/2024\/04\/X15-1-jpg-150x75.webp 150w, https:\/\/tivixiaomi.co\/wp-content\/uploads\/2024\/04\/X15-1-jpg-600x299.webp 600w, https:\/\/tivixiaomi.co\/wp-content\/uploads\/2024\/04\/X15-1-300x149.webp 300w, https:\/\/tivixiaomi.co\/wp-content\/uploads\/2024\/04\/X15-1-1024x510.webp 1024w, https:\/\/tivixiaomi.co\/wp-content\/uploads\/2024\/04\/X15-1-768x382.webp 768w, https:\/\/tivixiaomi.co\/wp-content\/uploads\/2024\/04\/X15-1-1536x765.webp 1536w\" sizes=\"(max-width: 1653px) 100vw, 1653px\" \/><img loading=\"lazy\" decoding=\"async\" class=\"aligncenter size-full wp-image-68068\" src=\"https:\/\/tivixiaomi.co\/wp-content\/uploads\/2024\/04\/X14-1-jpg.webp\" alt=\"\" width=\"1615\" height=\"761\" srcset=\"https:\/\/tivixiaomi.co\/wp-content\/uploads\/2024\/04\/X14-1-jpg.webp 1615w, https:\/\/tivixiaomi.co\/wp-content\/uploads\/2024\/04\/X14-1-jpg-150x71.webp 150w, https:\/\/tivixiaomi.co\/wp-content\/uploads\/2024\/04\/X14-1-jpg-600x283.webp 600w, https:\/\/tivixiaomi.co\/wp-content\/uploads\/2024\/04\/X14-1-300x141.webp 300w, https:\/\/tivixiaomi.co\/wp-content\/uploads\/2024\/04\/X14-1-1024x483.webp 1024w, https:\/\/tivixiaomi.co\/wp-content\/uploads\/2024\/04\/X14-1-768x362.webp 768w, https:\/\/tivixiaomi.co\/wp-content\/uploads\/2024\/04\/X14-1-1536x724.webp 1536w\" sizes=\"(max-width: 1615px) 100vw, 1615px\" \/><\/p>\n","protected":false},"excerpt":{"rendered":"<ul>\n<li>D\u00f2ng A Pro 2025 Series<\/li>\n<li>M\u00e0n h\u00ecnh: 4K<\/li>\n<li>RAM: 2GB<\/li>\n<li>Dung l\u01b0\u1ee3ng: 8GB<\/li>\n<\/ul>\n","protected":false},"featured_media":67997,"comment_status":"open","ping_status":"closed","template":"","meta":[],"product_brand":[],"product_cat":[27],"product_tag":[],"class_list":{"0":"post-68073","1":"product","2":"type-product","3":"status-publish","4":"has-post-thumbnail","6":"product_cat-chua-phan-loai","8":"first","9":"instock","10":"shipping-taxable","11":"product-type-simple"},"_links":{"self":[{"href":"https:\/\/tivixiaomi.co\/en\/wp-json\/wp\/v2\/product\/68073"}],"collection":[{"href":"https:\/\/tivixiaomi.co\/en\/wp-json\/wp\/v2\/product"}],"about":[{"href":"https:\/\/tivixiaomi.co\/en\/wp-json\/wp\/v2\/types\/product"}],"replies":[{"embeddable":true,"href":"https:\/\/tivixiaomi.co\/en\/wp-json\/wp\/v2\/comments?post=68073"}],"version-history":[{"count":1,"href":"https:\/\/tivixiaomi.co\/en\/wp-json\/wp\/v2\/product\/68073\/revisions"}],"predecessor-version":[{"id":69846,"href":"https:\/\/tivixiaomi.co\/en\/wp-json\/wp\/v2\/product\/68073\/revisions\/69846"}],"wp:featuredmedia":[{"embeddable":true,"href":"https:\/\/tivixiaomi.co\/en\/wp-json\/wp\/v2\/media\/67997"}],"wp:attachment":[{"href":"https:\/\/tivixiaomi.co\/en\/wp-json\/wp\/v2\/media?parent=68073"}],"wp:term":[{"taxonomy":"product_brand","embeddable":true,"href":"https:\/\/tivixiaomi.co\/en\/wp-json\/wp\/v2\/product_brand?post=68073"},{"taxonomy":"product_cat","embeddable":true,"href":"https:\/\/tivixiaomi.co\/en\/wp-json\/wp\/v2\/product_cat?post=68073"},{"taxonomy":"product_tag","embeddable":true,"href":"https:\/\/tivixiaomi.co\/en\/wp-json\/wp\/v2\/product_tag?post=68073"}],"curies":[{"name":"wp","href":"https:\/\/api.w.org\/{rel}","templated":true}]}}