{"id":68141,"date":"2024-05-02T16:54:32","date_gmt":"2024-05-02T09:54:32","guid":{"rendered":"https:\/\/tivixiaomi.co\/?post_type=product&#038;p=68141"},"modified":"2025-06-05T02:14:22","modified_gmt":"2025-06-04T19:14:22","slug":"xiaomi-tv-a-55-2025","status":"publish","type":"product","link":"https:\/\/tivixiaomi.co\/en\/tivi\/xiaomi-tv-a-55-2025\/","title":{"rendered":"Tivi Xiaomi A 55 2025 Series (Gi\u00e1 \u0111\u00e3 bao g\u1ed3m thu\u1ebf gi\u00e1 tr\u1ecb gia t\u0103ng v\u00e0 g\u00f3i d\u1ecbch v\u1ee5 2 n\u0103m b\u1ea3o h\u00e0nh)"},"content":{"rendered":"<p><em><strong>Google Tivi Xiaomi A 4K 55 inch L55MA-ASEA\u00a0v\u1edbi thi\u1ebft k\u1ebf m\u1ecfng kh\u00f4ng vi\u1ec1n \u1ea5n t\u01b0\u1ee3ng, \u0111\u1ed9 ph\u00e2n gi\u1ea3i 4K s\u1eafc n\u00e9t tr\u00ean m\u00e0n h\u00ecnh r\u1ed9ng 55 inch, c\u00f4ng ngh\u1ec7 HDR10 t\u0103ng c\u01b0\u1eddng \u0111\u1ed9 t\u01b0\u01a1ng ph\u1ea3n c\u00f9ng b\u1ed9 x\u1eed l\u00fd Mali-G52 MC1 t\u1ed1i \u01b0u ch\u1ea5t l\u01b0\u1ee3ng h\u00ecnh \u1ea3nh. \u00c2m thanh v\u00f2m s\u1ed1ng \u0111\u1ed9ng v\u1edbi Dolby Audio v\u00e0 h\u1ec7 th\u1ed1ng loa 20W, h\u1ec7 \u0111i\u1ec1u h\u00e0nh Google TV c\u00f3 kho \u1ee9ng d\u1ee5ng \u0111a d\u1ea1ng, \u0111\u00e1p \u1ee9ng c\u00e1c nhu c\u1ea7u c\u1ee7a m\u1ecdi th\u00e0nh vi\u00ean trong gia \u0111\u00ecnh.<\/strong><\/em><\/p>\n<h3>Thi\u1ebft k\u1ebf<\/h3>\n<p>&#8211; Chi\u1ebfc tivi Xiaomi A 4K L55MA-ASEA g\u00f3p ph\u1ea7n t\u1ea1o \u0111i\u1ec3m nh\u1ea5n cho kh\u00f4ng gian ph\u00f2ng c\u1ee7a gia \u0111\u00ecnh b\u1ea1n v\u1edbi k\u1ebft c\u1ea5u g\u1ecdn g\u00e0ng,<strong>\u00a0khung vi\u1ec1n kim lo\u1ea1i si\u00eau m\u1ecfng<\/strong>\u00a0gi\u00fap tr\u1ea3i nghi\u1ec7m h\u00ecnh \u1ea3nh kh\u00f4ng gi\u1edbi h\u1ea1n, kh\u00f4ng b\u1ecb gi\u00e1n \u0111o\u1ea1n, d\u1ec5 d\u00e0ng t\u1eadp trung v\u00e0o n\u1ed9i dung \u0111ang ph\u00e1t tr\u00ean tivi.<\/p>\n<p>&#8211;\u00a0<strong>K\u00edch th\u01b0\u1edbc m\u00e0n h\u00ecnh 55 inch<\/strong>\u00a0ph\u00f9 h\u1ee3p s\u1eed d\u1ee5ng cho kh\u00f4ng gian ph\u00f2ng ng\u1ee7, ph\u00f2ng kh\u00e1ch,&#8230; v\u1eeba v\u00e0 nh\u1ecf.\u00a0Tivi Xiaomi\u00a0\u0111\u01b0\u1ee3c trang b\u1ecb 2 ch\u00e2n \u0111\u1ebf ch\u1eef V \u00fap ng\u01b0\u1ee3c, l\u00e0m t\u1eeb\u00a0<strong>nh\u1ef1a l\u00f5i th\u00e9p<\/strong>\u00a0b\u1ec1n ch\u1eafc, gi\u1eef tivi \u1ed5n \u0111\u1ecbnh, kh\u00f4ng b\u1ecb nghi\u00eang ng\u1ea3. \u0110\u1ed3ng th\u1eddi, t\u00f9y v\u00e0o nhu c\u1ea7u s\u1eed d\u1ee5ng m\u00e0 c\u00f3 th\u1ec3 ch\u1ecdn c\u00e1ch th\u1ee9c treo t\u01b0\u1eddng gi\u00fap ti\u1ebft ki\u1ec7m kh\u00f4ng gian.<\/p>\n<p><a class=\"preventdefault\" href=\"https:\/\/cdn.tgdd.vn\/Products\/Images\/1942\/327368\/google-tivi-xiaomi-a-4k-55-inch-l55ma-asea-140724-102708.jpg\" target=\"_blank\" rel=\"noopener\"><img decoding=\"async\" class=\" lazyloaded\" title=\"Google Tivi Xiaomi A 4K 55 inch L55MA-ASEA - Thi\u1ebft k\u1ebf\" src=\"https:\/\/cdn.tgdd.vn\/Products\/Images\/1942\/327368\/google-tivi-xiaomi-a-4k-55-inch-l55ma-asea-140724-102708.jpg\" alt=\"Google Tivi Xiaomi A 4K 55 inch L55MA-ASEA - Thi\u1ebft k\u1ebf\" data-src=\"https:\/\/cdn.tgdd.vn\/Products\/Images\/1942\/327368\/google-tivi-xiaomi-a-4k-55-inch-l55ma-asea-140724-102708.jpg\" \/><\/a><\/p>\n<p><em>*H\u00ecnh \u1ea3nh ch\u1ec9 mang t\u00ednh ch\u1ea5t minh h\u1ecda<\/em><\/p>\n<h3>C\u00f4ng ngh\u1ec7 h\u00ecnh \u1ea3nh<\/h3>\n<p>&#8211;\u00a0\u0110\u1ed9 ph\u00e2n gi\u1ea3i 4K\u00a0s\u1eafc n\u00e9t g\u1ea5p 4 l\u1ea7n m\u00e0n h\u00ecnh Full HD c\u00f9ng\u00a0<strong>c\u00f4ng ngh\u1ec7 MEMC<\/strong>\u00a0l\u00e0m m\u01b0\u1ee3t chuy\u1ec3n \u0111\u1ed9ng \u0111em \u0111\u1ebfn nh\u1eefng khung h\u00ecnh chi ti\u1ebft, b\u1eaft m\u1eaft, gi\u1ea3m hi\u1ec7u \u1ee9ng nh\u00f2e, rung do t\u1ed1c \u0111\u1ed9 cao g\u00e2y ra.<\/p>\n<p>&#8211;\u00a0<strong>B\u1ed9 x\u1eed l\u00fd Mali-G52 MC1\u00a0<\/strong>c\u00f3 hi\u1ec7u su\u1ea5t cao, t\u1ed1i \u01b0u h\u00f3a ch\u1ea5t l\u01b0\u1ee3ng \u00e2m thanh v\u00e0 h\u00ecnh \u1ea3nh, mang \u0111\u1ebfn cho b\u1ea1n tr\u1ea3i nghi\u1ec7m nghe nh\u00ecn m\u01b0\u1ee3t m\u00e0.<\/p>\n<p>&#8211;\u00a0<strong>HDR10 v\u00e0 HLG<\/strong>\u00a0cho ph\u00e9p hi\u1ec3n th\u1ecb nhi\u1ec1u m\u1ee9c \u0111\u1ed9 s\u00e1ng kh\u00e1c nhau, gi\u00fap t\u0103ng c\u01b0\u1eddng \u0111\u1ed9 t\u01b0\u01a1ng ph\u1ea3n \u0111\u1ec3 t\u1ea1o ra s\u1ef1 c\u00e2n b\u1eb1ng gi\u1eefa m\u00e0u s\u00e1ng v\u00e0 t\u1ed1i.<\/p>\n<p><a class=\"preventdefault\" href=\"https:\/\/cdn.tgdd.vn\/Products\/Images\/1942\/327368\/google-tivi-xiaomi-a-4k-55-inch-l55ma-asea-140724-102741.jpg\" target=\"_blank\" rel=\"noopener\"><img decoding=\"async\" class=\" lazyloaded\" title=\"Google Tivi Xiaomi A 4K 55 inch L55MA-ASEA - B\u1ed9 x\u1eed l\u00fd\" src=\"https:\/\/cdn.tgdd.vn\/Products\/Images\/1942\/327368\/google-tivi-xiaomi-a-4k-55-inch-l55ma-asea-140724-102741.jpg\" alt=\"Google Tivi Xiaomi A 4K 55 inch L55MA-ASEA - B\u1ed9 x\u1eed l\u00fd\" data-src=\"https:\/\/cdn.tgdd.vn\/Products\/Images\/1942\/327368\/google-tivi-xiaomi-a-4k-55-inch-l55ma-asea-140724-102741.jpg\" \/><\/a><\/p>\n<p><em>*H\u00ecnh \u1ea3nh ch\u1ec9 mang t\u00ednh ch\u1ea5t minh h\u1ecda<\/em><\/p>\n<h3>C\u00f4ng ngh\u1ec7 \u00e2m thanh<\/h3>\n<p>&#8211; \u00c2m thanh n\u1ed5i v\u1edbi\u00a0<strong>loa k\u00e9p, m\u1ed7i loa 10W<\/strong>\u00a0mang \u0111\u1ebfn ngu\u1ed3n \u00e2m thanh m\u1ea1nh m\u1ebd, t\u1eebng chi ti\u1ebft \u0111\u01b0\u1ee3c l\u01b0u l\u1ea1i.<\/p>\n<p>&#8211; Th\u00f4ng qua thu\u1eadt to\u00e1n \u0111\u1ed9c \u0111\u00e1o,\u00a0<strong>DTS Virtual:X<\/strong>\u00a0v\u00e0\u00a0<strong>DTS-X<\/strong>\u00a0chuy\u1ec3n \u0111\u1ed5i \u00e2m thanh hai chi\u1ec1u th\u00e0nh \u00e2m tr\u01b0\u1eddng \u0111a chi\u1ec1u lan t\u1ecfa r\u1ed9ng, t\u1ea1o c\u1ea3m gi\u00e1c ch\u00e2n th\u1ef1c khi nghe.<\/p>\n<p>&#8211;\u00a0Dolby Audio\u00a0gi\u1ea3 l\u1eadp \u00e2m thanh v\u00f2m ph\u00e1t ra t\u1eeb nhi\u1ec1u h\u01b0\u1edbng, c\u1ea3i thi\u1ec7n chi ti\u1ebft c\u1ee7a nh\u1eefng \u00e2m thanh ph\u1ee5, lo\u1ea1i b\u1ecf t\u1ea1p \u00e2m gi\u00fap \u00e2m thanh trong tr\u1ebbo h\u01a1n, tr\u1ea3i nghi\u1ec7m nh\u01b0 trong r\u1ea1p chi\u1ebfu phim, h\u1ea5p d\u1eabn v\u00e0 l\u00f4i cu\u1ed1n.<\/p>\n<p><a class=\"preventdefault\" href=\"https:\/\/cdn.tgdd.vn\/Products\/Images\/1942\/327368\/google-tivi-xiaomi-a-4k-55-inch-l55ma-asea-140724-102806.jpg\" target=\"_blank\" rel=\"noopener\"><img decoding=\"async\" class=\" lazyloaded\" title=\"Google Tivi Xiaomi A 4K 55 inch L55MA-ASEA - \u00c2m thanh\" src=\"https:\/\/cdn.tgdd.vn\/Products\/Images\/1942\/327368\/google-tivi-xiaomi-a-4k-55-inch-l55ma-asea-140724-102806.jpg\" alt=\"Google Tivi Xiaomi A 4K 55 inch L55MA-ASEA - \u00c2m thanh\" data-src=\"https:\/\/cdn.tgdd.vn\/Products\/Images\/1942\/327368\/google-tivi-xiaomi-a-4k-55-inch-l55ma-asea-140724-102806.jpg\" \/><\/a><\/p>\n<p><em>*H\u00ecnh \u1ea3nh ch\u1ec9 mang t\u00ednh ch\u1ea5t minh h\u1ecda<\/em><\/p>\n<h3>H\u1ec7 \u0111i\u1ec1u h\u00e0nh<\/h3>\n<p>&#8211;\u00a0Tivi Xiaomi 55 inch\u00a0s\u1eed d\u1ee5ng h\u1ec7 \u0111i\u1ec1u h\u00e0nh\u00a0Google TV\u00a0v\u1edbi thi\u1ebft k\u1ebf giao di\u1ec7n tr\u1ef1c quan, gi\u00fap ng\u01b0\u1eddi d\u00f9ng d\u1ec5 d\u00e0ng l\u1ef1a ch\u1ecdn c\u00e1c n\u1ed9i dung t\u00f9y v\u00e0o s\u1edf th\u00edch c\u1ee7a m\u00ecnh.<\/p>\n<p>&#8211; Kho \u1ee9ng d\u1ee5ng \u0111a d\u1ea1ng nh\u01b0\u00a0<strong>YouTube, Netflix, Prime Video,&#8230;\u00a0<\/strong>v\u00e0 m\u1ed9t s\u1ed1 \u1ee9ng d\u1ee5ng kh\u00e1c c\u00f3 th\u1ec3 t\u1ea3i v\u1ec1 \u0111\u1ec3 \u0111\u00e1p \u1ee9ng nhu c\u1ea7u gi\u1ea3i tr\u00ed c\u1ee7a c\u00e1c th\u00e0nh vi\u00ean trong gia \u0111\u00ecnh.<\/p>\n<p><a class=\"preventdefault\" href=\"https:\/\/cdn.tgdd.vn\/Products\/Images\/1942\/327368\/google-tivi-xiaomi-a-4k-55-inch-l55ma-asea-140724-102839.jpg\" target=\"_blank\" rel=\"noopener\"><img decoding=\"async\" class=\" lazyloaded\" title=\"Google Tivi Xiaomi A 4K 55 inch L55MA-ASEA - H\u1ec7 \u0111i\u1ec1u h\u00e0nh\" src=\"https:\/\/cdn.tgdd.vn\/Products\/Images\/1942\/327368\/google-tivi-xiaomi-a-4k-55-inch-l55ma-asea-140724-102839.jpg\" alt=\"Google Tivi Xiaomi A 4K 55 inch L55MA-ASEA - H\u1ec7 \u0111i\u1ec1u h\u00e0nh\" data-src=\"https:\/\/cdn.tgdd.vn\/Products\/Images\/1942\/327368\/google-tivi-xiaomi-a-4k-55-inch-l55ma-asea-140724-102839.jpg\" \/><\/a><\/p>\n<p><em>*H\u00ecnh \u1ea3nh ch\u1ec9 mang t\u00ednh ch\u1ea5t minh h\u1ecda<\/em><\/p>\n<h3>Ti\u1ec7n \u00edch<\/h3>\n<p>&#8211; Google Tivi Xiaomi n\u00e0y t\u00edch h\u1ee3p\u00a0<strong>tr\u1ee3 l\u00fd \u1ea3o Google Assistant<\/strong>\u00a0<strong>c\u00f3 ti\u1ebfng Vi\u1ec7t<\/strong>\u00a0gi\u00fap ng\u01b0\u1eddi d\u00f9ng \u0111i\u1ec1u khi\u1ec3n tivi d\u1ec5 d\u00e0ng v\u00e0 thu\u1eadn ti\u1ec7n.<\/p>\n<p>&#8211;\u00a0<strong>Remote Bluetooth 360\u00b0<\/strong>\u00a0t\u00edch h\u1ee3p micro t\u00ecm ki\u1ebfm th\u00f4ng tin b\u1eb1ng gi\u1ecdng n\u00f3i. Ho\u1eb7c b\u1ea1n c\u00f3 th\u1ec3 thao t\u00e1c tr\u00ean c\u00e1c ph\u00edm b\u1ea5m \u0111\u1ec3 t\u00f9y ch\u1ec9nh c\u00e1c ch\u1ee9c n\u0103ng theo nhu c\u1ea7u.<\/p>\n<p>&#8211; B\u1ea1n c\u00f3 th\u1ec3 d\u1ec5 d\u00e0ng tr\u00ecnh chi\u1ebfu c\u00e1c n\u1ed9i dung nh\u01b0 phim, nh\u1ea1c, \u1ea3nh,&#8230; t\u1eeb \u0111i\u1ec7n tho\u1ea1i l\u00ean\u00a0tivi\u00a0th\u00f4ng qua\u00a0<strong>Miracast, Chromecast<\/strong>.<\/p>\n<p><a class=\"preventdefault\" href=\"https:\/\/cdn.tgdd.vn\/Products\/Images\/1942\/327368\/google-tivi-xiaomi-a-4k-55-inch-l55ma-asea-140724-102903.jpg\" target=\"_blank\" rel=\"noopener\"><img decoding=\"async\" class=\" lazyloaded\" title=\"Google Tivi Xiaomi A 4K 55 inch L55MA-ASEA - Ti\u1ec7n \u00edch\" src=\"https:\/\/cdn.tgdd.vn\/Products\/Images\/1942\/327368\/google-tivi-xiaomi-a-4k-55-inch-l55ma-asea-140724-102903.jpg\" alt=\"Google Tivi Xiaomi A 4K 55 inch L55MA-ASEA - Ti\u1ec7n \u00edch\" data-src=\"https:\/\/cdn.tgdd.vn\/Products\/Images\/1942\/327368\/google-tivi-xiaomi-a-4k-55-inch-l55ma-asea-140724-102903.jpg\" \/><\/a><\/p>\n<p><em>*H\u00ecnh \u1ea3nh ch\u1ec9 mang t\u00ednh ch\u1ea5t minh h\u1ecda<\/em><\/p>\n<p><em>T\u00f3m l\u1ea1i, Google Tivi Xiaomi A 4K 55 inch L55MA-ASEA v\u1edbi thi\u1ebft k\u1ebf si\u00eau m\u1ecfng, khung vi\u1ec1n kim lo\u1ea1i \u0111\u1eb9p m\u1eaft, m\u00e0n h\u00ecnh 4K s\u1ed1ng \u0111\u1ed9ng c\u00f9ng MEMC l\u00e0m m\u01b0\u1ee3t chuy\u1ec3n \u0111\u1ed9ng. S\u1ea3n ph\u1ea9m l\u00e0 d\u00f2ng Google TV \u0111\u01b0\u1ee3c ra m\u1eaft n\u0103m 2024 v\u1edbi c\u00f4ng ngh\u1ec7 HDR10 v\u00e0 HLG t\u1ed1i \u01b0u h\u00f3a h\u00ecnh \u1ea3nh, Dolby Audio, DTS:X mang \u0111\u1ebfn \u00e2m thanh ch\u1ea5t l\u01b0\u1ee3ng, trang b\u1ecb chi\u1ebfc remote bluetooth 360\u00b0 t\u00edch h\u1ee3p t\u00ecm ki\u1ebfm b\u1eb1ng gi\u1ecdng n\u00f3i b\u1eb1ng ti\u1ebfng Vi\u1ec7t ph\u00f9 h\u1ee3p \u0111\u1ec3 \u0111\u00e1p \u1ee9ng nhu c\u1ea7u gi\u1ea3i tr\u00ed c\u1ee7a m\u1ecdi gia \u0111\u00ecnh.<\/em><\/p>\n","protected":false},"excerpt":{"rendered":"<ul>\n<li>D\u00f2ng A 2025 Series<\/li>\n<li>M\u00e0n h\u00ecnh: 4K 60Hz<\/li>\n<li>RAM: 2GB<\/li>\n<li>Dung l\u01b0\u1ee3ng: 8GB<\/li>\n<\/ul>\n","protected":false},"featured_media":67959,"comment_status":"open","ping_status":"closed","template":"","meta":[],"product_brand":[740],"product_cat":[442,755,785,241],"product_tag":[],"class_list":{"0":"post-68141","1":"product","2":"type-product","3":"status-publish","4":"has-post-thumbnail","6":"product_brand-xiaomi","7":"product_cat-smart-tivi-xiaomi-a","8":"product_cat-tv-thiet-bi-hinh-anh-xiaomi","9":"product_cat-tivi-xiaomi-55-inch","10":"product_cat-tivi-xiaomi-55-59-inch","12":"first","13":"instock","14":"sale","15":"shipping-taxable","16":"purchasable","17":"product-type-simple"},"_links":{"self":[{"href":"https:\/\/tivixiaomi.co\/en\/wp-json\/wp\/v2\/product\/68141"}],"collection":[{"href":"https:\/\/tivixiaomi.co\/en\/wp-json\/wp\/v2\/product"}],"about":[{"href":"https:\/\/tivixiaomi.co\/en\/wp-json\/wp\/v2\/types\/product"}],"replies":[{"embeddable":true,"href":"https:\/\/tivixiaomi.co\/en\/wp-json\/wp\/v2\/comments?post=68141"}],"version-history":[{"count":3,"href":"https:\/\/tivixiaomi.co\/en\/wp-json\/wp\/v2\/product\/68141\/revisions"}],"predecessor-version":[{"id":77851,"href":"https:\/\/tivixiaomi.co\/en\/wp-json\/wp\/v2\/product\/68141\/revisions\/77851"}],"wp:featuredmedia":[{"embeddable":true,"href":"https:\/\/tivixiaomi.co\/en\/wp-json\/wp\/v2\/media\/67959"}],"wp:attachment":[{"href":"https:\/\/tivixiaomi.co\/en\/wp-json\/wp\/v2\/media?parent=68141"}],"wp:term":[{"taxonomy":"product_brand","embeddable":true,"href":"https:\/\/tivixiaomi.co\/en\/wp-json\/wp\/v2\/product_brand?post=68141"},{"taxonomy":"product_cat","embeddable":true,"href":"https:\/\/tivixiaomi.co\/en\/wp-json\/wp\/v2\/product_cat?post=68141"},{"taxonomy":"product_tag","embeddable":true,"href":"https:\/\/tivixiaomi.co\/en\/wp-json\/wp\/v2\/product_tag?post=68141"}],"curies":[{"name":"wp","href":"https:\/\/api.w.org\/{rel}","templated":true}]}}