{"id":68154,"date":"2024-05-17T09:46:27","date_gmt":"2024-05-17T02:46:27","guid":{"rendered":"https:\/\/tivixiaomi.co\/?post_type=product&#038;p=68154"},"modified":"2024-09-04T11:48:27","modified_gmt":"2024-09-04T04:48:27","slug":"xiaomi-tv-a-32-2025","status":"publish","type":"product","link":"https:\/\/tivixiaomi.co\/en\/tivi\/xiaomi-tv-a-32-2025\/","title":{"rendered":"Xiaomi TV A 32 2025"},"content":{"rendered":"<p><img fetchpriority=\"high\" decoding=\"async\" class=\"aligncenter size-full wp-image-68155\" src=\"https:\/\/tivixiaomi.co\/wp-content\/uploads\/2024\/05\/1b-jpg.webp\" alt=\"\" width=\"1899\" height=\"845\" srcset=\"https:\/\/tivixiaomi.co\/wp-content\/uploads\/2024\/05\/1b-jpg.webp 1899w, https:\/\/tivixiaomi.co\/wp-content\/uploads\/2024\/05\/1b-jpg-150x67.webp 150w, https:\/\/tivixiaomi.co\/wp-content\/uploads\/2024\/05\/1b-jpg-600x267.webp 600w, https:\/\/tivixiaomi.co\/wp-content\/uploads\/2024\/05\/1b-300x133.webp 300w, https:\/\/tivixiaomi.co\/wp-content\/uploads\/2024\/05\/1b-1024x456.webp 1024w, https:\/\/tivixiaomi.co\/wp-content\/uploads\/2024\/05\/1b-768x342.webp 768w, https:\/\/tivixiaomi.co\/wp-content\/uploads\/2024\/05\/1b-1536x683.webp 1536w\" sizes=\"(max-width: 1899px) 100vw, 1899px\" \/><\/p>\n<hr class=\"mx-0 my-3 my-lg-4 \" \/>\n<p><span class=\"Y2IQFc\" lang=\"vi\"><img decoding=\"async\" class=\"aligncenter size-full wp-image-68156\" src=\"https:\/\/tivixiaomi.co\/wp-content\/uploads\/2024\/05\/2-jpg.webp\" alt=\"\" width=\"1265\" height=\"387\" srcset=\"https:\/\/tivixiaomi.co\/wp-content\/uploads\/2024\/05\/2-jpg.webp 1265w, https:\/\/tivixiaomi.co\/wp-content\/uploads\/2024\/05\/2-jpg-150x46.webp 150w, https:\/\/tivixiaomi.co\/wp-content\/uploads\/2024\/05\/2-jpg-600x184.webp 600w, https:\/\/tivixiaomi.co\/wp-content\/uploads\/2024\/05\/2-300x92.webp 300w, https:\/\/tivixiaomi.co\/wp-content\/uploads\/2024\/05\/2-1024x313.webp 1024w, https:\/\/tivixiaomi.co\/wp-content\/uploads\/2024\/05\/2-768x235.webp 768w\" sizes=\"(max-width: 1265px) 100vw, 1265px\" \/> <img decoding=\"async\" class=\"aligncenter size-full wp-image-68157\" src=\"https:\/\/tivixiaomi.co\/wp-content\/uploads\/2024\/05\/3-jpg.webp\" alt=\"\" width=\"1266\" height=\"388\" srcset=\"https:\/\/tivixiaomi.co\/wp-content\/uploads\/2024\/05\/3-jpg.webp 1266w, https:\/\/tivixiaomi.co\/wp-content\/uploads\/2024\/05\/3-jpg-150x46.webp 150w, https:\/\/tivixiaomi.co\/wp-content\/uploads\/2024\/05\/3-jpg-600x184.webp 600w, https:\/\/tivixiaomi.co\/wp-content\/uploads\/2024\/05\/3-300x92.webp 300w, https:\/\/tivixiaomi.co\/wp-content\/uploads\/2024\/05\/3-1024x314.webp 1024w, https:\/\/tivixiaomi.co\/wp-content\/uploads\/2024\/05\/3-768x235.webp 768w\" sizes=\"(max-width: 1266px) 100vw, 1266px\" \/> <img loading=\"lazy\" decoding=\"async\" class=\"aligncenter size-full wp-image-68158\" src=\"https:\/\/tivixiaomi.co\/wp-content\/uploads\/2024\/05\/4-jpg.webp\" alt=\"\" width=\"1260\" height=\"385\" srcset=\"https:\/\/tivixiaomi.co\/wp-content\/uploads\/2024\/05\/4-jpg.webp 1260w, https:\/\/tivixiaomi.co\/wp-content\/uploads\/2024\/05\/4-jpg-150x46.webp 150w, https:\/\/tivixiaomi.co\/wp-content\/uploads\/2024\/05\/4-jpg-600x183.webp 600w, https:\/\/tivixiaomi.co\/wp-content\/uploads\/2024\/05\/4-300x92.webp 300w, https:\/\/tivixiaomi.co\/wp-content\/uploads\/2024\/05\/4-1024x313.webp 1024w, https:\/\/tivixiaomi.co\/wp-content\/uploads\/2024\/05\/4-768x235.webp 768w\" sizes=\"(max-width: 1260px) 100vw, 1260px\" \/><\/span><\/p>\n<hr class=\"mx-0 my-3 my-lg-4 \" \/>\n<p>DTS Virtual:X bi\u1ebfn \u00e2m thanh hai chi\u1ec1u th\u00e0nh \u00e2m tr\u01b0\u1eddng \u0111a chi\u1ec1u, t\u1ea1o c\u1ea3m gi\u00e1c v\u1ec1 chi\u1ec1u cao v\u00e0 kh\u00f4ng gian.<br \/>\n\u0110\u1eafm ch\u00ecm trong \u00e2m thanh phong ph\u00fa, chi ti\u1ebft h\u01a1n bao gi\u1edd h\u1ebft v\u1edbi gi\u1ea3i m\u00e3 k\u00e9p c\u1ee7a Dolby Audio v\u00e0 DTS:X.<img loading=\"lazy\" decoding=\"async\" class=\"aligncenter wp-image-68040 size-full\" src=\"https:\/\/tivixiaomi.co\/wp-content\/uploads\/2024\/04\/X7-2-jpg.webp\" alt=\"\" width=\"1216\" height=\"885\" srcset=\"https:\/\/tivixiaomi.co\/wp-content\/uploads\/2024\/04\/X7-2-jpg.webp 1216w, https:\/\/tivixiaomi.co\/wp-content\/uploads\/2024\/04\/X7-2-jpg-150x109.webp 150w, https:\/\/tivixiaomi.co\/wp-content\/uploads\/2024\/04\/X7-2-jpg-600x437.webp 600w, https:\/\/tivixiaomi.co\/wp-content\/uploads\/2024\/04\/X7-2-300x218.webp 300w, https:\/\/tivixiaomi.co\/wp-content\/uploads\/2024\/04\/X7-2-1024x745.webp 1024w, https:\/\/tivixiaomi.co\/wp-content\/uploads\/2024\/04\/X7-2-768x559.webp 768w\" sizes=\"(max-width: 1216px) 100vw, 1216px\" \/><img loading=\"lazy\" decoding=\"async\" class=\"aligncenter wp-image-67973 size-full\" src=\"https:\/\/tivixiaomi.co\/wp-content\/uploads\/2024\/04\/S8-jpg.webp\" alt=\"\" width=\"937\" height=\"262\" srcset=\"https:\/\/tivixiaomi.co\/wp-content\/uploads\/2024\/04\/S8-jpg.webp 937w, https:\/\/tivixiaomi.co\/wp-content\/uploads\/2024\/04\/S8-jpg-150x42.webp 150w, https:\/\/tivixiaomi.co\/wp-content\/uploads\/2024\/04\/S8-jpg-600x168.webp 600w, https:\/\/tivixiaomi.co\/wp-content\/uploads\/2024\/04\/S8-300x84.webp 300w, https:\/\/tivixiaomi.co\/wp-content\/uploads\/2024\/04\/S8-768x215.webp 768w\" sizes=\"(max-width: 937px) 100vw, 937px\" \/><\/p>\n<hr class=\"mx-0 my-3 my-lg-4 \" \/>\n<p><span class=\"Y2IQFc\" lang=\"vi\">Kh\u00f4ng c\u00f2n ph\u1ea3i nh\u1ea3y t\u1eeb \u1ee9ng d\u1ee5ng n\u00e0y sang \u1ee9ng d\u1ee5ng kh\u00e1c. Google TV\u2122 t\u1eadp h\u1ee3p c\u00e1c b\u1ed9 phim, ch\u01b0\u01a1ng tr\u00ecnh v\u00e0 nhi\u1ec1u n\u1ed9i dung kh\u00e1c t\u1eeb t\u1ea5t c\u1ea3 \u0111\u0103ng k\u00fd c\u1ee7a b\u1ea1n \u0111\u1ec3 ch\u00fang \u1edf c\u00f9ng m\u1ed9t n\u01a1i. C\u1ea7n ngu\u1ed3n c\u1ea3m h\u1ee9ng?<br \/>\nNh\u1eadn c\u00e1c \u0111\u1ec1 xu\u1ea5t \u0111\u01b0\u1ee3c tuy\u1ec3n ch\u1ecdn, s\u1eed d\u1ee5ng t\u00ednh n\u0103ng t\u00ecm ki\u1ebfm m\u1ea1nh m\u1ebd c\u1ee7a Google \u0111\u1ec3 t\u00ecm c\u00e1c ch\u01b0\u01a1ng tr\u00ecnh tr\u00ean h\u01a1n 10.000 \u1ee9ng d\u1ee5ng ho\u1eb7c duy\u1ec7t qua h\u00e0ng tr\u0103m k\u00eanh mi\u1ec5n ph\u00ed. V\u00e0 v\u1edbi h\u1ed3 s\u01a1 \u0111\u01b0\u1ee3c c\u00e1 nh\u00e2n h\u00f3a, tr\u1ea3i nghi\u1ec7m c\u1ee7a m\u1ecdi ng\u01b0\u1eddi \u0111\u1ec1u \u0111\u01b0\u1ee3c t\u00f9y ch\u1ec9nh cho ph\u00f9 h\u1ee3p v\u1edbi h\u1ecd.<\/span><img loading=\"lazy\" decoding=\"async\" class=\"aligncenter wp-image-68041 size-full\" src=\"https:\/\/tivixiaomi.co\/wp-content\/uploads\/2024\/04\/X8-jpg.webp\" alt=\"\" width=\"1124\" height=\"793\" srcset=\"https:\/\/tivixiaomi.co\/wp-content\/uploads\/2024\/04\/X8-jpg.webp 1124w, https:\/\/tivixiaomi.co\/wp-content\/uploads\/2024\/04\/X8-jpg-150x106.webp 150w, https:\/\/tivixiaomi.co\/wp-content\/uploads\/2024\/04\/X8-jpg-600x423.webp 600w, https:\/\/tivixiaomi.co\/wp-content\/uploads\/2024\/04\/X8-300x212.webp 300w, https:\/\/tivixiaomi.co\/wp-content\/uploads\/2024\/04\/X8-1024x722.webp 1024w, https:\/\/tivixiaomi.co\/wp-content\/uploads\/2024\/04\/X8-768x542.webp 768w\" sizes=\"(max-width: 1124px) 100vw, 1124px\" \/><img loading=\"lazy\" decoding=\"async\" class=\"aligncenter size-full wp-image-67976\" src=\"https:\/\/tivixiaomi.co\/wp-content\/uploads\/2024\/04\/S10-jpg.webp\" alt=\"\" width=\"973\" height=\"185\" srcset=\"https:\/\/tivixiaomi.co\/wp-content\/uploads\/2024\/04\/S10-jpg.webp 973w, https:\/\/tivixiaomi.co\/wp-content\/uploads\/2024\/04\/S10-jpg-150x29.webp 150w, https:\/\/tivixiaomi.co\/wp-content\/uploads\/2024\/04\/S10-jpg-600x114.webp 600w, https:\/\/tivixiaomi.co\/wp-content\/uploads\/2024\/04\/S10-300x57.webp 300w, https:\/\/tivixiaomi.co\/wp-content\/uploads\/2024\/04\/S10-768x146.webp 768w\" sizes=\"(max-width: 973px) 100vw, 973px\" \/><\/p>\n<hr class=\"mx-0 my-3 my-lg-4 \" \/>\n<p><span class=\"Y2IQFc\" lang=\"vi\">TV c\u1ee7a b\u1ea1n h\u1eefu \u00edch h\u01a1n bao gi\u1edd h\u1ebft. Y\u00eau c\u1ea7u Tr\u1ee3 l\u00fd Google t\u00ecm phim, truy\u1ec1n ph\u00e1t \u1ee9ng d\u1ee5ng, ph\u00e1t nh\u1ea1c v\u00e0 \u0111i\u1ec1u khi\u1ec3n TV &#8211; t\u1ea5t c\u1ea3 \u0111\u1ec1u b\u1eb1ng gi\u1ecdng n\u00f3i c\u1ee7a b\u1ea1n.<br \/>\nTh\u1eadm ch\u00ed nh\u1eadn \u0111\u01b0\u1ee3c c\u00e2u tr\u1ea3 l\u1eddi, \u0111i\u1ec1u khi\u1ec3n c\u00e1c thi\u1ebft b\u1ecb nh\u00e0 th\u00f4ng minh v\u00e0 h\u01a1n th\u1ebf n\u1eefa. Nh\u1ea5n n\u00fat Google Assistant tr\u00ean \u0111i\u1ec1u khi\u1ec3n t\u1eeb xa \u0111\u1ec3 b\u1eaft \u0111\u1ea7u.<\/span><img loading=\"lazy\" decoding=\"async\" class=\"aligncenter wp-image-68042 size-full\" src=\"https:\/\/tivixiaomi.co\/wp-content\/uploads\/2024\/04\/X9-jpg.webp\" alt=\"\" width=\"1274\" height=\"864\" srcset=\"https:\/\/tivixiaomi.co\/wp-content\/uploads\/2024\/04\/X9-jpg.webp 1274w, https:\/\/tivixiaomi.co\/wp-content\/uploads\/2024\/04\/X9-jpg-150x102.webp 150w, https:\/\/tivixiaomi.co\/wp-content\/uploads\/2024\/04\/X9-jpg-600x407.webp 600w, https:\/\/tivixiaomi.co\/wp-content\/uploads\/2024\/04\/X9-300x203.webp 300w, https:\/\/tivixiaomi.co\/wp-content\/uploads\/2024\/04\/X9-1024x694.webp 1024w, https:\/\/tivixiaomi.co\/wp-content\/uploads\/2024\/04\/X9-768x521.webp 768w\" sizes=\"(max-width: 1274px) 100vw, 1274px\" \/><\/p>\n<hr class=\"mx-0 my-3 my-lg-4 \" \/>\n<p><span class=\"Y2IQFc\" lang=\"vi\">Tr\u1ea3i nghi\u1ec7m s\u1ef1 t\u1ef1 do li\u1ec1n m\u1ea1ch v\u00e0 kh\u00f4ng b\u1ecb gi\u1edbi h\u1ea1n v\u1edbi \u0111i\u1ec1u khi\u1ec3n t\u1eeb xa Bluetooth. M\u1edf kh\u00f3a nhi\u1ec1u ni\u1ec1m vui h\u01a1n v\u1edbi c\u00e1c n\u00fat t\u1eaft ti\u1ec7n l\u1ee3i.<\/span><img loading=\"lazy\" decoding=\"async\" class=\"aligncenter wp-image-68149 size-full\" src=\"https:\/\/tivixiaomi.co\/wp-content\/uploads\/2024\/04\/ti4-jpg.webp\" alt=\"\" width=\"1546\" height=\"803\" srcset=\"https:\/\/tivixiaomi.co\/wp-content\/uploads\/2024\/04\/ti4-jpg.webp 1546w, https:\/\/tivixiaomi.co\/wp-content\/uploads\/2024\/04\/ti4-jpg-150x78.webp 150w, https:\/\/tivixiaomi.co\/wp-content\/uploads\/2024\/04\/ti4-jpg-600x312.webp 600w, https:\/\/tivixiaomi.co\/wp-content\/uploads\/2024\/04\/ti4-300x156.webp 300w, https:\/\/tivixiaomi.co\/wp-content\/uploads\/2024\/04\/ti4-1024x532.webp 1024w, https:\/\/tivixiaomi.co\/wp-content\/uploads\/2024\/04\/ti4-768x399.webp 768w, https:\/\/tivixiaomi.co\/wp-content\/uploads\/2024\/04\/ti4-1536x798.webp 1536w\" sizes=\"(max-width: 1546px) 100vw, 1546px\" \/><\/p>\n<hr class=\"mx-0 my-3 my-lg-4 \" \/>\n<p><span class=\"Y2IQFc\" lang=\"vi\">Ngo\u00e0i Miracast, b\u1ea1n c\u00f3 th\u1ec3 d\u1ec5 d\u00e0ng truy\u1ec1n phim, ch\u01b0\u01a1ng tr\u00ecnh, \u1ea3nh, v.v. t\u1eeb \u0111i\u1ec7n tho\u1ea1i ho\u1eb7c m\u00e1y t\u00ednh b\u1ea3ng c\u1ee7a m\u00ecnh t\u1edbi TV b\u1eb1ng Chromecast t\u00edch h\u1ee3p\u2122.<\/span><img loading=\"lazy\" decoding=\"async\" class=\"aligncenter wp-image-68044 size-full\" src=\"https:\/\/tivixiaomi.co\/wp-content\/uploads\/2024\/04\/X11-jpg.webp\" alt=\"\" width=\"1478\" height=\"802\" srcset=\"https:\/\/tivixiaomi.co\/wp-content\/uploads\/2024\/04\/X11-jpg.webp 1478w, https:\/\/tivixiaomi.co\/wp-content\/uploads\/2024\/04\/X11-jpg-150x81.webp 150w, https:\/\/tivixiaomi.co\/wp-content\/uploads\/2024\/04\/X11-jpg-600x326.webp 600w, https:\/\/tivixiaomi.co\/wp-content\/uploads\/2024\/04\/X11-300x163.webp 300w, https:\/\/tivixiaomi.co\/wp-content\/uploads\/2024\/04\/X11-1024x556.webp 1024w, https:\/\/tivixiaomi.co\/wp-content\/uploads\/2024\/04\/X11-768x417.webp 768w\" sizes=\"(max-width: 1478px) 100vw, 1478px\" \/><\/p>\n<hr class=\"mx-0 my-3 my-lg-4 \" \/>\n<p><span class=\"Y2IQFc\" lang=\"vi\">Tr\u1ea3i nghi\u1ec7m h\u00ecnh \u1ea3nh v\u00f4 h\u1ea1n v\u00e0 t\u1ef7 l\u1ec7 m\u00e0n h\u00ecnh tr\u00ean th\u00e2n m\u00e1y v\u01b0\u1ee3t tr\u1ed9i v\u1edbi thi\u1ebft k\u1ebf kh\u00f4ng vi\u1ec1n v\u00e0 s\u1eb5n s\u00e0ng \u0111\u1eafm m\u00ecnh trong tr\u1ea3i nghi\u1ec7m xem thu\u1ea7n t\u00fay, kh\u00f4ng b\u1ecb gi\u00e1n \u0111o\u1ea1n.<\/span><\/p>\n<p><img loading=\"lazy\" decoding=\"async\" class=\"aligncenter wp-image-68143 size-full\" src=\"https:\/\/tivixiaomi.co\/wp-content\/uploads\/2024\/05\/76a-jpg.webp\" alt=\"\" width=\"1898\" height=\"896\" srcset=\"https:\/\/tivixiaomi.co\/wp-content\/uploads\/2024\/05\/76a-jpg.webp 1898w, https:\/\/tivixiaomi.co\/wp-content\/uploads\/2024\/05\/76a-jpg-150x71.webp 150w, https:\/\/tivixiaomi.co\/wp-content\/uploads\/2024\/05\/76a-jpg-600x283.webp 600w, https:\/\/tivixiaomi.co\/wp-content\/uploads\/2024\/05\/76a-300x142.webp 300w, https:\/\/tivixiaomi.co\/wp-content\/uploads\/2024\/05\/76a-1024x483.webp 1024w, https:\/\/tivixiaomi.co\/wp-content\/uploads\/2024\/05\/76a-768x363.webp 768w, https:\/\/tivixiaomi.co\/wp-content\/uploads\/2024\/05\/76a-1536x725.webp 1536w\" sizes=\"(max-width: 1898px) 100vw, 1898px\" \/><\/p>\n<hr class=\"mx-0 my-3 my-lg-4 \" \/>\n<p>C\u1ea3m nh\u1eadn v\u1ebb \u0111\u1eb9p ho\u00e0n h\u1ea3o, ch\u1ea5t l\u01b0\u1ee3ng cao c\u1ea5p v\u00e0 k\u1ebft c\u1ea5u phong ph\u00fa do thi\u1ebft k\u1ebf nguy\u00ean kh\u1ed1i mang l\u1ea1i.<img loading=\"lazy\" decoding=\"async\" class=\"aligncenter size-full wp-image-68159\" src=\"https:\/\/tivixiaomi.co\/wp-content\/uploads\/2024\/05\/5b-jpg.webp\" alt=\"\" width=\"1899\" height=\"838\" srcset=\"https:\/\/tivixiaomi.co\/wp-content\/uploads\/2024\/05\/5b-jpg.webp 1899w, https:\/\/tivixiaomi.co\/wp-content\/uploads\/2024\/05\/5b-jpg-150x66.webp 150w, https:\/\/tivixiaomi.co\/wp-content\/uploads\/2024\/05\/5b-jpg-600x265.webp 600w, https:\/\/tivixiaomi.co\/wp-content\/uploads\/2024\/05\/5b-300x132.webp 300w, https:\/\/tivixiaomi.co\/wp-content\/uploads\/2024\/05\/5b-1024x452.webp 1024w, https:\/\/tivixiaomi.co\/wp-content\/uploads\/2024\/05\/5b-768x339.webp 768w, https:\/\/tivixiaomi.co\/wp-content\/uploads\/2024\/05\/5b-1536x678.webp 1536w\" sizes=\"(max-width: 1899px) 100vw, 1899px\" \/> <img loading=\"lazy\" decoding=\"async\" class=\"aligncenter size-full wp-image-68160\" src=\"https:\/\/tivixiaomi.co\/wp-content\/uploads\/2024\/05\/6b-jpg.webp\" alt=\"\" width=\"1898\" height=\"688\" srcset=\"https:\/\/tivixiaomi.co\/wp-content\/uploads\/2024\/05\/6b-jpg.webp 1898w, https:\/\/tivixiaomi.co\/wp-content\/uploads\/2024\/05\/6b-jpg-150x54.webp 150w, https:\/\/tivixiaomi.co\/wp-content\/uploads\/2024\/05\/6b-jpg-600x217.webp 600w, https:\/\/tivixiaomi.co\/wp-content\/uploads\/2024\/05\/6b-300x109.webp 300w, https:\/\/tivixiaomi.co\/wp-content\/uploads\/2024\/05\/6b-1024x371.webp 1024w, https:\/\/tivixiaomi.co\/wp-content\/uploads\/2024\/05\/6b-768x278.webp 768w, https:\/\/tivixiaomi.co\/wp-content\/uploads\/2024\/05\/6b-1536x557.webp 1536w\" sizes=\"(max-width: 1898px) 100vw, 1898px\" \/><\/p>\n","protected":false},"excerpt":{"rendered":"<ul>\n<li>D\u00f2ng A 2025 Series<\/li>\n<li>M\u00e0n h\u00ecnh: HD 60Hz<\/li>\n<li>RAM: 1,5GB<\/li>\n<li>Dung l\u01b0\u1ee3ng: 8GB<\/li>\n<\/ul>\n","protected":false},"featured_media":67959,"comment_status":"open","ping_status":"closed","template":"","meta":[],"product_brand":[],"product_cat":[442,243],"product_tag":[],"class_list":{"0":"post-68154","1":"product","2":"type-product","3":"status-publish","4":"has-post-thumbnail","6":"product_cat-smart-tivi-xiaomi-a","7":"product_cat-tivi-xiaomi-32-40-inch","9":"first","10":"instock","11":"shipping-taxable","12":"purchasable","13":"product-type-simple"},"_links":{"self":[{"href":"https:\/\/tivixiaomi.co\/en\/wp-json\/wp\/v2\/product\/68154"}],"collection":[{"href":"https:\/\/tivixiaomi.co\/en\/wp-json\/wp\/v2\/product"}],"about":[{"href":"https:\/\/tivixiaomi.co\/en\/wp-json\/wp\/v2\/types\/product"}],"replies":[{"embeddable":true,"href":"https:\/\/tivixiaomi.co\/en\/wp-json\/wp\/v2\/comments?post=68154"}],"version-history":[{"count":0,"href":"https:\/\/tivixiaomi.co\/en\/wp-json\/wp\/v2\/product\/68154\/revisions"}],"wp:featuredmedia":[{"embeddable":true,"href":"https:\/\/tivixiaomi.co\/en\/wp-json\/wp\/v2\/media\/67959"}],"wp:attachment":[{"href":"https:\/\/tivixiaomi.co\/en\/wp-json\/wp\/v2\/media?parent=68154"}],"wp:term":[{"taxonomy":"product_brand","embeddable":true,"href":"https:\/\/tivixiaomi.co\/en\/wp-json\/wp\/v2\/product_brand?post=68154"},{"taxonomy":"product_cat","embeddable":true,"href":"https:\/\/tivixiaomi.co\/en\/wp-json\/wp\/v2\/product_cat?post=68154"},{"taxonomy":"product_tag","embeddable":true,"href":"https:\/\/tivixiaomi.co\/en\/wp-json\/wp\/v2\/product_tag?post=68154"}],"curies":[{"name":"wp","href":"https:\/\/api.w.org\/{rel}","templated":true}]}}