{"id":77311,"date":"2024-09-08T02:29:49","date_gmt":"2024-09-07T19:29:49","guid":{"rendered":"https:\/\/tivixiaomi.co\/?post_type=product&#038;p=77311"},"modified":"2024-09-08T02:29:49","modified_gmt":"2024-09-07T19:29:49","slug":"tua-vit-dien-xiaomi-mijia-mjddlsd003qw-tuoc-no-vit","status":"publish","type":"product","link":"https:\/\/tivixiaomi.co\/en\/tivi\/tua-vit-dien-xiaomi-mijia-mjddlsd003qw-tuoc-no-vit\/","title":{"rendered":"Tua v\u00edt \u0111i\u1ec7n Xiaomi Mijia MJDDLSD003QW tu\u1ed1c n\u01a1 v\u00edt"},"content":{"rendered":"<ul>\n<li><strong>B\u1ed9 tu\u1ed1c n\u01a1 v\u00edt \u0111i\u1ec7n Xiaomi Mijia c\u00f3 model MJDDLSD003QW<\/strong>, v\u1edbi 2 t\u1ed1c \u0111\u1ed9, h\u1ed9p \u0111\u1ef1ng nam ch\u00e2m h\u00fat th\u00f4ng minh, 24 \u0111\u1ea7u v\u00edt h\u1ee3p kim th\u00e9p S2 cao c\u1ea5p, v\u1eb7n \u0111\u01b0\u1ee3c 400 v\u00edt trong 1 l\u1ea7n s\u1ea1c.<\/li>\n<\/ul>\n","protected":false},"excerpt":{"rendered":"<p><strong>B\u1ed9 tu\u1ed1c n\u01a1 v\u00edt \u0111i\u1ec7n Xiaomi Mijia c\u00f3 model MJDDLSD003QW<\/strong>, v\u1edbi 2 t\u1ed1c \u0111\u1ed9, h\u1ed9p \u0111\u1ef1ng nam ch\u00e2m h\u00fat th\u00f4ng minh, 24 \u0111\u1ea7u v\u00edt h\u1ee3p kim th\u00e9p S2 cao c\u1ea5p, v\u1eb7n \u0111\u01b0\u1ee3c 400 v\u00edt trong 1 l\u1ea7n s\u1ea1c.<\/p>\n","protected":false},"featured_media":77312,"comment_status":"open","ping_status":"closed","template":"","meta":[],"product_brand":[],"product_cat":[763],"product_tag":[],"class_list":{"0":"post-77311","1":"product","2":"type-product","3":"status-publish","4":"has-post-thumbnail","6":"product_cat-hop-dung-cu-xiaomi","8":"first","9":"instock","10":"shipping-taxable","11":"purchasable","12":"product-type-simple"},"_links":{"self":[{"href":"https:\/\/tivixiaomi.co\/en\/wp-json\/wp\/v2\/product\/77311"}],"collection":[{"href":"https:\/\/tivixiaomi.co\/en\/wp-json\/wp\/v2\/product"}],"about":[{"href":"https:\/\/tivixiaomi.co\/en\/wp-json\/wp\/v2\/types\/product"}],"replies":[{"embeddable":true,"href":"https:\/\/tivixiaomi.co\/en\/wp-json\/wp\/v2\/comments?post=77311"}],"version-history":[{"count":1,"href":"https:\/\/tivixiaomi.co\/en\/wp-json\/wp\/v2\/product\/77311\/revisions"}],"predecessor-version":[{"id":77322,"href":"https:\/\/tivixiaomi.co\/en\/wp-json\/wp\/v2\/product\/77311\/revisions\/77322"}],"wp:featuredmedia":[{"embeddable":true,"href":"https:\/\/tivixiaomi.co\/en\/wp-json\/wp\/v2\/media\/77312"}],"wp:attachment":[{"href":"https:\/\/tivixiaomi.co\/en\/wp-json\/wp\/v2\/media?parent=77311"}],"wp:term":[{"taxonomy":"product_brand","embeddable":true,"href":"https:\/\/tivixiaomi.co\/en\/wp-json\/wp\/v2\/product_brand?post=77311"},{"taxonomy":"product_cat","embeddable":true,"href":"https:\/\/tivixiaomi.co\/en\/wp-json\/wp\/v2\/product_cat?post=77311"},{"taxonomy":"product_tag","embeddable":true,"href":"https:\/\/tivixiaomi.co\/en\/wp-json\/wp\/v2\/product_tag?post=77311"}],"curies":[{"name":"wp","href":"https:\/\/api.w.org\/{rel}","templated":true}]}}