{"id":77379,"date":"2024-09-08T11:32:25","date_gmt":"2024-09-08T04:32:25","guid":{"rendered":"https:\/\/tivixiaomi.co\/?post_type=product&#038;p=77379"},"modified":"2024-09-08T11:57:36","modified_gmt":"2024-09-08T04:57:36","slug":"may-rua-bat-rua-chen-xiaomi-mijia-15-bo-s1-mau-den-chinh-hang-gia-re-2","status":"publish","type":"product","link":"https:\/\/tivixiaomi.co\/en\/tivi\/may-rua-bat-rua-chen-xiaomi-mijia-15-bo-s1-mau-den-chinh-hang-gia-re-2\/","title":{"rendered":"M\u00e1y R\u1eeda B\u00e1t, R\u1eeda Ch\u00e9n Xiaomi Mijia 15 B\u1ed9 S1 \u2013 M\u00e0u \u0111en ch\u00ednh h\u00e3ng gi\u00e1 r\u1ebb"},"content":{"rendered":"","protected":false},"excerpt":{"rendered":"","protected":false},"featured_media":77398,"comment_status":"open","ping_status":"closed","template":"","meta":[],"product_brand":[],"product_cat":[792],"product_tag":[],"class_list":{"0":"post-77379","1":"product","2":"type-product","3":"status-publish","4":"has-post-thumbnail","6":"product_cat-may-rua-chen-bat-xiaomi","8":"first","9":"instock","10":"sale","11":"shipping-taxable","12":"purchasable","13":"product-type-simple"},"_links":{"self":[{"href":"https:\/\/tivixiaomi.co\/en\/wp-json\/wp\/v2\/product\/77379"}],"collection":[{"href":"https:\/\/tivixiaomi.co\/en\/wp-json\/wp\/v2\/product"}],"about":[{"href":"https:\/\/tivixiaomi.co\/en\/wp-json\/wp\/v2\/types\/product"}],"replies":[{"embeddable":true,"href":"https:\/\/tivixiaomi.co\/en\/wp-json\/wp\/v2\/comments?post=77379"}],"version-history":[{"count":1,"href":"https:\/\/tivixiaomi.co\/en\/wp-json\/wp\/v2\/product\/77379\/revisions"}],"predecessor-version":[{"id":77400,"href":"https:\/\/tivixiaomi.co\/en\/wp-json\/wp\/v2\/product\/77379\/revisions\/77400"}],"wp:featuredmedia":[{"embeddable":true,"href":"https:\/\/tivixiaomi.co\/en\/wp-json\/wp\/v2\/media\/77398"}],"wp:attachment":[{"href":"https:\/\/tivixiaomi.co\/en\/wp-json\/wp\/v2\/media?parent=77379"}],"wp:term":[{"taxonomy":"product_brand","embeddable":true,"href":"https:\/\/tivixiaomi.co\/en\/wp-json\/wp\/v2\/product_brand?post=77379"},{"taxonomy":"product_cat","embeddable":true,"href":"https:\/\/tivixiaomi.co\/en\/wp-json\/wp\/v2\/product_cat?post=77379"},{"taxonomy":"product_tag","embeddable":true,"href":"https:\/\/tivixiaomi.co\/en\/wp-json\/wp\/v2\/product_tag?post=77379"}],"curies":[{"name":"wp","href":"https:\/\/api.w.org\/{rel}","templated":true}]}}