{"id":77383,"date":"2024-09-08T11:32:26","date_gmt":"2024-09-08T04:32:26","guid":{"rendered":"https:\/\/tivixiaomi.co\/?post_type=product&#038;p=77383"},"modified":"2025-05-02T18:01:40","modified_gmt":"2025-05-02T11:01:40","slug":"tu-lanh-xiaomi-mijia-439l-kieu-phap-thiet-ke-am-tuong-4-canh-ngan-dong-mem-2","status":"publish","type":"product","link":"https:\/\/tivixiaomi.co\/en\/tivi\/tu-lanh-xiaomi-mijia-439l-kieu-phap-thiet-ke-am-tuong-4-canh-ngan-dong-mem-2\/","title":{"rendered":"T\u1ee7 l\u1ea1nh Xiaomi Mijia 439L \u2013 ki\u1ec3u Ph\u00e1p \u2013 Thi\u1ebft k\u1ebf \u00e2m t\u01b0\u1eddng, 4 C\u00e1nh ng\u0103n \u0111\u00f4ng m\u1ec1m"},"content":{"rendered":"","protected":false},"excerpt":{"rendered":"","protected":false},"featured_media":77416,"comment_status":"open","ping_status":"closed","template":"","meta":[],"product_brand":[],"product_cat":[284,766],"product_tag":[],"class_list":{"0":"post-77383","1":"product","2":"type-product","3":"status-publish","4":"has-post-thumbnail","6":"product_cat-tu-lanh-xiaomi","7":"product_cat-tu-lanh-cua-phap-xiaomi","9":"first","10":"instock","11":"sale","12":"shipping-taxable","13":"purchasable","14":"product-type-simple"},"_links":{"self":[{"href":"https:\/\/tivixiaomi.co\/en\/wp-json\/wp\/v2\/product\/77383"}],"collection":[{"href":"https:\/\/tivixiaomi.co\/en\/wp-json\/wp\/v2\/product"}],"about":[{"href":"https:\/\/tivixiaomi.co\/en\/wp-json\/wp\/v2\/types\/product"}],"replies":[{"embeddable":true,"href":"https:\/\/tivixiaomi.co\/en\/wp-json\/wp\/v2\/comments?post=77383"}],"version-history":[{"count":1,"href":"https:\/\/tivixiaomi.co\/en\/wp-json\/wp\/v2\/product\/77383\/revisions"}],"predecessor-version":[{"id":77418,"href":"https:\/\/tivixiaomi.co\/en\/wp-json\/wp\/v2\/product\/77383\/revisions\/77418"}],"wp:featuredmedia":[{"embeddable":true,"href":"https:\/\/tivixiaomi.co\/en\/wp-json\/wp\/v2\/media\/77416"}],"wp:attachment":[{"href":"https:\/\/tivixiaomi.co\/en\/wp-json\/wp\/v2\/media?parent=77383"}],"wp:term":[{"taxonomy":"product_brand","embeddable":true,"href":"https:\/\/tivixiaomi.co\/en\/wp-json\/wp\/v2\/product_brand?post=77383"},{"taxonomy":"product_cat","embeddable":true,"href":"https:\/\/tivixiaomi.co\/en\/wp-json\/wp\/v2\/product_cat?post=77383"},{"taxonomy":"product_tag","embeddable":true,"href":"https:\/\/tivixiaomi.co\/en\/wp-json\/wp\/v2\/product_tag?post=77383"}],"curies":[{"name":"wp","href":"https:\/\/api.w.org\/{rel}","templated":true}]}}