{"id":77385,"date":"2024-09-08T11:32:26","date_gmt":"2024-09-08T04:32:26","guid":{"rendered":"https:\/\/tivixiaomi.co\/?post_type=product&#038;p=77385"},"modified":"2025-04-08T16:38:20","modified_gmt":"2025-04-08T09:38:20","slug":"tu-lanh-xiaomi-mijia-518l-sieu-mong-am-tuong-18-ngan-dong-mem-2","status":"publish","type":"product","link":"https:\/\/tivixiaomi.co\/en\/tivi\/tu-lanh-xiaomi-mijia-518l-sieu-mong-am-tuong-18-ngan-dong-mem-2\/","title":{"rendered":"T\u1ee7 l\u1ea1nh Xiaomi Mijia 518L Si\u00eau m\u1ecfng \u00e2m t\u01b0\u1eddng, 18 ng\u0103n \u0111\u00f4ng m\u1ec1m"},"content":{"rendered":"","protected":false},"excerpt":{"rendered":"","protected":false},"featured_media":77422,"comment_status":"open","ping_status":"closed","template":"","meta":[],"product_brand":[],"product_cat":[284,766],"product_tag":[],"class_list":{"0":"post-77385","1":"product","2":"type-product","3":"status-publish","4":"has-post-thumbnail","6":"product_cat-tu-lanh-xiaomi","7":"product_cat-tu-lanh-cua-phap-xiaomi","9":"first","10":"instock","11":"sale","12":"shipping-taxable","13":"purchasable","14":"product-type-simple"},"_links":{"self":[{"href":"https:\/\/tivixiaomi.co\/en\/wp-json\/wp\/v2\/product\/77385"}],"collection":[{"href":"https:\/\/tivixiaomi.co\/en\/wp-json\/wp\/v2\/product"}],"about":[{"href":"https:\/\/tivixiaomi.co\/en\/wp-json\/wp\/v2\/types\/product"}],"replies":[{"embeddable":true,"href":"https:\/\/tivixiaomi.co\/en\/wp-json\/wp\/v2\/comments?post=77385"}],"version-history":[{"count":1,"href":"https:\/\/tivixiaomi.co\/en\/wp-json\/wp\/v2\/product\/77385\/revisions"}],"predecessor-version":[{"id":77424,"href":"https:\/\/tivixiaomi.co\/en\/wp-json\/wp\/v2\/product\/77385\/revisions\/77424"}],"wp:featuredmedia":[{"embeddable":true,"href":"https:\/\/tivixiaomi.co\/en\/wp-json\/wp\/v2\/media\/77422"}],"wp:attachment":[{"href":"https:\/\/tivixiaomi.co\/en\/wp-json\/wp\/v2\/media?parent=77385"}],"wp:term":[{"taxonomy":"product_brand","embeddable":true,"href":"https:\/\/tivixiaomi.co\/en\/wp-json\/wp\/v2\/product_brand?post=77385"},{"taxonomy":"product_cat","embeddable":true,"href":"https:\/\/tivixiaomi.co\/en\/wp-json\/wp\/v2\/product_cat?post=77385"},{"taxonomy":"product_tag","embeddable":true,"href":"https:\/\/tivixiaomi.co\/en\/wp-json\/wp\/v2\/product_tag?post=77385"}],"curies":[{"name":"wp","href":"https:\/\/api.w.org\/{rel}","templated":true}]}}