{"id":77615,"date":"2024-09-10T03:05:16","date_gmt":"2024-09-09T20:05:16","guid":{"rendered":"https:\/\/tivixiaomi.co\/?post_type=product&#038;p=77615"},"modified":"2025-05-26T21:13:48","modified_gmt":"2025-05-26T14:13:48","slug":"redmi-max85-2025","status":"publish","type":"product","link":"https:\/\/tivixiaomi.co\/en\/tivi\/redmi-max85-2025\/","title":{"rendered":"Tivi Xiaomi Redmi Max 85 2025 Series m\u00e0n h\u00ecnh 4K 120Hz 3GB RAM v\u00e0 64GB Wi-Fi 6 Bluetooth 5.2"},"content":{"rendered":"<p>Xiaomi Redmi Max 85 2025 s\u1edf h\u1eefu m\u00e0n h\u00ecnh 4K v\u1edbi k\u00edch th\u01b0\u1edbc 85 inch v\u00e0 \u0111\u1ed9 ph\u00e2n gi\u1ea3i 3840\u00d72160, h\u1ed7 tr\u1ee3 t\u1ea7n s\u1ed1 qu\u00e9t 144Hz trong ch\u1ebf \u0111\u1ed9 ch\u01a1i game, mang l\u1ea1i tr\u1ea3i nghi\u1ec7m h\u00ecnh \u1ea3nh m\u01b0\u1ee3t m\u00e0 v\u00e0 gi\u1ea3m thi\u1ec3u hi\u1ec7n t\u01b0\u1ee3ng m\u1edd c\u0169ng nh\u01b0 b\u00f3ng ma. H\u01a1n n\u1eefa, s\u1ea3n ph\u1ea9m c\u00f2n \u0111\u01b0\u1ee3c trang b\u1ecb c\u00f4ng ngh\u1ec7 gi\u1ea3i m\u00e3 4K HDR v\u00e0 t\u00ednh n\u0103ng b\u00f9 \u0111\u1ed9ng MEMC 4K 120Hz, gi\u00fap n\u00e2ng cao \u0111\u1ed9 r\u00f5 n\u00e9t c\u1ee7a h\u00ecnh \u1ea3nh b\u1eb1ng c\u00e1ch gi\u1ea3m thi\u1ec3u hi\u1ec7n t\u01b0\u1ee3ng m\u1edd trong qu\u00e1 tr\u00ecnh chuy\u1ec3n \u0111\u1ed9ng.<\/p>\n<p><img fetchpriority=\"high\" decoding=\"async\" class=\"alignnone wp-image-75693 size-large\" src=\"https:\/\/tokoo.vn\/wp-content\/uploads\/2024\/09\/section-18-1024x409.jpg\" alt=\"\" width=\"1024\" height=\"409\" \/><\/p>\n<p>\u0110\u1ec3 \u0111\u1ea1t \u0111\u01b0\u1ee3c \u0111\u1ed9 ch\u00ednh x\u00e1c m\u00e0u \u0394E kho\u1ea3ng 2, t\u1ea5m n\u1ec1n c\u1ee7a TV \u0111\u00e3 \u0111\u01b0\u1ee3c hi\u1ec7u ch\u1ec9nh t\u1ea1i nh\u00e0 m\u00e1y, cho ph\u00e9p t\u00e1i hi\u1ec7n m\u00e0u s\u1eafc s\u1ed1ng \u0111\u1ed9ng v\u00e0 ch\u00e2n th\u1ef1c v\u1edbi kh\u1ea3 n\u0103ng hi\u1ec3n th\u1ecb l\u00ean \u0111\u1ebfn 1,07 t\u1ef7 m\u00e0u. G\u00f3c nh\u00ecn r\u1ed9ng 178\u00b0 \u0111\u1ea3m b\u1ea3o r\u1eb1ng ch\u1ea5t l\u01b0\u1ee3ng h\u00ecnh \u1ea3nh \u0111\u01b0\u1ee3c duy tr\u00ec \u0111\u1ed3ng nh\u1ea5t t\u1eeb nhi\u1ec1u g\u00f3c \u0111\u1ed9 kh\u00e1c nhau.<\/p>\n<p>TV s\u1edf h\u1eefu b\u1ed9 vi x\u1eed l\u00fd l\u00f5i t\u1ee9, c\u00f9ng v\u1edbi 3GB RAM v\u00e0 64GB b\u1ed9 nh\u1edb trong, \u0111\u00e1p \u1ee9ng t\u1ed1t nhu c\u1ea7u t\u1ea3i \u1ee9ng d\u1ee5ng v\u00e0 th\u1ef1c hi\u1ec7n \u0111a nhi\u1ec7m m\u1ed9t c\u00e1ch m\u01b0\u1ee3t m\u00e0. M\u1eabu Redmi Max 85 2025 h\u1ed7 tr\u1ee3 Wi-Fi 6, mang l\u1ea1i t\u1ed1c \u0111\u1ed9 internet nhanh h\u01a1n v\u00e0 \u0111\u1ed9 tr\u1ec5 th\u1ea5p h\u01a1n, c\u1ea3i thi\u1ec7n \u0111\u00e1ng k\u1ec3 tr\u1ea3i nghi\u1ec7m k\u1ebft n\u1ed1i. TV c\u0169ng \u0111\u01b0\u1ee3c trang b\u1ecb \u0111i\u1ec1u khi\u1ec3n t\u1eeb xa Bluetooth h\u1ed7 tr\u1ee3 gi\u1ecdng n\u00f3i v\u00e0 t\u00ednh n\u0103ng truy\u1ec1n NFC m\u1ed9t ch\u1ea1m, gi\u00fap ng\u01b0\u1eddi d\u00f9ng d\u1ec5 d\u00e0ng chia s\u1ebb n\u1ed9i dung t\u1eeb \u0111i\u1ec7n tho\u1ea1i th\u00f4ng minh.<\/p>\n<p><img decoding=\"async\" class=\"alignnone wp-image-75695 size-large\" src=\"https:\/\/tokoo.vn\/wp-content\/uploads\/2024\/09\/section-6-1024x600.jpg\" alt=\"\" width=\"1024\" height=\"600\" \/><\/p>\n<p>TV \u0111\u01b0\u1ee3c trang b\u1ecb h\u1ec7 \u0111i\u1ec1u h\u00e0nh HyperOS c\u1ee7a Xiaomi v\u00e0 c\u00f3 tr\u1ee3 l\u00fd \u1ea3o Xiao Ai, cho ph\u00e9p ng\u01b0\u1eddi d\u00f9ng \u0111i\u1ec1u khi\u1ec3n b\u1eb1ng gi\u1ecdng n\u00f3i t\u1eeb xa \u0111\u1ec3 qu\u1ea3n l\u00fd ph\u00e1t l\u1ea1i n\u1ed9i dung v\u00e0 c\u00e1c thi\u1ebft b\u1ecb th\u00f4ng minh trong nh\u00e0. Ng\u01b0\u1eddi d\u00f9ng c\u00f3 th\u1ec3 th\u1ef1c hi\u1ec7n c\u00e1c y\u00eau c\u1ea7u b\u1eb1ng gi\u1ecdng n\u00f3i, \u0111i\u1ec1u ch\u1ec9nh \u00e2m l\u01b0\u1ee3ng v\u00e0 ki\u1ec3m tra th\u1eddi ti\u1ebft m\u00e0 kh\u00f4ng c\u1ea7n ch\u1ea1m v\u00e0o \u0111i\u1ec1u khi\u1ec3n. H\u1ec7 th\u1ed1ng \u00e2m thanh v\u1edbi hai loa 10W v\u00e0 c\u00f4ng ngh\u1ec7 gi\u1ea3i m\u00e3 \u00e2m thanh DTS mang l\u1ea1i tr\u1ea3i nghi\u1ec7m \u00e2m thanh s\u1ed1ng \u0111\u1ed9ng v\u00e0 ch\u00e2n th\u1ef1c.<\/p>\n<p>Redmi Max 85 2025 mang \u0111\u1ebfn m\u1ed9t thi\u1ebft k\u1ebf hi\u1ec7n \u0111\u1ea1i v\u1edbi khung kim lo\u1ea1i v\u00e0 t\u1ef7 l\u1ec7 m\u00e0n h\u00ecnh so v\u1edbi th\u00e2n m\u00e1y l\u00ean t\u1edbi 98%. TV n\u00e0y c\u0169ng c\u00f3 nhi\u1ec1u t\u00f9y ch\u1ecdn k\u1ebft n\u1ed1i, bao g\u1ed3m hai c\u1ed5ng HDMI, hai c\u1ed5ng USB, Ethernet v\u00e0 Bluetooth 5.2.<\/p>\n<p>&nbsp;<\/p>\n","protected":false},"excerpt":{"rendered":"<ul>\n<li>m\u00e0n h\u00ecnh 4K 120Hz<\/li>\n<li>3GB RAM v\u00e0 64GB<\/li>\n<li>Wi-Fi 6 Bluetooth 5.2<\/li>\n<\/ul>\n","protected":false},"featured_media":77616,"comment_status":"open","ping_status":"closed","template":"","meta":[],"product_brand":[],"product_cat":[273],"product_tag":[804],"class_list":{"0":"post-77615","1":"product","2":"type-product","3":"status-publish","4":"has-post-thumbnail","6":"product_cat-tivi-xiaomi-redmi","7":"product_tag-made-in-china","9":"first","10":"instock","11":"sale","12":"shipping-taxable","13":"purchasable","14":"product-type-simple"},"_links":{"self":[{"href":"https:\/\/tivixiaomi.co\/en\/wp-json\/wp\/v2\/product\/77615"}],"collection":[{"href":"https:\/\/tivixiaomi.co\/en\/wp-json\/wp\/v2\/product"}],"about":[{"href":"https:\/\/tivixiaomi.co\/en\/wp-json\/wp\/v2\/types\/product"}],"replies":[{"embeddable":true,"href":"https:\/\/tivixiaomi.co\/en\/wp-json\/wp\/v2\/comments?post=77615"}],"version-history":[{"count":3,"href":"https:\/\/tivixiaomi.co\/en\/wp-json\/wp\/v2\/product\/77615\/revisions"}],"predecessor-version":[{"id":77909,"href":"https:\/\/tivixiaomi.co\/en\/wp-json\/wp\/v2\/product\/77615\/revisions\/77909"}],"wp:featuredmedia":[{"embeddable":true,"href":"https:\/\/tivixiaomi.co\/en\/wp-json\/wp\/v2\/media\/77616"}],"wp:attachment":[{"href":"https:\/\/tivixiaomi.co\/en\/wp-json\/wp\/v2\/media?parent=77615"}],"wp:term":[{"taxonomy":"product_brand","embeddable":true,"href":"https:\/\/tivixiaomi.co\/en\/wp-json\/wp\/v2\/product_brand?post=77615"},{"taxonomy":"product_cat","embeddable":true,"href":"https:\/\/tivixiaomi.co\/en\/wp-json\/wp\/v2\/product_cat?post=77615"},{"taxonomy":"product_tag","embeddable":true,"href":"https:\/\/tivixiaomi.co\/en\/wp-json\/wp\/v2\/product_tag?post=77615"}],"curies":[{"name":"wp","href":"https:\/\/api.w.org\/{rel}","templated":true}]}}