{"id":77802,"date":"2025-05-02T23:40:08","date_gmt":"2025-05-02T16:40:08","guid":{"rendered":"https:\/\/tivixiaomi.co\/?post_type=product&#038;p=77802"},"modified":"2025-05-24T14:45:17","modified_gmt":"2025-05-24T07:45:17","slug":"xiaomi-tv-a-43-2026-series","status":"publish","type":"product","link":"https:\/\/tivixiaomi.co\/en\/tivi\/xiaomi-tv-a-43-2026-series\/","title":{"rendered":"Xiaomi TV A 43 2026 Series"},"content":{"rendered":"<h2>Xiaomi TV A 43 2026 \u2013 Tr\u1ea3i nghi\u1ec7m Gi\u1ea3i tr\u00ed Cao C\u1ea5p Trong T\u1ea7m Tay<\/h2>\n<p>M\u00e0n h\u00ecnh b\u1ea3o v\u1ec7 m\u1eaft 4K \u2013 B\u00f9ng n\u1ed5 th\u1ecb gi\u00e1c, nh\u1eb9 nh\u00e0ng cho \u0111\u00f4i m\u1eaft<br \/>\nXiaomi TV A 43 2026 s\u1edf h\u1eefu m\u00e0n h\u00ecnh \u0111\u1ed9 ph\u00e2n gi\u1ea3i 4K Ultra HD (3840 x 2160), mang \u0111\u1ebfn h\u00ecnh \u1ea3nh s\u1eafc n\u00e9t v\u00e0 chi ti\u1ebft. V\u1edbi c\u00f4ng ngh\u1ec7 l\u1ecdc \u00e1nh s\u00e1ng xanh v\u00e0 DC Dimming, Xiaomi TV A 43 2026 gi\u00fap gi\u1ea3m m\u1ecfi m\u1eaft khi xem trong th\u1eddi gian d\u00e0i, \u0111\u1eb7c bi\u1ec7t ph\u00f9 h\u1ee3p cho c\u1ea3 gia \u0111\u00ecnh.<\/p>\n<p><img fetchpriority=\"high\" decoding=\"async\" class=\"alignnone wp-image-80106 size-large\" src=\"https:\/\/tokoo.vn\/wp-content\/uploads\/2025\/04\/we4xr578t6yhbunjm567-1024x552.jpg\" alt=\"Xiaomi TV A 43 2026\" width=\"1024\" height=\"552\" \/><\/p>\n<h3>C\u00f4ng ngh\u1ec7 HDR v\u00e0 MEMC \u2013 H\u00ecnh \u1ea3nh s\u1ed1ng \u0111\u1ed9ng, chuy\u1ec3n \u0111\u1ed9ng m\u01b0\u1ee3t m\u00e0<\/h3>\n<p>H\u1ed7 tr\u1ee3 HDR10 v\u00e0 HLG, k\u1ebft h\u1ee3p v\u1edbi c\u00f4ng ngh\u1ec7 MEMC (Motion Estimation, Motion Compensation), TV t\u0103ng c\u01b0\u1eddng \u0111\u1ed9 t\u01b0\u01a1ng ph\u1ea3n v\u00e0 t\u00e1i hi\u1ec7n chuy\u1ec3n \u0111\u1ed9ng m\u01b0\u1ee3t m\u00e0, \u0111\u1eb7c bi\u1ec7t l\u00fd t\u01b0\u1edfng cho c\u00e1c n\u1ed9i dung th\u1ec3 thao, phim h\u00e0nh \u0111\u1ed9ng ho\u1eb7c ch\u01a1i game.<\/p>\n<p><img decoding=\"async\" class=\"alignnone wp-image-80107 size-large\" src=\"https:\/\/tokoo.vn\/wp-content\/uploads\/2025\/04\/Screenshot-2025-05-14-at-17-45-46-Xiaomi-TV-A-43-2026-Xiaomi-Viet-Nam-1024x467.png\" alt=\"C\u00f4ng ngh\u1ec7 HDR v\u00e0 MEMC \u2013 H\u00ecnh \u1ea3nh s\u1ed1ng \u0111\u1ed9ng, chuy\u1ec3n \u0111\u1ed9ng m\u01b0\u1ee3t m\u00e0\" width=\"1024\" height=\"467\" \/><\/p>\n<h3>M\u1ecdi n\u1ed9i dung \u2013 Tr\u00ean m\u1ed9t m\u00e0n h\u00ecnh duy nh\u1ea5t<\/h3>\n<p>S\u1eed d\u1ee5ng h\u1ec7 \u0111i\u1ec1u h\u00e0nh Google TV\u2122, ng\u01b0\u1eddi d\u00f9ng d\u1ec5 d\u00e0ng truy c\u1eadp v\u00e0 qu\u1ea3n l\u00fd t\u1ea5t c\u1ea3 n\u1ed9i dung t\u1eeb c\u00e1c n\u1ec1n t\u1ea3ng ph\u1ed5 bi\u1ebfn nh\u01b0 YouTube, Netflix, FPT Play, VieON, Galaxy Play&#8230; t\u1ea1i m\u1ed9t n\u01a1i duy nh\u1ea5t. H\u1ed7 tr\u1ee3 t\u00ecm ki\u1ebfm b\u1eb1ng gi\u1ecdng n\u00f3i v\u1edbi Google Assistant t\u00edch h\u1ee3p tr\u00ean remote \u0111i\u1ec1u khi\u1ec3n.<\/p>\n<p><img decoding=\"async\" class=\"alignnone wp-image-80050 size-large\" src=\"https:\/\/tokoo.vn\/wp-content\/uploads\/2025\/04\/TVFY25_UH_Smart_1linkintro-image-d-1024x438.webp\" alt=\"Google TV\u2122\" width=\"1024\" height=\"438\" \/><\/p>\n<h3>\u00c2m thanh v\u00f2m s\u1ed1ng \u0111\u1ed9ng \u2013 Dolby Audio\u2122 &amp; DTS:X<\/h3>\n<p>Tr\u1ea3i nghi\u1ec7m \u00e2m thanh nh\u01b0 t\u1ea1i r\u1ea1p v\u1edbi s\u1ef1 k\u1ebft h\u1ee3p c\u1ee7a c\u00e1c c\u00f4ng ngh\u1ec7 h\u00e0ng \u0111\u1ea7u: Dolby Audio\u2122:<\/p>\n<p>T\u00e1i hi\u1ec7n \u00e2m thanh trung th\u1ef1c, r\u00f5 r\u00e0ng. DTS:X v\u00e0 DTS Virtual:X:<\/p>\n<p>M\u00f4 ph\u1ecfng kh\u00f4ng gian \u00e2m thanh v\u00f2m ba chi\u1ec1u, cho c\u1ea3m gi\u00e1c \u0111\u1eafm ch\u00ecm tuy\u1ec7t v\u1eddi trong t\u1eebng th\u01b0\u1edbc phim.<\/p>\n<p><img loading=\"lazy\" decoding=\"async\" class=\"alignnone wp-image-80108 size-large\" src=\"https:\/\/tokoo.vn\/wp-content\/uploads\/2025\/04\/eeb565847ad5493eaa0f5ea8df921908-1024x511.png\" alt=\"Dolby Audio &amp; DTS:X\" width=\"1024\" height=\"511\" \/><\/p>\n<p>Thi\u1ebft k\u1ebf kim lo\u1ea1i cao c\u1ea5p \u2013 Khung vi\u1ec1n si\u00eau m\u1ecfng<br \/>\nXiaomi TV A 43 2026 g\u00e2y \u1ea5n t\u01b0\u1ee3ng v\u1edbi b\u1ec1 m\u1eb7t kim lo\u1ea1i sang tr\u1ecdng, khung vi\u1ec1n si\u00eau m\u1ecfng, t\u1ed1i \u01b0u kh\u00f4ng gian hi\u1ec3n th\u1ecb, h\u00f2a h\u1ee3p ho\u00e0n h\u1ea3o v\u1edbi m\u1ecdi kh\u00f4ng gian n\u1ed9i th\u1ea5t hi\u1ec7n \u0111\u1ea1i.<\/p>\n<p><!--more--><\/p>\n<table>\n<thead>\n<tr>\n<th>T\u00ednh n\u0103ng<\/th>\n<th>Chi ti\u1ebft<\/th>\n<\/tr>\n<\/thead>\n<tbody>\n<tr>\n<td>K\u00edch th\u01b0\u1edbc m\u00e0n h\u00ecnh<\/td>\n<td>43 inch<\/td>\n<\/tr>\n<tr>\n<td>\u0110\u1ed9 ph\u00e2n gi\u1ea3i<\/td>\n<td>4K UHD (3840 \u00d7 2160)<\/td>\n<\/tr>\n<tr>\n<td>C\u00f4ng ngh\u1ec7 h\u00ecnh \u1ea3nh<\/td>\n<td>HDR10, HLG, MEMC<\/td>\n<\/tr>\n<tr>\n<td>\u00c2m thanh<\/td>\n<td>2 loa c\u00f4ng su\u1ea5t 10W, h\u1ed7 tr\u1ee3 Dolby Audio\u2122, DTS:X, DTS Virtual:X<\/td>\n<\/tr>\n<tr>\n<td>H\u1ec7 \u0111i\u1ec1u h\u00e0nh<\/td>\n<td>Google TV<\/td>\n<\/tr>\n<tr>\n<td>K\u1ebft n\u1ed1i kh\u00f4ng d\u00e2y<\/td>\n<td>Wi-Fi 2.4GHz\/5GHz, Bluetooth 5.0<\/td>\n<\/tr>\n<tr>\n<td>C\u1ed5ng k\u1ebft n\u1ed1i<\/td>\n<td>&#8211; HDMI x 3 &#8211; USB 2.0 x 1 &#8211; Ethernet (LAN) x 1 &#8211; Composite In (AV) &#8211; Optical x 1<\/td>\n<\/tr>\n<tr>\n<td>Thi\u1ebft k\u1ebf<\/td>\n<td>Khung kim lo\u1ea1i vi\u1ec1n m\u1ecfng, ki\u1ec3u d\u00e1ng hi\u1ec7n \u0111\u1ea1i<\/td>\n<\/tr>\n<tr>\n<td>\u0110i\u1ec1u khi\u1ec3n<\/td>\n<td>Remote Bluetooth 360\u00b0 t\u00edch h\u1ee3p gi\u1ecdng n\u00f3i<\/td>\n<\/tr>\n<\/tbody>\n<\/table>\n","protected":false},"excerpt":{"rendered":"<ul>\n<li>D\u00f2ng A 2026 Series<\/li>\n<li>M\u00e0n h\u00ecnh: 43&#8243; UHD<\/li>\n<li>RAM: 2 GB<\/li>\n<li>B\u1ed9 nh\u1edb: 8 GB<\/li>\n<\/ul>\n","protected":false},"featured_media":77810,"comment_status":"open","ping_status":"closed","template":"","meta":[],"product_brand":[],"product_cat":[812],"product_tag":[],"class_list":{"0":"post-77802","1":"product","2":"type-product","3":"status-publish","4":"has-post-thumbnail","6":"product_cat-xiaomi-tv-a-2026-series","8":"first","9":"instock","10":"sale","11":"shipping-taxable","12":"purchasable","13":"product-type-simple"},"_links":{"self":[{"href":"https:\/\/tivixiaomi.co\/en\/wp-json\/wp\/v2\/product\/77802"}],"collection":[{"href":"https:\/\/tivixiaomi.co\/en\/wp-json\/wp\/v2\/product"}],"about":[{"href":"https:\/\/tivixiaomi.co\/en\/wp-json\/wp\/v2\/types\/product"}],"replies":[{"embeddable":true,"href":"https:\/\/tivixiaomi.co\/en\/wp-json\/wp\/v2\/comments?post=77802"}],"version-history":[{"count":2,"href":"https:\/\/tivixiaomi.co\/en\/wp-json\/wp\/v2\/product\/77802\/revisions"}],"predecessor-version":[{"id":77906,"href":"https:\/\/tivixiaomi.co\/en\/wp-json\/wp\/v2\/product\/77802\/revisions\/77906"}],"wp:featuredmedia":[{"embeddable":true,"href":"https:\/\/tivixiaomi.co\/en\/wp-json\/wp\/v2\/media\/77810"}],"wp:attachment":[{"href":"https:\/\/tivixiaomi.co\/en\/wp-json\/wp\/v2\/media?parent=77802"}],"wp:term":[{"taxonomy":"product_brand","embeddable":true,"href":"https:\/\/tivixiaomi.co\/en\/wp-json\/wp\/v2\/product_brand?post=77802"},{"taxonomy":"product_cat","embeddable":true,"href":"https:\/\/tivixiaomi.co\/en\/wp-json\/wp\/v2\/product_cat?post=77802"},{"taxonomy":"product_tag","embeddable":true,"href":"https:\/\/tivixiaomi.co\/en\/wp-json\/wp\/v2\/product_tag?post=77802"}],"curies":[{"name":"wp","href":"https:\/\/api.w.org\/{rel}","templated":true}]}}