{"id":77803,"date":"2025-05-02T23:40:08","date_gmt":"2025-05-02T16:40:08","guid":{"rendered":"https:\/\/tivixiaomi.co\/?post_type=product&#038;p=77803"},"modified":"2025-05-24T14:28:24","modified_gmt":"2025-05-24T07:28:24","slug":"xiaomi-tv-a-55-2026-series","status":"publish","type":"product","link":"https:\/\/tivixiaomi.co\/en\/tivi\/xiaomi-tv-a-55-2026-series\/","title":{"rendered":"Xiaomi TV A 55 2026 Series"},"content":{"rendered":"<p>Xiaomi TV A 55 2026 mang \u0111\u1ebfn tr\u1ea3i nghi\u1ec7m gi\u1ea3i tr\u00ed \u0111\u1ec9nh cao v\u1edbi t\u1ed1c \u0111\u1ed9 l\u00e0m m\u1edbi 120Hz \u1edf ch\u1ebf \u0111\u1ed9 Game Boost qua HDMI, gi\u00fap h\u00ecnh \u1ea3nh m\u01b0\u1ee3t m\u00e0 v\u00e0 s\u1eafc n\u00e9t trong t\u1eebng chuy\u1ec3n \u0111\u1ed9ng. Thi\u1ebft k\u1ebf vi\u1ec1n si\u00eau m\u1ecfng c\u00f9ng ch\u1ea5t li\u1ec7u kim lo\u1ea1i sang tr\u1ecdng kh\u00f4ng ch\u1ec9 t\u1ea1o n\u00ean v\u1ebb \u0111\u1eb9p hi\u1ec7n \u0111\u1ea1i m\u00e0 c\u00f2n n\u00e2ng t\u1ea7m kh\u00f4ng gian s\u1ed1ng c\u1ee7a b\u1ea1n. \u00c2m thanh s\u1ed1ng \u0111\u1ed9ng v\u1edbi c\u00f4ng ngh\u1ec7 Dolby Audio, DTS:X v\u00e0 DTS Virtual:X1 s\u1ebd \u0111\u01b0a b\u1ea1n v\u00e0o th\u1ebf gi\u1edbi \u00e2m thanh ch\u00e2n th\u1ef1c, s\u1ed1ng \u0111\u1ed9ng nh\u01b0 th\u1eadt.<\/p>\n<p><img fetchpriority=\"high\" decoding=\"async\" class=\"alignnone wp-image-80111 size-large\" src=\"https:\/\/tokoo.vn\/wp-content\/uploads\/2025\/04\/497437941_1117409410416445_3330091815555041209_n-1024x512.jpg\" alt=\"Xiaomi TV A 55 2026\" width=\"1024\" height=\"512\" \/><\/p>\n<h3>M\u00e0n h\u00ecnh Xiaomi TV A 55 2026:<\/h3>\n<ul>\n<li>55 inch \u0110\u1ed9 ph\u00e2n gi\u1ea3i: 4K UHD (3840 \u00d7 2160)<\/li>\n<li>\u0110\u1ed9 s\u00e2u m\u00e0u: 1,07 t\u1ef7 m\u00e0u<\/li>\n<li>T\u1ed1c \u0111\u1ed9 l\u00e0m m\u1edbi: 60Hz<\/li>\n<li>C\u00f4ng ngh\u1ec7 MEMC: H\u1ed7 tr\u1ee3 l\u00e0m m\u01b0\u1ee3t chuy\u1ec3n \u0111\u1ed9ng, gi\u1ea3m hi\u1ec7u \u1ee9ng nh\u00f2e v\u00e0 rung trong c\u00e1c c\u1ea3nh chuy\u1ec3n \u0111\u1ed9ng nhanh<\/li>\n<li>G\u00f3c nh\u00ecn: 178\u00b0 (ngang) \/ 178\u00b0 (d\u1ecdc)<\/li>\n<li>H\u1ed7 tr\u1ee3 HDR: HDR10 v\u00e0 HLG, t\u0103ng c\u01b0\u1eddng \u0111\u1ed9 t\u01b0\u01a1ng ph\u1ea3n v\u00e0 chi ti\u1ebft h\u00ecnh \u1ea3nh<\/li>\n<\/ul>\n<p><img decoding=\"async\" class=\"alignnone wp-image-80112 size-large\" src=\"https:\/\/tokoo.vn\/wp-content\/uploads\/2025\/04\/497444438_1116675903823129_916402466715069724_n-1024x512.jpg\" alt=\"Xiaomi TV A 55 2026\" width=\"1024\" height=\"512\" \/><\/p>\n<p>Xiaomi TV A 55 2026 T\u00edch h\u1ee3p h\u1ec7 \u0111i\u1ec1u h\u00e0nh Google TV, cho ph\u00e9p b\u1ea1n d\u1ec5 d\u00e0ng truy c\u1eadp v\u00e0o h\u00e0ng tri\u1ec7u n\u1ed9i dung t\u1eeb Netflix, Prime Video v\u00e0 YouTube \u0111\u00e3 \u0111\u01b0\u1ee3c c\u00e0i s\u1eb5n. Google Assistant, b\u1ea1n c\u00f3 th\u1ec3 \u0111i\u1ec1u khi\u1ec3n TV b\u1eb1ng gi\u1ecdng n\u00f3i, trong khi t\u00ednh n\u0103ng Google Cast, Miracast v\u00e0 Apple Airplay gi\u00fap b\u1ea1n d\u1ec5 d\u00e0ng chia s\u1ebb n\u1ed9i dung t\u1eeb thi\u1ebft b\u1ecb di \u0111\u1ed9ng. \u0110\u1eb7c bi\u1ec7t, ch\u1ebf \u0111\u1ed9 l\u00e0m phim h\u1ed7 tr\u1ee3 t\u1ed1i \u01b0u h\u00f3a h\u00ecnh \u1ea3nh, mang \u0111\u1ebfn nh\u1eefng gi\u00e2y ph\u00fat th\u01b0\u1edfng th\u1ee9c \u0111i\u1ec7n \u1ea3nh ch\u00e2n th\u1ef1c ngay t\u1ea1i nh\u00e0.<\/p>\n<p>V\u1edbi CPU Quad Cortex-A55 m\u1ea1nh m\u1ebd v\u00e0 GPU Mali G52 MC1, b\u1ea1n s\u1ebd c\u00f3 tr\u1ea3i nghi\u1ec7m h\u00ecnh \u1ea3nh s\u1eafc n\u00e9t v\u00e0 m\u01b0\u1ee3t m\u00e0. RAM 2 GB v\u00e0 b\u1ed9 nh\u1edb 8 GB gi\u00fap b\u1ea1n d\u1ec5 d\u00e0ng l\u01b0u tr\u1eef c\u00e1c \u1ee9ng d\u1ee5ng.<\/p>\n<h3>K\u1ebft n\u1ed1i Xiaomi TV A 55 2026:<\/h3>\n<ul>\n<li>Wi-Fi 2.4GHz\/5GHz<\/li>\n<li>Bluetooth 5.0<\/li>\n<li>H\u1ec7 th\u1ed1ng ph\u00e1t s\u00f3ng : DVB-T2\/C,DVB-S23<\/li>\n<li>C\u1ed5ng k\u1ebft n\u1ed1i &#8211; HDMI x 3<\/li>\n<li>USB 2.0 x 1<\/li>\n<li>Ethernet (LAN) x 1<\/li>\n<li>Composite In (AV)<\/li>\n<li>Optical x 1<\/li>\n<\/ul>\n<p>N\u1ebfu b\u1ea1n quan t\u00e2m \u0111\u1ebfn ch\u1ea5t l\u01b0\u1ee3ng h\u00ecnh \u1ea3nh cao h\u01a1n, phi\u00ean b\u1ea3n <a href=\"https:\/\/tivixiaomi.co\/tivi\/xiaomi-tv-a-pro-55-2026-series\/\">Xiaomi TV A Pro 55 2026<\/a> s\u1eed d\u1ee5ng t\u1ea5m n\u1ec1n QLED v\u1edbi \u0111\u1ed9 ph\u1ee7 m\u00e0u DCI-P3 \u0111\u1ea1t 94%, mang l\u1ea1i m\u00e0u s\u1eafc s\u1ed1ng \u0111\u1ed9ng v\u00e0 ch\u00ednh x\u00e1c h\u01a1n. Tuy nhi\u00ean, m\u1ee9c gi\u00e1 c\u1ee7a phi\u00ean b\u1ea3n Pro s\u1ebd cao h\u01a1n so v\u1edbi phi\u00ean b\u1ea3n ti\u00eau chu\u1ea9n.<\/p>\n","protected":false},"excerpt":{"rendered":"<ul>\n<li>D\u00f2ng A 2026 Series<\/li>\n<li>M\u00e0n h\u00ecnh: 55\u2033 UHD<\/li>\n<li>RAM: 2 GB<\/li>\n<li>B\u1ed9 nh\u1edb: 8 GB<\/li>\n<\/ul>\n","protected":false},"featured_media":77810,"comment_status":"open","ping_status":"closed","template":"","meta":[],"product_brand":[],"product_cat":[812],"product_tag":[],"class_list":{"0":"post-77803","1":"product","2":"type-product","3":"status-publish","4":"has-post-thumbnail","6":"product_cat-xiaomi-tv-a-2026-series","8":"first","9":"instock","10":"sale","11":"shipping-taxable","12":"purchasable","13":"product-type-simple"},"_links":{"self":[{"href":"https:\/\/tivixiaomi.co\/en\/wp-json\/wp\/v2\/product\/77803"}],"collection":[{"href":"https:\/\/tivixiaomi.co\/en\/wp-json\/wp\/v2\/product"}],"about":[{"href":"https:\/\/tivixiaomi.co\/en\/wp-json\/wp\/v2\/types\/product"}],"replies":[{"embeddable":true,"href":"https:\/\/tivixiaomi.co\/en\/wp-json\/wp\/v2\/comments?post=77803"}],"version-history":[{"count":3,"href":"https:\/\/tivixiaomi.co\/en\/wp-json\/wp\/v2\/product\/77803\/revisions"}],"predecessor-version":[{"id":77905,"href":"https:\/\/tivixiaomi.co\/en\/wp-json\/wp\/v2\/product\/77803\/revisions\/77905"}],"wp:featuredmedia":[{"embeddable":true,"href":"https:\/\/tivixiaomi.co\/en\/wp-json\/wp\/v2\/media\/77810"}],"wp:attachment":[{"href":"https:\/\/tivixiaomi.co\/en\/wp-json\/wp\/v2\/media?parent=77803"}],"wp:term":[{"taxonomy":"product_brand","embeddable":true,"href":"https:\/\/tivixiaomi.co\/en\/wp-json\/wp\/v2\/product_brand?post=77803"},{"taxonomy":"product_cat","embeddable":true,"href":"https:\/\/tivixiaomi.co\/en\/wp-json\/wp\/v2\/product_cat?post=77803"},{"taxonomy":"product_tag","embeddable":true,"href":"https:\/\/tivixiaomi.co\/en\/wp-json\/wp\/v2\/product_tag?post=77803"}],"curies":[{"name":"wp","href":"https:\/\/api.w.org\/{rel}","templated":true}]}}